{"id":842,"date":"2020-04-23T18:47:18","date_gmt":"2020-04-23T18:47:18","guid":{"rendered":"https:\/\/ave-eta-canada.com\/complete-el-formulario-eta-para-canada\/"},"modified":"2022-05-14T16:40:20","modified_gmt":"2022-05-14T16:40:20","slug":"complete-el-formulario-eta-para-canada","status":"publish","type":"page","link":"https:\/\/ave-eta-canada.com\/es\/complete-el-formulario-eta-para-canada\/","title":{"rendered":"Complete el formulario eTA para Canad\u00e1"},"content":{"rendered":"\n<h1 class=\"wp-block-heading\">\u00bfC\u00f3mo completar el formulario eTA para Canad\u00e1?<\/h1>\n\n<p>Para viajar a Canad\u00e1 ya no es necesario obtener una visa canadiense. Todo lo que necesita hacer es obtener una Autorizaci\u00f3n Electr\u00f3nica de Viaje (eTA) a trav\u00e9s de Internet. <\/p>\n\n<p><strong>Para una estad\u00eda de menos de 6 meses en Canad\u00e1<\/strong> : Puede realizar los tr\u00e1mites para ingresar a Canad\u00e1 directamente a trav\u00e9s de Internet haciendo clic en el <a href=\"https:\/\/ave-eta-canada.com\/es\/formulario-de-eta-canada-en-linea\/\">formulario en l\u00ednea<\/a>. No es necesario obtener una cita en la embajada o consulado canadiense.<\/p>\n\n<p>Para realizar la solicitud, debe completar correctamente el formulario eTA para Canad\u00e1. Es importante, en primer lugar, determinar si puede beneficiarse de este dispositivo y, en segundo lugar, saber c\u00f3mo completar el formulario de solicitud de eTA para su viaje a Canad\u00e1.<br\/><\/p>\n\n<h2 class=\"wp-block-heading\">\u00bfSe puede completar el formulario electr\u00f3nico de autorizaci\u00f3n de viaje para Canad\u00e1?<\/h2>\n\n<p>El gobierno canadiense ha implementado un <a href=\"https:\/\/ave-eta-canada.com\/es\/es-esencial-una-visa-para-viajar-a-canada\/\">programa de exenci\u00f3n de visa<\/a> . Este es un formulario electr\u00f3nico de autorizaci\u00f3n de viaje cuyo objetivo es facilitar los tr\u00e1mites administrativos a los viajeros que deseen visitar Canad\u00e1. Este pase no permite la expatriaci\u00f3n a Canad\u00e1, ni estudiar o trabajar all\u00ed, simplemente te permite permanecer all\u00ed sin tener que solicitar una visa para una estad\u00eda tur\u00edstica o un viaje de negocios. Para descubrir la vida en Canad\u00e1 con el eTA, debes cumplir ciertos requisitos:<\/p>\n\n<ul class=\"wp-block-list\"><li>solo son elegibles los nacionales de los pa\u00edses miembros de este sistema (puede encontrar f\u00e1cilmente la lista de pa\u00edses interesados en Internet);<\/li><li>la estancia debe ser temporal, es decir menos de 6 meses;<\/li><li>la llegada a territorio canadiense debe ser por v\u00eda a\u00e9rea;<\/li><li>su pasaporte debe ser v\u00e1lido, con un per\u00edodo de validez restante recomendado de 6 meses.<br\/><br\/><\/li><\/ul>\n\n<h2 class=\"wp-block-heading\">Complete el formulario de solicitud de eTA para Canad\u00e1<\/h2>\n\n<p>El formulario de solicitud de eTA <a href=\"https:\/\/ave-eta-canada.com\/es\/noticias-noticias-eta\/\">para Canad\u00e1<\/a> no existe en formato papel. Por lo tanto, los viajeros deben completar el formulario en l\u00ednea que se divide en varias partes.<\/p>\n\n<p>Se le solicita mucha informaci\u00f3n personal sobre su trabajo, direcci\u00f3n, las fechas de su viaje (informaci\u00f3n opcional), estado de salud y antecedentes penales. Aseg\u00farese de responder las preguntas del formulario de <a href=\"https:\/\/ave-eta-canada.com\/es\/hacer-una-solicitud-oficial-de-eta-canada\/\">solicitud de la eTA de Canad\u00e1 de<\/a> manera honesta, correcta y, sobre todo, con mucho cuidado, porque si comete un error, es posible que no reciba la autorizaci\u00f3n.<\/p>\n\n<p>Se le pide que firme electr\u00f3nicamente el formulario escribiendo su nombre. Para finalizar su formulario de solicitud de eTA para Canad\u00e1, debe pagar la suma de 7 d\u00f3lares canadienses.<\/p>\n\n<p>La solicitud se puede realizar en el sitio web oficial del gobierno canadiense o en uno de los sitios privados que ofrecen completar esta solicitud por usted. La solicitud se simplifica y por lo tanto es m\u00e1s r\u00e1pida.<br\/><br\/><\/p>\n\n<h2 class=\"wp-block-heading\">Reciba su eTA de Canad\u00e1 despu\u00e9s de completar el formulario<\/h2>\n\n<p>En cuanto a la <a href=\"https:\/\/ave-eta-canada.com\/es\/cual-es-la-fecha-limite-para-obtener-el-eta-canada\/\">obtenci\u00f3n del eTA<\/a>, recibes una devoluci\u00f3n directamente por v\u00eda electr\u00f3nica a la direcci\u00f3n de correo electr\u00f3nico facilitada durante la solicitud. Las autoridades canadienses le enviar\u00e1n 2 correos electr\u00f3nicos: el primero es un acuse de recibo de su solicitud, el segundo la respuesta a la misma.<\/p>\n\n<p>Tenga en cuenta que la autorizaci\u00f3n de viaje electr\u00f3nica para Canad\u00e1 tiene una validez de cinco a\u00f1os (a menos que cambie su pasaporte mientras tanto), lo que le permite renovar su viaje para descubrir otras regiones o redescubrir lugares que ha apreciado.<\/p>\n\n<p>Esperamos que nuestros consejos para completar el formulario de <a href=\"https:\/\/ave-eta-canada.com\/es\/\">solicitud de eTA<\/a> para Canad\u00e1 le hayan ayudado.<\/p>\n","protected":false},"excerpt":{"rendered":"<p>\u00bfC\u00f3mo completar el formulario eTA para Canad\u00e1? Para viajar a Canad\u00e1 ya no es necesario obtener una visa canadiense. Todo lo que necesita hacer es obtener una Autorizaci\u00f3n Electr\u00f3nica de Viaje (eTA) a trav\u00e9s de Internet. Para una estad\u00eda de menos de 6 meses en Canad\u00e1 : Puede realizar los tr\u00e1mites para ingresar a Canad\u00e1 [&hellip;]<\/p>\n","protected":false},"author":1,"featured_media":0,"parent":0,"menu_order":0,"comment_status":"closed","ping_status":"closed","template":"","meta":{"footnotes":""},"class_list":["post-842","page","type-page","status-publish","hentry"],"yoast_head":"<!-- This site is optimized with the Yoast SEO plugin v26.9 - https:\/\/yoast.com\/product\/yoast-seo-wordpress\/ -->\n<title>Complete el formulario eTA para Canad\u00e1<\/title>\n<meta name=\"description\" content=\"\u00bfQuieres ir a Canad\u00e1? \u00a1Nuestro equipo de expertos explica c\u00f3mo solicitar y completar el formulario eTA de Canad\u00e1 correctamente!\" \/>\n<meta name=\"robots\" content=\"index, follow, max-snippet:-1, max-image-preview:large, max-video-preview:-1\" \/>\n<link rel=\"canonical\" href=\"https:\/\/ave-eta-canada.com\/es\/complete-el-formulario-eta-para-canada\/\" \/>\n<meta property=\"og:locale\" content=\"es_ES\" \/>\n<meta property=\"og:type\" content=\"article\" \/>\n<meta property=\"og:title\" content=\"Complete el formulario eTA para Canad\u00e1\" \/>\n<meta property=\"og:description\" content=\"\u00bfQuieres ir a Canad\u00e1? \u00a1Nuestro equipo de expertos explica c\u00f3mo solicitar y completar el formulario eTA de Canad\u00e1 correctamente!\" \/>\n<meta property=\"og:url\" content=\"https:\/\/ave-eta-canada.com\/es\/complete-el-formulario-eta-para-canada\/\" \/>\n<meta property=\"og:site_name\" content=\"VISA CANAD\u00c1\" \/>\n<meta property=\"article:modified_time\" content=\"2022-05-14T16:40:20+00:00\" \/>\n<meta name=\"twitter:card\" content=\"summary_large_image\" \/>\n<meta name=\"twitter:label1\" content=\"Tiempo de lectura\" \/>\n\t<meta name=\"twitter:data1\" content=\"3 minutos\" \/>\n<script type=\"application\/ld+json\" class=\"yoast-schema-graph\">{\"@context\":\"https:\/\/schema.org\",\"@graph\":[{\"@type\":\"WebPage\",\"@id\":\"https:\/\/ave-eta-canada.com\/es\/complete-el-formulario-eta-para-canada\/\",\"url\":\"https:\/\/ave-eta-canada.com\/es\/complete-el-formulario-eta-para-canada\/\",\"name\":\"Complete el formulario eTA para Canad\u00e1\",\"isPartOf\":{\"@id\":\"https:\/\/ave-eta-canada.com\/es\/#website\"},\"datePublished\":\"2020-04-23T18:47:18+00:00\",\"dateModified\":\"2022-05-14T16:40:20+00:00\",\"description\":\"\u00bfQuieres ir a Canad\u00e1? \u00a1Nuestro equipo de expertos explica c\u00f3mo solicitar y completar el formulario eTA de Canad\u00e1 correctamente!\",\"breadcrumb\":{\"@id\":\"https:\/\/ave-eta-canada.com\/es\/complete-el-formulario-eta-para-canada\/#breadcrumb\"},\"inLanguage\":\"es\",\"potentialAction\":[{\"@type\":\"ReadAction\",\"target\":[\"https:\/\/ave-eta-canada.com\/es\/complete-el-formulario-eta-para-canada\/\"]}]},{\"@type\":\"BreadcrumbList\",\"@id\":\"https:\/\/ave-eta-canada.com\/es\/complete-el-formulario-eta-para-canada\/#breadcrumb\",\"itemListElement\":[{\"@type\":\"ListItem\",\"position\":1,\"name\":\"Home\",\"item\":\"https:\/\/ave-eta-canada.com\/es\/\"},{\"@type\":\"ListItem\",\"position\":2,\"name\":\"Complete el formulario eTA para Canad\u00e1\"}]},{\"@type\":\"WebSite\",\"@id\":\"https:\/\/ave-eta-canada.com\/es\/#website\",\"url\":\"https:\/\/ave-eta-canada.com\/es\/\",\"name\":\"VISA CANAD\u00c1\",\"description\":\"Autorisation Voyage Electronique\",\"potentialAction\":[{\"@type\":\"SearchAction\",\"target\":{\"@type\":\"EntryPoint\",\"urlTemplate\":\"https:\/\/ave-eta-canada.com\/es\/?s={search_term_string}\"},\"query-input\":{\"@type\":\"PropertyValueSpecification\",\"valueRequired\":true,\"valueName\":\"search_term_string\"}}],\"inLanguage\":\"es\"}]}<\/script>\n<!-- \/ Yoast SEO plugin. -->","yoast_head_json":{"title":"Complete el formulario eTA para Canad\u00e1","description":"\u00bfQuieres ir a Canad\u00e1? \u00a1Nuestro equipo de expertos explica c\u00f3mo solicitar y completar el formulario eTA de Canad\u00e1 correctamente!","robots":{"index":"index","follow":"follow","max-snippet":"max-snippet:-1","max-image-preview":"max-image-preview:large","max-video-preview":"max-video-preview:-1"},"canonical":"https:\/\/ave-eta-canada.com\/es\/complete-el-formulario-eta-para-canada\/","og_locale":"es_ES","og_type":"article","og_title":"Complete el formulario eTA para Canad\u00e1","og_description":"\u00bfQuieres ir a Canad\u00e1? \u00a1Nuestro equipo de expertos explica c\u00f3mo solicitar y completar el formulario eTA de Canad\u00e1 correctamente!","og_url":"https:\/\/ave-eta-canada.com\/es\/complete-el-formulario-eta-para-canada\/","og_site_name":"VISA CANAD\u00c1","article_modified_time":"2022-05-14T16:40:20+00:00","twitter_card":"summary_large_image","twitter_misc":{"Tiempo de lectura":"3 minutos"},"schema":{"@context":"https:\/\/schema.org","@graph":[{"@type":"WebPage","@id":"https:\/\/ave-eta-canada.com\/es\/complete-el-formulario-eta-para-canada\/","url":"https:\/\/ave-eta-canada.com\/es\/complete-el-formulario-eta-para-canada\/","name":"Complete el formulario eTA para Canad\u00e1","isPartOf":{"@id":"https:\/\/ave-eta-canada.com\/es\/#website"},"datePublished":"2020-04-23T18:47:18+00:00","dateModified":"2022-05-14T16:40:20+00:00","description":"\u00bfQuieres ir a Canad\u00e1? \u00a1Nuestro equipo de expertos explica c\u00f3mo solicitar y completar el formulario eTA de Canad\u00e1 correctamente!","breadcrumb":{"@id":"https:\/\/ave-eta-canada.com\/es\/complete-el-formulario-eta-para-canada\/#breadcrumb"},"inLanguage":"es","potentialAction":[{"@type":"ReadAction","target":["https:\/\/ave-eta-canada.com\/es\/complete-el-formulario-eta-para-canada\/"]}]},{"@type":"BreadcrumbList","@id":"https:\/\/ave-eta-canada.com\/es\/complete-el-formulario-eta-para-canada\/#breadcrumb","itemListElement":[{"@type":"ListItem","position":1,"name":"Home","item":"https:\/\/ave-eta-canada.com\/es\/"},{"@type":"ListItem","position":2,"name":"Complete el formulario eTA para Canad\u00e1"}]},{"@type":"WebSite","@id":"https:\/\/ave-eta-canada.com\/es\/#website","url":"https:\/\/ave-eta-canada.com\/es\/","name":"VISA CANAD\u00c1","description":"Autorisation Voyage Electronique","potentialAction":[{"@type":"SearchAction","target":{"@type":"EntryPoint","urlTemplate":"https:\/\/ave-eta-canada.com\/es\/?s={search_term_string}"},"query-input":{"@type":"PropertyValueSpecification","valueRequired":true,"valueName":"search_term_string"}}],"inLanguage":"es"}]}},"_links":{"self":[{"href":"https:\/\/ave-eta-canada.com\/es\/wp-json\/wp\/v2\/pages\/842","targetHints":{"allow":["GET"]}}],"collection":[{"href":"https:\/\/ave-eta-canada.com\/es\/wp-json\/wp\/v2\/pages"}],"about":[{"href":"https:\/\/ave-eta-canada.com\/es\/wp-json\/wp\/v2\/types\/page"}],"author":[{"embeddable":true,"href":"https:\/\/ave-eta-canada.com\/es\/wp-json\/wp\/v2\/users\/1"}],"replies":[{"embeddable":true,"href":"https:\/\/ave-eta-canada.com\/es\/wp-json\/wp\/v2\/comments?post=842"}],"version-history":[{"count":0,"href":"https:\/\/ave-eta-canada.com\/es\/wp-json\/wp\/v2\/pages\/842\/revisions"}],"wp:attachment":[{"href":"https:\/\/ave-eta-canada.com\/es\/wp-json\/wp\/v2\/media?parent=842"}],"curies":[{"name":"wp","href":"https:\/\/api.w.org\/{rel}","templated":true}]}}