{"id":844,"date":"2020-04-23T18:55:52","date_gmt":"2020-04-23T18:55:52","guid":{"rendered":"https:\/\/ave-eta-canada.com\/sitio-web-oficial-de-eta-canada\/"},"modified":"2022-05-14T16:52:54","modified_gmt":"2022-05-14T16:52:54","slug":"sitio-web-oficial-de-eta-canada","status":"publish","type":"page","link":"https:\/\/ave-eta-canada.com\/es\/sitio-web-oficial-de-eta-canada\/","title":{"rendered":"Sitio oficial de eTA Canad\u00e1"},"content":{"rendered":"\n<h1 class=\"wp-block-heading\">Presentaci\u00f3n de la web oficial de eTA Canad\u00e1<\/h1>\n\n<p>Para viajar a Canad\u00e1 se requiere un permiso de residencia. Seg\u00fan la naturaleza de la estad\u00eda y el pa\u00eds de origen, la solicitud debe ser para una visa canadiense o una autorizaci\u00f3n electr\u00f3nica de viaje eTA. <\/p>\n\n<p><strong>Para una estad\u00eda de menos de 6 meses en Canad\u00e1<\/strong> : Puede realizar los tr\u00e1mites para ingresar a Canad\u00e1 directamente a trav\u00e9s de Internet haciendo clic en el <a href=\"https:\/\/ave-eta-canada.com\/es\/formulario-de-eta-canada-en-linea\/\">formulario en l\u00ednea<\/a>. No es necesario obtener una cita en la embajada o consulado canadiense. <\/p>\n\n<p>La solicitud de Autorizaci\u00f3n Electr\u00f3nica de Viaje solo se puede realizar por Internet en el sitio web oficial de eTA Canad\u00e1. Te presentamos el sitio web de AVE Canad\u00e1 creado por el gobierno canadiense.<\/p>\n\n<h2 class=\"wp-block-heading\">La informaci\u00f3n contenida en la web oficial de eTA Canad\u00e1<\/h2>\n\n<p>El sitio web oficial de eTA Canad\u00e1 es f\u00e1cil de usar y claro. Desafortunadamente, no toda la informaci\u00f3n es f\u00e1cil de encontrar.<\/p>\n\n<p>Para encontrar la p\u00e1gina de <a href=\"https:\/\/ave-eta-canada.com\/es\/\">solicitud de eTA de Canad\u00e1<\/a> , vaya al sitio web del Gobierno de Canad\u00e1 y seleccione la secci\u00f3n de inmigraci\u00f3n y ciudadan\u00eda; la solicitud de eTA est\u00e1 bajo la responsabilidad del IRCC (Inmigraci\u00f3n, Refugiados y Ciudadan\u00eda de Canad\u00e1). El sitio le ofrece verificar si necesita una visa o una eTA respondiendo una simple pregunta sobre su nacionalidad.<\/p>\n\n<p>Antes de acceder a la <a href=\"https:\/\/ave-eta-canada.com\/es\/hacer-una-solicitud-oficial-de-eta-canada\/\">Formulario de solicitud de eTA de<\/a> Canad\u00e1, se le presenta una descripci\u00f3n general del proceso en 5 pasos: los documentos que se deben preparar antes de completar el formulario, el formulario que se debe completar, el pago de la tarifa de solicitud de CAN $ 7, la respuesta por correo electr\u00f3nico y posiblemente los documentos de respaldo adicionales. Tambi\u00e9n se puede consultar una ayuda, en formato PDF, y \u00e9sta, en 18 idiomas. Esta ayuda detalla c\u00f3mo completar el formulario en l\u00ednea. En caso de preguntas, haga clic en el enlace de <a href=\"https:\/\/ave-eta-canada.com\/es\/preguntas-frecuentes-de-eta-canada-respuestas-a-tus-preguntas\/\">preguntas frecuentes<\/a><\/p>\n\n<p>El sitio web oficial de eTA Canada presenta brevemente lo que es eTA en la p\u00e1gina \u00absaber qu\u00e9 es una autorizaci\u00f3n de viaje electr\u00f3nica\u00bb. All\u00ed leemos que la autorizaci\u00f3n eTA es un requisito de entrada destinado a los nacionales de pa\u00edses exentos de la obligaci\u00f3n de visa (la lista de pa\u00edses que se benefician de la exenci\u00f3n de visa est\u00e1 disponible en la p\u00e1gina \u00abrequisitos de admisi\u00f3n seg\u00fan el pa\u00eds o territorio\u00bb, se encuentra un enlace presentes en la p\u00e1gina). Tenga en cuenta que los ciudadanos franceses son elegibles. La eTA solo se requiere para llegadas en vuelos internacionales, incluido el tr\u00e1nsito por territorio canadiense. Est\u00e1 vinculado electr\u00f3nicamente al pasaporte (por lo tanto, tenga cuidado en caso de un nuevo pasaporte o un cambio en la informaci\u00f3n contenida) y tiene una vigencia m\u00e1xima de 5 a\u00f1os. Durante los 5 a\u00f1os de vigencia, el n\u00famero de estancias no est\u00e1 limitado, pero no pueden superar los 6 meses. La eTA no garantiza la entrada a territorio canadiense, esta decisi\u00f3n depende del oficial de servicios fronterizos. El agente estudia los documentos de viaje (pasaporte, AVE, billete de salida, justificante de menores, etc.) para tomar su decisi\u00f3n. Tambi\u00e9n se le pueden hacer algunas preguntas.<br\/><\/p>\n\n<h2 class=\"wp-block-heading\">Aplicar en el sitio web de eTA Canad\u00e1<\/h2>\n\n<p>La solicitud de eTA solo se puede realizar en el sitio web de eTA Canada del gobierno. No obstante, eres libre de realizar la solicitud t\u00fa mismo o pasar por una plataforma privada, para que un equipo de profesionales realice la solicitud en tu nombre. No es necesario que vaya a la Embajada de Canad\u00e1, esta \u00faltima no puede ayudarlo en este proceso.<\/p>\n\n<p>El formulario de solicitud en el sitio web de eTA Canada puede ser completado por el propio viajero o por un tercero, esta es la primera pregunta que se hace. No es posible realizar una solicitud de grupo, por lo que cada solicitud debe ingresarse y pagarse individualmente.<\/p>\n\n<p>Si una persona completa el formulario en nombre de un tercero, debe presentarse, indicar su relaci\u00f3n con el viajero e ingresar sus datos personales.<\/p>\n\n<p>Para completar el formulario, es importante traer su pasaporte (o el del solicitante) y una tarjeta de pago. Se requiere un pasaporte v\u00e1lido, se recomienda un <a href=\"https:\/\/ave-eta-canada.com\/es\/eta-canada-periodo-de-validez\/\">per\u00edodo de validez<\/a> de 6 meses. El formulario se divide en 3 partes:<\/p>\n\n<ul class=\"wp-block-list\"><li>los datos presentes en el pasaporte: n\u00famero de pasaporte (que debe ingresarse dos veces para evitar errores de tipeo), apellidos y nombres del titular, fecha y lugar de nacimiento, sexo, fecha de emisi\u00f3n y vencimiento;<\/li><li>informaci\u00f3n personal: cualquier nacionalidad dual, estado civil, cualquier solicitud anterior de visa o eTA, empleo (profesi\u00f3n, nombre del empleador y direcci\u00f3n), direcci\u00f3n postal y direcci\u00f3n de correo electr\u00f3nico (ingresar dos veces);<\/li><li>los antecedentes: cualquier prohibici\u00f3n de entrada en territorio canadiense (o cualquier otro pa\u00eds), historial legal y m\u00e9dico.<\/li><\/ul>\n\n<p>Una secci\u00f3n del formulario est\u00e1 reservada para su fecha de llegada a Canad\u00e1. Sin embargo, esta pregunta es opcional, porque es muy posible pedir un AVE sin un proyecto espec\u00edfico.<\/p>\n\n<p>Para validar el formulario de solicitud de eTA, el solicitante debe firmar un consentimiento y pagar la <a href=\"https:\/\/ave-eta-canada.com\/es\/eta-canada-su-precio\/\">tarifa de eTA<\/a> .<br\/><\/p>\n\n<h2 class=\"wp-block-heading\">Procesamiento de la solicitud de eTA de Canad\u00e1<\/h2>\n\n<p>Una vez realizada la solicitud en la web oficial de AVE Canada, recibir\u00e1s un acuse de recibo por correo electr\u00f3nico. Es muy posible que reciba su respuesta final al mismo tiempo. La respuesta puede ser entonces positiva (aprobaci\u00f3n de la solicitud de eTA) o negativa. En caso de denegaci\u00f3n de autorizaci\u00f3n, siempre es posible que realice una solicitud de visa o <a href=\"https:\/\/pvtistes.net\/le-pvt\/canada\/\">PVT<\/a> cerca de la embajada de Canad\u00e1. Tenga cuidado de tener un pasaporte biom\u00e9trico (o electr\u00f3nico) para esta solicitud.<\/p>\n\n<p>Puede ocurrir que la solicitud est\u00e9 pendiente, es decir que se le d\u00e9 una respuesta definitiva a los pocos d\u00edas o que las autoridades canadienses se pongan en contacto con usted por correo electr\u00f3nico para obtener m\u00e1s informaci\u00f3n. En caso de ser as\u00ed, el procedimiento a seguir se detalla en el e-mail de contacto.<\/p>\n\n<p>La autorizaci\u00f3n de viaje debe obtenerse, en el sitio oficial de AVE Canad\u00e1 o en un sitio privado, antes de partir, porque sin ella, no es admisible en suelo canadiense. Ni siquiera puedes embarcar para tu estad\u00eda en Canad\u00e1, teniendo las aerol\u00edneas la obligaci\u00f3n de verificar tus datos.<\/p>\n","protected":false},"excerpt":{"rendered":"<p>Presentaci\u00f3n de la web oficial de eTA Canad\u00e1 Para viajar a Canad\u00e1 se requiere un permiso de residencia. Seg\u00fan la naturaleza de la estad\u00eda y el pa\u00eds de origen, la solicitud debe ser para una visa canadiense o una autorizaci\u00f3n electr\u00f3nica de viaje eTA. Para una estad\u00eda de menos de 6 meses en Canad\u00e1 : [&hellip;]<\/p>\n","protected":false},"author":1,"featured_media":0,"parent":0,"menu_order":0,"comment_status":"closed","ping_status":"closed","template":"","meta":{"footnotes":""},"class_list":["post-844","page","type-page","status-publish","hentry"],"yoast_head":"<!-- This site is optimized with the Yoast SEO plugin v26.9 - https:\/\/yoast.com\/product\/yoast-seo-wordpress\/ -->\n<title>Sitio oficial de eTA Canad\u00e1<\/title>\n<meta name=\"description\" content=\"Presentaci\u00f3n de la web oficial del eTA del gobierno de Canad\u00e1 para la obtenci\u00f3n de la autorizaci\u00f3n de viaje electr\u00f3nica imprescindible para viajar a Canad\u00e1.\" \/>\n<meta name=\"robots\" content=\"index, follow, max-snippet:-1, max-image-preview:large, max-video-preview:-1\" \/>\n<link rel=\"canonical\" href=\"https:\/\/ave-eta-canada.com\/es\/sitio-web-oficial-de-eta-canada\/\" \/>\n<meta property=\"og:locale\" content=\"es_ES\" \/>\n<meta property=\"og:type\" content=\"article\" \/>\n<meta property=\"og:title\" content=\"Sitio oficial de eTA Canad\u00e1\" \/>\n<meta property=\"og:description\" content=\"Presentaci\u00f3n de la web oficial del eTA del gobierno de Canad\u00e1 para la obtenci\u00f3n de la autorizaci\u00f3n de viaje electr\u00f3nica imprescindible para viajar a Canad\u00e1.\" \/>\n<meta property=\"og:url\" content=\"https:\/\/ave-eta-canada.com\/es\/sitio-web-oficial-de-eta-canada\/\" \/>\n<meta property=\"og:site_name\" content=\"VISA CANAD\u00c1\" \/>\n<meta property=\"article:modified_time\" content=\"2022-05-14T16:52:54+00:00\" \/>\n<meta name=\"twitter:card\" content=\"summary_large_image\" \/>\n<meta name=\"twitter:label1\" content=\"Tiempo de lectura\" \/>\n\t<meta name=\"twitter:data1\" content=\"5 minutos\" \/>\n<script type=\"application\/ld+json\" class=\"yoast-schema-graph\">{\"@context\":\"https:\/\/schema.org\",\"@graph\":[{\"@type\":\"WebPage\",\"@id\":\"https:\/\/ave-eta-canada.com\/es\/sitio-web-oficial-de-eta-canada\/\",\"url\":\"https:\/\/ave-eta-canada.com\/es\/sitio-web-oficial-de-eta-canada\/\",\"name\":\"Sitio oficial de eTA Canad\u00e1\",\"isPartOf\":{\"@id\":\"https:\/\/ave-eta-canada.com\/es\/#website\"},\"datePublished\":\"2020-04-23T18:55:52+00:00\",\"dateModified\":\"2022-05-14T16:52:54+00:00\",\"description\":\"Presentaci\u00f3n de la web oficial del eTA del gobierno de Canad\u00e1 para la obtenci\u00f3n de la autorizaci\u00f3n de viaje electr\u00f3nica imprescindible para viajar a Canad\u00e1.\",\"breadcrumb\":{\"@id\":\"https:\/\/ave-eta-canada.com\/es\/sitio-web-oficial-de-eta-canada\/#breadcrumb\"},\"inLanguage\":\"es\",\"potentialAction\":[{\"@type\":\"ReadAction\",\"target\":[\"https:\/\/ave-eta-canada.com\/es\/sitio-web-oficial-de-eta-canada\/\"]}]},{\"@type\":\"BreadcrumbList\",\"@id\":\"https:\/\/ave-eta-canada.com\/es\/sitio-web-oficial-de-eta-canada\/#breadcrumb\",\"itemListElement\":[{\"@type\":\"ListItem\",\"position\":1,\"name\":\"Home\",\"item\":\"https:\/\/ave-eta-canada.com\/es\/\"},{\"@type\":\"ListItem\",\"position\":2,\"name\":\"Sitio oficial de eTA Canad\u00e1\"}]},{\"@type\":\"WebSite\",\"@id\":\"https:\/\/ave-eta-canada.com\/es\/#website\",\"url\":\"https:\/\/ave-eta-canada.com\/es\/\",\"name\":\"VISA CANAD\u00c1\",\"description\":\"Autorisation Voyage Electronique\",\"potentialAction\":[{\"@type\":\"SearchAction\",\"target\":{\"@type\":\"EntryPoint\",\"urlTemplate\":\"https:\/\/ave-eta-canada.com\/es\/?s={search_term_string}\"},\"query-input\":{\"@type\":\"PropertyValueSpecification\",\"valueRequired\":true,\"valueName\":\"search_term_string\"}}],\"inLanguage\":\"es\"}]}<\/script>\n<!-- \/ Yoast SEO plugin. -->","yoast_head_json":{"title":"Sitio oficial de eTA Canad\u00e1","description":"Presentaci\u00f3n de la web oficial del eTA del gobierno de Canad\u00e1 para la obtenci\u00f3n de la autorizaci\u00f3n de viaje electr\u00f3nica imprescindible para viajar a Canad\u00e1.","robots":{"index":"index","follow":"follow","max-snippet":"max-snippet:-1","max-image-preview":"max-image-preview:large","max-video-preview":"max-video-preview:-1"},"canonical":"https:\/\/ave-eta-canada.com\/es\/sitio-web-oficial-de-eta-canada\/","og_locale":"es_ES","og_type":"article","og_title":"Sitio oficial de eTA Canad\u00e1","og_description":"Presentaci\u00f3n de la web oficial del eTA del gobierno de Canad\u00e1 para la obtenci\u00f3n de la autorizaci\u00f3n de viaje electr\u00f3nica imprescindible para viajar a Canad\u00e1.","og_url":"https:\/\/ave-eta-canada.com\/es\/sitio-web-oficial-de-eta-canada\/","og_site_name":"VISA CANAD\u00c1","article_modified_time":"2022-05-14T16:52:54+00:00","twitter_card":"summary_large_image","twitter_misc":{"Tiempo de lectura":"5 minutos"},"schema":{"@context":"https:\/\/schema.org","@graph":[{"@type":"WebPage","@id":"https:\/\/ave-eta-canada.com\/es\/sitio-web-oficial-de-eta-canada\/","url":"https:\/\/ave-eta-canada.com\/es\/sitio-web-oficial-de-eta-canada\/","name":"Sitio oficial de eTA Canad\u00e1","isPartOf":{"@id":"https:\/\/ave-eta-canada.com\/es\/#website"},"datePublished":"2020-04-23T18:55:52+00:00","dateModified":"2022-05-14T16:52:54+00:00","description":"Presentaci\u00f3n de la web oficial del eTA del gobierno de Canad\u00e1 para la obtenci\u00f3n de la autorizaci\u00f3n de viaje electr\u00f3nica imprescindible para viajar a Canad\u00e1.","breadcrumb":{"@id":"https:\/\/ave-eta-canada.com\/es\/sitio-web-oficial-de-eta-canada\/#breadcrumb"},"inLanguage":"es","potentialAction":[{"@type":"ReadAction","target":["https:\/\/ave-eta-canada.com\/es\/sitio-web-oficial-de-eta-canada\/"]}]},{"@type":"BreadcrumbList","@id":"https:\/\/ave-eta-canada.com\/es\/sitio-web-oficial-de-eta-canada\/#breadcrumb","itemListElement":[{"@type":"ListItem","position":1,"name":"Home","item":"https:\/\/ave-eta-canada.com\/es\/"},{"@type":"ListItem","position":2,"name":"Sitio oficial de eTA Canad\u00e1"}]},{"@type":"WebSite","@id":"https:\/\/ave-eta-canada.com\/es\/#website","url":"https:\/\/ave-eta-canada.com\/es\/","name":"VISA CANAD\u00c1","description":"Autorisation Voyage Electronique","potentialAction":[{"@type":"SearchAction","target":{"@type":"EntryPoint","urlTemplate":"https:\/\/ave-eta-canada.com\/es\/?s={search_term_string}"},"query-input":{"@type":"PropertyValueSpecification","valueRequired":true,"valueName":"search_term_string"}}],"inLanguage":"es"}]}},"_links":{"self":[{"href":"https:\/\/ave-eta-canada.com\/es\/wp-json\/wp\/v2\/pages\/844","targetHints":{"allow":["GET"]}}],"collection":[{"href":"https:\/\/ave-eta-canada.com\/es\/wp-json\/wp\/v2\/pages"}],"about":[{"href":"https:\/\/ave-eta-canada.com\/es\/wp-json\/wp\/v2\/types\/page"}],"author":[{"embeddable":true,"href":"https:\/\/ave-eta-canada.com\/es\/wp-json\/wp\/v2\/users\/1"}],"replies":[{"embeddable":true,"href":"https:\/\/ave-eta-canada.com\/es\/wp-json\/wp\/v2\/comments?post=844"}],"version-history":[{"count":0,"href":"https:\/\/ave-eta-canada.com\/es\/wp-json\/wp\/v2\/pages\/844\/revisions"}],"wp:attachment":[{"href":"https:\/\/ave-eta-canada.com\/es\/wp-json\/wp\/v2\/media?parent=844"}],"curies":[{"name":"wp","href":"https:\/\/api.w.org\/{rel}","templated":true}]}}