{"id":846,"date":"2020-04-23T19:02:54","date_gmt":"2020-04-23T19:02:54","guid":{"rendered":"https:\/\/ave-eta-canada.com\/todo-lo-que-necesitas-saber-sobre-la-aplicacion-eta-para-canada\/"},"modified":"2022-05-14T17:00:49","modified_gmt":"2022-05-14T17:00:49","slug":"todo-lo-que-necesitas-saber-sobre-la-aplicacion-eta-para-canada","status":"publish","type":"page","link":"https:\/\/ave-eta-canada.com\/es\/todo-lo-que-necesitas-saber-sobre-la-aplicacion-eta-para-canada\/","title":{"rendered":"Todo sobre la solicitud de una eTA para Canad\u00e1"},"content":{"rendered":"\n<h1 class=\"wp-block-heading\">La solicitud de eTA de Canad\u00e1<\/h1>\n\n<p>La Autorizaci\u00f3n Electr\u00f3nica de Viaje eTA recuerda a la ESTA estadounidense. Cualquier estad\u00eda en Canad\u00e1 est\u00e1 sujeta a una autorizaci\u00f3n de viaje (eTA) o una visa canadiense. <\/p>\n\n<p><strong>Para una estad\u00eda de menos de 6 meses en Canad\u00e1<\/strong> : Puede realizar los tr\u00e1mites para ingresar a Canad\u00e1 directamente a trav\u00e9s de Internet haciendo clic en el <a href=\"https:\/\/ave-eta-canada.com\/es\/formulario-de-eta-canada-en-linea\/\">formulario en l\u00ednea<\/a>. No es necesario obtener una cita en la embajada o consulado canadiense.<\/p>\n\n<p>A continuaci\u00f3n explicamos qui\u00e9n tiene derecho a solicitar una eTA Canad\u00e1 y c\u00f3mo proceder para obtenerla.<br\/><\/p>\n\n<h2 class=\"wp-block-heading\">\u00bfQui\u00e9n puede solicitar una eTA de Canad\u00e1?<\/h2>\n\n<p>Para poder <a href=\"https:\/\/ave-eta-canada.com\/es\/\">solicitar una eTA de Canad\u00e1<\/a> , el viajero debe ser nacional de uno de los pa\u00edses exentos del requisito de visa. Los pa\u00edses afectados por esta exenci\u00f3n son:<\/p>\n\n<p>Alemania, Andorra, Australia, Austria, Bahamas, Barbados, B\u00e9lgica, Brasil*, Brunei Darussalam, Bulgaria*, Chile, Chipre, Croacia, Dinamarca, Emiratos \u00c1rabes Unidos, Espa\u00f1a, Estonia, Finlandia, Francia, Gran Breta\u00f1a, Grecia, Hungr\u00eda, Hong Kong, Islas Salom\u00f3n, Irlanda, Islandia, Israel, Italia, Jap\u00f3n, Letonia, Liechtenstein, Lituania, Luxemburgo, Malta, M\u00e9xico, M\u00f3naco, Noruega, Nueva Zelanda, Pap\u00faa Nueva Guinea, Pa\u00edses Bajos, Polonia, Portugal, Rep\u00fablica de Corea, Rep\u00fablica Checa Rep\u00fablica, Rumania, San Marino, Samoa, Singapur, Eslovaquia, Eslovenia, Suecia, Suiza, Taiw\u00e1n y el Vaticano. (*bajo ciertas condiciones)<\/p>\n\n<p>Solo viajar a Canad\u00e1 por v\u00eda a\u00e9rea est\u00e1 sujeto a la <a href=\"https:\/\/ave-eta-canada.com\/es\/es-obligatorio-eta-canada\/\">obtenci\u00f3n obligatoria de una eTA<\/a> , que incluye los tr\u00e1nsitos. La eTA de Canad\u00e1 no est\u00e1 reconocida para viajes por tierra y mar. <\/p>\n\n<p>Los titulares de visas canadienses tampoco est\u00e1n obligados a solicitar una eTA de Canad\u00e1. Este es tambi\u00e9n el caso de los ciudadanos franceses que viven en San Pedro y Miquel\u00f3n, si entran en territorio canadiense, por aire, directamente desde San Pedro y Miquel\u00f3n.<\/p>\n\n<p>Para poder solicitar una eTA de Canad\u00e1, el viajero debe tener un pasaporte v\u00e1lido. Canad\u00e1 no requiere un pasaporte biom\u00e9trico para una solicitud de eTA Canad\u00e1 (al menos para los ciudadanos franceses), pero se recomienda tener un per\u00edodo de validez restante de al menos 6 meses.<\/p>\n\n<p>Para entrar en el marco del eTA Canad\u00e1, la estancia debe ser por un per\u00edodo inferior a 6 meses como m\u00e1ximo y solo puede ser tur\u00edstica o de negocios. Se puede solicitar un billete de transporte al pasar por la aduana. En el caso de un hijo menor de edad, se solicita la presentaci\u00f3n de un certificado de nacimiento y cualquier otro documento que explique la situaci\u00f3n familiar del ni\u00f1o (carta de autorizaci\u00f3n del progenitor que no viaja con el ni\u00f1o, fotocopia de la orden de custodia en caso de divorcio, etc.).<br\/><br\/><\/p>\n\n<h2 class=\"wp-block-heading\">\u00bfC\u00f3mo solicitar una eTA Canad\u00e1?<\/h2>\n\n<p>La solicitud de eTA de Canad\u00e1 se realiza a trav\u00e9s de un formulario en l\u00ednea disponible en el sitio web oficial del gobierno canadiense o a trav\u00e9s de un sitio privado. Actualmente no es posible realizar solicitudes de grupo.<\/p>\n\n<p>\u00bf <a href=\"https:\/\/ave-eta-canada.com\/es\/cuando-solicitar-la-autorizacion-eta-para-canada\/\">Cu\u00e1ndo solicitar una eTA<\/a> ? Es importante solicitar la autorizaci\u00f3n varios d\u00edas antes de la salida (le recomendamos que lea nuestra p\u00e1gina sobre el tiempo necesario para obtener la eTA de Canad\u00e1). Sin embargo, se recomienda continuar con este proceso lo antes posible para evitar decepciones. No es necesario presentarse en el aeropuerto sin esta autorizaci\u00f3n de viaje, porque las empresas tienen la obligaci\u00f3n de prohibir el embarque. Incluso si se le permite el acceso al avi\u00f3n, los oficiales de inmigraci\u00f3n en la frontera canadiense no le permitir\u00e1n permanecer en territorio canadiense sin una autorizaci\u00f3n v\u00e1lida (eTA o visa).<\/p>\n\n<p>Para <a href=\"https:\/\/ave-eta-canada.com\/es\/complete-el-formulario-eta-para-canada\/\">completar el formulario de solicitud de eTA de Canad\u00e1<\/a> , debe tener su pasaporte y una tarjeta de pago. La eTA se cobra CAN$7. El formulario comienza determinando si la solicitud la realiza el propio viajero o si se realiza para otra persona.<\/p>\n\n<p>La informaci\u00f3n que debe proporcionarse se refiere, en primer lugar, al pasaporte: n\u00famero de pasaporte, apellidos y nombres tal como est\u00e1n escritos en el documento, fecha de nacimiento, sexo, lugar de nacimiento, fecha de expedici\u00f3n y caducidad. El segundo apartado del formulario se refiere a los datos personales: doble nacionalidad, situaci\u00f3n familiar, solicitud previa de autorizaci\u00f3n de viaje a Canad\u00e1, situaci\u00f3n profesional, direcci\u00f3n postal, direcci\u00f3n de correo electr\u00f3nico v\u00e1lida. A esto le sigue la informaci\u00f3n relativa a su estancia en Canad\u00e1 y, en particular, las fechas. La \u00faltima parte del formulario se refiere a sus antecedentes: prohibici\u00f3n de entrada, infracci\u00f3n penal, historial m\u00e9dico con \u00e9nfasis en tuberculosis, etc.<\/p>\n\n<p>Su formulario en l\u00ednea es validado por la aceptaci\u00f3n de los t\u00e9rminos y condiciones y el pago de las tasas de administraci\u00f3n.<\/p>\n\n<p>Tras una solicitud de eTA Canad\u00e1, el IRCC (Inmigraci\u00f3n, Refugiados y Ciudadan\u00eda de Canad\u00e1) env\u00eda un acuse de recibo electr\u00f3nicamente. En la gran mayor\u00eda de los casos, la aprobaci\u00f3n (o denegaci\u00f3n) se env\u00eda casi simult\u00e1neamente. Sin embargo, es posible que una solicitud demore m\u00e1s tiempo y que las autoridades canadienses soliciten documentos de respaldo adicionales. En caso de negativa, es necesario acudir a una solicitud de visa con la embajada canadiense. Los tr\u00e1mites para obtener una visa son m\u00e1s complejos, m\u00e1s largos y m\u00e1s costosos.<\/p>\n\n<p>La autorizaci\u00f3n eTA tiene una validez de 5 a\u00f1os desde la fecha de expedici\u00f3n o hasta la caducidad del pasaporte si \u00e9ste caduca antes. El eTA est\u00e1 as\u00ed intr\u00ednsecamente ligado al pasaporte; cualquier cambio (nuevo pasaporte o modificaci\u00f3n en los datos contenidos) conlleva una nueva solicitud. Es posible <a href=\"https:\/\/ave-eta-canada.com\/es\/como-verificar-el-estado-de-su-solicitud-de-eta-canada\/\">consultar el estado de su autorizaci\u00f3n<\/a> directamente en el sitio web del gobierno canadiense.<\/p>\n","protected":false},"excerpt":{"rendered":"<p>La solicitud de eTA de Canad\u00e1 La Autorizaci\u00f3n Electr\u00f3nica de Viaje eTA recuerda a la ESTA estadounidense. Cualquier estad\u00eda en Canad\u00e1 est\u00e1 sujeta a una autorizaci\u00f3n de viaje (eTA) o una visa canadiense. Para una estad\u00eda de menos de 6 meses en Canad\u00e1 : Puede realizar los tr\u00e1mites para ingresar a Canad\u00e1 directamente a trav\u00e9s [&hellip;]<\/p>\n","protected":false},"author":1,"featured_media":0,"parent":0,"menu_order":0,"comment_status":"closed","ping_status":"closed","template":"","meta":{"footnotes":""},"class_list":["post-846","page","type-page","status-publish","hentry"],"yoast_head":"<!-- This site is optimized with the Yoast SEO plugin v26.9 - https:\/\/yoast.com\/product\/yoast-seo-wordpress\/ -->\n<title>Todo sobre la solicitud de una eTA para Canad\u00e1<\/title>\n<meta name=\"description\" content=\"Encuentre aqu\u00ed toda la informaci\u00f3n relacionada con la solicitud de eTA de Canad\u00e1: qui\u00e9n tiene derecho a solicitar una eTA, cu\u00e1ndo solicitarla y c\u00f3mo proceder.\" \/>\n<meta name=\"robots\" content=\"index, follow, max-snippet:-1, max-image-preview:large, max-video-preview:-1\" \/>\n<link rel=\"canonical\" href=\"https:\/\/ave-eta-canada.com\/es\/todo-lo-que-necesitas-saber-sobre-la-aplicacion-eta-para-canada\/\" \/>\n<meta property=\"og:locale\" content=\"es_ES\" \/>\n<meta property=\"og:type\" content=\"article\" \/>\n<meta property=\"og:title\" content=\"Todo sobre la solicitud de una eTA para Canad\u00e1\" \/>\n<meta property=\"og:description\" content=\"Encuentre aqu\u00ed toda la informaci\u00f3n relacionada con la solicitud de eTA de Canad\u00e1: qui\u00e9n tiene derecho a solicitar una eTA, cu\u00e1ndo solicitarla y c\u00f3mo proceder.\" \/>\n<meta property=\"og:url\" content=\"https:\/\/ave-eta-canada.com\/es\/todo-lo-que-necesitas-saber-sobre-la-aplicacion-eta-para-canada\/\" \/>\n<meta property=\"og:site_name\" content=\"VISA CANAD\u00c1\" \/>\n<meta property=\"article:modified_time\" content=\"2022-05-14T17:00:49+00:00\" \/>\n<meta name=\"twitter:card\" content=\"summary_large_image\" \/>\n<meta name=\"twitter:label1\" content=\"Tiempo de lectura\" \/>\n\t<meta name=\"twitter:data1\" content=\"5 minutos\" \/>\n<script type=\"application\/ld+json\" class=\"yoast-schema-graph\">{\"@context\":\"https:\/\/schema.org\",\"@graph\":[{\"@type\":\"WebPage\",\"@id\":\"https:\/\/ave-eta-canada.com\/es\/todo-lo-que-necesitas-saber-sobre-la-aplicacion-eta-para-canada\/\",\"url\":\"https:\/\/ave-eta-canada.com\/es\/todo-lo-que-necesitas-saber-sobre-la-aplicacion-eta-para-canada\/\",\"name\":\"Todo sobre la solicitud de una eTA para Canad\u00e1\",\"isPartOf\":{\"@id\":\"https:\/\/ave-eta-canada.com\/es\/#website\"},\"datePublished\":\"2020-04-23T19:02:54+00:00\",\"dateModified\":\"2022-05-14T17:00:49+00:00\",\"description\":\"Encuentre aqu\u00ed toda la informaci\u00f3n relacionada con la solicitud de eTA de Canad\u00e1: qui\u00e9n tiene derecho a solicitar una eTA, cu\u00e1ndo solicitarla y c\u00f3mo proceder.\",\"breadcrumb\":{\"@id\":\"https:\/\/ave-eta-canada.com\/es\/todo-lo-que-necesitas-saber-sobre-la-aplicacion-eta-para-canada\/#breadcrumb\"},\"inLanguage\":\"es\",\"potentialAction\":[{\"@type\":\"ReadAction\",\"target\":[\"https:\/\/ave-eta-canada.com\/es\/todo-lo-que-necesitas-saber-sobre-la-aplicacion-eta-para-canada\/\"]}]},{\"@type\":\"BreadcrumbList\",\"@id\":\"https:\/\/ave-eta-canada.com\/es\/todo-lo-que-necesitas-saber-sobre-la-aplicacion-eta-para-canada\/#breadcrumb\",\"itemListElement\":[{\"@type\":\"ListItem\",\"position\":1,\"name\":\"Home\",\"item\":\"https:\/\/ave-eta-canada.com\/es\/\"},{\"@type\":\"ListItem\",\"position\":2,\"name\":\"Todo sobre la solicitud de una eTA para Canad\u00e1\"}]},{\"@type\":\"WebSite\",\"@id\":\"https:\/\/ave-eta-canada.com\/es\/#website\",\"url\":\"https:\/\/ave-eta-canada.com\/es\/\",\"name\":\"VISA CANAD\u00c1\",\"description\":\"Autorisation Voyage Electronique\",\"potentialAction\":[{\"@type\":\"SearchAction\",\"target\":{\"@type\":\"EntryPoint\",\"urlTemplate\":\"https:\/\/ave-eta-canada.com\/es\/?s={search_term_string}\"},\"query-input\":{\"@type\":\"PropertyValueSpecification\",\"valueRequired\":true,\"valueName\":\"search_term_string\"}}],\"inLanguage\":\"es\"}]}<\/script>\n<!-- \/ Yoast SEO plugin. -->","yoast_head_json":{"title":"Todo sobre la solicitud de una eTA para Canad\u00e1","description":"Encuentre aqu\u00ed toda la informaci\u00f3n relacionada con la solicitud de eTA de Canad\u00e1: qui\u00e9n tiene derecho a solicitar una eTA, cu\u00e1ndo solicitarla y c\u00f3mo proceder.","robots":{"index":"index","follow":"follow","max-snippet":"max-snippet:-1","max-image-preview":"max-image-preview:large","max-video-preview":"max-video-preview:-1"},"canonical":"https:\/\/ave-eta-canada.com\/es\/todo-lo-que-necesitas-saber-sobre-la-aplicacion-eta-para-canada\/","og_locale":"es_ES","og_type":"article","og_title":"Todo sobre la solicitud de una eTA para Canad\u00e1","og_description":"Encuentre aqu\u00ed toda la informaci\u00f3n relacionada con la solicitud de eTA de Canad\u00e1: qui\u00e9n tiene derecho a solicitar una eTA, cu\u00e1ndo solicitarla y c\u00f3mo proceder.","og_url":"https:\/\/ave-eta-canada.com\/es\/todo-lo-que-necesitas-saber-sobre-la-aplicacion-eta-para-canada\/","og_site_name":"VISA CANAD\u00c1","article_modified_time":"2022-05-14T17:00:49+00:00","twitter_card":"summary_large_image","twitter_misc":{"Tiempo de lectura":"5 minutos"},"schema":{"@context":"https:\/\/schema.org","@graph":[{"@type":"WebPage","@id":"https:\/\/ave-eta-canada.com\/es\/todo-lo-que-necesitas-saber-sobre-la-aplicacion-eta-para-canada\/","url":"https:\/\/ave-eta-canada.com\/es\/todo-lo-que-necesitas-saber-sobre-la-aplicacion-eta-para-canada\/","name":"Todo sobre la solicitud de una eTA para Canad\u00e1","isPartOf":{"@id":"https:\/\/ave-eta-canada.com\/es\/#website"},"datePublished":"2020-04-23T19:02:54+00:00","dateModified":"2022-05-14T17:00:49+00:00","description":"Encuentre aqu\u00ed toda la informaci\u00f3n relacionada con la solicitud de eTA de Canad\u00e1: qui\u00e9n tiene derecho a solicitar una eTA, cu\u00e1ndo solicitarla y c\u00f3mo proceder.","breadcrumb":{"@id":"https:\/\/ave-eta-canada.com\/es\/todo-lo-que-necesitas-saber-sobre-la-aplicacion-eta-para-canada\/#breadcrumb"},"inLanguage":"es","potentialAction":[{"@type":"ReadAction","target":["https:\/\/ave-eta-canada.com\/es\/todo-lo-que-necesitas-saber-sobre-la-aplicacion-eta-para-canada\/"]}]},{"@type":"BreadcrumbList","@id":"https:\/\/ave-eta-canada.com\/es\/todo-lo-que-necesitas-saber-sobre-la-aplicacion-eta-para-canada\/#breadcrumb","itemListElement":[{"@type":"ListItem","position":1,"name":"Home","item":"https:\/\/ave-eta-canada.com\/es\/"},{"@type":"ListItem","position":2,"name":"Todo sobre la solicitud de una eTA para Canad\u00e1"}]},{"@type":"WebSite","@id":"https:\/\/ave-eta-canada.com\/es\/#website","url":"https:\/\/ave-eta-canada.com\/es\/","name":"VISA CANAD\u00c1","description":"Autorisation Voyage Electronique","potentialAction":[{"@type":"SearchAction","target":{"@type":"EntryPoint","urlTemplate":"https:\/\/ave-eta-canada.com\/es\/?s={search_term_string}"},"query-input":{"@type":"PropertyValueSpecification","valueRequired":true,"valueName":"search_term_string"}}],"inLanguage":"es"}]}},"_links":{"self":[{"href":"https:\/\/ave-eta-canada.com\/es\/wp-json\/wp\/v2\/pages\/846","targetHints":{"allow":["GET"]}}],"collection":[{"href":"https:\/\/ave-eta-canada.com\/es\/wp-json\/wp\/v2\/pages"}],"about":[{"href":"https:\/\/ave-eta-canada.com\/es\/wp-json\/wp\/v2\/types\/page"}],"author":[{"embeddable":true,"href":"https:\/\/ave-eta-canada.com\/es\/wp-json\/wp\/v2\/users\/1"}],"replies":[{"embeddable":true,"href":"https:\/\/ave-eta-canada.com\/es\/wp-json\/wp\/v2\/comments?post=846"}],"version-history":[{"count":0,"href":"https:\/\/ave-eta-canada.com\/es\/wp-json\/wp\/v2\/pages\/846\/revisions"}],"wp:attachment":[{"href":"https:\/\/ave-eta-canada.com\/es\/wp-json\/wp\/v2\/media?parent=846"}],"curies":[{"name":"wp","href":"https:\/\/api.w.org\/{rel}","templated":true}]}}