{"id":848,"date":"2020-04-23T19:10:54","date_gmt":"2020-04-23T19:10:54","guid":{"rendered":"https:\/\/ave-eta-canada.com\/todo-sobre-las-condiciones-del-eta-para-viajar-a-canada\/"},"modified":"2022-05-14T17:10:18","modified_gmt":"2022-05-14T17:10:18","slug":"todo-sobre-las-condiciones-del-eta-para-viajar-a-canada","status":"publish","type":"page","link":"https:\/\/ave-eta-canada.com\/es\/todo-sobre-las-condiciones-del-eta-para-viajar-a-canada\/","title":{"rendered":"Las condiciones de la eTA para viajar a Canad\u00e1"},"content":{"rendered":"\n<h1 class=\"wp-block-heading\">\u00bfCu\u00e1les son las condiciones del eTA para ir a Canad\u00e1?<\/h1>\n\n<p>Para muchos viajeros, ya no es necesaria una solicitud de visa para viajar a Canad\u00e1. Lo \u00fanico que tienes que hacer es obtener una Autorizaci\u00f3n Electr\u00f3nica de Viaje eTA a trav\u00e9s de Internet.<\/p>\n\n<p><strong>Para una estad\u00eda de menos de 6 meses en Canad\u00e1<\/strong> : Puede realizar los tr\u00e1mites para ingresar a Canad\u00e1 directamente a trav\u00e9s de Internet haciendo clic en el <a href=\"https:\/\/ave-eta-canada.com\/es\/formulario-de-eta-canada-en-linea\/\">formulario en l\u00ednea<\/a>. No es necesario obtener una cita en la embajada o consulado canadiense.<\/p>\n\n<p>El eTA es mucho m\u00e1s c\u00f3modo y r\u00e1pido de conseguir, pero tienes que ser una de las personas elegibles. Te explicamos todo sobre las condiciones del eTA, para que puedas ir a Canad\u00e1 con tranquilidad.<\/p>\n\n<h2 class=\"wp-block-heading\">Condiciones de eTA para permanecer en Canad\u00e1<\/h2>\n\n<p>Es posible que haya escuchado el t\u00e9rmino <a href=\"https:\/\/ave-eta-canada.com\/es\/que-es-eta-canada\/\">autorizaci\u00f3n eTA mientras<\/a> investigaba. Tenga en cuenta que los t\u00e9rminos AVE y eTA se refieren a la misma autorizaci\u00f3n de viaje. ETA es el acr\u00f3nimo en ingl\u00e9s de Electronic Travel Authorization. <\/p>\n\n<p>Solo se requiere una autorizaci\u00f3n de viaje electr\u00f3nica eTA si est\u00e1 en tr\u00e1nsito o viajando por Canad\u00e1 por v\u00eda a\u00e9rea. A diferencia de su hom\u00f3logo estadounidense, ESTA, que tambi\u00e9n es necesario al llegar por mar.<\/p>\n\n<p>Otra de las condiciones del eTA estipula que tu viaje debe ser en el marco de una estancia tur\u00edstica o de un viaje de negocios, con una duraci\u00f3n m\u00e1xima de 6 meses.<\/p>\n\n<p>Incluso si solo est\u00e1 en tr\u00e1nsito por Canad\u00e1 hacia su destino final, una <a href=\"https:\/\/ave-eta-canada.com\/es\/es-obligatorio-eta-canada\/\">eTA es obligatoria<\/a> .<\/p>\n\n<p>Debe ser ciudadano de un pa\u00eds que sea miembro del programa de exenci\u00f3n de visa establecido por el gobierno canadiense. Este programa est\u00e1 abierto a viajeros de 58 nacionalidades.<\/p>\n\n<p>Una excepci\u00f3n en las condiciones del eTA se refiere a los ciudadanos franceses que residen en St Pierre et Miquelon. No necesitan presentar una solicitud si viajan desde su isla a Canad\u00e1. Sin embargo, deber\u00e1n presentar una solicitud, como todos los titulares de pasaportes franceses, si viajan en avi\u00f3n a Canad\u00e1, desde Francia continental o los DOM-TOM.<\/p>\n\n<p>Si ya tiene una visa emitida por el Gobierno de Canad\u00e1, no necesita <a href=\"https:\/\/ave-eta-canada.com\/es\/\">solicitar una eTA<\/a> .<\/p>\n\n<p>Una eTA no es un permiso de trabajo y no da derecho a trabajar en Canad\u00e1, hacer una pasant\u00eda o estudiar all\u00ed. Si desea emigrar a Canad\u00e1, debe comunicarse con el consulado canadiense para saber qu\u00e9 pasos tomar.<\/p>\n\n<h2 class=\"wp-block-heading\">El pasaporte biom\u00e9trico: un requisito para la eTA<\/h2>\n\n<p>Otro requisito para la eTA es tener un pasaporte biom\u00e9trico o electr\u00f3nico.<\/p>\n\n<p>De hecho, una vez aprobada, la autorizaci\u00f3n est\u00e1 vinculada al pasaporte del solicitante. Por lo tanto, no es un documento que tengas que llevar contigo. Para vincular la eTA, el viajero debe tener un pasaporte que cumpla con los est\u00e1ndares tecnol\u00f3gicos necesarios.<\/p>\n\n<p>Una eTA es v\u00e1lida por 5 a\u00f1os, pero uno de los requisitos de la eTA es estar vinculado a un pasaporte v\u00e1lido. Esto significa que si su pasaporte vence antes de este per\u00edodo de 5 a\u00f1os, ser\u00e1 necesaria una nueva solicitud para obtener su nuevo pasaporte.<\/p>\n\n<p>Tenga en cuenta que una <a href=\"https:\/\/ave-eta-canada.com\/es\/validez-eta-canada\/\">eTA es v\u00e1lida para varios viajes<\/a> . Puede regresar varias veces durante el per\u00edodo de validez, si el prop\u00f3sito de su estad\u00eda en Canad\u00e1 a\u00fan cumple con los criterios establecidos anteriormente.<\/p>\n\n<h2 class=\"wp-block-heading\">Tener una direcci\u00f3n de correo electr\u00f3nico y una tarjeta de cr\u00e9dito<\/h2>\n\n<p>Para poder solicitar una eTA, no necesita ir a la Embajada de Canad\u00e1 m\u00e1s cercana a usted. La \u00fanica posibilidad es presentar la solicitud en l\u00ednea, a trav\u00e9s del sitio web del gobierno o mediante los servicios de un proveedor de servicios privado, como nuestro socio.<\/p>\n\n<p>Tendr\u00e1s que rellenar un formulario online sobre tus datos personales, as\u00ed como sobre tu estado de salud y tus antecedentes penales. Todas estas preguntas se hacen con el objetivo de controlar mejor la entrada al territorio canadiense.<\/p>\n\n<p>Una de las condiciones del eTA para poder finalizar tu solicitud es tener una direcci\u00f3n de correo electr\u00f3nico v\u00e1lida, as\u00ed como una tarjeta de cr\u00e9dito para pagar los gastos de gesti\u00f3n de tu expediente. El <a href=\"https:\/\/ave-eta-canada.com\/es\/eta-canada-su-precio\/\">precio de la eTA<\/a> var\u00eda seg\u00fan el m\u00e9todo utilizado.<\/p>\n\n<p>Como ves, las condiciones del eTA no son las m\u00e1s restrictivas, pero hay que tener cuidado al rellenar el formulario y no cometer errores.<\/p>\n\n<p>Tambi\u00e9n es importante hacer una distinci\u00f3n clara entre el eTA y el Programa Working Holiday (PVT). Los requisitos del eTA y el PVT Canad\u00e1 son dos cosas completamente diferentes y no se dirigen al mismo p\u00fablico. Cuida tus pasos con mucha antelaci\u00f3n para no ser pillado desprevenido cuando se acerque la salida.<\/p>\n","protected":false},"excerpt":{"rendered":"<p>\u00bfCu\u00e1les son las condiciones del eTA para ir a Canad\u00e1? Para muchos viajeros, ya no es necesaria una solicitud de visa para viajar a Canad\u00e1. Lo \u00fanico que tienes que hacer es obtener una Autorizaci\u00f3n Electr\u00f3nica de Viaje eTA a trav\u00e9s de Internet. Para una estad\u00eda de menos de 6 meses en Canad\u00e1 : Puede [&hellip;]<\/p>\n","protected":false},"author":1,"featured_media":0,"parent":0,"menu_order":0,"comment_status":"closed","ping_status":"closed","template":"","meta":{"footnotes":""},"class_list":["post-848","page","type-page","status-publish","hentry"],"yoast_head":"<!-- This site is optimized with the Yoast SEO plugin v26.9 - https:\/\/yoast.com\/product\/yoast-seo-wordpress\/ -->\n<title>Las condiciones de la eTA para viajar a Canad\u00e1<\/title>\n<meta name=\"description\" content=\"\u00bfVa a viajar pronto a Canad\u00e1, pero no conoce las condiciones de elegibilidad de la eTA? Te lo explicamos todo en detalle en este art\u00edculo.\" \/>\n<meta name=\"robots\" content=\"index, follow, max-snippet:-1, max-image-preview:large, max-video-preview:-1\" \/>\n<link rel=\"canonical\" href=\"https:\/\/ave-eta-canada.com\/es\/todo-sobre-las-condiciones-del-eta-para-viajar-a-canada\/\" \/>\n<meta property=\"og:locale\" content=\"es_ES\" \/>\n<meta property=\"og:type\" content=\"article\" \/>\n<meta property=\"og:title\" content=\"Las condiciones de la eTA para viajar a Canad\u00e1\" \/>\n<meta property=\"og:description\" content=\"\u00bfVa a viajar pronto a Canad\u00e1, pero no conoce las condiciones de elegibilidad de la eTA? Te lo explicamos todo en detalle en este art\u00edculo.\" \/>\n<meta property=\"og:url\" content=\"https:\/\/ave-eta-canada.com\/es\/todo-sobre-las-condiciones-del-eta-para-viajar-a-canada\/\" \/>\n<meta property=\"og:site_name\" content=\"VISA CANAD\u00c1\" \/>\n<meta property=\"article:modified_time\" content=\"2022-05-14T17:10:18+00:00\" \/>\n<meta name=\"twitter:card\" content=\"summary_large_image\" \/>\n<meta name=\"twitter:label1\" content=\"Tiempo de lectura\" \/>\n\t<meta name=\"twitter:data1\" content=\"4 minutos\" \/>\n<script type=\"application\/ld+json\" class=\"yoast-schema-graph\">{\"@context\":\"https:\/\/schema.org\",\"@graph\":[{\"@type\":\"WebPage\",\"@id\":\"https:\/\/ave-eta-canada.com\/es\/todo-sobre-las-condiciones-del-eta-para-viajar-a-canada\/\",\"url\":\"https:\/\/ave-eta-canada.com\/es\/todo-sobre-las-condiciones-del-eta-para-viajar-a-canada\/\",\"name\":\"Las condiciones de la eTA para viajar a Canad\u00e1\",\"isPartOf\":{\"@id\":\"https:\/\/ave-eta-canada.com\/es\/#website\"},\"datePublished\":\"2020-04-23T19:10:54+00:00\",\"dateModified\":\"2022-05-14T17:10:18+00:00\",\"description\":\"\u00bfVa a viajar pronto a Canad\u00e1, pero no conoce las condiciones de elegibilidad de la eTA? Te lo explicamos todo en detalle en este art\u00edculo.\",\"breadcrumb\":{\"@id\":\"https:\/\/ave-eta-canada.com\/es\/todo-sobre-las-condiciones-del-eta-para-viajar-a-canada\/#breadcrumb\"},\"inLanguage\":\"es\",\"potentialAction\":[{\"@type\":\"ReadAction\",\"target\":[\"https:\/\/ave-eta-canada.com\/es\/todo-sobre-las-condiciones-del-eta-para-viajar-a-canada\/\"]}]},{\"@type\":\"BreadcrumbList\",\"@id\":\"https:\/\/ave-eta-canada.com\/es\/todo-sobre-las-condiciones-del-eta-para-viajar-a-canada\/#breadcrumb\",\"itemListElement\":[{\"@type\":\"ListItem\",\"position\":1,\"name\":\"Home\",\"item\":\"https:\/\/ave-eta-canada.com\/es\/\"},{\"@type\":\"ListItem\",\"position\":2,\"name\":\"Las condiciones de la eTA para viajar a Canad\u00e1\"}]},{\"@type\":\"WebSite\",\"@id\":\"https:\/\/ave-eta-canada.com\/es\/#website\",\"url\":\"https:\/\/ave-eta-canada.com\/es\/\",\"name\":\"VISA CANAD\u00c1\",\"description\":\"Autorisation Voyage Electronique\",\"potentialAction\":[{\"@type\":\"SearchAction\",\"target\":{\"@type\":\"EntryPoint\",\"urlTemplate\":\"https:\/\/ave-eta-canada.com\/es\/?s={search_term_string}\"},\"query-input\":{\"@type\":\"PropertyValueSpecification\",\"valueRequired\":true,\"valueName\":\"search_term_string\"}}],\"inLanguage\":\"es\"}]}<\/script>\n<!-- \/ Yoast SEO plugin. -->","yoast_head_json":{"title":"Las condiciones de la eTA para viajar a Canad\u00e1","description":"\u00bfVa a viajar pronto a Canad\u00e1, pero no conoce las condiciones de elegibilidad de la eTA? Te lo explicamos todo en detalle en este art\u00edculo.","robots":{"index":"index","follow":"follow","max-snippet":"max-snippet:-1","max-image-preview":"max-image-preview:large","max-video-preview":"max-video-preview:-1"},"canonical":"https:\/\/ave-eta-canada.com\/es\/todo-sobre-las-condiciones-del-eta-para-viajar-a-canada\/","og_locale":"es_ES","og_type":"article","og_title":"Las condiciones de la eTA para viajar a Canad\u00e1","og_description":"\u00bfVa a viajar pronto a Canad\u00e1, pero no conoce las condiciones de elegibilidad de la eTA? Te lo explicamos todo en detalle en este art\u00edculo.","og_url":"https:\/\/ave-eta-canada.com\/es\/todo-sobre-las-condiciones-del-eta-para-viajar-a-canada\/","og_site_name":"VISA CANAD\u00c1","article_modified_time":"2022-05-14T17:10:18+00:00","twitter_card":"summary_large_image","twitter_misc":{"Tiempo de lectura":"4 minutos"},"schema":{"@context":"https:\/\/schema.org","@graph":[{"@type":"WebPage","@id":"https:\/\/ave-eta-canada.com\/es\/todo-sobre-las-condiciones-del-eta-para-viajar-a-canada\/","url":"https:\/\/ave-eta-canada.com\/es\/todo-sobre-las-condiciones-del-eta-para-viajar-a-canada\/","name":"Las condiciones de la eTA para viajar a Canad\u00e1","isPartOf":{"@id":"https:\/\/ave-eta-canada.com\/es\/#website"},"datePublished":"2020-04-23T19:10:54+00:00","dateModified":"2022-05-14T17:10:18+00:00","description":"\u00bfVa a viajar pronto a Canad\u00e1, pero no conoce las condiciones de elegibilidad de la eTA? Te lo explicamos todo en detalle en este art\u00edculo.","breadcrumb":{"@id":"https:\/\/ave-eta-canada.com\/es\/todo-sobre-las-condiciones-del-eta-para-viajar-a-canada\/#breadcrumb"},"inLanguage":"es","potentialAction":[{"@type":"ReadAction","target":["https:\/\/ave-eta-canada.com\/es\/todo-sobre-las-condiciones-del-eta-para-viajar-a-canada\/"]}]},{"@type":"BreadcrumbList","@id":"https:\/\/ave-eta-canada.com\/es\/todo-sobre-las-condiciones-del-eta-para-viajar-a-canada\/#breadcrumb","itemListElement":[{"@type":"ListItem","position":1,"name":"Home","item":"https:\/\/ave-eta-canada.com\/es\/"},{"@type":"ListItem","position":2,"name":"Las condiciones de la eTA para viajar a Canad\u00e1"}]},{"@type":"WebSite","@id":"https:\/\/ave-eta-canada.com\/es\/#website","url":"https:\/\/ave-eta-canada.com\/es\/","name":"VISA CANAD\u00c1","description":"Autorisation Voyage Electronique","potentialAction":[{"@type":"SearchAction","target":{"@type":"EntryPoint","urlTemplate":"https:\/\/ave-eta-canada.com\/es\/?s={search_term_string}"},"query-input":{"@type":"PropertyValueSpecification","valueRequired":true,"valueName":"search_term_string"}}],"inLanguage":"es"}]}},"_links":{"self":[{"href":"https:\/\/ave-eta-canada.com\/es\/wp-json\/wp\/v2\/pages\/848","targetHints":{"allow":["GET"]}}],"collection":[{"href":"https:\/\/ave-eta-canada.com\/es\/wp-json\/wp\/v2\/pages"}],"about":[{"href":"https:\/\/ave-eta-canada.com\/es\/wp-json\/wp\/v2\/types\/page"}],"author":[{"embeddable":true,"href":"https:\/\/ave-eta-canada.com\/es\/wp-json\/wp\/v2\/users\/1"}],"replies":[{"embeddable":true,"href":"https:\/\/ave-eta-canada.com\/es\/wp-json\/wp\/v2\/comments?post=848"}],"version-history":[{"count":0,"href":"https:\/\/ave-eta-canada.com\/es\/wp-json\/wp\/v2\/pages\/848\/revisions"}],"wp:attachment":[{"href":"https:\/\/ave-eta-canada.com\/es\/wp-json\/wp\/v2\/media?parent=848"}],"curies":[{"name":"wp","href":"https:\/\/api.w.org\/{rel}","templated":true}]}}