{"id":850,"date":"2020-04-23T19:20:14","date_gmt":"2020-04-23T19:20:14","guid":{"rendered":"https:\/\/ave-eta-canada.com\/es-esencial-una-visa-para-viajar-a-canada\/"},"modified":"2022-05-14T19:59:00","modified_gmt":"2022-05-14T19:59:00","slug":"es-esencial-una-visa-para-viajar-a-canada","status":"publish","type":"page","link":"https:\/\/ave-eta-canada.com\/es\/es-esencial-una-visa-para-viajar-a-canada\/","title":{"rendered":"\u00bfEs imprescindible una visa para viajar a Canad\u00e1?"},"content":{"rendered":"\n<h1 class=\"wp-block-heading\">\u00bfSe requiere visa para ingresar a Canad\u00e1?<\/h1>\n\n<p>Ya sea una estad\u00eda en Canad\u00e1 por turismo, motivos profesionales o incluso de tr\u00e1nsito, el gobierno canadiense impone sistem\u00e1ticamente una autorizaci\u00f3n de viaje para ingresar al territorio nacional. <\/p>\n\n<p><strong>Para una estad\u00eda de menos de 6 meses en Canad\u00e1<\/strong> : Puede realizar los tr\u00e1mites para ingresar a Canad\u00e1 directamente a trav\u00e9s de Internet haciendo clic en el <a href=\"https:\/\/ave-eta-canada.com\/es\/formulario-de-eta-canada-en-linea\/\">formulario en l\u00ednea<\/a>. No es necesario obtener una cita en la embajada o consulado canadiense.<\/p>\n\n<p>Por lo tanto, no es necesario solicitar una visa de Canad\u00e1, es suficiente una Autorizaci\u00f3n de viaje: la Autorizaci\u00f3n de viaje electr\u00f3nica (eTA). Descubra en este art\u00edculo en qu\u00e9 situaciones se librar\u00e1 de los largos y costosos tr\u00e1mites para obtener una visa de Canad\u00e1. <\/p>\n\n<h2 class=\"wp-block-heading\"><br\/>La eTA de Canad\u00e1: una alternativa al visado<\/h2>\n\n<p>La <a href=\"https:\/\/ave-eta-canada.com\/es\/\">Autorizaci\u00f3n Electr\u00f3nica de Viaje<\/a> o <a href=\"https:\/\/ave-eta-canada.com\/es\/que-es-eta-canada\/\">eTA<\/a> en ingl\u00e9s entr\u00f3 en vigor en 2016. Su modo de funcionamiento es similar al ESTA para USA, es decir que solo se obtiene online y permite viajar sin visado.<\/p>\n\n<h3 class=\"wp-block-heading\">\u00bfCu\u00e1les son las diferencias entre la visa de Canad\u00e1 y la eTA?<\/h3>\n\n<p>La eTA no pretende reemplazar la visa de Canad\u00e1, estos dos documentos de viaje no est\u00e1n destinados a las mismas personas y se emiten bajo diferentes condiciones de estad\u00eda. En concreto, el eTA s\u00f3lo se aplica en caso de estancia corta en suelo canadiense. As\u00ed, la <a href=\"https:\/\/ave-eta-canada.com\/es\/eta-o-esta-que-autorizacion-de-viaje-elegir-para-su-estadia\/\">duraci\u00f3n m\u00e1xima de un viaje a Canad\u00e1<\/a> con una eTA es de 6 meses. Si la estad\u00eda excede un d\u00eda m\u00e1s, es indispensable la solicitud de visa en la Embajada de Canad\u00e1.<\/p>\n\n<p>Adem\u00e1s de la duraci\u00f3n del viaje, el motivo de la estad\u00eda es importante para determinar si debe viajar con una eTA o una visa de Canad\u00e1. El IRCC (Inmigraci\u00f3n, Refugiados y Ciudadan\u00eda de Canad\u00e1), la autoridad canadiense encargada de emitir las eTA, ha definido casos muy espec\u00edficos para obtener esta autorizaci\u00f3n de viaje. As\u00ed, el eTA s\u00f3lo se aplica en los siguientes casos:<\/p>\n\n<ul class=\"wp-block-list\"><li>viaje tur\u00edstico;<\/li><li>viaje de negocios (asistir a una conferencia, visitar a un cliente, firmar un contrato, etc.). Si su objetivo es estudiar en Canad\u00e1, trabajar o incluso hacer una pasant\u00eda, necesitar\u00e1 obtener una visa;<\/li><li>tr\u00e1nsito a otro pa\u00eds.<\/li><\/ul>\n\n<p>El modo de entrada a Canad\u00e1 tambi\u00e9n es muy importante. La eTA solo autoriza viajar a Canad\u00e1 por v\u00eda a\u00e9rea. En caso de llegada por tierra o mar, solo se autorizar\u00e1 la visa.<\/p>\n\n<p>Finalmente, la nacionalidad del nacional tambi\u00e9n determina la elecci\u00f3n de la autorizaci\u00f3n de viaje. Todos los extranjeros de un pa\u00eds exento de visa pueden obtener un permiso de residencia temporal. Todos los ciudadanos de la UE, as\u00ed como Australia, Nueva Zelanda o Jap\u00f3n, se ven afectados por esta exenci\u00f3n de visa de Canad\u00e1. Si no es ciudadano de un pa\u00eds exento de visa, entonces deber\u00e1 solicitar una visa TRV (visa de residente temporal) de Canad\u00e1 en la Embajada de Canad\u00e1.<\/p>\n\n<h3 class=\"wp-block-heading\">La solicitud de una eTA<\/h3>\n\n<p>Si est\u00e1 seguro de cumplir con las condiciones de elegibilidad mencionadas anteriormente, puede pasar al siguiente paso: completar el formulario en l\u00ednea.<\/p>\n\n<p>El prop\u00f3sito de este formulario es verificar que usted no representa ning\u00fan peligro para la seguridad interna del pa\u00eds y que no desea emigrar a Canad\u00e1.<\/p>\n\n<p>La solicitud del eTA se realiza exclusivamente online. Puede acceder al formulario en el sitio web oficial del gobierno federal canadiense o a trav\u00e9s de nuestro sitio asociado. Si eliges esta segunda opci\u00f3n, te beneficiar\u00e1s de un soporte personalizado para ayudarte en este proceso.<\/p>\n\n<p>La solicitud de eTA es sistem\u00e1ticamente de pago, sin embargo, su precio es muy inferior al del visado.<\/p>\n\n<h2 class=\"wp-block-heading\">Trabajar en Canad\u00e1: imposible sin permiso de trabajo<\/h2>\n\n<p>Si su plan es trabajar temporalmente en Canad\u00e1, deber\u00e1 solicitar un permiso de trabajo.<\/p>\n\n<p>Tenga cuidado, si planea realizar una pasant\u00eda en Canad\u00e1, sepa que tambi\u00e9n deber\u00e1 solicitar un permiso de trabajo. De hecho, el Gobierno de Canad\u00e1 no hace distinci\u00f3n entre trabajos tradicionales y pasant\u00edas. Estos \u00faltimos se consideran puestos de trabajo por derecho propio, independientemente de la duraci\u00f3n de las pr\u00e1cticas y de la remuneraci\u00f3n.<\/p>\n\n<p><a href=\"https:\/\/ave-eta-canada.com\/es\/whv-canada-como-obtener-un-permiso-de-vacaciones-de-trabajo\/\">La solicitud de un permiso de trabajo<\/a> se puede realizar a trav\u00e9s de un formulario en papel o simplemente en l\u00ednea. Si elige la segunda opci\u00f3n, todo lo que tiene que hacer es ir al sitio web oficial del gobierno canadiense y luego proporcionar la siguiente informaci\u00f3n:<\/p>\n\n<ul class=\"wp-block-list\"><li>informaci\u00f3n personal sobre el estado civil;<\/li><li>una oferta de trabajo de su empleador;<\/li><li>documentos de respaldo que demuestren que sus habilidades son suficientes para cumplir con los requisitos del puesto (diploma, certificado de su antiguo empleador, etc.).<\/li><\/ul>\n\n<p>Tambi\u00e9n se le pedir\u00e1 que proporcione sus datos biom\u00e9tricos (huellas dactilares y una identificaci\u00f3n con foto). Para realizar este tr\u00e1mite, trae tu tarjeta de cr\u00e9dito. Tendr\u00e1 que pagar algunas tarifas de procesamiento.<\/p>\n\n<p>Tenga en cuenta que si no es de un pa\u00eds exento de visa, tambi\u00e9n deber\u00e1 solicitar una visa de residente temporal.<\/p>\n\n<h2 class=\"wp-block-heading\"><br\/>Visa Canad\u00e1: el PVT<\/h2>\n\n<p>El permiso de vacaciones con trabajo (WHV) de Canad\u00e1, tambi\u00e9n llamado visa de vacaciones con trabajo, se estableci\u00f3 como parte del programa International Experience Canada (IEC). Su objetivo es fomentar los intercambios de j\u00f3venes entre Canad\u00e1 y 32 pa\u00edses socios (los franceses son elegibles para este esquema).<\/p>\n\n<p>El PVT Canad\u00e1 es un permiso de trabajo que le permite permanecer en Canad\u00e1 por un m\u00e1ximo de 24 meses. Su principal ventaja es la libertad y flexibilidad que ofrece. En efecto, no impone encontrar un empleador antes de la salida y autoriza a cambiar de empresa tantas veces como se desee durante todo su per\u00edodo de validez y en todo el territorio (Toronto, Ottawa, Vancouver, Quebec\u2026). Adem\u00e1s, como su nombre indica, tambi\u00e9n te permite quedarte con fines tur\u00edsticos: eres libre de trabajar y visitar Canad\u00e1 como mejor te parezca.<\/p>\n\n<p>Como cualquier autorizaci\u00f3n de viaje, el PVT est\u00e1 sujeto a algunos requisitos previos. Estos son los puntos principales a respetar para ser elegible para el PVT Canad\u00e1:<\/p>\n\n<ul class=\"wp-block-list\"><li>tener un pasaporte v\u00e1lido (pasaporte biom\u00e9trico o electr\u00f3nico);<\/li><li>tener entre 18 y 35 a\u00f1os inclusive;<\/li><li>tener al menos CA $ 2,500 para cubrir los gastos iniciales;<\/li><li>contratar un seguro de viaje;<\/li><li>estar en posesi\u00f3n de un billete de avi\u00f3n de ida y vuelta o demostrar que dispone de recursos econ\u00f3micos suficientes para comprar un billete de ida y vuelta al final de la estancia;<\/li><li>ser admisible en Canad\u00e1, es decir, no representar un riesgo para la seguridad interna (o la salud) de Canad\u00e1.<\/li><\/ul>\n\n<p>Al igual que la eTA, la solicitud en l\u00ednea de un PVT Canada se realiza en el sitio web del gobierno canadiense a trav\u00e9s del servicio Immigration Canada.<\/p>\n\n<p>Tenga en cuenta que, debido a la creciente popularidad del PVT, el <a href=\"https:\/\/www.canada.ca\/\">gobierno canadiense<\/a> ha establecido un sistema de cuotas para cada pa\u00eds. As\u00ed, tu solicitud de admisi\u00f3n a la PVT estar\u00e1 sujeta a sorteo. Por tanto, la obtenci\u00f3n del PVT depende principalmente del factor suerte.<\/p>\n\n<p>Tenga en cuenta que los diversos documentos de viaje mencionados anteriormente no son de ninguna manera documentos de inmigraci\u00f3n. Si su objetivo es emigrar y vivir en Canad\u00e1 a largo plazo, deber\u00e1 <a href=\"https:\/\/ave-eta-canada.com\/es\/visa-o-eta-canada\/\">solicitar una tarjeta de residente permanente<\/a> , que es mucho m\u00e1s dif\u00edcil de obtener.<\/p>\n","protected":false},"excerpt":{"rendered":"<p>\u00bfSe requiere visa para ingresar a Canad\u00e1? Ya sea una estad\u00eda en Canad\u00e1 por turismo, motivos profesionales o incluso de tr\u00e1nsito, el gobierno canadiense impone sistem\u00e1ticamente una autorizaci\u00f3n de viaje para ingresar al territorio nacional. Para una estad\u00eda de menos de 6 meses en Canad\u00e1 : Puede realizar los tr\u00e1mites para ingresar a Canad\u00e1 directamente [&hellip;]<\/p>\n","protected":false},"author":1,"featured_media":0,"parent":0,"menu_order":0,"comment_status":"closed","ping_status":"closed","template":"","meta":{"footnotes":""},"class_list":["post-850","page","type-page","status-publish","hentry"],"yoast_head":"<!-- This site is optimized with the Yoast SEO plugin v26.9 - https:\/\/yoast.com\/product\/yoast-seo-wordpress\/ -->\n<title>\u00bfEs imprescindible una visa para viajar a Canad\u00e1?<\/title>\n<meta name=\"description\" content=\"a veces es posible estar exento de visa para viajar a Canad\u00e1. Descubra en este art\u00edculo c\u00f3mo permanecer en el pa\u00eds del arce sin visa.\" \/>\n<meta name=\"robots\" content=\"index, follow, max-snippet:-1, max-image-preview:large, max-video-preview:-1\" \/>\n<link rel=\"canonical\" href=\"https:\/\/ave-eta-canada.com\/es\/es-esencial-una-visa-para-viajar-a-canada\/\" \/>\n<meta property=\"og:locale\" content=\"es_ES\" \/>\n<meta property=\"og:type\" content=\"article\" \/>\n<meta property=\"og:title\" content=\"\u00bfEs imprescindible una visa para viajar a Canad\u00e1?\" \/>\n<meta property=\"og:description\" content=\"a veces es posible estar exento de visa para viajar a Canad\u00e1. Descubra en este art\u00edculo c\u00f3mo permanecer en el pa\u00eds del arce sin visa.\" \/>\n<meta property=\"og:url\" content=\"https:\/\/ave-eta-canada.com\/es\/es-esencial-una-visa-para-viajar-a-canada\/\" \/>\n<meta property=\"og:site_name\" content=\"VISA CANAD\u00c1\" \/>\n<meta property=\"article:modified_time\" content=\"2022-05-14T19:59:00+00:00\" \/>\n<meta name=\"twitter:card\" content=\"summary_large_image\" \/>\n<meta name=\"twitter:label1\" content=\"Tiempo de lectura\" \/>\n\t<meta name=\"twitter:data1\" content=\"6 minutos\" \/>\n<script type=\"application\/ld+json\" class=\"yoast-schema-graph\">{\"@context\":\"https:\/\/schema.org\",\"@graph\":[{\"@type\":\"WebPage\",\"@id\":\"https:\/\/ave-eta-canada.com\/es\/es-esencial-una-visa-para-viajar-a-canada\/\",\"url\":\"https:\/\/ave-eta-canada.com\/es\/es-esencial-una-visa-para-viajar-a-canada\/\",\"name\":\"\u00bfEs imprescindible una visa para viajar a Canad\u00e1?\",\"isPartOf\":{\"@id\":\"https:\/\/ave-eta-canada.com\/es\/#website\"},\"datePublished\":\"2020-04-23T19:20:14+00:00\",\"dateModified\":\"2022-05-14T19:59:00+00:00\",\"description\":\"a veces es posible estar exento de visa para viajar a Canad\u00e1. Descubra en este art\u00edculo c\u00f3mo permanecer en el pa\u00eds del arce sin visa.\",\"breadcrumb\":{\"@id\":\"https:\/\/ave-eta-canada.com\/es\/es-esencial-una-visa-para-viajar-a-canada\/#breadcrumb\"},\"inLanguage\":\"es\",\"potentialAction\":[{\"@type\":\"ReadAction\",\"target\":[\"https:\/\/ave-eta-canada.com\/es\/es-esencial-una-visa-para-viajar-a-canada\/\"]}]},{\"@type\":\"BreadcrumbList\",\"@id\":\"https:\/\/ave-eta-canada.com\/es\/es-esencial-una-visa-para-viajar-a-canada\/#breadcrumb\",\"itemListElement\":[{\"@type\":\"ListItem\",\"position\":1,\"name\":\"Home\",\"item\":\"https:\/\/ave-eta-canada.com\/es\/\"},{\"@type\":\"ListItem\",\"position\":2,\"name\":\"\u00bfEs imprescindible una visa para viajar a Canad\u00e1?\"}]},{\"@type\":\"WebSite\",\"@id\":\"https:\/\/ave-eta-canada.com\/es\/#website\",\"url\":\"https:\/\/ave-eta-canada.com\/es\/\",\"name\":\"VISA CANAD\u00c1\",\"description\":\"Autorisation Voyage Electronique\",\"potentialAction\":[{\"@type\":\"SearchAction\",\"target\":{\"@type\":\"EntryPoint\",\"urlTemplate\":\"https:\/\/ave-eta-canada.com\/es\/?s={search_term_string}\"},\"query-input\":{\"@type\":\"PropertyValueSpecification\",\"valueRequired\":true,\"valueName\":\"search_term_string\"}}],\"inLanguage\":\"es\"}]}<\/script>\n<!-- \/ Yoast SEO plugin. -->","yoast_head_json":{"title":"\u00bfEs imprescindible una visa para viajar a Canad\u00e1?","description":"a veces es posible estar exento de visa para viajar a Canad\u00e1. Descubra en este art\u00edculo c\u00f3mo permanecer en el pa\u00eds del arce sin visa.","robots":{"index":"index","follow":"follow","max-snippet":"max-snippet:-1","max-image-preview":"max-image-preview:large","max-video-preview":"max-video-preview:-1"},"canonical":"https:\/\/ave-eta-canada.com\/es\/es-esencial-una-visa-para-viajar-a-canada\/","og_locale":"es_ES","og_type":"article","og_title":"\u00bfEs imprescindible una visa para viajar a Canad\u00e1?","og_description":"a veces es posible estar exento de visa para viajar a Canad\u00e1. Descubra en este art\u00edculo c\u00f3mo permanecer en el pa\u00eds del arce sin visa.","og_url":"https:\/\/ave-eta-canada.com\/es\/es-esencial-una-visa-para-viajar-a-canada\/","og_site_name":"VISA CANAD\u00c1","article_modified_time":"2022-05-14T19:59:00+00:00","twitter_card":"summary_large_image","twitter_misc":{"Tiempo de lectura":"6 minutos"},"schema":{"@context":"https:\/\/schema.org","@graph":[{"@type":"WebPage","@id":"https:\/\/ave-eta-canada.com\/es\/es-esencial-una-visa-para-viajar-a-canada\/","url":"https:\/\/ave-eta-canada.com\/es\/es-esencial-una-visa-para-viajar-a-canada\/","name":"\u00bfEs imprescindible una visa para viajar a Canad\u00e1?","isPartOf":{"@id":"https:\/\/ave-eta-canada.com\/es\/#website"},"datePublished":"2020-04-23T19:20:14+00:00","dateModified":"2022-05-14T19:59:00+00:00","description":"a veces es posible estar exento de visa para viajar a Canad\u00e1. Descubra en este art\u00edculo c\u00f3mo permanecer en el pa\u00eds del arce sin visa.","breadcrumb":{"@id":"https:\/\/ave-eta-canada.com\/es\/es-esencial-una-visa-para-viajar-a-canada\/#breadcrumb"},"inLanguage":"es","potentialAction":[{"@type":"ReadAction","target":["https:\/\/ave-eta-canada.com\/es\/es-esencial-una-visa-para-viajar-a-canada\/"]}]},{"@type":"BreadcrumbList","@id":"https:\/\/ave-eta-canada.com\/es\/es-esencial-una-visa-para-viajar-a-canada\/#breadcrumb","itemListElement":[{"@type":"ListItem","position":1,"name":"Home","item":"https:\/\/ave-eta-canada.com\/es\/"},{"@type":"ListItem","position":2,"name":"\u00bfEs imprescindible una visa para viajar a Canad\u00e1?"}]},{"@type":"WebSite","@id":"https:\/\/ave-eta-canada.com\/es\/#website","url":"https:\/\/ave-eta-canada.com\/es\/","name":"VISA CANAD\u00c1","description":"Autorisation Voyage Electronique","potentialAction":[{"@type":"SearchAction","target":{"@type":"EntryPoint","urlTemplate":"https:\/\/ave-eta-canada.com\/es\/?s={search_term_string}"},"query-input":{"@type":"PropertyValueSpecification","valueRequired":true,"valueName":"search_term_string"}}],"inLanguage":"es"}]}},"_links":{"self":[{"href":"https:\/\/ave-eta-canada.com\/es\/wp-json\/wp\/v2\/pages\/850","targetHints":{"allow":["GET"]}}],"collection":[{"href":"https:\/\/ave-eta-canada.com\/es\/wp-json\/wp\/v2\/pages"}],"about":[{"href":"https:\/\/ave-eta-canada.com\/es\/wp-json\/wp\/v2\/types\/page"}],"author":[{"embeddable":true,"href":"https:\/\/ave-eta-canada.com\/es\/wp-json\/wp\/v2\/users\/1"}],"replies":[{"embeddable":true,"href":"https:\/\/ave-eta-canada.com\/es\/wp-json\/wp\/v2\/comments?post=850"}],"version-history":[{"count":0,"href":"https:\/\/ave-eta-canada.com\/es\/wp-json\/wp\/v2\/pages\/850\/revisions"}],"wp:attachment":[{"href":"https:\/\/ave-eta-canada.com\/es\/wp-json\/wp\/v2\/media?parent=850"}],"curies":[{"name":"wp","href":"https:\/\/api.w.org\/{rel}","templated":true}]}}