{"id":852,"date":"2020-04-24T13:11:34","date_gmt":"2020-04-24T13:11:34","guid":{"rendered":"https:\/\/ave-eta-canada.com\/privacidad-y-proteccion-de-datos\/"},"modified":"2022-09-09T16:27:38","modified_gmt":"2022-09-09T16:27:38","slug":"privacidad-y-proteccion-de-datos","status":"publish","type":"page","link":"https:\/\/ave-eta-canada.com\/es\/privacidad-y-proteccion-de-datos\/","title":{"rendered":"Privacidad y protecci\u00f3n de datos"},"content":{"rendered":"\n<h1 class=\"wp-block-heading\">Nuestra pol\u00edtica de privacidad<\/h1>\n\n<p>Somos un sitio de informaci\u00f3n sobre los tr\u00e1mites necesarios para viajar a Canad\u00e1. Nos tomamos muy en serio la privacidad de nuestros visitantes. A continuaci\u00f3n se presenta nuestra pol\u00edtica completa de protecci\u00f3n de datos personales.<\/p>\n\n<h2 class=\"wp-block-heading\">La recopilaci\u00f3n de informaci\u00f3n en el sitio<\/h2>\n\n<p>La siguiente es una lista completa de la informaci\u00f3n personal que puede ser recogida en nuestro sitio, almacenada y utilizada:<\/p>\n\n<ul class=\"wp-block-list\"><li>Sobre su ordenador: su direcci\u00f3n IP, su ubicaci\u00f3n, su navegador, su sistema operativo;<\/li><li>Con respecto a su navegaci\u00f3n en el sitio: la duraci\u00f3n de su visita, las p\u00e1ginas visitadas, su ruta de navegaci\u00f3n;<\/li><\/ul>\n\n<h2 class=\"wp-block-heading\">Uso de los datos recogidos<\/h2>\n\n<p>No proporcionamos su informaci\u00f3n personal a terceros. No utilizamos los datos recogidos con fines comerciales o de marketing directo.<\/p>\n\n<h2 class=\"wp-block-heading\">Duraci\u00f3n de la conservaci\u00f3n de los datos<\/h2>\n\n<p>Los datos recogidos se eliminan regularmente, lo que significa que no conservamos ning\u00fan contenido de correo electr\u00f3nico que nos haya sido enviado durante m\u00e1s de un mes. No hacemos ning\u00fan uso comercial de los datos de navegaci\u00f3n.<\/p>\n\n<p>Actualizaci\u00f3n de la informaci\u00f3n conservada: Le rogamos que nos comunique si desea que la informaci\u00f3n personal que conservamos sobre usted se corrija o actualice durante el tiempo que la conservamos.<\/p>\n\n<h2 class=\"wp-block-heading\">Seguridad de sus datos personales<\/h2>\n\n<p>Tomamos precauciones t\u00e9cnicas para evitar el robo de la informaci\u00f3n personal contenida en nuestra base de datos durante su tiempo de conservaci\u00f3n, aunque sea limitado. Almacenaremos toda la informaci\u00f3n personal enviada en nuestros servidores seguros.<\/p>\n\n<h2 class=\"wp-block-heading\">Sus derechos sobre los datos personales<\/h2>\n\n<p>Tiene derecho a pedirnos que le comuniquemos cualquier informaci\u00f3n personal que tengamos sobre usted; esto puede hacerse presentando una prueba de su identidad (fotocopia compulsada del pasaporte + factura que muestre su domicilio).<\/p>\n\n<h2 class=\"wp-block-heading\">Actualizaci\u00f3n de esta pol\u00edtica de privacidad<\/h2>\n\n<p>Esta pol\u00edtica se actualiza peri\u00f3dicamente. Es necesario comprobar esta p\u00e1gina cuando se utiliza el sitio para conocer los cambios en la pol\u00edtica de privacidad.<\/p>\n\n<h2 class=\"wp-block-heading\">Enlaces contextuales a sitios web de terceros<\/h2>\n\n<p>Nuestro sitio web contiene una serie de hiperv\u00ednculos a sitios web de terceros e informaci\u00f3n sobre ellos. No tenemos ning\u00fan control sobre estos sitios, y no somos responsables de sus pol\u00edticas de privacidad o de sus pr\u00e1cticas comerciales o de marketing.<\/p>\n\n<h2 class=\"wp-block-heading\">Galletas<\/h2>\n\n<p>Nuestro sitio web utiliza cookies. Una cookie es un archivo que contiene un identificador (una cadena de letras y n\u00fameros) enviado por un servidor web a un navegador y almacenado por \u00e9ste. El identificador se devuelve al servidor cada vez que el navegador solicita una p\u00e1gina del servidor. Las cookies pueden ser \u00abpersistentes\u00bb o \u00abde sesi\u00f3n\u00bb: una cookie persistente es almacenada por el navegador y sigue siendo v\u00e1lida hasta su fecha de caducidad, a menos que el usuario la elimine antes de esa fecha; una cookie de sesi\u00f3n caduca al final de la sesi\u00f3n del usuario, cuando se cierra el navegador. Por lo general, las cookies no contienen ninguna informaci\u00f3n personal identificable sobre un usuario, pero la informaci\u00f3n personal que almacenamos sobre usted puede estar vinculada a la informaci\u00f3n almacenada y obtenida de las cookies. En nuestro sitio web s\u00f3lo utilizamos cookies de sesi\u00f3n y no cookies persistentes.<\/p>\n","protected":false},"excerpt":{"rendered":"<p>Nuestra pol\u00edtica de privacidad Somos un sitio de informaci\u00f3n sobre los tr\u00e1mites necesarios para viajar a Canad\u00e1. Nos tomamos muy en serio la privacidad de nuestros visitantes. A continuaci\u00f3n se presenta nuestra pol\u00edtica completa de protecci\u00f3n de datos personales. La recopilaci\u00f3n de informaci\u00f3n en el sitio La siguiente es una lista completa de la informaci\u00f3n [&hellip;]<\/p>\n","protected":false},"author":1,"featured_media":0,"parent":0,"menu_order":0,"comment_status":"closed","ping_status":"closed","template":"","meta":{"footnotes":""},"class_list":["post-852","page","type-page","status-publish","hentry"],"yoast_head":"<!-- This site is optimized with the Yoast SEO plugin v26.9 - https:\/\/yoast.com\/product\/yoast-seo-wordpress\/ -->\n<title>Privacidad y protecci\u00f3n de datos<\/title>\n<meta name=\"description\" content=\"La presente carta es parte integrante de las condiciones generales, encuentre en esta p\u00e1gina toda la informaci\u00f3n sobre la recogida de datos.\" \/>\n<meta name=\"robots\" content=\"index, follow, max-snippet:-1, max-image-preview:large, max-video-preview:-1\" \/>\n<link rel=\"canonical\" href=\"https:\/\/ave-eta-canada.com\/es\/privacidad-y-proteccion-de-datos\/\" \/>\n<meta property=\"og:locale\" content=\"es_ES\" \/>\n<meta property=\"og:type\" content=\"article\" \/>\n<meta property=\"og:title\" content=\"Privacidad y protecci\u00f3n de datos\" \/>\n<meta property=\"og:description\" content=\"La presente carta es parte integrante de las condiciones generales, encuentre en esta p\u00e1gina toda la informaci\u00f3n sobre la recogida de datos.\" \/>\n<meta property=\"og:url\" content=\"https:\/\/ave-eta-canada.com\/es\/privacidad-y-proteccion-de-datos\/\" \/>\n<meta property=\"og:site_name\" content=\"VISA CANAD\u00c1\" \/>\n<meta property=\"article:modified_time\" content=\"2022-09-09T16:27:38+00:00\" \/>\n<meta name=\"twitter:card\" content=\"summary_large_image\" \/>\n<meta name=\"twitter:label1\" content=\"Tiempo de lectura\" \/>\n\t<meta name=\"twitter:data1\" content=\"3 minutos\" \/>\n<script type=\"application\/ld+json\" class=\"yoast-schema-graph\">{\"@context\":\"https:\/\/schema.org\",\"@graph\":[{\"@type\":\"WebPage\",\"@id\":\"https:\/\/ave-eta-canada.com\/es\/privacidad-y-proteccion-de-datos\/\",\"url\":\"https:\/\/ave-eta-canada.com\/es\/privacidad-y-proteccion-de-datos\/\",\"name\":\"Privacidad y protecci\u00f3n de datos\",\"isPartOf\":{\"@id\":\"https:\/\/ave-eta-canada.com\/es\/#website\"},\"datePublished\":\"2020-04-24T13:11:34+00:00\",\"dateModified\":\"2022-09-09T16:27:38+00:00\",\"description\":\"La presente carta es parte integrante de las condiciones generales, encuentre en esta p\u00e1gina toda la informaci\u00f3n sobre la recogida de datos.\",\"breadcrumb\":{\"@id\":\"https:\/\/ave-eta-canada.com\/es\/privacidad-y-proteccion-de-datos\/#breadcrumb\"},\"inLanguage\":\"es\",\"potentialAction\":[{\"@type\":\"ReadAction\",\"target\":[\"https:\/\/ave-eta-canada.com\/es\/privacidad-y-proteccion-de-datos\/\"]}]},{\"@type\":\"BreadcrumbList\",\"@id\":\"https:\/\/ave-eta-canada.com\/es\/privacidad-y-proteccion-de-datos\/#breadcrumb\",\"itemListElement\":[{\"@type\":\"ListItem\",\"position\":1,\"name\":\"Home\",\"item\":\"https:\/\/ave-eta-canada.com\/es\/\"},{\"@type\":\"ListItem\",\"position\":2,\"name\":\"Privacidad y protecci\u00f3n de datos\"}]},{\"@type\":\"WebSite\",\"@id\":\"https:\/\/ave-eta-canada.com\/es\/#website\",\"url\":\"https:\/\/ave-eta-canada.com\/es\/\",\"name\":\"VISA CANAD\u00c1\",\"description\":\"Autorisation Voyage Electronique\",\"potentialAction\":[{\"@type\":\"SearchAction\",\"target\":{\"@type\":\"EntryPoint\",\"urlTemplate\":\"https:\/\/ave-eta-canada.com\/es\/?s={search_term_string}\"},\"query-input\":{\"@type\":\"PropertyValueSpecification\",\"valueRequired\":true,\"valueName\":\"search_term_string\"}}],\"inLanguage\":\"es\"}]}<\/script>\n<!-- \/ Yoast SEO plugin. -->","yoast_head_json":{"title":"Privacidad y protecci\u00f3n de datos","description":"La presente carta es parte integrante de las condiciones generales, encuentre en esta p\u00e1gina toda la informaci\u00f3n sobre la recogida de datos.","robots":{"index":"index","follow":"follow","max-snippet":"max-snippet:-1","max-image-preview":"max-image-preview:large","max-video-preview":"max-video-preview:-1"},"canonical":"https:\/\/ave-eta-canada.com\/es\/privacidad-y-proteccion-de-datos\/","og_locale":"es_ES","og_type":"article","og_title":"Privacidad y protecci\u00f3n de datos","og_description":"La presente carta es parte integrante de las condiciones generales, encuentre en esta p\u00e1gina toda la informaci\u00f3n sobre la recogida de datos.","og_url":"https:\/\/ave-eta-canada.com\/es\/privacidad-y-proteccion-de-datos\/","og_site_name":"VISA CANAD\u00c1","article_modified_time":"2022-09-09T16:27:38+00:00","twitter_card":"summary_large_image","twitter_misc":{"Tiempo de lectura":"3 minutos"},"schema":{"@context":"https:\/\/schema.org","@graph":[{"@type":"WebPage","@id":"https:\/\/ave-eta-canada.com\/es\/privacidad-y-proteccion-de-datos\/","url":"https:\/\/ave-eta-canada.com\/es\/privacidad-y-proteccion-de-datos\/","name":"Privacidad y protecci\u00f3n de datos","isPartOf":{"@id":"https:\/\/ave-eta-canada.com\/es\/#website"},"datePublished":"2020-04-24T13:11:34+00:00","dateModified":"2022-09-09T16:27:38+00:00","description":"La presente carta es parte integrante de las condiciones generales, encuentre en esta p\u00e1gina toda la informaci\u00f3n sobre la recogida de datos.","breadcrumb":{"@id":"https:\/\/ave-eta-canada.com\/es\/privacidad-y-proteccion-de-datos\/#breadcrumb"},"inLanguage":"es","potentialAction":[{"@type":"ReadAction","target":["https:\/\/ave-eta-canada.com\/es\/privacidad-y-proteccion-de-datos\/"]}]},{"@type":"BreadcrumbList","@id":"https:\/\/ave-eta-canada.com\/es\/privacidad-y-proteccion-de-datos\/#breadcrumb","itemListElement":[{"@type":"ListItem","position":1,"name":"Home","item":"https:\/\/ave-eta-canada.com\/es\/"},{"@type":"ListItem","position":2,"name":"Privacidad y protecci\u00f3n de datos"}]},{"@type":"WebSite","@id":"https:\/\/ave-eta-canada.com\/es\/#website","url":"https:\/\/ave-eta-canada.com\/es\/","name":"VISA CANAD\u00c1","description":"Autorisation Voyage Electronique","potentialAction":[{"@type":"SearchAction","target":{"@type":"EntryPoint","urlTemplate":"https:\/\/ave-eta-canada.com\/es\/?s={search_term_string}"},"query-input":{"@type":"PropertyValueSpecification","valueRequired":true,"valueName":"search_term_string"}}],"inLanguage":"es"}]}},"_links":{"self":[{"href":"https:\/\/ave-eta-canada.com\/es\/wp-json\/wp\/v2\/pages\/852","targetHints":{"allow":["GET"]}}],"collection":[{"href":"https:\/\/ave-eta-canada.com\/es\/wp-json\/wp\/v2\/pages"}],"about":[{"href":"https:\/\/ave-eta-canada.com\/es\/wp-json\/wp\/v2\/types\/page"}],"author":[{"embeddable":true,"href":"https:\/\/ave-eta-canada.com\/es\/wp-json\/wp\/v2\/users\/1"}],"replies":[{"embeddable":true,"href":"https:\/\/ave-eta-canada.com\/es\/wp-json\/wp\/v2\/comments?post=852"}],"version-history":[{"count":0,"href":"https:\/\/ave-eta-canada.com\/es\/wp-json\/wp\/v2\/pages\/852\/revisions"}],"wp:attachment":[{"href":"https:\/\/ave-eta-canada.com\/es\/wp-json\/wp\/v2\/media?parent=852"}],"curies":[{"name":"wp","href":"https:\/\/api.w.org\/{rel}","templated":true}]}}