{"id":854,"date":"2020-04-24T13:26:06","date_gmt":"2020-04-24T13:26:06","guid":{"rendered":"https:\/\/ave-eta-canada.com\/visa-o-eta-canada\/"},"modified":"2022-05-14T20:01:02","modified_gmt":"2022-05-14T20:01:02","slug":"visa-o-eta-canada","status":"publish","type":"page","link":"https:\/\/ave-eta-canada.com\/es\/visa-o-eta-canada\/","title":{"rendered":"\u00bfVisa o eTA Canad\u00e1?"},"content":{"rendered":"\n<h1 class=\"wp-block-heading\">\u00bfDebo solicitar una visa de Canad\u00e1 o eTA?<\/h1>\n\n<p>\u00bfTiene que solicitar una visa o una eTA Canad\u00e1 cuando quiere ir a Canad\u00e1? Elegir la autorizaci\u00f3n de viaje correcta es un paso importante en la preparaci\u00f3n de su viaje a Canad\u00e1, ya que determinar\u00e1 si puede ingresar al territorio canadiense o no.<\/p>\n\n<p><strong>Para una estad\u00eda de menos de 6 meses en Canad\u00e1<\/strong> : Puede realizar los tr\u00e1mites para ingresar a Canad\u00e1 directamente a trav\u00e9s de Internet haciendo clic en el <a href=\"https:\/\/ave-eta-canada.com\/es\/formulario-de-eta-canada-en-linea\/\">formulario en l\u00ednea<\/a>. No es necesario obtener una cita en la embajada o consulado canadiense.<\/p>\n\n<p>Entre el pasaporte en vigor a adquirir, el seguro de viaje a contratar, el alojamiento y el transporte, son muchos los tr\u00e1mites administrativos que realizar antes de partir. En este art\u00edculo, diferenciaremos las condiciones para obtener una solicitud de visa canadiense y la eTA de Canad\u00e1 para determinar qu\u00e9 documento es el m\u00e1s apropiado para su estad\u00eda.<br\/><\/p>\n\n<h2 class=\"wp-block-heading\">\u00bfSolicitud de eTA o solicitud de visa?<\/h2>\n\n<p>Antes <a href=\"https:\/\/ave-eta-canada.com\/es\/es-esencial-una-visa-para-viajar-a-canada\/\">de solicitar una visa de Canad\u00e1 o eTA<\/a> , lo mejor es informarse sobre el tema.<\/p>\n\n<h3 class=\"wp-block-heading\">Presentaci\u00f3n del eTA<\/h3>\n\n<p>La eTA de Canad\u00e1 es una autorizaci\u00f3n de viaje electr\u00f3nica que pueden obtener las personas elegibles que deseen realizar una estad\u00eda de turista, de negocios (sin remuneraci\u00f3n) o de tr\u00e1nsito en Canad\u00e1 por un per\u00edodo m\u00e1ximo de seis meses. La eTA de Canad\u00e1 solo se requiere para viajes a\u00e9reos y tiene un <a href=\"https:\/\/ave-eta-canada.com\/es\/eta-canada-periodo-de-validez\/\">per\u00edodo de validez m\u00e1ximo<\/a> de 5 a\u00f1os.<\/p>\n\n<p>La <a href=\"https:\/\/ave-eta-canada.com\/es\/\">eTA de Canad\u00e1<\/a> es un documento que solo est\u00e1 disponible en l\u00ednea. Para realizar una solicitud, debe completar el formulario en la p\u00e1gina web del gobierno o a trav\u00e9s de una empresa privada que har\u00e1 los tr\u00e1mites administrativos por usted y verificar\u00e1 todos los datos ingresados para reducir el riesgo de que su solicitud sea rechazada. . La autorizaci\u00f3n eTA est\u00e1 directamente vinculada a su pasaporte, es decir, en caso de un nuevo pasaporte, deber\u00e1 realizar una nueva solicitud de una eTA Canad\u00e1.<\/p>\n\n<h3 class=\"wp-block-heading\">Presentaci\u00f3n de la visa de Canad\u00e1<\/h3>\n\n<p>Para las personas que deseen estudiar en Canad\u00e1, trabajar o realizar una pasant\u00eda, ser\u00e1 necesario solicitar una visa canadiense. La solicitud de visa se realiza en la Embajada de Canad\u00e1 y depende de la naturaleza de la estad\u00eda:<\/p>\n\n<ul class=\"wp-block-list\"><li>visa de visitante (o visa de turista);<\/li><li>visa de estudiante;<\/li><li>permiso de trabajo ;<\/li><li>permiso de residencia temporal;<\/li><li><a href=\"https:\/\/ave-eta-canada.com\/es\/whv-canada-como-obtener-un-permiso-de-vacaciones-de-trabajo\/\">Permiso de trabajo en vacaciones o PVT<\/a><\/li><\/ul>\n\n<p>Por lo tanto, es posible trabajar en Canad\u00e1 o estudiar all\u00ed gracias a una visa. Sin embargo, este tipo de visas no son f\u00e1ciles de obtener y su solicitud debe estar bien preparada (oferta de trabajo en Canad\u00e1, registro escolar y carta de aceptaci\u00f3n, etc.).<\/p>\n\n<p>Una visa de visitante reemplaza la eTA para los nacionales de pa\u00edses que no tienen derecho a esta \u00faltima. pero tambi\u00e9n para ciertos ciudadanos que deseen viajar por tierra o mar a Canad\u00e1. Tenga en cuenta que si desea viajar a Canad\u00e1 por tierra, no necesita solicitar una visa de visitante o solicitar una eTA si es ciudadano de un pa\u00eds de la Uni\u00f3n Europea.<\/p>\n\n<p>Tambi\u00e9n existe una visa de residente permanente, pero es dif\u00edcil de obtener, porque el gobierno canadiense filtra y solo acepta perfiles que considera interesantes.<br\/><br\/><\/p>\n\n<h2 class=\"wp-block-heading\">Pagar una eTA de Canad\u00e1 o una solicitud de visa<\/h2>\n\n<p>Solicitar una visa de Canad\u00e1 o eTA no es gratis. <a href=\"https:\/\/ave-eta-canada.com\/es\/eta-canada-su-precio\/\">El precio de una eTA Canad\u00e1<\/a> se fija en 7 $ CAN, una visa cuesta entre 100 y 150 $ CAN.<\/p>\n\n<p>Ahora tiene todas las tarjetas en la mano para saber si debe solicitar una visa o una eTA Canad\u00e1. Entonces, \u00bfcrees que necesitas una visa canadiense o una eTA? \u00bfEst\u00e1s listo para visitar la tierra del carib\u00fa y el jarabe de arce?<\/p>\n","protected":false},"excerpt":{"rendered":"<p>\u00bfDebo solicitar una visa de Canad\u00e1 o eTA? \u00bfTiene que solicitar una visa o una eTA Canad\u00e1 cuando quiere ir a Canad\u00e1? Elegir la autorizaci\u00f3n de viaje correcta es un paso importante en la preparaci\u00f3n de su viaje a Canad\u00e1, ya que determinar\u00e1 si puede ingresar al territorio canadiense o no. Para una estad\u00eda de [&hellip;]<\/p>\n","protected":false},"author":1,"featured_media":0,"parent":0,"menu_order":0,"comment_status":"closed","ping_status":"closed","template":"","meta":{"footnotes":""},"class_list":["post-854","page","type-page","status-publish","hentry"],"yoast_head":"<!-- This site is optimized with the Yoast SEO plugin v26.9 - https:\/\/yoast.com\/product\/yoast-seo-wordpress\/ -->\n<title>\u00bfVisa o eTA Canad\u00e1?<\/title>\n<meta name=\"description\" content=\"Si planea ir a Canad\u00e1 pronto, necesitar\u00e1 una autorizaci\u00f3n para ingresar al territorio. Entonces, \u00bfvisado o eTA Canad\u00e1?\" \/>\n<meta name=\"robots\" content=\"index, follow, max-snippet:-1, max-image-preview:large, max-video-preview:-1\" \/>\n<link rel=\"canonical\" href=\"https:\/\/ave-eta-canada.com\/es\/visa-o-eta-canada\/\" \/>\n<meta property=\"og:locale\" content=\"es_ES\" \/>\n<meta property=\"og:type\" content=\"article\" \/>\n<meta property=\"og:title\" content=\"\u00bfVisa o eTA Canad\u00e1?\" \/>\n<meta property=\"og:description\" content=\"Si planea ir a Canad\u00e1 pronto, necesitar\u00e1 una autorizaci\u00f3n para ingresar al territorio. Entonces, \u00bfvisado o eTA Canad\u00e1?\" \/>\n<meta property=\"og:url\" content=\"https:\/\/ave-eta-canada.com\/es\/visa-o-eta-canada\/\" \/>\n<meta property=\"og:site_name\" content=\"VISA CANAD\u00c1\" \/>\n<meta property=\"article:modified_time\" content=\"2022-05-14T20:01:02+00:00\" \/>\n<meta name=\"twitter:card\" content=\"summary_large_image\" \/>\n<meta name=\"twitter:label1\" content=\"Tiempo de lectura\" \/>\n\t<meta name=\"twitter:data1\" content=\"3 minutos\" \/>\n<script type=\"application\/ld+json\" class=\"yoast-schema-graph\">{\"@context\":\"https:\/\/schema.org\",\"@graph\":[{\"@type\":\"WebPage\",\"@id\":\"https:\/\/ave-eta-canada.com\/es\/visa-o-eta-canada\/\",\"url\":\"https:\/\/ave-eta-canada.com\/es\/visa-o-eta-canada\/\",\"name\":\"\u00bfVisa o eTA Canad\u00e1?\",\"isPartOf\":{\"@id\":\"https:\/\/ave-eta-canada.com\/es\/#website\"},\"datePublished\":\"2020-04-24T13:26:06+00:00\",\"dateModified\":\"2022-05-14T20:01:02+00:00\",\"description\":\"Si planea ir a Canad\u00e1 pronto, necesitar\u00e1 una autorizaci\u00f3n para ingresar al territorio. Entonces, \u00bfvisado o eTA Canad\u00e1?\",\"breadcrumb\":{\"@id\":\"https:\/\/ave-eta-canada.com\/es\/visa-o-eta-canada\/#breadcrumb\"},\"inLanguage\":\"es\",\"potentialAction\":[{\"@type\":\"ReadAction\",\"target\":[\"https:\/\/ave-eta-canada.com\/es\/visa-o-eta-canada\/\"]}]},{\"@type\":\"BreadcrumbList\",\"@id\":\"https:\/\/ave-eta-canada.com\/es\/visa-o-eta-canada\/#breadcrumb\",\"itemListElement\":[{\"@type\":\"ListItem\",\"position\":1,\"name\":\"Home\",\"item\":\"https:\/\/ave-eta-canada.com\/es\/\"},{\"@type\":\"ListItem\",\"position\":2,\"name\":\"\u00bfVisa o eTA Canad\u00e1?\"}]},{\"@type\":\"WebSite\",\"@id\":\"https:\/\/ave-eta-canada.com\/es\/#website\",\"url\":\"https:\/\/ave-eta-canada.com\/es\/\",\"name\":\"VISA CANAD\u00c1\",\"description\":\"Autorisation Voyage Electronique\",\"potentialAction\":[{\"@type\":\"SearchAction\",\"target\":{\"@type\":\"EntryPoint\",\"urlTemplate\":\"https:\/\/ave-eta-canada.com\/es\/?s={search_term_string}\"},\"query-input\":{\"@type\":\"PropertyValueSpecification\",\"valueRequired\":true,\"valueName\":\"search_term_string\"}}],\"inLanguage\":\"es\"}]}<\/script>\n<!-- \/ Yoast SEO plugin. -->","yoast_head_json":{"title":"\u00bfVisa o eTA Canad\u00e1?","description":"Si planea ir a Canad\u00e1 pronto, necesitar\u00e1 una autorizaci\u00f3n para ingresar al territorio. Entonces, \u00bfvisado o eTA Canad\u00e1?","robots":{"index":"index","follow":"follow","max-snippet":"max-snippet:-1","max-image-preview":"max-image-preview:large","max-video-preview":"max-video-preview:-1"},"canonical":"https:\/\/ave-eta-canada.com\/es\/visa-o-eta-canada\/","og_locale":"es_ES","og_type":"article","og_title":"\u00bfVisa o eTA Canad\u00e1?","og_description":"Si planea ir a Canad\u00e1 pronto, necesitar\u00e1 una autorizaci\u00f3n para ingresar al territorio. Entonces, \u00bfvisado o eTA Canad\u00e1?","og_url":"https:\/\/ave-eta-canada.com\/es\/visa-o-eta-canada\/","og_site_name":"VISA CANAD\u00c1","article_modified_time":"2022-05-14T20:01:02+00:00","twitter_card":"summary_large_image","twitter_misc":{"Tiempo de lectura":"3 minutos"},"schema":{"@context":"https:\/\/schema.org","@graph":[{"@type":"WebPage","@id":"https:\/\/ave-eta-canada.com\/es\/visa-o-eta-canada\/","url":"https:\/\/ave-eta-canada.com\/es\/visa-o-eta-canada\/","name":"\u00bfVisa o eTA Canad\u00e1?","isPartOf":{"@id":"https:\/\/ave-eta-canada.com\/es\/#website"},"datePublished":"2020-04-24T13:26:06+00:00","dateModified":"2022-05-14T20:01:02+00:00","description":"Si planea ir a Canad\u00e1 pronto, necesitar\u00e1 una autorizaci\u00f3n para ingresar al territorio. Entonces, \u00bfvisado o eTA Canad\u00e1?","breadcrumb":{"@id":"https:\/\/ave-eta-canada.com\/es\/visa-o-eta-canada\/#breadcrumb"},"inLanguage":"es","potentialAction":[{"@type":"ReadAction","target":["https:\/\/ave-eta-canada.com\/es\/visa-o-eta-canada\/"]}]},{"@type":"BreadcrumbList","@id":"https:\/\/ave-eta-canada.com\/es\/visa-o-eta-canada\/#breadcrumb","itemListElement":[{"@type":"ListItem","position":1,"name":"Home","item":"https:\/\/ave-eta-canada.com\/es\/"},{"@type":"ListItem","position":2,"name":"\u00bfVisa o eTA Canad\u00e1?"}]},{"@type":"WebSite","@id":"https:\/\/ave-eta-canada.com\/es\/#website","url":"https:\/\/ave-eta-canada.com\/es\/","name":"VISA CANAD\u00c1","description":"Autorisation Voyage Electronique","potentialAction":[{"@type":"SearchAction","target":{"@type":"EntryPoint","urlTemplate":"https:\/\/ave-eta-canada.com\/es\/?s={search_term_string}"},"query-input":{"@type":"PropertyValueSpecification","valueRequired":true,"valueName":"search_term_string"}}],"inLanguage":"es"}]}},"_links":{"self":[{"href":"https:\/\/ave-eta-canada.com\/es\/wp-json\/wp\/v2\/pages\/854","targetHints":{"allow":["GET"]}}],"collection":[{"href":"https:\/\/ave-eta-canada.com\/es\/wp-json\/wp\/v2\/pages"}],"about":[{"href":"https:\/\/ave-eta-canada.com\/es\/wp-json\/wp\/v2\/types\/page"}],"author":[{"embeddable":true,"href":"https:\/\/ave-eta-canada.com\/es\/wp-json\/wp\/v2\/users\/1"}],"replies":[{"embeddable":true,"href":"https:\/\/ave-eta-canada.com\/es\/wp-json\/wp\/v2\/comments?post=854"}],"version-history":[{"count":0,"href":"https:\/\/ave-eta-canada.com\/es\/wp-json\/wp\/v2\/pages\/854\/revisions"}],"wp:attachment":[{"href":"https:\/\/ave-eta-canada.com\/es\/wp-json\/wp\/v2\/media?parent=854"}],"curies":[{"name":"wp","href":"https:\/\/api.w.org\/{rel}","templated":true}]}}