{"id":916,"date":"2020-04-25T11:44:57","date_gmt":"2020-04-25T11:44:57","guid":{"rendered":"https:\/\/ave-eta-canada.com\/que-es-el-eta-canada\/"},"modified":"2022-05-13T21:56:24","modified_gmt":"2022-05-13T21:56:24","slug":"que-es-el-eta-canada","status":"publish","type":"page","link":"https:\/\/ave-eta-canada.com\/es\/que-es-el-eta-canada\/","title":{"rendered":"\u00bfQu\u00e9 es la eTA de Canad\u00e1?"},"content":{"rendered":"\n<h1 class=\"wp-block-heading\">\u00bfQu\u00e9 es AVE Canad\u00e1?<\/h1>\n\n<p>La eTA de Canad\u00e1 es una autorizaci\u00f3n de viaje electr\u00f3nica que permite a los ciudadanos de ciertos pa\u00edses viajar a Canad\u00e1 por v\u00eda a\u00e9rea sin solicitar una visa en la Embajada de Canad\u00e1. Una eTA Canad\u00e1 tiene una validez de cinco a\u00f1os y le permite realizar varios viajes tur\u00edsticos de hasta seis meses durante este per\u00edodo. Tambi\u00e9n debe ser utilizado para tr\u00e1nsitos en territorio canadiense. <\/p>\n\n<p><strong>Puede completar los tr\u00e1mites para ingresar a Canad\u00e1<\/strong> directamente en Internet haciendo clic en el <a href=\"https:\/\/ave-eta-canada.com\/es\/formulario-de-eta-canada-en-linea\/\">formulario en l\u00ednea<\/a> . No es necesario obtener una cita en la embajada o consulado canadiense.<\/p>\n\n<p>Tambi\u00e9n se debe tener en cuenta que la eTA de Canad\u00e1 es un documento vinculado al pasaporte del solicitante, por lo que deja de ser v\u00e1lido una vez que el pasaporte ha caducado. Si obtiene un nuevo pasaporte durante los 5 a\u00f1os de vigencia de la eTA, deber\u00e1 presentar una nueva solicitud de autorizaci\u00f3n.<\/p>\n\n<h2 class=\"wp-block-heading\">\u00bfQui\u00e9n puede solicitar una eTA de Canad\u00e1?<\/h2>\n\n<p>Los ciudadanos de pa\u00edses con derecho a una exenci\u00f3n de visa y que deseen viajar a Canad\u00e1 por v\u00eda a\u00e9rea pueden <a href=\"https:\/\/ave-eta-canada.com\/es\/\">presentar una solicitud de eTA<\/a> para Canad\u00e1.<\/p>\n\n<h3 class=\"wp-block-heading\">Lista de pa\u00edses que pueden solicitar una eTA Canad\u00e1<\/h3>\n\n<figure class=\"wp-block-table\"><table><tbody><tr><td class=\"has-text-align-center\" data-align=\"center\">Alemania<\/td><td class=\"has-text-align-center\" data-align=\"center\">Espa\u00f1a<\/td><td class=\"has-text-align-center\" data-align=\"center\">Islandia<\/td><td class=\"has-text-align-center\" data-align=\"center\">Polonia<\/td><td class=\"has-text-align-center\" data-align=\"center\">Vaticano<\/td><\/tr><tr><td class=\"has-text-align-center\" data-align=\"center\">Andorra<\/td><td class=\"has-text-align-center\" data-align=\"center\">Estonia<\/td><td class=\"has-text-align-center\" data-align=\"center\">Italia<\/td><td class=\"has-text-align-center\" data-align=\"center\">Portugal<\/td><td class=\"has-text-align-center\" data-align=\"center\"><strong>Desde 2023 :<\/strong><\/td><\/tr><tr><td class=\"has-text-align-center\" data-align=\"center\">Anguila<\/td><td class=\"has-text-align-center\" data-align=\"center\">Finlandia<\/td><td class=\"has-text-align-center\" data-align=\"center\">Jap\u00f3n<\/td><td class=\"has-text-align-center\" data-align=\"center\">Rep\u00fablica Checa<\/td><td class=\"has-text-align-center\" data-align=\"center\"><strong>Antigua y Barbuda<\/strong><\/td><\/tr><tr><td class=\"has-text-align-center\" data-align=\"center\">Australia<\/td><td class=\"has-text-align-center\" data-align=\"center\">Francia<\/td><td class=\"has-text-align-center\" data-align=\"center\">letonia<\/td><td class=\"has-text-align-center\" data-align=\"center\">Rep\u00fablica de Corea<\/td><td class=\"has-text-align-center\" data-align=\"center\"><strong>Argentina<\/strong><\/td><\/tr><tr><td class=\"has-text-align-center\" data-align=\"center\">Austria<\/td><td class=\"has-text-align-center\" data-align=\"center\">Gibraltar<\/td><td class=\"has-text-align-center\" data-align=\"center\">Liechtenstein<\/td><td class=\"has-text-align-center\" data-align=\"center\">Ruman\u00eda<\/td><td class=\"has-text-align-center\" data-align=\"center\"><strong>Costa Rica<\/strong><\/td><\/tr><tr><td class=\"has-text-align-center\" data-align=\"center\">bahame\u00f1o<\/td><td class=\"has-text-align-center\" data-align=\"center\">Grecia<\/td><td class=\"has-text-align-center\" data-align=\"center\">Lituania<\/td><td class=\"has-text-align-center\" data-align=\"center\">Reino Unido<\/td><td class=\"has-text-align-center\" data-align=\"center\"><strong>Marruecos<\/strong><\/td><\/tr><tr><td class=\"has-text-align-center\" data-align=\"center\">barbados<\/td><td class=\"has-text-align-center\" data-align=\"center\">Hong Kong<\/td><td class=\"has-text-align-center\" data-align=\"center\">Luxemburgo<\/td><td class=\"has-text-align-center\" data-align=\"center\">Sainte-H\u00e9l\u00e8ne<\/td><td class=\"has-text-align-center\" data-align=\"center\"><strong>Panam\u00e1<\/strong><\/td><\/tr><tr><td class=\"has-text-align-center\" data-align=\"center\">B\u00e9lgica<\/td><td class=\"has-text-align-center\" data-align=\"center\">Hungr\u00eda<\/td><td class=\"has-text-align-center\" data-align=\"center\">Malta<\/td><td class=\"has-text-align-center\" data-align=\"center\">San Marino<\/td><td class=\"has-text-align-center\" data-align=\"center\"><strong>Filipinas<\/strong><\/td><\/tr><tr><td class=\"has-text-align-center\" data-align=\"center\">Bermudas<\/td><td class=\"has-text-align-center\" data-align=\"center\">Islas Caim\u00e1n<\/td><td class=\"has-text-align-center\" data-align=\"center\">M\u00e9xico<\/td><td class=\"has-text-align-center\" data-align=\"center\">samoa<\/td><td class=\"has-text-align-center\" data-align=\"center\"><strong>San Crist\u00f3bal y Nieves<\/strong><\/td><\/tr><tr><td class=\"has-text-align-center\" data-align=\"center\">Brunei<\/td><td class=\"has-text-align-center\" data-align=\"center\">Islas Malvinas<\/td><td class=\"has-text-align-center\" data-align=\"center\">M\u00f3naco<\/td><td class=\"has-text-align-center\" data-align=\"center\">Singapur<\/td><td class=\"has-text-align-center\" data-align=\"center\"><strong>Santa Luc\u00eda<\/strong><\/td><\/tr><tr><td class=\"has-text-align-center\" data-align=\"center\">Bulgaria<\/td><td class=\"has-text-align-center\" data-align=\"center\">Islas Pitcairn<\/td><td class=\"has-text-align-center\" data-align=\"center\">Montserrat<\/td><td class=\"has-text-align-center\" data-align=\"center\">Eslovaquia<\/td><td class=\"has-text-align-center\" data-align=\"center\"><strong>San Vicente y las Granadinas<\/strong><\/td><\/tr><tr><td class=\"has-text-align-center\" data-align=\"center\">Chile<\/td><td class=\"has-text-align-center\" data-align=\"center\">Islas Salom\u00f3n<\/td><td class=\"has-text-align-center\" data-align=\"center\">Noruega<\/td><td class=\"has-text-align-center\" data-align=\"center\">Eslovenia<\/td><td class=\"has-text-align-center\" data-align=\"center\"><strong>Seychelles<\/strong><\/td><\/tr><tr><td class=\"has-text-align-center\" data-align=\"center\">Chipre<\/td><td class=\"has-text-align-center\" data-align=\"center\">Islas Turcas y Caicos<\/td><td class=\"has-text-align-center\" data-align=\"center\">Nueva Zelanda<\/td><td class=\"has-text-align-center\" data-align=\"center\">Suecia<\/td><td class=\"has-text-align-center\" data-align=\"center\"><strong>Tailandia<\/strong><\/td><\/tr><tr><td class=\"has-text-align-center\" data-align=\"center\">Croacia<\/td><td class=\"has-text-align-center\" data-align=\"center\">Islas V\u00edrgenes Brit\u00e1nicas<\/td><td class=\"has-text-align-center\" data-align=\"center\">Pap\u00faa Nueva Guinea<\/td><td class=\"has-text-align-center\" data-align=\"center\">suizo<\/td><td class=\"has-text-align-center\" data-align=\"center\"><strong>Trinidad y Tobago<\/strong><\/td><\/tr><tr><td class=\"has-text-align-center\" data-align=\"center\">Dinamarca<\/td><td class=\"has-text-align-center\" data-align=\"center\">Irlanda<\/td><td class=\"has-text-align-center\" data-align=\"center\">Pa\u00edses Bajos<\/td><td class=\"has-text-align-center\" data-align=\"center\">Taiw\u00e1n<\/td><td class=\"has-text-align-center\" data-align=\"center\"><strong>Uruguay<\/strong><\/td><\/tr><\/tbody><\/table><figcaption class=\"wp-element-caption\">Lista de pa\u00edses que se benefician del programa de exenci\u00f3n de visa canadiense<\/figcaption><\/figure>\n\n<p><strong>*bajo ciertas condiciones<\/strong><\/p>\n\n<p>Los ciudadanos de estos pa\u00edses tienen derecho a solicitar un AVE para su estancia tur\u00edstica de hasta 6 meses. Para cualquier otro caso, se requiere una <a href=\"https:\/\/www.canada.ca\/fr\/immigration-refugies-citoyennete\/services\/visiter-canada\/demande-visa-visiteur.html\">solicitud de visa canadiense<\/a> (por ejemplo, para trabajar all\u00ed, para estudiar o para realizar una pasant\u00eda en Canad\u00e1).<\/p>\n\n<h2 class=\"wp-block-heading\">\u00bfD\u00f3nde solicitar la eTA de Canad\u00e1?<\/h2>\n\n<p>Para completar su solicitud de eTA de Canad\u00e1, simplemente vaya al sitio web oficial del gobierno canadiense o utilice un sitio independiente, como el de nuestro socio, que completar\u00e1 la solicitud por usted. La solicitud del AVE solo se puede realizar online. As\u00ed que no tienes que ir a la Embajada de Canad\u00e1 para conseguirlo.<\/p>\n\n<p>En el sitio web oficial del gobierno, debe ingresar varios datos sobre usted, como su nombre y apellido, nacionalidad, lugar de nacimiento, detalles de contacto, etc. Tambi\u00e9n se solicitar\u00e1n los datos de su pasaporte: n\u00famero de pasaporte, fecha de emisi\u00f3n y pa\u00eds emisor, fecha de caducidad, etc.<\/p>\n\n<p>Tambi\u00e9n debe responder una serie de preguntas relacionadas con sus antecedentes, como si el gobierno canadiense le ha negado alguna vez una visa o un permiso de trabajo en el pasado o si le han ordenado abandonar el pa\u00eds, si le han diagnosticado tuberculosis o si sufre de alcoholismo.<\/p>\n\n<p>Nota: si ha <a href=\"https:\/\/ave-eta-canada.com\/es\/que-hacer-en-caso-de-perdida-del-numero-eta-canada\/\">perdido su eTA de Canad\u00e1<\/a> , es posible recuperarla en el sitio web oficial del gobierno canadiense. Para obtener m\u00e1s informaci\u00f3n, consulte el art\u00edculo dedicado a este tema. <\/p>\n\n<p>En un sitio privado, el formulario de solicitud se simplifica y ser\u00e1 revisado por un equipo de profesionales antes de la validaci\u00f3n. Tenga la seguridad de que la eTA recibida ser\u00e1 tan oficial como una autorizaci\u00f3n solicitada en el sitio web oficial. La diferencia se basa simplemente en la asistencia que se le ofrece para ayudarlo en este proceso y reducir el riesgo de rechazo. De hecho, la mayor\u00eda de las denegaciones de autorizaci\u00f3n de viaje se deben a un error de escritura, un error tipogr\u00e1fico o un error en el n\u00famero de pasaporte.<\/p>\n","protected":false},"excerpt":{"rendered":"<p>\u00bfQu\u00e9 es AVE Canad\u00e1? La eTA de Canad\u00e1 es una autorizaci\u00f3n de viaje electr\u00f3nica que permite a los ciudadanos de ciertos pa\u00edses viajar a Canad\u00e1 por v\u00eda a\u00e9rea sin solicitar una visa en la Embajada de Canad\u00e1. Una eTA Canad\u00e1 tiene una validez de cinco a\u00f1os y le permite realizar varios viajes tur\u00edsticos de hasta [&hellip;]<\/p>\n","protected":false},"author":1,"featured_media":0,"parent":0,"menu_order":0,"comment_status":"closed","ping_status":"closed","template":"","meta":{"footnotes":""},"class_list":["post-916","page","type-page","status-publish","hentry"],"yoast_head":"<!-- This site is optimized with the Yoast SEO plugin v26.9 - https:\/\/yoast.com\/product\/yoast-seo-wordpress\/ -->\n<title>\u00bfQu\u00e9 es la eTA de Canad\u00e1?<\/title>\n<meta name=\"description\" content=\"Canada eTA es una autorizaci\u00f3n de viaje electr\u00f3nica que permite a ciertos viajeros viajar a Canad\u00e1 sin visa. Descubre nuestro art\u00edculo.\" \/>\n<meta name=\"robots\" content=\"index, follow, max-snippet:-1, max-image-preview:large, max-video-preview:-1\" \/>\n<link rel=\"canonical\" href=\"https:\/\/ave-eta-canada.com\/es\/que-es-el-eta-canada\/\" \/>\n<meta property=\"og:locale\" content=\"es_ES\" \/>\n<meta property=\"og:type\" content=\"article\" \/>\n<meta property=\"og:title\" content=\"\u00bfQu\u00e9 es la eTA de Canad\u00e1?\" \/>\n<meta property=\"og:description\" content=\"Canada eTA es una autorizaci\u00f3n de viaje electr\u00f3nica que permite a ciertos viajeros viajar a Canad\u00e1 sin visa. Descubre nuestro art\u00edculo.\" \/>\n<meta property=\"og:url\" content=\"https:\/\/ave-eta-canada.com\/es\/que-es-el-eta-canada\/\" \/>\n<meta property=\"og:site_name\" content=\"VISA CANAD\u00c1\" \/>\n<meta property=\"article:modified_time\" content=\"2022-05-13T21:56:24+00:00\" \/>\n<meta name=\"twitter:card\" content=\"summary_large_image\" \/>\n<meta name=\"twitter:label1\" content=\"Tiempo de lectura\" \/>\n\t<meta name=\"twitter:data1\" content=\"3 minutos\" \/>\n<script type=\"application\/ld+json\" class=\"yoast-schema-graph\">{\"@context\":\"https:\/\/schema.org\",\"@graph\":[{\"@type\":\"WebPage\",\"@id\":\"https:\/\/ave-eta-canada.com\/es\/que-es-el-eta-canada\/\",\"url\":\"https:\/\/ave-eta-canada.com\/es\/que-es-el-eta-canada\/\",\"name\":\"\u00bfQu\u00e9 es la eTA de Canad\u00e1?\",\"isPartOf\":{\"@id\":\"https:\/\/ave-eta-canada.com\/es\/#website\"},\"datePublished\":\"2020-04-25T11:44:57+00:00\",\"dateModified\":\"2022-05-13T21:56:24+00:00\",\"description\":\"Canada eTA es una autorizaci\u00f3n de viaje electr\u00f3nica que permite a ciertos viajeros viajar a Canad\u00e1 sin visa. Descubre nuestro art\u00edculo.\",\"breadcrumb\":{\"@id\":\"https:\/\/ave-eta-canada.com\/es\/que-es-el-eta-canada\/#breadcrumb\"},\"inLanguage\":\"es\",\"potentialAction\":[{\"@type\":\"ReadAction\",\"target\":[\"https:\/\/ave-eta-canada.com\/es\/que-es-el-eta-canada\/\"]}]},{\"@type\":\"BreadcrumbList\",\"@id\":\"https:\/\/ave-eta-canada.com\/es\/que-es-el-eta-canada\/#breadcrumb\",\"itemListElement\":[{\"@type\":\"ListItem\",\"position\":1,\"name\":\"Home\",\"item\":\"https:\/\/ave-eta-canada.com\/es\/\"},{\"@type\":\"ListItem\",\"position\":2,\"name\":\"\u00bfQu\u00e9 es la eTA de Canad\u00e1?\"}]},{\"@type\":\"WebSite\",\"@id\":\"https:\/\/ave-eta-canada.com\/es\/#website\",\"url\":\"https:\/\/ave-eta-canada.com\/es\/\",\"name\":\"VISA CANAD\u00c1\",\"description\":\"Autorisation Voyage Electronique\",\"potentialAction\":[{\"@type\":\"SearchAction\",\"target\":{\"@type\":\"EntryPoint\",\"urlTemplate\":\"https:\/\/ave-eta-canada.com\/es\/?s={search_term_string}\"},\"query-input\":{\"@type\":\"PropertyValueSpecification\",\"valueRequired\":true,\"valueName\":\"search_term_string\"}}],\"inLanguage\":\"es\"}]}<\/script>\n<!-- \/ Yoast SEO plugin. -->","yoast_head_json":{"title":"\u00bfQu\u00e9 es la eTA de Canad\u00e1?","description":"Canada eTA es una autorizaci\u00f3n de viaje electr\u00f3nica que permite a ciertos viajeros viajar a Canad\u00e1 sin visa. Descubre nuestro art\u00edculo.","robots":{"index":"index","follow":"follow","max-snippet":"max-snippet:-1","max-image-preview":"max-image-preview:large","max-video-preview":"max-video-preview:-1"},"canonical":"https:\/\/ave-eta-canada.com\/es\/que-es-el-eta-canada\/","og_locale":"es_ES","og_type":"article","og_title":"\u00bfQu\u00e9 es la eTA de Canad\u00e1?","og_description":"Canada eTA es una autorizaci\u00f3n de viaje electr\u00f3nica que permite a ciertos viajeros viajar a Canad\u00e1 sin visa. Descubre nuestro art\u00edculo.","og_url":"https:\/\/ave-eta-canada.com\/es\/que-es-el-eta-canada\/","og_site_name":"VISA CANAD\u00c1","article_modified_time":"2022-05-13T21:56:24+00:00","twitter_card":"summary_large_image","twitter_misc":{"Tiempo de lectura":"3 minutos"},"schema":{"@context":"https:\/\/schema.org","@graph":[{"@type":"WebPage","@id":"https:\/\/ave-eta-canada.com\/es\/que-es-el-eta-canada\/","url":"https:\/\/ave-eta-canada.com\/es\/que-es-el-eta-canada\/","name":"\u00bfQu\u00e9 es la eTA de Canad\u00e1?","isPartOf":{"@id":"https:\/\/ave-eta-canada.com\/es\/#website"},"datePublished":"2020-04-25T11:44:57+00:00","dateModified":"2022-05-13T21:56:24+00:00","description":"Canada eTA es una autorizaci\u00f3n de viaje electr\u00f3nica que permite a ciertos viajeros viajar a Canad\u00e1 sin visa. Descubre nuestro art\u00edculo.","breadcrumb":{"@id":"https:\/\/ave-eta-canada.com\/es\/que-es-el-eta-canada\/#breadcrumb"},"inLanguage":"es","potentialAction":[{"@type":"ReadAction","target":["https:\/\/ave-eta-canada.com\/es\/que-es-el-eta-canada\/"]}]},{"@type":"BreadcrumbList","@id":"https:\/\/ave-eta-canada.com\/es\/que-es-el-eta-canada\/#breadcrumb","itemListElement":[{"@type":"ListItem","position":1,"name":"Home","item":"https:\/\/ave-eta-canada.com\/es\/"},{"@type":"ListItem","position":2,"name":"\u00bfQu\u00e9 es la eTA de Canad\u00e1?"}]},{"@type":"WebSite","@id":"https:\/\/ave-eta-canada.com\/es\/#website","url":"https:\/\/ave-eta-canada.com\/es\/","name":"VISA CANAD\u00c1","description":"Autorisation Voyage Electronique","potentialAction":[{"@type":"SearchAction","target":{"@type":"EntryPoint","urlTemplate":"https:\/\/ave-eta-canada.com\/es\/?s={search_term_string}"},"query-input":{"@type":"PropertyValueSpecification","valueRequired":true,"valueName":"search_term_string"}}],"inLanguage":"es"}]}},"_links":{"self":[{"href":"https:\/\/ave-eta-canada.com\/es\/wp-json\/wp\/v2\/pages\/916","targetHints":{"allow":["GET"]}}],"collection":[{"href":"https:\/\/ave-eta-canada.com\/es\/wp-json\/wp\/v2\/pages"}],"about":[{"href":"https:\/\/ave-eta-canada.com\/es\/wp-json\/wp\/v2\/types\/page"}],"author":[{"embeddable":true,"href":"https:\/\/ave-eta-canada.com\/es\/wp-json\/wp\/v2\/users\/1"}],"replies":[{"embeddable":true,"href":"https:\/\/ave-eta-canada.com\/es\/wp-json\/wp\/v2\/comments?post=916"}],"version-history":[{"count":0,"href":"https:\/\/ave-eta-canada.com\/es\/wp-json\/wp\/v2\/pages\/916\/revisions"}],"wp:attachment":[{"href":"https:\/\/ave-eta-canada.com\/es\/wp-json\/wp\/v2\/media?parent=916"}],"curies":[{"name":"wp","href":"https:\/\/api.w.org\/{rel}","templated":true}]}}