{"id":923,"date":"2020-04-25T11:55:48","date_gmt":"2020-04-25T11:55:48","guid":{"rendered":"https:\/\/ave-eta-canada.com\/hacer-una-solicitud-oficial-de-ave-canada\/"},"modified":"2023-04-27T22:03:07","modified_gmt":"2023-04-27T22:03:07","slug":"hacer-una-solicitud-oficial-de-eta-canada","status":"publish","type":"page","link":"https:\/\/ave-eta-canada.com\/es\/hacer-una-solicitud-oficial-de-eta-canada\/","title":{"rendered":"Realice una solicitud oficial de eTA para Canad\u00e1"},"content":{"rendered":"\n<h1 class=\"wp-block-heading\">\u00bfC\u00f3mo hacer una solicitud oficial de eTA de Canad\u00e1?<\/h1>\n\n<p>Si planea hacer un viaje a Canad\u00e1, deber\u00e1 asegurarse de tener los documentos correctos a mano: pasaporte, seguro, boleto de regreso, pero tambi\u00e9n su autorizaci\u00f3n de viaje oficial. La eTA oficial de Canad\u00e1 es un documento muy importante para cualquier persona que quiera viajar a Canad\u00e1 por v\u00eda a\u00e9rea, sin solicitar una costosa visa en la Embajada de Canad\u00e1.<\/p>\n\n<p><strong>Para una estad\u00eda de menos de 6 meses en Canad\u00e1<\/strong> : Puede realizar los tr\u00e1mites para ingresar a Canad\u00e1 directamente a trav\u00e9s de Internet haciendo clic en el <a href=\"https:\/\/ave-eta-canada.com\/es\/formulario-de-eta-canada-en-linea\/\">formulario en l\u00ednea<\/a>. No es necesario obtener una cita en la embajada o consulado canadiense.<\/p>\n\n<p>Es posible que millones de ciudadanos de todo el mundo viajen a Canad\u00e1 con una <a href=\"https:\/\/ave-eta-canada.com\/es\/eta-o-esta-que-autorizacion-de-viaje-elegir-para-su-estadia\/\">autorizaci\u00f3n eTA de viaje<\/a> electr\u00f3nica obtenida directamente en l\u00ednea. Al realizar una solicitud oficial de eTA de Canad\u00e1, puede permanecer en Canad\u00e1 por un m\u00e1ximo de seis meses durante los siguientes cinco a\u00f1os.<\/p>\n\n<h3 class=\"wp-block-heading\">Lista de los 61 territorios que pueden recibir el eTA oficial de Canad\u00e1 (actualizada en mayo de 2023)<\/h3>\n\n<figure class=\"wp-block-table\"><table><tbody><tr><td class=\"has-text-align-center\" data-align=\"center\">Alemania<\/td><td class=\"has-text-align-center\" data-align=\"center\">Espa\u00f1a<\/td><td class=\"has-text-align-center\" data-align=\"center\">Islandia<\/td><td class=\"has-text-align-center\" data-align=\"center\">Polonia<\/td><td class=\"has-text-align-center\" data-align=\"center\">Vaticano<\/td><\/tr><tr><td class=\"has-text-align-center\" data-align=\"center\">Andorra<\/td><td class=\"has-text-align-center\" data-align=\"center\">Estonia<\/td><td class=\"has-text-align-center\" data-align=\"center\">Italia<\/td><td class=\"has-text-align-center\" data-align=\"center\">Portugal<\/td><td class=\"has-text-align-center\" data-align=\"center\"><strong>Desde 2023 :<\/strong><\/td><\/tr><tr><td class=\"has-text-align-center\" data-align=\"center\">Anguila<\/td><td class=\"has-text-align-center\" data-align=\"center\">Finlandia<\/td><td class=\"has-text-align-center\" data-align=\"center\">Jap\u00f3n<\/td><td class=\"has-text-align-center\" data-align=\"center\">Rep\u00fablica Checa<\/td><td class=\"has-text-align-center\" data-align=\"center\"><strong>Antigua y Barbuda<\/strong><\/td><\/tr><tr><td class=\"has-text-align-center\" data-align=\"center\">Australia<\/td><td class=\"has-text-align-center\" data-align=\"center\">Francia<\/td><td class=\"has-text-align-center\" data-align=\"center\">letonia<\/td><td class=\"has-text-align-center\" data-align=\"center\">Rep\u00fablica de Corea<\/td><td class=\"has-text-align-center\" data-align=\"center\"><strong>Argentina<\/strong><\/td><\/tr><tr><td class=\"has-text-align-center\" data-align=\"center\">Austria<\/td><td class=\"has-text-align-center\" data-align=\"center\">Gibraltar<\/td><td class=\"has-text-align-center\" data-align=\"center\">Liechtenstein<\/td><td class=\"has-text-align-center\" data-align=\"center\">Ruman\u00eda<\/td><td class=\"has-text-align-center\" data-align=\"center\"><strong>Costa Rica<\/strong><\/td><\/tr><tr><td class=\"has-text-align-center\" data-align=\"center\">bahame\u00f1o<\/td><td class=\"has-text-align-center\" data-align=\"center\">Grecia<\/td><td class=\"has-text-align-center\" data-align=\"center\">Lituania<\/td><td class=\"has-text-align-center\" data-align=\"center\">Reino Unido<\/td><td class=\"has-text-align-center\" data-align=\"center\"><strong>Marruecos<\/strong><\/td><\/tr><tr><td class=\"has-text-align-center\" data-align=\"center\">barbados<\/td><td class=\"has-text-align-center\" data-align=\"center\">Hong Kong<\/td><td class=\"has-text-align-center\" data-align=\"center\">Luxemburgo<\/td><td class=\"has-text-align-center\" data-align=\"center\">Sainte-H\u00e9l\u00e8ne<\/td><td class=\"has-text-align-center\" data-align=\"center\"><strong>Panam\u00e1<\/strong><\/td><\/tr><tr><td class=\"has-text-align-center\" data-align=\"center\">B\u00e9lgica<\/td><td class=\"has-text-align-center\" data-align=\"center\">Hungr\u00eda<\/td><td class=\"has-text-align-center\" data-align=\"center\">Malta<\/td><td class=\"has-text-align-center\" data-align=\"center\">San Marino<\/td><td class=\"has-text-align-center\" data-align=\"center\"><strong>Filipinas<\/strong><\/td><\/tr><tr><td class=\"has-text-align-center\" data-align=\"center\">Bermudas<\/td><td class=\"has-text-align-center\" data-align=\"center\">Islas Caim\u00e1n<\/td><td class=\"has-text-align-center\" data-align=\"center\">M\u00e9xico<\/td><td class=\"has-text-align-center\" data-align=\"center\">samoa<\/td><td class=\"has-text-align-center\" data-align=\"center\"><strong>San Crist\u00f3bal y Nieves<\/strong><\/td><\/tr><tr><td class=\"has-text-align-center\" data-align=\"center\">Brunei<\/td><td class=\"has-text-align-center\" data-align=\"center\">Islas Malvinas<\/td><td class=\"has-text-align-center\" data-align=\"center\">M\u00f3naco<\/td><td class=\"has-text-align-center\" data-align=\"center\">Singapur<\/td><td class=\"has-text-align-center\" data-align=\"center\"><strong>Santa Luc\u00eda<\/strong><\/td><\/tr><tr><td class=\"has-text-align-center\" data-align=\"center\">Bulgaria<\/td><td class=\"has-text-align-center\" data-align=\"center\">Islas Pitcairn<\/td><td class=\"has-text-align-center\" data-align=\"center\">Montserrat<\/td><td class=\"has-text-align-center\" data-align=\"center\">Eslovaquia<\/td><td class=\"has-text-align-center\" data-align=\"center\"><strong>San Vicente y las Granadinas<\/strong><\/td><\/tr><tr><td class=\"has-text-align-center\" data-align=\"center\">Chile<\/td><td class=\"has-text-align-center\" data-align=\"center\">Islas Salom\u00f3n<\/td><td class=\"has-text-align-center\" data-align=\"center\">Noruega<\/td><td class=\"has-text-align-center\" data-align=\"center\">Eslovenia<\/td><td class=\"has-text-align-center\" data-align=\"center\"><strong>Seychelles<\/strong><\/td><\/tr><tr><td class=\"has-text-align-center\" data-align=\"center\">Chipre<\/td><td class=\"has-text-align-center\" data-align=\"center\">Islas Turcas y Caicos<\/td><td class=\"has-text-align-center\" data-align=\"center\">Nueva Zelanda<\/td><td class=\"has-text-align-center\" data-align=\"center\">Suecia<\/td><td class=\"has-text-align-center\" data-align=\"center\"><strong>Tailandia<\/strong><\/td><\/tr><tr><td class=\"has-text-align-center\" data-align=\"center\">Croacia<\/td><td class=\"has-text-align-center\" data-align=\"center\">Islas V\u00edrgenes Brit\u00e1nicas<\/td><td class=\"has-text-align-center\" data-align=\"center\">Pap\u00faa Nueva Guinea<\/td><td class=\"has-text-align-center\" data-align=\"center\">suizo<\/td><td class=\"has-text-align-center\" data-align=\"center\"><strong>Trinidad y Tobago<\/strong><\/td><\/tr><tr><td class=\"has-text-align-center\" data-align=\"center\">Dinamarca<\/td><td class=\"has-text-align-center\" data-align=\"center\">Irlanda<\/td><td class=\"has-text-align-center\" data-align=\"center\">Pa\u00edses Bajos<\/td><td class=\"has-text-align-center\" data-align=\"center\">Taiw\u00e1n<\/td><td class=\"has-text-align-center\" data-align=\"center\"><strong>Uruguay<\/strong><\/td><\/tr><\/tbody><\/table><figcaption class=\"wp-element-caption\">Lista de pa\u00edses que se benefician del programa de exenci\u00f3n de visa canadiense<\/figcaption><\/figure>\n\n<h2 class=\"wp-block-heading\">Realice una solicitud oficial de eTA para Canad\u00e1<\/h2>\n\n<p>La eTA oficial de Canad\u00e1 fue creada por el Gobierno de Canad\u00e1 para agilizar las solicitudes de visa y las solicitudes de estad\u00edas m\u00e1s o menos largas de nacionales en suelo canadiense. La solicitud de eTA de Canad\u00e1 solo se realiza en l\u00ednea; por lo tanto, no es necesario ir a la embajada o consulado de Canad\u00e1 para obtenerlo, porque no es la misma operaci\u00f3n que para una solicitud de visa.<\/p>\n\n<p>De hecho, el gobierno canadiense ha establecido un sistema de procesamiento y solicitud solo en l\u00ednea. Es posible solicitar una eTA oficial de Canad\u00e1 a trav\u00e9s del sitio web de la<a href=\"https:\/\/www.canada.ca\/\">  Gobierno de Canad\u00e1<\/a> o a trav\u00e9s de p\u00e1ginas web independientes que le guiar\u00e1n en el proceso administrativo y comprobar\u00e1n los datos facilitados para asegurarse de que no se cometen errores que puedan dar lugar a la denegaci\u00f3n de su eTA oficial a Canad\u00e1.<\/p>\n\n<p>Al solicitar una eTA oficial de Canad\u00e1, se le pedir\u00e1 que complete el formulario eTA.<\/p>\n\n<p>Deber\u00e1 ingresar informaci\u00f3n diversa y datos personales sobre usted, como su nombre, apellido, direcci\u00f3n, lugar y fecha de nacimiento, ocupaci\u00f3n, etc.<\/p>\n\n<p>En este <a href=\"https:\/\/ave-eta-canada.com\/es\/complete-el-formulario-eta-para-canada\/\">formulario en l\u00ednea<\/a>, tambi\u00e9n deber\u00e1 responder preguntas sobre sus antecedentes: su estado de salud, sus problemas anteriores con la ley, si alguna vez se le ha negado la entrada a Canad\u00e1 u otro pa\u00eds, etc.<\/p>\n\n<p>Es muy importante tener un pasaporte v\u00e1lido para solicitar una eTA oficial de Canad\u00e1, porque la eTA est\u00e1 vinculada al n\u00famero de su pasaporte biom\u00e9trico o electr\u00f3nico. Si necesita obtener un nuevo pasaporte, deber\u00e1 enviar <a href=\"https:\/\/ave-eta-canada.com\/es\/hacer-una-solicitud-oficial-de-eta-canada\/\">una nueva solicitud de eTA<\/a>.<\/p>\n","protected":false},"excerpt":{"rendered":"<p>\u00bfC\u00f3mo hacer una solicitud oficial de eTA de Canad\u00e1? Si planea hacer un viaje a Canad\u00e1, deber\u00e1 asegurarse de tener los documentos correctos a mano: pasaporte, seguro, boleto de regreso, pero tambi\u00e9n su autorizaci\u00f3n de viaje oficial. La eTA oficial de Canad\u00e1 es un documento muy importante para cualquier persona que quiera viajar a Canad\u00e1 [&hellip;]<\/p>\n","protected":false},"author":1,"featured_media":0,"parent":0,"menu_order":0,"comment_status":"closed","ping_status":"closed","template":"","meta":{"footnotes":""},"class_list":["post-923","page","type-page","status-publish","hentry"],"yoast_head":"<!-- This site is optimized with the Yoast SEO plugin v26.9 - https:\/\/yoast.com\/product\/yoast-seo-wordpress\/ -->\n<title>Realice una solicitud oficial de eTA para Canad\u00e1<\/title>\n<meta name=\"description\" content=\"Solicite un eTA oficial de Canad\u00e1 en la p\u00e1gina web del gobierno canadiense o en una p\u00e1gina web independiente y segura.\" \/>\n<meta name=\"robots\" content=\"index, follow, max-snippet:-1, max-image-preview:large, max-video-preview:-1\" \/>\n<link rel=\"canonical\" href=\"https:\/\/ave-eta-canada.com\/es\/hacer-una-solicitud-oficial-de-eta-canada\/\" \/>\n<meta property=\"og:locale\" content=\"es_ES\" \/>\n<meta property=\"og:type\" content=\"article\" \/>\n<meta property=\"og:title\" content=\"Realice una solicitud oficial de eTA para Canad\u00e1\" \/>\n<meta property=\"og:description\" content=\"Solicite un eTA oficial de Canad\u00e1 en la p\u00e1gina web del gobierno canadiense o en una p\u00e1gina web independiente y segura.\" \/>\n<meta property=\"og:url\" content=\"https:\/\/ave-eta-canada.com\/es\/hacer-una-solicitud-oficial-de-eta-canada\/\" \/>\n<meta property=\"og:site_name\" content=\"VISA CANAD\u00c1\" \/>\n<meta property=\"article:modified_time\" content=\"2023-04-27T22:03:07+00:00\" \/>\n<meta name=\"twitter:card\" content=\"summary_large_image\" \/>\n<meta name=\"twitter:label1\" content=\"Tiempo de lectura\" \/>\n\t<meta name=\"twitter:data1\" content=\"2 minutos\" \/>\n<script type=\"application\/ld+json\" class=\"yoast-schema-graph\">{\"@context\":\"https:\/\/schema.org\",\"@graph\":[{\"@type\":\"WebPage\",\"@id\":\"https:\/\/ave-eta-canada.com\/es\/hacer-una-solicitud-oficial-de-eta-canada\/\",\"url\":\"https:\/\/ave-eta-canada.com\/es\/hacer-una-solicitud-oficial-de-eta-canada\/\",\"name\":\"Realice una solicitud oficial de eTA para Canad\u00e1\",\"isPartOf\":{\"@id\":\"https:\/\/ave-eta-canada.com\/es\/#website\"},\"datePublished\":\"2020-04-25T11:55:48+00:00\",\"dateModified\":\"2023-04-27T22:03:07+00:00\",\"description\":\"Solicite un eTA oficial de Canad\u00e1 en la p\u00e1gina web del gobierno canadiense o en una p\u00e1gina web independiente y segura.\",\"breadcrumb\":{\"@id\":\"https:\/\/ave-eta-canada.com\/es\/hacer-una-solicitud-oficial-de-eta-canada\/#breadcrumb\"},\"inLanguage\":\"es\",\"potentialAction\":[{\"@type\":\"ReadAction\",\"target\":[\"https:\/\/ave-eta-canada.com\/es\/hacer-una-solicitud-oficial-de-eta-canada\/\"]}]},{\"@type\":\"BreadcrumbList\",\"@id\":\"https:\/\/ave-eta-canada.com\/es\/hacer-una-solicitud-oficial-de-eta-canada\/#breadcrumb\",\"itemListElement\":[{\"@type\":\"ListItem\",\"position\":1,\"name\":\"Home\",\"item\":\"https:\/\/ave-eta-canada.com\/es\/\"},{\"@type\":\"ListItem\",\"position\":2,\"name\":\"Realice una solicitud oficial de eTA para Canad\u00e1\"}]},{\"@type\":\"WebSite\",\"@id\":\"https:\/\/ave-eta-canada.com\/es\/#website\",\"url\":\"https:\/\/ave-eta-canada.com\/es\/\",\"name\":\"VISA CANAD\u00c1\",\"description\":\"Autorisation Voyage Electronique\",\"potentialAction\":[{\"@type\":\"SearchAction\",\"target\":{\"@type\":\"EntryPoint\",\"urlTemplate\":\"https:\/\/ave-eta-canada.com\/es\/?s={search_term_string}\"},\"query-input\":{\"@type\":\"PropertyValueSpecification\",\"valueRequired\":true,\"valueName\":\"search_term_string\"}}],\"inLanguage\":\"es\"}]}<\/script>\n<!-- \/ Yoast SEO plugin. -->","yoast_head_json":{"title":"Realice una solicitud oficial de eTA para Canad\u00e1","description":"Solicite un eTA oficial de Canad\u00e1 en la p\u00e1gina web del gobierno canadiense o en una p\u00e1gina web independiente y segura.","robots":{"index":"index","follow":"follow","max-snippet":"max-snippet:-1","max-image-preview":"max-image-preview:large","max-video-preview":"max-video-preview:-1"},"canonical":"https:\/\/ave-eta-canada.com\/es\/hacer-una-solicitud-oficial-de-eta-canada\/","og_locale":"es_ES","og_type":"article","og_title":"Realice una solicitud oficial de eTA para Canad\u00e1","og_description":"Solicite un eTA oficial de Canad\u00e1 en la p\u00e1gina web del gobierno canadiense o en una p\u00e1gina web independiente y segura.","og_url":"https:\/\/ave-eta-canada.com\/es\/hacer-una-solicitud-oficial-de-eta-canada\/","og_site_name":"VISA CANAD\u00c1","article_modified_time":"2023-04-27T22:03:07+00:00","twitter_card":"summary_large_image","twitter_misc":{"Tiempo de lectura":"2 minutos"},"schema":{"@context":"https:\/\/schema.org","@graph":[{"@type":"WebPage","@id":"https:\/\/ave-eta-canada.com\/es\/hacer-una-solicitud-oficial-de-eta-canada\/","url":"https:\/\/ave-eta-canada.com\/es\/hacer-una-solicitud-oficial-de-eta-canada\/","name":"Realice una solicitud oficial de eTA para Canad\u00e1","isPartOf":{"@id":"https:\/\/ave-eta-canada.com\/es\/#website"},"datePublished":"2020-04-25T11:55:48+00:00","dateModified":"2023-04-27T22:03:07+00:00","description":"Solicite un eTA oficial de Canad\u00e1 en la p\u00e1gina web del gobierno canadiense o en una p\u00e1gina web independiente y segura.","breadcrumb":{"@id":"https:\/\/ave-eta-canada.com\/es\/hacer-una-solicitud-oficial-de-eta-canada\/#breadcrumb"},"inLanguage":"es","potentialAction":[{"@type":"ReadAction","target":["https:\/\/ave-eta-canada.com\/es\/hacer-una-solicitud-oficial-de-eta-canada\/"]}]},{"@type":"BreadcrumbList","@id":"https:\/\/ave-eta-canada.com\/es\/hacer-una-solicitud-oficial-de-eta-canada\/#breadcrumb","itemListElement":[{"@type":"ListItem","position":1,"name":"Home","item":"https:\/\/ave-eta-canada.com\/es\/"},{"@type":"ListItem","position":2,"name":"Realice una solicitud oficial de eTA para Canad\u00e1"}]},{"@type":"WebSite","@id":"https:\/\/ave-eta-canada.com\/es\/#website","url":"https:\/\/ave-eta-canada.com\/es\/","name":"VISA CANAD\u00c1","description":"Autorisation Voyage Electronique","potentialAction":[{"@type":"SearchAction","target":{"@type":"EntryPoint","urlTemplate":"https:\/\/ave-eta-canada.com\/es\/?s={search_term_string}"},"query-input":{"@type":"PropertyValueSpecification","valueRequired":true,"valueName":"search_term_string"}}],"inLanguage":"es"}]}},"_links":{"self":[{"href":"https:\/\/ave-eta-canada.com\/es\/wp-json\/wp\/v2\/pages\/923","targetHints":{"allow":["GET"]}}],"collection":[{"href":"https:\/\/ave-eta-canada.com\/es\/wp-json\/wp\/v2\/pages"}],"about":[{"href":"https:\/\/ave-eta-canada.com\/es\/wp-json\/wp\/v2\/types\/page"}],"author":[{"embeddable":true,"href":"https:\/\/ave-eta-canada.com\/es\/wp-json\/wp\/v2\/users\/1"}],"replies":[{"embeddable":true,"href":"https:\/\/ave-eta-canada.com\/es\/wp-json\/wp\/v2\/comments?post=923"}],"version-history":[{"count":0,"href":"https:\/\/ave-eta-canada.com\/es\/wp-json\/wp\/v2\/pages\/923\/revisions"}],"wp:attachment":[{"href":"https:\/\/ave-eta-canada.com\/es\/wp-json\/wp\/v2\/media?parent=923"}],"curies":[{"name":"wp","href":"https:\/\/api.w.org\/{rel}","templated":true}]}}