{"id":1001,"date":"2020-04-28T13:38:08","date_gmt":"2020-04-28T13:38:08","guid":{"rendered":"https:\/\/ave-eta-canada.com\/eta-canada-autorizzazione-di-viaggio-elettronica\/"},"modified":"2025-12-13T17:40:31","modified_gmt":"2025-12-13T17:40:31","slug":"eta-canada-autorizzazione-di-viaggio-elettronica","status":"publish","type":"page","link":"https:\/\/ave-eta-canada.com\/it\/","title":{"rendered":"CANADA: Autorizzazione di viaggio elettronica"},"content":{"rendered":"\n<h1 class=\"wp-block-heading\">Formalit\u00e0 per l&#8217;ingresso in Canada<\/h1>\n\n<p>L&#8217;Electronic Travel Authorisation Canada (eTA Canada) \u00e8 un sistema automatizzato di autorizzazione al viaggio in Canada. Questo sistema elettronico \u00e8 stato introdotto nel settembre 2016. \u00c8 previsto un costo per questo certificato obbligatorio, che deve essere ottenuto prima del soggiorno in Canada. Permette di entrare in Canada senza richiedere un visto canadese. La richiesta di eTA deve essere effettuata online e prima di stampare la carta d&#8217;imbarco per il Canada.    <\/p>\n\n<p><strong>Per un soggiorno inferiore a 6 mesi in Canada<\/strong> : Puoi espletare le formalit\u00e0 per entrare in Canada direttamente via Internet cliccando sul <a href=\"https:\/\/ave-eta-canada.com\/it\/modulo-online-eta-canada\/\">modulo online<\/a>. Non \u00e8 necessario ottenere un appuntamento presso l&#8217;ambasciata o il consolato canadese.<\/p>\n\n<div style=\"height:30px\" aria-hidden=\"true\" class=\"wp-block-spacer\"><\/div>\n\n<h2 class=\"wp-block-heading\">A cosa serve l&#8217;eTA canadese?<\/h2>\n\n<p>Questo documento elettronico pre-viaggio aiuta a migliorare la sicurezza interna per quanto riguarda i voli e il trasporto marittimo verso il Canada. Nell&#8217;ambito della richiesta di <g id=\"gid_0\">ETA per il Canada<\/g>, fornendo i tuoi dati prima del volo, il sistema pu\u00f2 verificare che tu soddisfi i criteri di accettazione sul suolo canadese prima ancora di arrivare. In precedenza, questo controllo veniva effettuato direttamente al posto di frontiera.  <\/p>\n\n<p>Questo \u00e8 un questionario da compilare su Internet, le cui risposte determineranno se accetti o meno l&#8217;eTA. Le domande sono semplici e talvolta sorprendenti; hanno lo scopo di assicurare alle autorit\u00e0 canadesi che non hai alcun legame con un&#8217;organizzazione terroristica, che non sei un criminale e cos\u00ec via. Questo questionario sostituisce il modulo verde che le \u00e8 stato fornito durante il volo.  <\/p>\n\n<h2 class=\"wp-block-heading\">ETA pi\u00f9 facile da ottenere di un visto<\/h2>\n\n<p><a href=\"https:\/\/ave-eta-canada.com\/it\/che-cose-eta-canada\/\">L&#8217;eTA \u00e8 particolarmente utile<\/a> per tipi specifici di viaggio: turismo, transito o viaggio d&#8217;affari. Se vi recate in Canada per uno di questi motivi e il vostro viaggio \u00e8 limitato a un massimo di 6 mesi, potete usufruire di un sistema pi\u00f9 semplice del <a href=\"https:\/\/usa-esta.net\/it\/visto-turistico-canada\/\">visto turistico per il Canada<\/a>, grazie all&#8217;eTA. Non solo il processo di autorizzazione al viaggio richiede solo pochi clic su Internet, ma non richieder\u00e0 il pagamento di centinaia di dollari come generalmente accade con un visto per il Canada. L&#8217;ETA \u00e8 la soluzione per viaggiare in Canada in modo semplice ed economico.<\/p>\n\n<p>Di seguito \u00e8 riportata un&#8217;illustrazione di un visto d&#8217;ingresso canadese.<\/p>\n\n<figure class=\"wp-block-image size-large\"><img decoding=\"async\" src=\"https:\/\/ave-eta-canada.com\/wp-content\/uploads\/2020\/04\/visa-canada-1-1024x734.png\" alt=\"\" class=\"wp-image-832\"\/><figcaption class=\"wp-element-caption\">Foto del visto canadese<\/figcaption><\/figure>\n\n<h2 class=\"wp-block-heading\">Come accedere al modulo di domanda?<\/h2>\n\n<p>\u00c8 facile accedere al modulo. La <g id=\"gid_0\">domanda di eTA<\/g> si compila direttamente su Internet e viene elaborata automaticamente. La risposta (accettazione o rifiuto) \u00e8 quasi immediata, ma \u00e8 consigliabile fare domanda non appena si pianifica il viaggio.  <\/p>\n\n<p>Il sito di registrazione \u00e8 in italiano e avrai supporto e assistenza in ogni momento. Inoltre, sul sito verranno salvati i tuoi dati di contatto e la tua ricevuta, che possono rivelarsi utili in caso di smarrimento. <\/p>\n\n<h2 class=\"wp-block-heading\">L&#8217;autorizzazione eTA in breve<\/h2>\n\n<p>L&#8217;autorizzazione eTA non \u00e8 un documento tangibile come un passaporto. \u00c8 una risposta che si pu\u00f2 trovare su Internet, tramite l&#8217;account creato al momento della richiesta dell&#8217;eTA. Quando si invia il modulo online, i sistemi informatici elaborano i vostri dati e le risposte alle domande, al fine di determinare se la vostra pratica soddisfa le condizioni di accettazione. \u00c8 quindi opportuno che siate vigili e che prendiate l&#8217;iniziativa di visitare personalmente il sito web per verificare l&#8217;esito della vostra richiesta. Se si ottiene la conferma del viaggio in Canada tramite un&#8217;ETA, nulla vieta di stampare il messaggio, ma non \u00e8 obbligatorio. Le autorit\u00e0 canadesi potranno visualizzare la vostra pratica direttamente sui loro strumenti informatici.     <\/p>\n\n<h2 class=\"wp-block-heading\">Ci sono vantaggi per i viaggiatori?<\/h2>\n\n<p>S\u00ec, i viaggiatori guadagnano anche perch\u00e9 quando viaggiano con <a href=\"https:\/\/ave-eta-canada.com\/it\/visto-o-eta-canada\/\">un&#8217;eTA non devono richiedere il visto<\/a>. Tuttavia, alcune condizioni devono essere soddisfatte. Devi infatti far parte di uno dei paesi che ha firmato il riconoscimento dell&#8217;esenzione dal visto (di cui l&#8217;Europa fa parte). Dovrai rimanere un massimo di 6 mesi sul territorio canadese; inoltre, il motivo del viaggio \u00e8 limitato: transito, soggiorno turistico o d&#8217;affari. Inoltre, come molti paesi, il Canada richiede ai visitatori di essere in possesso di un passaporto elettronico o biometrico in fase di convalida. Se soddisfate tutti questi requisiti, il vostro viaggio in Canada dovrebbe essere privo di problemi grazie all&#8217;eTA. Il prezzo dell&#8217;eTA e la sua procedura online semplificata sono un vero vantaggio per i viaggiatori che desiderano recarsi in territorio canadese.<\/p>\n\n<h2 class=\"wp-block-heading\">Per quanto tempo \u00e8 valida questa richiesta?<\/h2>\n\n<p>Dopo aver fatto domanda, <a href=\"https:\/\/ave-eta-canada.com\/it\/eta-canada-periodo-di-validita\/\">il permesso di soggiorno pu\u00f2 essere utilizzato per cinque anni<\/a> o fino alla scadenza del passaporto. d&#8217;altra parte, la durata del soggiorno sul territorio canadese non deve superare i 6 mesi. Puoi andare e venire sul territorio canadese pi\u00f9 volte fino alla scadenza dei 6 mesi.<\/p>\n\n<h2 class=\"wp-block-heading\">C&#8217;\u00e8 il rischio che venga rifiutata un&#8217;eTA?<\/h2>\n\n<p>Siate certi che quasi tutte le domande vanno a buon fine. Il rifiuto di un&#8217;autorizzazione di viaggio eTA \u00e8 dovuto a errori di inserimento e, naturalmente, al mancato rispetto delle condizioni dell&#8217;autorizzazione (overstay, passaporto scaduto, ecc.). Se soddisfate i requisiti del programma, non c&#8217;\u00e8 dubbio che possiate soggiornare in Canada con un&#8217;eTA. Prima di inviare il modulo, controllate bene i vostri dati, perch\u00e9 \u00e8 facile che ci sia un errore di battitura. In caso di rifiuto, dovrete attendere 10 giorni prima di poter presentare una nuova domanda.    <\/p>\n\n<h2 class=\"wp-block-heading\">Come ottenere un visto turistico per il Canada<\/h2>\n\n<p>La domanda per un visto turistico canadese viene presentata presso il consolato canadese nel tuo paese di origine. Il processo per ottenere un visto turistico per il Canada si svolge in pi\u00f9 fasi. a differenza del processo per ottenere un <g id=\"gid_0\">visto statunitense<\/g>, il visto canadese si ottiene senza dover superare un colloquio fisico presso l&#8217;ambasciata canadese. I passaggi principali del visto turistico canadese sono i seguenti:   <\/p>\n\n<ol class=\"wp-block-list\">\n<li>Prima di tutto devi verificare di essere idoneo a ottenere un visto turistico per il Canada;<\/li>\n\n\n\n<li>Quindi \u00e8 necessario creare un accesso visitatore sul portale Internet amministrativo del Canada: l&#8217;<a href=\"https:\/\/www.canada.ca\/en\/immigration-refugees-citizenship\/services\/visit-canada\/visitor-visa-application-start.html\">IRCC<\/a>;<\/li>\n\n\n\n<li>Una volta connesso, \u00e8 necessario completare tutti i documenti richiesti per il visto turistico canadese;<\/li>\n\n\n\n<li>Una volta completata, puoi finalmente convalidare la tua domanda di visto canadese;<\/li>\n\n\n\n<li>Dovrai quindi allegare anche tutti i documenti richiesti dall&#8217;amministrazione del Canada per finalizzare la tua domanda di visto turistico;<\/li>\n\n\n\n<li>Una volta inviati i documenti relativi alla domanda, non devi far altro che attendere il rientro del servizio di elaborazione visti turistici. Il dipartimento visti potrebbe contattarti per ulteriori informazioni. <\/li>\n\n\n\n<li>Una volta che la tua domanda \u00e8 stata accettata, tutto ci\u00f2 che devi fare \u00e8 inviare il tuo passaporto per essere timbrato dal servizio ufficiale di visto canadese.<\/li>\n<\/ol>\n\n<div style=\"height:20px\" aria-hidden=\"true\" class=\"wp-block-spacer\"><\/div>\n\n<h2 class=\"wp-block-heading\">Posso prolungare il mio soggiorno con un&#8217;autorizzazione eTA Canada?<\/h2>\n\n<p>Sebbene un eTA Canada autorizzi un soggiorno iniziale di massimo 6 mesi sul territorio canadese, a volte \u00e8 possibile ottenere una proroga. Per farlo, devi presentare una domanda specifica alle autorit\u00e0 canadesi prima della scadenza del tuo soggiorno iniziale. Questo processo si svolge direttamente online sul <g id=\"gid_0\">portale dell&#8217;IRCC<\/g> e richiede che tu fornisca motivazioni e prove valide per giustificare la tua richiesta (motivi familiari, professionali, medici, ecc.). \u00c8 quindi importante pianificare questo processo con largo anticipo.   <\/p>\n\n<h2 class=\"wp-block-heading\">Cosa devi fare se il tuo passaporto scade prima di essere autorizzato a viaggiare?<\/h2>\n\n<p>Se il tuo passaporto scade prima del termine di validit\u00e0 dell&#8217;autorizzazione al viaggio (5 anni), dovrai richiedere una nuova autorizzazione online non appena riceverai il nuovo passaporto. Questo perch\u00e9 l&#8217;autorizzazione elettronica \u00e8 direttamente collegata al numero di passaporto utilizzato per la richiesta iniziale. Qualsiasi modifica o cambio di passaporto richiede quindi una nuova autorizzazione per evitare qualsiasi negazione all&#8217;imbarco o problemi alla frontiera.  <\/p>\n\n<h2 class=\"wp-block-heading\">ETA Canada per i minori<\/h2>\n\n<p>Se viaggi con figli minori, \u00e8 importante sapere che ogni bambino deve avere la propria autorizzazione al viaggio. \u00c8 necessario compilare online un&#8217;autorizzazione individuale per ogni bambino, anche se accompagnato da entrambi i genitori o tutori legali. Inoltre, le autorit\u00e0 canadesi raccomandano vivamente agli adulti che viaggiano da soli con un minore di avere una lettera di autorizzazione firmata dall&#8217;altro genitore o dal tutore legale assente, per evitare eventuali blocchi alle frontiere.  <\/p>\n\n<h2 class=\"wp-block-heading\">Non dimenticare le formalit\u00e0 per viaggiare nel Regno Unito<\/h2>\n\n<p>Se anche voi avete intenzione di <a href=\"https:\/\/uk-gb.net\/it\/\">visitare il Regno Unito<\/a>, sappiate che il Paese ha recentemente introdotto un proprio sistema elettronico di autorizzazione al viaggio. Come l&#8217;Electronic Travel Authorisation canadese, l&#8217;ETA britannica \u00e8 un&#8217;autorizzazione elettronica pre-viaggio. \u00c8 stato introdotto per semplificare le <a href=\"https:\/\/uk-gb.net\/it\/visto-regno-unito\/\">formalit\u00e0 di ingresso nel Regno Unito<\/a> e per rafforzare i controlli di sicurezza. Questo certificato sar\u00e0 obbligatorio per i visitatori esenti da visto che desiderano soggiornare brevemente nel Regno Unito. Ricordate quindi di completare le formalit\u00e0 britanniche online prima di partire per evitare spiacevoli sorprese al vostro arrivo nel Regno Unito.<\/p>\n\n<p>Queste diverse formalit\u00e0 elettroniche introdotte dai principali Paesi hanno incoraggiato l&#8217;Unione Europea a introdurre la propria <a href=\"https:\/\/visas.eu.com\/it\/etias-autorizzazione-di-viaggio-per-leuropa\/\">autorizzazione elettronica di viaggio ETIAS<\/a> per rafforzare i controlli alle frontiere europee.<\/p>\n","protected":false},"excerpt":{"rendered":"<p>Formalit\u00e0 per l&#8217;ingresso in Canada L&#8217;Electronic Travel Authorisation Canada (eTA Canada) \u00e8 un sistema automatizzato di autorizzazione al viaggio in Canada. Questo sistema elettronico \u00e8 stato introdotto nel settembre 2016. \u00c8 previsto un costo per questo certificato obbligatorio, che deve essere ottenuto prima del soggiorno in Canada. Permette di entrare in Canada senza richiedere un [&hellip;]<\/p>\n","protected":false},"author":1,"featured_media":0,"parent":0,"menu_order":0,"comment_status":"closed","ping_status":"closed","template":"","meta":{"footnotes":""},"class_list":["post-1001","page","type-page","status-publish","hentry"],"yoast_head":"<!-- This site is optimized with the Yoast SEO plugin v26.9 - https:\/\/yoast.com\/product\/yoast-seo-wordpress\/ -->\n<title>CANADA: Autorizzazione di viaggio elettronica<\/title>\n<meta name=\"description\" content=\"Tutte le informazioni sull&#039;eTA Canada, il certificato elettronico di ingresso nel territorio canadese\" \/>\n<meta name=\"robots\" content=\"index, follow, max-snippet:-1, max-image-preview:large, max-video-preview:-1\" \/>\n<link rel=\"canonical\" href=\"https:\/\/ave-eta-canada.com\/it\/\" \/>\n<meta property=\"og:locale\" content=\"it_IT\" \/>\n<meta property=\"og:type\" content=\"article\" \/>\n<meta property=\"og:title\" content=\"CANADA: Autorizzazione di viaggio elettronica\" \/>\n<meta property=\"og:description\" content=\"Tutte le informazioni sull&#039;eTA Canada, il certificato elettronico di ingresso nel territorio canadese\" \/>\n<meta property=\"og:url\" content=\"https:\/\/ave-eta-canada.com\/it\/\" \/>\n<meta property=\"og:site_name\" content=\"VISTO CANADA\" \/>\n<meta property=\"article:modified_time\" content=\"2025-12-13T17:40:31+00:00\" \/>\n<meta property=\"og:image\" content=\"https:\/\/ave-eta-canada.com\/wp-content\/uploads\/2020\/04\/visa-canada-1.webp\" \/>\n\t<meta property=\"og:image:width\" content=\"1920\" \/>\n\t<meta property=\"og:image:height\" content=\"1376\" \/>\n\t<meta property=\"og:image:type\" content=\"image\/webp\" \/>\n<meta name=\"twitter:card\" content=\"summary_large_image\" \/>\n<meta name=\"twitter:label1\" content=\"Tempo di lettura stimato\" \/>\n\t<meta name=\"twitter:data1\" content=\"7 minuti\" \/>\n<script type=\"application\/ld+json\" class=\"yoast-schema-graph\">{\"@context\":\"https:\/\/schema.org\",\"@graph\":[{\"@type\":\"WebPage\",\"@id\":\"https:\/\/ave-eta-canada.com\/it\/\",\"url\":\"https:\/\/ave-eta-canada.com\/it\/\",\"name\":\"CANADA: Autorizzazione di viaggio elettronica\",\"isPartOf\":{\"@id\":\"https:\/\/ave-eta-canada.com\/it\/#website\"},\"primaryImageOfPage\":{\"@id\":\"https:\/\/ave-eta-canada.com\/it\/#primaryimage\"},\"image\":{\"@id\":\"https:\/\/ave-eta-canada.com\/it\/#primaryimage\"},\"thumbnailUrl\":\"https:\/\/ave-eta-canada.com\/wp-content\/uploads\/2020\/04\/visa-canada-1-1024x734.png\",\"datePublished\":\"2020-04-28T13:38:08+00:00\",\"dateModified\":\"2025-12-13T17:40:31+00:00\",\"description\":\"Tutte le informazioni sull'eTA Canada, il certificato elettronico di ingresso nel territorio canadese\",\"breadcrumb\":{\"@id\":\"https:\/\/ave-eta-canada.com\/it\/#breadcrumb\"},\"inLanguage\":\"it-IT\",\"potentialAction\":[{\"@type\":\"ReadAction\",\"target\":[\"https:\/\/ave-eta-canada.com\/it\/\"]}]},{\"@type\":\"ImageObject\",\"inLanguage\":\"it-IT\",\"@id\":\"https:\/\/ave-eta-canada.com\/it\/#primaryimage\",\"url\":\"https:\/\/ave-eta-canada.com\/wp-content\/uploads\/2020\/04\/visa-canada-1-1024x734.png\",\"contentUrl\":\"https:\/\/ave-eta-canada.com\/wp-content\/uploads\/2020\/04\/visa-canada-1-1024x734.png\"},{\"@type\":\"BreadcrumbList\",\"@id\":\"https:\/\/ave-eta-canada.com\/it\/#breadcrumb\",\"itemListElement\":[{\"@type\":\"ListItem\",\"position\":1,\"name\":\"Home\",\"item\":\"https:\/\/ave-eta-canada.com\/it\/\"},{\"@type\":\"ListItem\",\"position\":2,\"name\":\"CANADA: Autorizzazione di viaggio elettronica\"}]},{\"@type\":\"WebSite\",\"@id\":\"https:\/\/ave-eta-canada.com\/it\/#website\",\"url\":\"https:\/\/ave-eta-canada.com\/it\/\",\"name\":\"VISTO CANADA\",\"description\":\"Autorisation Voyage Electronique\",\"potentialAction\":[{\"@type\":\"SearchAction\",\"target\":{\"@type\":\"EntryPoint\",\"urlTemplate\":\"https:\/\/ave-eta-canada.com\/it\/?s={search_term_string}\"},\"query-input\":{\"@type\":\"PropertyValueSpecification\",\"valueRequired\":true,\"valueName\":\"search_term_string\"}}],\"inLanguage\":\"it-IT\"}]}<\/script>\n<!-- \/ Yoast SEO plugin. -->","yoast_head_json":{"title":"CANADA: Autorizzazione di viaggio elettronica","description":"Tutte le informazioni sull'eTA Canada, il certificato elettronico di ingresso nel territorio canadese","robots":{"index":"index","follow":"follow","max-snippet":"max-snippet:-1","max-image-preview":"max-image-preview:large","max-video-preview":"max-video-preview:-1"},"canonical":"https:\/\/ave-eta-canada.com\/it\/","og_locale":"it_IT","og_type":"article","og_title":"CANADA: Autorizzazione di viaggio elettronica","og_description":"Tutte le informazioni sull'eTA Canada, il certificato elettronico di ingresso nel territorio canadese","og_url":"https:\/\/ave-eta-canada.com\/it\/","og_site_name":"VISTO CANADA","article_modified_time":"2025-12-13T17:40:31+00:00","og_image":[{"width":1920,"height":1376,"url":"https:\/\/ave-eta-canada.com\/wp-content\/uploads\/2020\/04\/visa-canada-1.webp","type":"image\/webp"}],"twitter_card":"summary_large_image","twitter_misc":{"Tempo di lettura stimato":"7 minuti"},"schema":{"@context":"https:\/\/schema.org","@graph":[{"@type":"WebPage","@id":"https:\/\/ave-eta-canada.com\/it\/","url":"https:\/\/ave-eta-canada.com\/it\/","name":"CANADA: Autorizzazione di viaggio elettronica","isPartOf":{"@id":"https:\/\/ave-eta-canada.com\/it\/#website"},"primaryImageOfPage":{"@id":"https:\/\/ave-eta-canada.com\/it\/#primaryimage"},"image":{"@id":"https:\/\/ave-eta-canada.com\/it\/#primaryimage"},"thumbnailUrl":"https:\/\/ave-eta-canada.com\/wp-content\/uploads\/2020\/04\/visa-canada-1-1024x734.png","datePublished":"2020-04-28T13:38:08+00:00","dateModified":"2025-12-13T17:40:31+00:00","description":"Tutte le informazioni sull'eTA Canada, il certificato elettronico di ingresso nel territorio canadese","breadcrumb":{"@id":"https:\/\/ave-eta-canada.com\/it\/#breadcrumb"},"inLanguage":"it-IT","potentialAction":[{"@type":"ReadAction","target":["https:\/\/ave-eta-canada.com\/it\/"]}]},{"@type":"ImageObject","inLanguage":"it-IT","@id":"https:\/\/ave-eta-canada.com\/it\/#primaryimage","url":"https:\/\/ave-eta-canada.com\/wp-content\/uploads\/2020\/04\/visa-canada-1-1024x734.png","contentUrl":"https:\/\/ave-eta-canada.com\/wp-content\/uploads\/2020\/04\/visa-canada-1-1024x734.png"},{"@type":"BreadcrumbList","@id":"https:\/\/ave-eta-canada.com\/it\/#breadcrumb","itemListElement":[{"@type":"ListItem","position":1,"name":"Home","item":"https:\/\/ave-eta-canada.com\/it\/"},{"@type":"ListItem","position":2,"name":"CANADA: Autorizzazione di viaggio elettronica"}]},{"@type":"WebSite","@id":"https:\/\/ave-eta-canada.com\/it\/#website","url":"https:\/\/ave-eta-canada.com\/it\/","name":"VISTO CANADA","description":"Autorisation Voyage Electronique","potentialAction":[{"@type":"SearchAction","target":{"@type":"EntryPoint","urlTemplate":"https:\/\/ave-eta-canada.com\/it\/?s={search_term_string}"},"query-input":{"@type":"PropertyValueSpecification","valueRequired":true,"valueName":"search_term_string"}}],"inLanguage":"it-IT"}]}},"_links":{"self":[{"href":"https:\/\/ave-eta-canada.com\/it\/wp-json\/wp\/v2\/pages\/1001","targetHints":{"allow":["GET"]}}],"collection":[{"href":"https:\/\/ave-eta-canada.com\/it\/wp-json\/wp\/v2\/pages"}],"about":[{"href":"https:\/\/ave-eta-canada.com\/it\/wp-json\/wp\/v2\/types\/page"}],"author":[{"embeddable":true,"href":"https:\/\/ave-eta-canada.com\/it\/wp-json\/wp\/v2\/users\/1"}],"replies":[{"embeddable":true,"href":"https:\/\/ave-eta-canada.com\/it\/wp-json\/wp\/v2\/comments?post=1001"}],"version-history":[{"count":9,"href":"https:\/\/ave-eta-canada.com\/it\/wp-json\/wp\/v2\/pages\/1001\/revisions"}],"predecessor-version":[{"id":6399,"href":"https:\/\/ave-eta-canada.com\/it\/wp-json\/wp\/v2\/pages\/1001\/revisions\/6399"}],"wp:attachment":[{"href":"https:\/\/ave-eta-canada.com\/it\/wp-json\/wp\/v2\/media?parent=1001"}],"curies":[{"name":"wp","href":"https:\/\/api.w.org\/{rel}","templated":true}]}}