{"id":1252,"date":"2021-12-03T20:45:42","date_gmt":"2021-12-03T20:45:42","guid":{"rendered":"https:\/\/ave-eta-canada.com\/eta-canada-restrizioni-di-viaggio-covid-19-aggiornate\/"},"modified":"2025-10-09T08:31:15","modified_gmt":"2025-10-09T08:31:15","slug":"eta-canada-restrizioni-di-viaggio-covid-19-aggiornate","status":"publish","type":"page","link":"https:\/\/ave-eta-canada.com\/it\/eta-canada-restrizioni-di-viaggio-covid-19-aggiornate\/","title":{"rendered":"ETA Canada &#8211; Aggiornamento delle restrizioni di viaggio del COVID 19"},"content":{"rendered":"\t\t<div data-elementor-type=\"wp-page\" data-elementor-id=\"1252\" class=\"elementor elementor-1252 elementor-1195\" data-elementor-post-type=\"page\">\n\t\t\t\t\t\t<section class=\"elementor-section elementor-top-section elementor-element elementor-element-b820ec9 elementor-section-boxed elementor-section-height-default elementor-section-height-default\" data-id=\"b820ec9\" data-element_type=\"section\" data-e-type=\"section\">\n\t\t\t\t\t\t<div class=\"elementor-container elementor-column-gap-default\">\n\t\t\t\t\t<div class=\"elementor-column elementor-col-100 elementor-top-column elementor-element elementor-element-e20cc56\" data-id=\"e20cc56\" data-element_type=\"column\" data-e-type=\"column\">\n\t\t\t<div class=\"elementor-widget-wrap elementor-element-populated\">\n\t\t\t\t\t\t<div class=\"elementor-element elementor-element-f35a835 elementor-widget elementor-widget-heading\" data-id=\"f35a835\" data-element_type=\"widget\" data-e-type=\"widget\" data-widget_type=\"heading.default\">\n\t\t\t\t<div class=\"elementor-widget-container\">\n\t\t\t\t\t<h1 class=\"elementor-heading-title elementor-size-default\">Fine delle restrizioni legate alla crisi sanitaria del COVID 19<\/h1>\t\t\t\t<\/div>\n\t\t\t\t<\/div>\n\t\t\t\t\t<\/div>\n\t\t<\/div>\n\t\t\t\t\t<\/div>\n\t\t<\/section>\n\t\t\t\t<section class=\"elementor-section elementor-top-section elementor-element elementor-element-7752861 elementor-section-boxed elementor-section-height-default elementor-section-height-default\" data-id=\"7752861\" data-element_type=\"section\" data-e-type=\"section\">\n\t\t\t\t\t\t<div class=\"elementor-container elementor-column-gap-default\">\n\t\t\t\t\t<div class=\"elementor-column elementor-col-100 elementor-top-column elementor-element elementor-element-e662d5f\" data-id=\"e662d5f\" data-element_type=\"column\" data-e-type=\"column\">\n\t\t\t<div class=\"elementor-widget-wrap elementor-element-populated\">\n\t\t\t\t\t\t<div class=\"elementor-element elementor-element-80b7c62 elementor-widget elementor-widget-text-editor\" data-id=\"80b7c62\" data-element_type=\"widget\" data-e-type=\"widget\" data-widget_type=\"text-editor.default\">\n\t\t\t\t<div class=\"elementor-widget-container\">\n\t\t\t\t\t\t\t\t\t<p><strong>Premessa<\/strong>: ecco l&#8217;ultimo aggiornamento sugli sviluppi della crisi sanitaria legata alla COVID-19. Le informazioni in questa pagina vengono aggiornate il pi\u00f9 possibile in base alle nuove decisioni prese dall&#8217;amministrazione canadese. Da maggio 2023, la maggior parte delle restrizioni \u00e8 stata abolita per i viaggiatori diretti in Canada.  <\/p><p><strong>Per un soggiorno inferiore a 6 mesi in Canada<\/strong> : Puoi espletare le formalit\u00e0 per entrare in Canada direttamente via Internet cliccando sul <a href=\"https:\/\/ave-eta-canada.com\/it\/modulo-online-eta-canada\/\">modulo online<\/a>. Non \u00e8 necessario ottenere un appuntamento presso l&#8217;ambasciata o il consolato canadese.<\/p><h2>Fine delle restrizioni COVID per i viaggiatori in Canada<\/h2><p>Le misure preventive relative al COVID-19 messe in atto nel novembre 2021 per la riapertura delle frontiere canadesi sono state ritirate nel maggio 2023. Ai<span style=\"background-color: transparent;\"> viaggiatori<\/span> non viene pi\u00f9<span style=\"background-color: transparent;\"> richiesta la<\/span> <span style=\"background-color: transparent;\">prova della vaccinazione o dei<\/span><span style=\"background-color: transparent;\"> test di screening quando si imbarcano su un volo per il Canada.<\/span><\/p>\t\t\t\t\t\t\t\t<\/div>\n\t\t\t\t<\/div>\n\t\t\t\t\t<\/div>\n\t\t<\/div>\n\t\t\t\t\t<\/div>\n\t\t<\/section>\n\t\t\t\t<section class=\"elementor-section elementor-top-section elementor-element elementor-element-dca40c8 elementor-section-boxed elementor-section-height-default elementor-section-height-default\" data-id=\"dca40c8\" data-element_type=\"section\" data-e-type=\"section\">\n\t\t\t\t\t\t<div class=\"elementor-container elementor-column-gap-default\">\n\t\t\t\t\t<div class=\"elementor-column elementor-col-100 elementor-top-column elementor-element elementor-element-4aaedc7\" data-id=\"4aaedc7\" data-element_type=\"column\" data-e-type=\"column\">\n\t\t\t<div class=\"elementor-widget-wrap elementor-element-populated\">\n\t\t\t\t\t\t<div class=\"elementor-element elementor-element-8cf9d43 elementor-widget elementor-widget-toggle\" data-id=\"8cf9d43\" data-element_type=\"widget\" data-e-type=\"widget\" data-widget_type=\"toggle.default\">\n\t\t\t\t<div class=\"elementor-widget-container\">\n\t\t\t\t\t\t\t<div class=\"elementor-toggle\">\n\t\t\t\t\t\t\t<div class=\"elementor-toggle-item\">\n\t\t\t\t\t<h2 id=\"elementor-tab-title-1471\" class=\"elementor-tab-title\" data-tab=\"1\" role=\"button\" aria-controls=\"elementor-tab-content-1471\" aria-expanded=\"false\">\n\t\t\t\t\t\t\t\t\t\t\t\t<span class=\"elementor-toggle-icon elementor-toggle-icon-left\" aria-hidden=\"true\">\n\t\t\t\t\t\t\t\t\t\t\t\t\t\t\t<span class=\"elementor-toggle-icon-closed\"><i class=\"fas fa-caret-right\"><\/i><\/span>\n\t\t\t\t\t\t\t\t<span class=\"elementor-toggle-icon-opened\"><i class=\"elementor-toggle-icon-opened fas fa-caret-up\"><\/i><\/span>\n\t\t\t\t\t\t\t\t\t\t\t\t\t<\/span>\n\t\t\t\t\t\t\t\t\t\t\t\t<a class=\"elementor-toggle-title\" tabindex=\"0\">Devo comunque completare ArriveCAN prima di entrare in Canada?<\/a>\n\t\t\t\t\t<\/h2>\n\n\t\t\t\t\t<div id=\"elementor-tab-content-1471\" class=\"elementor-tab-content elementor-clearfix\" data-tab=\"1\" role=\"region\" aria-labelledby=\"elementor-tab-title-1471\"><p><a href=\"https:\/\/ave-eta-canada.com\/it\/arrivare-in-canada\/\">ArriveCAN<\/a> \u00e8 un&#8217;applicazione del governo canadese. \u00c8 stato utilizzato per gestire le informazioni per i viaggiatori che entrano in Canada a seguito della pandemia COVID-19. Ha facilitato la conformit\u00e0 ai requisiti di salute pubblica del Canada.<\/p>\n<p>L&#8217;applicazione <a href=\"https:\/\/ave-eta-canada.com\/it\/arrivare-in-canada\/\">ArriveCAN<\/a> \u00e8 stata implementata nel novembre 2020. A partire da maggio 2023, i <b>viaggiatori non dovranno pi\u00f9 completare ArriveCAN<\/b> entro 72 ore dall&#8217;arrivo in Canada.<\/p>\n<\/div>\n\t\t\t\t<\/div>\n\t\t\t\t\t\t\t<div class=\"elementor-toggle-item\">\n\t\t\t\t\t<h2 id=\"elementor-tab-title-1472\" class=\"elementor-tab-title\" data-tab=\"2\" role=\"button\" aria-controls=\"elementor-tab-content-1472\" aria-expanded=\"false\">\n\t\t\t\t\t\t\t\t\t\t\t\t<span class=\"elementor-toggle-icon elementor-toggle-icon-left\" aria-hidden=\"true\">\n\t\t\t\t\t\t\t\t\t\t\t\t\t\t\t<span class=\"elementor-toggle-icon-closed\"><i class=\"fas fa-caret-right\"><\/i><\/span>\n\t\t\t\t\t\t\t\t<span class=\"elementor-toggle-icon-opened\"><i class=\"elementor-toggle-icon-opened fas fa-caret-up\"><\/i><\/span>\n\t\t\t\t\t\t\t\t\t\t\t\t\t<\/span>\n\t\t\t\t\t\t\t\t\t\t\t\t<a class=\"elementor-toggle-title\" tabindex=\"0\">Devo essere vaccinato per entrare in Canada?<\/a>\n\t\t\t\t\t<\/h2>\n\n\t\t\t\t\t<div id=\"elementor-tab-content-1472\" class=\"elementor-tab-content elementor-clearfix\" data-tab=\"2\" role=\"region\" aria-labelledby=\"elementor-tab-title-1472\"><p>A partire da maggio 2023, <b>non sar\u00e0 pi\u00f9 necessario essere vaccinati per entrare in Canada<\/b>. Non \u00e8 pi\u00f9 richiesto il test negativo per la COVID-19 per entrare nel Paese. Le compagnie aeree non controllano pi\u00f9 lo stato di vaccinazione di tutti i viaggiatori prima dell&#8217;imbarco.  <\/p>\n<\/div>\n\t\t\t\t<\/div>\n\t\t\t\t\t\t\t<div class=\"elementor-toggle-item\">\n\t\t\t\t\t<h2 id=\"elementor-tab-title-1473\" class=\"elementor-tab-title\" data-tab=\"3\" role=\"button\" aria-controls=\"elementor-tab-content-1473\" aria-expanded=\"false\">\n\t\t\t\t\t\t\t\t\t\t\t\t<span class=\"elementor-toggle-icon elementor-toggle-icon-left\" aria-hidden=\"true\">\n\t\t\t\t\t\t\t\t\t\t\t\t\t\t\t<span class=\"elementor-toggle-icon-closed\"><i class=\"fas fa-caret-right\"><\/i><\/span>\n\t\t\t\t\t\t\t\t<span class=\"elementor-toggle-icon-opened\"><i class=\"elementor-toggle-icon-opened fas fa-caret-up\"><\/i><\/span>\n\t\t\t\t\t\t\t\t\t\t\t\t\t<\/span>\n\t\t\t\t\t\t\t\t\t\t\t\t<a class=\"elementor-toggle-title\" tabindex=\"0\">Abbiamo bisogno di un test COVID negativo in Canada per lasciare il territorio in meno di 72 ore?<\/a>\n\t\t\t\t\t<\/h2>\n\n\t\t\t\t\t<div id=\"elementor-tab-content-1473\" class=\"elementor-tab-content elementor-clearfix\" data-tab=\"3\" role=\"region\" aria-labelledby=\"elementor-tab-title-1473\"><p>I residenti in Canada non devono pi\u00f9 presentare un test COVID-19 negativo per lasciare il territorio canadese.<\/p>\n<\/div>\n\t\t\t\t<\/div>\n\t\t\t\t\t\t\t\t\t\t<script type=\"application\/ld+json\">{\"@context\":\"https:\\\/\\\/schema.org\",\"@type\":\"FAQPage\",\"mainEntity\":[{\"@type\":\"Question\",\"name\":\"Devo comunque completare ArriveCAN prima di entrare in Canada?\",\"acceptedAnswer\":{\"@type\":\"Answer\",\"text\":\"<p><a href=\\\"https:\\\/\\\/ave-eta-canada.com\\\/it\\\/arrivare-in-canada\\\/\\\">ArriveCAN<\\\/a> \\u00e8 un&#8217;applicazione del governo canadese. \\u00c8 stato utilizzato per gestire le informazioni per i viaggiatori che entrano in Canada a seguito della pandemia COVID-19. Ha facilitato la conformit\\u00e0 ai requisiti di salute pubblica del Canada.<\\\/p>\\n<p>L&#8217;applicazione <a href=\\\"https:\\\/\\\/ave-eta-canada.com\\\/it\\\/arrivare-in-canada\\\/\\\">ArriveCAN<\\\/a> \\u00e8 stata implementata nel novembre 2020. A partire da maggio 2023, i <b>viaggiatori non dovranno pi\\u00f9 completare ArriveCAN<\\\/b> entro 72 ore dall&#8217;arrivo in Canada.<\\\/p>\\n\"}},{\"@type\":\"Question\",\"name\":\"Devo essere vaccinato per entrare in Canada?\",\"acceptedAnswer\":{\"@type\":\"Answer\",\"text\":\"<p>A partire da maggio 2023, <b>non sar\\u00e0 pi\\u00f9 necessario essere vaccinati per entrare in Canada<\\\/b>. Non \\u00e8 pi\\u00f9 richiesto il test negativo per la COVID-19 per entrare nel Paese. Le compagnie aeree non controllano pi\\u00f9 lo stato di vaccinazione di tutti i viaggiatori prima dell&#8217;imbarco.  <\\\/p>\\n\"}},{\"@type\":\"Question\",\"name\":\"Abbiamo bisogno di un test COVID negativo in Canada per lasciare il territorio in meno di 72 ore?\",\"acceptedAnswer\":{\"@type\":\"Answer\",\"text\":\"<p>I residenti in Canada non devono pi\\u00f9 presentare un test COVID-19 negativo per lasciare il territorio canadese.<\\\/p>\\n\"}}]}<\/script>\n\t\t\t\t\t<\/div>\n\t\t\t\t\t\t<\/div>\n\t\t\t\t<\/div>\n\t\t\t\t\t<\/div>\n\t\t<\/div>\n\t\t\t\t\t<\/div>\n\t\t<\/section>\n\t\t\t\t<\/div>\n\t\t","protected":false},"excerpt":{"rendered":"<p>Fine delle restrizioni legate alla crisi sanitaria del COVID 19 Premessa: ecco l&#8217;ultimo aggiornamento sugli sviluppi della crisi sanitaria legata alla COVID-19. Le informazioni in questa pagina vengono aggiornate il pi\u00f9 possibile in base alle nuove decisioni prese dall&#8217;amministrazione canadese. Da maggio 2023, la maggior parte delle restrizioni \u00e8 stata abolita per i viaggiatori diretti [&hellip;]<\/p>\n","protected":false},"author":1,"featured_media":0,"parent":0,"menu_order":0,"comment_status":"closed","ping_status":"closed","template":"","meta":{"footnotes":""},"class_list":["post-1252","page","type-page","status-publish","hentry"],"yoast_head":"<!-- This site is optimized with the Yoast SEO plugin v26.9 - https:\/\/yoast.com\/product\/yoast-seo-wordpress\/ -->\n<title>ETA Canada - Aggiornamento delle restrizioni di viaggio del COVID 19<\/title>\n<meta name=\"description\" content=\"Scoprite le restrizioni COVID per l&#039;ingresso in Canada con un&#039;autorizzazione elettronica di viaggio (ETA).\" \/>\n<meta name=\"robots\" content=\"index, follow, max-snippet:-1, max-image-preview:large, max-video-preview:-1\" \/>\n<link rel=\"canonical\" href=\"https:\/\/ave-eta-canada.com\/it\/eta-canada-restrizioni-di-viaggio-covid-19-aggiornate\/\" \/>\n<meta property=\"og:locale\" content=\"it_IT\" \/>\n<meta property=\"og:type\" content=\"article\" \/>\n<meta property=\"og:title\" content=\"ETA Canada - Aggiornamento delle restrizioni di viaggio del COVID 19\" \/>\n<meta property=\"og:description\" content=\"Scoprite le restrizioni COVID per l&#039;ingresso in Canada con un&#039;autorizzazione elettronica di viaggio (ETA).\" \/>\n<meta property=\"og:url\" content=\"https:\/\/ave-eta-canada.com\/it\/eta-canada-restrizioni-di-viaggio-covid-19-aggiornate\/\" \/>\n<meta property=\"og:site_name\" content=\"VISTO CANADA\" \/>\n<meta property=\"article:modified_time\" content=\"2025-10-09T08:31:15+00:00\" \/>\n<meta name=\"twitter:card\" content=\"summary_large_image\" \/>\n<meta name=\"twitter:label1\" content=\"Tempo di lettura stimato\" \/>\n\t<meta name=\"twitter:data1\" content=\"1 minuto\" \/>\n<script type=\"application\/ld+json\" class=\"yoast-schema-graph\">{\"@context\":\"https:\/\/schema.org\",\"@graph\":[{\"@type\":\"WebPage\",\"@id\":\"https:\/\/ave-eta-canada.com\/it\/eta-canada-restrizioni-di-viaggio-covid-19-aggiornate\/\",\"url\":\"https:\/\/ave-eta-canada.com\/it\/eta-canada-restrizioni-di-viaggio-covid-19-aggiornate\/\",\"name\":\"ETA Canada - Aggiornamento delle restrizioni di viaggio del COVID 19\",\"isPartOf\":{\"@id\":\"https:\/\/ave-eta-canada.com\/it\/#website\"},\"datePublished\":\"2021-12-03T20:45:42+00:00\",\"dateModified\":\"2025-10-09T08:31:15+00:00\",\"description\":\"Scoprite le restrizioni COVID per l'ingresso in Canada con un'autorizzazione elettronica di viaggio (ETA).\",\"breadcrumb\":{\"@id\":\"https:\/\/ave-eta-canada.com\/it\/eta-canada-restrizioni-di-viaggio-covid-19-aggiornate\/#breadcrumb\"},\"inLanguage\":\"it-IT\",\"potentialAction\":[{\"@type\":\"ReadAction\",\"target\":[\"https:\/\/ave-eta-canada.com\/it\/eta-canada-restrizioni-di-viaggio-covid-19-aggiornate\/\"]}]},{\"@type\":\"BreadcrumbList\",\"@id\":\"https:\/\/ave-eta-canada.com\/it\/eta-canada-restrizioni-di-viaggio-covid-19-aggiornate\/#breadcrumb\",\"itemListElement\":[{\"@type\":\"ListItem\",\"position\":1,\"name\":\"Home\",\"item\":\"https:\/\/ave-eta-canada.com\/it\/\"},{\"@type\":\"ListItem\",\"position\":2,\"name\":\"ETA Canada &#8211; Aggiornamento delle restrizioni di viaggio del COVID 19\"}]},{\"@type\":\"WebSite\",\"@id\":\"https:\/\/ave-eta-canada.com\/it\/#website\",\"url\":\"https:\/\/ave-eta-canada.com\/it\/\",\"name\":\"VISTO CANADA\",\"description\":\"Autorisation Voyage Electronique\",\"potentialAction\":[{\"@type\":\"SearchAction\",\"target\":{\"@type\":\"EntryPoint\",\"urlTemplate\":\"https:\/\/ave-eta-canada.com\/it\/?s={search_term_string}\"},\"query-input\":{\"@type\":\"PropertyValueSpecification\",\"valueRequired\":true,\"valueName\":\"search_term_string\"}}],\"inLanguage\":\"it-IT\"}]}<\/script>\n<!-- \/ Yoast SEO plugin. -->","yoast_head_json":{"title":"ETA Canada - Aggiornamento delle restrizioni di viaggio del COVID 19","description":"Scoprite le restrizioni COVID per l'ingresso in Canada con un'autorizzazione elettronica di viaggio (ETA).","robots":{"index":"index","follow":"follow","max-snippet":"max-snippet:-1","max-image-preview":"max-image-preview:large","max-video-preview":"max-video-preview:-1"},"canonical":"https:\/\/ave-eta-canada.com\/it\/eta-canada-restrizioni-di-viaggio-covid-19-aggiornate\/","og_locale":"it_IT","og_type":"article","og_title":"ETA Canada - Aggiornamento delle restrizioni di viaggio del COVID 19","og_description":"Scoprite le restrizioni COVID per l'ingresso in Canada con un'autorizzazione elettronica di viaggio (ETA).","og_url":"https:\/\/ave-eta-canada.com\/it\/eta-canada-restrizioni-di-viaggio-covid-19-aggiornate\/","og_site_name":"VISTO CANADA","article_modified_time":"2025-10-09T08:31:15+00:00","twitter_card":"summary_large_image","twitter_misc":{"Tempo di lettura stimato":"1 minuto"},"schema":{"@context":"https:\/\/schema.org","@graph":[{"@type":"WebPage","@id":"https:\/\/ave-eta-canada.com\/it\/eta-canada-restrizioni-di-viaggio-covid-19-aggiornate\/","url":"https:\/\/ave-eta-canada.com\/it\/eta-canada-restrizioni-di-viaggio-covid-19-aggiornate\/","name":"ETA Canada - Aggiornamento delle restrizioni di viaggio del COVID 19","isPartOf":{"@id":"https:\/\/ave-eta-canada.com\/it\/#website"},"datePublished":"2021-12-03T20:45:42+00:00","dateModified":"2025-10-09T08:31:15+00:00","description":"Scoprite le restrizioni COVID per l'ingresso in Canada con un'autorizzazione elettronica di viaggio (ETA).","breadcrumb":{"@id":"https:\/\/ave-eta-canada.com\/it\/eta-canada-restrizioni-di-viaggio-covid-19-aggiornate\/#breadcrumb"},"inLanguage":"it-IT","potentialAction":[{"@type":"ReadAction","target":["https:\/\/ave-eta-canada.com\/it\/eta-canada-restrizioni-di-viaggio-covid-19-aggiornate\/"]}]},{"@type":"BreadcrumbList","@id":"https:\/\/ave-eta-canada.com\/it\/eta-canada-restrizioni-di-viaggio-covid-19-aggiornate\/#breadcrumb","itemListElement":[{"@type":"ListItem","position":1,"name":"Home","item":"https:\/\/ave-eta-canada.com\/it\/"},{"@type":"ListItem","position":2,"name":"ETA Canada &#8211; Aggiornamento delle restrizioni di viaggio del COVID 19"}]},{"@type":"WebSite","@id":"https:\/\/ave-eta-canada.com\/it\/#website","url":"https:\/\/ave-eta-canada.com\/it\/","name":"VISTO CANADA","description":"Autorisation Voyage Electronique","potentialAction":[{"@type":"SearchAction","target":{"@type":"EntryPoint","urlTemplate":"https:\/\/ave-eta-canada.com\/it\/?s={search_term_string}"},"query-input":{"@type":"PropertyValueSpecification","valueRequired":true,"valueName":"search_term_string"}}],"inLanguage":"it-IT"}]}},"_links":{"self":[{"href":"https:\/\/ave-eta-canada.com\/it\/wp-json\/wp\/v2\/pages\/1252","targetHints":{"allow":["GET"]}}],"collection":[{"href":"https:\/\/ave-eta-canada.com\/it\/wp-json\/wp\/v2\/pages"}],"about":[{"href":"https:\/\/ave-eta-canada.com\/it\/wp-json\/wp\/v2\/types\/page"}],"author":[{"embeddable":true,"href":"https:\/\/ave-eta-canada.com\/it\/wp-json\/wp\/v2\/users\/1"}],"replies":[{"embeddable":true,"href":"https:\/\/ave-eta-canada.com\/it\/wp-json\/wp\/v2\/comments?post=1252"}],"version-history":[{"count":2,"href":"https:\/\/ave-eta-canada.com\/it\/wp-json\/wp\/v2\/pages\/1252\/revisions"}],"predecessor-version":[{"id":6265,"href":"https:\/\/ave-eta-canada.com\/it\/wp-json\/wp\/v2\/pages\/1252\/revisions\/6265"}],"wp:attachment":[{"href":"https:\/\/ave-eta-canada.com\/it\/wp-json\/wp\/v2\/media?parent=1252"}],"curies":[{"name":"wp","href":"https:\/\/api.w.org\/{rel}","templated":true}]}}