{"id":1311,"date":"2021-12-04T10:38:06","date_gmt":"2021-12-04T10:38:06","guid":{"rendered":"https:\/\/ave-eta-canada.com\/modulo-online-eta-canada\/"},"modified":"2023-08-01T19:33:29","modified_gmt":"2023-08-01T19:33:29","slug":"modulo-online-eta-canada","status":"publish","type":"page","link":"https:\/\/ave-eta-canada.com\/it\/modulo-online-eta-canada\/","title":{"rendered":"Modulo eTA Canada online"},"content":{"rendered":"\t\t<div data-elementor-type=\"wp-page\" data-elementor-id=\"1311\" class=\"elementor elementor-1311 elementor-1232\" data-elementor-post-type=\"page\">\n\t\t\t\t\t\t<section class=\"elementor-section elementor-top-section elementor-element elementor-element-01b8d7a elementor-section-boxed elementor-section-height-default elementor-section-height-default\" data-id=\"01b8d7a\" data-element_type=\"section\" data-e-type=\"section\">\n\t\t\t\t\t\t<div class=\"elementor-container elementor-column-gap-default\">\n\t\t\t\t\t<div class=\"elementor-column elementor-col-100 elementor-top-column elementor-element elementor-element-857301c\" data-id=\"857301c\" data-element_type=\"column\" data-e-type=\"column\">\n\t\t\t<div class=\"elementor-widget-wrap elementor-element-populated\">\n\t\t\t\t\t\t<div class=\"elementor-element elementor-element-9d0db83 elementor-widget elementor-widget-heading\" data-id=\"9d0db83\" data-element_type=\"widget\" data-e-type=\"widget\" data-widget_type=\"heading.default\">\n\t\t\t\t<div class=\"elementor-widget-container\">\n\t\t\t\t\t<h1 class=\"elementor-heading-title elementor-size-default\">Formalit\u00e0 per l'ingresso in Canada<\/h1>\t\t\t\t<\/div>\n\t\t\t\t<\/div>\n\t\t\t\t\t<\/div>\n\t\t<\/div>\n\t\t\t\t\t<\/div>\n\t\t<\/section>\n\t\t\t\t<section class=\"elementor-section elementor-top-section elementor-element elementor-element-705b76d elementor-section-boxed elementor-section-height-default elementor-section-height-default\" data-id=\"705b76d\" data-element_type=\"section\" data-e-type=\"section\">\n\t\t\t\t\t\t<div class=\"elementor-container elementor-column-gap-default\">\n\t\t\t\t\t<div class=\"elementor-column elementor-col-100 elementor-top-column elementor-element elementor-element-ac07ac8\" data-id=\"ac07ac8\" data-element_type=\"column\" data-e-type=\"column\">\n\t\t\t<div class=\"elementor-widget-wrap elementor-element-populated\">\n\t\t\t\t\t\t<div class=\"elementor-element elementor-element-3c0c83c elementor-widget elementor-widget-text-editor\" data-id=\"3c0c83c\" data-element_type=\"widget\" data-e-type=\"widget\" data-widget_type=\"text-editor.default\">\n\t\t\t\t<div class=\"elementor-widget-container\">\n\t\t\t\t\t\t\t\t\t<p>Le formalit\u00e0 per l&#8217;ingresso in territorio canadese per un soggiorno inferiore a 6 mesi possono essere espletate direttamente via Internet. Non \u00e8 necessario ottenere un appuntamento presso l&#8217;ambasciata o il consolato canadese.<\/p>\n\t\t\t\t\t\t\t\t<\/div>\n\t\t\t\t<\/div>\n\t\t\t\t\t<\/div>\n\t\t<\/div>\n\t\t\t\t\t<\/div>\n\t\t<\/section>\n\t\t\t\t<section class=\"elementor-section elementor-top-section elementor-element elementor-element-d0ede5a elementor-section-boxed elementor-section-height-default elementor-section-height-default\" data-id=\"d0ede5a\" data-element_type=\"section\" data-e-type=\"section\">\n\t\t\t\t\t\t<div class=\"elementor-container elementor-column-gap-default\">\n\t\t\t\t\t<section class=\"elementor-column elementor-col-100 elementor-top-column elementor-element elementor-element-43370bb\" data-id=\"43370bb\" data-element_type=\"column\" data-e-type=\"column\">\n\t\t\t<div class=\"elementor-widget-wrap elementor-element-populated\">\n\t\t\t\t\t\t<div class=\"elementor-element elementor-element-602fc57 elementor-button-danger elementor-widget elementor-widget-button\" data-id=\"602fc57\" data-element_type=\"widget\" data-e-type=\"widget\" data-widget_type=\"button.default\">\n\t\t\t\t<div class=\"elementor-widget-container\">\n\t\t\t\t\t\t\t\t\t<div class=\"elementor-button-wrapper\">\n\t\t\t\t\t<a class=\"elementor-button elementor-button-link elementor-size-sm\" href=\"https:\/\/ufficiale-canada-eta.it\/domanda-eta-per-canada\/?aid=1\">\n\t\t\t\t\t\t<span class=\"elementor-button-content-wrapper\">\n\t\t\t\t\t\t\t\t\t<span class=\"elementor-button-text\">Clicca qui<\/span>\n\t\t\t\t\t<\/span>\n\t\t\t\t\t<\/a>\n\t\t\t\t<\/div>\n\t\t\t\t\t\t\t\t<\/div>\n\t\t\t\t<\/div>\n\t\t\t\t\t<\/div>\n\t\t<\/section>\n\t\t\t\t\t<\/div>\n\t\t<\/section>\n\t\t\t\t<section class=\"elementor-section elementor-top-section elementor-element elementor-element-e3491cc elementor-section-boxed elementor-section-height-default elementor-section-height-default\" data-id=\"e3491cc\" data-element_type=\"section\" data-e-type=\"section\">\n\t\t\t\t\t\t<div class=\"elementor-container elementor-column-gap-default\">\n\t\t\t\t\t<div class=\"elementor-column elementor-col-100 elementor-top-column elementor-element elementor-element-723c9af\" data-id=\"723c9af\" data-element_type=\"column\" data-e-type=\"column\">\n\t\t\t<div class=\"elementor-widget-wrap elementor-element-populated\">\n\t\t\t\t\t\t<div class=\"elementor-element elementor-element-1b3da91 elementor-widget elementor-widget-spacer\" data-id=\"1b3da91\" data-element_type=\"widget\" data-e-type=\"widget\" data-widget_type=\"spacer.default\">\n\t\t\t\t<div class=\"elementor-widget-container\">\n\t\t\t\t\t\t\t<div class=\"elementor-spacer\">\n\t\t\t<div class=\"elementor-spacer-inner\"><\/div>\n\t\t<\/div>\n\t\t\t\t\t\t<\/div>\n\t\t\t\t<\/div>\n\t\t\t\t\t<\/div>\n\t\t<\/div>\n\t\t\t\t\t<\/div>\n\t\t<\/section>\n\t\t\t\t<section class=\"elementor-section elementor-top-section elementor-element elementor-element-483fa27 elementor-section-boxed elementor-section-height-default elementor-section-height-default\" data-id=\"483fa27\" data-element_type=\"section\" data-e-type=\"section\">\n\t\t\t\t\t\t<div class=\"elementor-container elementor-column-gap-default\">\n\t\t\t\t\t<div class=\"elementor-column elementor-col-100 elementor-top-column elementor-element elementor-element-5e76f20\" data-id=\"5e76f20\" data-element_type=\"column\" data-e-type=\"column\">\n\t\t\t<div class=\"elementor-widget-wrap elementor-element-populated\">\n\t\t\t\t\t\t<div class=\"elementor-element elementor-element-4b62d6b elementor-widget elementor-widget-heading\" data-id=\"4b62d6b\" data-element_type=\"widget\" data-e-type=\"widget\" data-widget_type=\"heading.default\">\n\t\t\t\t<div class=\"elementor-widget-container\">\n\t\t\t\t\t<h2 class=\"elementor-heading-title elementor-size-default\">Quanto dura l'eTA?<\/h2>\t\t\t\t<\/div>\n\t\t\t\t<\/div>\n\t\t\t\t\t<\/div>\n\t\t<\/div>\n\t\t\t\t\t<\/div>\n\t\t<\/section>\n\t\t\t\t<section class=\"elementor-section elementor-top-section elementor-element elementor-element-c06cf5a elementor-section-boxed elementor-section-height-default elementor-section-height-default\" data-id=\"c06cf5a\" data-element_type=\"section\" data-e-type=\"section\">\n\t\t\t\t\t\t<div class=\"elementor-container elementor-column-gap-default\">\n\t\t\t\t\t<div class=\"elementor-column elementor-col-100 elementor-top-column elementor-element elementor-element-4b80c78\" data-id=\"4b80c78\" data-element_type=\"column\" data-e-type=\"column\">\n\t\t\t<div class=\"elementor-widget-wrap elementor-element-populated\">\n\t\t\t\t\t\t<div class=\"elementor-element elementor-element-a03ce65 elementor-widget elementor-widget-text-editor\" data-id=\"a03ce65\" data-element_type=\"widget\" data-e-type=\"widget\" data-widget_type=\"text-editor.default\">\n\t\t\t\t<div class=\"elementor-widget-container\">\n\t\t\t\t\t\t\t\t\t<p>Dopo aver ottenuto la tua eTA <span style=\"font-size: 1rem;\">(Autorizzazione al Viaggio Elettronica) che si chiama il<\/span><span style=\"font-size: 1rem;\">eTA Canada, puoi imbarcarti per il Canada. La tua autorizzazione di viaggio elettronica \u00e8 <a href=\"https:\/\/ave-eta-canada.com\/it\/eta-canada-periodo-di-validita\/\">valida per cinque anni<\/a> o fino alla scadenza del passaporto. Tuttavia, la durata del soggiorno in Canada non pu\u00f2 superare i 6 mesi. Tuttavia, puoi lasciare e rientrare in Canada pi\u00f9 volte fino alla scadenza dei 6 mesi.<\/span><\/p>\n\t\t\t\t\t\t\t\t<\/div>\n\t\t\t\t<\/div>\n\t\t\t\t\t<\/div>\n\t\t<\/div>\n\t\t\t\t\t<\/div>\n\t\t<\/section>\n\t\t\t\t<section class=\"elementor-section elementor-top-section elementor-element elementor-element-7497d3a elementor-section-boxed elementor-section-height-default elementor-section-height-default\" data-id=\"7497d3a\" data-element_type=\"section\" data-e-type=\"section\">\n\t\t\t\t\t\t<div class=\"elementor-container elementor-column-gap-default\">\n\t\t\t\t\t<div class=\"elementor-column elementor-col-100 elementor-top-column elementor-element elementor-element-cb7b812\" data-id=\"cb7b812\" data-element_type=\"column\" data-e-type=\"column\">\n\t\t\t<div class=\"elementor-widget-wrap elementor-element-populated\">\n\t\t\t\t\t\t<div class=\"elementor-element elementor-element-66c5e3b elementor-widget elementor-widget-heading\" data-id=\"66c5e3b\" data-element_type=\"widget\" data-e-type=\"widget\" data-widget_type=\"heading.default\">\n\t\t\t\t<div class=\"elementor-widget-container\">\n\t\t\t\t\t<h2 class=\"elementor-heading-title elementor-size-default\">Richiedi un'eTA anzich\u00e9 un visto canadese<\/h2>\t\t\t\t<\/div>\n\t\t\t\t<\/div>\n\t\t\t\t\t<\/div>\n\t\t<\/div>\n\t\t\t\t\t<\/div>\n\t\t<\/section>\n\t\t\t\t<section class=\"elementor-section elementor-top-section elementor-element elementor-element-ebf40e1 elementor-section-boxed elementor-section-height-default elementor-section-height-default\" data-id=\"ebf40e1\" data-element_type=\"section\" data-e-type=\"section\">\n\t\t\t\t\t\t<div class=\"elementor-container elementor-column-gap-default\">\n\t\t\t\t\t<div class=\"elementor-column elementor-col-100 elementor-top-column elementor-element elementor-element-72c7d03\" data-id=\"72c7d03\" data-element_type=\"column\" data-e-type=\"column\">\n\t\t\t<div class=\"elementor-widget-wrap elementor-element-populated\">\n\t\t\t\t\t\t<div class=\"elementor-element elementor-element-e2a976f elementor-widget elementor-widget-text-editor\" data-id=\"e2a976f\" data-element_type=\"widget\" data-e-type=\"widget\" data-widget_type=\"text-editor.default\">\n\t\t\t\t<div class=\"elementor-widget-container\">\n\t\t\t\t\t\t\t\t\t<p>L&#8217;eTA \u00e8 valida per molti scopi di viaggio, che vanno dal turismo, al transito o per un viaggio di lavoro. Se viaggi in Canada per uno di questi motivi, benefici di questo <a href=\"https:\/\/ave-eta-canada.com\/it\/visto-o-eta-canada\/\">sistema di autorizzazione al viaggio pi\u00f9 semplice rispetto all&#8217;ottenimento di un visto<\/a> . Le procedure si svolgono interamente via Internet e sono meno onerose rispetto all&#8217;ottenimento di un <a href=\"https:\/\/ave-eta-canada.com\/it\/il-visto-e-essenziale-per-viaggiare-in-canada\/\">visto per il Canada<\/a>. L&#8217;eTA \u00e8 la soluzione per viaggiare in <a href=\"https:\/\/www.canada.ca\/\">Canada<\/a> in modo facile ed economico.<\/p>\n\t\t\t\t\t\t\t\t<\/div>\n\t\t\t\t<\/div>\n\t\t\t\t\t<\/div>\n\t\t<\/div>\n\t\t\t\t\t<\/div>\n\t\t<\/section>\n\t\t\t\t<section class=\"elementor-section elementor-top-section elementor-element elementor-element-e184bc8 elementor-section-boxed elementor-section-height-default elementor-section-height-default\" data-id=\"e184bc8\" data-element_type=\"section\" data-e-type=\"section\">\n\t\t\t\t\t\t<div class=\"elementor-container elementor-column-gap-default\">\n\t\t\t\t\t<div class=\"elementor-column elementor-col-100 elementor-top-column elementor-element elementor-element-8f2ffa9\" data-id=\"8f2ffa9\" data-element_type=\"column\" data-e-type=\"column\">\n\t\t\t<div class=\"elementor-widget-wrap elementor-element-populated\">\n\t\t\t\t\t\t<div class=\"elementor-element elementor-element-fc621f2 elementor-widget elementor-widget-heading\" data-id=\"fc621f2\" data-element_type=\"widget\" data-e-type=\"widget\" data-widget_type=\"heading.default\">\n\t\t\t\t<div class=\"elementor-widget-container\">\n\t\t\t\t\t<h2 class=\"elementor-heading-title elementor-size-default\">Controlla la tua autorizzazione eTA per il Canada<\/h2>\t\t\t\t<\/div>\n\t\t\t\t<\/div>\n\t\t\t\t\t<\/div>\n\t\t<\/div>\n\t\t\t\t\t<\/div>\n\t\t<\/section>\n\t\t\t\t<section class=\"elementor-section elementor-top-section elementor-element elementor-element-169e1ac elementor-section-boxed elementor-section-height-default elementor-section-height-default\" data-id=\"169e1ac\" data-element_type=\"section\" data-e-type=\"section\">\n\t\t\t\t\t\t<div class=\"elementor-container elementor-column-gap-default\">\n\t\t\t\t\t<div class=\"elementor-column elementor-col-100 elementor-top-column elementor-element elementor-element-e889be0\" data-id=\"e889be0\" data-element_type=\"column\" data-e-type=\"column\">\n\t\t\t<div class=\"elementor-widget-wrap elementor-element-populated\">\n\t\t\t\t\t\t<div class=\"elementor-element elementor-element-0c265be elementor-widget elementor-widget-text-editor\" data-id=\"0c265be\" data-element_type=\"widget\" data-e-type=\"widget\" data-widget_type=\"text-editor.default\">\n\t\t\t\t<div class=\"elementor-widget-container\">\n\t\t\t\t\t\t\t\t\t<p>Il pi\u00f9 delle volte, l&#8217;applicazione eTA via Internet viene convalidata in pochi minuti. A volte il tempo di elaborazione \u00e8 pi\u00f9 lungo. Se la tua autorizzazione di viaggio elettronica \u00e8 &#8220;in attesa&#8221;, riceverai l&#8217;e-mail di risposta dall&#8217;amministrazione canadese (IRCC) entro poche ore o giorni. A volte \u00e8 richiesto di fornire ulteriori documenti giustificativi.<\/p>\n<p>Per seguire l&#8217; <a href=\"https:\/\/ave-eta-canada.com\/it\/come-verificare-lo-stato-della-richiesta-di-eta-canada\/\">andamento dell&#8217;eTA<\/a> via Internet \u00e8 necessario:<\/p>\n<ul>\n<li>Il numero della domanda eTA comunicato via e-mail;<\/li>\n<li>Le informazioni sul passaporto del viaggiatore.<\/li>\n<\/ul>\n<p>Puoi anche <a href=\"https:\/\/ave-eta-canada.com\/it\/come-trovare-un-eta\/\">trovare la tua eTA<\/a> direttamente online e stamparla.<\/p>\n\t\t\t\t\t\t\t\t<\/div>\n\t\t\t\t<\/div>\n\t\t\t\t\t<\/div>\n\t\t<\/div>\n\t\t\t\t\t<\/div>\n\t\t<\/section>\n\t\t\t\t<\/div>\n\t\t","protected":false},"excerpt":{"rendered":"<p>Formalit\u00e0 per l&#8217;ingresso in Canada Le formalit\u00e0 per l&#8217;ingresso in territorio canadese per un soggiorno inferiore a 6 mesi possono essere espletate direttamente via Internet. Non \u00e8 necessario ottenere un appuntamento presso l&#8217;ambasciata o il consolato canadese. Clicca qui Quanto dura l&#8217;eTA? Dopo aver ottenuto la tua eTA (Autorizzazione al Viaggio Elettronica) che si chiama [&hellip;]<\/p>\n","protected":false},"author":1,"featured_media":0,"parent":0,"menu_order":0,"comment_status":"closed","ping_status":"closed","template":"","meta":{"footnotes":""},"class_list":["post-1311","page","type-page","status-publish","hentry"],"yoast_head":"<!-- This site is optimized with the Yoast SEO plugin v26.9 - https:\/\/yoast.com\/product\/yoast-seo-wordpress\/ -->\n<title>Modulo eTA Canada online<\/title>\n<meta name=\"description\" content=\"Completa online il modulo di richiesta di autorizzazione al viaggio elettronico per il Canada.\" \/>\n<meta name=\"robots\" content=\"index, follow, max-snippet:-1, max-image-preview:large, max-video-preview:-1\" \/>\n<link rel=\"canonical\" href=\"https:\/\/ave-eta-canada.com\/it\/modulo-online-eta-canada\/\" \/>\n<meta property=\"og:locale\" content=\"it_IT\" \/>\n<meta property=\"og:type\" content=\"article\" \/>\n<meta property=\"og:title\" content=\"Modulo eTA Canada online\" \/>\n<meta property=\"og:description\" content=\"Completa online il modulo di richiesta di autorizzazione al viaggio elettronico per il Canada.\" \/>\n<meta property=\"og:url\" content=\"https:\/\/ave-eta-canada.com\/it\/modulo-online-eta-canada\/\" \/>\n<meta property=\"og:site_name\" content=\"VISTO CANADA\" \/>\n<meta property=\"article:modified_time\" content=\"2023-08-01T19:33:29+00:00\" \/>\n<meta name=\"twitter:card\" content=\"summary_large_image\" \/>\n<meta name=\"twitter:label1\" content=\"Tempo di lettura stimato\" \/>\n\t<meta name=\"twitter:data1\" content=\"1 minuto\" \/>\n<script type=\"application\/ld+json\" class=\"yoast-schema-graph\">{\"@context\":\"https:\/\/schema.org\",\"@graph\":[{\"@type\":\"WebPage\",\"@id\":\"https:\/\/ave-eta-canada.com\/it\/modulo-online-eta-canada\/\",\"url\":\"https:\/\/ave-eta-canada.com\/it\/modulo-online-eta-canada\/\",\"name\":\"Modulo eTA Canada online\",\"isPartOf\":{\"@id\":\"https:\/\/ave-eta-canada.com\/it\/#website\"},\"datePublished\":\"2021-12-04T10:38:06+00:00\",\"dateModified\":\"2023-08-01T19:33:29+00:00\",\"description\":\"Completa online il modulo di richiesta di autorizzazione al viaggio elettronico per il Canada.\",\"breadcrumb\":{\"@id\":\"https:\/\/ave-eta-canada.com\/it\/modulo-online-eta-canada\/#breadcrumb\"},\"inLanguage\":\"it-IT\",\"potentialAction\":[{\"@type\":\"ReadAction\",\"target\":[\"https:\/\/ave-eta-canada.com\/it\/modulo-online-eta-canada\/\"]}]},{\"@type\":\"BreadcrumbList\",\"@id\":\"https:\/\/ave-eta-canada.com\/it\/modulo-online-eta-canada\/#breadcrumb\",\"itemListElement\":[{\"@type\":\"ListItem\",\"position\":1,\"name\":\"Home\",\"item\":\"https:\/\/ave-eta-canada.com\/it\/\"},{\"@type\":\"ListItem\",\"position\":2,\"name\":\"Modulo eTA Canada online\"}]},{\"@type\":\"WebSite\",\"@id\":\"https:\/\/ave-eta-canada.com\/it\/#website\",\"url\":\"https:\/\/ave-eta-canada.com\/it\/\",\"name\":\"VISTO CANADA\",\"description\":\"Autorisation Voyage Electronique\",\"potentialAction\":[{\"@type\":\"SearchAction\",\"target\":{\"@type\":\"EntryPoint\",\"urlTemplate\":\"https:\/\/ave-eta-canada.com\/it\/?s={search_term_string}\"},\"query-input\":{\"@type\":\"PropertyValueSpecification\",\"valueRequired\":true,\"valueName\":\"search_term_string\"}}],\"inLanguage\":\"it-IT\"}]}<\/script>\n<!-- \/ Yoast SEO plugin. -->","yoast_head_json":{"title":"Modulo eTA Canada online","description":"Completa online il modulo di richiesta di autorizzazione al viaggio elettronico per il Canada.","robots":{"index":"index","follow":"follow","max-snippet":"max-snippet:-1","max-image-preview":"max-image-preview:large","max-video-preview":"max-video-preview:-1"},"canonical":"https:\/\/ave-eta-canada.com\/it\/modulo-online-eta-canada\/","og_locale":"it_IT","og_type":"article","og_title":"Modulo eTA Canada online","og_description":"Completa online il modulo di richiesta di autorizzazione al viaggio elettronico per il Canada.","og_url":"https:\/\/ave-eta-canada.com\/it\/modulo-online-eta-canada\/","og_site_name":"VISTO CANADA","article_modified_time":"2023-08-01T19:33:29+00:00","twitter_card":"summary_large_image","twitter_misc":{"Tempo di lettura stimato":"1 minuto"},"schema":{"@context":"https:\/\/schema.org","@graph":[{"@type":"WebPage","@id":"https:\/\/ave-eta-canada.com\/it\/modulo-online-eta-canada\/","url":"https:\/\/ave-eta-canada.com\/it\/modulo-online-eta-canada\/","name":"Modulo eTA Canada online","isPartOf":{"@id":"https:\/\/ave-eta-canada.com\/it\/#website"},"datePublished":"2021-12-04T10:38:06+00:00","dateModified":"2023-08-01T19:33:29+00:00","description":"Completa online il modulo di richiesta di autorizzazione al viaggio elettronico per il Canada.","breadcrumb":{"@id":"https:\/\/ave-eta-canada.com\/it\/modulo-online-eta-canada\/#breadcrumb"},"inLanguage":"it-IT","potentialAction":[{"@type":"ReadAction","target":["https:\/\/ave-eta-canada.com\/it\/modulo-online-eta-canada\/"]}]},{"@type":"BreadcrumbList","@id":"https:\/\/ave-eta-canada.com\/it\/modulo-online-eta-canada\/#breadcrumb","itemListElement":[{"@type":"ListItem","position":1,"name":"Home","item":"https:\/\/ave-eta-canada.com\/it\/"},{"@type":"ListItem","position":2,"name":"Modulo eTA Canada online"}]},{"@type":"WebSite","@id":"https:\/\/ave-eta-canada.com\/it\/#website","url":"https:\/\/ave-eta-canada.com\/it\/","name":"VISTO CANADA","description":"Autorisation Voyage Electronique","potentialAction":[{"@type":"SearchAction","target":{"@type":"EntryPoint","urlTemplate":"https:\/\/ave-eta-canada.com\/it\/?s={search_term_string}"},"query-input":{"@type":"PropertyValueSpecification","valueRequired":true,"valueName":"search_term_string"}}],"inLanguage":"it-IT"}]}},"_links":{"self":[{"href":"https:\/\/ave-eta-canada.com\/it\/wp-json\/wp\/v2\/pages\/1311","targetHints":{"allow":["GET"]}}],"collection":[{"href":"https:\/\/ave-eta-canada.com\/it\/wp-json\/wp\/v2\/pages"}],"about":[{"href":"https:\/\/ave-eta-canada.com\/it\/wp-json\/wp\/v2\/types\/page"}],"author":[{"embeddable":true,"href":"https:\/\/ave-eta-canada.com\/it\/wp-json\/wp\/v2\/users\/1"}],"replies":[{"embeddable":true,"href":"https:\/\/ave-eta-canada.com\/it\/wp-json\/wp\/v2\/comments?post=1311"}],"version-history":[{"count":0,"href":"https:\/\/ave-eta-canada.com\/it\/wp-json\/wp\/v2\/pages\/1311\/revisions"}],"wp:attachment":[{"href":"https:\/\/ave-eta-canada.com\/it\/wp-json\/wp\/v2\/media?parent=1311"}],"curies":[{"name":"wp","href":"https:\/\/api.w.org\/{rel}","templated":true}]}}