{"id":1713,"date":"2022-05-13T20:46:55","date_gmt":"2022-05-13T20:46:55","guid":{"rendered":"https:\/\/ave-eta-canada.com\/faq-eta-canada\/"},"modified":"2023-04-29T10:12:51","modified_gmt":"2023-04-29T10:12:51","slug":"faq-eta-canada","status":"publish","type":"page","link":"https:\/\/ave-eta-canada.com\/it\/faq-eta-canada\/","title":{"rendered":"Domande frequenti sull&#8217;eTA canadese | Le risposte alle tue domande"},"content":{"rendered":"\n<h1 class=\"wp-block-heading\">Le risposte alle tue domande<\/h1>\n\n<p>Trova in questa FAQ tutte le informazioni essenziali su <a href=\"https:\/\/ave-eta-canada.com\/it\/notizie-novita-sulleta-visa-canada\/\">eTA Canada<\/a>. Potrai partire serenamente nella terra degli aceri!<\/p>\n\n<h2 class=\"wp-block-heading\">Che cos&#8217;\u00e8 un&#8217;eTA canadese?<\/h2>\n\n<p>Rilasciata dal governo canadese, l&#8217;Electronic Travel Authorisation <a href=\"https:\/\/ave-eta-canada.com\/it\/completa-il-modulo-eta-per-il-canada\/\">eTA \u00e8 un modulo ufficiale<\/a> che consente ai viaggiatori di entrare in Canada.<\/p>\n\n<h2 class=\"wp-block-heading\">Qual \u00e8 la differenza tra un&#8217;AVE e un&#8217;eTA?<\/h2>\n\n<p>Nessuno. AVE ed eTA descrivono la stessa autorizzazione di viaggio. AVE \u00e8 l&#8217;acronimo in francese mentre eTA \u00e8 l&#8217;acronimo in inglese.<\/p>\n\n<h2 class=\"wp-block-heading\">A chi \u00e8 destinata l&#8217;autorizzazione al viaggio in eTA?<\/h2>\n\n<p>L&#8217;<a href=\"https:\/\/ave-eta-canada.com\/it\/\">autorizzazione di viaggio eTA Canada<\/a> si rivolge a tutti i cittadini dei paesi membri del programma di esenzione dal visto che desiderano rimanere un massimo di 6 mesi in Canada. Inoltre, l&#8217;autorizzazione eTA \u00e8 concessa solo per soggiorni turistici, viaggi di lavoro o transiti effettuati in aereo.<\/p>\n\n<p>Si prega di notare che le persone che transitano attraverso gli Stati Uniti prima di tornare nel territorio canadese devono richiedere un&#8217;autorizzazione ESTA dal governo americano oltre alla domanda eTA.<\/p>\n\n<h2 class=\"wp-block-heading\">Di cosa ho bisogno per richiedere l&#8217;eTA online?<\/h2>\n\n<p>La richiesta online richiede la compilazione di un modulo. Ecco cosa ti serve:<\/p>\n\n<ul class=\"wp-block-list\"><li>un passaporto valido ;<\/li><li>una carta di credito o di debito (Visa, MasterCard, American Express, JCB, UnionPay);<\/li><li>un indirizzo email valido.<\/li><\/ul>\n\n<h2 class=\"wp-block-heading\">Devo pagare per richiedere un&#8217;eTA Canada?<\/h2>\n\n<p>La <a href=\"https:\/\/ave-eta-canada.com\/it\/eta-canada-il-suo-prezzo\/\">quota di iscrizione eTA<\/a> di base \u00e8 di $ 7 CAN. Potrebbero essere aggiunti costi aggiuntivi se ti abboni a servizi aggiuntivi (assistenza online, verifica delle informazioni, ecc.). Si noti che l&#8217;eTA rimane molto pi\u00f9 accessibile del visto, il cui costo varia tra CAN $ 100 e CAN $ 200.<\/p>\n\n<h2 class=\"wp-block-heading\">Qual \u00e8 la differenza tra un&#8217;eTA e un visto?<\/h2>\n\n<p>L&#8217;eTA ti consente di rimanere in Canada per un massimo di 6 mesi ma si applica solo a turisti, viaggiatori d&#8217;affari e persone in transito. Se vuoi rimanere pi\u00f9 a lungo, studiare o lavorare l\u00ec, dovrai richiedere un visto alle autorit\u00e0 consolari.<\/p>\n\n<h2 class=\"wp-block-heading\">Per quanto tempo posso utilizzare la mia eTA?<\/h2>\n\n<p>L&#8217;autorizzazione a recarsi in Canada \u00e8 valida per cinque anni dalla data di rilascio del documento, a condizione, tuttavia, di disporre di un passaporto valido. Se applicabile, l&#8217;autorizzazione scadr\u00e0 dalla data di scadenza del passaporto.<\/p>\n\n<h2 class=\"wp-block-heading\">Quali informazioni mi vengono richieste sul modulo eTA?<\/h2>\n\n<p>In primo luogo, il viaggiatore deve indicare il suo stato civile (cognome, nome, data e luogo di nascita, ecc.), nonch\u00e9 i dati relativi al suo passaporto. Successivamente vengono poste varie domande sullo stato di salute o sul passato legale. Infine, sar\u00e0 necessario inserire le proprie coordinate bancarie per poter pagare le commissioni relative alla richiesta online con carta di pagamento.<\/p>\n\n<h2 class=\"wp-block-heading\">Quali risposte posso ricevere dopo l&#8217;invio del modulo?<\/h2>\n\n<p>Ci sono tre tipi di risposte possibili:<\/p>\n\n<ul class=\"wp-block-list\"><li>\u201cautorizzazione concessa\u201d, sei ufficialmente autorizzato a viaggiare in Canada;<\/li><li>\u201cautorizzazione in attesa\u201d, la richiesta \u00e8 in corso di elaborazione, generalmente viene data risposta entro pochi giorni;<\/li><li>&#8220;autorizzazione non concessa&#8221;, \u00e8 impossibile per te viaggiare in Canada utilizzando l&#8217;eTA. Tuttavia, nulla ti impedisce di richiedere un visto.<\/li><\/ul>\n\n<h2 class=\"wp-block-heading\">Quanto tempo ci vuole per ricevere la mia eTA?<\/h2>\n\n<p>Molto spesso, dopo l&#8217;invio del modulo, viene inviata una risposta quasi istantanea. In caso contrario, sarai contattato in ogni caso entro 72 ore, a condizione che tu disponga di un indirizzo e-mail valido.<\/p>\n\n<h2 class=\"wp-block-heading\">La mia richiesta eTA \u00e8 stata rifiutata, cosa posso fare?<\/h2>\n\n<p>Se le autorit\u00e0 canadesi rifiutano di concederti l&#8217;autorizzazione al viaggio, puoi comunque richiedere un visto presso l&#8217;ambasciata canadese o il consolato canadese.<\/p>\n\n<h2 class=\"wp-block-heading\">Devo richiedere un&#8217;eTA se ho gi\u00e0 un visto?<\/h2>\n\n<p>Non \u00e8 necessario richiedere un&#8217;eTA se si dispone gi\u00e0 di un visto canadese valido.<\/p>\n\n<h2 class=\"wp-block-heading\">Devo richiedere una nuova eTA ogni volta che vado in Canada?<\/h2>\n\n<p>L&#8217;<a href=\"https:\/\/ave-eta-canada.com\/it\/che-cose-eta-canada\/\">eTA \u00e8 valida per 5 anni<\/a>, il che significa che puoi viaggiare in Canada tutte le volte che vuoi durante questo periodo. Attenzione a rispettare la durata massima legale di 6 mesi. Assicurati che il tuo passaporto sia ancora valido.<\/p>\n\n<h2 class=\"wp-block-heading\">Posso fare una richiesta di gruppo per un&#8217;eTA?<\/h2>\n\n<p>Non \u00e8 possibile fare una richiesta di gruppo. Dovrai presentare domanda individualmente, compilando le informazioni personali di ciascun individuo e pagando la tassa di elaborazione per ogni persona.<\/p>\n\n<h2 class=\"wp-block-heading\">Sono autorizzato ad entrare nel territorio canadese se ho un&#8217;eTA?<\/h2>\n\n<p>L&#8217;eTA ti autorizza a viaggiare in Canada in aereo. Tuttavia, solo i servizi doganali e di immigrazione canadesi sono autorizzati ad approvare il tuo ingresso nel suolo canadese.<\/p>\n\n<h2 class=\"wp-block-heading\">Posso modificare le mie informazioni dopo aver inviato il modulo?<\/h2>\n\n<p>Se hai notato un <a href=\"https:\/\/ave-eta-canada.com\/it\/come-modificare-unautorizzazione-eta-per-il-canada\/\">errore nel tuo eTA modulo<\/a> o le informazioni sul tuo passaporto sono cambiate, tieni presente che non \u00e8 possibile alcuna modifica. Sar\u00e0 quindi necessario procedere con una nuova richiesta comunicando le informazioni corrette.<\/p>\n\n<h2 class=\"wp-block-heading\">Devo stampare una versione cartacea della mia eTA prima dell&#8217;imbarco?<\/h2>\n\n<p>L&#8217;eTA \u00e8 collegata elettronicamente al tuo passaporto. Quindi non \u00e8 necessario stampare l&#8217;e-mail di conferma.<\/p>\n\n<h2 class=\"wp-block-heading\">Ho cambiato il mio passaporto, la mia eTA \u00e8 ancora valida?<\/h2>\n\n<p>Le informazioni personali contenute nel passaporto devono essere rigorosamente identiche alle informazioni fornite nel modulo online. In caso di rinnovo del passaporto dopo aver ottenuto la tua eTA, non avrai altra scelta che fare una nuova domanda eTA.<\/p>\n\n<p>Non riesci ancora a trovare la risposta a una domanda? Per andare ancora oltre, vi invitiamo a consultare la sezione di aiuto e la <a href=\"https:\/\/ave-eta-canada.com\/it\/lessico-tutte-le-definizioni-attorno-a-eta-canada\/\">pagina del glossario<\/a>.<\/p>\n","protected":false},"excerpt":{"rendered":"<p>Le risposte alle tue domande Trova in questa FAQ tutte le informazioni essenziali su eTA Canada. Potrai partire serenamente nella terra degli aceri! Che cos&#8217;\u00e8 un&#8217;eTA canadese? Rilasciata dal governo canadese, l&#8217;Electronic Travel Authorisation eTA \u00e8 un modulo ufficiale che consente ai viaggiatori di entrare in Canada. Qual \u00e8 la differenza tra un&#8217;AVE e un&#8217;eTA? [&hellip;]<\/p>\n","protected":false},"author":1,"featured_media":0,"parent":0,"menu_order":0,"comment_status":"closed","ping_status":"closed","template":"","meta":{"footnotes":""},"class_list":["post-1713","page","type-page","status-publish","hentry"],"yoast_head":"<!-- This site is optimized with the Yoast SEO plugin v26.9 - https:\/\/yoast.com\/product\/yoast-seo-wordpress\/ -->\n<title>Domande frequenti sull&#039;eTA canadese | Le risposte alle tue domande<\/title>\n<meta name=\"description\" content=\"Tutto quello che c&#039;\u00e8 da sapere sull&#039;autorizzazione di viaggio eTA per andare in Canada. Rispondiamo a tutte le vostre domande\" \/>\n<meta name=\"robots\" content=\"index, follow, max-snippet:-1, max-image-preview:large, max-video-preview:-1\" \/>\n<link rel=\"canonical\" href=\"https:\/\/ave-eta-canada.com\/it\/faq-eta-canada\/\" \/>\n<meta property=\"og:locale\" content=\"it_IT\" \/>\n<meta property=\"og:type\" content=\"article\" \/>\n<meta property=\"og:title\" content=\"Domande frequenti sull&#039;eTA canadese | Le risposte alle tue domande\" \/>\n<meta property=\"og:description\" content=\"Tutto quello che c&#039;\u00e8 da sapere sull&#039;autorizzazione di viaggio eTA per andare in Canada. Rispondiamo a tutte le vostre domande\" \/>\n<meta property=\"og:url\" content=\"https:\/\/ave-eta-canada.com\/it\/faq-eta-canada\/\" \/>\n<meta property=\"og:site_name\" content=\"VISTO CANADA\" \/>\n<meta property=\"article:modified_time\" content=\"2023-04-29T10:12:51+00:00\" \/>\n<meta name=\"twitter:card\" content=\"summary_large_image\" \/>\n<meta name=\"twitter:label1\" content=\"Tempo di lettura stimato\" \/>\n\t<meta name=\"twitter:data1\" content=\"4 minuti\" \/>\n<script type=\"application\/ld+json\" class=\"yoast-schema-graph\">{\"@context\":\"https:\/\/schema.org\",\"@graph\":[{\"@type\":\"WebPage\",\"@id\":\"https:\/\/ave-eta-canada.com\/it\/faq-eta-canada\/\",\"url\":\"https:\/\/ave-eta-canada.com\/it\/faq-eta-canada\/\",\"name\":\"Domande frequenti sull'eTA canadese | Le risposte alle tue domande\",\"isPartOf\":{\"@id\":\"https:\/\/ave-eta-canada.com\/it\/#website\"},\"datePublished\":\"2022-05-13T20:46:55+00:00\",\"dateModified\":\"2023-04-29T10:12:51+00:00\",\"description\":\"Tutto quello che c'\u00e8 da sapere sull'autorizzazione di viaggio eTA per andare in Canada. Rispondiamo a tutte le vostre domande\",\"breadcrumb\":{\"@id\":\"https:\/\/ave-eta-canada.com\/it\/faq-eta-canada\/#breadcrumb\"},\"inLanguage\":\"it-IT\",\"potentialAction\":[{\"@type\":\"ReadAction\",\"target\":[\"https:\/\/ave-eta-canada.com\/it\/faq-eta-canada\/\"]}]},{\"@type\":\"BreadcrumbList\",\"@id\":\"https:\/\/ave-eta-canada.com\/it\/faq-eta-canada\/#breadcrumb\",\"itemListElement\":[{\"@type\":\"ListItem\",\"position\":1,\"name\":\"Home\",\"item\":\"https:\/\/ave-eta-canada.com\/it\/\"},{\"@type\":\"ListItem\",\"position\":2,\"name\":\"Domande frequenti sull&#8217;eTA canadese | Le risposte alle tue domande\"}]},{\"@type\":\"WebSite\",\"@id\":\"https:\/\/ave-eta-canada.com\/it\/#website\",\"url\":\"https:\/\/ave-eta-canada.com\/it\/\",\"name\":\"VISTO CANADA\",\"description\":\"Autorisation Voyage Electronique\",\"potentialAction\":[{\"@type\":\"SearchAction\",\"target\":{\"@type\":\"EntryPoint\",\"urlTemplate\":\"https:\/\/ave-eta-canada.com\/it\/?s={search_term_string}\"},\"query-input\":{\"@type\":\"PropertyValueSpecification\",\"valueRequired\":true,\"valueName\":\"search_term_string\"}}],\"inLanguage\":\"it-IT\"}]}<\/script>\n<!-- \/ Yoast SEO plugin. -->","yoast_head_json":{"title":"Domande frequenti sull'eTA canadese | Le risposte alle tue domande","description":"Tutto quello che c'\u00e8 da sapere sull'autorizzazione di viaggio eTA per andare in Canada. Rispondiamo a tutte le vostre domande","robots":{"index":"index","follow":"follow","max-snippet":"max-snippet:-1","max-image-preview":"max-image-preview:large","max-video-preview":"max-video-preview:-1"},"canonical":"https:\/\/ave-eta-canada.com\/it\/faq-eta-canada\/","og_locale":"it_IT","og_type":"article","og_title":"Domande frequenti sull'eTA canadese | Le risposte alle tue domande","og_description":"Tutto quello che c'\u00e8 da sapere sull'autorizzazione di viaggio eTA per andare in Canada. Rispondiamo a tutte le vostre domande","og_url":"https:\/\/ave-eta-canada.com\/it\/faq-eta-canada\/","og_site_name":"VISTO CANADA","article_modified_time":"2023-04-29T10:12:51+00:00","twitter_card":"summary_large_image","twitter_misc":{"Tempo di lettura stimato":"4 minuti"},"schema":{"@context":"https:\/\/schema.org","@graph":[{"@type":"WebPage","@id":"https:\/\/ave-eta-canada.com\/it\/faq-eta-canada\/","url":"https:\/\/ave-eta-canada.com\/it\/faq-eta-canada\/","name":"Domande frequenti sull'eTA canadese | Le risposte alle tue domande","isPartOf":{"@id":"https:\/\/ave-eta-canada.com\/it\/#website"},"datePublished":"2022-05-13T20:46:55+00:00","dateModified":"2023-04-29T10:12:51+00:00","description":"Tutto quello che c'\u00e8 da sapere sull'autorizzazione di viaggio eTA per andare in Canada. Rispondiamo a tutte le vostre domande","breadcrumb":{"@id":"https:\/\/ave-eta-canada.com\/it\/faq-eta-canada\/#breadcrumb"},"inLanguage":"it-IT","potentialAction":[{"@type":"ReadAction","target":["https:\/\/ave-eta-canada.com\/it\/faq-eta-canada\/"]}]},{"@type":"BreadcrumbList","@id":"https:\/\/ave-eta-canada.com\/it\/faq-eta-canada\/#breadcrumb","itemListElement":[{"@type":"ListItem","position":1,"name":"Home","item":"https:\/\/ave-eta-canada.com\/it\/"},{"@type":"ListItem","position":2,"name":"Domande frequenti sull&#8217;eTA canadese | Le risposte alle tue domande"}]},{"@type":"WebSite","@id":"https:\/\/ave-eta-canada.com\/it\/#website","url":"https:\/\/ave-eta-canada.com\/it\/","name":"VISTO CANADA","description":"Autorisation Voyage Electronique","potentialAction":[{"@type":"SearchAction","target":{"@type":"EntryPoint","urlTemplate":"https:\/\/ave-eta-canada.com\/it\/?s={search_term_string}"},"query-input":{"@type":"PropertyValueSpecification","valueRequired":true,"valueName":"search_term_string"}}],"inLanguage":"it-IT"}]}},"_links":{"self":[{"href":"https:\/\/ave-eta-canada.com\/it\/wp-json\/wp\/v2\/pages\/1713","targetHints":{"allow":["GET"]}}],"collection":[{"href":"https:\/\/ave-eta-canada.com\/it\/wp-json\/wp\/v2\/pages"}],"about":[{"href":"https:\/\/ave-eta-canada.com\/it\/wp-json\/wp\/v2\/types\/page"}],"author":[{"embeddable":true,"href":"https:\/\/ave-eta-canada.com\/it\/wp-json\/wp\/v2\/users\/1"}],"replies":[{"embeddable":true,"href":"https:\/\/ave-eta-canada.com\/it\/wp-json\/wp\/v2\/comments?post=1713"}],"version-history":[{"count":0,"href":"https:\/\/ave-eta-canada.com\/it\/wp-json\/wp\/v2\/pages\/1713\/revisions"}],"wp:attachment":[{"href":"https:\/\/ave-eta-canada.com\/it\/wp-json\/wp\/v2\/media?parent=1713"}],"curies":[{"name":"wp","href":"https:\/\/api.w.org\/{rel}","templated":true}]}}