{"id":1738,"date":"2022-05-13T21:11:26","date_gmt":"2022-05-13T21:11:26","guid":{"rendered":"https:\/\/ave-eta-canada.com\/validita-eta-canada\/"},"modified":"2022-05-13T21:11:26","modified_gmt":"2022-05-13T21:11:26","slug":"validita-eta-canada","status":"publish","type":"page","link":"https:\/\/ave-eta-canada.com\/it\/validita-eta-canada\/","title":{"rendered":"La validit\u00e0 dell&#8217;eTA Canada"},"content":{"rendered":"\n<h1 class=\"wp-block-heading\">Qual \u00e8 la validit\u00e0 dell&#8217;eTA Canada?<\/h1>\n\n<p>Per recarsi in Canada \u00e8 necessaria un&#8217;autorizzazione di viaggio elettronica. Questa autorizzazione viene rilasciata via Internet allo stesso modo di una richiesta ESTA per gli Stati Uniti.<\/p>\n\n<p><strong>Per un soggiorno inferiore a 6 mesi in Canada<\/strong> : Puoi espletare le formalit\u00e0 per entrare in Canada direttamente via Internet cliccando sul <a href=\"https:\/\/ave-eta-canada.com\/it\/modulo-online-eta-canada\/\">modulo online<\/a> . Non \u00e8 necessario ottenere un appuntamento presso l&#8217;ambasciata o il consolato canadese.<\/p>\n\n<p>Di seguito presentiamo gli elementi di informazione relativi al periodo di validit\u00e0 dell&#8217;AVE.<br\/><\/p>\n\n<h2 class=\"wp-block-heading\">Come verificare la validit\u00e0 di un&#8217;eTA Canada?<\/h2>\n\n<p>L&#8217;eTA canadese, per l&#8217;autorizzazione elettronica al viaggio, \u00e8 un documento elettronico ufficiale ottenuto a seguito di una richiesta online effettuata sul sito Web del governo canadese. In altre parole, non \u00e8 necessario recarsi presso l&#8217;ambasciata canadese, o eventualmente presso il consolato, per ottenere tale autorizzazione. Solo l&#8217;IRCC (Immigration, Refugees, Canadian Citizenship) \u00e8 autorizzato a rilasciare un&#8217;eTA ai cittadini di paesi esenti dal visto canadese (compresi i cittadini francesi) che <a href=\"https:\/\/ave-eta-canada.com\/it\/tutto-sulle-condizioni-eta-per-viaggiare-in-canada\/\">soddisfano le condizioni di ammissibilit\u00e0.<\/a><\/p>\n\n<p>Il fatto che solo il governo del Canada sia autorizzato a rilasciare un&#8217;autorizzazione di viaggio non impone una richiesta sul sito ufficiale. \u00c8 del tutto possibile rivolgersi a un&#8217;organizzazione privata, come il nostro partner, per richiedere un&#8217;eTA. A differenza del sito web del ministero, un&#8217;organizzazione privata ti offre assistenza personalizzata, se necessario. La validit\u00e0 dell&#8217;eTA Canada non \u00e8 affatto messa in discussione se ottenuta tramite un sito privato.<\/p>\n\n<p>La validit\u00e0 dell&#8217;eTA Canada dipende dal passaporto a cui \u00e8 collegata. Naturalmente viene riconosciuto solo un passaporto valido (Consigli di viaggio: si consiglia di avere un periodo di validit\u00e0 residuo di sei mesi). In caso di nuovo passaporto o di modifica dei dati di quest&#8217;ultimo, \u00e8 necessario inoltrare una nuova richiesta alle autorit\u00e0 canadesi. Ti ricordiamo che per compilare il modulo Canada eTA \u00e8 necessario inserire numero di passaporto, cognome e nome del titolare, data e luogo di nascita, sesso, data di rilascio e data di scadenza. Una modifica di questi dati rende nullo l&#8217;AVE.<\/p>\n\n<p>Poich\u00e9 la richiesta di autorizzazione si basa anche su 4 domande riguardanti la situazione del viaggiatore, la validit\u00e0 dell&#8217;ETA Canada dipende dall&#8217;evoluzione della situazione. Pertanto, in caso di una nuova malattia non trattata o di un nuovo reato, ad esempio, l&#8217;eTA non \u00e8 pi\u00f9 valido. Tuttavia, queste informazioni sono difficili da verificare e quindi dipendono dall&#8217;onest\u00e0 del viaggiatore.<\/p>\n\n<p>Non \u00e8 necessario stampare l&#8217;autorizzazione poich\u00e9 \u00e8 elettronica. \u00c8 invece obbligatorio ottenere l&#8217;autorizzazione prima di partire. La validit\u00e0 dell&#8217;ETA Canada non \u00e8 compromessa dall&#8217;assenza di una versione cartacea. L&#8217;ufficiale dei servizi di frontiera non chiede di vedere l&#8217;eTA, ma probabilmente chieder\u00e0 il biglietto di uscita e qualsiasi altro documento necessario adeguato alla situazione, in particolare nel caso di un figlio minore che viaggia con te (ad esempio un certificato di nascita, fotocopia del certificato di divorzio, ecc.).<br\/><br\/><\/p>\n\n<h2 class=\"wp-block-heading\">Per quanto tempo \u00e8 valida l&#8217;ETA per il Canada?<\/h2>\n\n<p>Non \u00e8 necessario compilare il <a href=\"https:\/\/ave-eta-canada.com\/it\/completa-il-modulo-eta-per-il-canada\/\">modulo online<\/a> per tutti i viaggi in Canada: il periodo di validit\u00e0 dell&#8217;ETA Canada \u00e8 di 5 anni dalla data di emissione. L&#8217;approvazione, cos\u00ec come il rifiuto, viene comunicata molto rapidamente via e-mail una volta <a href=\"https:\/\/ave-eta-canada.com\/it\/eta-canada-il-suo-prezzo\/\">effettuato il pagamento dei 7 $ CAN<\/a> . Una domanda pu\u00f2, eccezionalmente, essere sospesa dai servizi di immigrazione canadesi se sono necessari ulteriori documenti giustificativi. In ogni caso, l&#8217;immigrazione canadese contatta il richiedente entro pochi giorni. La conferma di ricezione ti viene inviata entro 72 ore. In caso di rifiuto, il richiedente pu\u00f2 fare una nuova richiesta se ritiene che tale risposta negativa sia dovuta a un errore di inserimento. Se non \u00e8 stato commesso alcun errore, una domanda di visto pu\u00f2 essere inoltrata all&#8217;Ambasciata canadese. Non essere ammissibili all&#8217;eTA, infatti, non \u00e8 un ostacolo all&#8217;ottenimento di un visto canadese.<\/p>\n\n<p>Si noti che il <a href=\"https:\/\/ave-eta-canada.com\/it\/eta-canada-periodo-di-validita\/\">periodo di validit\u00e0 dell&#8217;eTA Canada<\/a> dipende dalla validit\u00e0 del passaporto utilizzato al momento della domanda. Il governo del Canada emette un&#8217;eTA fino a 5 anni a condizione che il passaporto non scada prima. Ad esempio, se un passaporto elettronico o biometrico scade entro 3 anni dalla domanda, l&#8217;eTA \u00e8 valida per 3 anni. Non \u00e8 possibile trasferire i restanti due anni su un nuovo passaporto.<\/p>\n\n<p>Il viaggiatore pu\u00f2 effettuare tutti i soggiorni che desidera durante i 5 anni di validit\u00e0 dell&#8217;ETA Canada, a condizione per\u00f2 che ogni soggiorno non superi i 6 mesi. Non si tratta qui di essere un residente permanente con un&#8217;autorizzazione AVE ma solo di fare un soggiorno turistico. Va inoltre notato che l&#8217;eTA \u00e8 richiesta solo per l&#8217;ingresso nel territorio canadese per via aerea, compresi i transiti.<\/p>\n","protected":false},"excerpt":{"rendered":"<p>Qual \u00e8 la validit\u00e0 dell&#8217;eTA Canada? Per recarsi in Canada \u00e8 necessaria un&#8217;autorizzazione di viaggio elettronica. Questa autorizzazione viene rilasciata via Internet allo stesso modo di una richiesta ESTA per gli Stati Uniti. Per un soggiorno inferiore a 6 mesi in Canada : Puoi espletare le formalit\u00e0 per entrare in Canada direttamente via Internet cliccando [&hellip;]<\/p>\n","protected":false},"author":1,"featured_media":0,"parent":0,"menu_order":0,"comment_status":"closed","ping_status":"closed","template":"","meta":{"footnotes":""},"class_list":["post-1738","page","type-page","status-publish","hentry"],"yoast_head":"<!-- This site is optimized with the Yoast SEO plugin v26.9 - https:\/\/yoast.com\/product\/yoast-seo-wordpress\/ -->\n<title>La validit\u00e0 dell&#039;eTA Canada<\/title>\n<meta name=\"description\" content=\"Il Canada ha introdotto un&#039;autorizzazione elettronica al viaggio (eTA), che deve essere ottenuta prima della partenza. Per quanto tempo \u00e8 valida questa autorizzazione?\" \/>\n<meta name=\"robots\" content=\"index, follow, max-snippet:-1, max-image-preview:large, max-video-preview:-1\" \/>\n<link rel=\"canonical\" href=\"https:\/\/ave-eta-canada.com\/it\/validita-eta-canada\/\" \/>\n<meta property=\"og:locale\" content=\"it_IT\" \/>\n<meta property=\"og:type\" content=\"article\" \/>\n<meta property=\"og:title\" content=\"La validit\u00e0 dell&#039;eTA Canada\" \/>\n<meta property=\"og:description\" content=\"Il Canada ha introdotto un&#039;autorizzazione elettronica al viaggio (eTA), che deve essere ottenuta prima della partenza. Per quanto tempo \u00e8 valida questa autorizzazione?\" \/>\n<meta property=\"og:url\" content=\"https:\/\/ave-eta-canada.com\/it\/validita-eta-canada\/\" \/>\n<meta property=\"og:site_name\" content=\"VISTO CANADA\" \/>\n<meta name=\"twitter:card\" content=\"summary_large_image\" \/>\n<meta name=\"twitter:label1\" content=\"Tempo di lettura stimato\" \/>\n\t<meta name=\"twitter:data1\" content=\"4 minuti\" \/>\n<script type=\"application\/ld+json\" class=\"yoast-schema-graph\">{\"@context\":\"https:\/\/schema.org\",\"@graph\":[{\"@type\":\"WebPage\",\"@id\":\"https:\/\/ave-eta-canada.com\/it\/validita-eta-canada\/\",\"url\":\"https:\/\/ave-eta-canada.com\/it\/validita-eta-canada\/\",\"name\":\"La validit\u00e0 dell'eTA Canada\",\"isPartOf\":{\"@id\":\"https:\/\/ave-eta-canada.com\/it\/#website\"},\"datePublished\":\"2022-05-13T21:11:26+00:00\",\"description\":\"Il Canada ha introdotto un'autorizzazione elettronica al viaggio (eTA), che deve essere ottenuta prima della partenza. Per quanto tempo \u00e8 valida questa autorizzazione?\",\"breadcrumb\":{\"@id\":\"https:\/\/ave-eta-canada.com\/it\/validita-eta-canada\/#breadcrumb\"},\"inLanguage\":\"it-IT\",\"potentialAction\":[{\"@type\":\"ReadAction\",\"target\":[\"https:\/\/ave-eta-canada.com\/it\/validita-eta-canada\/\"]}]},{\"@type\":\"BreadcrumbList\",\"@id\":\"https:\/\/ave-eta-canada.com\/it\/validita-eta-canada\/#breadcrumb\",\"itemListElement\":[{\"@type\":\"ListItem\",\"position\":1,\"name\":\"Home\",\"item\":\"https:\/\/ave-eta-canada.com\/it\/\"},{\"@type\":\"ListItem\",\"position\":2,\"name\":\"La validit\u00e0 dell&#8217;eTA Canada\"}]},{\"@type\":\"WebSite\",\"@id\":\"https:\/\/ave-eta-canada.com\/it\/#website\",\"url\":\"https:\/\/ave-eta-canada.com\/it\/\",\"name\":\"VISTO CANADA\",\"description\":\"Autorisation Voyage Electronique\",\"potentialAction\":[{\"@type\":\"SearchAction\",\"target\":{\"@type\":\"EntryPoint\",\"urlTemplate\":\"https:\/\/ave-eta-canada.com\/it\/?s={search_term_string}\"},\"query-input\":{\"@type\":\"PropertyValueSpecification\",\"valueRequired\":true,\"valueName\":\"search_term_string\"}}],\"inLanguage\":\"it-IT\"}]}<\/script>\n<!-- \/ Yoast SEO plugin. -->","yoast_head_json":{"title":"La validit\u00e0 dell'eTA Canada","description":"Il Canada ha introdotto un'autorizzazione elettronica al viaggio (eTA), che deve essere ottenuta prima della partenza. Per quanto tempo \u00e8 valida questa autorizzazione?","robots":{"index":"index","follow":"follow","max-snippet":"max-snippet:-1","max-image-preview":"max-image-preview:large","max-video-preview":"max-video-preview:-1"},"canonical":"https:\/\/ave-eta-canada.com\/it\/validita-eta-canada\/","og_locale":"it_IT","og_type":"article","og_title":"La validit\u00e0 dell'eTA Canada","og_description":"Il Canada ha introdotto un'autorizzazione elettronica al viaggio (eTA), che deve essere ottenuta prima della partenza. Per quanto tempo \u00e8 valida questa autorizzazione?","og_url":"https:\/\/ave-eta-canada.com\/it\/validita-eta-canada\/","og_site_name":"VISTO CANADA","twitter_card":"summary_large_image","twitter_misc":{"Tempo di lettura stimato":"4 minuti"},"schema":{"@context":"https:\/\/schema.org","@graph":[{"@type":"WebPage","@id":"https:\/\/ave-eta-canada.com\/it\/validita-eta-canada\/","url":"https:\/\/ave-eta-canada.com\/it\/validita-eta-canada\/","name":"La validit\u00e0 dell'eTA Canada","isPartOf":{"@id":"https:\/\/ave-eta-canada.com\/it\/#website"},"datePublished":"2022-05-13T21:11:26+00:00","description":"Il Canada ha introdotto un'autorizzazione elettronica al viaggio (eTA), che deve essere ottenuta prima della partenza. Per quanto tempo \u00e8 valida questa autorizzazione?","breadcrumb":{"@id":"https:\/\/ave-eta-canada.com\/it\/validita-eta-canada\/#breadcrumb"},"inLanguage":"it-IT","potentialAction":[{"@type":"ReadAction","target":["https:\/\/ave-eta-canada.com\/it\/validita-eta-canada\/"]}]},{"@type":"BreadcrumbList","@id":"https:\/\/ave-eta-canada.com\/it\/validita-eta-canada\/#breadcrumb","itemListElement":[{"@type":"ListItem","position":1,"name":"Home","item":"https:\/\/ave-eta-canada.com\/it\/"},{"@type":"ListItem","position":2,"name":"La validit\u00e0 dell&#8217;eTA Canada"}]},{"@type":"WebSite","@id":"https:\/\/ave-eta-canada.com\/it\/#website","url":"https:\/\/ave-eta-canada.com\/it\/","name":"VISTO CANADA","description":"Autorisation Voyage Electronique","potentialAction":[{"@type":"SearchAction","target":{"@type":"EntryPoint","urlTemplate":"https:\/\/ave-eta-canada.com\/it\/?s={search_term_string}"},"query-input":{"@type":"PropertyValueSpecification","valueRequired":true,"valueName":"search_term_string"}}],"inLanguage":"it-IT"}]}},"_links":{"self":[{"href":"https:\/\/ave-eta-canada.com\/it\/wp-json\/wp\/v2\/pages\/1738","targetHints":{"allow":["GET"]}}],"collection":[{"href":"https:\/\/ave-eta-canada.com\/it\/wp-json\/wp\/v2\/pages"}],"about":[{"href":"https:\/\/ave-eta-canada.com\/it\/wp-json\/wp\/v2\/types\/page"}],"author":[{"embeddable":true,"href":"https:\/\/ave-eta-canada.com\/it\/wp-json\/wp\/v2\/users\/1"}],"replies":[{"embeddable":true,"href":"https:\/\/ave-eta-canada.com\/it\/wp-json\/wp\/v2\/comments?post=1738"}],"version-history":[{"count":0,"href":"https:\/\/ave-eta-canada.com\/it\/wp-json\/wp\/v2\/pages\/1738\/revisions"}],"wp:attachment":[{"href":"https:\/\/ave-eta-canada.com\/it\/wp-json\/wp\/v2\/media?parent=1738"}],"curies":[{"name":"wp","href":"https:\/\/api.w.org\/{rel}","templated":true}]}}