{"id":3925,"date":"2023-02-09T10:18:36","date_gmt":"2023-02-09T10:18:36","guid":{"rendered":"https:\/\/ave-eta-canada.com\/arrivare-in-canada\/"},"modified":"2025-10-09T09:13:27","modified_gmt":"2025-10-09T09:13:27","slug":"arrivare-in-canada","status":"publish","type":"page","link":"https:\/\/ave-eta-canada.com\/it\/arrivare-in-canada\/","title":{"rendered":"Modulo online ArriveCAN Canada"},"content":{"rendered":"\n<h1 class=\"wp-block-heading\">ArrivareCAN Canada<\/h1>\n\n<h2 class=\"wp-block-heading\">Che cos&#8217;\u00e8 ArriveCAN?<\/h2>\n\n<p>ArriveCAN \u00e8 un&#8217;applicazione e un servizio online sviluppato dal Governo del Canada. Consente ai viaggiatori che entrano in Canada di inviare informazioni relative al COVID-19: piano di quarantena, stato delle vaccinazioni e risultati dei test. <\/p>\n\n<p>A partire da maggio 2023, <strong>ArriveCAN non sar\u00e0 pi\u00f9 una formalit\u00e0 obbligatoria<\/strong>. La necessit\u00e0 di ottenere un&#8217;autorizzazione al viaggio per il Canada, come un visto canadese, rimane obbligatoria.   <\/p>\n\n<p><strong>Per un soggiorno inferiore a 6 mesi<\/strong> non \u00e8 necessario un visto turistico per entrare in Canada. \u00c8 possibile ottenere un&#8217;autorizzazione di viaggio online in pochi minuti cliccando sul <a href=\"https:\/\/ave-eta-canada.com\/it\/modulo-online-eta-canada\/\">modulo online<\/a>. <\/p>\n\n<div style=\"height:20px\" aria-hidden=\"true\" class=\"wp-block-spacer\"><\/div>\n\n<h2 class=\"wp-block-heading\">Quando riempire ArriveCAN?  <\/h2>\n\n<p>I viaggiatori possono completare ArriveCAN entro 72 ore dall&#8217;arrivo in Canada. \u00c8 importante presentare informazioni aggiornate e accurate per facilitare il processo di ingresso nel Paese. <\/p>\n\n<h2 class=\"wp-block-heading\">Come compilare ArriveCAN?  <\/h2>\n\n<p>Per completare ArriveCAN, scaricate l&#8217;applicazione sul vostro smartphone o accedete al servizio online. Creare un account e seguire le istruzioni per fornire le informazioni richieste. Dovrete presentare dettagli quali l&#8217;itinerario di viaggio, lo stato di vaccinazione e un piano di quarantena appropriato, se richiesto.  <\/p>\n\n<h2 class=\"wp-block-heading\">Chi deve compilare ArriveCAN?  <\/h2>\n\n<p>Questa procedura doganale pu\u00f2 essere utilizzata dai viaggiatori che entrano in Canada, siano essi canadesi, residenti permanenti o stranieri. Questo include adulti e minori, anche se i genitori o i tutori possono compilare ArriveCAN per i bambini sotto i 16 anni. <\/p>\n\n<h2 class=\"wp-block-heading\">Qual \u00e8 il prezzo di ArriveCAN?  <\/h2>\n\n<p>ArriveCAN \u00e8 un servizio gratuito offerto dal Governo del Canada. Il download dell&#8217;applicazione o l&#8217;utilizzo del servizio online non comportano alcun costo. <\/p>\n\n<h2 class=\"wp-block-heading\">Come scaricare ArriveCAN?  <\/h2>\n\n<p>ArriveCAN \u00e8 disponibile come applicazione per smartphone Android e iOS. \u00c8 possibile scaricarlo dal Google Play Store per i dispositivi Android o dall&#8217;App Store per i dispositivi iOS. \u00c8 possibile accedere ad ArriveCAN anche tramite un browser web, visitando il sito del <a href=\"https:\/\/www.canada.ca\/fr\/agence-services-frontaliers\/services\/arrivecan.html\">governo canadese<\/a>.  <\/p>\n\n<h2 class=\"wp-block-heading\">ArriveCAN \u00e8 obbligatorio?  <\/h2>\n\n<p>No, a partire da maggio 2023, ArriveCAN non sar\u00e0 pi\u00f9 obbligatorio per i viaggiatori che entrano in Canada.  <\/p>\n\n<h2 class=\"wp-block-heading\">Devo completare ArriveCAN per transitare in Canada?  <\/h2>\n\n<p>No, i viaggiatori in transito in Canada non sono pi\u00f9 tenuti a compilare ArriveCAN. Le informazioni fornite faciliteranno il processo di transito e aiuteranno le autorit\u00e0 canadesi a garantire la sicurezza dei viaggiatori e dei residenti. <\/p>\n\n<h2 class=\"wp-block-heading\">Logo dell&#8217;applicazione ArriveCAN nell&#8217;App Store e in Google Play<\/h2>\n\n<p>Questo \u00e8 il logo dell&#8217;applicazione ArriveCAN. L&#8217;applicazione pu\u00f2 essere scaricata gratuitamente dall&#8217;App Store di Apple e dal Play Store di Google. <\/p>\n\n<figure class=\"wp-block-image size-full\" id=\"ArriveCAN-app\"><img fetchpriority=\"high\" decoding=\"async\" width=\"668\" height=\"407\" src=\"https:\/\/ave-eta-canada.com\/wp-content\/uploads\/2023\/04\/ArriveCAN-app.webp\" alt=\"Applicazione ArriveCAN\" class=\"wp-image-4897\" title=\"Applicazione ArriveCAN\" srcset=\"https:\/\/ave-eta-canada.com\/wp-content\/uploads\/2023\/04\/ArriveCAN-app.webp 668w, https:\/\/ave-eta-canada.com\/wp-content\/uploads\/2023\/04\/ArriveCAN-app-300x183.webp 300w\" sizes=\"(max-width: 668px) 100vw, 668px\" \/><\/figure>\n","protected":false},"excerpt":{"rendered":"<p>ArrivareCAN Canada Che cos&#8217;\u00e8 ArriveCAN? ArriveCAN \u00e8 un&#8217;applicazione e un servizio online sviluppato dal Governo del Canada. Consente ai viaggiatori che entrano in Canada di inviare informazioni relative al COVID-19: piano di quarantena, stato delle vaccinazioni e risultati dei test. A partire da maggio 2023, ArriveCAN non sar\u00e0 pi\u00f9 una formalit\u00e0 obbligatoria. La necessit\u00e0 di [&hellip;]<\/p>\n","protected":false},"author":1,"featured_media":0,"parent":0,"menu_order":0,"comment_status":"closed","ping_status":"closed","template":"","meta":{"footnotes":""},"class_list":["post-3925","page","type-page","status-publish","hentry"],"yoast_head":"<!-- This site is optimized with the Yoast SEO plugin v26.9 - https:\/\/yoast.com\/product\/yoast-seo-wordpress\/ -->\n<title>Modulo online ArriveCAN Canada<\/title>\n<meta name=\"description\" content=\"Arrivecan \u00e8 l&#039;applicazione del governo canadese per le informazioni di viaggio. I viaggiatori che entrano in Canada devono effettuare il login\" \/>\n<meta name=\"robots\" content=\"index, follow, max-snippet:-1, max-image-preview:large, max-video-preview:-1\" \/>\n<link rel=\"canonical\" href=\"https:\/\/ave-eta-canada.com\/it\/arrivare-in-canada\/\" \/>\n<meta property=\"og:locale\" content=\"it_IT\" \/>\n<meta property=\"og:type\" content=\"article\" \/>\n<meta property=\"og:title\" content=\"Modulo online ArriveCAN Canada\" \/>\n<meta property=\"og:description\" content=\"Arrivecan \u00e8 l&#039;applicazione del governo canadese per le informazioni di viaggio. I viaggiatori che entrano in Canada devono effettuare il login\" \/>\n<meta property=\"og:url\" content=\"https:\/\/ave-eta-canada.com\/it\/arrivare-in-canada\/\" \/>\n<meta property=\"og:site_name\" content=\"VISTO CANADA\" \/>\n<meta property=\"article:modified_time\" content=\"2025-10-09T09:13:27+00:00\" \/>\n<meta property=\"og:image\" content=\"https:\/\/ave-eta-canada.com\/wp-content\/uploads\/2023\/04\/ArriveCAN-app.webp\" \/>\n\t<meta property=\"og:image:width\" content=\"668\" \/>\n\t<meta property=\"og:image:height\" content=\"407\" \/>\n\t<meta property=\"og:image:type\" content=\"image\/webp\" \/>\n<meta name=\"twitter:card\" content=\"summary_large_image\" \/>\n<meta name=\"twitter:label1\" content=\"Tempo di lettura stimato\" \/>\n\t<meta name=\"twitter:data1\" content=\"2 minuti\" \/>\n<script type=\"application\/ld+json\" class=\"yoast-schema-graph\">{\"@context\":\"https:\/\/schema.org\",\"@graph\":[{\"@type\":\"WebPage\",\"@id\":\"https:\/\/ave-eta-canada.com\/it\/arrivare-in-canada\/\",\"url\":\"https:\/\/ave-eta-canada.com\/it\/arrivare-in-canada\/\",\"name\":\"Modulo online ArriveCAN Canada\",\"isPartOf\":{\"@id\":\"https:\/\/ave-eta-canada.com\/it\/#website\"},\"primaryImageOfPage\":{\"@id\":\"https:\/\/ave-eta-canada.com\/it\/arrivare-in-canada\/#primaryimage\"},\"image\":{\"@id\":\"https:\/\/ave-eta-canada.com\/it\/arrivare-in-canada\/#primaryimage\"},\"thumbnailUrl\":\"https:\/\/ave-eta-canada.com\/wp-content\/uploads\/2023\/04\/ArriveCAN-app.webp\",\"datePublished\":\"2023-02-09T10:18:36+00:00\",\"dateModified\":\"2025-10-09T09:13:27+00:00\",\"description\":\"Arrivecan \u00e8 l'applicazione del governo canadese per le informazioni di viaggio. I viaggiatori che entrano in Canada devono effettuare il login\",\"breadcrumb\":{\"@id\":\"https:\/\/ave-eta-canada.com\/it\/arrivare-in-canada\/#breadcrumb\"},\"inLanguage\":\"it-IT\",\"potentialAction\":[{\"@type\":\"ReadAction\",\"target\":[\"https:\/\/ave-eta-canada.com\/it\/arrivare-in-canada\/\"]}]},{\"@type\":\"ImageObject\",\"inLanguage\":\"it-IT\",\"@id\":\"https:\/\/ave-eta-canada.com\/it\/arrivare-in-canada\/#primaryimage\",\"url\":\"https:\/\/ave-eta-canada.com\/wp-content\/uploads\/2023\/04\/ArriveCAN-app.webp\",\"contentUrl\":\"https:\/\/ave-eta-canada.com\/wp-content\/uploads\/2023\/04\/ArriveCAN-app.webp\"},{\"@type\":\"BreadcrumbList\",\"@id\":\"https:\/\/ave-eta-canada.com\/it\/arrivare-in-canada\/#breadcrumb\",\"itemListElement\":[{\"@type\":\"ListItem\",\"position\":1,\"name\":\"Home\",\"item\":\"https:\/\/ave-eta-canada.com\/it\/\"},{\"@type\":\"ListItem\",\"position\":2,\"name\":\"Modulo online ArriveCAN Canada\"}]},{\"@type\":\"WebSite\",\"@id\":\"https:\/\/ave-eta-canada.com\/it\/#website\",\"url\":\"https:\/\/ave-eta-canada.com\/it\/\",\"name\":\"VISTO CANADA\",\"description\":\"Autorisation Voyage Electronique\",\"potentialAction\":[{\"@type\":\"SearchAction\",\"target\":{\"@type\":\"EntryPoint\",\"urlTemplate\":\"https:\/\/ave-eta-canada.com\/it\/?s={search_term_string}\"},\"query-input\":{\"@type\":\"PropertyValueSpecification\",\"valueRequired\":true,\"valueName\":\"search_term_string\"}}],\"inLanguage\":\"it-IT\"}]}<\/script>\n<!-- \/ Yoast SEO plugin. -->","yoast_head_json":{"title":"Modulo online ArriveCAN Canada","description":"Arrivecan \u00e8 l'applicazione del governo canadese per le informazioni di viaggio. I viaggiatori che entrano in Canada devono effettuare il login","robots":{"index":"index","follow":"follow","max-snippet":"max-snippet:-1","max-image-preview":"max-image-preview:large","max-video-preview":"max-video-preview:-1"},"canonical":"https:\/\/ave-eta-canada.com\/it\/arrivare-in-canada\/","og_locale":"it_IT","og_type":"article","og_title":"Modulo online ArriveCAN Canada","og_description":"Arrivecan \u00e8 l'applicazione del governo canadese per le informazioni di viaggio. I viaggiatori che entrano in Canada devono effettuare il login","og_url":"https:\/\/ave-eta-canada.com\/it\/arrivare-in-canada\/","og_site_name":"VISTO CANADA","article_modified_time":"2025-10-09T09:13:27+00:00","og_image":[{"width":668,"height":407,"url":"https:\/\/ave-eta-canada.com\/wp-content\/uploads\/2023\/04\/ArriveCAN-app.webp","type":"image\/webp"}],"twitter_card":"summary_large_image","twitter_misc":{"Tempo di lettura stimato":"2 minuti"},"schema":{"@context":"https:\/\/schema.org","@graph":[{"@type":"WebPage","@id":"https:\/\/ave-eta-canada.com\/it\/arrivare-in-canada\/","url":"https:\/\/ave-eta-canada.com\/it\/arrivare-in-canada\/","name":"Modulo online ArriveCAN Canada","isPartOf":{"@id":"https:\/\/ave-eta-canada.com\/it\/#website"},"primaryImageOfPage":{"@id":"https:\/\/ave-eta-canada.com\/it\/arrivare-in-canada\/#primaryimage"},"image":{"@id":"https:\/\/ave-eta-canada.com\/it\/arrivare-in-canada\/#primaryimage"},"thumbnailUrl":"https:\/\/ave-eta-canada.com\/wp-content\/uploads\/2023\/04\/ArriveCAN-app.webp","datePublished":"2023-02-09T10:18:36+00:00","dateModified":"2025-10-09T09:13:27+00:00","description":"Arrivecan \u00e8 l'applicazione del governo canadese per le informazioni di viaggio. I viaggiatori che entrano in Canada devono effettuare il login","breadcrumb":{"@id":"https:\/\/ave-eta-canada.com\/it\/arrivare-in-canada\/#breadcrumb"},"inLanguage":"it-IT","potentialAction":[{"@type":"ReadAction","target":["https:\/\/ave-eta-canada.com\/it\/arrivare-in-canada\/"]}]},{"@type":"ImageObject","inLanguage":"it-IT","@id":"https:\/\/ave-eta-canada.com\/it\/arrivare-in-canada\/#primaryimage","url":"https:\/\/ave-eta-canada.com\/wp-content\/uploads\/2023\/04\/ArriveCAN-app.webp","contentUrl":"https:\/\/ave-eta-canada.com\/wp-content\/uploads\/2023\/04\/ArriveCAN-app.webp"},{"@type":"BreadcrumbList","@id":"https:\/\/ave-eta-canada.com\/it\/arrivare-in-canada\/#breadcrumb","itemListElement":[{"@type":"ListItem","position":1,"name":"Home","item":"https:\/\/ave-eta-canada.com\/it\/"},{"@type":"ListItem","position":2,"name":"Modulo online ArriveCAN Canada"}]},{"@type":"WebSite","@id":"https:\/\/ave-eta-canada.com\/it\/#website","url":"https:\/\/ave-eta-canada.com\/it\/","name":"VISTO CANADA","description":"Autorisation Voyage Electronique","potentialAction":[{"@type":"SearchAction","target":{"@type":"EntryPoint","urlTemplate":"https:\/\/ave-eta-canada.com\/it\/?s={search_term_string}"},"query-input":{"@type":"PropertyValueSpecification","valueRequired":true,"valueName":"search_term_string"}}],"inLanguage":"it-IT"}]}},"_links":{"self":[{"href":"https:\/\/ave-eta-canada.com\/it\/wp-json\/wp\/v2\/pages\/3925","targetHints":{"allow":["GET"]}}],"collection":[{"href":"https:\/\/ave-eta-canada.com\/it\/wp-json\/wp\/v2\/pages"}],"about":[{"href":"https:\/\/ave-eta-canada.com\/it\/wp-json\/wp\/v2\/types\/page"}],"author":[{"embeddable":true,"href":"https:\/\/ave-eta-canada.com\/it\/wp-json\/wp\/v2\/users\/1"}],"replies":[{"embeddable":true,"href":"https:\/\/ave-eta-canada.com\/it\/wp-json\/wp\/v2\/comments?post=3925"}],"version-history":[{"count":2,"href":"https:\/\/ave-eta-canada.com\/it\/wp-json\/wp\/v2\/pages\/3925\/revisions"}],"predecessor-version":[{"id":6291,"href":"https:\/\/ave-eta-canada.com\/it\/wp-json\/wp\/v2\/pages\/3925\/revisions\/6291"}],"wp:attachment":[{"href":"https:\/\/ave-eta-canada.com\/it\/wp-json\/wp\/v2\/media?parent=3925"}],"curies":[{"name":"wp","href":"https:\/\/api.w.org\/{rel}","templated":true}]}}