{"id":856,"date":"2020-04-24T13:44:18","date_gmt":"2020-04-24T13:44:18","guid":{"rendered":"https:\/\/ave-eta-canada.com\/eta-canada-periodo-di-validita\/"},"modified":"2022-05-10T14:02:28","modified_gmt":"2022-05-10T14:02:28","slug":"eta-canada-periodo-di-validita","status":"publish","type":"page","link":"https:\/\/ave-eta-canada.com\/it\/eta-canada-periodo-di-validita\/","title":{"rendered":"Canada eTA: periodo di validit\u00e0"},"content":{"rendered":"\n<h1 class=\"wp-block-heading\">Per quanto tempo \u00e8 valida l&#8217;ETA per il Canada?<\/h1>\n\n<p>Visitare il Canada \u00e8 il tuo sogno, Vancouver, Quebec, le Montagne Rocciose, le Cascate del Niagara, Ottawa e Toronto sono a portata di clic. Se desideri fare un soggiorno turistico in Canada, dovrai essere in possesso di un&#8217;autorizzazione di viaggio elettronica in anticipo.<\/p>\n\n<p><strong>Per un soggiorno inferiore a 6 mesi in Canada<\/strong> : Puoi espletare le formalit\u00e0 per entrare in Canada direttamente via Internet cliccando sul <a href=\"https:\/\/ave-eta-canada.com\/it\/modulo-online-eta-canada\/\">modulo online<\/a> . Non \u00e8 necessario ottenere un appuntamento presso l&#8217;ambasciata o il consolato canadese.<\/p>\n\n<p>L&#8217; <a href=\"https:\/\/ave-eta-canada.com\/it\/\">autorizzazione di viaggio elettronica<\/a> istituita dal governo canadese come parte di un programma di esenzione dal visto. Il periodo di validit\u00e0 dell&#8217;eTA Canada \u00e8 molto vantaggioso e consente al suo titolare di recarsi in Canada in aereo, tutte le volte che vuole, senza dover richiedere il visto all&#8217;ambasciata canadese. Molti paesi in tutto il mondo hanno firmato un accordo con le autorit\u00e0 canadesi per rendere pi\u00f9 facile per milioni di viaggiatori stranieri viaggiare in questo paese.<\/p>\n\n<p>L&#8217;autorizzazione eTA non consente l&#8217;espatrio in Canada, lo studio, lo stage o il lavoro e non d\u00e0 diritto alla cittadinanza canadese. Fa parte di un contesto di viaggio o transito turistico.<\/p>\n\n<p>Per quanto tempo \u00e8 valida l&#8217;ETA per il Canada? Quanto tempo \u00e8 possibile rimanere in Canada? Questo \u00e8 ci\u00f2 che scopriremo in questo articolo.<br\/><br\/><\/p>\n\n<h2 class=\"wp-block-heading\">Come ottenere eTA Canada? Qual \u00e8 il suo periodo di validit\u00e0?<\/h2>\n\n<p>L&#8217; <a href=\"https:\/\/ave-eta-canada.com\/it\/che-cose-eta-canada\/\">eTA Canada,<\/a> traduzione inglese dell&#8217;eTA, \u00e8 un&#8217;autorizzazione di viaggio elettronica che consente ai cittadini di determinati paesi di recarsi in Canada senza visto. Il Canada eTA ha un periodo di validit\u00e0 diverso rispetto al visto e non \u00e8 richiesto presso l&#8217;Ambasciata o il Consolato Generale del Canada, ma sul sito web ufficiale del governo canadese.<\/p>\n\n<p>Per richiedere l&#8217;eTa Canada, \u00e8 necessario compilare il <a href=\"https:\/\/ave-eta-canada.com\/it\/completa-il-modulo-eta-per-il-canada\/\">modulo<\/a> eTA . Quest&#8217;ultimo consiste in varie domande su di te, sul tuo lavoro, sui dettagli del tuo passaporto o sul tuo stato di salute (domande relative ad esempio alla tubercolosi). Non dimenticare di portare con te il passaporto (ti verr\u00e0 chiesto il numero) e la carta di credito per effettuare il pagamento. Il <a href=\"https:\/\/ave-eta-canada.com\/it\/eta-canada-il-suo-prezzo\/\">prezzo di un&#8217;eTA \u00e8 di CAN$7<\/a> (dollari canadesi) da pagare direttamente al momento della domanda.<\/p>\n\n<p>Il periodo di validit\u00e0 dell&#8217;ETA Canada \u00e8 direttamente legato a quello del tuo documento di viaggio (passaporto biometrico o passaporto elettronico): questo significa che se devi rinnovarlo, dovrai richiedere una nuova ETA Canada.<\/p>\n\n<p>Tieni presente che esistono siti indipendenti, come quello del nostro partner, che si offrono di verificare le tue informazioni prima di inviare il modulo eTA. Optando per questa soluzione, riduci il rischio di rifiuto (e di dover rimborsare una nuova richiesta) poich\u00e9 un team di professionisti assicura che le informazioni inserite siano corrette (numero di passaporto corretto, assenza di errori o refusi, ecc.).<br\/><br\/><\/p>\n\n<h2 class=\"wp-block-heading\">Durata della validit\u00e0 dell&#8217;eTA Canada e durata del soggiorno<\/h2>\n\n<p>L&#8217;eTA canadese <a href=\"https:\/\/ave-eta-canada.com\/it\/eta-canada-periodo-di-validita\/\">ha un periodo di validit\u00e0 sufficientemente lungo da<\/a> consentirti di goderti appieno il paese. L&#8217;eTA Canada, una volta ottenuta, ha una validit\u00e0 di cinque anni.<\/p>\n\n<p>Durante questo periodo sono autorizzati diversi viaggi in Canada. L&#8217; <a href=\"https:\/\/ave-eta-canada.com\/it\/\">autorizzazione AVE<\/a> consente di effettuare soggiorni di sei mesi, la durata del soggiorno convalidata da ETA Canada \u00e8 di sei mesi al massimo per soggiorno.<\/p>\n\n<p>Si noti che, a differenza di un visto canadese (permesso di lavoro, permesso di studio) o di un PVT, l&#8217;ottenimento di un&#8217;eTA non d\u00e0 diritto a lavorare, studiare o svolgere uno stage in Canada. Non ti d\u00e0 assolutamente lo status di residente permanente e non \u00e8 da confondere con una carta di soggiorno.<\/p>\n\n<p>Si consiglia di richiedere un&#8217;eTA con un certo anticipo prima di partire per prepararsi a qualsiasi possibilit\u00e0 di rifiuto.<\/p>\n\n<p>Non esitate a contattare il nostro team per qualsiasi domanda relativa al periodo di validit\u00e0 dell&#8217;eTA Canada al fine di preparare adeguatamente il vostro viaggio in Canada. Buon viaggio !<\/p>\n","protected":false},"excerpt":{"rendered":"<p>Per quanto tempo \u00e8 valida l&#8217;ETA per il Canada? Visitare il Canada \u00e8 il tuo sogno, Vancouver, Quebec, le Montagne Rocciose, le Cascate del Niagara, Ottawa e Toronto sono a portata di clic. Se desideri fare un soggiorno turistico in Canada, dovrai essere in possesso di un&#8217;autorizzazione di viaggio elettronica in anticipo. Per un soggiorno [&hellip;]<\/p>\n","protected":false},"author":1,"featured_media":0,"parent":0,"menu_order":0,"comment_status":"closed","ping_status":"closed","template":"","meta":{"footnotes":""},"class_list":["post-856","page","type-page","status-publish","hentry"],"yoast_head":"<!-- This site is optimized with the Yoast SEO plugin v26.9 - https:\/\/yoast.com\/product\/yoast-seo-wordpress\/ -->\n<title>Canada eTA: periodo di validit\u00e0<\/title>\n<meta name=\"description\" content=\"La Canada eTA \u00e8 un&#039;autorizzazione di viaggio elettronica che consente al suo titolare di viaggiare in Canada senza visto. Qual \u00e8 il suo periodo di validit\u00e0?\" \/>\n<meta name=\"robots\" content=\"index, follow, max-snippet:-1, max-image-preview:large, max-video-preview:-1\" \/>\n<link rel=\"canonical\" href=\"https:\/\/ave-eta-canada.com\/it\/eta-canada-periodo-di-validita\/\" \/>\n<meta property=\"og:locale\" content=\"it_IT\" \/>\n<meta property=\"og:type\" content=\"article\" \/>\n<meta property=\"og:title\" content=\"Canada eTA: periodo di validit\u00e0\" \/>\n<meta property=\"og:description\" content=\"La Canada eTA \u00e8 un&#039;autorizzazione di viaggio elettronica che consente al suo titolare di viaggiare in Canada senza visto. Qual \u00e8 il suo periodo di validit\u00e0?\" \/>\n<meta property=\"og:url\" content=\"https:\/\/ave-eta-canada.com\/it\/eta-canada-periodo-di-validita\/\" \/>\n<meta property=\"og:site_name\" content=\"VISTO CANADA\" \/>\n<meta property=\"article:modified_time\" content=\"2022-05-10T14:02:28+00:00\" \/>\n<meta name=\"twitter:card\" content=\"summary_large_image\" \/>\n<meta name=\"twitter:label1\" content=\"Tempo di lettura stimato\" \/>\n\t<meta name=\"twitter:data1\" content=\"3 minuti\" \/>\n<script type=\"application\/ld+json\" class=\"yoast-schema-graph\">{\"@context\":\"https:\/\/schema.org\",\"@graph\":[{\"@type\":\"WebPage\",\"@id\":\"https:\/\/ave-eta-canada.com\/it\/eta-canada-periodo-di-validita\/\",\"url\":\"https:\/\/ave-eta-canada.com\/it\/eta-canada-periodo-di-validita\/\",\"name\":\"Canada eTA: periodo di validit\u00e0\",\"isPartOf\":{\"@id\":\"https:\/\/ave-eta-canada.com\/it\/#website\"},\"datePublished\":\"2020-04-24T13:44:18+00:00\",\"dateModified\":\"2022-05-10T14:02:28+00:00\",\"description\":\"La Canada eTA \u00e8 un'autorizzazione di viaggio elettronica che consente al suo titolare di viaggiare in Canada senza visto. Qual \u00e8 il suo periodo di validit\u00e0?\",\"breadcrumb\":{\"@id\":\"https:\/\/ave-eta-canada.com\/it\/eta-canada-periodo-di-validita\/#breadcrumb\"},\"inLanguage\":\"it-IT\",\"potentialAction\":[{\"@type\":\"ReadAction\",\"target\":[\"https:\/\/ave-eta-canada.com\/it\/eta-canada-periodo-di-validita\/\"]}]},{\"@type\":\"BreadcrumbList\",\"@id\":\"https:\/\/ave-eta-canada.com\/it\/eta-canada-periodo-di-validita\/#breadcrumb\",\"itemListElement\":[{\"@type\":\"ListItem\",\"position\":1,\"name\":\"Home\",\"item\":\"https:\/\/ave-eta-canada.com\/it\/\"},{\"@type\":\"ListItem\",\"position\":2,\"name\":\"Canada eTA: periodo di validit\u00e0\"}]},{\"@type\":\"WebSite\",\"@id\":\"https:\/\/ave-eta-canada.com\/it\/#website\",\"url\":\"https:\/\/ave-eta-canada.com\/it\/\",\"name\":\"VISTO CANADA\",\"description\":\"Autorisation Voyage Electronique\",\"potentialAction\":[{\"@type\":\"SearchAction\",\"target\":{\"@type\":\"EntryPoint\",\"urlTemplate\":\"https:\/\/ave-eta-canada.com\/it\/?s={search_term_string}\"},\"query-input\":{\"@type\":\"PropertyValueSpecification\",\"valueRequired\":true,\"valueName\":\"search_term_string\"}}],\"inLanguage\":\"it-IT\"}]}<\/script>\n<!-- \/ Yoast SEO plugin. -->","yoast_head_json":{"title":"Canada eTA: periodo di validit\u00e0","description":"La Canada eTA \u00e8 un'autorizzazione di viaggio elettronica che consente al suo titolare di viaggiare in Canada senza visto. Qual \u00e8 il suo periodo di validit\u00e0?","robots":{"index":"index","follow":"follow","max-snippet":"max-snippet:-1","max-image-preview":"max-image-preview:large","max-video-preview":"max-video-preview:-1"},"canonical":"https:\/\/ave-eta-canada.com\/it\/eta-canada-periodo-di-validita\/","og_locale":"it_IT","og_type":"article","og_title":"Canada eTA: periodo di validit\u00e0","og_description":"La Canada eTA \u00e8 un'autorizzazione di viaggio elettronica che consente al suo titolare di viaggiare in Canada senza visto. Qual \u00e8 il suo periodo di validit\u00e0?","og_url":"https:\/\/ave-eta-canada.com\/it\/eta-canada-periodo-di-validita\/","og_site_name":"VISTO CANADA","article_modified_time":"2022-05-10T14:02:28+00:00","twitter_card":"summary_large_image","twitter_misc":{"Tempo di lettura stimato":"3 minuti"},"schema":{"@context":"https:\/\/schema.org","@graph":[{"@type":"WebPage","@id":"https:\/\/ave-eta-canada.com\/it\/eta-canada-periodo-di-validita\/","url":"https:\/\/ave-eta-canada.com\/it\/eta-canada-periodo-di-validita\/","name":"Canada eTA: periodo di validit\u00e0","isPartOf":{"@id":"https:\/\/ave-eta-canada.com\/it\/#website"},"datePublished":"2020-04-24T13:44:18+00:00","dateModified":"2022-05-10T14:02:28+00:00","description":"La Canada eTA \u00e8 un'autorizzazione di viaggio elettronica che consente al suo titolare di viaggiare in Canada senza visto. Qual \u00e8 il suo periodo di validit\u00e0?","breadcrumb":{"@id":"https:\/\/ave-eta-canada.com\/it\/eta-canada-periodo-di-validita\/#breadcrumb"},"inLanguage":"it-IT","potentialAction":[{"@type":"ReadAction","target":["https:\/\/ave-eta-canada.com\/it\/eta-canada-periodo-di-validita\/"]}]},{"@type":"BreadcrumbList","@id":"https:\/\/ave-eta-canada.com\/it\/eta-canada-periodo-di-validita\/#breadcrumb","itemListElement":[{"@type":"ListItem","position":1,"name":"Home","item":"https:\/\/ave-eta-canada.com\/it\/"},{"@type":"ListItem","position":2,"name":"Canada eTA: periodo di validit\u00e0"}]},{"@type":"WebSite","@id":"https:\/\/ave-eta-canada.com\/it\/#website","url":"https:\/\/ave-eta-canada.com\/it\/","name":"VISTO CANADA","description":"Autorisation Voyage Electronique","potentialAction":[{"@type":"SearchAction","target":{"@type":"EntryPoint","urlTemplate":"https:\/\/ave-eta-canada.com\/it\/?s={search_term_string}"},"query-input":{"@type":"PropertyValueSpecification","valueRequired":true,"valueName":"search_term_string"}}],"inLanguage":"it-IT"}]}},"_links":{"self":[{"href":"https:\/\/ave-eta-canada.com\/it\/wp-json\/wp\/v2\/pages\/856","targetHints":{"allow":["GET"]}}],"collection":[{"href":"https:\/\/ave-eta-canada.com\/it\/wp-json\/wp\/v2\/pages"}],"about":[{"href":"https:\/\/ave-eta-canada.com\/it\/wp-json\/wp\/v2\/types\/page"}],"author":[{"embeddable":true,"href":"https:\/\/ave-eta-canada.com\/it\/wp-json\/wp\/v2\/users\/1"}],"replies":[{"embeddable":true,"href":"https:\/\/ave-eta-canada.com\/it\/wp-json\/wp\/v2\/comments?post=856"}],"version-history":[{"count":0,"href":"https:\/\/ave-eta-canada.com\/it\/wp-json\/wp\/v2\/pages\/856\/revisions"}],"wp:attachment":[{"href":"https:\/\/ave-eta-canada.com\/it\/wp-json\/wp\/v2\/media?parent=856"}],"curies":[{"name":"wp","href":"https:\/\/api.w.org\/{rel}","templated":true}]}}