{"id":858,"date":"2020-04-24T15:07:30","date_gmt":"2020-04-24T15:07:30","guid":{"rendered":"https:\/\/ave-eta-canada.com\/eta-canada-il-suo-prezzo\/"},"modified":"2022-05-10T16:38:28","modified_gmt":"2022-05-10T16:38:28","slug":"eta-canada-il-suo-prezzo","status":"publish","type":"page","link":"https:\/\/ave-eta-canada.com\/it\/eta-canada-il-suo-prezzo\/","title":{"rendered":"Canada eTA: il suo prezzo"},"content":{"rendered":"\n<h1 class=\"wp-block-heading\">Qual \u00e8 il prezzo dell&#8217;eTA Canada?<\/h1>\n\n<p>Il Canada \u00e8 una destinazione da sogno per milioni di persone ogni anno. Perfetto per le vacanze in famiglia, tra amici, in coppia o anche da soli, ora \u00e8 possibile arrivarci facilmente grazie alla Canada eTA (Electronic Travel Authorization). L&#8217;autorizzazione di viaggio elettronica per il Canada permette di godere delle numerose attivit\u00e0 offerte dal Paese senza richiedere il visto. <\/p>\n\n<p><strong>Per un soggiorno inferiore a 6 mesi in Canada<\/strong> : Puoi espletare le formalit\u00e0 per entrare in Canada direttamente via Internet cliccando sul <a href=\"https:\/\/ave-eta-canada.com\/it\/modulo-online-eta-canada\/\">modulo online<\/a> . Non \u00e8 necessario ottenere un appuntamento presso l&#8217;ambasciata o il consolato canadese.<\/p>\n\n<br\/>\n\n<h2 class=\"wp-block-heading\">Confronto dei prezzi di Canada eTA e visto Canada<\/h2>\n\n<p>L&#8217;<a href=\"https:\/\/ave-eta-canada.com\/it\/quando-richiedere-lautorizzazione-eta-per-il-canada\/\">eTA (autorizzazione di viaggio elettronica)<\/a>, consente ai cittadini stranieri di essere esentati dalla richiesta di visto per recarsi in Canada in aereo o in transito prima di volare verso un&#8217;altra destinazione. Solo i cittadini dei paesi interessati da questo sistema possono beneficiare di questo lasciapassare. Il viaggiatore deve inoltre essere in possesso di un passaporto valido e soggiornare in Canada per un massimo di 6 mesi. Vantaggio dell&#8217;eTA: ha una validit\u00e0 di cinque anni, che ti permette di tornare a visitare il Canada tutte le volte che vuoi rispettando il tempo consentito per ogni visita (6 mesi massimo). D&#8217;altra parte, non aspettarti di poter lavorare in Canada, vivere l\u00ec, fare uno stage o studiare in un&#8217;universit\u00e0 canadese con un&#8217;eTA. Se questo \u00e8 il tuo obiettivo, devi richiedere un PVT (Working Holiday Permit) o un visto.<\/p>\n\n<p>A volte \u00e8 complicato ottenere un visto per una vacanza in Canada. In effetti, il governo canadese deve rispettare le quote di emissione. Questo \u00e8 il motivo per cui le condizioni sono difficili da soddisfare (in particolare fornendo la prova di elevate risorse finanziarie). I passaggi (la richiesta e la creazione del file con i documenti necessari) e i tempi di risposta sono lunghi e il prezzo \u00e8 pi\u00f9 alto rispetto a un eTA Canada. Il prezzo di un visto temporaneo per il Canada va dai 100 ai 150 $ CAN, il che rappresenta un vero budget rispetto al prezzo dell&#8217;<a>eTA Canada<\/a>, soprattutto se si parte con pi\u00f9 persone! Per maggiori informazioni sul visto canadese, non esitate a visitare il sito web dell&#8217;Ambasciata canadese.<\/p>\n\n<p>Come avrai capito, per scoprire il Canada, assaggiare specialit\u00e0 come la poutine o la torta di pastore (simile alla nostra torta di pastore, ma con mais), ti consigliamo vivamente di richiedere un AVE Canada, perch\u00e9 il prezzo \u00e8 molto inferiore a quello di un visto. Toronto (la citt\u00e0 pi\u00f9 cosmopolita!), Quebec, Ottawa e Vancouver ti aspettano!<br\/><br\/><\/p>\n\n<h2 class=\"wp-block-heading\">Ordina un&#8217;eTA canadese e conosci il suo prezzo<\/h2>\n\n<p>Se molti di voi stanno partendo per questo viaggio in Canada, sappiate che non \u00e8 ancora possibile fare una richiesta di gruppo e pagare la tariffa eTA Canada per pi\u00f9 persone contemporaneamente. Le domande vengono presentate una per una, individualmente, e <a href=\"https:\/\/ave-eta-canada.com\/it\/eta-canada-il-suo-prezzo\/\">le tasse eTA<\/a> devono essere pagate separatamente.<\/p>\n\n<p>I documenti necessari per fare domanda sono: tutti i passaporti necessari (verificarne la validit\u00e0) e una carta di pagamento. Per richiedere la tua eTA online, hai due opzioni:<\/p>\n\n<ul class=\"wp-block-list\"><li>procedere con la richiesta tramite un sito privato, un team si occupa poi di eseguire l&#8217;ordine per te al fine di evitare qualsiasi errore durante la compilazione del modulo online;<\/li><li>procedere con la richiesta sul sito ufficiale del governo canadese. \u00c8 necessario compilare accuratamente ogni campo del modulo e rispondere onestamente alle domande. Fai attenzione, un singolo errore potrebbe comportare un rifiuto immediato del tuo file.<\/li><\/ul>\n\n<p>Dopo aver compilato il modulo nel modo pi\u00f9 accurato possibile, ti verr\u00e0 chiesto un importo per convalidare definitivamente la tua richiesta.<\/p>\n\n<p>Passando attraverso il sito web del governo canadese, ti verr\u00e0 chiesto di pagare la somma di CAN$7 (dollari canadesi). Se richiedi i servizi di una piattaforma privata, verranno applicati costi aggiuntivi, ma il prezzo \u00e8 comunque interessante!<\/p>\n\n<p>Una risposta viene consegnata alla tua e-mail in genere in pochi minuti. Tuttavia, non preoccuparti, se non hai ricevuto una risposta immediata, potrebbero essere necessari alcuni giorni.<\/p>\n\n<p>Una volta che <a href=\"https:\/\/ave-eta-canada.com\/it\/qual-e-la-scadenza-per-ottenere-leta-canada\/\">la tua eTA Canada \u00e8 stata<\/a> convalidata, puoi volare in Canada. Tieni presente, tuttavia, che solo l&#8217;ufficiale doganale, in loco, decide se puoi o meno mettere piede sul suolo canadese.<\/p>\n\n<p>Ecco il nostro ultimo consiglio ai viaggiatori ora che conosci il prezzo dell&#8217;eTA Canada: prima di partire per il Canada, non dimenticare di pensare all&#8217;assicurazione di viaggio in caso di problemi e al chapka se voli in inverno.<\/p>\n\n<p>Ci siamo, buon soggiorno in Canada!<\/p>\n","protected":false},"excerpt":{"rendered":"<p>Qual \u00e8 il prezzo dell&#8217;eTA Canada? Il Canada \u00e8 una destinazione da sogno per milioni di persone ogni anno. Perfetto per le vacanze in famiglia, tra amici, in coppia o anche da soli, ora \u00e8 possibile arrivarci facilmente grazie alla Canada eTA (Electronic Travel Authorization). L&#8217;autorizzazione di viaggio elettronica per il Canada permette di godere [&hellip;]<\/p>\n","protected":false},"author":1,"featured_media":0,"parent":0,"menu_order":0,"comment_status":"closed","ping_status":"closed","template":"","meta":{"footnotes":""},"class_list":["post-858","page","type-page","status-publish","hentry"],"yoast_head":"<!-- This site is optimized with the Yoast SEO plugin v26.9 - https:\/\/yoast.com\/product\/yoast-seo-wordpress\/ -->\n<title>Canada eTA: il suo prezzo<\/title>\n<meta name=\"description\" content=\"Vuoi richiedere un&#039;eTA Canada, ma non conosci il suo prezzo? Il nostro team di esperti svela tutto in questo articolo!\" \/>\n<meta name=\"robots\" content=\"index, follow, max-snippet:-1, max-image-preview:large, max-video-preview:-1\" \/>\n<link rel=\"canonical\" href=\"https:\/\/ave-eta-canada.com\/it\/eta-canada-il-suo-prezzo\/\" \/>\n<meta property=\"og:locale\" content=\"it_IT\" \/>\n<meta property=\"og:type\" content=\"article\" \/>\n<meta property=\"og:title\" content=\"Canada eTA: il suo prezzo\" \/>\n<meta property=\"og:description\" content=\"Vuoi richiedere un&#039;eTA Canada, ma non conosci il suo prezzo? Il nostro team di esperti svela tutto in questo articolo!\" \/>\n<meta property=\"og:url\" content=\"https:\/\/ave-eta-canada.com\/it\/eta-canada-il-suo-prezzo\/\" \/>\n<meta property=\"og:site_name\" content=\"VISTO CANADA\" \/>\n<meta property=\"article:modified_time\" content=\"2022-05-10T16:38:28+00:00\" \/>\n<meta name=\"twitter:card\" content=\"summary_large_image\" \/>\n<meta name=\"twitter:label1\" content=\"Tempo di lettura stimato\" \/>\n\t<meta name=\"twitter:data1\" content=\"4 minuti\" \/>\n<script type=\"application\/ld+json\" class=\"yoast-schema-graph\">{\"@context\":\"https:\/\/schema.org\",\"@graph\":[{\"@type\":\"WebPage\",\"@id\":\"https:\/\/ave-eta-canada.com\/it\/eta-canada-il-suo-prezzo\/\",\"url\":\"https:\/\/ave-eta-canada.com\/it\/eta-canada-il-suo-prezzo\/\",\"name\":\"Canada eTA: il suo prezzo\",\"isPartOf\":{\"@id\":\"https:\/\/ave-eta-canada.com\/it\/#website\"},\"datePublished\":\"2020-04-24T15:07:30+00:00\",\"dateModified\":\"2022-05-10T16:38:28+00:00\",\"description\":\"Vuoi richiedere un'eTA Canada, ma non conosci il suo prezzo? Il nostro team di esperti svela tutto in questo articolo!\",\"breadcrumb\":{\"@id\":\"https:\/\/ave-eta-canada.com\/it\/eta-canada-il-suo-prezzo\/#breadcrumb\"},\"inLanguage\":\"it-IT\",\"potentialAction\":[{\"@type\":\"ReadAction\",\"target\":[\"https:\/\/ave-eta-canada.com\/it\/eta-canada-il-suo-prezzo\/\"]}]},{\"@type\":\"BreadcrumbList\",\"@id\":\"https:\/\/ave-eta-canada.com\/it\/eta-canada-il-suo-prezzo\/#breadcrumb\",\"itemListElement\":[{\"@type\":\"ListItem\",\"position\":1,\"name\":\"Home\",\"item\":\"https:\/\/ave-eta-canada.com\/it\/\"},{\"@type\":\"ListItem\",\"position\":2,\"name\":\"Canada eTA: il suo prezzo\"}]},{\"@type\":\"WebSite\",\"@id\":\"https:\/\/ave-eta-canada.com\/it\/#website\",\"url\":\"https:\/\/ave-eta-canada.com\/it\/\",\"name\":\"VISTO CANADA\",\"description\":\"Autorisation Voyage Electronique\",\"potentialAction\":[{\"@type\":\"SearchAction\",\"target\":{\"@type\":\"EntryPoint\",\"urlTemplate\":\"https:\/\/ave-eta-canada.com\/it\/?s={search_term_string}\"},\"query-input\":{\"@type\":\"PropertyValueSpecification\",\"valueRequired\":true,\"valueName\":\"search_term_string\"}}],\"inLanguage\":\"it-IT\"}]}<\/script>\n<!-- \/ Yoast SEO plugin. -->","yoast_head_json":{"title":"Canada eTA: il suo prezzo","description":"Vuoi richiedere un'eTA Canada, ma non conosci il suo prezzo? Il nostro team di esperti svela tutto in questo articolo!","robots":{"index":"index","follow":"follow","max-snippet":"max-snippet:-1","max-image-preview":"max-image-preview:large","max-video-preview":"max-video-preview:-1"},"canonical":"https:\/\/ave-eta-canada.com\/it\/eta-canada-il-suo-prezzo\/","og_locale":"it_IT","og_type":"article","og_title":"Canada eTA: il suo prezzo","og_description":"Vuoi richiedere un'eTA Canada, ma non conosci il suo prezzo? Il nostro team di esperti svela tutto in questo articolo!","og_url":"https:\/\/ave-eta-canada.com\/it\/eta-canada-il-suo-prezzo\/","og_site_name":"VISTO CANADA","article_modified_time":"2022-05-10T16:38:28+00:00","twitter_card":"summary_large_image","twitter_misc":{"Tempo di lettura stimato":"4 minuti"},"schema":{"@context":"https:\/\/schema.org","@graph":[{"@type":"WebPage","@id":"https:\/\/ave-eta-canada.com\/it\/eta-canada-il-suo-prezzo\/","url":"https:\/\/ave-eta-canada.com\/it\/eta-canada-il-suo-prezzo\/","name":"Canada eTA: il suo prezzo","isPartOf":{"@id":"https:\/\/ave-eta-canada.com\/it\/#website"},"datePublished":"2020-04-24T15:07:30+00:00","dateModified":"2022-05-10T16:38:28+00:00","description":"Vuoi richiedere un'eTA Canada, ma non conosci il suo prezzo? Il nostro team di esperti svela tutto in questo articolo!","breadcrumb":{"@id":"https:\/\/ave-eta-canada.com\/it\/eta-canada-il-suo-prezzo\/#breadcrumb"},"inLanguage":"it-IT","potentialAction":[{"@type":"ReadAction","target":["https:\/\/ave-eta-canada.com\/it\/eta-canada-il-suo-prezzo\/"]}]},{"@type":"BreadcrumbList","@id":"https:\/\/ave-eta-canada.com\/it\/eta-canada-il-suo-prezzo\/#breadcrumb","itemListElement":[{"@type":"ListItem","position":1,"name":"Home","item":"https:\/\/ave-eta-canada.com\/it\/"},{"@type":"ListItem","position":2,"name":"Canada eTA: il suo prezzo"}]},{"@type":"WebSite","@id":"https:\/\/ave-eta-canada.com\/it\/#website","url":"https:\/\/ave-eta-canada.com\/it\/","name":"VISTO CANADA","description":"Autorisation Voyage Electronique","potentialAction":[{"@type":"SearchAction","target":{"@type":"EntryPoint","urlTemplate":"https:\/\/ave-eta-canada.com\/it\/?s={search_term_string}"},"query-input":{"@type":"PropertyValueSpecification","valueRequired":true,"valueName":"search_term_string"}}],"inLanguage":"it-IT"}]}},"_links":{"self":[{"href":"https:\/\/ave-eta-canada.com\/it\/wp-json\/wp\/v2\/pages\/858","targetHints":{"allow":["GET"]}}],"collection":[{"href":"https:\/\/ave-eta-canada.com\/it\/wp-json\/wp\/v2\/pages"}],"about":[{"href":"https:\/\/ave-eta-canada.com\/it\/wp-json\/wp\/v2\/types\/page"}],"author":[{"embeddable":true,"href":"https:\/\/ave-eta-canada.com\/it\/wp-json\/wp\/v2\/users\/1"}],"replies":[{"embeddable":true,"href":"https:\/\/ave-eta-canada.com\/it\/wp-json\/wp\/v2\/comments?post=858"}],"version-history":[{"count":0,"href":"https:\/\/ave-eta-canada.com\/it\/wp-json\/wp\/v2\/pages\/858\/revisions"}],"wp:attachment":[{"href":"https:\/\/ave-eta-canada.com\/it\/wp-json\/wp\/v2\/media?parent=858"}],"curies":[{"name":"wp","href":"https:\/\/api.w.org\/{rel}","templated":true}]}}