{"id":860,"date":"2020-04-24T15:26:56","date_gmt":"2020-04-24T15:26:56","guid":{"rendered":"https:\/\/ave-eta-canada.com\/eta-o-esta-quale-autorizzazione-di-viaggio-scegliere-per-il-tuo-soggiorno\/"},"modified":"2022-09-07T20:30:23","modified_gmt":"2022-09-07T20:30:23","slug":"eta-o-esta-quale-autorizzazione-di-viaggio-scegliere-per-il-tuo-soggiorno","status":"publish","type":"page","link":"https:\/\/ave-eta-canada.com\/it\/eta-o-esta-quale-autorizzazione-di-viaggio-scegliere-per-il-tuo-soggiorno\/","title":{"rendered":"eTA o ESTA: quale autorizzazione di viaggio scegliere?"},"content":{"rendered":"\n<h1 class=\"wp-block-heading\">Quale Autorizzazione al Viaggio (eTA o ESTA) scegliere?<\/h1>\n\n<p>Se andrai presto in Nord America, avrai bisogno dei documenti di viaggio. Con tutti questi standard e regolamenti, non \u00e8 facile vedere chiaramente. Domanda di visto o autorizzazione al viaggio (eTA o ESTA)? Ti spieghiamo tutto in questo articolo.<\/p>\n\n<p><strong>Per un soggiorno inferiore a 6 mesi in Canada<\/strong> : Puoi espletare le formalit\u00e0 per entrare in Canada direttamente via Internet cliccando sul <a href=\"https:\/\/ave-eta-canada.com\/it\/modulo-online-eta-canada\/\">modulo online<\/a>. Non \u00e8 necessario ottenere un appuntamento presso l&#8217;ambasciata o il consolato canadese.<\/p>\n\n<br\/>\n\n<h2 class=\"wp-block-heading\">eTA ed ESTA, presentazione di queste due autorizzazioni di viaggio<\/h2>\n\n<h3 class=\"wp-block-heading\">ESTA<\/h3>\n\n<p>ESTA \u00e8 l&#8217;acronimo di Electronic System for Travel Authorization. Questa \u00e8 un&#8217;autorizzazione di viaggio, istituita dal governo degli Stati Uniti, per le persone che desiderano viaggiare negli Stati Uniti in aereo o via mare. Questa autorizzazione sostituisce un visto turistico per i viaggiatori provenienti da un paese membro del Visa Waiver Program (programma di esenzione dal visto).<\/p>\n\n<p>Per candidarti devi soddisfare diversi criteri:<\/p>\n\n<ul class=\"wp-block-list\"><li>essere cittadino di un Paese membro del Programma Viaggio senza Visto;<\/li><li>essere in possesso di un passaporto biometrico valido o di un passaporto elettronico;<\/li><li>recarsi negli Stati Uniti per un soggiorno turistico, un viaggio di lavoro o un transito;<\/li><li>arrivare sul suolo statunitense per via aerea o marittima;<\/li><li>la durata del soggiorno non deve superare un massimo di 90 giorni.<\/li><\/ul>\n\n<h4 class=\"wp-block-heading\">Come ottenere la tua ESTA?<\/h4>\n\n<p>Il processo per ottenere un&#8217;autorizzazione ESTA avviene esclusivamente online, sul sito web del governo degli Stati Uniti o tramite i servizi di un fornitore di servizi privato.<\/p>\n\n<p>Ti verr\u00e0 chiesto di compilare un modulo online per la tua domanda ESTA. Questo modulo ESTA riguarda principalmente la tua identit\u00e0, la tua vita e il tuo documento di viaggio: nome (cognome da nubile o da sposata a seconda del passaporto), nome, data e luogo di nascita, numero del passaporto, data di rilascio e scadenza, recapiti, penale e anamnesi, precedenti soggiorni all&#8217;estero, ecc. Una volta completato il modulo ESTA, \u00e8 necessario inserire una carta di pagamento per pagare le spese di elaborazione della domanda ESTA.<\/p>\n\n<p>Un ESTA \u00e8 valido per 2 anni, entro il limite della data di validit\u00e0 del tuo passaporto.<\/p>\n\n<p>Quindi, se vuoi visitare gli Stati Uniti d&#8217;America a queste condizioni, tra AVE ed ESTA, devi scegliere ESTA.<\/p>\n\n<h3 class=\"wp-block-heading\">eTA<\/h3>\n\n<p>eTA sta per autorizzazione elettronica al viaggio. Per gli anglofoni, questa autorizzazione \u00e8 nota con l&#8217;acronimo <a href=\"https:\/\/ave-eta-canada.com\/it\/che-cose-eta-canada\/\">ETA<\/a> for Electronic Travel Authorization. Sappi che questi due nomi si riferiscono esattamente alla stessa cosa.<\/p>\n\n<p>L&#8217;eTA \u00e8 un&#8217;autorizzazione necessaria per poter entrare nel territorio canadese, ma solo in aereo. Un eTA non \u00e8 quindi necessario in caso di arrivo in nave, anche su una nave da crociera.<\/p>\n\n<p>L&#8217;AVE si applica ai cittadini dei 61 Paesi che fanno parte del Canadian Visa Waiver Program. Per poter fare domanda \u00e8 obbligatorio possedere un passaporto biometrico valido o un passaporto elettronico. La durata massima del soggiorno deve essere di 6 mesi.<\/p>\n\n<h4 class=\"wp-block-heading\">Come ottenere il tuo eTA?<\/h4>\n\n<p>Per <a href=\"https:\/\/ave-eta-canada.com\/it\/\">richiedere un&#8217;eTA<\/a> , \u00e8 necessario compilare un modulo online e pagare le tariffe richieste. Per fare ci\u00f2, puoi visitare il sito Web ufficiale del governo canadese o utilizzare i servizi di un fornitore di servizi privato. Optare per un sito privato consente di beneficiare di un&#8217;assistenza personalizzata e quindi riduce il rischio di rifiuto. <\/p>\n\n<p>Un&#8217;eTA \u00e8 valida per 5 anni, fino alla data di scadenza del passaporto. Se vuoi visitare il Canada, tra eTA ed ESTA, devi scegliere eTA.<br\/><br\/><\/p>\n\n<h2 class=\"wp-block-heading\">ESTA e eTA, le somiglianze<\/h2>\n\n<p>Come avrai notato, ci sono molte somiglianze tra un&#8217;autorizzazione AVE e un ESTA; l&#8217;eTA canadese \u00e8 stata copiata dal modello dell&#8217;ESTA americana.<\/p>\n\n<ul class=\"wp-block-list\"><li>L&#8217;ESTA e l&#8217;eTA sono autorizzazioni di viaggio legate al passaporto. \u00c8 essenziale che questo stesso passaporto venga utilizzato per viaggiare. \u00c8 scansionando il tuo passaporto che i doganieri controllano che tu sia in ordine. <\/li><li>L&#8217;eTA, come l&#8217;ESTA, si ottiene prima della partenza. Gli agenti delle compagnie aeree controlleranno il tuo eTA o ESTA, anche prima dell&#8217;imbarco.<\/li><li>L&#8217;ottenimento di queste due autorizzazioni di viaggio richiede solo un&#8217;applicazione online. Non \u00e8 necessario fissare un appuntamento presso l&#8217;ambasciata statunitense o canadese pi\u00f9 vicina a te.<\/li><li>L&#8217;ESTA e l&#8217;eTA ti autorizzano a viaggiare, rispettivamente negli Stati Uniti o in Canada, nell&#8217;ambito di un viaggio turistico, di lavoro o di transito. Non hai quindi il diritto di lavorare, studiare o emigrare negli Stati Uniti o in Canada con ESTA e eTA. Se questo \u00e8 il tuo obiettivo, dovrai richiedere il visto o la carta verde appropriati.<\/li><li>eTA ed ESTA sono entrambi obbligatori, ma non garantiscono l&#8217;ingresso nel suolo statunitense o canadese. Tale diritto viene concesso a seguito del controllo da parte degli agenti doganali, al vostro arrivo al posto di frontiera.<br\/><br\/><\/li><\/ul>\n\n<h2 class=\"wp-block-heading\">ESTA e eTA, le differenze<\/h2>\n\n<ul class=\"wp-block-list\"><li>Questo ha senso, ma ricorda lo stesso che l&#8217;eTA viene utilizzato per viaggiare in Canada e l&#8217;ESTA per un soggiorno negli Stati Uniti. Anche se i due paesi sono vicini, un&#8217;autorizzazione non pu\u00f2 sostituire l&#8217;altra.<\/li><li>L&#8217;AVE \u00e8 valido per i cittadini di 61 territori diversi, mentre l&#8217;ESTA \u00e8 valido solo per 40 Paesi (dati aggiornati a settembre 2022).<\/li><li>L&#8217;ESTA riguarda i viaggiatori che arrivano per via aerea e marittima, mentre l&#8217;ETA \u00e8 necessaria solo per i viaggiatori che arrivano in Canada per via aerea.<\/li><li>L&#8217;ESTA costa 21 dollari sul sito web del governo a partire da maggio 2022, mentre il <a href=\"https:\/\/ave-eta-canada.com\/it\/eta-canada-il-suo-prezzo\/\">prezzo dell&#8217;AVE \u00e8 di 7 CAD<\/a>. Il prezzo di ESTA e eTA sar\u00e0 diverso se si passa attraverso i servizi di un sito indipendente. Questa differenza \u00e8 spiegata dall&#8217;assistenza personalizzata fornita dal fornitore di servizi privato.<\/li><li>Anche la durata massima del soggiorno non \u00e8 la stessa. Con un&#8217;eTA, puoi rimanere 6 mesi consecutivi in Canada mentre con un&#8217;ESTA, il tuo soggiorno non deve superare i 90 giorni consecutivi.<\/li><li><a href=\"https:\/\/ave-eta-canada.com\/it\/validita-eta-canada\/\">L&#8217;eTA ha una validit\u00e0 di 5 anni<\/a> , mentre un ESTA \u00e8 valido solo per 2 anni. In teoria, durante questo periodo \u00e8 possibile un numero illimitato di viaggi. In entrambi i casi, \u00e8 necessaria una nuova domanda se le tue informazioni personali cambiano e\/o se ottieni un nuovo passaporto.<\/li><\/ul>\n\n<p>Ora conosci le basi di queste due autorizzazioni di viaggio. Tutto quello che devi fare \u00e8 scegliere la tua destinazione. Buon viaggio<\/p>\n","protected":false},"excerpt":{"rendered":"<p>Quale Autorizzazione al Viaggio (eTA o ESTA) scegliere? Se andrai presto in Nord America, avrai bisogno dei documenti di viaggio. Con tutti questi standard e regolamenti, non \u00e8 facile vedere chiaramente. Domanda di visto o autorizzazione al viaggio (eTA o ESTA)? Ti spieghiamo tutto in questo articolo. Per un soggiorno inferiore a 6 mesi in [&hellip;]<\/p>\n","protected":false},"author":1,"featured_media":0,"parent":0,"menu_order":0,"comment_status":"closed","ping_status":"closed","template":"","meta":{"footnotes":""},"class_list":["post-860","page","type-page","status-publish","hentry"],"yoast_head":"<!-- This site is optimized with the Yoast SEO plugin v26.9 - https:\/\/yoast.com\/product\/yoast-seo-wordpress\/ -->\n<title>eTA o ESTA: quale autorizzazione di viaggio scegliere?<\/title>\n<meta name=\"description\" content=\"Per viaggiare nel continente americano esistono due principali autorizzazioni elettroniche di viaggio: l&#039;AVE e l&#039;ESTA.\" \/>\n<meta name=\"robots\" content=\"index, follow, max-snippet:-1, max-image-preview:large, max-video-preview:-1\" \/>\n<link rel=\"canonical\" href=\"https:\/\/ave-eta-canada.com\/it\/eta-o-esta-quale-autorizzazione-di-viaggio-scegliere-per-il-tuo-soggiorno\/\" \/>\n<meta property=\"og:locale\" content=\"it_IT\" \/>\n<meta property=\"og:type\" content=\"article\" \/>\n<meta property=\"og:title\" content=\"eTA o ESTA: quale autorizzazione di viaggio scegliere?\" \/>\n<meta property=\"og:description\" content=\"Per viaggiare nel continente americano esistono due principali autorizzazioni elettroniche di viaggio: l&#039;AVE e l&#039;ESTA.\" \/>\n<meta property=\"og:url\" content=\"https:\/\/ave-eta-canada.com\/it\/eta-o-esta-quale-autorizzazione-di-viaggio-scegliere-per-il-tuo-soggiorno\/\" \/>\n<meta property=\"og:site_name\" content=\"VISTO CANADA\" \/>\n<meta property=\"article:modified_time\" content=\"2022-09-07T20:30:23+00:00\" \/>\n<meta name=\"twitter:card\" content=\"summary_large_image\" \/>\n<meta name=\"twitter:label1\" content=\"Tempo di lettura stimato\" \/>\n\t<meta name=\"twitter:data1\" content=\"5 minuti\" \/>\n<script type=\"application\/ld+json\" class=\"yoast-schema-graph\">{\"@context\":\"https:\/\/schema.org\",\"@graph\":[{\"@type\":\"WebPage\",\"@id\":\"https:\/\/ave-eta-canada.com\/it\/eta-o-esta-quale-autorizzazione-di-viaggio-scegliere-per-il-tuo-soggiorno\/\",\"url\":\"https:\/\/ave-eta-canada.com\/it\/eta-o-esta-quale-autorizzazione-di-viaggio-scegliere-per-il-tuo-soggiorno\/\",\"name\":\"eTA o ESTA: quale autorizzazione di viaggio scegliere?\",\"isPartOf\":{\"@id\":\"https:\/\/ave-eta-canada.com\/it\/#website\"},\"datePublished\":\"2020-04-24T15:26:56+00:00\",\"dateModified\":\"2022-09-07T20:30:23+00:00\",\"description\":\"Per viaggiare nel continente americano esistono due principali autorizzazioni elettroniche di viaggio: l'AVE e l'ESTA.\",\"breadcrumb\":{\"@id\":\"https:\/\/ave-eta-canada.com\/it\/eta-o-esta-quale-autorizzazione-di-viaggio-scegliere-per-il-tuo-soggiorno\/#breadcrumb\"},\"inLanguage\":\"it-IT\",\"potentialAction\":[{\"@type\":\"ReadAction\",\"target\":[\"https:\/\/ave-eta-canada.com\/it\/eta-o-esta-quale-autorizzazione-di-viaggio-scegliere-per-il-tuo-soggiorno\/\"]}]},{\"@type\":\"BreadcrumbList\",\"@id\":\"https:\/\/ave-eta-canada.com\/it\/eta-o-esta-quale-autorizzazione-di-viaggio-scegliere-per-il-tuo-soggiorno\/#breadcrumb\",\"itemListElement\":[{\"@type\":\"ListItem\",\"position\":1,\"name\":\"Home\",\"item\":\"https:\/\/ave-eta-canada.com\/it\/\"},{\"@type\":\"ListItem\",\"position\":2,\"name\":\"eTA o ESTA: quale autorizzazione di viaggio scegliere?\"}]},{\"@type\":\"WebSite\",\"@id\":\"https:\/\/ave-eta-canada.com\/it\/#website\",\"url\":\"https:\/\/ave-eta-canada.com\/it\/\",\"name\":\"VISTO CANADA\",\"description\":\"Autorisation Voyage Electronique\",\"potentialAction\":[{\"@type\":\"SearchAction\",\"target\":{\"@type\":\"EntryPoint\",\"urlTemplate\":\"https:\/\/ave-eta-canada.com\/it\/?s={search_term_string}\"},\"query-input\":{\"@type\":\"PropertyValueSpecification\",\"valueRequired\":true,\"valueName\":\"search_term_string\"}}],\"inLanguage\":\"it-IT\"}]}<\/script>\n<!-- \/ Yoast SEO plugin. -->","yoast_head_json":{"title":"eTA o ESTA: quale autorizzazione di viaggio scegliere?","description":"Per viaggiare nel continente americano esistono due principali autorizzazioni elettroniche di viaggio: l'AVE e l'ESTA.","robots":{"index":"index","follow":"follow","max-snippet":"max-snippet:-1","max-image-preview":"max-image-preview:large","max-video-preview":"max-video-preview:-1"},"canonical":"https:\/\/ave-eta-canada.com\/it\/eta-o-esta-quale-autorizzazione-di-viaggio-scegliere-per-il-tuo-soggiorno\/","og_locale":"it_IT","og_type":"article","og_title":"eTA o ESTA: quale autorizzazione di viaggio scegliere?","og_description":"Per viaggiare nel continente americano esistono due principali autorizzazioni elettroniche di viaggio: l'AVE e l'ESTA.","og_url":"https:\/\/ave-eta-canada.com\/it\/eta-o-esta-quale-autorizzazione-di-viaggio-scegliere-per-il-tuo-soggiorno\/","og_site_name":"VISTO CANADA","article_modified_time":"2022-09-07T20:30:23+00:00","twitter_card":"summary_large_image","twitter_misc":{"Tempo di lettura stimato":"5 minuti"},"schema":{"@context":"https:\/\/schema.org","@graph":[{"@type":"WebPage","@id":"https:\/\/ave-eta-canada.com\/it\/eta-o-esta-quale-autorizzazione-di-viaggio-scegliere-per-il-tuo-soggiorno\/","url":"https:\/\/ave-eta-canada.com\/it\/eta-o-esta-quale-autorizzazione-di-viaggio-scegliere-per-il-tuo-soggiorno\/","name":"eTA o ESTA: quale autorizzazione di viaggio scegliere?","isPartOf":{"@id":"https:\/\/ave-eta-canada.com\/it\/#website"},"datePublished":"2020-04-24T15:26:56+00:00","dateModified":"2022-09-07T20:30:23+00:00","description":"Per viaggiare nel continente americano esistono due principali autorizzazioni elettroniche di viaggio: l'AVE e l'ESTA.","breadcrumb":{"@id":"https:\/\/ave-eta-canada.com\/it\/eta-o-esta-quale-autorizzazione-di-viaggio-scegliere-per-il-tuo-soggiorno\/#breadcrumb"},"inLanguage":"it-IT","potentialAction":[{"@type":"ReadAction","target":["https:\/\/ave-eta-canada.com\/it\/eta-o-esta-quale-autorizzazione-di-viaggio-scegliere-per-il-tuo-soggiorno\/"]}]},{"@type":"BreadcrumbList","@id":"https:\/\/ave-eta-canada.com\/it\/eta-o-esta-quale-autorizzazione-di-viaggio-scegliere-per-il-tuo-soggiorno\/#breadcrumb","itemListElement":[{"@type":"ListItem","position":1,"name":"Home","item":"https:\/\/ave-eta-canada.com\/it\/"},{"@type":"ListItem","position":2,"name":"eTA o ESTA: quale autorizzazione di viaggio scegliere?"}]},{"@type":"WebSite","@id":"https:\/\/ave-eta-canada.com\/it\/#website","url":"https:\/\/ave-eta-canada.com\/it\/","name":"VISTO CANADA","description":"Autorisation Voyage Electronique","potentialAction":[{"@type":"SearchAction","target":{"@type":"EntryPoint","urlTemplate":"https:\/\/ave-eta-canada.com\/it\/?s={search_term_string}"},"query-input":{"@type":"PropertyValueSpecification","valueRequired":true,"valueName":"search_term_string"}}],"inLanguage":"it-IT"}]}},"_links":{"self":[{"href":"https:\/\/ave-eta-canada.com\/it\/wp-json\/wp\/v2\/pages\/860","targetHints":{"allow":["GET"]}}],"collection":[{"href":"https:\/\/ave-eta-canada.com\/it\/wp-json\/wp\/v2\/pages"}],"about":[{"href":"https:\/\/ave-eta-canada.com\/it\/wp-json\/wp\/v2\/types\/page"}],"author":[{"embeddable":true,"href":"https:\/\/ave-eta-canada.com\/it\/wp-json\/wp\/v2\/users\/1"}],"replies":[{"embeddable":true,"href":"https:\/\/ave-eta-canada.com\/it\/wp-json\/wp\/v2\/comments?post=860"}],"version-history":[{"count":0,"href":"https:\/\/ave-eta-canada.com\/it\/wp-json\/wp\/v2\/pages\/860\/revisions"}],"wp:attachment":[{"href":"https:\/\/ave-eta-canada.com\/it\/wp-json\/wp\/v2\/media?parent=860"}],"curies":[{"name":"wp","href":"https:\/\/api.w.org\/{rel}","templated":true}]}}