{"id":862,"date":"2020-04-24T15:39:27","date_gmt":"2020-04-24T15:39:27","guid":{"rendered":"https:\/\/ave-eta-canada.com\/canada-il-governo-accoglie-piu-studenti-internazionali\/"},"modified":"2022-05-17T15:26:12","modified_gmt":"2022-05-17T15:26:12","slug":"canada-il-governo-accoglie-piu-studenti-internazionali","status":"publish","type":"page","link":"https:\/\/ave-eta-canada.com\/it\/canada-il-governo-accoglie-piu-studenti-internazionali\/","title":{"rendered":"Canada: il governo vuole pi\u00f9 studenti stranieri"},"content":{"rendered":"\n<h1 class=\"wp-block-heading\">Il governo canadese vuole attirare pi\u00f9 studenti stranieri<\/h1>\n\n<p>Gli studenti internazionali rappresentano un interesse economico significativo per l&#8217;economia canadese. Secondo uno studio delle autorit\u00e0 federali, gli studenti stranieri hanno generato 15,5 miliardi di dollari nel 2016. Per questo motivo, l&#8217;amministrazione canadese vuole aumentare il numero di studenti internazionali.<br\/><strong>Per un soggiorno inferiore a 6 mesi in Canada<\/strong> : Puoi espletare le formalit\u00e0 per entrare in Canada direttamente via Internet cliccando sul <a href=\"https:\/\/ave-eta-canada.com\/it\/modulo-online-eta-canada\/\">modulo online<\/a> . Non \u00e8 necessario ottenere un appuntamento presso l&#8217;ambasciata o il consolato canadese.<br\/><\/p>\n\n<h2 class=\"wp-block-heading\">Promuovere il sistema educativo canadese agli studenti stranieri<\/h2>\n\n<p>Il sistema educativo canadese continua ad attrarre giovani stranieri. Mentre nel 2000 sono stati rilasciati pi\u00f9 di 100.000 permessi di studio, questa cifra ha superato la soglia dei 500.000 nel 2018. Per rafforzare questa dinamica, il governo federale ha stabilito un budget totale di 148 milioni di dollari, in cinque anni, da dedicare all&#8217;istruzione internazionale.<\/p>\n\n<p>Per definire la strategia complessiva da adottare per attirare in massa gli studenti stranieri, il governo ei rappresentanti delle <a href=\"https:\/\/ave-eta-canada.com\/it\/tutto-sulle-condizioni-eta-per-viaggiare-in-canada\/\">universit\u00e0 canadesi<\/a> si incontrano regolarmente per discutere le direzioni da prendere.<br\/><br\/><\/p>\n\n<h2 class=\"wp-block-heading\">Promuovere la diversit\u00e0 all&#8217;interno delle istituzioni di studio canadesi<\/h2>\n\n<p>Oggi gran parte degli studenti stranieri proviene dall&#8217;India e dalla Cina. Tuttavia, il Canada sta vedendo sempre pi\u00f9 studenti arrivare da paesi ad alta crescita, come nel caso del Vietnam. Inoltre, dovresti sapere che le autorit\u00e0 federali stanno cercando di andare ancora oltre in termini di diversit\u00e0. L&#8217;accento sar\u00e0 posto in particolare sui paesi emergenti o su regioni fortemente rappresentate dai giovani, \u00e8 il caso, ad esempio, della Colombia o di alcuni paesi africani.<\/p>\n\n<p>Ma l&#8217;aspetto economico non \u00e8 l&#8217;unico elemento da tenere in considerazione, anzi, secondo Jim Carr, ministro del Commercio internazionale, gli studenti internazionali contribuiscono all&#8217;influenza del Canada a livello internazionale. Secondo lui, &#8220;sperimentano buone istituzioni canadesi&#8221; e agiscono come &#8220;veri ambasciatori del Canada&#8221; quando tornano nei loro paesi di origine. Inoltre, questo dispositivo consente anche di attrarre giovani talenti nel territorio canadese dopo l&#8217;istruzione superiore. \u00c8 anche comune che si stabiliscano permanentemente in Canada e contribuiscano cos\u00ec allo sviluppo dell&#8217;economia nazionale. <br\/><br\/><\/p>\n\n<h2 class=\"wp-block-heading\">Studiare in Canada: richiedere un permesso di studio<\/h2>\n\n<p>Se anche tu sei tentato di andare a studiare all&#8217;estero, il paese di Maple potrebbe fare al caso tuo. Tuttavia, per i tuoi studi universitari, dovrai prima <a href=\"https:\/\/ave-eta-canada.com\/it\/qual-e-la-scadenza-per-ottenere-leta-canada\/\">ottenere un permesso di studio<\/a> , indipendentemente dall&#8217;istituto di studio (Laval University, University of Sherbrooke, University of Ottawa, Hec Montreal, ecc.). Il permesso di studio \u00e8 un documento rilasciato dall&#8217;IRCC (Immigration, Refugees and Citizenship Canada).<\/p>\n\n<p>Prima di richiedere il permesso di studio, assicurati di soddisfare i criteri di idoneit\u00e0 per questo documento per <a href=\"https:\/\/ave-eta-canada.com\/it\/whp-canada-come-ottenere-un-permesso-di-vacanza-di-lavoro\/\">studiare in Canada<\/a> . Pertanto, il futuro studente deve:<\/p>\n\n<ul class=\"wp-block-list\"><li>aver ottenuto l&#8217;ammissione a un istituto di istruzione con sede in Canada ed essere in possesso di una lettera di accettazione; <\/li><li>dimostrare di avere una capacit\u00e0 di autofinanziamento sufficiente per mantenersi durante il primo anno di studi (alloggio, tasse universitarie, ecc.);<\/li><li>avere una fedina penale pulita;<\/li><li>essere in buona salute.<\/li><\/ul>\n\n<p>Per richiedere il permesso di studio \u00e8 sufficiente compilare <a href=\"https:\/\/ave-eta-canada.com\/it\/completa-il-modulo-eta-per-il-canada\/\">un modulo online<\/a> o cartaceo. Per quest&#8217;ultima opzione, il modulo deve essere inviato all&#8217;ufficio di elaborazione dei visti, situato presso l&#8217;Ambasciata o il Consolato Generale del Canada.<\/p>\n","protected":false},"excerpt":{"rendered":"<p>Il governo canadese vuole attirare pi\u00f9 studenti stranieri Gli studenti internazionali rappresentano un interesse economico significativo per l&#8217;economia canadese. Secondo uno studio delle autorit\u00e0 federali, gli studenti stranieri hanno generato 15,5 miliardi di dollari nel 2016. Per questo motivo, l&#8217;amministrazione canadese vuole aumentare il numero di studenti internazionali.Per un soggiorno inferiore a 6 mesi in [&hellip;]<\/p>\n","protected":false},"author":1,"featured_media":0,"parent":0,"menu_order":0,"comment_status":"closed","ping_status":"closed","template":"","meta":{"footnotes":""},"class_list":["post-862","page","type-page","status-publish","hentry"],"yoast_head":"<!-- This site is optimized with the Yoast SEO plugin v26.9 - https:\/\/yoast.com\/product\/yoast-seo-wordpress\/ -->\n<title>Canada: il governo vuole pi\u00f9 studenti stranieri<\/title>\n<meta name=\"description\" content=\"Il governo canadese prevede di accogliere pi\u00f9 studenti internazionali nei prossimi anni. In gioco importanti vantaggi economici.\" \/>\n<meta name=\"robots\" content=\"index, follow, max-snippet:-1, max-image-preview:large, max-video-preview:-1\" \/>\n<link rel=\"canonical\" href=\"https:\/\/ave-eta-canada.com\/it\/canada-il-governo-accoglie-piu-studenti-internazionali\/\" \/>\n<meta property=\"og:locale\" content=\"it_IT\" \/>\n<meta property=\"og:type\" content=\"article\" \/>\n<meta property=\"og:title\" content=\"Canada: il governo vuole pi\u00f9 studenti stranieri\" \/>\n<meta property=\"og:description\" content=\"Il governo canadese prevede di accogliere pi\u00f9 studenti internazionali nei prossimi anni. In gioco importanti vantaggi economici.\" \/>\n<meta property=\"og:url\" content=\"https:\/\/ave-eta-canada.com\/it\/canada-il-governo-accoglie-piu-studenti-internazionali\/\" \/>\n<meta property=\"og:site_name\" content=\"VISTO CANADA\" \/>\n<meta property=\"article:modified_time\" content=\"2022-05-17T15:26:12+00:00\" \/>\n<meta name=\"twitter:card\" content=\"summary_large_image\" \/>\n<meta name=\"twitter:label1\" content=\"Tempo di lettura stimato\" \/>\n\t<meta name=\"twitter:data1\" content=\"3 minuti\" \/>\n<script type=\"application\/ld+json\" class=\"yoast-schema-graph\">{\"@context\":\"https:\/\/schema.org\",\"@graph\":[{\"@type\":\"WebPage\",\"@id\":\"https:\/\/ave-eta-canada.com\/it\/canada-il-governo-accoglie-piu-studenti-internazionali\/\",\"url\":\"https:\/\/ave-eta-canada.com\/it\/canada-il-governo-accoglie-piu-studenti-internazionali\/\",\"name\":\"Canada: il governo vuole pi\u00f9 studenti stranieri\",\"isPartOf\":{\"@id\":\"https:\/\/ave-eta-canada.com\/it\/#website\"},\"datePublished\":\"2020-04-24T15:39:27+00:00\",\"dateModified\":\"2022-05-17T15:26:12+00:00\",\"description\":\"Il governo canadese prevede di accogliere pi\u00f9 studenti internazionali nei prossimi anni. In gioco importanti vantaggi economici.\",\"breadcrumb\":{\"@id\":\"https:\/\/ave-eta-canada.com\/it\/canada-il-governo-accoglie-piu-studenti-internazionali\/#breadcrumb\"},\"inLanguage\":\"it-IT\",\"potentialAction\":[{\"@type\":\"ReadAction\",\"target\":[\"https:\/\/ave-eta-canada.com\/it\/canada-il-governo-accoglie-piu-studenti-internazionali\/\"]}]},{\"@type\":\"BreadcrumbList\",\"@id\":\"https:\/\/ave-eta-canada.com\/it\/canada-il-governo-accoglie-piu-studenti-internazionali\/#breadcrumb\",\"itemListElement\":[{\"@type\":\"ListItem\",\"position\":1,\"name\":\"Home\",\"item\":\"https:\/\/ave-eta-canada.com\/it\/\"},{\"@type\":\"ListItem\",\"position\":2,\"name\":\"Canada: il governo vuole pi\u00f9 studenti stranieri\"}]},{\"@type\":\"WebSite\",\"@id\":\"https:\/\/ave-eta-canada.com\/it\/#website\",\"url\":\"https:\/\/ave-eta-canada.com\/it\/\",\"name\":\"VISTO CANADA\",\"description\":\"Autorisation Voyage Electronique\",\"potentialAction\":[{\"@type\":\"SearchAction\",\"target\":{\"@type\":\"EntryPoint\",\"urlTemplate\":\"https:\/\/ave-eta-canada.com\/it\/?s={search_term_string}\"},\"query-input\":{\"@type\":\"PropertyValueSpecification\",\"valueRequired\":true,\"valueName\":\"search_term_string\"}}],\"inLanguage\":\"it-IT\"}]}<\/script>\n<!-- \/ Yoast SEO plugin. -->","yoast_head_json":{"title":"Canada: il governo vuole pi\u00f9 studenti stranieri","description":"Il governo canadese prevede di accogliere pi\u00f9 studenti internazionali nei prossimi anni. In gioco importanti vantaggi economici.","robots":{"index":"index","follow":"follow","max-snippet":"max-snippet:-1","max-image-preview":"max-image-preview:large","max-video-preview":"max-video-preview:-1"},"canonical":"https:\/\/ave-eta-canada.com\/it\/canada-il-governo-accoglie-piu-studenti-internazionali\/","og_locale":"it_IT","og_type":"article","og_title":"Canada: il governo vuole pi\u00f9 studenti stranieri","og_description":"Il governo canadese prevede di accogliere pi\u00f9 studenti internazionali nei prossimi anni. In gioco importanti vantaggi economici.","og_url":"https:\/\/ave-eta-canada.com\/it\/canada-il-governo-accoglie-piu-studenti-internazionali\/","og_site_name":"VISTO CANADA","article_modified_time":"2022-05-17T15:26:12+00:00","twitter_card":"summary_large_image","twitter_misc":{"Tempo di lettura stimato":"3 minuti"},"schema":{"@context":"https:\/\/schema.org","@graph":[{"@type":"WebPage","@id":"https:\/\/ave-eta-canada.com\/it\/canada-il-governo-accoglie-piu-studenti-internazionali\/","url":"https:\/\/ave-eta-canada.com\/it\/canada-il-governo-accoglie-piu-studenti-internazionali\/","name":"Canada: il governo vuole pi\u00f9 studenti stranieri","isPartOf":{"@id":"https:\/\/ave-eta-canada.com\/it\/#website"},"datePublished":"2020-04-24T15:39:27+00:00","dateModified":"2022-05-17T15:26:12+00:00","description":"Il governo canadese prevede di accogliere pi\u00f9 studenti internazionali nei prossimi anni. In gioco importanti vantaggi economici.","breadcrumb":{"@id":"https:\/\/ave-eta-canada.com\/it\/canada-il-governo-accoglie-piu-studenti-internazionali\/#breadcrumb"},"inLanguage":"it-IT","potentialAction":[{"@type":"ReadAction","target":["https:\/\/ave-eta-canada.com\/it\/canada-il-governo-accoglie-piu-studenti-internazionali\/"]}]},{"@type":"BreadcrumbList","@id":"https:\/\/ave-eta-canada.com\/it\/canada-il-governo-accoglie-piu-studenti-internazionali\/#breadcrumb","itemListElement":[{"@type":"ListItem","position":1,"name":"Home","item":"https:\/\/ave-eta-canada.com\/it\/"},{"@type":"ListItem","position":2,"name":"Canada: il governo vuole pi\u00f9 studenti stranieri"}]},{"@type":"WebSite","@id":"https:\/\/ave-eta-canada.com\/it\/#website","url":"https:\/\/ave-eta-canada.com\/it\/","name":"VISTO CANADA","description":"Autorisation Voyage Electronique","potentialAction":[{"@type":"SearchAction","target":{"@type":"EntryPoint","urlTemplate":"https:\/\/ave-eta-canada.com\/it\/?s={search_term_string}"},"query-input":{"@type":"PropertyValueSpecification","valueRequired":true,"valueName":"search_term_string"}}],"inLanguage":"it-IT"}]}},"_links":{"self":[{"href":"https:\/\/ave-eta-canada.com\/it\/wp-json\/wp\/v2\/pages\/862","targetHints":{"allow":["GET"]}}],"collection":[{"href":"https:\/\/ave-eta-canada.com\/it\/wp-json\/wp\/v2\/pages"}],"about":[{"href":"https:\/\/ave-eta-canada.com\/it\/wp-json\/wp\/v2\/types\/page"}],"author":[{"embeddable":true,"href":"https:\/\/ave-eta-canada.com\/it\/wp-json\/wp\/v2\/users\/1"}],"replies":[{"embeddable":true,"href":"https:\/\/ave-eta-canada.com\/it\/wp-json\/wp\/v2\/comments?post=862"}],"version-history":[{"count":0,"href":"https:\/\/ave-eta-canada.com\/it\/wp-json\/wp\/v2\/pages\/862\/revisions"}],"wp:attachment":[{"href":"https:\/\/ave-eta-canada.com\/it\/wp-json\/wp\/v2\/media?parent=862"}],"curies":[{"name":"wp","href":"https:\/\/api.w.org\/{rel}","templated":true}]}}