{"id":864,"date":"2020-04-24T15:54:28","date_gmt":"2020-04-24T15:54:28","guid":{"rendered":"https:\/\/ave-eta-canada.com\/come-modificare-unautorizzazione-eta-per-il-canada\/"},"modified":"2022-05-17T15:32:10","modified_gmt":"2022-05-17T15:32:10","slug":"come-modificare-unautorizzazione-eta-per-il-canada","status":"publish","type":"page","link":"https:\/\/ave-eta-canada.com\/it\/come-modificare-unautorizzazione-eta-per-il-canada\/","title":{"rendered":"Come modificare un&#8217;autorizzazione eTA per il Canada?"},"content":{"rendered":"\n<h1 class=\"wp-block-heading\">Come posso modificare un&#8217;eTA per viaggiare in Canada?<\/h1>\n\n<p>L&#8217;eTA \u00e8 un&#8217;autorizzazione <a href=\"https:\/\/ave-eta-canada.com\/it\/\">di viaggio elettronica<\/a> , istituita dal governo canadese, che mira a facilitare le procedure amministrative per i viaggiatori che desiderano visitare il Canada. Infatti, grazie al formato digitale dell&#8217;ESTA, il viaggiatore pu\u00f2 completare la propria domanda online e le autorit\u00e0 canadesi possono analizzare la domanda eTA utilizzando sistemi elettronici.<\/p>\n\n<p><strong>Per un soggiorno inferiore a 6 mesi in Canada<\/strong> : Puoi espletare le formalit\u00e0 per entrare in Canada direttamente via Internet cliccando sul <a href=\"https:\/\/ave-eta-canada.com\/it\/modulo-online-eta-canada\/\">modulo online<\/a> . Non \u00e8 necessario ottenere un appuntamento presso l&#8217;ambasciata o il consolato canadese.<\/p>\n\n<br\/>\n\n<p>Quando un viaggiatore ottiene un&#8217;eTA, \u00e8 <a href=\"https:\/\/ave-eta-canada.com\/it\/eta-canada-periodo-di-validita\/\">valida<\/a> per 5 anni. Tuttavia, nel corso degli anni, la situazione personale del viaggiatore si evolve. Pu\u00f2 quindi darsi che alcune informazioni presenti nel documento AVE debbano essere modificate, perch\u00e9 semplicemente non corrispondono pi\u00f9 alla realt\u00e0. In questo caso \u00e8 possibile modificare l&#8217;eTA? In caso negativo, qual \u00e8 la procedura per cambiare eTA?<\/p>\n\n<h2 class=\"wp-block-heading\">Posso modificare l&#8217;eTA se i miei dati personali sono cambiati?<\/h2>\n\n<p>Sfortunatamente no. Se i tuoi dati personali (nome utente, nome, paese, ecc.) cambiano durante la data di validit\u00e0 dell&#8217;eTA (5 anni), devi presentare una nuova richiesta.<\/p>\n\n<p>Solo alcune informazioni (come il numero di telefono o il cognome da nubile) possono essere modificate gratuitamente e senza rinnovare l&#8217;eTA. Per modificare i tuoi dati di contatto sull&#8217;eTA, devi compilare un modulo di richiesta online. Tuttavia, \u00e8 il governo canadese che decider\u00e0 se la richiesta \u00e8 ancora valida o meno.<\/p>\n\n<p>Lo stesso vale per il cambio del passaporto. Se il numero del passaporto utilizzato in precedenza per ottenere l&#8217;eTA non corrisponde pi\u00f9 al numero del passaporto attuale, \u00e8 necessario modificare l&#8217;eTA. Per fare ci\u00f2, dovrai presentare nuovamente domanda per un&#8217;eTA compilando il modulo online una seconda volta e pagando nuovamente le tasse di iscrizione.<\/p>\n\n<p>Le autorit\u00e0 canadesi richiedono che il numero del passaporto inserito nell&#8217;eTA sia lo stesso del passaporto con cui il viaggiatore desidera recarsi in Canada. Come mai ? Perch\u00e9 la tua <a href=\"https:\/\/ave-eta-canada.com\/it\/quando-richiedere-lautorizzazione-eta-per-il-canada\/\">autorizzazione eTA<\/a> sar\u00e0 collegata elettronicamente al passaporto. Quando arrivi sul suolo canadese, la dogana controller\u00e0 la tua eTA scansionando il chip nel tuo passaporto elettronico o biometrico.<br\/><br\/><\/p>\n\n<h2 class=\"wp-block-heading\">Posso modificare l&#8217;eTA dopo aver commesso un errore nella copia dei miei dati?<\/h2>\n\n<p>Se non hai provveduto al pagamento del modulo eTA, puoi sempre modificare gli <a href=\"https:\/\/ave-eta-canada.com\/it\/cosa-fare-in-caso-di-errore-su-eta-canada\/\">errori commessi nell&#8217;eTA.<\/a><\/p>\n\n<p>Tuttavia, se il pagamento eTA \u00e8 gi\u00e0 stato effettuato, purtroppo non puoi tornare indietro.<\/p>\n\n<h3 class=\"wp-block-heading\">Come evitare di dover cambiare eTA?<\/h3>\n\n<p>In primo luogo, \u00e8 essenziale prendersi il tempo necessario per completare il modulo di domanda eTA. Un errore \u00e8 arrivato rapidamente e sarebbe un peccato dover pagare di nuovo le tasse del documento ($ 7 canadesi) e aspettare ancora una volta la risposta dell&#8217;IRCC (Immigration, Refugees and Citizenship).<\/p>\n\n<p>Ti consigliamo di verificare di soddisfare le condizioni richieste per ottenere un&#8217;eTA (viaggio o transito attraverso il Canada in aereo e per un massimo di 6 mesi) e di avere un passaporto valido.<\/p>\n\n<p>Al termine della compilazione, il sito ufficiale del governo canadese ti proporr\u00e0 di verificare l&#8217;eTA e la completezza delle risposte che gli hai portato. Non perdere questo passaggio decisivo, perch\u00e9 potrebbe essere questo passaggio che ti consentir\u00e0 di rilevare errori di copia.<\/p>\n\n<p>Se desideri supporto nella compilazione del modulo online, il sito privato del nostro partner offre un aiuto personalizzato per la compilazione e la correzione del modulo prima dell&#8217;invio.<br\/><br\/><\/p>\n\n<h2 class=\"wp-block-heading\">Come modificare l&#8217;eTA dopo aver ottenuto un rifiuto?<\/h2>\n\n<p>Se hai ricevuto una <a href=\"https:\/\/ave-eta-canada.com\/it\/tutto-sulle-condizioni-eta-per-viaggiare-in-canada\/\">domanda eTA rifiutata<\/a>, significa che non sei autorizzato a viaggiare in Canada e che quindi non sei autorizzato a modificare la tua eTA.<\/p>\n\n<p>Tuttavia, non essere in grado di modificare la tua eTA non significa che non sarai mai in grado di scoprire il Canada. In effetti, la maggior parte dei viaggiatori ha bisogno di un visto canadese o di un&#8217;autorizzazione di viaggio eTA per viaggiare sul suolo canadese in aereo.<\/p>\n\n<p>Per le persone che non hanno accesso all&#8217;eTA, \u00e8 sufficiente richiedere un visto canadese ai servizi consolari dell&#8217;ambasciata o del consolato canadese.<\/p>\n\n<p>Per ottenere un visto, assicurati di soddisfare queste condizioni:<\/p>\n\n<ul class=\"wp-block-list\"><li>possedere un passaporto valido;<\/li><li>non essere portatore di alcuna malattia;<\/li><li>non essere stati colpevoli di attivit\u00e0 criminali o reati di immigrazione;<\/li><li>dimostrare all&#8217;ufficiale consolare che il motivo del tuo viaggio non \u00e8 quello di stabilirti illegalmente e che lascerai il Canada alla fine del tuo soggiorno.<\/li><\/ul>\n","protected":false},"excerpt":{"rendered":"<p>Come posso modificare un&#8217;eTA per viaggiare in Canada? L&#8217;eTA \u00e8 un&#8217;autorizzazione di viaggio elettronica , istituita dal governo canadese, che mira a facilitare le procedure amministrative per i viaggiatori che desiderano visitare il Canada. Infatti, grazie al formato digitale dell&#8217;ESTA, il viaggiatore pu\u00f2 completare la propria domanda online e le autorit\u00e0 canadesi possono analizzare la [&hellip;]<\/p>\n","protected":false},"author":1,"featured_media":0,"parent":0,"menu_order":0,"comment_status":"closed","ping_status":"closed","template":"","meta":{"footnotes":""},"class_list":["post-864","page","type-page","status-publish","hentry"],"yoast_head":"<!-- This site is optimized with the Yoast SEO plugin v26.9 - https:\/\/yoast.com\/product\/yoast-seo-wordpress\/ -->\n<title>Come modificare un&#039;autorizzazione eTA per il Canada?<\/title>\n<meta name=\"description\" content=\"Vuoi aggiornare le informazioni sulla tua autorizzazione al viaggio in Canada? In questo articolo, scopri come modificare un&#039;eTA\" \/>\n<meta name=\"robots\" content=\"index, follow, max-snippet:-1, max-image-preview:large, max-video-preview:-1\" \/>\n<link rel=\"canonical\" href=\"https:\/\/ave-eta-canada.com\/it\/come-modificare-unautorizzazione-eta-per-il-canada\/\" \/>\n<meta property=\"og:locale\" content=\"it_IT\" \/>\n<meta property=\"og:type\" content=\"article\" \/>\n<meta property=\"og:title\" content=\"Come modificare un&#039;autorizzazione eTA per il Canada?\" \/>\n<meta property=\"og:description\" content=\"Vuoi aggiornare le informazioni sulla tua autorizzazione al viaggio in Canada? In questo articolo, scopri come modificare un&#039;eTA\" \/>\n<meta property=\"og:url\" content=\"https:\/\/ave-eta-canada.com\/it\/come-modificare-unautorizzazione-eta-per-il-canada\/\" \/>\n<meta property=\"og:site_name\" content=\"VISTO CANADA\" \/>\n<meta property=\"article:modified_time\" content=\"2022-05-17T15:32:10+00:00\" \/>\n<meta name=\"twitter:card\" content=\"summary_large_image\" \/>\n<meta name=\"twitter:label1\" content=\"Tempo di lettura stimato\" \/>\n\t<meta name=\"twitter:data1\" content=\"3 minuti\" \/>\n<script type=\"application\/ld+json\" class=\"yoast-schema-graph\">{\"@context\":\"https:\/\/schema.org\",\"@graph\":[{\"@type\":\"WebPage\",\"@id\":\"https:\/\/ave-eta-canada.com\/it\/come-modificare-unautorizzazione-eta-per-il-canada\/\",\"url\":\"https:\/\/ave-eta-canada.com\/it\/come-modificare-unautorizzazione-eta-per-il-canada\/\",\"name\":\"Come modificare un'autorizzazione eTA per il Canada?\",\"isPartOf\":{\"@id\":\"https:\/\/ave-eta-canada.com\/it\/#website\"},\"datePublished\":\"2020-04-24T15:54:28+00:00\",\"dateModified\":\"2022-05-17T15:32:10+00:00\",\"description\":\"Vuoi aggiornare le informazioni sulla tua autorizzazione al viaggio in Canada? In questo articolo, scopri come modificare un'eTA\",\"breadcrumb\":{\"@id\":\"https:\/\/ave-eta-canada.com\/it\/come-modificare-unautorizzazione-eta-per-il-canada\/#breadcrumb\"},\"inLanguage\":\"it-IT\",\"potentialAction\":[{\"@type\":\"ReadAction\",\"target\":[\"https:\/\/ave-eta-canada.com\/it\/come-modificare-unautorizzazione-eta-per-il-canada\/\"]}]},{\"@type\":\"BreadcrumbList\",\"@id\":\"https:\/\/ave-eta-canada.com\/it\/come-modificare-unautorizzazione-eta-per-il-canada\/#breadcrumb\",\"itemListElement\":[{\"@type\":\"ListItem\",\"position\":1,\"name\":\"Home\",\"item\":\"https:\/\/ave-eta-canada.com\/it\/\"},{\"@type\":\"ListItem\",\"position\":2,\"name\":\"Come modificare un&#8217;autorizzazione eTA per il Canada?\"}]},{\"@type\":\"WebSite\",\"@id\":\"https:\/\/ave-eta-canada.com\/it\/#website\",\"url\":\"https:\/\/ave-eta-canada.com\/it\/\",\"name\":\"VISTO CANADA\",\"description\":\"Autorisation Voyage Electronique\",\"potentialAction\":[{\"@type\":\"SearchAction\",\"target\":{\"@type\":\"EntryPoint\",\"urlTemplate\":\"https:\/\/ave-eta-canada.com\/it\/?s={search_term_string}\"},\"query-input\":{\"@type\":\"PropertyValueSpecification\",\"valueRequired\":true,\"valueName\":\"search_term_string\"}}],\"inLanguage\":\"it-IT\"}]}<\/script>\n<!-- \/ Yoast SEO plugin. -->","yoast_head_json":{"title":"Come modificare un'autorizzazione eTA per il Canada?","description":"Vuoi aggiornare le informazioni sulla tua autorizzazione al viaggio in Canada? In questo articolo, scopri come modificare un'eTA","robots":{"index":"index","follow":"follow","max-snippet":"max-snippet:-1","max-image-preview":"max-image-preview:large","max-video-preview":"max-video-preview:-1"},"canonical":"https:\/\/ave-eta-canada.com\/it\/come-modificare-unautorizzazione-eta-per-il-canada\/","og_locale":"it_IT","og_type":"article","og_title":"Come modificare un'autorizzazione eTA per il Canada?","og_description":"Vuoi aggiornare le informazioni sulla tua autorizzazione al viaggio in Canada? In questo articolo, scopri come modificare un'eTA","og_url":"https:\/\/ave-eta-canada.com\/it\/come-modificare-unautorizzazione-eta-per-il-canada\/","og_site_name":"VISTO CANADA","article_modified_time":"2022-05-17T15:32:10+00:00","twitter_card":"summary_large_image","twitter_misc":{"Tempo di lettura stimato":"3 minuti"},"schema":{"@context":"https:\/\/schema.org","@graph":[{"@type":"WebPage","@id":"https:\/\/ave-eta-canada.com\/it\/come-modificare-unautorizzazione-eta-per-il-canada\/","url":"https:\/\/ave-eta-canada.com\/it\/come-modificare-unautorizzazione-eta-per-il-canada\/","name":"Come modificare un'autorizzazione eTA per il Canada?","isPartOf":{"@id":"https:\/\/ave-eta-canada.com\/it\/#website"},"datePublished":"2020-04-24T15:54:28+00:00","dateModified":"2022-05-17T15:32:10+00:00","description":"Vuoi aggiornare le informazioni sulla tua autorizzazione al viaggio in Canada? In questo articolo, scopri come modificare un'eTA","breadcrumb":{"@id":"https:\/\/ave-eta-canada.com\/it\/come-modificare-unautorizzazione-eta-per-il-canada\/#breadcrumb"},"inLanguage":"it-IT","potentialAction":[{"@type":"ReadAction","target":["https:\/\/ave-eta-canada.com\/it\/come-modificare-unautorizzazione-eta-per-il-canada\/"]}]},{"@type":"BreadcrumbList","@id":"https:\/\/ave-eta-canada.com\/it\/come-modificare-unautorizzazione-eta-per-il-canada\/#breadcrumb","itemListElement":[{"@type":"ListItem","position":1,"name":"Home","item":"https:\/\/ave-eta-canada.com\/it\/"},{"@type":"ListItem","position":2,"name":"Come modificare un&#8217;autorizzazione eTA per il Canada?"}]},{"@type":"WebSite","@id":"https:\/\/ave-eta-canada.com\/it\/#website","url":"https:\/\/ave-eta-canada.com\/it\/","name":"VISTO CANADA","description":"Autorisation Voyage Electronique","potentialAction":[{"@type":"SearchAction","target":{"@type":"EntryPoint","urlTemplate":"https:\/\/ave-eta-canada.com\/it\/?s={search_term_string}"},"query-input":{"@type":"PropertyValueSpecification","valueRequired":true,"valueName":"search_term_string"}}],"inLanguage":"it-IT"}]}},"_links":{"self":[{"href":"https:\/\/ave-eta-canada.com\/it\/wp-json\/wp\/v2\/pages\/864","targetHints":{"allow":["GET"]}}],"collection":[{"href":"https:\/\/ave-eta-canada.com\/it\/wp-json\/wp\/v2\/pages"}],"about":[{"href":"https:\/\/ave-eta-canada.com\/it\/wp-json\/wp\/v2\/types\/page"}],"author":[{"embeddable":true,"href":"https:\/\/ave-eta-canada.com\/it\/wp-json\/wp\/v2\/users\/1"}],"replies":[{"embeddable":true,"href":"https:\/\/ave-eta-canada.com\/it\/wp-json\/wp\/v2\/comments?post=864"}],"version-history":[{"count":0,"href":"https:\/\/ave-eta-canada.com\/it\/wp-json\/wp\/v2\/pages\/864\/revisions"}],"wp:attachment":[{"href":"https:\/\/ave-eta-canada.com\/it\/wp-json\/wp\/v2\/media?parent=864"}],"curies":[{"name":"wp","href":"https:\/\/api.w.org\/{rel}","templated":true}]}}