{"id":866,"date":"2020-04-24T16:03:53","date_gmt":"2020-04-24T16:03:53","guid":{"rendered":"https:\/\/ave-eta-canada.com\/come-completare-un-eta-per-viaggiare-in-canada\/"},"modified":"2022-05-17T15:36:13","modified_gmt":"2022-05-17T15:36:13","slug":"come-completare-un-eta-per-viaggiare-in-canada","status":"publish","type":"page","link":"https:\/\/ave-eta-canada.com\/it\/come-completare-un-eta-per-viaggiare-in-canada\/","title":{"rendered":"Come completare un&#8217;eTA per viaggiare in Canada"},"content":{"rendered":"\n<h1 class=\"wp-block-heading\">Come completare un&#8217;eTA per il Canada<\/h1>\n\n<p>L&#8217; <a href=\"https:\/\/ave-eta-canada.com\/it\/\">autorizzazione elettronica al viaggio<\/a> (eTA) consente ai cittadini dei paesi del programma canadese di esenzione dal visto di viaggiare in Canada in aereo, evitando procedure macchinose. Poich\u00e9 l&#8217;autorizzazione \u00e8 elettronica, \u00e8 collegata al passaporto del viaggiatore.<\/p>\n\n<p><strong>Per un soggiorno inferiore a 6 mesi in Canada<\/strong> : Puoi espletare le formalit\u00e0 per entrare in Canada direttamente via Internet cliccando sul <a href=\"https:\/\/ave-eta-canada.com\/it\/modulo-online-eta-canada\/\">modulo online<\/a> . Non \u00e8 necessario ottenere un appuntamento presso l&#8217;ambasciata o il consolato canadese.<br\/><br\/><\/p>\n\n<h2 class=\"wp-block-heading\">Perch\u00e9 devo completare un&#8217;eTA per il Canada?<\/h2>\n\n<p>In passato, per andare l\u00ec era obbligatorio richiedere un visto per il Canada. D&#8217;ora in poi \u00e8 possibile evitare questi tanti passaggi, basta <a href=\"https:\/\/ave-eta-canada.com\/it\/come-completare-un-eta-per-viaggiare-in-canada\/\">completare un&#8217;eTA<\/a> per ricevere l&#8217;autorizzazione a soggiornare in Canada, detta anche<a href=\"https:\/\/ave-eta-canada.com\/it\/che-cose-eta-canada\/\"> eTA (Autorizzazione Elettronica al Viaggio).<\/a> Se hai mai viaggiato negli Stati Uniti d&#8217;America, conosci sicuramente l&#8217;ESTA (Electronic System for Travel Authorization), che ha ispirato la creazione dell&#8217;eTA. Prima di sapere come completare un&#8217;eTA per viaggiare in Canada, \u00e8 importante scoprire se sei idoneo e qual \u00e8 il suo ruolo.<\/p>\n\n<h3 class=\"wp-block-heading\">L&#8217;eTA \u00e8 accessibile a tutti?<\/h3>\n\n<p>Come l&#8217;autorizzazione ESTA per gli USA, i cittadini stranieri devono soddisfare determinate condizioni per poter beneficiare dell&#8217;eTA per recarsi in Canada.<\/p>\n\n<p>Ecco i diversi criteri di ammissibilit\u00e0:<\/p>\n\n<ul class=\"wp-block-list\"><li>il viaggiatore deve essere cittadino di uno dei paesi canadesi esenti dal visto;<\/li><li>il viaggio \u00e8 in aereo;<\/li><li>il soggiorno in Canada non supera i sei mesi concessi dal governo canadese;<\/li><li>il viaggiatore non deve venire per lavoro o studio, l&#8217;autorizzazione consente solo di visitare il Canada o di effettuare un transito;<\/li><li>il viaggiatore deve essere munito di passaporto biometrico o elettronico (passaporto in corso di validit\u00e0, attenzione alla data di scadenza).<\/li><\/ul>\n\n<p>Se non soddisfi tutti <a href=\"https:\/\/ave-eta-canada.com\/it\/tutto-sulle-condizioni-eta-per-viaggiare-in-canada\/\">i requisiti per l&#8217;eTA<\/a> , non puoi completare il modulo. In questa situazione, \u00e8 necessario richiedere un visto presso l&#8217;ambasciata canadese pi\u00f9 vicina.<\/p>\n\n<h3 class=\"wp-block-heading\">Cosa ti permette di fare?<\/h3>\n\n<p>L&#8217;eTA non agisce allo stesso modo di un visto. Pertanto, l&#8217;autorizzazione ti consente di salire a bordo dell&#8217;aereo diretto al Canada, ma solo lo spedizioniere doganale ha il potere di farti entrare in suolo canadese. La fase di verifica effettuata dall&#8217;ufficiale doganale \u00e8 determinante per il tuo ingresso nel territorio canadese. Dopo aver autorizzato i servizi di frontiera, sei autorizzato a rimanere in Canada per un massimo di sei mesi.<br\/><br\/><\/p>\n\n<h2 class=\"wp-block-heading\">Completa l&#8217;eTA online<\/h2>\n\n<p>Ora che conosci l&#8217;utilit\u00e0 dell&#8217;autorizzazione e che ti sei reso conto di essere idoneo, tutto ci\u00f2 che devi fare \u00e8 sapere come completare l&#8217;eTA per ricevere la tua autorizzazione il prima possibile. Il questionario eTA si basa sullo stesso modello del modulo ESTA. Il viaggiatore pu\u00f2 scegliere di completare un&#8217;eTA, poich\u00e9 ci\u00f2 \u00e8 possibile sul sito del governo canadese, ma anche su un sito privato specializzato in questa richiesta di autorizzazione. Il prezzo della richiesta online varia a seconda della scelta del sito di ordinazione.<\/p>\n\n<h3 class=\"wp-block-heading\">Completa l&#8217;eTA su un sito specializzato<\/h3>\n\n<p>Puoi completare l&#8217;eTA su un sito privato, come quello del nostro partner, devi avere il tuo passaporto e una carta di pagamento. Nella compilazione del form online ti verranno chieste solo alcune informazioni, perch\u00e9 a tutto il resto penser\u00e0 un nostro collaboratore. Un team \u00e8 responsabile di controllare attentamente tutte le tue informazioni personali prima di trasmetterle alle autorit\u00e0. Il <a href=\"https:\/\/ave-eta-canada.com\/it\/completa-il-modulo-eta-per-il-canada\/\">modulo eTA<\/a> \u00e8 composto dai seguenti campi:<\/p>\n\n<ul class=\"wp-block-list\"><li>il numero di richieste;<\/li><li>il tipo di passaporto utilizzato;<\/li><li>numero di passaporto;<\/li><li>il paese di cittadinanza indicato sul documento di identit\u00e0;<\/li><li>nome di battesimo ;<\/li><li>il cognome;<\/li><li>e un indirizzo email valido.<\/li><\/ul>\n\n<p>Devi pagare la quota di iscrizione per convalidare la tua richiesta. Non dimenticare di rivedere le tue informazioni prima di questo passaggio, in particolare il numero di passaporto.<\/p>\n\n<h3 class=\"wp-block-heading\">Completa l&#8217;eTA sul sito web ufficiale del governo canadese<\/h3>\n\n<p>Per richiedere un&#8217;eTA sul sito del governo canadese, devi avere una carta di credito, il tuo passaporto e il tuo indirizzo email.<\/p>\n\n<p>Vai al sito ufficiale, l&#8217;applicazione AVE \u00e8 suddivisa in pi\u00f9 parti. Il modulo eTA inizia con i dati anagrafici del richiedente (cognome, nome, indirizzo postale, numero di telefono, indirizzo email, ecc.), quindi \u00e8 necessario specificare il tipo di passaporto utilizzato, il paese di rilascio, la nazionalit\u00e0 nonch\u00e9 il numero .passaporto\u2026 Verranno inoltre richieste ulteriori informazioni sulla tua situazione professionale, i tuoi recapiti e il tuo viaggio. Per completare l&#8217;eTA, tutto ci\u00f2 che devi fare \u00e8 rispondere ad alcune domande sulla tua storia medica e legale, quindi spuntare la casella del consenso e convalidare l&#8217;invio del file pagando le tasse.<br\/><br\/><\/p>\n\n<h2 class=\"wp-block-heading\">Cosa succede dopo aver completato una domanda eTA?<\/h2>\n\n<p>Potresti ricevere il reso dalle autorit\u00e0 canadesi molto rapidamente! In effetti, alcuni viaggiatori ricevono un reso dopo solo pochi minuti, ma potrebbe anche richiedere pi\u00f9 tempo, a volte alcuni giorni. Riceverai una e-mail contenente il numero eTA che ti permetter\u00e0 di <a href=\"https:\/\/ave-eta-canada.com\/it\/come-verificare-lo-stato-della-richiesta-di-eta-canada\/\">verificarne lo eTA stato<\/a> in seguito.<\/p>\n\n<p>La tua eTA \u00e8 valida per cinque anni, il che significa che puoi viaggiare in Canada pi\u00f9 volte, senza mai superare i sei mesi sul territorio canadese. Tutte le province del Canada sono aperte a te: Quebec, Ontario, Aberta, British Columbia, ecc.<\/p>\n\n<p>Questa regola di cinque anni si applica solo se hai ancora lo stesso passaporto di quando hai richiesto l&#8217;eTA. In caso contrario, \u00e8 necessario rinnovare l&#8217;eTA.<\/p>\n\n<p>Buono a sapersi: se la tua richiesta eTA \u00e8 stata rifiutata, potresti aver commesso un errore nel modulo, puoi inviare una nuova richiesta. In caso contrario, sar\u00e0 inevitabile ottenere il visto dai servizi consolari.<\/p>\n","protected":false},"excerpt":{"rendered":"<p>Come completare un&#8217;eTA per il Canada L&#8217; autorizzazione elettronica al viaggio (eTA) consente ai cittadini dei paesi del programma canadese di esenzione dal visto di viaggiare in Canada in aereo, evitando procedure macchinose. Poich\u00e9 l&#8217;autorizzazione \u00e8 elettronica, \u00e8 collegata al passaporto del viaggiatore. Per un soggiorno inferiore a 6 mesi in Canada : Puoi espletare [&hellip;]<\/p>\n","protected":false},"author":1,"featured_media":0,"parent":0,"menu_order":0,"comment_status":"closed","ping_status":"closed","template":"","meta":{"footnotes":""},"class_list":["post-866","page","type-page","status-publish","hentry"],"yoast_head":"<!-- This site is optimized with the Yoast SEO plugin v26.9 - https:\/\/yoast.com\/product\/yoast-seo-wordpress\/ -->\n<title>Come completare un&#039;eTA per viaggiare in Canada<\/title>\n<meta name=\"description\" content=\"Il tuo prossimo viaggio sar\u00e0 in Canada? Per poter effettuare questo soggiorno, \u00e8 necessario completare un AVE. Scopri come in questo articolo.\" \/>\n<meta name=\"robots\" content=\"index, follow, max-snippet:-1, max-image-preview:large, max-video-preview:-1\" \/>\n<link rel=\"canonical\" href=\"https:\/\/ave-eta-canada.com\/it\/come-completare-un-eta-per-viaggiare-in-canada\/\" \/>\n<meta property=\"og:locale\" content=\"it_IT\" \/>\n<meta property=\"og:type\" content=\"article\" \/>\n<meta property=\"og:title\" content=\"Come completare un&#039;eTA per viaggiare in Canada\" \/>\n<meta property=\"og:description\" content=\"Il tuo prossimo viaggio sar\u00e0 in Canada? Per poter effettuare questo soggiorno, \u00e8 necessario completare un AVE. Scopri come in questo articolo.\" \/>\n<meta property=\"og:url\" content=\"https:\/\/ave-eta-canada.com\/it\/come-completare-un-eta-per-viaggiare-in-canada\/\" \/>\n<meta property=\"og:site_name\" content=\"VISTO CANADA\" \/>\n<meta property=\"article:modified_time\" content=\"2022-05-17T15:36:13+00:00\" \/>\n<meta name=\"twitter:card\" content=\"summary_large_image\" \/>\n<meta name=\"twitter:label1\" content=\"Tempo di lettura stimato\" \/>\n\t<meta name=\"twitter:data1\" content=\"4 minuti\" \/>\n<script type=\"application\/ld+json\" class=\"yoast-schema-graph\">{\"@context\":\"https:\/\/schema.org\",\"@graph\":[{\"@type\":\"WebPage\",\"@id\":\"https:\/\/ave-eta-canada.com\/it\/come-completare-un-eta-per-viaggiare-in-canada\/\",\"url\":\"https:\/\/ave-eta-canada.com\/it\/come-completare-un-eta-per-viaggiare-in-canada\/\",\"name\":\"Come completare un'eTA per viaggiare in Canada\",\"isPartOf\":{\"@id\":\"https:\/\/ave-eta-canada.com\/it\/#website\"},\"datePublished\":\"2020-04-24T16:03:53+00:00\",\"dateModified\":\"2022-05-17T15:36:13+00:00\",\"description\":\"Il tuo prossimo viaggio sar\u00e0 in Canada? Per poter effettuare questo soggiorno, \u00e8 necessario completare un AVE. Scopri come in questo articolo.\",\"breadcrumb\":{\"@id\":\"https:\/\/ave-eta-canada.com\/it\/come-completare-un-eta-per-viaggiare-in-canada\/#breadcrumb\"},\"inLanguage\":\"it-IT\",\"potentialAction\":[{\"@type\":\"ReadAction\",\"target\":[\"https:\/\/ave-eta-canada.com\/it\/come-completare-un-eta-per-viaggiare-in-canada\/\"]}]},{\"@type\":\"BreadcrumbList\",\"@id\":\"https:\/\/ave-eta-canada.com\/it\/come-completare-un-eta-per-viaggiare-in-canada\/#breadcrumb\",\"itemListElement\":[{\"@type\":\"ListItem\",\"position\":1,\"name\":\"Home\",\"item\":\"https:\/\/ave-eta-canada.com\/it\/\"},{\"@type\":\"ListItem\",\"position\":2,\"name\":\"Come completare un&#8217;eTA per viaggiare in Canada\"}]},{\"@type\":\"WebSite\",\"@id\":\"https:\/\/ave-eta-canada.com\/it\/#website\",\"url\":\"https:\/\/ave-eta-canada.com\/it\/\",\"name\":\"VISTO CANADA\",\"description\":\"Autorisation Voyage Electronique\",\"potentialAction\":[{\"@type\":\"SearchAction\",\"target\":{\"@type\":\"EntryPoint\",\"urlTemplate\":\"https:\/\/ave-eta-canada.com\/it\/?s={search_term_string}\"},\"query-input\":{\"@type\":\"PropertyValueSpecification\",\"valueRequired\":true,\"valueName\":\"search_term_string\"}}],\"inLanguage\":\"it-IT\"}]}<\/script>\n<!-- \/ Yoast SEO plugin. -->","yoast_head_json":{"title":"Come completare un'eTA per viaggiare in Canada","description":"Il tuo prossimo viaggio sar\u00e0 in Canada? Per poter effettuare questo soggiorno, \u00e8 necessario completare un AVE. Scopri come in questo articolo.","robots":{"index":"index","follow":"follow","max-snippet":"max-snippet:-1","max-image-preview":"max-image-preview:large","max-video-preview":"max-video-preview:-1"},"canonical":"https:\/\/ave-eta-canada.com\/it\/come-completare-un-eta-per-viaggiare-in-canada\/","og_locale":"it_IT","og_type":"article","og_title":"Come completare un'eTA per viaggiare in Canada","og_description":"Il tuo prossimo viaggio sar\u00e0 in Canada? Per poter effettuare questo soggiorno, \u00e8 necessario completare un AVE. Scopri come in questo articolo.","og_url":"https:\/\/ave-eta-canada.com\/it\/come-completare-un-eta-per-viaggiare-in-canada\/","og_site_name":"VISTO CANADA","article_modified_time":"2022-05-17T15:36:13+00:00","twitter_card":"summary_large_image","twitter_misc":{"Tempo di lettura stimato":"4 minuti"},"schema":{"@context":"https:\/\/schema.org","@graph":[{"@type":"WebPage","@id":"https:\/\/ave-eta-canada.com\/it\/come-completare-un-eta-per-viaggiare-in-canada\/","url":"https:\/\/ave-eta-canada.com\/it\/come-completare-un-eta-per-viaggiare-in-canada\/","name":"Come completare un'eTA per viaggiare in Canada","isPartOf":{"@id":"https:\/\/ave-eta-canada.com\/it\/#website"},"datePublished":"2020-04-24T16:03:53+00:00","dateModified":"2022-05-17T15:36:13+00:00","description":"Il tuo prossimo viaggio sar\u00e0 in Canada? Per poter effettuare questo soggiorno, \u00e8 necessario completare un AVE. Scopri come in questo articolo.","breadcrumb":{"@id":"https:\/\/ave-eta-canada.com\/it\/come-completare-un-eta-per-viaggiare-in-canada\/#breadcrumb"},"inLanguage":"it-IT","potentialAction":[{"@type":"ReadAction","target":["https:\/\/ave-eta-canada.com\/it\/come-completare-un-eta-per-viaggiare-in-canada\/"]}]},{"@type":"BreadcrumbList","@id":"https:\/\/ave-eta-canada.com\/it\/come-completare-un-eta-per-viaggiare-in-canada\/#breadcrumb","itemListElement":[{"@type":"ListItem","position":1,"name":"Home","item":"https:\/\/ave-eta-canada.com\/it\/"},{"@type":"ListItem","position":2,"name":"Come completare un&#8217;eTA per viaggiare in Canada"}]},{"@type":"WebSite","@id":"https:\/\/ave-eta-canada.com\/it\/#website","url":"https:\/\/ave-eta-canada.com\/it\/","name":"VISTO CANADA","description":"Autorisation Voyage Electronique","potentialAction":[{"@type":"SearchAction","target":{"@type":"EntryPoint","urlTemplate":"https:\/\/ave-eta-canada.com\/it\/?s={search_term_string}"},"query-input":{"@type":"PropertyValueSpecification","valueRequired":true,"valueName":"search_term_string"}}],"inLanguage":"it-IT"}]}},"_links":{"self":[{"href":"https:\/\/ave-eta-canada.com\/it\/wp-json\/wp\/v2\/pages\/866","targetHints":{"allow":["GET"]}}],"collection":[{"href":"https:\/\/ave-eta-canada.com\/it\/wp-json\/wp\/v2\/pages"}],"about":[{"href":"https:\/\/ave-eta-canada.com\/it\/wp-json\/wp\/v2\/types\/page"}],"author":[{"embeddable":true,"href":"https:\/\/ave-eta-canada.com\/it\/wp-json\/wp\/v2\/users\/1"}],"replies":[{"embeddable":true,"href":"https:\/\/ave-eta-canada.com\/it\/wp-json\/wp\/v2\/comments?post=866"}],"version-history":[{"count":0,"href":"https:\/\/ave-eta-canada.com\/it\/wp-json\/wp\/v2\/pages\/866\/revisions"}],"wp:attachment":[{"href":"https:\/\/ave-eta-canada.com\/it\/wp-json\/wp\/v2\/media?parent=866"}],"curies":[{"name":"wp","href":"https:\/\/api.w.org\/{rel}","templated":true}]}}