{"id":868,"date":"2020-04-24T20:23:42","date_gmt":"2020-04-24T20:23:42","guid":{"rendered":"https:\/\/ave-eta-canada.com\/come-trovare-un-eta\/"},"modified":"2022-05-17T15:38:39","modified_gmt":"2022-05-17T15:38:39","slug":"come-trovare-un-eta","status":"publish","type":"page","link":"https:\/\/ave-eta-canada.com\/it\/come-trovare-un-eta\/","title":{"rendered":"Come trovare un eTA?"},"content":{"rendered":"\n<h1 class=\"wp-block-heading\">Procedura per trovare la tua eTA Canada<\/h1>\n\n<p>Il Canada, i suoi paesaggi sontuosi, il suo sciroppo d&#8217;acero e le sue affascinanti citt\u00e0 attirano molti turisti ogni anno. <\/p>\n\n<p><strong>Per un soggiorno inferiore a 6 mesi in Canada<\/strong> : Puoi espletare le formalit\u00e0 per entrare in Canada direttamente via Internet cliccando sul <a href=\"https:\/\/ave-eta-canada.com\/it\/modulo-online-eta-canada\/\">modulo online<\/a> . Non \u00e8 necessario ottenere un appuntamento presso l&#8217;ambasciata o il consolato canadese.<\/p>\n\n<p>Se hai intenzione di andare in Canada, ti spieghiamo <a href=\"https:\/\/ave-eta-canada.com\/it\/fai-una-domanda-ufficiale-di-eta-canada\/\">come richiedere un&#8217;eTA.<\/a> Se hai richiesto un&#8217;eTA, ma non sai come trovarla, ti presenteremo rapidamente questa autorizzazione di viaggio elettronica prima di spiegarti come trovarla.<\/p>\n\n<h2 class=\"wp-block-heading\">Che cos&#8217;\u00e8 l&#8217;Autorizzazione al Viaggio eTA?<\/h2>\n\n<p>Prima di poter trovare la tua eTA, \u00e8 importante sapere di cosa si tratta e soprattutto capire come funziona.<\/p>\n\n<p><a href=\"https:\/\/ave-eta-canada.com\/it\/\">L&#8217;autorizzazione elettronica al viaggio eTA<\/a> \u00e8 obbligatoria per poter viaggiare in Canada per un massimo di 6 mesi o per il transito prima di una destinazione finale. I cittadini di alcuni paesi, tra cui la Italia, sono esenti dall&#8217;obbligo del visto e possono quindi richiedere l&#8217;eTA a condizione che abbiano un passaporto valido. Si noti che la domanda di visto \u00e8 molto pi\u00f9 complicata della domanda eTA.<\/p>\n\n<p><a href=\"https:\/\/ave-eta-canada.com\/it\/validita-eta-canada\/\">Il periodo di validit\u00e0 dell&#8217;eTA<\/a> \u00e8 di cinque anni, il che consente ai viaggiatori di effettuare pi\u00f9 soggiorni sul territorio canadese a meno che il passaporto collegato alla domanda non sia pi\u00f9 valido. In questo caso, \u00e8 necessario rinnovare il passaporto e presentare una nuova domanda eTA.<\/p>\n\n<p>Non c&#8217;\u00e8 bisogno di andare al consolato o all&#8217;ambasciata per richiedere un&#8217;eTA. \u00c8 del tutto possibile <a href=\"https:\/\/ave-eta-canada.com\/it\/quando-richiedere-lautorizzazione-eta-per-il-canada\/\">richiedere un&#8217;eTA<\/a> sul sito Web ufficiale del governo canadese, tutto ci\u00f2 che devi fare \u00e8 compilare il modulo. Tuttavia, se desideri essere assistito in questo processo, alcuni siti privati come il nostro partner si offrono di svolgere questo compito per te.<\/p>\n\n<p>Qualunque sia la modalit\u00e0 dell&#8217;ordine, riceverai una conferma di ricezione, o addirittura l&#8217;accordo, entro pochi minuti. Tuttavia, il controllo potrebbe richiedere pi\u00f9 tempo, ma normalmente non richieder\u00e0 pi\u00f9 di alcuni giorni.<\/p>\n\n<p>Buono a sapersi: l&#8217;eTA ti permette di viaggiare in Canada, tuttavia \u00e8 solo un pass che ti permette di raggiungere il suolo canadese, dovrai comunque passare la dogana prima di partire per goderti appieno il tuo soggiorno.<\/p>\n\n<p>Hai richiesto un&#8217;eTA <a href=\"https:\/\/ave-eta-canada.com\/it\/come-completare-un-eta-per-viaggiare-in-canada\/\">compilando il modulo online<\/a> messo a disposizione sul sito ufficiale o su una piattaforma privata e non la trovi pi\u00f9? Ti spieghiamo come procedere per recuperare la tua eTA nel prossimo paragrafo!<br\/><br\/><\/p>\n\n<h2 class=\"wp-block-heading\">Procedura per trovare la tua eTA<\/h2>\n\n<p>Non ti verr\u00e0 chiesto il documento eTA dagli agenti in aeroporto. In effetti, la tua autorizzazione \u00e8 semplicemente collegata al numero del tuo passaporto e viene registrata dai sistemi elettronici. Tutto quello che devi fare \u00e8 presentare il tuo passaporto valido al momento del check-in prima di volare in Canada e quando passi la dogana.<\/p>\n\n<p>Tuttavia, se si desidera verificare prima della partenza di aver ricevuto l&#8217;autorizzazione, \u00e8 possibile consultarne lo stato online. Sia che tu abbia ordinato la tua eTA sulla piattaforma del nostro partner o sul sito web del governo del Canada, la procedura per trovarla rimane la stessa. Per fare ci\u00f2, \u00e8 necessario visitare il sito Web ufficiale. Una pagina \u00e8 dedicata al controllo dello stato dell&#8217;autorizzazione al viaggio elettronica che consentir\u00e0 di recuperare l&#8217;eTA. Nota che questa stessa pagina ti consente di <a href=\"https:\/\/ave-eta-canada.com\/it\/come-verificare-lo-stato-della-richiesta-di-eta-canada\/\">controllare lo stato della tua eTA<\/a> , quando \u00e8 in sospeso.<\/p>\n\n<p>Devono essere compilati diversi campi, devi prima specificare che sei titolare di un&#8217;eTA e che desideri consultare la tua pratica per recuperarla. Devi quindi portare con te il tuo numero AVE; quest&#8217;ultimo ti \u00e8 stato inviato via e-mail. Ti verr\u00e0 chiesto anche il numero del passaporto, il paese di rilascio, la data di rilascio e di scadenza dello stesso. Una volta fornite tutte le informazioni, clicca su \u201cverifica lo stato della tua richiesta\u201d.<\/p>\n\n<p>Eccoti qua, hai appena trovato il tuo eTA!<\/p>\n\n<p>Per un&#8217;eTA canadese smarrita, la procedura di ricerca deve essere eseguita anche sul sito Web ufficiale del governo canadese. Per ulteriori informazioni, visitare questo articolo. <\/p>\n\n<p>Vi auguriamo un meraviglioso viaggio in Canada!<\/p>\n","protected":false},"excerpt":{"rendered":"<p>Procedura per trovare la tua eTA Canada Il Canada, i suoi paesaggi sontuosi, il suo sciroppo d&#8217;acero e le sue affascinanti citt\u00e0 attirano molti turisti ogni anno. Per un soggiorno inferiore a 6 mesi in Canada : Puoi espletare le formalit\u00e0 per entrare in Canada direttamente via Internet cliccando sul modulo online . Non \u00e8 [&hellip;]<\/p>\n","protected":false},"author":1,"featured_media":0,"parent":0,"menu_order":0,"comment_status":"closed","ping_status":"closed","template":"","meta":{"footnotes":""},"class_list":["post-868","page","type-page","status-publish","hentry"],"yoast_head":"<!-- This site is optimized with the Yoast SEO plugin v26.9 - https:\/\/yoast.com\/product\/yoast-seo-wordpress\/ -->\n<title>Come trovare un eTA?<\/title>\n<meta name=\"description\" content=\"Hai richiesto un&#039;eTA e vorresti recuperarla? I nostri esperti spiegano come trovare rapidamente la tua eTA.\" \/>\n<meta name=\"robots\" content=\"index, follow, max-snippet:-1, max-image-preview:large, max-video-preview:-1\" \/>\n<link rel=\"canonical\" href=\"https:\/\/ave-eta-canada.com\/it\/come-trovare-un-eta\/\" \/>\n<meta property=\"og:locale\" content=\"it_IT\" \/>\n<meta property=\"og:type\" content=\"article\" \/>\n<meta property=\"og:title\" content=\"Come trovare un eTA?\" \/>\n<meta property=\"og:description\" content=\"Hai richiesto un&#039;eTA e vorresti recuperarla? I nostri esperti spiegano come trovare rapidamente la tua eTA.\" \/>\n<meta property=\"og:url\" content=\"https:\/\/ave-eta-canada.com\/it\/come-trovare-un-eta\/\" \/>\n<meta property=\"og:site_name\" content=\"VISTO CANADA\" \/>\n<meta property=\"article:modified_time\" content=\"2022-05-17T15:38:39+00:00\" \/>\n<meta name=\"twitter:card\" content=\"summary_large_image\" \/>\n<meta name=\"twitter:label1\" content=\"Tempo di lettura stimato\" \/>\n\t<meta name=\"twitter:data1\" content=\"3 minuti\" \/>\n<script type=\"application\/ld+json\" class=\"yoast-schema-graph\">{\"@context\":\"https:\/\/schema.org\",\"@graph\":[{\"@type\":\"WebPage\",\"@id\":\"https:\/\/ave-eta-canada.com\/it\/come-trovare-un-eta\/\",\"url\":\"https:\/\/ave-eta-canada.com\/it\/come-trovare-un-eta\/\",\"name\":\"Come trovare un eTA?\",\"isPartOf\":{\"@id\":\"https:\/\/ave-eta-canada.com\/it\/#website\"},\"datePublished\":\"2020-04-24T20:23:42+00:00\",\"dateModified\":\"2022-05-17T15:38:39+00:00\",\"description\":\"Hai richiesto un'eTA e vorresti recuperarla? I nostri esperti spiegano come trovare rapidamente la tua eTA.\",\"breadcrumb\":{\"@id\":\"https:\/\/ave-eta-canada.com\/it\/come-trovare-un-eta\/#breadcrumb\"},\"inLanguage\":\"it-IT\",\"potentialAction\":[{\"@type\":\"ReadAction\",\"target\":[\"https:\/\/ave-eta-canada.com\/it\/come-trovare-un-eta\/\"]}]},{\"@type\":\"BreadcrumbList\",\"@id\":\"https:\/\/ave-eta-canada.com\/it\/come-trovare-un-eta\/#breadcrumb\",\"itemListElement\":[{\"@type\":\"ListItem\",\"position\":1,\"name\":\"Home\",\"item\":\"https:\/\/ave-eta-canada.com\/it\/\"},{\"@type\":\"ListItem\",\"position\":2,\"name\":\"Come trovare un eTA?\"}]},{\"@type\":\"WebSite\",\"@id\":\"https:\/\/ave-eta-canada.com\/it\/#website\",\"url\":\"https:\/\/ave-eta-canada.com\/it\/\",\"name\":\"VISTO CANADA\",\"description\":\"Autorisation Voyage Electronique\",\"potentialAction\":[{\"@type\":\"SearchAction\",\"target\":{\"@type\":\"EntryPoint\",\"urlTemplate\":\"https:\/\/ave-eta-canada.com\/it\/?s={search_term_string}\"},\"query-input\":{\"@type\":\"PropertyValueSpecification\",\"valueRequired\":true,\"valueName\":\"search_term_string\"}}],\"inLanguage\":\"it-IT\"}]}<\/script>\n<!-- \/ Yoast SEO plugin. -->","yoast_head_json":{"title":"Come trovare un eTA?","description":"Hai richiesto un'eTA e vorresti recuperarla? I nostri esperti spiegano come trovare rapidamente la tua eTA.","robots":{"index":"index","follow":"follow","max-snippet":"max-snippet:-1","max-image-preview":"max-image-preview:large","max-video-preview":"max-video-preview:-1"},"canonical":"https:\/\/ave-eta-canada.com\/it\/come-trovare-un-eta\/","og_locale":"it_IT","og_type":"article","og_title":"Come trovare un eTA?","og_description":"Hai richiesto un'eTA e vorresti recuperarla? I nostri esperti spiegano come trovare rapidamente la tua eTA.","og_url":"https:\/\/ave-eta-canada.com\/it\/come-trovare-un-eta\/","og_site_name":"VISTO CANADA","article_modified_time":"2022-05-17T15:38:39+00:00","twitter_card":"summary_large_image","twitter_misc":{"Tempo di lettura stimato":"3 minuti"},"schema":{"@context":"https:\/\/schema.org","@graph":[{"@type":"WebPage","@id":"https:\/\/ave-eta-canada.com\/it\/come-trovare-un-eta\/","url":"https:\/\/ave-eta-canada.com\/it\/come-trovare-un-eta\/","name":"Come trovare un eTA?","isPartOf":{"@id":"https:\/\/ave-eta-canada.com\/it\/#website"},"datePublished":"2020-04-24T20:23:42+00:00","dateModified":"2022-05-17T15:38:39+00:00","description":"Hai richiesto un'eTA e vorresti recuperarla? I nostri esperti spiegano come trovare rapidamente la tua eTA.","breadcrumb":{"@id":"https:\/\/ave-eta-canada.com\/it\/come-trovare-un-eta\/#breadcrumb"},"inLanguage":"it-IT","potentialAction":[{"@type":"ReadAction","target":["https:\/\/ave-eta-canada.com\/it\/come-trovare-un-eta\/"]}]},{"@type":"BreadcrumbList","@id":"https:\/\/ave-eta-canada.com\/it\/come-trovare-un-eta\/#breadcrumb","itemListElement":[{"@type":"ListItem","position":1,"name":"Home","item":"https:\/\/ave-eta-canada.com\/it\/"},{"@type":"ListItem","position":2,"name":"Come trovare un eTA?"}]},{"@type":"WebSite","@id":"https:\/\/ave-eta-canada.com\/it\/#website","url":"https:\/\/ave-eta-canada.com\/it\/","name":"VISTO CANADA","description":"Autorisation Voyage Electronique","potentialAction":[{"@type":"SearchAction","target":{"@type":"EntryPoint","urlTemplate":"https:\/\/ave-eta-canada.com\/it\/?s={search_term_string}"},"query-input":{"@type":"PropertyValueSpecification","valueRequired":true,"valueName":"search_term_string"}}],"inLanguage":"it-IT"}]}},"_links":{"self":[{"href":"https:\/\/ave-eta-canada.com\/it\/wp-json\/wp\/v2\/pages\/868","targetHints":{"allow":["GET"]}}],"collection":[{"href":"https:\/\/ave-eta-canada.com\/it\/wp-json\/wp\/v2\/pages"}],"about":[{"href":"https:\/\/ave-eta-canada.com\/it\/wp-json\/wp\/v2\/types\/page"}],"author":[{"embeddable":true,"href":"https:\/\/ave-eta-canada.com\/it\/wp-json\/wp\/v2\/users\/1"}],"replies":[{"embeddable":true,"href":"https:\/\/ave-eta-canada.com\/it\/wp-json\/wp\/v2\/comments?post=868"}],"version-history":[{"count":0,"href":"https:\/\/ave-eta-canada.com\/it\/wp-json\/wp\/v2\/pages\/868\/revisions"}],"wp:attachment":[{"href":"https:\/\/ave-eta-canada.com\/it\/wp-json\/wp\/v2\/media?parent=868"}],"curies":[{"name":"wp","href":"https:\/\/api.w.org\/{rel}","templated":true}]}}