{"id":870,"date":"2020-04-24T20:34:07","date_gmt":"2020-04-24T20:34:07","guid":{"rendered":"https:\/\/ave-eta-canada.com\/come-trovare-un-eta-perduto-in-canada\/"},"modified":"2022-05-17T15:41:27","modified_gmt":"2022-05-17T15:41:27","slug":"come-trovare-un-eta-perduto-in-canada","status":"publish","type":"page","link":"https:\/\/ave-eta-canada.com\/it\/come-trovare-un-eta-perduto-in-canada\/","title":{"rendered":"Come faccio a trovare un&#8217;eTA canadese smarrita?"},"content":{"rendered":"\n<h1 class=\"wp-block-heading\">Trova un&#8217;eTA canadese smarrita<\/h1>\n\n<p>Natura, ampi spazi e accoglienza calorosa, il Canada \u00e8 un Paese con molte risorse. Come l&#8217;ESTA per viaggiare negli Stati Uniti, visitare il Canada richiede un&#8217;autorizzazione di viaggio che ti consentir\u00e0 di viaggiare nel paese dell&#8217;estremo nord.<\/p>\n\n<p><strong>Per un soggiorno inferiore a 6 mesi in Canada<\/strong> : Puoi espletare le formalit\u00e0 per entrare in Canada direttamente via Internet cliccando sul <a href=\"https:\/\/ave-eta-canada.com\/it\/modulo-online-eta-canada\/\">modulo online<\/a> . Non \u00e8 necessario ottenere un appuntamento presso l&#8217;ambasciata o il consolato canadese.<\/p>\n\n<p>Se hai ottenuto la tua autorizzazione di viaggio elettronica eTA per il Canada ma non ne hai pi\u00f9 la prova, non farti prendere dal panico. Ti mostreremo la procedura necessaria per ritrovare la tua eTA Canada smarrita.<\/p>\n\n<h2 class=\"wp-block-heading\">Procedura per il recupero dell&#8217;autorizzazione al viaggio elettronica smarrita<\/h2>\n\n<p>L&#8217;eTA Canada Electronic Travel Authorization, \u00e8 un documento ufficiale che ti consente di viaggiare in Canada senza un visto canadese. Rispetto all&#8217;ESTA USA, l&#8217;eTA ha una data di validit\u00e0 pi\u00f9 lunga e una durata del permesso di soggiorno pi\u00f9 lunga. Infatti, l&#8217;eTA Canada \u00e8 valida per 5 anni dal giorno di emissione e consente un tempo <a href=\"https:\/\/ave-eta-canada.com\/it\/eta-canada-periodo-di-validita\/\">massimo di viaggio<\/a> di 6 mesi sulle terre canadesi. <\/p>\n\n<p>Quando la tua domanda eTA \u00e8 convalidata, riceverai una conferma di ricezione da IRCC (Immigration, Refugees and Citizenship Canada) all&#8217;indirizzo che hai fornito, entro e non oltre 72 ore dall&#8217;invio del modulo online. In questa e-mail, riceverai un numero di domanda che verr\u00e0 utilizzato per trovare la tua autorizzazione di viaggio elettronica smarrita. La risposta alla tua richiesta potrebbe richiedere alcuni minuti o alcuni giorni.<\/p>\n\n<p>Grazie ai sistemi elettronici, il numero del tuo passaporto \u00e8 direttamente collegato al numero della tua eTA Canada smarrita, ricevuta nell&#8217;avviso di ricevimento. Di conseguenza, non avrai n\u00e9 bisogno della versione stampata della tua autorizzazione per viaggiare in Canada n\u00e9 per ritrovare la tua <a href=\"https:\/\/ave-eta-canada.com\/it\/come-trovare-un-eta-perduto-in-canada\/\">eTA Canada smarrita,<\/a> perch\u00e9 in realt\u00e0 non \u00e8 mai persa! La tua autorizzazione eTA \u00e8 ancora archiviata sul sito del governo canadese.<\/p>\n\n<p>Durante il controllo dell&#8217;identit\u00e0, al passaggio in dogana, l&#8217;ufficiale dell&#8217;immigrazione ti chieder\u00e0 di presentare il tuo passaporto valido (che copre l&#8217;intera durata del tuo viaggio). Attraverso il tuo passaporto, trover\u00e0 la tua eTA poich\u00e9 \u00e8 allegata elettronicamente ad essa. L&#8217;agente potrebbe chiederti altri documenti come il tuo biglietto (biglietto di andata e ritorno o biglietto di proseguimento per la destinazione finale). Per quanto riguarda il viaggio di un figlio minore che viaggia da solo, il bambino deve presentare il passaporto, una copia del certificato di nascita e una lettera di autorizzazione dei genitori (indirizzi e recapiti telefonici dei genitori e del responsabile del bambino al Canada).<\/p>\n\n<p>Ecco alcuni consigli di viaggio prima di partire:<\/p>\n\n<ul class=\"wp-block-list\"><li>verifica la validit\u00e0 del tuo passaporto elettronico o biometrico (non deve raggiungere la data di scadenza durante il viaggio);<\/li><li>verificare che i dati personali inseriti nel passaporto non siano stati modificati dopo aver ottenuto l&#8217;eTA (indirizzo, cognome, nome, ecc.).<\/li><\/ul>\n\n<p>Se uno di questi due elementi non viene rispettato, non correre il rischio e rinnova il passaporto e poi, successivamente, richiedi una nuova autorizzazione eTA.<\/p>\n\n<h3 class=\"wp-block-heading\">Non ho ricevuto un&#8217;e-mail di conferma<\/h3>\n\n<p>Dopo aver inviato il modulo di richiesta eTA, dovresti ricevere due e-mail: un avviso di ricevimento e la risposta alla tua richiesta eTA.<\/p>\n\n<p>Se non hai ricevuto l&#8217;e-mail di conferma di ricezione della domanda entro 72 ore, dovrai compilare un modulo sul sito online del governo canadese, chiamato modulo web IRCC. Tieni presente che ci vorranno diversi giorni per ottenere una risposta alla tua richiesta.<\/p>\n\n<p>Assicurati anche di controllare la posta indesiderata poich\u00e9 alcuni filtri potrebbero bloccare le e-mail IRCC. Questo \u00e8 tanto pi\u00f9 importante in quanto \u00e8 anche via e-mail che riceverai la tua risposta. Sono possibili tre scenari:<\/p>\n\n<ul class=\"wp-block-list\"><li>approvazione, la tua richiesta \u00e8 convalidata. L&#8217;e-mail contiene il tuo numero eTA, la sua data di scadenza e il numero di passaporto in questione.<\/li><li>richiesta di ulteriori informazioni. Tutte le istruzioni saranno elencate nell&#8217;e-mail. Si noti che potrebbe essere necessario presentare la domanda all&#8217;Ambasciata canadese durante un colloquio con un funzionario consolare;<\/li><li>rifiuto, le autorit\u00e0 canadesi non hanno potuto soddisfare la tua richiesta. La domanda di visto pu\u00f2 essere presentata ai servizi consolari.<br\/><br\/><\/li><\/ul>\n\n<h2 class=\"wp-block-heading\">Come posso controllare la mia richiesta eTA?<\/h2>\n\n<p>Se desideri ritrovare la tua autorizzazione di viaggio elettronica smarrita per <a href=\"https:\/\/ave-eta-canada.com\/it\/come-verificare-lo-stato-della-richiesta-di-eta-canada\/\">verificare lo stato dell&#8217;eTA<\/a> o la sua validit\u00e0, vai semplicemente sul sito privato che hai attraversato (e vai al tuo spazio personale) o sul sito web del governo canadese.<\/p>\n\n<p>Per trovare un&#8217;eTA canadese smarrita sul sito Web ufficiale, \u00e8 necessario:<\/p>\n\n<ul class=\"wp-block-list\"><li>specificare che sei titolare di eTA e che desideri consultare il file di autorizzazione al viaggio elettronico smarrito;<\/li><li>inserisci il numero eTA che ti \u00e8 stato precedentemente inviato via email;<\/li><li>inserire il numero del passaporto, la data di rilascio e di scadenza;<\/li><li>il tuo paese di emissione;<\/li><li>clicca su \u201cverifica lo stato della tua richiesta\u201d;<\/li><li>E il gioco \u00e8 fatto, hai trovato la tua eTA canadese perduta!<\/li><\/ul>\n\n<p>Questo strumento di verifica funziona solo per le persone che hanno richiesto un&#8217;eTA per un soggiorno turistico, un viaggio di lavoro o di transito nonch\u00e9 per coloro che hanno dovuto rinnovare il passaporto dopo aver ricevuto una lettera di presentazione per un IEC (International Experience Canada ). Tuttavia, lo strumento non \u00e8 utile per i viaggiatori che hanno ottenuto automaticamente l&#8217;eTA insieme alla lettera di presentazione per un permesso di lavoro, tirocinio o studio.<br\/><br\/><\/p>\n\n<h2 class=\"wp-block-heading\">Devo stampare la mia domanda eTA?<\/h2>\n\n<p>Non \u00e8 necessario stampare la tua eTA, \u00e8 collegata elettronicamente al tuo passaporto. In altre parole, per presentare la tua autorizzazione eTA, devi viaggiare con il passaporto che hai utilizzato durante la domanda. <\/p>\n\n<p>Ricordiamo infine che l&#8217;autorizzazione eTA non \u00e8 un&#8217;autorizzazione all&#8217;ingresso nel territorio canadese, ma un&#8217;autorizzazione al viaggio. Vale a dire, ti autorizza ad arrivare in aereo in Canada. Dopo l&#8217;atterraggio, solo la dogana canadese pu\u00f2 giudicare la tua ammissibilit\u00e0.<\/p>\n\n<p>Per maggiori informazioni sull&#8217;autorizzazione eTA, ti diamo appuntamento sulle nostre <a href=\"https:\/\/ave-eta-canada.com\/it\/faq-eta-canada\/\">FAQ<\/a>.<\/p>\n","protected":false},"excerpt":{"rendered":"<p>Trova un&#8217;eTA canadese smarrita Natura, ampi spazi e accoglienza calorosa, il Canada \u00e8 un Paese con molte risorse. Come l&#8217;ESTA per viaggiare negli Stati Uniti, visitare il Canada richiede un&#8217;autorizzazione di viaggio che ti consentir\u00e0 di viaggiare nel paese dell&#8217;estremo nord. Per un soggiorno inferiore a 6 mesi in Canada : Puoi espletare le formalit\u00e0 [&hellip;]<\/p>\n","protected":false},"author":1,"featured_media":0,"parent":0,"menu_order":0,"comment_status":"closed","ping_status":"closed","template":"","meta":{"footnotes":""},"class_list":["post-870","page","type-page","status-publish","hentry"],"yoast_head":"<!-- This site is optimized with the Yoast SEO plugin v26.9 - https:\/\/yoast.com\/product\/yoast-seo-wordpress\/ -->\n<title>Come faccio a trovare un&#039;eTA canadese smarrita?<\/title>\n<meta name=\"description\" content=\"Avevi realizzato e ottenuto la tua eTA Canada tranne per il fatto che \u00e8 impossibile per te metterci le mani sopra? Trova i passaggi da seguire in questo articolo.\" \/>\n<meta name=\"robots\" content=\"index, follow, max-snippet:-1, max-image-preview:large, max-video-preview:-1\" \/>\n<link rel=\"canonical\" href=\"https:\/\/ave-eta-canada.com\/it\/come-trovare-un-eta-perduto-in-canada\/\" \/>\n<meta property=\"og:locale\" content=\"it_IT\" \/>\n<meta property=\"og:type\" content=\"article\" \/>\n<meta property=\"og:title\" content=\"Come faccio a trovare un&#039;eTA canadese smarrita?\" \/>\n<meta property=\"og:description\" content=\"Avevi realizzato e ottenuto la tua eTA Canada tranne per il fatto che \u00e8 impossibile per te metterci le mani sopra? Trova i passaggi da seguire in questo articolo.\" \/>\n<meta property=\"og:url\" content=\"https:\/\/ave-eta-canada.com\/it\/come-trovare-un-eta-perduto-in-canada\/\" \/>\n<meta property=\"og:site_name\" content=\"VISTO CANADA\" \/>\n<meta property=\"article:modified_time\" content=\"2022-05-17T15:41:27+00:00\" \/>\n<meta name=\"twitter:card\" content=\"summary_large_image\" \/>\n<meta name=\"twitter:label1\" content=\"Tempo di lettura stimato\" \/>\n\t<meta name=\"twitter:data1\" content=\"5 minuti\" \/>\n<script type=\"application\/ld+json\" class=\"yoast-schema-graph\">{\"@context\":\"https:\/\/schema.org\",\"@graph\":[{\"@type\":\"WebPage\",\"@id\":\"https:\/\/ave-eta-canada.com\/it\/come-trovare-un-eta-perduto-in-canada\/\",\"url\":\"https:\/\/ave-eta-canada.com\/it\/come-trovare-un-eta-perduto-in-canada\/\",\"name\":\"Come faccio a trovare un'eTA canadese smarrita?\",\"isPartOf\":{\"@id\":\"https:\/\/ave-eta-canada.com\/it\/#website\"},\"datePublished\":\"2020-04-24T20:34:07+00:00\",\"dateModified\":\"2022-05-17T15:41:27+00:00\",\"description\":\"Avevi realizzato e ottenuto la tua eTA Canada tranne per il fatto che \u00e8 impossibile per te metterci le mani sopra? Trova i passaggi da seguire in questo articolo.\",\"breadcrumb\":{\"@id\":\"https:\/\/ave-eta-canada.com\/it\/come-trovare-un-eta-perduto-in-canada\/#breadcrumb\"},\"inLanguage\":\"it-IT\",\"potentialAction\":[{\"@type\":\"ReadAction\",\"target\":[\"https:\/\/ave-eta-canada.com\/it\/come-trovare-un-eta-perduto-in-canada\/\"]}]},{\"@type\":\"BreadcrumbList\",\"@id\":\"https:\/\/ave-eta-canada.com\/it\/come-trovare-un-eta-perduto-in-canada\/#breadcrumb\",\"itemListElement\":[{\"@type\":\"ListItem\",\"position\":1,\"name\":\"Home\",\"item\":\"https:\/\/ave-eta-canada.com\/it\/\"},{\"@type\":\"ListItem\",\"position\":2,\"name\":\"Come faccio a trovare un&#8217;eTA canadese smarrita?\"}]},{\"@type\":\"WebSite\",\"@id\":\"https:\/\/ave-eta-canada.com\/it\/#website\",\"url\":\"https:\/\/ave-eta-canada.com\/it\/\",\"name\":\"VISTO CANADA\",\"description\":\"Autorisation Voyage Electronique\",\"potentialAction\":[{\"@type\":\"SearchAction\",\"target\":{\"@type\":\"EntryPoint\",\"urlTemplate\":\"https:\/\/ave-eta-canada.com\/it\/?s={search_term_string}\"},\"query-input\":{\"@type\":\"PropertyValueSpecification\",\"valueRequired\":true,\"valueName\":\"search_term_string\"}}],\"inLanguage\":\"it-IT\"}]}<\/script>\n<!-- \/ Yoast SEO plugin. -->","yoast_head_json":{"title":"Come faccio a trovare un'eTA canadese smarrita?","description":"Avevi realizzato e ottenuto la tua eTA Canada tranne per il fatto che \u00e8 impossibile per te metterci le mani sopra? Trova i passaggi da seguire in questo articolo.","robots":{"index":"index","follow":"follow","max-snippet":"max-snippet:-1","max-image-preview":"max-image-preview:large","max-video-preview":"max-video-preview:-1"},"canonical":"https:\/\/ave-eta-canada.com\/it\/come-trovare-un-eta-perduto-in-canada\/","og_locale":"it_IT","og_type":"article","og_title":"Come faccio a trovare un'eTA canadese smarrita?","og_description":"Avevi realizzato e ottenuto la tua eTA Canada tranne per il fatto che \u00e8 impossibile per te metterci le mani sopra? Trova i passaggi da seguire in questo articolo.","og_url":"https:\/\/ave-eta-canada.com\/it\/come-trovare-un-eta-perduto-in-canada\/","og_site_name":"VISTO CANADA","article_modified_time":"2022-05-17T15:41:27+00:00","twitter_card":"summary_large_image","twitter_misc":{"Tempo di lettura stimato":"5 minuti"},"schema":{"@context":"https:\/\/schema.org","@graph":[{"@type":"WebPage","@id":"https:\/\/ave-eta-canada.com\/it\/come-trovare-un-eta-perduto-in-canada\/","url":"https:\/\/ave-eta-canada.com\/it\/come-trovare-un-eta-perduto-in-canada\/","name":"Come faccio a trovare un'eTA canadese smarrita?","isPartOf":{"@id":"https:\/\/ave-eta-canada.com\/it\/#website"},"datePublished":"2020-04-24T20:34:07+00:00","dateModified":"2022-05-17T15:41:27+00:00","description":"Avevi realizzato e ottenuto la tua eTA Canada tranne per il fatto che \u00e8 impossibile per te metterci le mani sopra? Trova i passaggi da seguire in questo articolo.","breadcrumb":{"@id":"https:\/\/ave-eta-canada.com\/it\/come-trovare-un-eta-perduto-in-canada\/#breadcrumb"},"inLanguage":"it-IT","potentialAction":[{"@type":"ReadAction","target":["https:\/\/ave-eta-canada.com\/it\/come-trovare-un-eta-perduto-in-canada\/"]}]},{"@type":"BreadcrumbList","@id":"https:\/\/ave-eta-canada.com\/it\/come-trovare-un-eta-perduto-in-canada\/#breadcrumb","itemListElement":[{"@type":"ListItem","position":1,"name":"Home","item":"https:\/\/ave-eta-canada.com\/it\/"},{"@type":"ListItem","position":2,"name":"Come faccio a trovare un&#8217;eTA canadese smarrita?"}]},{"@type":"WebSite","@id":"https:\/\/ave-eta-canada.com\/it\/#website","url":"https:\/\/ave-eta-canada.com\/it\/","name":"VISTO CANADA","description":"Autorisation Voyage Electronique","potentialAction":[{"@type":"SearchAction","target":{"@type":"EntryPoint","urlTemplate":"https:\/\/ave-eta-canada.com\/it\/?s={search_term_string}"},"query-input":{"@type":"PropertyValueSpecification","valueRequired":true,"valueName":"search_term_string"}}],"inLanguage":"it-IT"}]}},"_links":{"self":[{"href":"https:\/\/ave-eta-canada.com\/it\/wp-json\/wp\/v2\/pages\/870","targetHints":{"allow":["GET"]}}],"collection":[{"href":"https:\/\/ave-eta-canada.com\/it\/wp-json\/wp\/v2\/pages"}],"about":[{"href":"https:\/\/ave-eta-canada.com\/it\/wp-json\/wp\/v2\/types\/page"}],"author":[{"embeddable":true,"href":"https:\/\/ave-eta-canada.com\/it\/wp-json\/wp\/v2\/users\/1"}],"replies":[{"embeddable":true,"href":"https:\/\/ave-eta-canada.com\/it\/wp-json\/wp\/v2\/comments?post=870"}],"version-history":[{"count":0,"href":"https:\/\/ave-eta-canada.com\/it\/wp-json\/wp\/v2\/pages\/870\/revisions"}],"wp:attachment":[{"href":"https:\/\/ave-eta-canada.com\/it\/wp-json\/wp\/v2\/media?parent=870"}],"curies":[{"name":"wp","href":"https:\/\/api.w.org\/{rel}","templated":true}]}}