{"id":872,"date":"2020-04-24T20:46:42","date_gmt":"2020-04-24T20:46:42","guid":{"rendered":"https:\/\/ave-eta-canada.com\/come-verificare-lo-stato-della-richiesta-di-eta-canada\/"},"modified":"2022-09-09T19:32:31","modified_gmt":"2022-09-09T19:32:31","slug":"come-verificare-lo-stato-della-richiesta-di-eta-canada","status":"publish","type":"page","link":"https:\/\/ave-eta-canada.com\/it\/come-verificare-lo-stato-della-richiesta-di-eta-canada\/","title":{"rendered":"Come controllare lo stato della tua domanda eTA Canada?"},"content":{"rendered":"\n<h1 class=\"wp-block-heading\">Viaggio in Canada: verifica lo stato della tua domanda eTA<\/h1>\n\n<p>Tutti i viaggi in Canada richiedono l&#8217;ottenimento di un&#8217;autorizzazione di viaggio. Se si tratta di un soggiorno lungo, \u00e8 necessario richiedere un visto.  <\/p>\n\n<p><strong>Per un soggiorno inferiore a 6 mesi in Canada<\/strong> : Puoi espletare le formalit\u00e0 per entrare in Canada direttamente via Internet cliccando sul <a href=\"https:\/\/ave-eta-canada.com\/it\/modulo-online-eta-canada\/\">modulo online<\/a>. Non \u00e8 necessario ottenere un appuntamento presso l&#8217;ambasciata o il consolato canadese.<\/p>\n\n<p>Di seguito spieghiamo come controllare lo stato della tua Autorizzazione al Viaggio dopo aver completato la domanda online.<br\/><\/p>\n\n<h2 class=\"wp-block-heading\">Stato eTA: la fase di candidatura online<\/h2>\n\n<p><a href=\"https:\/\/ave-eta-canada.com\/it\/\">L&#8217;eTA (Electronic Travel Authorization)<\/a>, permette di soggiornare per 6 mesi consecutivi in Canada. A differenza del visto canadese, questa autorizzazione di viaggio pu\u00f2 essere ottenuta solo online. Il suo processo di ottenimento \u00e8 relativamente semplice, \u00e8 necessario seguire la stessa procedura della richiesta di un ESTA per recarsi negli Stati Uniti, ovvero compilare un modulo online.<\/p>\n\n<p><a href=\"https:\/\/ave-eta-canada.com\/it\/completa-il-modulo-eta-per-il-canada\/\">Il modulo eTA<\/a> \u00e8 accessibile su molti siti. Puoi scegliere di completarlo sul sito Web ufficiale del governo canadese o inviare la tua richiesta tramite il nostro sito partner.<\/p>\n\n<p>Se hai gi\u00e0 un visto canadese, un permesso di lavoro o anche una carta di residenza permanente, sappi che non \u00e8 necessario richiedere un&#8217;eTA.<\/p>\n\n<h3 class=\"wp-block-heading\">Compilazione del modulo Canada eTA<\/h3>\n\n<p>Al momento della compilazione del <a href=\"https:\/\/ave-eta-canada.com\/it\/come-completare-un-eta-per-viaggiare-in-canada\/\">modulo online,<\/a> dovrai fornire le principali informazioni elencate nel tuo passaporto (nome, data, luogo di nascita, sesso, indirizzo, nazionalit\u00e0, numero di passaporto, ecc.). Dopo aver compilato il tuo stato civile, apparir\u00e0 un breve questionario. Dovrai quindi rispondere a varie domande relative alla tua salute, al tuo attuale lavoro e alla tua storia legale.<\/p>\n\n<p>L&#8217;ultimo passaggio per convalidare il tuo file eTA \u00e8 il pagamento online. Per questa formalit\u00e0 \u00e8 sufficiente portare con s\u00e9 la carta di credito (Visa, MasterCard o American Express) e inserire le proprie coordinate bancarie.<br\/><br\/><\/p>\n\n<h2 class=\"wp-block-heading\">I diversi stati delle applicazioni eTA<\/h2>\n\n<p>Una volta pagata la <a href=\"https:\/\/ave-eta-canada.com\/it\/eta-canada-il-suo-prezzo\/\">tassa EVP<\/a>, dovreste ricevere un&#8217;e-mail dalle autorit\u00e0 canadesi che vi informa che la vostra domanda \u00e8 stata ricevuta e che la vostra pratica \u00e8 in fase di esame.<\/p>\n\n<p>Le risposte inserite nel modulo online sono analizzate da IRCC (Immigration, Refugees and Citizenship Canada). Questo ente governativo studier\u00e0 quindi ogni richiesta eTA per garantire che ogni cittadino non rappresenti alcun pericolo per la sicurezza interna del Paese. Al termine di questa analisi, la tua richiesta eTA pu\u00f2 avere tre stati: &#8220;richiesta autorizzata&#8221;, &#8220;richiesta in sospeso&#8221; o &#8220;richiesta rifiutata&#8221;.<\/p>\n\n<h3 class=\"wp-block-heading\">Stato: Canada eTA in attesa<\/h3>\n\n<p>La maggior parte delle richieste porta all&#8217;approvazione della richiesta eTA entro pochi minuti dall&#8217;invio del file. Tuttavia, pu\u00f2 accadere che la richiesta richieda tempi pi\u00f9 lunghi. Se lo stato della tua domanda eTA \u00e8 in sospeso, riceverai un&#8217;e-mail dall&#8217;IRCC entro poche ore o giorni. Potrebbe essere richiesto, ad esempio, di fornire determinati documenti giustificativi o informazioni aggiuntive.<\/p>\n\n<p>\u00c8 possibile seguire lo stato di avanzamento della domanda eTA grazie allo strumento di verifica messo a disposizione dal Governo del Canada. Per fare ci\u00f2, hai bisogno di:<\/p>\n\n<ul class=\"wp-block-list\"><li>il numero della tua domanda eTA comunicato via e-mail;<\/li><li>alcune informazioni del passaporto con cui hai fatto la richiesta (paese di rilascio, numero di passaporto, data di rilascio e data di scadenza).<\/li><\/ul>\n\n<p>Tieni presente che questo strumento \u00e8 utile anche se hai gi\u00e0 un&#8217;autorizzazione di viaggio temporanea ma desideri <a>trovare la tua eTA<\/a> per consultare la tua pratica.<\/p>\n\n<h3 class=\"wp-block-heading\">Stato: approvato da Canada eTA<\/h3>\n\n<p>Quando la tua domanda eTA canadese riceve lo stato &#8220;approvato&#8221;, riceverai il tuo numero eTA via e-mail insieme alla data di scadenza e al numero di passaporto associato all&#8217;autorizzazione al viaggio.<\/p>\n\n<p>Possedendo l&#8217;eTA, puoi andare in Canada e rimanere meno di sei mesi nel paese dell&#8217;acero. Il periodo di validit\u00e0 dell&#8217;eTA \u00e8 di 5 anni, ovvero puoi visitare il Canada tutte le volte che vuoi durante questo periodo, purch\u00e9 rispetti la durata massima del soggiorno (6 mesi massimo) e che tu abbia un passaporto valido.<\/p>\n\n<p>Tieni presente che avere uno stato eTA canadese &#8220;approvato&#8221; non significa necessariamente che sei autorizzato ad entrare nel territorio canadese, ti autorizza solo a lasciare il Canada per via aerea. Quando arrivi al confine, verrai controllato da un funzionario dei servizi di frontiera, l&#8217;unica persona autorizzata a confermare il tuo ingresso in Canada.<\/p>\n\n<h3 class=\"wp-block-heading\">Stato: Canada eTA rifiutata<\/h3>\n\n<p>\u00c8 raro che lo stato canadese rifiuti le domande di permesso di soggiorno temporaneo. Se dopo aver verificato lo stato della tua eTA Canada, scopri che la tua domanda \u00e8 stata respinta, verifica innanzitutto che ci\u00f2 non sia dovuto a un errore negligente commesso durante la compilazione del modulo online. Poich\u00e9 la maggior parte delle informazioni non \u00e8 modificabile dopo aver inviato la richiesta, dovrai presentare nuovamente la domanda online e rimborsare le commissioni necessarie.<\/p>\n\n<p>Per mettere dalla tua parte le probabilit\u00e0 di ottenere lo stato eTA &#8220;approvato&#8221; e viaggiare in Canada in tutta tranquillit\u00e0, ti suggeriamo di fare domanda tramite il nostro sito partner. I suoi team di professionisti si occuperanno di controllare il tuo file a tutti gli effetti e correggere errori e omissioni se necessario.<\/p>\n\n<p>Se non viene visualizzato alcun errore, \u00e8 probabile che tu non soddisfi uno <a href=\"https:\/\/ave-eta-canada.com\/it\/tutto-sulle-condizioni-eta-per-viaggiare-in-canada\/\">dei requisiti di idoneit\u00e0 eTA<\/a> . Ricordiamo di seguito i vari punti che devono essere rispettati per poter beneficiare dello status di eTA \u201capprovato\u201d:<\/p>\n\n<ul class=\"wp-block-list\"><li>avere la cittadinanza di un paese ammissibile all&#8217;esenzione dal visto (sono ammessi i cittadini italiani);<\/li><li>viaggiare in Canada nell&#8217;ambito di un soggiorno turistico o di un viaggio d&#8217;affari;<\/li><li>non rimanere pi\u00f9 di sei mesi; <\/li><li>avere un passaporto biometrico o elettronico valido.<\/li><\/ul>\n\n<p>Come avrai capito, se vuoi studiare in Canada, fare uno stage o lavorare l\u00ec, l&#8217;eTA non pu\u00f2 applicarti a te. Dovrai quindi recarti all&#8217;ambasciata canadese e richiedere <a href=\"https:\/\/ave-eta-canada.com\/it\/whp-canada-come-ottenere-un-permesso-di-vacanza-di-lavoro\/\">un visto o PVT (<\/a> questo processo \u00e8 possibile anche presso il consolato).<\/p>\n","protected":false},"excerpt":{"rendered":"<p>Viaggio in Canada: verifica lo stato della tua domanda eTA Tutti i viaggi in Canada richiedono l&#8217;ottenimento di un&#8217;autorizzazione di viaggio. Se si tratta di un soggiorno lungo, \u00e8 necessario richiedere un visto. Per un soggiorno inferiore a 6 mesi in Canada : Puoi espletare le formalit\u00e0 per entrare in Canada direttamente via Internet cliccando [&hellip;]<\/p>\n","protected":false},"author":1,"featured_media":0,"parent":0,"menu_order":0,"comment_status":"closed","ping_status":"closed","template":"","meta":{"footnotes":""},"class_list":["post-872","page","type-page","status-publish","hentry"],"yoast_head":"<!-- This site is optimized with the Yoast SEO plugin v26.9 - https:\/\/yoast.com\/product\/yoast-seo-wordpress\/ -->\n<title>Come controllare lo stato della tua domanda eTA Canada?<\/title>\n<meta name=\"description\" content=\"L&#039;applicazione eTA richiede la compilazione di un modulo online. Dopo aver inviato il questionario, il governo canadese assegner\u00e0 uno stato alla tua domanda eTA.\" \/>\n<meta name=\"robots\" content=\"index, follow, max-snippet:-1, max-image-preview:large, max-video-preview:-1\" \/>\n<link rel=\"canonical\" href=\"https:\/\/ave-eta-canada.com\/it\/come-verificare-lo-stato-della-richiesta-di-eta-canada\/\" \/>\n<meta property=\"og:locale\" content=\"it_IT\" \/>\n<meta property=\"og:type\" content=\"article\" \/>\n<meta property=\"og:title\" content=\"Come controllare lo stato della tua domanda eTA Canada?\" \/>\n<meta property=\"og:description\" content=\"L&#039;applicazione eTA richiede la compilazione di un modulo online. Dopo aver inviato il questionario, il governo canadese assegner\u00e0 uno stato alla tua domanda eTA.\" \/>\n<meta property=\"og:url\" content=\"https:\/\/ave-eta-canada.com\/it\/come-verificare-lo-stato-della-richiesta-di-eta-canada\/\" \/>\n<meta property=\"og:site_name\" content=\"VISTO CANADA\" \/>\n<meta property=\"article:modified_time\" content=\"2022-09-09T19:32:31+00:00\" \/>\n<meta name=\"twitter:card\" content=\"summary_large_image\" \/>\n<meta name=\"twitter:label1\" content=\"Tempo di lettura stimato\" \/>\n\t<meta name=\"twitter:data1\" content=\"5 minuti\" \/>\n<script type=\"application\/ld+json\" class=\"yoast-schema-graph\">{\"@context\":\"https:\/\/schema.org\",\"@graph\":[{\"@type\":\"WebPage\",\"@id\":\"https:\/\/ave-eta-canada.com\/it\/come-verificare-lo-stato-della-richiesta-di-eta-canada\/\",\"url\":\"https:\/\/ave-eta-canada.com\/it\/come-verificare-lo-stato-della-richiesta-di-eta-canada\/\",\"name\":\"Come controllare lo stato della tua domanda eTA Canada?\",\"isPartOf\":{\"@id\":\"https:\/\/ave-eta-canada.com\/it\/#website\"},\"datePublished\":\"2020-04-24T20:46:42+00:00\",\"dateModified\":\"2022-09-09T19:32:31+00:00\",\"description\":\"L'applicazione eTA richiede la compilazione di un modulo online. Dopo aver inviato il questionario, il governo canadese assegner\u00e0 uno stato alla tua domanda eTA.\",\"breadcrumb\":{\"@id\":\"https:\/\/ave-eta-canada.com\/it\/come-verificare-lo-stato-della-richiesta-di-eta-canada\/#breadcrumb\"},\"inLanguage\":\"it-IT\",\"potentialAction\":[{\"@type\":\"ReadAction\",\"target\":[\"https:\/\/ave-eta-canada.com\/it\/come-verificare-lo-stato-della-richiesta-di-eta-canada\/\"]}]},{\"@type\":\"BreadcrumbList\",\"@id\":\"https:\/\/ave-eta-canada.com\/it\/come-verificare-lo-stato-della-richiesta-di-eta-canada\/#breadcrumb\",\"itemListElement\":[{\"@type\":\"ListItem\",\"position\":1,\"name\":\"Home\",\"item\":\"https:\/\/ave-eta-canada.com\/it\/\"},{\"@type\":\"ListItem\",\"position\":2,\"name\":\"Come controllare lo stato della tua domanda eTA Canada?\"}]},{\"@type\":\"WebSite\",\"@id\":\"https:\/\/ave-eta-canada.com\/it\/#website\",\"url\":\"https:\/\/ave-eta-canada.com\/it\/\",\"name\":\"VISTO CANADA\",\"description\":\"Autorisation Voyage Electronique\",\"potentialAction\":[{\"@type\":\"SearchAction\",\"target\":{\"@type\":\"EntryPoint\",\"urlTemplate\":\"https:\/\/ave-eta-canada.com\/it\/?s={search_term_string}\"},\"query-input\":{\"@type\":\"PropertyValueSpecification\",\"valueRequired\":true,\"valueName\":\"search_term_string\"}}],\"inLanguage\":\"it-IT\"}]}<\/script>\n<!-- \/ Yoast SEO plugin. -->","yoast_head_json":{"title":"Come controllare lo stato della tua domanda eTA Canada?","description":"L'applicazione eTA richiede la compilazione di un modulo online. Dopo aver inviato il questionario, il governo canadese assegner\u00e0 uno stato alla tua domanda eTA.","robots":{"index":"index","follow":"follow","max-snippet":"max-snippet:-1","max-image-preview":"max-image-preview:large","max-video-preview":"max-video-preview:-1"},"canonical":"https:\/\/ave-eta-canada.com\/it\/come-verificare-lo-stato-della-richiesta-di-eta-canada\/","og_locale":"it_IT","og_type":"article","og_title":"Come controllare lo stato della tua domanda eTA Canada?","og_description":"L'applicazione eTA richiede la compilazione di un modulo online. Dopo aver inviato il questionario, il governo canadese assegner\u00e0 uno stato alla tua domanda eTA.","og_url":"https:\/\/ave-eta-canada.com\/it\/come-verificare-lo-stato-della-richiesta-di-eta-canada\/","og_site_name":"VISTO CANADA","article_modified_time":"2022-09-09T19:32:31+00:00","twitter_card":"summary_large_image","twitter_misc":{"Tempo di lettura stimato":"5 minuti"},"schema":{"@context":"https:\/\/schema.org","@graph":[{"@type":"WebPage","@id":"https:\/\/ave-eta-canada.com\/it\/come-verificare-lo-stato-della-richiesta-di-eta-canada\/","url":"https:\/\/ave-eta-canada.com\/it\/come-verificare-lo-stato-della-richiesta-di-eta-canada\/","name":"Come controllare lo stato della tua domanda eTA Canada?","isPartOf":{"@id":"https:\/\/ave-eta-canada.com\/it\/#website"},"datePublished":"2020-04-24T20:46:42+00:00","dateModified":"2022-09-09T19:32:31+00:00","description":"L'applicazione eTA richiede la compilazione di un modulo online. Dopo aver inviato il questionario, il governo canadese assegner\u00e0 uno stato alla tua domanda eTA.","breadcrumb":{"@id":"https:\/\/ave-eta-canada.com\/it\/come-verificare-lo-stato-della-richiesta-di-eta-canada\/#breadcrumb"},"inLanguage":"it-IT","potentialAction":[{"@type":"ReadAction","target":["https:\/\/ave-eta-canada.com\/it\/come-verificare-lo-stato-della-richiesta-di-eta-canada\/"]}]},{"@type":"BreadcrumbList","@id":"https:\/\/ave-eta-canada.com\/it\/come-verificare-lo-stato-della-richiesta-di-eta-canada\/#breadcrumb","itemListElement":[{"@type":"ListItem","position":1,"name":"Home","item":"https:\/\/ave-eta-canada.com\/it\/"},{"@type":"ListItem","position":2,"name":"Come controllare lo stato della tua domanda eTA Canada?"}]},{"@type":"WebSite","@id":"https:\/\/ave-eta-canada.com\/it\/#website","url":"https:\/\/ave-eta-canada.com\/it\/","name":"VISTO CANADA","description":"Autorisation Voyage Electronique","potentialAction":[{"@type":"SearchAction","target":{"@type":"EntryPoint","urlTemplate":"https:\/\/ave-eta-canada.com\/it\/?s={search_term_string}"},"query-input":{"@type":"PropertyValueSpecification","valueRequired":true,"valueName":"search_term_string"}}],"inLanguage":"it-IT"}]}},"_links":{"self":[{"href":"https:\/\/ave-eta-canada.com\/it\/wp-json\/wp\/v2\/pages\/872","targetHints":{"allow":["GET"]}}],"collection":[{"href":"https:\/\/ave-eta-canada.com\/it\/wp-json\/wp\/v2\/pages"}],"about":[{"href":"https:\/\/ave-eta-canada.com\/it\/wp-json\/wp\/v2\/types\/page"}],"author":[{"embeddable":true,"href":"https:\/\/ave-eta-canada.com\/it\/wp-json\/wp\/v2\/users\/1"}],"replies":[{"embeddable":true,"href":"https:\/\/ave-eta-canada.com\/it\/wp-json\/wp\/v2\/comments?post=872"}],"version-history":[{"count":0,"href":"https:\/\/ave-eta-canada.com\/it\/wp-json\/wp\/v2\/pages\/872\/revisions"}],"wp:attachment":[{"href":"https:\/\/ave-eta-canada.com\/it\/wp-json\/wp\/v2\/media?parent=872"}],"curies":[{"name":"wp","href":"https:\/\/api.w.org\/{rel}","templated":true}]}}