{"id":874,"date":"2020-04-24T20:57:08","date_gmt":"2020-04-24T20:57:08","guid":{"rendered":"https:\/\/ave-eta-canada.com\/come-controllare-un-eta\/"},"modified":"2022-05-17T16:52:18","modified_gmt":"2022-05-17T16:52:18","slug":"come-controllare-un-eta","status":"publish","type":"page","link":"https:\/\/ave-eta-canada.com\/it\/come-controllare-un-eta\/","title":{"rendered":"Come verificare un&#8217;eTA?"},"content":{"rendered":"\n<h1 class=\"wp-block-heading\">Come controllare la tua eTA per il Canada?<\/h1>\n\n<p>Se prevedi di recarti presto in Canada, prima di partire dovrai verificare di avere la tua Autorizzazione di Viaggio Elettronica (eTA) per il Canada e che sia ancora valida.<\/p>\n\n<p><strong>Per un soggiorno inferiore a 6 mesi in Canada<\/strong> : Puoi espletare le formalit\u00e0 per entrare in Canada direttamente via Internet cliccando sul <a href=\"https:\/\/ave-eta-canada.com\/it\/modulo-online-eta-canada\/\">modulo online<\/a> . Non \u00e8 necessario ottenere un appuntamento presso l&#8217;ambasciata o il consolato canadese.<\/p>\n\n<p>Per <a href=\"https:\/\/ave-eta-canada.com\/it\/come-verificare-lo-stato-della-richiesta-di-eta-canada\/\">controllare il suo eTA<\/a> hai due possibili controlli: <\/p>\n\n<ul class=\"wp-block-list\"><li>Verificare i dati inseriti per garantire l&#8217;ottenimento dell&#8217;autorizzazione<\/li><li>Verifica dello stato eTA una volta inviata la richiesta.<\/li><\/ul>\n\n<p>Per aiutarti in questo processo, descriviamo in dettaglio come procedere per questi due scenari.<\/p>\n\n<h2 class=\"wp-block-heading\">Che cos&#8217;\u00e8 l&#8217;ETA canadese?<\/h2>\n\n<p>Prima di dettagliare le modalit\u00e0 di verifica di un&#8217;eTA, ricordiamo la sua definizione e le condizioni alle quali viene rilasciata.<\/p>\n\n<p>L&#8217;eTA (Electronic Travel Authorization), \u00e8 un&#8217;autorizzazione al viaggio o al transito sul territorio canadese. Come l&#8217;autorizzazione ESTA per gli Stati Uniti, l&#8217;ETA Canada assume la forma di un documento elettronico direttamente collegato al passaporto tramite un sistema informatico. Una volta rilasciata, l&#8217;autorizzazione eTA ha una validit\u00e0 di 5 anni dalla data di rilascio. Tuttavia, se il tuo passaporto scade prima di tale termine o viene sostituito, l&#8217;eTA non sar\u00e0 pi\u00f9 valido. Durante il suo periodo di validit\u00e0, ti consente inoltre di viaggiare tutte le volte che desideri in Canada, a condizione che tu rispetti la durata legale del soggiorno (6 mesi consecutivi al massimo).<\/p>\n\n<h3 class=\"wp-block-heading\">A chi si applica l&#8217;ETA Canada?<\/h3>\n\n<p>L&#8217;ETA per il Canada si applica a tutti i cittadini esenti dal visto, compresi i cittadini francesi, che viaggiano in Canada in aereo o transitano in un aeroporto canadese. Oggi i cittadini di una cinquantina di paesi sono esenti dal visto per recarsi in Canada, tra questi stati troviamo in particolare i paesi dell&#8217;Unione Europea o l&#8217;Australia.<\/p>\n\n<p>Si noti che i viaggiatori in possesso di visto, sia che si tratti di un visto turistico, di un visto per studenti o di un permesso di lavoro rilasciato dalle autorit\u00e0 consolari, non avranno bisogno di una domanda eTA.<\/p>\n\n<h3 class=\"wp-block-heading\">Le condizioni da soddisfare per ottenere un&#8217;eTA<\/h3>\n\n<p>Prima di ordinare un&#8217;eTA per il Canada, tieni presente che si applicano determinate condizioni, tra cui:<\/p>\n\n<ul class=\"wp-block-list\"><li>essere in possesso di un passaporto biometrico valido (preferibilmente);<\/li><li>il motivo del viaggio deve essere turistico o professionale (viaggi di lavoro);<\/li><li>viaggiare in aereo;<\/li><li>non rimanere pi\u00f9 di sei mesi consecutivi.<\/li><\/ul>\n\n<h3 class=\"wp-block-heading\">Come richiedere un&#8217;eTA?<\/h3>\n\n<p>L&#8217;applicazione Canada eTA \u00e8 un processo relativamente semplice se eseguito correttamente, hai due modi principali per procedere:<\/p>\n\n<ul class=\"wp-block-list\"><li>ordinare un&#8217;eTA direttamente sul sito web ufficiale del governo canadese;<\/li><li>utilizzare siti privati, come il nostro partner, per beneficiare di un servizio di supporto durante tutto il processo di ordinazione AVE.<\/li><\/ul>\n\n<p>Ora che sai di pi\u00f9 sull&#8217;autorizzazione a soggiornare in Canada, diamo un&#8217;occhiata alle informazioni principali per verificare un&#8217;eTA, al fine di assicurarne la validit\u00e0.<br\/><br\/><\/p>\n\n<h2 class=\"wp-block-heading\">Informazioni essenziali per controllare un&#8217;eTA<\/h2>\n\n<p>Per verificare un&#8217;eTA, una delle prime cose da fare \u00e8 verificare che i dati di stato civile che compaiono sul documento (cognome, nome, ecc.) corrispondano in tutto e per tutto a quelli riportati sul passaporto. In effetti, un semplice errore di inserimento durante la compilazione del <a href=\"https:\/\/ave-eta-canada.com\/it\/completa-il-modulo-eta-per-il-canada\/\">modulo online<\/a> \u00e8 sufficiente per rifiutare la tua eTA.<\/p>\n\n<p>Allo stesso tempo, \u00e8 necessario verificare sull&#8217;eTA che il numero di passaporto menzionato sia lo stesso visibile sul proprio passaporto. Ancora una volta, in caso di errore, molto probabilmente ti verr\u00e0 negata l&#8217;autorizzazione.<\/p>\n\n<p>Nota: assicurati di verificare il tuo indirizzo email, poich\u00e9 \u00e8 cos\u00ec che riceverai la tua risposta.<\/p>\n\n<h2 class=\"wp-block-heading\">Verifica lo stato di un&#8217;eTA<\/h2>\n\n<p>A seguito di una domanda eTA online, il governo canadese invia diverse e-mail all&#8217;indirizzo e-mail indicato nel modulo al fine di:<\/p>\n\n<ul class=\"wp-block-list\"><li>accusare ricevuta della richiesta;<\/li><li>richiedere aggiornamenti delle informazioni o fornire informazioni aggiuntive, se necessario;<\/li><li>informare circa la decisione sulla domanda.<\/li><\/ul>\n\n<p>Inoltre, le autorit\u00e0 canadesi forniscono uno strumento di verifica online per verificare lo stato di un&#8217;eTA. Questo \u00e8 inteso per due tipi di situazioni:<\/p>\n\n<ul class=\"wp-block-list\"><li>il viaggiatore ha fatto una nuova richiesta, vuole verificare lo stato dell&#8217;autorizzazione;<\/li><li>il viaggiatore ha gi\u00e0 un&#8217;eTA, ma vuole assicurarsi che sia ancora valida o semplicemente trovarla.<\/li><\/ul>\n\n<p>Per verificare lo stato della tua eTA tramite questo strumento, dovrai semplicemente portare con te il tuo passaporto e il numero della domanda che appare nell&#8217;e-mail di conferma. Le informazioni sul passaporto richieste sono il numero del passaporto, il paese di rilascio, la data di rilascio e la scadenza.<\/p>\n\n<p>Se si scopre, dopo averlo fatto <a href=\"https:\/\/ave-eta-canada.com\/it\/come-verificare-lo-stato-della-richiesta-di-eta-canada\/\">verificato lo stato della tua eTA,<\/a> la domanda viene respinta, sar\u00e0 necessario richiedere il visto presso l&#8217;Ambasciata canadese se non possono essere soddisfatte le condizioni di ammissibilit\u00e0 o procedere con una nuova domanda se il rifiuto \u00e8 dovuto a un errore di inserimento.<\/p>\n\n<p>Dopo aver completato tutti i controlli e assicurata la <a href=\"https:\/\/ave-eta-canada.com\/it\/come-controllare-un-eta\/\">validit\u00e0 della tua eTA,<\/a> hai ufficialmente il diritto di viaggiare nel paese dell&#8217;acero.<\/p>\n\n<p>Nota: anche se hai verificato che la tua eTA sia corretta, ci\u00f2 non garantisce il tuo accesso al territorio. Infatti, al tuo arrivo in aeroporto, sarai soggetto al controllo da parte dei servizi doganali tramite un agente dei servizi di frontiera, l&#8217;unica persona autorizzata a giudicare se hai o meno diritto, o meno, a soggiornare o transitare attraverso il Canada.<\/p>\n\n<p>Nota: se hai <a href=\"https:\/\/ave-eta-canada.com\/it\/come-trovare-un-eta-perduto-in-canada\/\">smarrito la tua eTA Canada<\/a> , la procedura di ricerca va fatta anche sul sito ufficiale del governo canadese. <\/p>\n","protected":false},"excerpt":{"rendered":"<p>Come controllare la tua eTA per il Canada? Se prevedi di recarti presto in Canada, prima di partire dovrai verificare di avere la tua Autorizzazione di Viaggio Elettronica (eTA) per il Canada e che sia ancora valida. Per un soggiorno inferiore a 6 mesi in Canada : Puoi espletare le formalit\u00e0 per entrare in Canada [&hellip;]<\/p>\n","protected":false},"author":1,"featured_media":0,"parent":0,"menu_order":0,"comment_status":"closed","ping_status":"closed","template":"","meta":{"footnotes":""},"class_list":["post-874","page","type-page","status-publish","hentry"],"yoast_head":"<!-- This site is optimized with the Yoast SEO plugin v26.9 - https:\/\/yoast.com\/product\/yoast-seo-wordpress\/ -->\n<title>Come verificare un&#039;eTA?<\/title>\n<meta name=\"description\" content=\"Prima di partire per il Canada, \u00e8 importante verificare che la tua autorizzazione eTA sia valida. Scopri come eseguire facilmente questa verifica.\" \/>\n<meta name=\"robots\" content=\"index, follow, max-snippet:-1, max-image-preview:large, max-video-preview:-1\" \/>\n<link rel=\"canonical\" href=\"https:\/\/ave-eta-canada.com\/it\/come-controllare-un-eta\/\" \/>\n<meta property=\"og:locale\" content=\"it_IT\" \/>\n<meta property=\"og:type\" content=\"article\" \/>\n<meta property=\"og:title\" content=\"Come verificare un&#039;eTA?\" \/>\n<meta property=\"og:description\" content=\"Prima di partire per il Canada, \u00e8 importante verificare che la tua autorizzazione eTA sia valida. Scopri come eseguire facilmente questa verifica.\" \/>\n<meta property=\"og:url\" content=\"https:\/\/ave-eta-canada.com\/it\/come-controllare-un-eta\/\" \/>\n<meta property=\"og:site_name\" content=\"VISTO CANADA\" \/>\n<meta property=\"article:modified_time\" content=\"2022-05-17T16:52:18+00:00\" \/>\n<meta name=\"twitter:card\" content=\"summary_large_image\" \/>\n<meta name=\"twitter:label1\" content=\"Tempo di lettura stimato\" \/>\n\t<meta name=\"twitter:data1\" content=\"4 minuti\" \/>\n<script type=\"application\/ld+json\" class=\"yoast-schema-graph\">{\"@context\":\"https:\/\/schema.org\",\"@graph\":[{\"@type\":\"WebPage\",\"@id\":\"https:\/\/ave-eta-canada.com\/it\/come-controllare-un-eta\/\",\"url\":\"https:\/\/ave-eta-canada.com\/it\/come-controllare-un-eta\/\",\"name\":\"Come verificare un'eTA?\",\"isPartOf\":{\"@id\":\"https:\/\/ave-eta-canada.com\/it\/#website\"},\"datePublished\":\"2020-04-24T20:57:08+00:00\",\"dateModified\":\"2022-05-17T16:52:18+00:00\",\"description\":\"Prima di partire per il Canada, \u00e8 importante verificare che la tua autorizzazione eTA sia valida. Scopri come eseguire facilmente questa verifica.\",\"breadcrumb\":{\"@id\":\"https:\/\/ave-eta-canada.com\/it\/come-controllare-un-eta\/#breadcrumb\"},\"inLanguage\":\"it-IT\",\"potentialAction\":[{\"@type\":\"ReadAction\",\"target\":[\"https:\/\/ave-eta-canada.com\/it\/come-controllare-un-eta\/\"]}]},{\"@type\":\"BreadcrumbList\",\"@id\":\"https:\/\/ave-eta-canada.com\/it\/come-controllare-un-eta\/#breadcrumb\",\"itemListElement\":[{\"@type\":\"ListItem\",\"position\":1,\"name\":\"Home\",\"item\":\"https:\/\/ave-eta-canada.com\/it\/\"},{\"@type\":\"ListItem\",\"position\":2,\"name\":\"Come verificare un&#8217;eTA?\"}]},{\"@type\":\"WebSite\",\"@id\":\"https:\/\/ave-eta-canada.com\/it\/#website\",\"url\":\"https:\/\/ave-eta-canada.com\/it\/\",\"name\":\"VISTO CANADA\",\"description\":\"Autorisation Voyage Electronique\",\"potentialAction\":[{\"@type\":\"SearchAction\",\"target\":{\"@type\":\"EntryPoint\",\"urlTemplate\":\"https:\/\/ave-eta-canada.com\/it\/?s={search_term_string}\"},\"query-input\":{\"@type\":\"PropertyValueSpecification\",\"valueRequired\":true,\"valueName\":\"search_term_string\"}}],\"inLanguage\":\"it-IT\"}]}<\/script>\n<!-- \/ Yoast SEO plugin. -->","yoast_head_json":{"title":"Come verificare un'eTA?","description":"Prima di partire per il Canada, \u00e8 importante verificare che la tua autorizzazione eTA sia valida. Scopri come eseguire facilmente questa verifica.","robots":{"index":"index","follow":"follow","max-snippet":"max-snippet:-1","max-image-preview":"max-image-preview:large","max-video-preview":"max-video-preview:-1"},"canonical":"https:\/\/ave-eta-canada.com\/it\/come-controllare-un-eta\/","og_locale":"it_IT","og_type":"article","og_title":"Come verificare un'eTA?","og_description":"Prima di partire per il Canada, \u00e8 importante verificare che la tua autorizzazione eTA sia valida. Scopri come eseguire facilmente questa verifica.","og_url":"https:\/\/ave-eta-canada.com\/it\/come-controllare-un-eta\/","og_site_name":"VISTO CANADA","article_modified_time":"2022-05-17T16:52:18+00:00","twitter_card":"summary_large_image","twitter_misc":{"Tempo di lettura stimato":"4 minuti"},"schema":{"@context":"https:\/\/schema.org","@graph":[{"@type":"WebPage","@id":"https:\/\/ave-eta-canada.com\/it\/come-controllare-un-eta\/","url":"https:\/\/ave-eta-canada.com\/it\/come-controllare-un-eta\/","name":"Come verificare un'eTA?","isPartOf":{"@id":"https:\/\/ave-eta-canada.com\/it\/#website"},"datePublished":"2020-04-24T20:57:08+00:00","dateModified":"2022-05-17T16:52:18+00:00","description":"Prima di partire per il Canada, \u00e8 importante verificare che la tua autorizzazione eTA sia valida. Scopri come eseguire facilmente questa verifica.","breadcrumb":{"@id":"https:\/\/ave-eta-canada.com\/it\/come-controllare-un-eta\/#breadcrumb"},"inLanguage":"it-IT","potentialAction":[{"@type":"ReadAction","target":["https:\/\/ave-eta-canada.com\/it\/come-controllare-un-eta\/"]}]},{"@type":"BreadcrumbList","@id":"https:\/\/ave-eta-canada.com\/it\/come-controllare-un-eta\/#breadcrumb","itemListElement":[{"@type":"ListItem","position":1,"name":"Home","item":"https:\/\/ave-eta-canada.com\/it\/"},{"@type":"ListItem","position":2,"name":"Come verificare un&#8217;eTA?"}]},{"@type":"WebSite","@id":"https:\/\/ave-eta-canada.com\/it\/#website","url":"https:\/\/ave-eta-canada.com\/it\/","name":"VISTO CANADA","description":"Autorisation Voyage Electronique","potentialAction":[{"@type":"SearchAction","target":{"@type":"EntryPoint","urlTemplate":"https:\/\/ave-eta-canada.com\/it\/?s={search_term_string}"},"query-input":{"@type":"PropertyValueSpecification","valueRequired":true,"valueName":"search_term_string"}}],"inLanguage":"it-IT"}]}},"_links":{"self":[{"href":"https:\/\/ave-eta-canada.com\/it\/wp-json\/wp\/v2\/pages\/874","targetHints":{"allow":["GET"]}}],"collection":[{"href":"https:\/\/ave-eta-canada.com\/it\/wp-json\/wp\/v2\/pages"}],"about":[{"href":"https:\/\/ave-eta-canada.com\/it\/wp-json\/wp\/v2\/types\/page"}],"author":[{"embeddable":true,"href":"https:\/\/ave-eta-canada.com\/it\/wp-json\/wp\/v2\/users\/1"}],"replies":[{"embeddable":true,"href":"https:\/\/ave-eta-canada.com\/it\/wp-json\/wp\/v2\/comments?post=874"}],"version-history":[{"count":0,"href":"https:\/\/ave-eta-canada.com\/it\/wp-json\/wp\/v2\/pages\/874\/revisions"}],"wp:attachment":[{"href":"https:\/\/ave-eta-canada.com\/it\/wp-json\/wp\/v2\/media?parent=874"}],"curies":[{"name":"wp","href":"https:\/\/api.w.org\/{rel}","templated":true}]}}