{"id":876,"date":"2020-04-24T21:08:17","date_gmt":"2020-04-24T21:08:17","guid":{"rendered":"https:\/\/ave-eta-canada.com\/eta-canada-e-obbligatorio\/"},"modified":"2022-05-17T17:07:00","modified_gmt":"2022-05-17T17:07:00","slug":"eta-canada-e-obbligatorio","status":"publish","type":"page","link":"https:\/\/ave-eta-canada.com\/it\/eta-canada-e-obbligatorio\/","title":{"rendered":"L&#8217;eTA canadese \u00e8 obbligatoria?"},"content":{"rendered":"\n<h1 class=\"wp-block-heading\">eTA Canada \u00e8 un obbligo?<\/h1>\n\n<p>La Canada eTA \u00e8 un&#8217;autorizzazione di viaggio elettronica istituita dal governo canadese. Si ottiene prima del viaggio in Canada attraverso un modulo online disponibile sul sito web del governo. <\/p>\n\n<p><strong>Per un soggiorno inferiore a 6 mesi in Canada<\/strong> : Puoi espletare le formalit\u00e0 per entrare in Canada direttamente via Internet cliccando sul <a href=\"https:\/\/ave-eta-canada.com\/it\/modulo-online-eta-canada\/\">modulo online<\/a> . Non \u00e8 necessario ottenere un appuntamento presso l&#8217;ambasciata o il consolato canadese.<\/p>\n\n<p>Alla domanda \u00e8 obbligatoria l&#8217;ETA per il Canada? La risposta \u00e8 si. L&#8217;autorizzazione elettronica al viaggio in Canada \u00e8 obbligatoria per alcuni viaggiatori a determinate condizioni. Spieghiamo qui quali sono gli obblighi dell&#8217;eTA Canada.<br\/><br\/><\/p>\n\n<h2 class=\"wp-block-heading\">Quando \u00e8 obbligatoria l&#8217;ETA per il Canada?<\/h2>\n\n<p>L&#8217;eTA canadese \u00e8 stata resa obbligatoria nel novembre 2016 dalle autorit\u00e0 canadesi. Il suo principio \u00e8 semplice: ottenere un&#8217;autorizzazione di viaggio prima di recarsi in Canada, che aiuta ad alleviare la congestione alle ambasciate canadesi e ai valichi di frontiera, garantendo nel contempo la sicurezza interna del paese.<\/p>\n\n<p><a href=\"https:\/\/ave-eta-canada.com\/it\/tutto-quello-che-devi-sapere-sullapplicazione-eta-per-il-canada\/\">Il Canada eTA \u00e8 obbligatorio<\/a> per l&#8217;ingresso nel territorio canadese solo per via aerea. Qualsiasi soggiorno in Canada via terra e via mare non richiede quindi di richiedere un&#8217;eTA Canada. Si noti che l&#8217;obbligo dell&#8217;eTA Canada riguarda anche i transiti aerei.<\/p>\n\n<p>Non ha senso recarsi in aeroporto senza l&#8217;eTA Canada obbligatoria, perch\u00e9 le compagnie aeree sono obbligate a negare l&#8217;imbarco a chiunque non soddisfi i requisiti di immigrazione del governo canadese. \u00c8 quindi fondamentale ottenere l&#8217;autorizzazione al viaggio prima di partire.<br\/><br\/><\/p>\n\n<h2 class=\"wp-block-heading\">Per chi \u00e8 l&#8217;obbligo dell&#8217;eTA per il Canada?<\/h2>\n\n<p>Il requisito dell&#8217;eTA canadese \u00e8 solo per i cittadini di paesi esenti dal visto. Essendo la Italia una di queste, i cittadini italiani devono sottostare all&#8217;obbligo dell&#8217;eTA Canada di recarsi in Canada.<\/p>\n\n<p>Tuttavia, l&#8217;obbligo dell&#8217;eTA Canada non si applica ai cittadini francesi residenti a Saint-Pierre-et-Miquelon, se viaggiano in Canada direttamente da Saint-Pierre-et-Miquelon. Sono esenti dall&#8217;obbligo eTA Canada anche i viaggiatori con doppia nazionalit\u00e0 canadese o americana (a condizione che abbiano un passaporto valido &#8211; passaporto canadese o americano), i residenti permanenti canadesi e, a determinate condizioni, i titolari di un visto canadese valido (visto di soggiorno temporaneo, PVT , permesso di lavoro, permesso di studio, ecc.).<\/p>\n\n<p>L&#8217;autorizzazione al viaggio non ti consente di <a href=\"https:\/\/ave-eta-canada.com\/it\/whp-canada-come-ottenere-un-permesso-di-vacanza-di-lavoro\/\">lavorare o studiare in Canada.<\/a> Inoltre non \u00e8 un permesso di ingresso: l&#8217;addetto ai servizi di frontiera \u00e8 responsabile dell&#8217;accettazione o del rifiuto dei passeggeri in arrivo alla frontiera. La sua decisione si basa sulla presentazione dei documenti di viaggio obbligatori (passaporto, eTA, biglietto di uscita, ecc.).<br\/><br\/><\/p>\n\n<h2 class=\"wp-block-heading\">Quali sono gli altri obblighi dell&#8217;ETA Canada?<\/h2>\n\n<p>L&#8217;eTA Canada \u00e8 collegata al passaporto del viaggiatore. Pertanto, qualsiasi modifica relativa al passaporto comporta la nullit\u00e0 dell&#8217;eTA, che include il rinnovo del passaporto. L&#8217;eTA Canada obbligatoria deve essere aggiornata, altrimenti \u00e8 vietato l&#8217;ingresso in Canada.<\/p>\n\n<p>Il titolare di un&#8217;eTA Canada ha l&#8217;obbligo di lasciare il Paese al pi\u00f9 tardi 6 mesi dopo il suo arrivo. Pu\u00f2, tuttavia, effettuare tutti i viaggi che desidera in Canada durante il periodo <a href=\"https:\/\/ave-eta-canada.com\/it\/eta-canada-periodo-di-validita\/\">di validit\u00e0 dell&#8217;eTA<\/a> . Si precisa che l&#8217;autorizzazione \u00e8 rilasciata per un periodo di 5 anni o fino alla scadenza del passaporto, se quest&#8217;ultimo scade prima della fine della durata ufficiale dell&#8217;autorizzazione eTA.<br\/><br\/><\/p>\n\n<h2 class=\"wp-block-heading\">Come ottenere l&#8217;eTA Canada obbligatoria?<\/h2>\n\n<p>L&#8217;eTA Canada obbligatoria pu\u00f2 essere ottenuta solo online tramite il sito Web ufficiale del governo canadese o tramite un&#8217;organizzazione privata, come il nostro partner, per assistenza personalizzata. Non \u00e8 necessario contattare l&#8217;ambasciata o il consolato canadese, poich\u00e9 vengono elaborate solo le domande online.<\/p>\n\n<p>La domanda eTA Canada consiste nella compilazione di un modulo i cui campi fanno riferimento ai dati del passaporto e alle informazioni personali del titolare. Il <a href=\"https:\/\/ave-eta-canada.com\/it\/completa-il-modulo-eta-per-il-canada\/\">modulo online<\/a> \u00e8 completato da 4 domande relative a malattie non curate, reati penali e precedenti soggiorni del viaggiatore.<\/p>\n\n<p>Il modulo da compilare viene convalidato una volta effettuato il pagamento della quota di autorizzazione di 7 dollari canadesi. Una conferma di ricezione viene inviata automaticamente all&#8217;indirizzo e-mail fornito nel modulo. La risposta finale di solito segue entro pochi minuti. In caso di richiesta pendente, cosa rara, entro pochi giorni viene inviata un&#8217;e-mail con l&#8217;elenco dei documenti aggiuntivi da fornire. Tieni presente che puoi <a href=\"https:\/\/ave-eta-canada.com\/it\/come-trovare-un-eta\/\">trovare la tua domanda eTA<\/a> utilizzando il numero che hai ricevuto via e-mail.<\/p>\n\n<p>Si noti che un rifiuto di eTA Canada non \u00e8 un divieto permanente di ingresso in Canada. Il viaggiatore pu\u00f2 ripetere la sua richiesta, se nota un errore di battitura, o richiedere il visto all&#8217;ambasciata.<\/p>\n","protected":false},"excerpt":{"rendered":"<p>eTA Canada \u00e8 un obbligo? La Canada eTA \u00e8 un&#8217;autorizzazione di viaggio elettronica istituita dal governo canadese. Si ottiene prima del viaggio in Canada attraverso un modulo online disponibile sul sito web del governo. Per un soggiorno inferiore a 6 mesi in Canada : Puoi espletare le formalit\u00e0 per entrare in Canada direttamente via Internet [&hellip;]<\/p>\n","protected":false},"author":1,"featured_media":0,"parent":0,"menu_order":0,"comment_status":"closed","ping_status":"closed","template":"","meta":{"footnotes":""},"class_list":["post-876","page","type-page","status-publish","hentry"],"yoast_head":"<!-- This site is optimized with the Yoast SEO plugin v26.9 - https:\/\/yoast.com\/product\/yoast-seo-wordpress\/ -->\n<title>L&#039;eTA canadese \u00e8 obbligatoria?<\/title>\n<meta name=\"description\" content=\"Nel novembre 2016, il governo canadese ha introdotto un&#039;autorizzazione di viaggio elettronica eTA. \u00c8 obbligatorio? La risposta completa qui.\" \/>\n<meta name=\"robots\" content=\"index, follow, max-snippet:-1, max-image-preview:large, max-video-preview:-1\" \/>\n<link rel=\"canonical\" href=\"https:\/\/ave-eta-canada.com\/it\/eta-canada-e-obbligatorio\/\" \/>\n<meta property=\"og:locale\" content=\"it_IT\" \/>\n<meta property=\"og:type\" content=\"article\" \/>\n<meta property=\"og:title\" content=\"L&#039;eTA canadese \u00e8 obbligatoria?\" \/>\n<meta property=\"og:description\" content=\"Nel novembre 2016, il governo canadese ha introdotto un&#039;autorizzazione di viaggio elettronica eTA. \u00c8 obbligatorio? La risposta completa qui.\" \/>\n<meta property=\"og:url\" content=\"https:\/\/ave-eta-canada.com\/it\/eta-canada-e-obbligatorio\/\" \/>\n<meta property=\"og:site_name\" content=\"VISTO CANADA\" \/>\n<meta property=\"article:modified_time\" content=\"2022-05-17T17:07:00+00:00\" \/>\n<meta name=\"twitter:card\" content=\"summary_large_image\" \/>\n<meta name=\"twitter:label1\" content=\"Tempo di lettura stimato\" \/>\n\t<meta name=\"twitter:data1\" content=\"3 minuti\" \/>\n<script type=\"application\/ld+json\" class=\"yoast-schema-graph\">{\"@context\":\"https:\/\/schema.org\",\"@graph\":[{\"@type\":\"WebPage\",\"@id\":\"https:\/\/ave-eta-canada.com\/it\/eta-canada-e-obbligatorio\/\",\"url\":\"https:\/\/ave-eta-canada.com\/it\/eta-canada-e-obbligatorio\/\",\"name\":\"L'eTA canadese \u00e8 obbligatoria?\",\"isPartOf\":{\"@id\":\"https:\/\/ave-eta-canada.com\/it\/#website\"},\"datePublished\":\"2020-04-24T21:08:17+00:00\",\"dateModified\":\"2022-05-17T17:07:00+00:00\",\"description\":\"Nel novembre 2016, il governo canadese ha introdotto un'autorizzazione di viaggio elettronica eTA. \u00c8 obbligatorio? La risposta completa qui.\",\"breadcrumb\":{\"@id\":\"https:\/\/ave-eta-canada.com\/it\/eta-canada-e-obbligatorio\/#breadcrumb\"},\"inLanguage\":\"it-IT\",\"potentialAction\":[{\"@type\":\"ReadAction\",\"target\":[\"https:\/\/ave-eta-canada.com\/it\/eta-canada-e-obbligatorio\/\"]}]},{\"@type\":\"BreadcrumbList\",\"@id\":\"https:\/\/ave-eta-canada.com\/it\/eta-canada-e-obbligatorio\/#breadcrumb\",\"itemListElement\":[{\"@type\":\"ListItem\",\"position\":1,\"name\":\"Home\",\"item\":\"https:\/\/ave-eta-canada.com\/it\/\"},{\"@type\":\"ListItem\",\"position\":2,\"name\":\"L&#8217;eTA canadese \u00e8 obbligatoria?\"}]},{\"@type\":\"WebSite\",\"@id\":\"https:\/\/ave-eta-canada.com\/it\/#website\",\"url\":\"https:\/\/ave-eta-canada.com\/it\/\",\"name\":\"VISTO CANADA\",\"description\":\"Autorisation Voyage Electronique\",\"potentialAction\":[{\"@type\":\"SearchAction\",\"target\":{\"@type\":\"EntryPoint\",\"urlTemplate\":\"https:\/\/ave-eta-canada.com\/it\/?s={search_term_string}\"},\"query-input\":{\"@type\":\"PropertyValueSpecification\",\"valueRequired\":true,\"valueName\":\"search_term_string\"}}],\"inLanguage\":\"it-IT\"}]}<\/script>\n<!-- \/ Yoast SEO plugin. -->","yoast_head_json":{"title":"L'eTA canadese \u00e8 obbligatoria?","description":"Nel novembre 2016, il governo canadese ha introdotto un'autorizzazione di viaggio elettronica eTA. \u00c8 obbligatorio? La risposta completa qui.","robots":{"index":"index","follow":"follow","max-snippet":"max-snippet:-1","max-image-preview":"max-image-preview:large","max-video-preview":"max-video-preview:-1"},"canonical":"https:\/\/ave-eta-canada.com\/it\/eta-canada-e-obbligatorio\/","og_locale":"it_IT","og_type":"article","og_title":"L'eTA canadese \u00e8 obbligatoria?","og_description":"Nel novembre 2016, il governo canadese ha introdotto un'autorizzazione di viaggio elettronica eTA. \u00c8 obbligatorio? La risposta completa qui.","og_url":"https:\/\/ave-eta-canada.com\/it\/eta-canada-e-obbligatorio\/","og_site_name":"VISTO CANADA","article_modified_time":"2022-05-17T17:07:00+00:00","twitter_card":"summary_large_image","twitter_misc":{"Tempo di lettura stimato":"3 minuti"},"schema":{"@context":"https:\/\/schema.org","@graph":[{"@type":"WebPage","@id":"https:\/\/ave-eta-canada.com\/it\/eta-canada-e-obbligatorio\/","url":"https:\/\/ave-eta-canada.com\/it\/eta-canada-e-obbligatorio\/","name":"L'eTA canadese \u00e8 obbligatoria?","isPartOf":{"@id":"https:\/\/ave-eta-canada.com\/it\/#website"},"datePublished":"2020-04-24T21:08:17+00:00","dateModified":"2022-05-17T17:07:00+00:00","description":"Nel novembre 2016, il governo canadese ha introdotto un'autorizzazione di viaggio elettronica eTA. \u00c8 obbligatorio? La risposta completa qui.","breadcrumb":{"@id":"https:\/\/ave-eta-canada.com\/it\/eta-canada-e-obbligatorio\/#breadcrumb"},"inLanguage":"it-IT","potentialAction":[{"@type":"ReadAction","target":["https:\/\/ave-eta-canada.com\/it\/eta-canada-e-obbligatorio\/"]}]},{"@type":"BreadcrumbList","@id":"https:\/\/ave-eta-canada.com\/it\/eta-canada-e-obbligatorio\/#breadcrumb","itemListElement":[{"@type":"ListItem","position":1,"name":"Home","item":"https:\/\/ave-eta-canada.com\/it\/"},{"@type":"ListItem","position":2,"name":"L&#8217;eTA canadese \u00e8 obbligatoria?"}]},{"@type":"WebSite","@id":"https:\/\/ave-eta-canada.com\/it\/#website","url":"https:\/\/ave-eta-canada.com\/it\/","name":"VISTO CANADA","description":"Autorisation Voyage Electronique","potentialAction":[{"@type":"SearchAction","target":{"@type":"EntryPoint","urlTemplate":"https:\/\/ave-eta-canada.com\/it\/?s={search_term_string}"},"query-input":{"@type":"PropertyValueSpecification","valueRequired":true,"valueName":"search_term_string"}}],"inLanguage":"it-IT"}]}},"_links":{"self":[{"href":"https:\/\/ave-eta-canada.com\/it\/wp-json\/wp\/v2\/pages\/876","targetHints":{"allow":["GET"]}}],"collection":[{"href":"https:\/\/ave-eta-canada.com\/it\/wp-json\/wp\/v2\/pages"}],"about":[{"href":"https:\/\/ave-eta-canada.com\/it\/wp-json\/wp\/v2\/types\/page"}],"author":[{"embeddable":true,"href":"https:\/\/ave-eta-canada.com\/it\/wp-json\/wp\/v2\/users\/1"}],"replies":[{"embeddable":true,"href":"https:\/\/ave-eta-canada.com\/it\/wp-json\/wp\/v2\/comments?post=876"}],"version-history":[{"count":0,"href":"https:\/\/ave-eta-canada.com\/it\/wp-json\/wp\/v2\/pages\/876\/revisions"}],"wp:attachment":[{"href":"https:\/\/ave-eta-canada.com\/it\/wp-json\/wp\/v2\/media?parent=876"}],"curies":[{"name":"wp","href":"https:\/\/api.w.org\/{rel}","templated":true}]}}