{"id":878,"date":"2020-04-25T07:30:28","date_gmt":"2020-04-25T07:30:28","guid":{"rendered":"https:\/\/ave-eta-canada.com\/la-lingua-francese-sta-gradualmente-scomparendo-dal-canada\/"},"modified":"2022-05-17T17:07:52","modified_gmt":"2022-05-17T17:07:52","slug":"la-lingua-francese-sta-gradualmente-scomparendo-dal-canada","status":"publish","type":"page","link":"https:\/\/ave-eta-canada.com\/it\/la-lingua-francese-sta-gradualmente-scomparendo-dal-canada\/","title":{"rendered":"La lingua francese sta gradualmente scomparendo dal Canada"},"content":{"rendered":"\n<h1 class=\"wp-block-heading\">Scomparsa del francese nell&#8217;inglese Canada<\/h1>\n\n<p>Il Canada \u00e8 una delle mete turistiche preferite dai francesi, ma anche un paese ospitante per molti espatriati. Sempre pi\u00f9 canadesi sono contrari all&#8217;apprendimento del francese. Perch\u00e9 non sono interessati alla lingua di Moli\u00e8re? E quale futuro per i francesi in Canada?<\/p>\n\n<h2 class=\"wp-block-heading\">La scoperta attuale<\/h2>\n\n<p>Inglese e francese sono le due lingue ufficiali del Canada, secondo la legge approvata nel 1969 dal Parlamento canadese. In precedenza, il bilinguismo era molto importante. Eppure, nonostante questa legislazione sulla lingua, gli inglesi canadesi sono sempre meno inclini a imparare o parlare francese. Sono 10 milioni nel 2018, a dichiarare di saper <a href=\"https:\/\/ave-eta-canada.com\/it\/notizie-novita-sulleta-visa-canada\/\">parlare francese<\/a> , ma questa cifra \u00e8 in costante calo.<\/p>\n\n<p>Imparare una seconda lingua obbligatoria li d\u00e0 gi\u00e0 fastidio e sempre pi\u00f9 persone si chiedono perch\u00e9 dovrebbe essere il francese. Alcuni canadesi pensano che sia ingiusto imparare il francese piuttosto che un&#8217;altra lingua. Anche in Quebec, il francese passa in secondo piano e perde importanza.<\/p>\n\n<p>Appare un fenomeno, quello del rifiuto di vivere in francese. Usare il francese per lavoro \u00e8 ancora accettabile, ma una volta a casa, la seconda lingua ufficiale prende il sopravvento. Anche il francese come prima lingua madre \u00e8 in declino.<br\/><\/p>\n\n<h2 class=\"wp-block-heading\">Quale futuro per la lingua francese in Canada?<\/h2>\n\n<p>Molti studi mostrano una profonda divisione tra le due comunit\u00e0 ufficiali del Canada.<\/p>\n\n<p><a href=\"https:\/\/www.canada.ca\/fr.html\">Il governo del Quebec<\/a> vuole reintrodurre il francese nelle piccole e medie imprese per incoraggiare i canadesi a imparare la lingua di Moli\u00e8re. Questo piano d&#8217;azione consentirebbe di preservare la lingua francese, facilitando al contempo la ricerca di lavoro per i bilingui. Anglofoni e francofoni troverebbero pi\u00f9 facile trovare un lavoro.<\/p>\n\n<p>Va detto che il francese sta gradualmente diventando, per i canadesi, una lingua di lavoro piuttosto che una lingua del cuore.<\/p>\n","protected":false},"excerpt":{"rendered":"<p>Scomparsa del francese nell&#8217;inglese Canada Il Canada \u00e8 una delle mete turistiche preferite dai francesi, ma anche un paese ospitante per molti espatriati. Sempre pi\u00f9 canadesi sono contrari all&#8217;apprendimento del francese. Perch\u00e9 non sono interessati alla lingua di Moli\u00e8re? E quale futuro per i francesi in Canada? La scoperta attuale Inglese e francese sono le [&hellip;]<\/p>\n","protected":false},"author":1,"featured_media":0,"parent":0,"menu_order":0,"comment_status":"closed","ping_status":"closed","template":"","meta":{"footnotes":""},"class_list":["post-878","page","type-page","status-publish","hentry"],"yoast_head":"<!-- This site is optimized with the Yoast SEO plugin v26.9 - https:\/\/yoast.com\/product\/yoast-seo-wordpress\/ -->\n<title>La lingua francese sta gradualmente scomparendo dal Canada<\/title>\n<meta name=\"description\" content=\"Una destinazione popolare per i viaggiatori francesi, il Canada usa ancora meno il francese. Perch\u00e9 tanto disinteresse? Rispondi in questo articolo.\" \/>\n<meta name=\"robots\" content=\"index, follow, max-snippet:-1, max-image-preview:large, max-video-preview:-1\" \/>\n<link rel=\"canonical\" href=\"https:\/\/ave-eta-canada.com\/it\/la-lingua-francese-sta-gradualmente-scomparendo-dal-canada\/\" \/>\n<meta property=\"og:locale\" content=\"it_IT\" \/>\n<meta property=\"og:type\" content=\"article\" \/>\n<meta property=\"og:title\" content=\"La lingua francese sta gradualmente scomparendo dal Canada\" \/>\n<meta property=\"og:description\" content=\"Una destinazione popolare per i viaggiatori francesi, il Canada usa ancora meno il francese. Perch\u00e9 tanto disinteresse? Rispondi in questo articolo.\" \/>\n<meta property=\"og:url\" content=\"https:\/\/ave-eta-canada.com\/it\/la-lingua-francese-sta-gradualmente-scomparendo-dal-canada\/\" \/>\n<meta property=\"og:site_name\" content=\"VISTO CANADA\" \/>\n<meta property=\"article:modified_time\" content=\"2022-05-17T17:07:52+00:00\" \/>\n<meta name=\"twitter:card\" content=\"summary_large_image\" \/>\n<meta name=\"twitter:label1\" content=\"Tempo di lettura stimato\" \/>\n\t<meta name=\"twitter:data1\" content=\"1 minuto\" \/>\n<script type=\"application\/ld+json\" class=\"yoast-schema-graph\">{\"@context\":\"https:\/\/schema.org\",\"@graph\":[{\"@type\":\"WebPage\",\"@id\":\"https:\/\/ave-eta-canada.com\/it\/la-lingua-francese-sta-gradualmente-scomparendo-dal-canada\/\",\"url\":\"https:\/\/ave-eta-canada.com\/it\/la-lingua-francese-sta-gradualmente-scomparendo-dal-canada\/\",\"name\":\"La lingua francese sta gradualmente scomparendo dal Canada\",\"isPartOf\":{\"@id\":\"https:\/\/ave-eta-canada.com\/it\/#website\"},\"datePublished\":\"2020-04-25T07:30:28+00:00\",\"dateModified\":\"2022-05-17T17:07:52+00:00\",\"description\":\"Una destinazione popolare per i viaggiatori francesi, il Canada usa ancora meno il francese. Perch\u00e9 tanto disinteresse? Rispondi in questo articolo.\",\"breadcrumb\":{\"@id\":\"https:\/\/ave-eta-canada.com\/it\/la-lingua-francese-sta-gradualmente-scomparendo-dal-canada\/#breadcrumb\"},\"inLanguage\":\"it-IT\",\"potentialAction\":[{\"@type\":\"ReadAction\",\"target\":[\"https:\/\/ave-eta-canada.com\/it\/la-lingua-francese-sta-gradualmente-scomparendo-dal-canada\/\"]}]},{\"@type\":\"BreadcrumbList\",\"@id\":\"https:\/\/ave-eta-canada.com\/it\/la-lingua-francese-sta-gradualmente-scomparendo-dal-canada\/#breadcrumb\",\"itemListElement\":[{\"@type\":\"ListItem\",\"position\":1,\"name\":\"Home\",\"item\":\"https:\/\/ave-eta-canada.com\/it\/\"},{\"@type\":\"ListItem\",\"position\":2,\"name\":\"La lingua francese sta gradualmente scomparendo dal Canada\"}]},{\"@type\":\"WebSite\",\"@id\":\"https:\/\/ave-eta-canada.com\/it\/#website\",\"url\":\"https:\/\/ave-eta-canada.com\/it\/\",\"name\":\"VISTO CANADA\",\"description\":\"Autorisation Voyage Electronique\",\"potentialAction\":[{\"@type\":\"SearchAction\",\"target\":{\"@type\":\"EntryPoint\",\"urlTemplate\":\"https:\/\/ave-eta-canada.com\/it\/?s={search_term_string}\"},\"query-input\":{\"@type\":\"PropertyValueSpecification\",\"valueRequired\":true,\"valueName\":\"search_term_string\"}}],\"inLanguage\":\"it-IT\"}]}<\/script>\n<!-- \/ Yoast SEO plugin. -->","yoast_head_json":{"title":"La lingua francese sta gradualmente scomparendo dal Canada","description":"Una destinazione popolare per i viaggiatori francesi, il Canada usa ancora meno il francese. Perch\u00e9 tanto disinteresse? Rispondi in questo articolo.","robots":{"index":"index","follow":"follow","max-snippet":"max-snippet:-1","max-image-preview":"max-image-preview:large","max-video-preview":"max-video-preview:-1"},"canonical":"https:\/\/ave-eta-canada.com\/it\/la-lingua-francese-sta-gradualmente-scomparendo-dal-canada\/","og_locale":"it_IT","og_type":"article","og_title":"La lingua francese sta gradualmente scomparendo dal Canada","og_description":"Una destinazione popolare per i viaggiatori francesi, il Canada usa ancora meno il francese. Perch\u00e9 tanto disinteresse? Rispondi in questo articolo.","og_url":"https:\/\/ave-eta-canada.com\/it\/la-lingua-francese-sta-gradualmente-scomparendo-dal-canada\/","og_site_name":"VISTO CANADA","article_modified_time":"2022-05-17T17:07:52+00:00","twitter_card":"summary_large_image","twitter_misc":{"Tempo di lettura stimato":"1 minuto"},"schema":{"@context":"https:\/\/schema.org","@graph":[{"@type":"WebPage","@id":"https:\/\/ave-eta-canada.com\/it\/la-lingua-francese-sta-gradualmente-scomparendo-dal-canada\/","url":"https:\/\/ave-eta-canada.com\/it\/la-lingua-francese-sta-gradualmente-scomparendo-dal-canada\/","name":"La lingua francese sta gradualmente scomparendo dal Canada","isPartOf":{"@id":"https:\/\/ave-eta-canada.com\/it\/#website"},"datePublished":"2020-04-25T07:30:28+00:00","dateModified":"2022-05-17T17:07:52+00:00","description":"Una destinazione popolare per i viaggiatori francesi, il Canada usa ancora meno il francese. Perch\u00e9 tanto disinteresse? Rispondi in questo articolo.","breadcrumb":{"@id":"https:\/\/ave-eta-canada.com\/it\/la-lingua-francese-sta-gradualmente-scomparendo-dal-canada\/#breadcrumb"},"inLanguage":"it-IT","potentialAction":[{"@type":"ReadAction","target":["https:\/\/ave-eta-canada.com\/it\/la-lingua-francese-sta-gradualmente-scomparendo-dal-canada\/"]}]},{"@type":"BreadcrumbList","@id":"https:\/\/ave-eta-canada.com\/it\/la-lingua-francese-sta-gradualmente-scomparendo-dal-canada\/#breadcrumb","itemListElement":[{"@type":"ListItem","position":1,"name":"Home","item":"https:\/\/ave-eta-canada.com\/it\/"},{"@type":"ListItem","position":2,"name":"La lingua francese sta gradualmente scomparendo dal Canada"}]},{"@type":"WebSite","@id":"https:\/\/ave-eta-canada.com\/it\/#website","url":"https:\/\/ave-eta-canada.com\/it\/","name":"VISTO CANADA","description":"Autorisation Voyage Electronique","potentialAction":[{"@type":"SearchAction","target":{"@type":"EntryPoint","urlTemplate":"https:\/\/ave-eta-canada.com\/it\/?s={search_term_string}"},"query-input":{"@type":"PropertyValueSpecification","valueRequired":true,"valueName":"search_term_string"}}],"inLanguage":"it-IT"}]}},"_links":{"self":[{"href":"https:\/\/ave-eta-canada.com\/it\/wp-json\/wp\/v2\/pages\/878","targetHints":{"allow":["GET"]}}],"collection":[{"href":"https:\/\/ave-eta-canada.com\/it\/wp-json\/wp\/v2\/pages"}],"about":[{"href":"https:\/\/ave-eta-canada.com\/it\/wp-json\/wp\/v2\/types\/page"}],"author":[{"embeddable":true,"href":"https:\/\/ave-eta-canada.com\/it\/wp-json\/wp\/v2\/users\/1"}],"replies":[{"embeddable":true,"href":"https:\/\/ave-eta-canada.com\/it\/wp-json\/wp\/v2\/comments?post=878"}],"version-history":[{"count":0,"href":"https:\/\/ave-eta-canada.com\/it\/wp-json\/wp\/v2\/pages\/878\/revisions"}],"wp:attachment":[{"href":"https:\/\/ave-eta-canada.com\/it\/wp-json\/wp\/v2\/media?parent=878"}],"curies":[{"name":"wp","href":"https:\/\/api.w.org\/{rel}","templated":true}]}}