{"id":880,"date":"2020-04-25T07:39:08","date_gmt":"2020-04-25T07:39:08","guid":{"rendered":"https:\/\/ave-eta-canada.com\/la-guida-pratica-per-viaggiare-in-canada\/"},"modified":"2022-05-17T17:09:50","modified_gmt":"2022-05-17T17:09:50","slug":"la-guida-pratica-per-viaggiare-in-canada","status":"publish","type":"page","link":"https:\/\/ave-eta-canada.com\/it\/la-guida-pratica-per-viaggiare-in-canada\/","title":{"rendered":"La guida pratica per viaggiare in Canada"},"content":{"rendered":"\n<h1 class=\"wp-block-heading\">In viaggio in Canada: informazioni pratiche<\/h1>\n\n<p><strong>Per un soggiorno inferiore a 6 mesi in Canada<\/strong> : Puoi espletare le formalit\u00e0 per entrare in Canada direttamente via Internet cliccando sul <a href=\"https:\/\/ave-eta-canada.com\/it\/modulo-online-eta-canada\/\">modulo online<\/a> . Non \u00e8 necessario ottenere un appuntamento presso l&#8217;ambasciata o il consolato canadese.<\/p>\n\n<p>Che tu sia un amante della natura o un fan del gigantismo delle citt\u00e0 nordamericane, il Canada \u00e8 fatto per te! Per aiutarti a prepararti al meglio per il tuo viaggio attraverso l&#8217;Atlantico, dettagliamo in questo articolo tutte le informazioni che devi sapere prima di recarti in Canada. <\/p>\n\n<p>Quando partire? Cosa fare ? Quali <a href=\"https:\/\/ave-eta-canada.com\/it\/faq-eta-canada\/\">documenti sono necessari<\/a> prima dell&#8217;imbarco? Le risposte sono sotto.<\/p>\n\n<h2 class=\"wp-block-heading\"><br\/>Qual \u00e8 il periodo migliore per viaggiare in Canada?<\/h2>\n\n<p>A causa del suo clima continentale, il Canada subisce notevoli sbalzi di temperatura tra le stagioni. In generale gli inverni sono piuttosto rigidi con temperature negative, non \u00e8 raro che il termometro indichi -20\u00b0C a met\u00e0 gennaio in alcune regioni. Al contrario, le estati sono relativamente calde, con temperature che salgono fino a 30\u00b0C ad agosto.<\/p>\n\n<p>In realt\u00e0, come vedremo, non c&#8217;\u00e8 periodo migliore per <a href=\"https:\/\/ave-eta-canada.com\/it\/la-guida-pratica-per-viaggiare-in-canada\/\">viaggiare in Canada<\/a> : tutto dipende dal tuo progetto.<\/p>\n\n<h3 class=\"wp-block-heading\">Rimani in Canada in inverno<\/h3>\n\n<p>Se vuoi praticare gli sport invernali, il periodo migliore per viaggiare in Canada sar\u00e0 senza dubbio da novembre a febbraio. In questo periodo le occupazioni sono tante: lo sci, la motoslitta, lo sleddog, le ciaspolate&#8230; In breve, se sei un fan della neve e delle attivit\u00e0 all&#8217;aria aperta, non ti annoierai.<\/p>\n\n<h3 class=\"wp-block-heading\">Visita il Canada in estate<\/h3>\n\n<p>Naturalmente l&#8217;estate si presta anche alle attivit\u00e0 all&#8217;aria aperta: escursioni nei parchi nazionali, campeggio, canoa, ecc. Parallelamente, in questo periodo vengono organizzati molti eventi culturali. Questo \u00e8 particolarmente vero in Quebec o Montreal, dove i festival si susseguono per tutta la stagione estiva. Per gli amanti del jazz, non perdetevi l&#8217;International Jazz Festival che si tiene a Montreal ogni anno tra giugno e luglio.<\/p>\n\n<p>Se scegli di andare in Quebec in estate, ti consigliamo di visitare Tadoussac, che altro non \u00e8 che il villaggio pi\u00f9 antico del Quebec. L&#8217;attrazione principale di questa localit\u00e0 \u00e8 l&#8217;osservazione delle famose balene blu. Se si opta per una crociera marittima, si pu\u00f2 ammirare la ricchezza della fauna marina locale (delfini, beluga, foche, focene, orche, ecc.).<\/p>\n\n<h3 class=\"wp-block-heading\">Andare in Canada in autunno<\/h3>\n\n<p>Viaggiare in Canada in autunno \u00e8 un ottimo compromesso. Godrai di giornate soleggiate quasi come in estate e temperature relativamente miti, ma non superiori ai 20\u00b0C, da Vancouver al Quebec. <\/p>\n\n<p>Per gli appassionati di fotografia, soggiornare in Canada durante l&#8217;estate indiana \u00e8 l&#8217;ideale. I colori cangianti delle foglie d&#8217;acero forniranno uno spettacolo affascinante. Se vuoi sfruttare appieno questo fenomeno, ti consigliamo di recarti nella foresta boreale del Quebec, rimarrai affascinato da questi meravigliosi paesaggi dipinti con i colori dell&#8217;autunno.<\/p>\n\n<p>Questa stagione \u00e8 ideale anche per ammirare la migrazione delle oche delle nevi dalle regioni artiche e lungo il famoso fiume San Lorenzo, per partire alla volta degli Stati Uniti. <\/p>\n\n<h2 class=\"wp-block-heading\"><br\/>Viaggio in Canada: cosa visitare?<\/h2>\n\n<p>L&#8217;immensit\u00e0 del Canada lascia incalcolabili possibilit\u00e0 di visite. Se hai sete di cambiare scenario, non avresti potuto scegliere una destinazione migliore! Grandi spazi selvaggi, fauna eccezionalmente ricca, sport all&#8217;aria aperta, citt\u00e0 gigantesche e molto vivaci, ce n&#8217;\u00e8 per tutti i gusti e tutti i colori! Per partire con la testa piena di ricordi indimenticabili, abbiamo selezionato per te un elenco dei luoghi imperdibili da visitare.<\/p>\n\n<h3 class=\"wp-block-heading\">Montr\u00e9al<\/h3>\n\n<p>Essendo la prima citt\u00e0 della provincia del Quebec, non puoi andare in Canada senza fermarti a Montreal. Citt\u00e0 multiculturale e cosmopolita, Montreal offre un&#8217;ampia variet\u00e0 di attivit\u00e0 e luoghi da visitare.<\/p>\n\n<p>Per iniziare, vi consigliamo di fare una passeggiata nel quartiere Old Montreal. Confinante con il fiume San Lorenzo, questo quartiere risalente al XVII secolo \u00e8 particolarmente apprezzato grazie alle sue numerose piazze animate dall&#8217;attivit\u00e0 di graziosi caff\u00e8 e negozi. Il maggior punto di interesse della Vecchia Montreal \u00e8 senza dubbio la Basilica di Notre-Dame, un imponente edificio in stile neogotico. Se vuoi godere di una vista sull&#8217;intero San Lorenzo, non esitare ad andare alla famosa Torre dell&#8217;Orologio, situata nel vecchio porto di Montreal. Sappi che prima di raggiungere la cima di questo monumento dovrai salire ancora 192 gradini, tuttavia questa fatica vale l&#8217;eccezionale panorama offerto all&#8217;arrivo! <\/p>\n\n<h3 class=\"wp-block-heading\">Qu\u00e9bec<\/h3>\n\n<p>Chi dice viaggio in Quebec, dice necessariamente Quebec City. La seconda citt\u00e0 pi\u00f9 grande della provincia del Quebec, Quebec \u00e8 riuscita a preservare la sua autenticit\u00e0 nel corso degli anni, da qui la sua inclusione nella lista del patrimonio mondiale dell&#8217;UNESCO. Una calda atmosfera regna su questa citt\u00e0 a misura d&#8217;uomo, grazie in particolare alle sue antiche case e ai suoi numerosi vicoli. Il suo stile ricorda anche l&#8217;architettura francese.<\/p>\n\n<h3 class=\"wp-block-heading\">cascate del Niagara <\/h3>\n\n<p>Considerata una delle principali attrazioni del Canada, le cascate del Niagara sono un must quando si tratta di visitare il paese degli aceri! A seconda del tuo desiderio e del tuo umore, puoi ammirare queste cascate in diversi modi: in barca, in ascensore, sulla terrazza panoramica o anche in elicottero!<\/p>\n\n<h3 class=\"wp-block-heading\">Toronto<\/h3>\n\n<p>La citt\u00e0 di Toronto si trova vicino alle Cascate del Niagara. Dopo averli ammirati, cogli l&#8217;occasione per visitare la citt\u00e0 pi\u00f9 grande del Canada. Se sei mai stato a New York, rimarrai sorpreso dalla grande somiglianza tra queste due citt\u00e0.<\/p>\n\n<p>L&#8217;attrazione principale di Toronto \u00e8 l&#8217;ascesa della CN Tower. Dall&#8217;alto dei suoi 113 piani, questa torre offre uno straordinario panorama della citt\u00e0 e dei suoi dintorni. I pi\u00f9 coraggiosi possono ammirare questo panorama anche da una terrazza panoramica con pavimento in vetro trasparente!<\/p>\n\n<h3 class=\"wp-block-heading\">Parco Nazionale di Banff<\/h3>\n\n<p>Situato nel cuore delle Montagne Rocciose canadesi, il Parco Nazionale di Banff offre sicuramente uno dei paesaggi pi\u00f9 belli del Canada. Questo parco ospita alcuni laghi glaciali straordinariamente belli, tra cui i laghi Louise e Moraine, che sono i due laghi pi\u00f9 fotografati al mondo. Per ammirare questo spettacolo naturale e l&#8217;ipnotizzante blu turchese dell&#8217;acqua, numerosi sentieri escursionistici costeggiano i dintorni dei laghi. Sta a te realizzare la foto dei tuoi sogni! <\/p>\n\n<h3 class=\"wp-block-heading\">Parco Nazionale di Jasper<\/h3>\n\n<p>Il pi\u00f9 grande parco nazionale delle Montagne Rocciose, Jasper Park \u00e8 famoso in tutto il mondo per le cascate di Athabasca, originate dal ghiacciaio omonimo. Se hai sete di panorami spettacolari, ti consigliamo di andare al Canyon Maligne o di esplorare i sentieri escursionistici intorno ai laghi Maligne e Medicine. <\/p>\n\n<h3 class=\"wp-block-heading\">La passeggiata sul ghiacciaio<\/h3>\n\n<p>Comunemente conosciuta come Icefield Parkway, la Icefield Parkway \u00e8 una delle strade pi\u00f9 panoramiche del Canada. Sarebbe un peccato privarsi dei paesaggi maestosi che offre! Attraversando diversi parchi nazionali, si trovano molti punti panoramici lungo i 230 km che lo compongono. Laghi, fiumi, ghiacciai, canyon, cascate, non rimarrai indifferente alla diversit\u00e0 di paesaggi che questo percorso pu\u00f2 offrire.<\/p>\n\n<h2 class=\"wp-block-heading\"><br\/>Andare in Canada: non dimenticare il permesso di soggiorno<\/h2>\n\n<p>Proprio come per gli USA, non puoi andare in Canada senza avere un&#8217;autorizzazione di viaggio. Ci sono molti documenti di viaggio, ma il pi\u00f9 frequentemente emesso \u00e8 l&#8217;eTA.<\/p>\n\n<h3 class=\"wp-block-heading\">eTA: che cos&#8217;\u00e8?<\/h3>\n\n<p>Se il tuo viaggio in Canada non supera i 6 mesi consecutivi, probabilmente hai diritto all&#8217;eTA (Electronic Travel Authorization). Chiamato anche eTA in inglese, il Canada eTA \u00e8 un permesso di soggiorno che consente ai viaggiatori stranieri idonei di recarsi in Canada senza visto.<\/p>\n\n<p>Questo documento di viaggio non \u00e8 rilasciato a tutti i cittadini. Per fare domanda \u00e8 necessario soddisfare alcune <a href=\"https:\/\/ave-eta-canada.com\/it\/tutto-sulle-condizioni-eta-per-viaggiare-in-canada\/\">condizioni di ammissibilit\u00e0 al Canada<\/a> stabilite dal governo canadese, ovvero:<\/p>\n\n<ul class=\"wp-block-list\"><li>Avere la nazionalit\u00e0 di un paese membro del programma di esenzione dal visto (questo schema include, tra gli altri, tutti i paesi dell&#8217;UE); <\/li><li>Rimani in Canada per un massimo di 6 mesi;<\/li><li>Viaggiare nell&#8217;ambito di un soggiorno turistico, di un viaggio d&#8217;affari o di passaggio nel territorio canadese;<\/li><li>Avere un passaporto valido.<\/li><\/ul>\n\n<p>Per richiedere questo documento, niente di pi\u00f9 semplice: basta compilare un modulo online sul sito web del <a href=\"https:\/\/www.canada.ca\/fr.html\">governo canadese<\/a> o sulla homepage di questo sito. Naturalmente, il tuo fascicolo sar\u00e0 esaminato dalle autorit\u00e0 canadesi per assicurarsi che non rappresenti alcuna minaccia per la sicurezza interna del paese. Tuttavia, non preoccuparti, la maggior parte delle richieste si traduce in un&#8217;approvazione entro pochi giorni dall&#8217;invio della richiesta! <\/p>\n\n<p>Se hai intenzione di andare in Canada per fare uno stage, studiare o addirittura lavorare, <a href=\"https:\/\/ave-eta-canada.com\/it\/\">l&#8217;eTA<\/a> non pu\u00f2 applicarsi al tuo caso, dovrai ottenere un altro documento di viaggio.<\/p>\n\n<h3 class=\"wp-block-heading\">Non sono idoneo all&#8217;eTA: quale documento posso richiedere per entrare in Canada?<\/h3>\n\n<p>Se non sei idoneo per l&#8217;eTA, hai bisogno di un visto canadese. Quest&#8217;ultimo varia a seconda della natura del soggiorno in Canada.<\/p>\n\n<p>Se vuoi lavorare, devi ottenere un permesso di lavoro. Tieni presente che se hai meno di 36 anni, puoi richiedere <a href=\"https:\/\/ave-eta-canada.com\/it\/whp-canada-come-ottenere-un-permesso-di-vacanza-di-lavoro\/\">un permesso di vacanza lavorativa<\/a> (PVT). Questo documento ti consentir\u00e0 di lavorare legalmente e allo stesso tempo di scoprire il Canada e fare le vacanze come meglio credi.<\/p>\n\n<p>Per quanto riguarda gli studenti stranieri, devono richiedere il visto. Se questo \u00e8 il tuo progetto, ti consigliamo di contattare l&#8217;ambasciata o il consolato canadese per maggiori informazioni sulle formalit\u00e0 da espletare, anche se desideri fare uno stage in Canada. <\/p>\n","protected":false},"excerpt":{"rendered":"<p>In viaggio in Canada: informazioni pratiche Per un soggiorno inferiore a 6 mesi in Canada : Puoi espletare le formalit\u00e0 per entrare in Canada direttamente via Internet cliccando sul modulo online . Non \u00e8 necessario ottenere un appuntamento presso l&#8217;ambasciata o il consolato canadese. Che tu sia un amante della natura o un fan del [&hellip;]<\/p>\n","protected":false},"author":1,"featured_media":0,"parent":0,"menu_order":0,"comment_status":"closed","ping_status":"closed","template":"","meta":{"footnotes":""},"class_list":["post-880","page","type-page","status-publish","hentry"],"yoast_head":"<!-- This site is optimized with the Yoast SEO plugin v26.9 - https:\/\/yoast.com\/product\/yoast-seo-wordpress\/ -->\n<title>La guida pratica per viaggiare in Canada<\/title>\n<meta name=\"description\" content=\"Hai intenzione di viaggiare presto in Canada? In questa guida troverete tutte le informazioni pratiche per organizzare questo tanto atteso soggiorno.\" \/>\n<meta name=\"robots\" content=\"index, follow, max-snippet:-1, max-image-preview:large, max-video-preview:-1\" \/>\n<link rel=\"canonical\" href=\"https:\/\/ave-eta-canada.com\/it\/la-guida-pratica-per-viaggiare-in-canada\/\" \/>\n<meta property=\"og:locale\" content=\"it_IT\" \/>\n<meta property=\"og:type\" content=\"article\" \/>\n<meta property=\"og:title\" content=\"La guida pratica per viaggiare in Canada\" \/>\n<meta property=\"og:description\" content=\"Hai intenzione di viaggiare presto in Canada? In questa guida troverete tutte le informazioni pratiche per organizzare questo tanto atteso soggiorno.\" \/>\n<meta property=\"og:url\" content=\"https:\/\/ave-eta-canada.com\/it\/la-guida-pratica-per-viaggiare-in-canada\/\" \/>\n<meta property=\"og:site_name\" content=\"VISTO CANADA\" \/>\n<meta property=\"article:modified_time\" content=\"2022-05-17T17:09:50+00:00\" \/>\n<meta name=\"twitter:card\" content=\"summary_large_image\" \/>\n<meta name=\"twitter:label1\" content=\"Tempo di lettura stimato\" \/>\n\t<meta name=\"twitter:data1\" content=\"7 minuti\" \/>\n<script type=\"application\/ld+json\" class=\"yoast-schema-graph\">{\"@context\":\"https:\/\/schema.org\",\"@graph\":[{\"@type\":\"WebPage\",\"@id\":\"https:\/\/ave-eta-canada.com\/it\/la-guida-pratica-per-viaggiare-in-canada\/\",\"url\":\"https:\/\/ave-eta-canada.com\/it\/la-guida-pratica-per-viaggiare-in-canada\/\",\"name\":\"La guida pratica per viaggiare in Canada\",\"isPartOf\":{\"@id\":\"https:\/\/ave-eta-canada.com\/it\/#website\"},\"datePublished\":\"2020-04-25T07:39:08+00:00\",\"dateModified\":\"2022-05-17T17:09:50+00:00\",\"description\":\"Hai intenzione di viaggiare presto in Canada? In questa guida troverete tutte le informazioni pratiche per organizzare questo tanto atteso soggiorno.\",\"breadcrumb\":{\"@id\":\"https:\/\/ave-eta-canada.com\/it\/la-guida-pratica-per-viaggiare-in-canada\/#breadcrumb\"},\"inLanguage\":\"it-IT\",\"potentialAction\":[{\"@type\":\"ReadAction\",\"target\":[\"https:\/\/ave-eta-canada.com\/it\/la-guida-pratica-per-viaggiare-in-canada\/\"]}]},{\"@type\":\"BreadcrumbList\",\"@id\":\"https:\/\/ave-eta-canada.com\/it\/la-guida-pratica-per-viaggiare-in-canada\/#breadcrumb\",\"itemListElement\":[{\"@type\":\"ListItem\",\"position\":1,\"name\":\"Home\",\"item\":\"https:\/\/ave-eta-canada.com\/it\/\"},{\"@type\":\"ListItem\",\"position\":2,\"name\":\"La guida pratica per viaggiare in Canada\"}]},{\"@type\":\"WebSite\",\"@id\":\"https:\/\/ave-eta-canada.com\/it\/#website\",\"url\":\"https:\/\/ave-eta-canada.com\/it\/\",\"name\":\"VISTO CANADA\",\"description\":\"Autorisation Voyage Electronique\",\"potentialAction\":[{\"@type\":\"SearchAction\",\"target\":{\"@type\":\"EntryPoint\",\"urlTemplate\":\"https:\/\/ave-eta-canada.com\/it\/?s={search_term_string}\"},\"query-input\":{\"@type\":\"PropertyValueSpecification\",\"valueRequired\":true,\"valueName\":\"search_term_string\"}}],\"inLanguage\":\"it-IT\"}]}<\/script>\n<!-- \/ Yoast SEO plugin. -->","yoast_head_json":{"title":"La guida pratica per viaggiare in Canada","description":"Hai intenzione di viaggiare presto in Canada? In questa guida troverete tutte le informazioni pratiche per organizzare questo tanto atteso soggiorno.","robots":{"index":"index","follow":"follow","max-snippet":"max-snippet:-1","max-image-preview":"max-image-preview:large","max-video-preview":"max-video-preview:-1"},"canonical":"https:\/\/ave-eta-canada.com\/it\/la-guida-pratica-per-viaggiare-in-canada\/","og_locale":"it_IT","og_type":"article","og_title":"La guida pratica per viaggiare in Canada","og_description":"Hai intenzione di viaggiare presto in Canada? In questa guida troverete tutte le informazioni pratiche per organizzare questo tanto atteso soggiorno.","og_url":"https:\/\/ave-eta-canada.com\/it\/la-guida-pratica-per-viaggiare-in-canada\/","og_site_name":"VISTO CANADA","article_modified_time":"2022-05-17T17:09:50+00:00","twitter_card":"summary_large_image","twitter_misc":{"Tempo di lettura stimato":"7 minuti"},"schema":{"@context":"https:\/\/schema.org","@graph":[{"@type":"WebPage","@id":"https:\/\/ave-eta-canada.com\/it\/la-guida-pratica-per-viaggiare-in-canada\/","url":"https:\/\/ave-eta-canada.com\/it\/la-guida-pratica-per-viaggiare-in-canada\/","name":"La guida pratica per viaggiare in Canada","isPartOf":{"@id":"https:\/\/ave-eta-canada.com\/it\/#website"},"datePublished":"2020-04-25T07:39:08+00:00","dateModified":"2022-05-17T17:09:50+00:00","description":"Hai intenzione di viaggiare presto in Canada? In questa guida troverete tutte le informazioni pratiche per organizzare questo tanto atteso soggiorno.","breadcrumb":{"@id":"https:\/\/ave-eta-canada.com\/it\/la-guida-pratica-per-viaggiare-in-canada\/#breadcrumb"},"inLanguage":"it-IT","potentialAction":[{"@type":"ReadAction","target":["https:\/\/ave-eta-canada.com\/it\/la-guida-pratica-per-viaggiare-in-canada\/"]}]},{"@type":"BreadcrumbList","@id":"https:\/\/ave-eta-canada.com\/it\/la-guida-pratica-per-viaggiare-in-canada\/#breadcrumb","itemListElement":[{"@type":"ListItem","position":1,"name":"Home","item":"https:\/\/ave-eta-canada.com\/it\/"},{"@type":"ListItem","position":2,"name":"La guida pratica per viaggiare in Canada"}]},{"@type":"WebSite","@id":"https:\/\/ave-eta-canada.com\/it\/#website","url":"https:\/\/ave-eta-canada.com\/it\/","name":"VISTO CANADA","description":"Autorisation Voyage Electronique","potentialAction":[{"@type":"SearchAction","target":{"@type":"EntryPoint","urlTemplate":"https:\/\/ave-eta-canada.com\/it\/?s={search_term_string}"},"query-input":{"@type":"PropertyValueSpecification","valueRequired":true,"valueName":"search_term_string"}}],"inLanguage":"it-IT"}]}},"_links":{"self":[{"href":"https:\/\/ave-eta-canada.com\/it\/wp-json\/wp\/v2\/pages\/880","targetHints":{"allow":["GET"]}}],"collection":[{"href":"https:\/\/ave-eta-canada.com\/it\/wp-json\/wp\/v2\/pages"}],"about":[{"href":"https:\/\/ave-eta-canada.com\/it\/wp-json\/wp\/v2\/types\/page"}],"author":[{"embeddable":true,"href":"https:\/\/ave-eta-canada.com\/it\/wp-json\/wp\/v2\/users\/1"}],"replies":[{"embeddable":true,"href":"https:\/\/ave-eta-canada.com\/it\/wp-json\/wp\/v2\/comments?post=880"}],"version-history":[{"count":0,"href":"https:\/\/ave-eta-canada.com\/it\/wp-json\/wp\/v2\/pages\/880\/revisions"}],"wp:attachment":[{"href":"https:\/\/ave-eta-canada.com\/it\/wp-json\/wp\/v2\/media?parent=880"}],"curies":[{"name":"wp","href":"https:\/\/api.w.org\/{rel}","templated":true}]}}