{"id":882,"date":"2020-04-25T07:42:49","date_gmt":"2020-04-25T07:42:49","guid":{"rendered":"https:\/\/ave-eta-canada.com\/gli-x-games-per-la-prima-volta-in-canada\/"},"modified":"2022-05-13T21:39:52","modified_gmt":"2022-05-13T21:39:52","slug":"gli-x-games-per-la-prima-volta-in-canada","status":"publish","type":"page","link":"https:\/\/ave-eta-canada.com\/it\/gli-x-games-per-la-prima-volta-in-canada\/","title":{"rendered":"Gli X Games in Canada"},"content":{"rendered":"\n<h1 class=\"wp-block-heading\">Il Canada ospita i Winter X Games per 3 anni<\/h1>\n\n<p>Se sei un fan degli sport estremi e ti piacciono le atmosfere da festival, gli X Games fanno per te! Organizzati e trasmessi negli Stati Uniti, i giochi possono ora svolgersi in Canada, nella citt\u00e0 di Calgary. Una manna dal cielo per i viaggiatori che desiderano scoprire il paese dello sciroppo d&#8217;acero mentre si godono l&#8217;imperdibile evento degli X Games.<\/p>\n\n<h2 class=\"wp-block-heading\">Le competizioni essenziali degli X Games<\/h2>\n\n<p>Gli <a href=\"http:\/\/www.xgames.com\/\">X Games<\/a> sono una competizione annuale di diversi sport estremi, trasmessa in 140 paesi. Introdotto per la prima volta dagli Stati Uniti nei giochi sportivi estivi &#8220;Summer X Games&#8221;, la societ\u00e0 ESPN ha poi introdotto i giochi Winter X di fronte al crescente successo.<\/p>\n\n<p>I Winter X Games sono un evento da non perdere per ogni snowboarder e freestyler che si rispetti! I migliori atleti dell&#8217;anno vengono premiati con una medaglia d&#8217;oro, d&#8217;argento e di bronzo.<\/p>\n\n<p>Questa manifestazione invernale \u00e8 conosciuta in tutto il mondo per le numerose gare, una pi\u00f9 avvincente dell&#8217;altra, ma anche per il suo clima di festa.<\/p>\n\n<p>Dal 2010 ha visto la luce una versione di X Games Europe (peraltro in Francia da diversi anni).<\/p>\n\n<h2 class=\"wp-block-heading\">Un patrimonio turistico rafforzato<\/h2>\n\n<p>La provincia di Alberta ha ottenuto i diritti esclusivi per ospitare i primi X Games in Canada e consente a Calgary di diventare la prima citt\u00e0 canadese ad aderire all&#8217;organizzazione degli X Games.<\/p>\n\n<p>Secondo i rappresentanti della provincia, la citt\u00e0 ha l&#8217;autorizzazione ad ospitare gli X giochi per almeno tre anni consecutivi e spera di poter organizzare eventi nel 2020, 2021 e 2022.<\/p>\n\n<p>Il ministro della Cultura e del Turismo, Ricardo Miranda, ha affermato che &#8220;&#8221;questi giochi sono un investimento nel nostro futuro, sia nel turismo, nella cultura, nello sport, nello sviluppo e nella diversificazione della nostra economia&#8221;, rafforzeranno il patrimonio della citt\u00e0 di Calgary e dell&#8217;Alberta come destinazione per gli sport invernali.<\/p>\n\n<h3 class=\"wp-block-heading\">Il vantaggio economico<\/h3>\n\n<p>Considerato un evento invernale da non perdere, i giochi attirano migliaia di spettatori ogni anno e presentano i migliori atleti di sport estremi di tutto il mondo.<\/p>\n\n<p>Il Canada stima che i giochi X potrebbero attrarre circa 75.000 spettatori e 75 milioni di dollari all&#8217;anno! Un significativo spin-off economico che &#8220;sostiene i viaggi e il turismo, lo sviluppo economico, le attivit\u00e0 spin-off come ristoranti e hotel in tutta la comunit\u00e0&#8221;, ha affermato il sindaco della citt\u00e0 di Calgary.<\/p>\n\n<p>I giochi introdurranno un nuovo pubblico a Calgary e ispireranno la prossima generazione di atleti a guardare le partite.<\/p>\n\n<p>Sebbene il <a href=\"https:\/\/www.canada.ca\/fr.html\">governo canadese<\/a> abbia impegnato una grossa somma per consentire l&#8217;hosting dell&#8217;evento globale (13,5 milioni), i funzionari del turismo affermano che i giochi creeranno circa 540 posti di lavoro all&#8217;anno. Una torre di 14 piani sar\u00e0 costruita a Stampede Park per ospitare parte degli eventi, l&#8217;altra parte si svolger\u00e0 al WinSport Olympic Park.<\/p>\n\n<p>Se questo evento sportivo ti interessa, non aspettare oltre e organizza il tuo <a href=\"https:\/\/ave-eta-canada.com\/it\/come-completare-un-eta-per-viaggiare-in-canada\/\">viaggio in Canada<\/a> (non dimenticare la tua <a href=\"https:\/\/ave-eta-canada.com\/it\/fai-una-domanda-ufficiale-di-eta-canada\/\">domanda AVE)<\/a> .<\/p>\n","protected":false},"excerpt":{"rendered":"<p>Il Canada ospita i Winter X Games per 3 anni Se sei un fan degli sport estremi e ti piacciono le atmosfere da festival, gli X Games fanno per te! Organizzati e trasmessi negli Stati Uniti, i giochi possono ora svolgersi in Canada, nella citt\u00e0 di Calgary. Una manna dal cielo per i viaggiatori che [&hellip;]<\/p>\n","protected":false},"author":1,"featured_media":0,"parent":0,"menu_order":0,"comment_status":"closed","ping_status":"closed","template":"","meta":{"footnotes":""},"class_list":["post-882","page","type-page","status-publish","hentry"],"yoast_head":"<!-- This site is optimized with the Yoast SEO plugin v26.9 - https:\/\/yoast.com\/product\/yoast-seo-wordpress\/ -->\n<title>Gli X Games in Canada<\/title>\n<meta name=\"description\" content=\"Per la prima volta, il Canada ottiene i diritti esclusivi per ospitare i Winter X Games nella citt\u00e0 di Calgary. Interessato? \u00c8 qui.\" \/>\n<meta name=\"robots\" content=\"index, follow, max-snippet:-1, max-image-preview:large, max-video-preview:-1\" \/>\n<link rel=\"canonical\" href=\"https:\/\/ave-eta-canada.com\/it\/gli-x-games-per-la-prima-volta-in-canada\/\" \/>\n<meta property=\"og:locale\" content=\"it_IT\" \/>\n<meta property=\"og:type\" content=\"article\" \/>\n<meta property=\"og:title\" content=\"Gli X Games in Canada\" \/>\n<meta property=\"og:description\" content=\"Per la prima volta, il Canada ottiene i diritti esclusivi per ospitare i Winter X Games nella citt\u00e0 di Calgary. Interessato? \u00c8 qui.\" \/>\n<meta property=\"og:url\" content=\"https:\/\/ave-eta-canada.com\/it\/gli-x-games-per-la-prima-volta-in-canada\/\" \/>\n<meta property=\"og:site_name\" content=\"VISTO CANADA\" \/>\n<meta property=\"article:modified_time\" content=\"2022-05-13T21:39:52+00:00\" \/>\n<meta name=\"twitter:card\" content=\"summary_large_image\" \/>\n<meta name=\"twitter:label1\" content=\"Tempo di lettura stimato\" \/>\n\t<meta name=\"twitter:data1\" content=\"2 minuti\" \/>\n<script type=\"application\/ld+json\" class=\"yoast-schema-graph\">{\"@context\":\"https:\/\/schema.org\",\"@graph\":[{\"@type\":\"WebPage\",\"@id\":\"https:\/\/ave-eta-canada.com\/it\/gli-x-games-per-la-prima-volta-in-canada\/\",\"url\":\"https:\/\/ave-eta-canada.com\/it\/gli-x-games-per-la-prima-volta-in-canada\/\",\"name\":\"Gli X Games in Canada\",\"isPartOf\":{\"@id\":\"https:\/\/ave-eta-canada.com\/it\/#website\"},\"datePublished\":\"2020-04-25T07:42:49+00:00\",\"dateModified\":\"2022-05-13T21:39:52+00:00\",\"description\":\"Per la prima volta, il Canada ottiene i diritti esclusivi per ospitare i Winter X Games nella citt\u00e0 di Calgary. Interessato? \u00c8 qui.\",\"breadcrumb\":{\"@id\":\"https:\/\/ave-eta-canada.com\/it\/gli-x-games-per-la-prima-volta-in-canada\/#breadcrumb\"},\"inLanguage\":\"it-IT\",\"potentialAction\":[{\"@type\":\"ReadAction\",\"target\":[\"https:\/\/ave-eta-canada.com\/it\/gli-x-games-per-la-prima-volta-in-canada\/\"]}]},{\"@type\":\"BreadcrumbList\",\"@id\":\"https:\/\/ave-eta-canada.com\/it\/gli-x-games-per-la-prima-volta-in-canada\/#breadcrumb\",\"itemListElement\":[{\"@type\":\"ListItem\",\"position\":1,\"name\":\"Home\",\"item\":\"https:\/\/ave-eta-canada.com\/it\/\"},{\"@type\":\"ListItem\",\"position\":2,\"name\":\"Gli X Games in Canada\"}]},{\"@type\":\"WebSite\",\"@id\":\"https:\/\/ave-eta-canada.com\/it\/#website\",\"url\":\"https:\/\/ave-eta-canada.com\/it\/\",\"name\":\"VISTO CANADA\",\"description\":\"Autorisation Voyage Electronique\",\"potentialAction\":[{\"@type\":\"SearchAction\",\"target\":{\"@type\":\"EntryPoint\",\"urlTemplate\":\"https:\/\/ave-eta-canada.com\/it\/?s={search_term_string}\"},\"query-input\":{\"@type\":\"PropertyValueSpecification\",\"valueRequired\":true,\"valueName\":\"search_term_string\"}}],\"inLanguage\":\"it-IT\"}]}<\/script>\n<!-- \/ Yoast SEO plugin. -->","yoast_head_json":{"title":"Gli X Games in Canada","description":"Per la prima volta, il Canada ottiene i diritti esclusivi per ospitare i Winter X Games nella citt\u00e0 di Calgary. Interessato? \u00c8 qui.","robots":{"index":"index","follow":"follow","max-snippet":"max-snippet:-1","max-image-preview":"max-image-preview:large","max-video-preview":"max-video-preview:-1"},"canonical":"https:\/\/ave-eta-canada.com\/it\/gli-x-games-per-la-prima-volta-in-canada\/","og_locale":"it_IT","og_type":"article","og_title":"Gli X Games in Canada","og_description":"Per la prima volta, il Canada ottiene i diritti esclusivi per ospitare i Winter X Games nella citt\u00e0 di Calgary. Interessato? \u00c8 qui.","og_url":"https:\/\/ave-eta-canada.com\/it\/gli-x-games-per-la-prima-volta-in-canada\/","og_site_name":"VISTO CANADA","article_modified_time":"2022-05-13T21:39:52+00:00","twitter_card":"summary_large_image","twitter_misc":{"Tempo di lettura stimato":"2 minuti"},"schema":{"@context":"https:\/\/schema.org","@graph":[{"@type":"WebPage","@id":"https:\/\/ave-eta-canada.com\/it\/gli-x-games-per-la-prima-volta-in-canada\/","url":"https:\/\/ave-eta-canada.com\/it\/gli-x-games-per-la-prima-volta-in-canada\/","name":"Gli X Games in Canada","isPartOf":{"@id":"https:\/\/ave-eta-canada.com\/it\/#website"},"datePublished":"2020-04-25T07:42:49+00:00","dateModified":"2022-05-13T21:39:52+00:00","description":"Per la prima volta, il Canada ottiene i diritti esclusivi per ospitare i Winter X Games nella citt\u00e0 di Calgary. Interessato? \u00c8 qui.","breadcrumb":{"@id":"https:\/\/ave-eta-canada.com\/it\/gli-x-games-per-la-prima-volta-in-canada\/#breadcrumb"},"inLanguage":"it-IT","potentialAction":[{"@type":"ReadAction","target":["https:\/\/ave-eta-canada.com\/it\/gli-x-games-per-la-prima-volta-in-canada\/"]}]},{"@type":"BreadcrumbList","@id":"https:\/\/ave-eta-canada.com\/it\/gli-x-games-per-la-prima-volta-in-canada\/#breadcrumb","itemListElement":[{"@type":"ListItem","position":1,"name":"Home","item":"https:\/\/ave-eta-canada.com\/it\/"},{"@type":"ListItem","position":2,"name":"Gli X Games in Canada"}]},{"@type":"WebSite","@id":"https:\/\/ave-eta-canada.com\/it\/#website","url":"https:\/\/ave-eta-canada.com\/it\/","name":"VISTO CANADA","description":"Autorisation Voyage Electronique","potentialAction":[{"@type":"SearchAction","target":{"@type":"EntryPoint","urlTemplate":"https:\/\/ave-eta-canada.com\/it\/?s={search_term_string}"},"query-input":{"@type":"PropertyValueSpecification","valueRequired":true,"valueName":"search_term_string"}}],"inLanguage":"it-IT"}]}},"_links":{"self":[{"href":"https:\/\/ave-eta-canada.com\/it\/wp-json\/wp\/v2\/pages\/882","targetHints":{"allow":["GET"]}}],"collection":[{"href":"https:\/\/ave-eta-canada.com\/it\/wp-json\/wp\/v2\/pages"}],"about":[{"href":"https:\/\/ave-eta-canada.com\/it\/wp-json\/wp\/v2\/types\/page"}],"author":[{"embeddable":true,"href":"https:\/\/ave-eta-canada.com\/it\/wp-json\/wp\/v2\/users\/1"}],"replies":[{"embeddable":true,"href":"https:\/\/ave-eta-canada.com\/it\/wp-json\/wp\/v2\/comments?post=882"}],"version-history":[{"count":0,"href":"https:\/\/ave-eta-canada.com\/it\/wp-json\/wp\/v2\/pages\/882\/revisions"}],"wp:attachment":[{"href":"https:\/\/ave-eta-canada.com\/it\/wp-json\/wp\/v2\/media?parent=882"}],"curies":[{"name":"wp","href":"https:\/\/api.w.org\/{rel}","templated":true}]}}