{"id":884,"date":"2020-04-25T08:05:24","date_gmt":"2020-04-25T08:05:24","guid":{"rendered":"https:\/\/ave-eta-canada.com\/lessico-tutte-le-definizioni-attorno-a-eta-canada\/"},"modified":"2022-05-17T17:14:53","modified_gmt":"2022-05-17T17:14:53","slug":"lessico-tutte-le-definizioni-attorno-a-eta-canada","status":"publish","type":"page","link":"https:\/\/ave-eta-canada.com\/it\/lessico-tutte-le-definizioni-attorno-a-eta-canada\/","title":{"rendered":"Glossario | Tutte le definizioni eTA del Canada"},"content":{"rendered":"\n<h1 class=\"wp-block-heading\">Canada eTA, definizioni utili<\/h1>\n\n<p>Vuoi ordinare un&#8217;eTA (Electronic Travel Authorization) per andare in Canada, ma tutte queste sigle sconosciute o parole inglesi ti spaventano? Niente panico, per una migliore comprensione, il nostro team ha stabilito e dettagliato un elenco di termini essenziali relativi al Canada eTA. In questo modo sar\u00e0 molto pi\u00f9 facile ordinare la tua autorizzazione di viaggio. Ti invitiamo inoltre a consultare la nostra pagina delle <a href=\"https:\/\/ave-eta-canada.com\/it\/faq-eta-canada\/\">FAQ<\/a> e la nostra sezione di aiuto.<\/p>\n\n<h2 class=\"wp-block-heading\">NAFTA<\/h2>\n\n<p>NAFTA sta per Accordo di libero scambio nordamericano. Questo patto, firmato tra USA, Messico e Canada, facilita i flussi di cittadini in entrata e in uscita all&#8217;interno di questi territori, nell&#8217;ambito di un&#8217;attivit\u00e0 professionale.<\/p>\n\n<p>Il NAFTA si rivolge a quattro categorie di persone:<\/p>\n\n<ul class=\"wp-block-list\"><li>uomini d&#8217;affari;<\/li><li>dipendenti stipendiati;<\/li><li>lavoratori trasferiti all&#8217;interno di un&#8217;azienda;<\/li><li>investitori e commercianti.<\/li><\/ul>\n\n<h2 class=\"wp-block-heading\">Ambasciata<\/h2>\n\n<p>L&#8217;ambasciata \u00e8 una struttura diplomatica che rappresenta un paese all&#8217;interno di una nazione straniera. I suoi obiettivi sono soprattutto mantenere una buona cooperazione con il paese ospitante, garantire la sicurezza degli espatriati e consentire ai suoi cittadini di svolgere varie procedure amministrative all&#8217;estero.<\/p>\n\n<h2 class=\"wp-block-heading\">eTA<\/h2>\n\n<p><a href=\"https:\/\/ave-eta-canada.com\/it\/\">L&#8217;eTA<\/a> (Electronic Travel Authorization) consente ai cittadini di un paese esente dal visto di viaggiare in Canada in aereo. Lo scopo di questa autorizzazione \u00e8 garantire che il viaggiatore non rappresenti un rischio per la sicurezza interna del Canada. Si presenta sotto forma di documento elettronico direttamente collegato al passaporto ed \u00e8 valido per un periodo di 5 anni o fino alla scadenza del documento di identit\u00e0.<\/p>\n\n<h2 class=\"wp-block-heading\">Consolato<\/h2>\n\n<p>Il consolato \u00e8 un ufficio governativo con sede in un paese estero volto ad assistere e tutelare i cittadini dello Stato rappresentato dal consolato. In particolare, \u00e8 responsabile del rilascio dei documenti di stato civile (carta d&#8217;identit\u00e0, passaporto, ecc.).<\/p>\n\n<h2 class=\"wp-block-heading\">ESTA<\/h2>\n\n<p>Acronimo di Electronic System for Travel Authorization, l&#8217;ESTA \u00e8 l&#8217;equivalente dell&#8217;AVE per gli Stati Uniti. Il modulo ESTA consente ai cittadini di uno dei paesi membri del programma di esenzione dal visto di soggiornare per un massimo di 90 giorni sul suolo americano. La richiesta di autorizzazione ESTA viene effettuata anche online.<\/p>\n\n<h2 class=\"wp-block-heading\">eTA<\/h2>\n\n<p>eTA \u00e8 l&#8217;abbreviazione di &#8220;Autorizzazione al viaggio elettronica&#8221;. \u00c8 semplicemente il termine inglese per AVE. Rilasciata dal governo canadese, l&#8217; <a href=\"https:\/\/ave-eta-canada.com\/it\/che-cose-eta-canada\/\">eTA<\/a> \u00e8 un&#8217;autorizzazione di viaggio in Canada che consente un soggiorno massimo di 6 mesi in Canada.<\/p>\n\n<h2 class=\"wp-block-heading\">tasse eTA<\/h2>\n\n<p>La richiesta di un modulo eTA genera costi amministrativi. Per finalizzare l&#8217;invio della richiesta online \u00e8 necessaria una somma di $7 CAN. Potrebbero essere applicati costi aggiuntivi a seconda dei servizi forniti.<\/p>\n\n<h2 class=\"wp-block-heading\">IRCC<\/h2>\n\n<p>Immigrazione, Rifugiati e Cittadinanza Il Canada \u00e8 il dipartimento dei servizi di immigrazione del Canada. Le missioni di quest&#8217;ultimo ruotano principalmente attorno a:<\/p>\n\n<ul class=\"wp-block-list\"><li>l&#8217;organizzazione e il controllo dei flussi di cittadini in arrivo sul territorio;<\/li><li>mantenere e rafforzare i valori legati alla cittadinanza;<\/li><\/ul>\n\n<p>In quanto tale, l&#8217;IRCC gestisce in particolare l&#8217;emissione di eTA canadesi e verifica che i richiedenti stranieri siano effettivamente ammissibili ai sensi della legge canadese.<\/p>\n\n<h2 class=\"wp-block-heading\">Passaporto biometrico<\/h2>\n\n<p>Lanciato ufficialmente in Francia nel 2009, il passaporto biometrico sostituisce il passaporto elettronico. Ha la particolarit\u00e0 di essere difficilmente falsificabile, grazie ad un chip elettronico contenuto all&#8217;interno del documento. Questi ultimi comprendono i dati identificativi del titolare (impronte digitali, caratteristiche fisionomiche, fotografia, ecc.). Inoltre, il passaporto biometrico viene riconosciuto quando sulla copertina \u00e8 sottolineato il termine \u201cpassaporto\u201d.<\/p>\n\n<h2 class=\"wp-block-heading\">Passaporto elettronico<\/h2>\n\n<p>Introdotto nel 2006, il passaporto elettronico \u00e8 dotato di un chip elettronico contenente i dati identificativi del suo titolare. Ora \u00e8 stato sostituito dal passaporto biometrico, molto pi\u00f9 difficile da falsificare.<\/p>\n\n<h2 class=\"wp-block-heading\">PST<\/h2>\n\n<p>Il PST (Permesso di Soggiorno Temporaneo) \u00e8 un permesso di soggiorno rilasciato a persone inammissibili e non in possesso dei requisiti della legge sull&#8217;immigrazione e sulla protezione dei rifugiati. Le autorit\u00e0 canadesi rilasciano questo documento solo in caso di situazioni eccezionali di natura umanitaria, sociale o economica.<\/p>\n\n<h2 class=\"wp-block-heading\">WHV Canada<\/h2>\n\n<p>Il <a href=\"https:\/\/ave-eta-canada.com\/it\/whp-canada-come-ottenere-un-permesso-di-vacanza-di-lavoro\/\">Working Holiday Program (WHV)<\/a> \u00e8 un visto di lavoro temporaneo che offre ai cittadini idonei l&#8217;opportunit\u00e0 di vivere e lavorare in Canada. A seconda della nazionalit\u00e0, la sua durata \u00e8 di 12 o 24 mesi durante i quali il viaggiatore pu\u00f2 fare turismo, ma anche lavorare sul territorio canadese. <\/p>\n\n<h2 class=\"wp-block-heading\">Residente permanente<\/h2>\n\n<p>Lo status di residente permanente \u00e8 concesso alle persone straniere autorizzate a soggiornare sul territorio canadese senza limiti di tempo. I residenti permanenti possono quindi vivere come qualsiasi cittadino canadese.<\/p>\n\n<h2 class=\"wp-block-heading\">residente temporaneo<\/h2>\n\n<p>Lo status di soggiornante temporaneo \u00e8 riconosciuto agli stranieri che soddisfano i criteri stabiliti dalla legge in materia di ingresso nel territorio. Tale autorizzazione di soggiorno si applica solo agli stranieri destinati a lasciare eventualmente il Canada (visitatori, studenti, lavoratori, ecc.).<\/p>\n\n<h2 class=\"wp-block-heading\">Timbro elettronico (timbro elettronico di facilitazione)<\/h2>\n\n<p>Il bollino elettronico viene emesso automaticamente al momento dell&#8217;approvazione della domanda di soggiorno temporaneo. Questo adesivo virtuale, registrato in un sistema informatico di gestione che raggruppa le richieste eTA, \u00e8 attaccato direttamente al passaporto del viaggiatore in questione. Viene utilizzato per autorizzare ufficialmente l&#8217;accesso all&#8217;imbarco, una volta completata la verifica dell&#8217;identit\u00e0.<\/p>\n\n<h2 class=\"wp-block-heading\">Visa<\/h2>\n\n<p>Il visto \u00e8 un&#8217;autorizzazione ufficiale rilasciata dalle ambasciate straniere per viaggiare in un determinato paese. Ha la forma di un adesivo inserito nel passaporto del cittadino. Troviamo su questo adesivo, un adesivo con le informazioni specifiche inserite dall&#8217;ufficio dove \u00e8 stato rilasciato il visto. Ci sono due categorie di <a href=\"https:\/\/ave-eta-canada.com\/it\/visto-o-eta-canada\/\">visto in Canada<\/a> :<\/p>\n\n<ul class=\"wp-block-list\"><li>il visto di soggiorno temporaneo (visto di soggiorno);<\/li><li>il visto di soggiorno permanente. <\/li><\/ul>\n\n<h2 class=\"wp-block-heading\">Visto per visitatori<\/h2>\n\n<p>Il visto turistico, chiamato anche visto turistico, si riferisce al visto di soggiorno temporaneo.<\/p>\n","protected":false},"excerpt":{"rendered":"<p>Canada eTA, definizioni utili Vuoi ordinare un&#8217;eTA (Electronic Travel Authorization) per andare in Canada, ma tutte queste sigle sconosciute o parole inglesi ti spaventano? Niente panico, per una migliore comprensione, il nostro team ha stabilito e dettagliato un elenco di termini essenziali relativi al Canada eTA. In questo modo sar\u00e0 molto pi\u00f9 facile ordinare la [&hellip;]<\/p>\n","protected":false},"author":1,"featured_media":0,"parent":0,"menu_order":0,"comment_status":"closed","ping_status":"closed","template":"","meta":{"footnotes":""},"class_list":["post-884","page","type-page","status-publish","hentry"],"yoast_head":"<!-- This site is optimized with the Yoast SEO plugin v26.9 - https:\/\/yoast.com\/product\/yoast-seo-wordpress\/ -->\n<title>Glossario | Tutte le definizioni eTA del Canada<\/title>\n<meta name=\"description\" content=\"Trova in questo glossario le definizioni relative all&#039;eTA, l&#039;autorizzazione di viaggio elettronica essenziale per soggiorni temporanei in Canada.\" \/>\n<meta name=\"robots\" content=\"index, follow, max-snippet:-1, max-image-preview:large, max-video-preview:-1\" \/>\n<link rel=\"canonical\" href=\"https:\/\/ave-eta-canada.com\/it\/lessico-tutte-le-definizioni-attorno-a-eta-canada\/\" \/>\n<meta property=\"og:locale\" content=\"it_IT\" \/>\n<meta property=\"og:type\" content=\"article\" \/>\n<meta property=\"og:title\" content=\"Glossario | Tutte le definizioni eTA del Canada\" \/>\n<meta property=\"og:description\" content=\"Trova in questo glossario le definizioni relative all&#039;eTA, l&#039;autorizzazione di viaggio elettronica essenziale per soggiorni temporanei in Canada.\" \/>\n<meta property=\"og:url\" content=\"https:\/\/ave-eta-canada.com\/it\/lessico-tutte-le-definizioni-attorno-a-eta-canada\/\" \/>\n<meta property=\"og:site_name\" content=\"VISTO CANADA\" \/>\n<meta property=\"article:modified_time\" content=\"2022-05-17T17:14:53+00:00\" \/>\n<meta name=\"twitter:card\" content=\"summary_large_image\" \/>\n<meta name=\"twitter:label1\" content=\"Tempo di lettura stimato\" \/>\n\t<meta name=\"twitter:data1\" content=\"4 minuti\" \/>\n<script type=\"application\/ld+json\" class=\"yoast-schema-graph\">{\"@context\":\"https:\/\/schema.org\",\"@graph\":[{\"@type\":\"WebPage\",\"@id\":\"https:\/\/ave-eta-canada.com\/it\/lessico-tutte-le-definizioni-attorno-a-eta-canada\/\",\"url\":\"https:\/\/ave-eta-canada.com\/it\/lessico-tutte-le-definizioni-attorno-a-eta-canada\/\",\"name\":\"Glossario | Tutte le definizioni eTA del Canada\",\"isPartOf\":{\"@id\":\"https:\/\/ave-eta-canada.com\/it\/#website\"},\"datePublished\":\"2020-04-25T08:05:24+00:00\",\"dateModified\":\"2022-05-17T17:14:53+00:00\",\"description\":\"Trova in questo glossario le definizioni relative all'eTA, l'autorizzazione di viaggio elettronica essenziale per soggiorni temporanei in Canada.\",\"breadcrumb\":{\"@id\":\"https:\/\/ave-eta-canada.com\/it\/lessico-tutte-le-definizioni-attorno-a-eta-canada\/#breadcrumb\"},\"inLanguage\":\"it-IT\",\"potentialAction\":[{\"@type\":\"ReadAction\",\"target\":[\"https:\/\/ave-eta-canada.com\/it\/lessico-tutte-le-definizioni-attorno-a-eta-canada\/\"]}]},{\"@type\":\"BreadcrumbList\",\"@id\":\"https:\/\/ave-eta-canada.com\/it\/lessico-tutte-le-definizioni-attorno-a-eta-canada\/#breadcrumb\",\"itemListElement\":[{\"@type\":\"ListItem\",\"position\":1,\"name\":\"Home\",\"item\":\"https:\/\/ave-eta-canada.com\/it\/\"},{\"@type\":\"ListItem\",\"position\":2,\"name\":\"Glossario | Tutte le definizioni eTA del Canada\"}]},{\"@type\":\"WebSite\",\"@id\":\"https:\/\/ave-eta-canada.com\/it\/#website\",\"url\":\"https:\/\/ave-eta-canada.com\/it\/\",\"name\":\"VISTO CANADA\",\"description\":\"Autorisation Voyage Electronique\",\"potentialAction\":[{\"@type\":\"SearchAction\",\"target\":{\"@type\":\"EntryPoint\",\"urlTemplate\":\"https:\/\/ave-eta-canada.com\/it\/?s={search_term_string}\"},\"query-input\":{\"@type\":\"PropertyValueSpecification\",\"valueRequired\":true,\"valueName\":\"search_term_string\"}}],\"inLanguage\":\"it-IT\"}]}<\/script>\n<!-- \/ Yoast SEO plugin. -->","yoast_head_json":{"title":"Glossario | Tutte le definizioni eTA del Canada","description":"Trova in questo glossario le definizioni relative all'eTA, l'autorizzazione di viaggio elettronica essenziale per soggiorni temporanei in Canada.","robots":{"index":"index","follow":"follow","max-snippet":"max-snippet:-1","max-image-preview":"max-image-preview:large","max-video-preview":"max-video-preview:-1"},"canonical":"https:\/\/ave-eta-canada.com\/it\/lessico-tutte-le-definizioni-attorno-a-eta-canada\/","og_locale":"it_IT","og_type":"article","og_title":"Glossario | Tutte le definizioni eTA del Canada","og_description":"Trova in questo glossario le definizioni relative all'eTA, l'autorizzazione di viaggio elettronica essenziale per soggiorni temporanei in Canada.","og_url":"https:\/\/ave-eta-canada.com\/it\/lessico-tutte-le-definizioni-attorno-a-eta-canada\/","og_site_name":"VISTO CANADA","article_modified_time":"2022-05-17T17:14:53+00:00","twitter_card":"summary_large_image","twitter_misc":{"Tempo di lettura stimato":"4 minuti"},"schema":{"@context":"https:\/\/schema.org","@graph":[{"@type":"WebPage","@id":"https:\/\/ave-eta-canada.com\/it\/lessico-tutte-le-definizioni-attorno-a-eta-canada\/","url":"https:\/\/ave-eta-canada.com\/it\/lessico-tutte-le-definizioni-attorno-a-eta-canada\/","name":"Glossario | Tutte le definizioni eTA del Canada","isPartOf":{"@id":"https:\/\/ave-eta-canada.com\/it\/#website"},"datePublished":"2020-04-25T08:05:24+00:00","dateModified":"2022-05-17T17:14:53+00:00","description":"Trova in questo glossario le definizioni relative all'eTA, l'autorizzazione di viaggio elettronica essenziale per soggiorni temporanei in Canada.","breadcrumb":{"@id":"https:\/\/ave-eta-canada.com\/it\/lessico-tutte-le-definizioni-attorno-a-eta-canada\/#breadcrumb"},"inLanguage":"it-IT","potentialAction":[{"@type":"ReadAction","target":["https:\/\/ave-eta-canada.com\/it\/lessico-tutte-le-definizioni-attorno-a-eta-canada\/"]}]},{"@type":"BreadcrumbList","@id":"https:\/\/ave-eta-canada.com\/it\/lessico-tutte-le-definizioni-attorno-a-eta-canada\/#breadcrumb","itemListElement":[{"@type":"ListItem","position":1,"name":"Home","item":"https:\/\/ave-eta-canada.com\/it\/"},{"@type":"ListItem","position":2,"name":"Glossario | Tutte le definizioni eTA del Canada"}]},{"@type":"WebSite","@id":"https:\/\/ave-eta-canada.com\/it\/#website","url":"https:\/\/ave-eta-canada.com\/it\/","name":"VISTO CANADA","description":"Autorisation Voyage Electronique","potentialAction":[{"@type":"SearchAction","target":{"@type":"EntryPoint","urlTemplate":"https:\/\/ave-eta-canada.com\/it\/?s={search_term_string}"},"query-input":{"@type":"PropertyValueSpecification","valueRequired":true,"valueName":"search_term_string"}}],"inLanguage":"it-IT"}]}},"_links":{"self":[{"href":"https:\/\/ave-eta-canada.com\/it\/wp-json\/wp\/v2\/pages\/884","targetHints":{"allow":["GET"]}}],"collection":[{"href":"https:\/\/ave-eta-canada.com\/it\/wp-json\/wp\/v2\/pages"}],"about":[{"href":"https:\/\/ave-eta-canada.com\/it\/wp-json\/wp\/v2\/types\/page"}],"author":[{"embeddable":true,"href":"https:\/\/ave-eta-canada.com\/it\/wp-json\/wp\/v2\/users\/1"}],"replies":[{"embeddable":true,"href":"https:\/\/ave-eta-canada.com\/it\/wp-json\/wp\/v2\/comments?post=884"}],"version-history":[{"count":0,"href":"https:\/\/ave-eta-canada.com\/it\/wp-json\/wp\/v2\/pages\/884\/revisions"}],"wp:attachment":[{"href":"https:\/\/ave-eta-canada.com\/it\/wp-json\/wp\/v2\/media?parent=884"}],"curies":[{"name":"wp","href":"https:\/\/api.w.org\/{rel}","templated":true}]}}