{"id":886,"date":"2020-04-25T08:17:44","date_gmt":"2020-04-25T08:17:44","guid":{"rendered":"https:\/\/ave-eta-canada.com\/whp-canada-come-ottenere-un-permesso-di-vacanza-di-lavoro\/"},"modified":"2022-05-17T18:42:08","modified_gmt":"2022-05-17T18:42:08","slug":"whp-canada-come-ottenere-un-permesso-di-vacanza-di-lavoro","status":"publish","type":"page","link":"https:\/\/ave-eta-canada.com\/it\/whp-canada-come-ottenere-un-permesso-di-vacanza-di-lavoro\/","title":{"rendered":"PVT Canada: come ottenere il permesso di vacanza lavoro?"},"content":{"rendered":"\n<h1 class=\"wp-block-heading\">WHV Canada: permesso per andare in Canada<\/h1>\n\n<p><strong>Per un soggiorno inferiore a 6 mesi in Canada<\/strong> : Puoi espletare le formalit\u00e0 per entrare in Canada direttamente via Internet cliccando sul <a href=\"https:\/\/ave-eta-canada.com\/it\/modulo-online-eta-canada\/\">modulo online<\/a>. Non \u00e8 necessario ottenere un appuntamento presso l&#8217;ambasciata o il consolato canadese.<\/p>\n\n<p>Sogni di scoprire il Canada pur avendo la possibilit\u00e0 di fare lavori saltuari per finanziare la tua esplorazione? Il Working Holiday Program (WHV Canada) fa per te.<\/p>\n\n<p>Chiamato anche Working Holiday Visa (WHV), questo programma consente a migliaia di giovani di et\u00e0 compresa tra i 18 ei 35 anni di fare il grande passo ogni anno e volare nel paese di poutine per un&#8217;esperienza professionale e umana indimenticabile. Ti spiegheremo gli elementi essenziali da sapere sul PVT canadese.<\/p>\n\n<h2 class=\"wp-block-heading\">Cos&#8217;\u00e8 PVT Canada?<\/h2>\n\n<p>Il PVT Canada \u00e8 un programma per giovani dai 18 ai 35 anni che desiderano risiedere in Canada per un periodo massimo di 24 mesi. Il Canada non \u00e8 l&#8217;unico Paese ad offrire un PVT, ma \u00e8 sicuramente uno dei pi\u00f9 richiesti con il PVT Australia.<\/p>\n\n<p>In concreto, le persone titolari di un visto Working Holiday possono generalmente soggiornare fino a un anno in un Paese, due anni per il Canada (il periodo di validit\u00e0 dipende da accordi bilaterali tra ogni Paese) e lavorarvi con l&#8217;obiettivo di finanziare il proprio viaggio. Trovare un lavoro non \u00e8 di per s\u00e9 un obbligo, ma pu\u00f2 essere un gradito aiuto per finanziare il tuo viaggio. <\/p>\n\n<p>N\u00e9 \u00e8 necessario trovare un lavoro prima di partire, ma \u00e8 necessario disporre di risorse finanziarie sufficienti per mantenersi, almeno all&#8217;inizio del viaggio ($ 2.500 CAN). <\/p>\n\n<p>Il PVT Canada \u00e8 da tempo vittima del proprio successo e il numero delle richieste supera le quote messe in campo dal governo canadese. L&#8217;assegnazione viene ora effettuata tramite lotteria in una serie di round di invito.<\/p>\n\n<p>I PVTisti devono quindi armarsi di pazienza e sperare di essere estratti a sorte per poter partire per un soggiorno in Canada nell&#8217;ambito del PVT canadese.<\/p>\n\n<h2 class=\"wp-block-heading\">Come ottenere un PVT canadese?<\/h2>\n\n<h3 class=\"wp-block-heading\">Condizioni di ammissibilit\u00e0<\/h3>\n\n<p>Il programma di vacanze-lavoro offerto dal governo canadese riguarda solo i cittadini di et\u00e0 compresa tra i 18 ei 35 anni provenienti da un paese che ha firmato un accordo con il Canada nell&#8217;ambito del programma IEC (International Experience Canada).<\/p>\n\n<p>Ovviamente \u00e8 richiesto un passaporto valido per l&#8217;intera durata del PVT Canada.<\/p>\n\n<p>Devi anche avere i fondi necessari per mantenerti durante i primi mesi del tuo soggiorno (CAN $ 2.500). Un biglietto aereo di andata e ritorno (o fuori territorio) \u00e8 obbligatorio a meno che tu non possa dimostrare di avere fondi aggiuntivi.<\/p>\n\n<h3 class=\"wp-block-heading\">Procedura da seguire per ottenere un PVT Canada<\/h3>\n\n<p>Una volta accertato di soddisfare i criteri di ammissione, \u00e8 necessario creare un profilo candidato IEC compilando un questionario. Le risposte fornite determinano in quale &#8220;pool&#8221; \u00e8 collocata la tua domanda:<\/p>\n\n<ul class=\"wp-block-list\"><li>il bacino PVT;<\/li><li>il pool di giovani professionisti;<\/li><li>il pool di tirocini Coop.<\/li><\/ul>\n\n<p>I profili vengono quindi studiati e i candidati selezionati mediante sorteggio durante le tornate di inviti. In ogni round vengono sorteggiate pi\u00f9 persone fino al raggiungimento della quota stabilita, che ammonta a 7.150 partecipanti francesi per l&#8217;anno 2019.<\/p>\n\n<p>Se sei abbastanza fortunato da essere selezionato, riceverai un invito a richiedere un permesso di lavoro. Hai 10 giorni di tempo per accettare questo invito. Una volta che l&#8217;invito \u00e8 stato accettato, hai 20 giorni di tempo per finalizzare il processo.<\/p>\n\n<p>Alla domanda devono essere allegati diversi documenti, tra cui:<\/p>\n\n<ul class=\"wp-block-list\"><li>una copia del tuo passaporto;<\/li><li>Una foto d&#8217;identit\u00e0;<\/li><li>il tuo CV;<\/li><li>un estratto del casellario giudiziale (in alcuni casi);<\/li><li>un certificato medico (in alcuni casi).<\/li><\/ul>\n\n<p>Devi quindi pagare le tasse per la gestione della tua pratica (CAN $ 150) e per il rilascio del tuo permesso di lavoro &#8220;aperto&#8221; (CAN $ 100).<\/p>\n\n<p>Una volta che le commissioni sono state pagate, ti viene chiesto di fornire i tuoi dati biometrici entro 30 giorni. Per fare ci\u00f2, devi recarti in un punto di raccolta ufficiale chiamato &#8220;centro di domanda di visto (VAC)&#8221;. Ti verr\u00e0 detto dove si trova il VAC pi\u00f9 vicino.<\/p>\n\n<p>Non appena la tua domanda viene approvata, ti viene inviata una lettera di presentazione al porto di ingresso. Questa lettera deve essere presentata all&#8217;ufficiale doganale canadese al tuo arrivo.<\/p>\n\n<h3 class=\"wp-block-heading\">Obblighi da rispettare<\/h3>\n\n<p>\u00c8 necessario fornire un certificato di assicurazione che copra l&#8217;intero soggiorno. La sottoscrizione di un&#8217;assicurazione di viaggio \u00e8 obbligatoria, perch\u00e9 le spese mediche e le spese di rimpatrio possono diventare rapidamente faraoniche attraverso l&#8217;Atlantico. Tieni presente che se la tua assicurazione non copre l&#8217;intero periodo di validit\u00e0 del tuo PVT Canada, sar\u00e0 ridotta di conseguenza.<\/p>\n\n<p>Di recente, il Canada ha introdotto <a href=\"https:\/\/ave-eta-canada.com\/it\/lessico-tutte-le-definizioni-attorno-a-eta-canada\/\">un&#8217;autorizzazione elettronica di viaggio<\/a> (eTA) per i viaggiatori che viaggiano in aereo verso il Canada. Questa autorizzazione sar\u00e0 obbligatoria per i viaggiatori interessati, ad esempio i pvtistes. Per questi ultimi, l&#8217; <a href=\"https:\/\/ave-eta-canada.com\/it\/\">eTA<\/a> \u00e8 normalmente automaticamente collegata al passaporto senza che venga presentata domanda. Ti consigliamo comunque di verificare se \u00e8 necessario o meno <a href=\"https:\/\/ave-eta-canada.com\/it\/fai-una-domanda-ufficiale-di-eta-canada\/\">richiedere un&#8217;eTA<\/a> prima della partenza.<\/p>\n\n<h2 class=\"wp-block-heading\">Trova lavoro in Canada<\/h2>\n\n<p>Una volta in Canada, puoi iniziare a cercare lavoro in qualsiasi campo. In effetti, WHP Canada non ha quasi nessun tipo di lavoro o limiti di tempo, a differenza di altri paesi.<\/p>\n\n<p>Dovrai sicuramente aprire un conto corrente in loco per poter ricevere il tuo stipendio in dollari canadesi ed espletare alcune formalit\u00e0.<\/p>\n\n<p>Hai anche la possibilit\u00e0 di rivolgerti al volontariato internazionale aderendo a programmi come Helpx o Wwoofing, per scoprire il mondo dell&#8217;agricoltura biologica, mentre sei nutrito e ospitato.<\/p>\n\n<p>Il Canada \u00e8 visto come un Eldorado dai giovani professionisti. Sebbene il mercato del lavoro sia dinamico, dovrai comunque fare qualche sforzo per trovare un lavoro in Canada e adattarti a un nuovo ambiente, perch\u00e9 la concorrenza \u00e8 feroce tra i pvtistes. Non dimenticare di modificare il tuo curriculum vitae secondo gli standard canadesi per una maggiore efficienza.<\/p>\n\n<p>Le testimonianze di persone che hanno approfittato di questo programma sono per lo pi\u00f9 positive. Scoprire una nuova cultura e uscire dalla propria zona di comfort non pu\u00f2 che essere vantaggioso per lo sviluppo di una persona.<\/p>\n\n<p>Un&#8217;esperienza del genere pu\u00f2 anche portarti a riconsiderare alcune scelte e perch\u00e9 no a diventare un residente permanente in Canada o altrove. Buon viaggio<\/p>\n","protected":false},"excerpt":{"rendered":"<p>WHV Canada: permesso per andare in Canada Per un soggiorno inferiore a 6 mesi in Canada : Puoi espletare le formalit\u00e0 per entrare in Canada direttamente via Internet cliccando sul modulo online. Non \u00e8 necessario ottenere un appuntamento presso l&#8217;ambasciata o il consolato canadese. Sogni di scoprire il Canada pur avendo la possibilit\u00e0 di fare [&hellip;]<\/p>\n","protected":false},"author":1,"featured_media":0,"parent":0,"menu_order":0,"comment_status":"closed","ping_status":"closed","template":"","meta":{"footnotes":""},"class_list":["post-886","page","type-page","status-publish","hentry"],"yoast_head":"<!-- This site is optimized with the Yoast SEO plugin v26.9 - https:\/\/yoast.com\/product\/yoast-seo-wordpress\/ -->\n<title>PVT Canada: come ottenere il permesso di vacanza lavoro?<\/title>\n<meta name=\"description\" content=\"Partecipa al programma PVT Canada, per esplorare questo magnifico paese avendo la possibilit\u00e0 di finanziare il tuo viaggio lavorando.\" \/>\n<meta name=\"robots\" content=\"index, follow, max-snippet:-1, max-image-preview:large, max-video-preview:-1\" \/>\n<link rel=\"canonical\" href=\"https:\/\/ave-eta-canada.com\/it\/whp-canada-come-ottenere-un-permesso-di-vacanza-di-lavoro\/\" \/>\n<meta property=\"og:locale\" content=\"it_IT\" \/>\n<meta property=\"og:type\" content=\"article\" \/>\n<meta property=\"og:title\" content=\"PVT Canada: come ottenere il permesso di vacanza lavoro?\" \/>\n<meta property=\"og:description\" content=\"Partecipa al programma PVT Canada, per esplorare questo magnifico paese avendo la possibilit\u00e0 di finanziare il tuo viaggio lavorando.\" \/>\n<meta property=\"og:url\" content=\"https:\/\/ave-eta-canada.com\/it\/whp-canada-come-ottenere-un-permesso-di-vacanza-di-lavoro\/\" \/>\n<meta property=\"og:site_name\" content=\"VISTO CANADA\" \/>\n<meta property=\"article:modified_time\" content=\"2022-05-17T18:42:08+00:00\" \/>\n<meta name=\"twitter:card\" content=\"summary_large_image\" \/>\n<meta name=\"twitter:label1\" content=\"Tempo di lettura stimato\" \/>\n\t<meta name=\"twitter:data1\" content=\"5 minuti\" \/>\n<script type=\"application\/ld+json\" class=\"yoast-schema-graph\">{\"@context\":\"https:\/\/schema.org\",\"@graph\":[{\"@type\":\"WebPage\",\"@id\":\"https:\/\/ave-eta-canada.com\/it\/whp-canada-come-ottenere-un-permesso-di-vacanza-di-lavoro\/\",\"url\":\"https:\/\/ave-eta-canada.com\/it\/whp-canada-come-ottenere-un-permesso-di-vacanza-di-lavoro\/\",\"name\":\"PVT Canada: come ottenere il permesso di vacanza lavoro?\",\"isPartOf\":{\"@id\":\"https:\/\/ave-eta-canada.com\/it\/#website\"},\"datePublished\":\"2020-04-25T08:17:44+00:00\",\"dateModified\":\"2022-05-17T18:42:08+00:00\",\"description\":\"Partecipa al programma PVT Canada, per esplorare questo magnifico paese avendo la possibilit\u00e0 di finanziare il tuo viaggio lavorando.\",\"breadcrumb\":{\"@id\":\"https:\/\/ave-eta-canada.com\/it\/whp-canada-come-ottenere-un-permesso-di-vacanza-di-lavoro\/#breadcrumb\"},\"inLanguage\":\"it-IT\",\"potentialAction\":[{\"@type\":\"ReadAction\",\"target\":[\"https:\/\/ave-eta-canada.com\/it\/whp-canada-come-ottenere-un-permesso-di-vacanza-di-lavoro\/\"]}]},{\"@type\":\"BreadcrumbList\",\"@id\":\"https:\/\/ave-eta-canada.com\/it\/whp-canada-come-ottenere-un-permesso-di-vacanza-di-lavoro\/#breadcrumb\",\"itemListElement\":[{\"@type\":\"ListItem\",\"position\":1,\"name\":\"Home\",\"item\":\"https:\/\/ave-eta-canada.com\/it\/\"},{\"@type\":\"ListItem\",\"position\":2,\"name\":\"PVT Canada: come ottenere il permesso di vacanza lavoro?\"}]},{\"@type\":\"WebSite\",\"@id\":\"https:\/\/ave-eta-canada.com\/it\/#website\",\"url\":\"https:\/\/ave-eta-canada.com\/it\/\",\"name\":\"VISTO CANADA\",\"description\":\"Autorisation Voyage Electronique\",\"potentialAction\":[{\"@type\":\"SearchAction\",\"target\":{\"@type\":\"EntryPoint\",\"urlTemplate\":\"https:\/\/ave-eta-canada.com\/it\/?s={search_term_string}\"},\"query-input\":{\"@type\":\"PropertyValueSpecification\",\"valueRequired\":true,\"valueName\":\"search_term_string\"}}],\"inLanguage\":\"it-IT\"}]}<\/script>\n<!-- \/ Yoast SEO plugin. -->","yoast_head_json":{"title":"PVT Canada: come ottenere il permesso di vacanza lavoro?","description":"Partecipa al programma PVT Canada, per esplorare questo magnifico paese avendo la possibilit\u00e0 di finanziare il tuo viaggio lavorando.","robots":{"index":"index","follow":"follow","max-snippet":"max-snippet:-1","max-image-preview":"max-image-preview:large","max-video-preview":"max-video-preview:-1"},"canonical":"https:\/\/ave-eta-canada.com\/it\/whp-canada-come-ottenere-un-permesso-di-vacanza-di-lavoro\/","og_locale":"it_IT","og_type":"article","og_title":"PVT Canada: come ottenere il permesso di vacanza lavoro?","og_description":"Partecipa al programma PVT Canada, per esplorare questo magnifico paese avendo la possibilit\u00e0 di finanziare il tuo viaggio lavorando.","og_url":"https:\/\/ave-eta-canada.com\/it\/whp-canada-come-ottenere-un-permesso-di-vacanza-di-lavoro\/","og_site_name":"VISTO CANADA","article_modified_time":"2022-05-17T18:42:08+00:00","twitter_card":"summary_large_image","twitter_misc":{"Tempo di lettura stimato":"5 minuti"},"schema":{"@context":"https:\/\/schema.org","@graph":[{"@type":"WebPage","@id":"https:\/\/ave-eta-canada.com\/it\/whp-canada-come-ottenere-un-permesso-di-vacanza-di-lavoro\/","url":"https:\/\/ave-eta-canada.com\/it\/whp-canada-come-ottenere-un-permesso-di-vacanza-di-lavoro\/","name":"PVT Canada: come ottenere il permesso di vacanza lavoro?","isPartOf":{"@id":"https:\/\/ave-eta-canada.com\/it\/#website"},"datePublished":"2020-04-25T08:17:44+00:00","dateModified":"2022-05-17T18:42:08+00:00","description":"Partecipa al programma PVT Canada, per esplorare questo magnifico paese avendo la possibilit\u00e0 di finanziare il tuo viaggio lavorando.","breadcrumb":{"@id":"https:\/\/ave-eta-canada.com\/it\/whp-canada-come-ottenere-un-permesso-di-vacanza-di-lavoro\/#breadcrumb"},"inLanguage":"it-IT","potentialAction":[{"@type":"ReadAction","target":["https:\/\/ave-eta-canada.com\/it\/whp-canada-come-ottenere-un-permesso-di-vacanza-di-lavoro\/"]}]},{"@type":"BreadcrumbList","@id":"https:\/\/ave-eta-canada.com\/it\/whp-canada-come-ottenere-un-permesso-di-vacanza-di-lavoro\/#breadcrumb","itemListElement":[{"@type":"ListItem","position":1,"name":"Home","item":"https:\/\/ave-eta-canada.com\/it\/"},{"@type":"ListItem","position":2,"name":"PVT Canada: come ottenere il permesso di vacanza lavoro?"}]},{"@type":"WebSite","@id":"https:\/\/ave-eta-canada.com\/it\/#website","url":"https:\/\/ave-eta-canada.com\/it\/","name":"VISTO CANADA","description":"Autorisation Voyage Electronique","potentialAction":[{"@type":"SearchAction","target":{"@type":"EntryPoint","urlTemplate":"https:\/\/ave-eta-canada.com\/it\/?s={search_term_string}"},"query-input":{"@type":"PropertyValueSpecification","valueRequired":true,"valueName":"search_term_string"}}],"inLanguage":"it-IT"}]}},"_links":{"self":[{"href":"https:\/\/ave-eta-canada.com\/it\/wp-json\/wp\/v2\/pages\/886","targetHints":{"allow":["GET"]}}],"collection":[{"href":"https:\/\/ave-eta-canada.com\/it\/wp-json\/wp\/v2\/pages"}],"about":[{"href":"https:\/\/ave-eta-canada.com\/it\/wp-json\/wp\/v2\/types\/page"}],"author":[{"embeddable":true,"href":"https:\/\/ave-eta-canada.com\/it\/wp-json\/wp\/v2\/users\/1"}],"replies":[{"embeddable":true,"href":"https:\/\/ave-eta-canada.com\/it\/wp-json\/wp\/v2\/comments?post=886"}],"version-history":[{"count":0,"href":"https:\/\/ave-eta-canada.com\/it\/wp-json\/wp\/v2\/pages\/886\/revisions"}],"wp:attachment":[{"href":"https:\/\/ave-eta-canada.com\/it\/wp-json\/wp\/v2\/media?parent=886"}],"curies":[{"name":"wp","href":"https:\/\/api.w.org\/{rel}","templated":true}]}}