{"id":888,"date":"2020-04-25T08:28:00","date_gmt":"2020-04-25T08:28:00","guid":{"rendered":"https:\/\/ave-eta-canada.com\/che-cose-eta-canada\/"},"modified":"2022-05-17T18:43:54","modified_gmt":"2022-05-17T18:43:54","slug":"che-cose-eta-canada","status":"publish","type":"page","link":"https:\/\/ave-eta-canada.com\/it\/che-cose-eta-canada\/","title":{"rendered":"Cos&#8217;\u00e8 l&#8217;ETA Canada?"},"content":{"rendered":"\n<h1 class=\"wp-block-heading\">Presentazione dell&#8217;ETA Canada<\/h1>\n\n<p>Come gli Stati Uniti, il Canada ha implementato un&#8217;autorizzazione di viaggio elettronica, nota in inglese come eTA Canada (AVE in francese).<\/p>\n\n<p><strong>Per un soggiorno inferiore a 6 mesi in Canada<\/strong> : Puoi espletare le formalit\u00e0 per entrare in Canada direttamente via Internet cliccando sul <a href=\"https:\/\/ave-eta-canada.com\/it\/modulo-online-eta-canada\/\">modulo online<\/a>. Non \u00e8 necessario ottenere un appuntamento presso l&#8217;ambasciata o il consolato canadese.<br\/><\/p>\n\n<h2 class=\"wp-block-heading\">eTA Canada, autorizzazione al viaggio obbligatoria<\/h2>\n\n<p>Il <a href=\"https:\/\/ave-eta-canada.com\/it\/\">Canada eTA<\/a>, \u00e8 un documento elettronico che consente ai cittadini di diversi paesi di visitare il Canada senza visto. Poich\u00e9 la Francia \u00e8 uno dei paesi esenti dal visto canadese, i cittadini francesi possono recarsi in Canada senza prima consultare l&#8217;ambasciata canadese.<\/p>\n\n<p>Le condizioni per ottenere l&#8217; <a href=\"https:\/\/ave-eta-canada.com\/it\/che-cose-eta-canada\/\">eTA Canada<\/a> non sono molto restrittive, ma ottenerla \u00e8 comunque obbligatoria. Le autorit\u00e0 canadesi preposte all&#8217;immigrazione non consentono alcun ingresso nel territorio canadese senza una valida autorizzazione. Per richiedere un&#8217;autorizzazione eTA Canada, il viaggiatore deve:<\/p>\n\n<ul class=\"wp-block-list\"><li>essere cittadino di un paese ammissibile;<\/li><li>avere un passaporto valido con una validit\u00e0 residua di almeno 6 mesi;<\/li><li>viaggiare in Canada in aereo;<\/li><li>rimanere in Canada per un massimo di 6 mesi;<\/li><li>non sono stati inammissibili in Canada (o altrove);<\/li><li>non aver commesso un reato;<\/li><li>non soffrire di problemi di salute non curati, inclusi alcol e tossicodipendenza;<\/li><li>non ha avuto la tubercolosi o \u00e8 stato in contatto con una persona affetta da tubercolosi negli ultimi due anni. <\/li><\/ul>\n\n<p>L&#8217;autorizzazione al viaggio eTA Canada \u00e8 valida per 5 anni dalla data di rilascio. Questo periodo pu\u00f2 essere pi\u00f9 breve se il passaporto utilizzato per fare la richiesta scade prima. Poich\u00e9 l&#8217;autorizzazione \u00e8 legata al passaporto, \u00e8 importante fare una nuova richiesta in caso di nuovo passaporto o di modifica dei dati contenuti. Si precisa che il numero di soggiorni in Canada durante la <a href=\"https:\/\/ave-eta-canada.com\/it\/eta-canada-periodo-di-validita\/\">validit\u00e0 dell&#8217;autorizzazione<\/a> non \u00e8 limitato, ma va rispettata una durata massima di 6 mesi per soggiorno.<\/p>\n\n<p>L&#8217;eTA Canada \u00e8 un&#8217;autorizzazione di viaggio e non un&#8217;autorizzazione di ingresso. Spetta all&#8217;ufficiale dei servizi di frontiera autorizzare l&#8217;ingresso sul suolo canadese. La sua decisione si basa sulla presenza dei documenti di viaggio richiesti (passaporto valido, eTA, biglietto di uscita, ecc.) e sulle risposte alle sue domande.<br\/><br\/><\/p>\n\n<h2 class=\"wp-block-heading\">Il Canada eTA da ottenere prima della partenza<\/h2>\n\n<p>L&#8217;eTA Canada essendo un&#8217;autorizzazione di viaggio, deve essere ottenuta prima della partenza per il Canada. Senza di essa, l&#8217;imbarco non \u00e8 consentito. <\/p>\n\n<p>L&#8217;applicazione per eTA Canada viene effettuata solo su Internet, il che significa che non devi recarti all&#8217;Ambasciata canadese. Il modulo di domanda \u00e8 disponibile sul sito ufficiale del governo canadese. Per una forma semplificata e l&#8217;accesso ad un&#8217;assistenza personalizzata, \u00e8 anche possibile rivolgersi ad un ente privato come il nostro partner.<\/p>\n\n<p>Per <a href=\"https:\/\/ave-eta-canada.com\/it\/completa-il-modulo-eta-per-il-canada\/\">compilare il modulo<\/a> , \u00e8 necessario portare il passaporto e una carta di credito. I campi da compilare si riferiscono ai dati del passaporto e alle informazioni personali. Vengono inoltre poste quattro domande, le cui risposte devono essere selezionate da un menu a discesa. \u00c8 importante fornire un indirizzo e-mail valido, perch\u00e9 \u00e8 attraverso questo indirizzo che viene comunicata la risposta.<\/p>\n\n<p>La domanda eTA Canada viene convalidata una volta firmato il consenso e effettuato il pagamento. Viene inviata automaticamente una conferma di ricezione con il numero della richiesta. La risposta definitiva segue quasi immediatamente. In rari casi, una richiesta \u00e8 pendente. Entro pochi giorni viene quindi inviata un&#8217;e-mail con la risposta finale o un elenco di documenti aggiuntivi da fornire.<\/p>\n\n<p>In caso di risposta negativa, si consiglia di verificare che le informazioni fornite siano corrette. In caso di errori di battitura o informazioni errate, \u00e8 possibile <a href=\"https:\/\/ave-eta-canada.com\/it\/cosa-fare-in-caso-di-errore-su-eta-canada\/\">fare una nuova richiesta<\/a> . In caso contrario, \u00e8 necessario inviare una domanda di visto o PVT all&#8217;ambasciata canadese.<\/p>\n","protected":false},"excerpt":{"rendered":"<p>Presentazione dell&#8217;ETA Canada Come gli Stati Uniti, il Canada ha implementato un&#8217;autorizzazione di viaggio elettronica, nota in inglese come eTA Canada (AVE in francese). Per un soggiorno inferiore a 6 mesi in Canada : Puoi espletare le formalit\u00e0 per entrare in Canada direttamente via Internet cliccando sul modulo online. Non \u00e8 necessario ottenere un appuntamento [&hellip;]<\/p>\n","protected":false},"author":1,"featured_media":0,"parent":0,"menu_order":0,"comment_status":"closed","ping_status":"closed","template":"","meta":{"footnotes":""},"class_list":["post-888","page","type-page","status-publish","hentry"],"yoast_head":"<!-- This site is optimized with the Yoast SEO plugin v26.9 - https:\/\/yoast.com\/product\/yoast-seo-wordpress\/ -->\n<title>Cos&#039;\u00e8 l&#039;ETA Canada?<\/title>\n<meta name=\"description\" content=\"ETA Canada (o AVE Canada), da non confondere con ESTA, \u00e8 un&#039;autorizzazione di viaggio elettronica per viaggiare in Canada. Le nostre spiegazioni qui.\" \/>\n<meta name=\"robots\" content=\"index, follow, max-snippet:-1, max-image-preview:large, max-video-preview:-1\" \/>\n<link rel=\"canonical\" href=\"https:\/\/ave-eta-canada.com\/it\/che-cose-eta-canada\/\" \/>\n<meta property=\"og:locale\" content=\"it_IT\" \/>\n<meta property=\"og:type\" content=\"article\" \/>\n<meta property=\"og:title\" content=\"Cos&#039;\u00e8 l&#039;ETA Canada?\" \/>\n<meta property=\"og:description\" content=\"ETA Canada (o AVE Canada), da non confondere con ESTA, \u00e8 un&#039;autorizzazione di viaggio elettronica per viaggiare in Canada. Le nostre spiegazioni qui.\" \/>\n<meta property=\"og:url\" content=\"https:\/\/ave-eta-canada.com\/it\/che-cose-eta-canada\/\" \/>\n<meta property=\"og:site_name\" content=\"VISTO CANADA\" \/>\n<meta property=\"article:modified_time\" content=\"2022-05-17T18:43:54+00:00\" \/>\n<meta name=\"twitter:card\" content=\"summary_large_image\" \/>\n<meta name=\"twitter:label1\" content=\"Tempo di lettura stimato\" \/>\n\t<meta name=\"twitter:data1\" content=\"3 minuti\" \/>\n<script type=\"application\/ld+json\" class=\"yoast-schema-graph\">{\"@context\":\"https:\/\/schema.org\",\"@graph\":[{\"@type\":\"WebPage\",\"@id\":\"https:\/\/ave-eta-canada.com\/it\/che-cose-eta-canada\/\",\"url\":\"https:\/\/ave-eta-canada.com\/it\/che-cose-eta-canada\/\",\"name\":\"Cos'\u00e8 l'ETA Canada?\",\"isPartOf\":{\"@id\":\"https:\/\/ave-eta-canada.com\/it\/#website\"},\"datePublished\":\"2020-04-25T08:28:00+00:00\",\"dateModified\":\"2022-05-17T18:43:54+00:00\",\"description\":\"ETA Canada (o AVE Canada), da non confondere con ESTA, \u00e8 un'autorizzazione di viaggio elettronica per viaggiare in Canada. Le nostre spiegazioni qui.\",\"breadcrumb\":{\"@id\":\"https:\/\/ave-eta-canada.com\/it\/che-cose-eta-canada\/#breadcrumb\"},\"inLanguage\":\"it-IT\",\"potentialAction\":[{\"@type\":\"ReadAction\",\"target\":[\"https:\/\/ave-eta-canada.com\/it\/che-cose-eta-canada\/\"]}]},{\"@type\":\"BreadcrumbList\",\"@id\":\"https:\/\/ave-eta-canada.com\/it\/che-cose-eta-canada\/#breadcrumb\",\"itemListElement\":[{\"@type\":\"ListItem\",\"position\":1,\"name\":\"Home\",\"item\":\"https:\/\/ave-eta-canada.com\/it\/\"},{\"@type\":\"ListItem\",\"position\":2,\"name\":\"Cos&#8217;\u00e8 l&#8217;ETA Canada?\"}]},{\"@type\":\"WebSite\",\"@id\":\"https:\/\/ave-eta-canada.com\/it\/#website\",\"url\":\"https:\/\/ave-eta-canada.com\/it\/\",\"name\":\"VISTO CANADA\",\"description\":\"Autorisation Voyage Electronique\",\"potentialAction\":[{\"@type\":\"SearchAction\",\"target\":{\"@type\":\"EntryPoint\",\"urlTemplate\":\"https:\/\/ave-eta-canada.com\/it\/?s={search_term_string}\"},\"query-input\":{\"@type\":\"PropertyValueSpecification\",\"valueRequired\":true,\"valueName\":\"search_term_string\"}}],\"inLanguage\":\"it-IT\"}]}<\/script>\n<!-- \/ Yoast SEO plugin. -->","yoast_head_json":{"title":"Cos'\u00e8 l'ETA Canada?","description":"ETA Canada (o AVE Canada), da non confondere con ESTA, \u00e8 un'autorizzazione di viaggio elettronica per viaggiare in Canada. Le nostre spiegazioni qui.","robots":{"index":"index","follow":"follow","max-snippet":"max-snippet:-1","max-image-preview":"max-image-preview:large","max-video-preview":"max-video-preview:-1"},"canonical":"https:\/\/ave-eta-canada.com\/it\/che-cose-eta-canada\/","og_locale":"it_IT","og_type":"article","og_title":"Cos'\u00e8 l'ETA Canada?","og_description":"ETA Canada (o AVE Canada), da non confondere con ESTA, \u00e8 un'autorizzazione di viaggio elettronica per viaggiare in Canada. Le nostre spiegazioni qui.","og_url":"https:\/\/ave-eta-canada.com\/it\/che-cose-eta-canada\/","og_site_name":"VISTO CANADA","article_modified_time":"2022-05-17T18:43:54+00:00","twitter_card":"summary_large_image","twitter_misc":{"Tempo di lettura stimato":"3 minuti"},"schema":{"@context":"https:\/\/schema.org","@graph":[{"@type":"WebPage","@id":"https:\/\/ave-eta-canada.com\/it\/che-cose-eta-canada\/","url":"https:\/\/ave-eta-canada.com\/it\/che-cose-eta-canada\/","name":"Cos'\u00e8 l'ETA Canada?","isPartOf":{"@id":"https:\/\/ave-eta-canada.com\/it\/#website"},"datePublished":"2020-04-25T08:28:00+00:00","dateModified":"2022-05-17T18:43:54+00:00","description":"ETA Canada (o AVE Canada), da non confondere con ESTA, \u00e8 un'autorizzazione di viaggio elettronica per viaggiare in Canada. Le nostre spiegazioni qui.","breadcrumb":{"@id":"https:\/\/ave-eta-canada.com\/it\/che-cose-eta-canada\/#breadcrumb"},"inLanguage":"it-IT","potentialAction":[{"@type":"ReadAction","target":["https:\/\/ave-eta-canada.com\/it\/che-cose-eta-canada\/"]}]},{"@type":"BreadcrumbList","@id":"https:\/\/ave-eta-canada.com\/it\/che-cose-eta-canada\/#breadcrumb","itemListElement":[{"@type":"ListItem","position":1,"name":"Home","item":"https:\/\/ave-eta-canada.com\/it\/"},{"@type":"ListItem","position":2,"name":"Cos&#8217;\u00e8 l&#8217;ETA Canada?"}]},{"@type":"WebSite","@id":"https:\/\/ave-eta-canada.com\/it\/#website","url":"https:\/\/ave-eta-canada.com\/it\/","name":"VISTO CANADA","description":"Autorisation Voyage Electronique","potentialAction":[{"@type":"SearchAction","target":{"@type":"EntryPoint","urlTemplate":"https:\/\/ave-eta-canada.com\/it\/?s={search_term_string}"},"query-input":{"@type":"PropertyValueSpecification","valueRequired":true,"valueName":"search_term_string"}}],"inLanguage":"it-IT"}]}},"_links":{"self":[{"href":"https:\/\/ave-eta-canada.com\/it\/wp-json\/wp\/v2\/pages\/888","targetHints":{"allow":["GET"]}}],"collection":[{"href":"https:\/\/ave-eta-canada.com\/it\/wp-json\/wp\/v2\/pages"}],"about":[{"href":"https:\/\/ave-eta-canada.com\/it\/wp-json\/wp\/v2\/types\/page"}],"author":[{"embeddable":true,"href":"https:\/\/ave-eta-canada.com\/it\/wp-json\/wp\/v2\/users\/1"}],"replies":[{"embeddable":true,"href":"https:\/\/ave-eta-canada.com\/it\/wp-json\/wp\/v2\/comments?post=888"}],"version-history":[{"count":0,"href":"https:\/\/ave-eta-canada.com\/it\/wp-json\/wp\/v2\/pages\/888\/revisions"}],"wp:attachment":[{"href":"https:\/\/ave-eta-canada.com\/it\/wp-json\/wp\/v2\/media?parent=888"}],"curies":[{"name":"wp","href":"https:\/\/api.w.org\/{rel}","templated":true}]}}