{"id":890,"date":"2020-04-25T08:35:38","date_gmt":"2020-04-25T08:35:38","guid":{"rendered":"https:\/\/ave-eta-canada.com\/quando-richiedere-lautorizzazione-eta-per-il-canada\/"},"modified":"2022-05-17T18:46:11","modified_gmt":"2022-05-17T18:46:11","slug":"quando-richiedere-lautorizzazione-eta-per-il-canada","status":"publish","type":"page","link":"https:\/\/ave-eta-canada.com\/it\/quando-richiedere-lautorizzazione-eta-per-il-canada\/","title":{"rendered":"Quando richiedere l&#8217;autorizzazione eTA per il Canada?"},"content":{"rendered":"\n<h1 class=\"wp-block-heading\">Quando richiedere l&#8217;autorizzazione al viaggio in eTA?<\/h1>\n\n<p>Come parte della preparazione per un viaggio in Canada, \u00e8 essenziale ottenere un&#8217;autorizzazione al viaggio canadese prima dell&#8217;imbarco. <strong>Per un soggiorno inferiore a 6 mesi in Canada<\/strong> : Puoi espletare le formalit\u00e0 per entrare in Canada direttamente via Internet cliccando sul <a href=\"https:\/\/ave-eta-canada.com\/it\/modulo-online-eta-canada\/\">modulo online<\/a>. <\/p>\n\n<p>Non \u00e8 necessario ottenere un appuntamento presso l&#8217;ambasciata o il consolato canadese.<\/p>\n\n<p>L&#8217;autorizzazione al viaggio canadese \u00e8 considerata relativamente facile da ottenere. Quali sono i ritardi da aspettarsi e le precauzioni da adottare per evitare il rischio che venga rifiutato l&#8217;ingresso in Canada.<\/p>\n\n<p><\/p>\n\n<h2 class=\"wp-block-heading\">Da quando e perch\u00e9 richiedere un&#8217;eTA?<\/h2>\n\n<p>Dal 10 novembre 2016, il governo del Canada (il Ministero dell&#8217;Immigrazione, dei Rifugiati e della Cittadinanza del Canada per la precisione) ha introdotto un&#8217;autorizzazione di viaggio elettronica denominata eTA, al fine di garantire la sicurezza interna dei il paese promuovendo al contempo il turismo in Canada.<\/p>\n\n<p>L&#8217;eTA si ottiene tramite un modulo online che:<\/p>\n\n<ul class=\"wp-block-list\"><li>determina l&#8217;idoneit\u00e0 dei viaggiatori ad entrare in Canada senza visto;<\/li><li>allevia la congestione nelle ambasciate canadesi e facilita lo sdoganamento.<\/li><\/ul>\n\n<p>I sistemi elettronici messi in atto consentono di selezionare i viaggiatori ancor prima che arrivino sul suolo canadese.<br\/><br\/><\/p>\n\n<h2 class=\"wp-block-heading\">Quando \u00e8 necessaria un&#8217;eTA?<\/h2>\n\n<p>Una <a href=\"https:\/\/ave-eta-canada.com\/it\/eta-canada-e-obbligatorio\/\">domanda eTA \u00e8 obbligatoria<\/a> per i viaggiatori esenti dal visto che desiderano recarsi in Canada come parte di un soggiorno turistico o di un viaggio d&#8217;affari di meno di 6 mesi in aereo. \u00c8 richiesto anche per il transito attraverso il Canada.<\/p>\n\n<p>L&#8217;esenzione dal visto \u00e8 per i cittadini il cui paese di origine ha firmato un accordo con il governo canadese. I cittadini francesi sono tra i fortunati, ma devono avere un passaporto valido (passaporto biometrico o elettronico).<\/p>\n\n<p>Avere un passaporto valido e un&#8217;eTA non ti esonera dall&#8217;avere altri documenti di viaggio come il documento di viaggio. Sar\u00e0 probabilmente richiesto dall&#8217;ufficiale all&#8217;immigrazione un biglietto di uscita dal territorio (di andata e ritorno o di andata).<\/p>\n\n<p>Tieni presente che se sei stato selezionato per un PVT (Permesso per ferie lavorative), l&#8217;AVE ti viene normalmente rilasciato automaticamente. Verificare con l&#8217;ambasciata canadese.<br\/><br\/><\/p>\n\n<h2 class=\"wp-block-heading\">Quando fare domanda online?<\/h2>\n\n<p>Ti consigliamo di <a href=\"https:\/\/ave-eta-canada.com\/it\/completa-il-modulo-eta-per-il-canada\/\">completare il modulo di autorizzazione al viaggio non<\/a> appena il tuo viaggio in Canada \u00e8 programmato. Non aspettare fino all&#8217;ultimo minuto, perch\u00e9 se la tua richiesta di autorizzazione viene rifiutata, dovrai richiedere un visto canadese. Tuttavia, questo processo \u00e8 pi\u00f9 lungo e pi\u00f9 costoso.<\/p>\n\n<p>Il modulo di domanda pu\u00f2 essere compilato sul sito web ufficiale del governo canadese. Se vuoi ricevere aiuto e ridurre i rischi, ti consigliamo di compilare il modulo del nostro partner.<\/p>\n\n<p>Per completare il modulo eTA, dovrai inserire i dati del tuo passaporto (numero di passaporto, data di rilascio e scadenza), le tue informazioni personali, i dettagli del tuo soggiorno in Canada e, infine, il tuo background.<br\/><br\/><\/p>\n\n<h2 class=\"wp-block-heading\">Quando ricever\u00f2 una risposta alla mia domanda eTA?<\/h2>\n\n<p>Generalmente, il <a>ritardo per ottenere un&#8217;eTA<\/a> \u00e8 di alcuni minuti dopo l&#8217;invio del modulo. Riceverai prima una conferma di ricezione da Immigration Canada e poi una seconda e-mail con la risposta alla tua richiesta. Tuttavia, la risposta potrebbe richiedere diversi giorni.<\/p>\n\n<p>Puoi anche controllare lo stato della tua domanda sul sito web del governo inserendo il numero della tua domanda (che troverai nell&#8217;avviso di ricevimento) e il numero del tuo passaporto.<\/p>\n\n<p>Se non hai ricevuto una conferma entro 72 ore, contatta le autorit\u00e0 canadesi. Non c&#8217;\u00e8 bisogno di provare a viaggiare in Canada senza autorizzazione, non potrai nemmeno salire sull&#8217;aereo.<\/p>\n\n<h3 class=\"wp-block-heading\">Richiesta di autorizzazione eTA rifiutata<\/h3>\n\n<p>Una richiesta eTA viene rifiutata se non si soddisfa uno dei criteri di ammissibilit\u00e0. Se non sei idoneo, devi richiedere un visto tramite i servizi consolari dell&#8217;Ambasciata del Canada o del Consolato canadese, a seconda dei casi. Il visto per il Canada da richiedere dipende dalla natura del tuo viaggio.<\/p>\n\n<p>Quando la tua domanda ESTA viene rifiutata, puoi anche controllare di non aver commesso un errore nel modulo di domanda. In tal caso, hai diritto a riapplicare.<br\/><br\/><\/p>\n\n<h2 class=\"wp-block-heading\">Quando devo rinnovare la mia domanda eTA?<\/h2>\n\n<p>Il <a href=\"https:\/\/ave-eta-canada.com\/it\/eta-canada-periodo-di-validita\/\">periodo di validit\u00e0 di un&#8217;eTA<\/a> \u00e8 di 5 anni o fino alla scadenza del passaporto, se la validit\u00e0 del passaporto \u00e8 inferiore a tale periodo. Durante gli anni di validit\u00e0 della tua eTA, puoi visitare il Canada pi\u00f9 volte, senza dover richiedere una nuova eTA e purch\u00e9 rispetti il periodo massimo di soggiorno di 6 mesi.<\/p>\n\n<p>Poich\u00e9 l&#8217;eTA \u00e8 legata al passaporto, va da s\u00e9 che in caso di nuovo passaporto dovr\u00e0 essere presentata una nuova richiesta di autorizzazione. La nuova richiesta segue lo stesso processo di ottenimento della prima richiesta.<\/p>\n","protected":false},"excerpt":{"rendered":"<p>Quando richiedere l&#8217;autorizzazione al viaggio in eTA? Come parte della preparazione per un viaggio in Canada, \u00e8 essenziale ottenere un&#8217;autorizzazione al viaggio canadese prima dell&#8217;imbarco. Per un soggiorno inferiore a 6 mesi in Canada : Puoi espletare le formalit\u00e0 per entrare in Canada direttamente via Internet cliccando sul modulo online. Non \u00e8 necessario ottenere un [&hellip;]<\/p>\n","protected":false},"author":1,"featured_media":0,"parent":0,"menu_order":0,"comment_status":"closed","ping_status":"closed","template":"","meta":{"footnotes":""},"class_list":["post-890","page","type-page","status-publish","hentry"],"yoast_head":"<!-- This site is optimized with the Yoast SEO plugin v26.9 - https:\/\/yoast.com\/product\/yoast-seo-wordpress\/ -->\n<title>Quando richiedere l&#039;autorizzazione eTA per il Canada?<\/title>\n<meta name=\"description\" content=\"Prima di partire per il Canada, \u00e8 importante preparare tutti i documenti di viaggio necessari, compresa l&#039;eTA. Scopri qui quando richiedere un&#039;eTA.\" \/>\n<meta name=\"robots\" content=\"index, follow, max-snippet:-1, max-image-preview:large, max-video-preview:-1\" \/>\n<link rel=\"canonical\" href=\"https:\/\/ave-eta-canada.com\/it\/quando-richiedere-lautorizzazione-eta-per-il-canada\/\" \/>\n<meta property=\"og:locale\" content=\"it_IT\" \/>\n<meta property=\"og:type\" content=\"article\" \/>\n<meta property=\"og:title\" content=\"Quando richiedere l&#039;autorizzazione eTA per il Canada?\" \/>\n<meta property=\"og:description\" content=\"Prima di partire per il Canada, \u00e8 importante preparare tutti i documenti di viaggio necessari, compresa l&#039;eTA. Scopri qui quando richiedere un&#039;eTA.\" \/>\n<meta property=\"og:url\" content=\"https:\/\/ave-eta-canada.com\/it\/quando-richiedere-lautorizzazione-eta-per-il-canada\/\" \/>\n<meta property=\"og:site_name\" content=\"VISTO CANADA\" \/>\n<meta property=\"article:modified_time\" content=\"2022-05-17T18:46:11+00:00\" \/>\n<meta name=\"twitter:card\" content=\"summary_large_image\" \/>\n<meta name=\"twitter:label1\" content=\"Tempo di lettura stimato\" \/>\n\t<meta name=\"twitter:data1\" content=\"4 minuti\" \/>\n<script type=\"application\/ld+json\" class=\"yoast-schema-graph\">{\"@context\":\"https:\/\/schema.org\",\"@graph\":[{\"@type\":\"WebPage\",\"@id\":\"https:\/\/ave-eta-canada.com\/it\/quando-richiedere-lautorizzazione-eta-per-il-canada\/\",\"url\":\"https:\/\/ave-eta-canada.com\/it\/quando-richiedere-lautorizzazione-eta-per-il-canada\/\",\"name\":\"Quando richiedere l'autorizzazione eTA per il Canada?\",\"isPartOf\":{\"@id\":\"https:\/\/ave-eta-canada.com\/it\/#website\"},\"datePublished\":\"2020-04-25T08:35:38+00:00\",\"dateModified\":\"2022-05-17T18:46:11+00:00\",\"description\":\"Prima di partire per il Canada, \u00e8 importante preparare tutti i documenti di viaggio necessari, compresa l'eTA. Scopri qui quando richiedere un'eTA.\",\"breadcrumb\":{\"@id\":\"https:\/\/ave-eta-canada.com\/it\/quando-richiedere-lautorizzazione-eta-per-il-canada\/#breadcrumb\"},\"inLanguage\":\"it-IT\",\"potentialAction\":[{\"@type\":\"ReadAction\",\"target\":[\"https:\/\/ave-eta-canada.com\/it\/quando-richiedere-lautorizzazione-eta-per-il-canada\/\"]}]},{\"@type\":\"BreadcrumbList\",\"@id\":\"https:\/\/ave-eta-canada.com\/it\/quando-richiedere-lautorizzazione-eta-per-il-canada\/#breadcrumb\",\"itemListElement\":[{\"@type\":\"ListItem\",\"position\":1,\"name\":\"Home\",\"item\":\"https:\/\/ave-eta-canada.com\/it\/\"},{\"@type\":\"ListItem\",\"position\":2,\"name\":\"Quando richiedere l&#8217;autorizzazione eTA per il Canada?\"}]},{\"@type\":\"WebSite\",\"@id\":\"https:\/\/ave-eta-canada.com\/it\/#website\",\"url\":\"https:\/\/ave-eta-canada.com\/it\/\",\"name\":\"VISTO CANADA\",\"description\":\"Autorisation Voyage Electronique\",\"potentialAction\":[{\"@type\":\"SearchAction\",\"target\":{\"@type\":\"EntryPoint\",\"urlTemplate\":\"https:\/\/ave-eta-canada.com\/it\/?s={search_term_string}\"},\"query-input\":{\"@type\":\"PropertyValueSpecification\",\"valueRequired\":true,\"valueName\":\"search_term_string\"}}],\"inLanguage\":\"it-IT\"}]}<\/script>\n<!-- \/ Yoast SEO plugin. -->","yoast_head_json":{"title":"Quando richiedere l'autorizzazione eTA per il Canada?","description":"Prima di partire per il Canada, \u00e8 importante preparare tutti i documenti di viaggio necessari, compresa l'eTA. Scopri qui quando richiedere un'eTA.","robots":{"index":"index","follow":"follow","max-snippet":"max-snippet:-1","max-image-preview":"max-image-preview:large","max-video-preview":"max-video-preview:-1"},"canonical":"https:\/\/ave-eta-canada.com\/it\/quando-richiedere-lautorizzazione-eta-per-il-canada\/","og_locale":"it_IT","og_type":"article","og_title":"Quando richiedere l'autorizzazione eTA per il Canada?","og_description":"Prima di partire per il Canada, \u00e8 importante preparare tutti i documenti di viaggio necessari, compresa l'eTA. Scopri qui quando richiedere un'eTA.","og_url":"https:\/\/ave-eta-canada.com\/it\/quando-richiedere-lautorizzazione-eta-per-il-canada\/","og_site_name":"VISTO CANADA","article_modified_time":"2022-05-17T18:46:11+00:00","twitter_card":"summary_large_image","twitter_misc":{"Tempo di lettura stimato":"4 minuti"},"schema":{"@context":"https:\/\/schema.org","@graph":[{"@type":"WebPage","@id":"https:\/\/ave-eta-canada.com\/it\/quando-richiedere-lautorizzazione-eta-per-il-canada\/","url":"https:\/\/ave-eta-canada.com\/it\/quando-richiedere-lautorizzazione-eta-per-il-canada\/","name":"Quando richiedere l'autorizzazione eTA per il Canada?","isPartOf":{"@id":"https:\/\/ave-eta-canada.com\/it\/#website"},"datePublished":"2020-04-25T08:35:38+00:00","dateModified":"2022-05-17T18:46:11+00:00","description":"Prima di partire per il Canada, \u00e8 importante preparare tutti i documenti di viaggio necessari, compresa l'eTA. Scopri qui quando richiedere un'eTA.","breadcrumb":{"@id":"https:\/\/ave-eta-canada.com\/it\/quando-richiedere-lautorizzazione-eta-per-il-canada\/#breadcrumb"},"inLanguage":"it-IT","potentialAction":[{"@type":"ReadAction","target":["https:\/\/ave-eta-canada.com\/it\/quando-richiedere-lautorizzazione-eta-per-il-canada\/"]}]},{"@type":"BreadcrumbList","@id":"https:\/\/ave-eta-canada.com\/it\/quando-richiedere-lautorizzazione-eta-per-il-canada\/#breadcrumb","itemListElement":[{"@type":"ListItem","position":1,"name":"Home","item":"https:\/\/ave-eta-canada.com\/it\/"},{"@type":"ListItem","position":2,"name":"Quando richiedere l&#8217;autorizzazione eTA per il Canada?"}]},{"@type":"WebSite","@id":"https:\/\/ave-eta-canada.com\/it\/#website","url":"https:\/\/ave-eta-canada.com\/it\/","name":"VISTO CANADA","description":"Autorisation Voyage Electronique","potentialAction":[{"@type":"SearchAction","target":{"@type":"EntryPoint","urlTemplate":"https:\/\/ave-eta-canada.com\/it\/?s={search_term_string}"},"query-input":{"@type":"PropertyValueSpecification","valueRequired":true,"valueName":"search_term_string"}}],"inLanguage":"it-IT"}]}},"_links":{"self":[{"href":"https:\/\/ave-eta-canada.com\/it\/wp-json\/wp\/v2\/pages\/890","targetHints":{"allow":["GET"]}}],"collection":[{"href":"https:\/\/ave-eta-canada.com\/it\/wp-json\/wp\/v2\/pages"}],"about":[{"href":"https:\/\/ave-eta-canada.com\/it\/wp-json\/wp\/v2\/types\/page"}],"author":[{"embeddable":true,"href":"https:\/\/ave-eta-canada.com\/it\/wp-json\/wp\/v2\/users\/1"}],"replies":[{"embeddable":true,"href":"https:\/\/ave-eta-canada.com\/it\/wp-json\/wp\/v2\/comments?post=890"}],"version-history":[{"count":0,"href":"https:\/\/ave-eta-canada.com\/it\/wp-json\/wp\/v2\/pages\/890\/revisions"}],"wp:attachment":[{"href":"https:\/\/ave-eta-canada.com\/it\/wp-json\/wp\/v2\/media?parent=890"}],"curies":[{"name":"wp","href":"https:\/\/api.w.org\/{rel}","templated":true}]}}