{"id":892,"date":"2020-04-25T08:45:29","date_gmt":"2020-04-25T08:45:29","guid":{"rendered":"https:\/\/ave-eta-canada.com\/cosa-fare-in-caso-di-errore-su-eta-canada\/"},"modified":"2022-05-17T18:49:19","modified_gmt":"2022-05-17T18:49:19","slug":"cosa-fare-in-caso-di-errore-su-eta-canada","status":"publish","type":"page","link":"https:\/\/ave-eta-canada.com\/it\/cosa-fare-in-caso-di-errore-su-eta-canada\/","title":{"rendered":"Cosa fare in caso di errore sull&#8217;ETA Canada?"},"content":{"rendered":"\n<h1 class=\"wp-block-heading\">Errore su Canada eTA: cosa fare?<\/h1>\n\n<p>Per viaggiare in Canada, il governo canadese richiede ai cittadini stranieri di richiedere un&#8217;eTA (Electronic Travel Authorization) o un&#8217;eTA (in inglese). Per ottenere questa autorizzazione a soggiornare in Canada \u00e8 sufficiente compilare il <a href=\"https:\/\/ave-eta-canada.com\/it\/modulo-online-eta-canada\/\">modulo online<\/a> . <\/p>\n\n<p>Non \u00e8 necessario recarsi all&#8217;ambasciata canadese per richiedere un visto canadese. Anche se le formalit\u00e0 dell&#8217;eTA sono molto pi\u00f9 semplici, il processo richiede un certo rigore. In caso di errore, la tua eTA Canada potrebbe effettivamente essere rifiutata.<\/p>\n\n<p>Il <a href=\"https:\/\/ave-eta-canada.com\/it\/\">modulo eTA<\/a> segue lo stesso principio del modulo ESTA predisposto dalle autorit\u00e0 americane, per viaggiare negli Stati Uniti. Prende la forma di un questionario online in cui ti viene chiesto di fornire diversi tipi di informazioni, comprese le informazioni sull&#8217;identit\u00e0 e sul passaporto. I dati inseriti devono corrispondere esattamente a quelli del passaporto. \u00c8 sufficiente un solo errore sull&#8217;eTA Canada per annullare la tua domanda.<\/p>\n\n<p>Vediamo insieme qual \u00e8 la procedura da seguire se hai sbagliato a richiedere l&#8217;autorizzazione al soggiorno in Canada.<br\/><br\/><\/p>\n\n<h2 class=\"wp-block-heading\">Errore sull&#8217;eTA Canada: prima o dopo l&#8217;invio della richiesta?<\/h2>\n\n<p>Ricordiamo che l&#8217;ETA Canada \u00e8 destinata ai cittadini dei paesi membri del programma canadese di esenzione dal visto. Viene rilasciato nell&#8217;ambito di un soggiorno turistico, di un transito o di un viaggio d&#8217;affari di meno di sei mesi effettuato per via aerea. A differenza del visto, l&#8217;ottenimento dell&#8217;eTA avviene a distanza e richiede semplicemente il possesso di un passaporto valido.<\/p>\n\n<p>L&#8217;organizzazione che gestisce l&#8217;emissione di eTA Canada, IRCC (Immigration, Refugees and Citizenship Canada), controlla attentamente le informazioni fornite durante la domanda online. Pertanto, se i sistemi informatici si rendono conto che il richiedente ha fornito informazioni false o ha commesso un errore sulla sua eTA Canada durante l&#8217;inserimento del <a href=\"https:\/\/ave-eta-canada.com\/it\/completa-il-modulo-eta-per-il-canada\/\">modulo eTA<\/a> , molto probabilmente la domanda verr\u00e0 annullata.<\/p>\n\n<h3 class=\"wp-block-heading\">Errore prima del pagamento online<\/h3>\n\n<p>Sia che tu richieda un permesso di soggiorno temporaneo sul sito del governo canadese o su un sito privato, hai sempre la possibilit\u00e0 di modificare le tue informazioni e correggere eventuali errori sull&#8217;eTA Canada prima del pagamento e della convalida della richiesta.<\/p>\n\n<p>Se invece ti accorgi di un errore dopo aver pagato la tua richiesta, le formalit\u00e0 sono diverse.<\/p>\n\n<h3 class=\"wp-block-heading\">Errore dopo l&#8217;invio della richiesta eTA<\/h3>\n\n<p>Se hai notato un errore sulla tua eTA Canada dopo aver inviato il tuo file, purtroppo \u00e8 troppo tardi. Infatti, se l&#8217;errore di disattenzione riguarda ad esempio il tuo numero di passaporto o il tuo nome, non hai la possibilit\u00e0 di <a href=\"https:\/\/ave-eta-canada.com\/it\/come-modificare-unautorizzazione-eta-per-il-canada\/\">modificare l&#8217;eTA<\/a> dopo il pagamento e l&#8217;invio della richiesta.<\/p>\n\n<p>L&#8217;unica soluzione possibile \u00e8 richiedere una nuova autorizzazione per viaggiare in Canada, sia sul sito web ufficiale del governo del Canada, sia sul sito web del nostro partner.<\/p>\n\n<p>Il rinnovo di una richiesta comporta una commissione. Dopo aver inviato la nuova richiesta, dovrai pagare nuovamente le spese amministrative necessarie per ottenere l&#8217;eTA.<\/p>\n\n<p>Tieni per\u00f2 presente che, anche dopo l&#8217;invio, hai la possibilit\u00e0 di modificare alcune informazioni che compaiono sulla tua autorizzazione al viaggio (indirizzo email e numero di telefono). Per <a href=\"https:\/\/ave-eta-canada.com\/it\/come-trovare-un-eta-perduto-in-canada\/\">trovare la tua eTA<\/a> e modificarla non devi fare altro che portare con te il numero di file assegnato al momento della registrazione online.<br\/><br\/><\/p>\n\n<h2 class=\"wp-block-heading\">Prevenire eventuali errori nella tua domanda eTA per il Canada<\/h2>\n\n<p>Al momento della compilazione del modulo online eTA, si consiglia di controllare scrupolosamente le informazioni fornite. Tieni presente che la maggior parte degli errori nell&#8217;applicazione eTA per il Canada sono correlati al numero di passaporto biometrico o elettronico. Per inserire correttamente questo numero, ecco alcuni suggerimenti:<\/p>\n\n<ul class=\"wp-block-list\"><li>la maggior parte dei numeri di passaporto \u00e8 composta da 9 caratteri. Quindi, assicurati che il numero che digiti non sia n\u00e9 pi\u00f9 lungo n\u00e9 pi\u00f9 corto;<\/li><li>il numero del passaporto \u00e8 una sequenza alfanumerica, quindi attenzione a non confondere il numero 0 con la lettera O e il numero 1 con la lettera I;<\/li><li>assicurati di non inserire altri caratteri come trattini o segni di punteggiatura.<\/li><\/ul>\n\n<p>Inoltre, alcuni errori sulla domanda eTA Canada sono dovuti a una scelta errata del codice paese di rilascio del passaporto. Ogni stato ha infatti un codice di identificazione. Se sei un cittadino italiano, assicurati di scegliere il codice &#8220;ITA&#8221;.<\/p>\n\n<p>Se vuoi massimizzare le tue possibilit\u00e0 di ottenerla, pu\u00f2 essere utile richiedere la tua eTA tramite un sito privato. Queste piattaforme, infatti, sono composte da esperti che si occuperanno di controllare il tuo file e correggere eventuali errori.<\/p>\n\n<h3 class=\"wp-block-heading\">Rifiuto dopo la correzione di errori sull&#8217;ETA Canada<\/h3>\n\n<p>Se anche dopo aver corretto i tuoi errori sulla domanda eTA Canada, il governo si rifiuta di concederti l&#8217;autorizzazione ad andare in Canada, significa che probabilmente non soddisfi una delle <a href=\"https:\/\/ave-eta-canada.com\/it\/tutto-sulle-condizioni-eta-per-viaggiare-in-canada\/\">condizioni richieste per essere idoneo per l&#8217;eTA<\/a> .<\/p>\n\n<p>Innanzitutto, controlla di essere in possesso di un passaporto valido. Se necessario, devi assolutamente richiedere un nuovo passaporto.<\/p>\n\n<p>Se hai intenzione di fare uno stage, studiare o lavorare in Canada, tieni presente che l&#8217;eTA non si applica a questi casi. Per fare ci\u00f2, devi recarti presso l&#8217;ambasciata (o consolato) canadese e richiedere un visto.<\/p>\n\n<p>Nota che se hai gi\u00e0 un visto canadese o una carta di residenza permanente, il documento eTA non ti sar\u00e0 utile.<\/p>\n","protected":false},"excerpt":{"rendered":"<p>Errore su Canada eTA: cosa fare? Per viaggiare in Canada, il governo canadese richiede ai cittadini stranieri di richiedere un&#8217;eTA (Electronic Travel Authorization) o un&#8217;eTA (in inglese). Per ottenere questa autorizzazione a soggiornare in Canada \u00e8 sufficiente compilare il modulo online . Non \u00e8 necessario recarsi all&#8217;ambasciata canadese per richiedere un visto canadese. Anche se [&hellip;]<\/p>\n","protected":false},"author":1,"featured_media":0,"parent":0,"menu_order":0,"comment_status":"closed","ping_status":"closed","template":"","meta":{"footnotes":""},"class_list":["post-892","page","type-page","status-publish","hentry"],"yoast_head":"<!-- This site is optimized with the Yoast SEO plugin v26.9 - https:\/\/yoast.com\/product\/yoast-seo-wordpress\/ -->\n<title>Cosa fare in caso di errore sull&#039;ETA Canada?<\/title>\n<meta name=\"description\" content=\"a Canada eTA \u00e8 un documento essenziale per viaggiare in Canada. Al minimo errore durante la domanda online, l&#039;autorizzazione potrebbe non essere valida.\" \/>\n<meta name=\"robots\" content=\"index, follow, max-snippet:-1, max-image-preview:large, max-video-preview:-1\" \/>\n<link rel=\"canonical\" href=\"https:\/\/ave-eta-canada.com\/it\/cosa-fare-in-caso-di-errore-su-eta-canada\/\" \/>\n<meta property=\"og:locale\" content=\"it_IT\" \/>\n<meta property=\"og:type\" content=\"article\" \/>\n<meta property=\"og:title\" content=\"Cosa fare in caso di errore sull&#039;ETA Canada?\" \/>\n<meta property=\"og:description\" content=\"a Canada eTA \u00e8 un documento essenziale per viaggiare in Canada. Al minimo errore durante la domanda online, l&#039;autorizzazione potrebbe non essere valida.\" \/>\n<meta property=\"og:url\" content=\"https:\/\/ave-eta-canada.com\/it\/cosa-fare-in-caso-di-errore-su-eta-canada\/\" \/>\n<meta property=\"og:site_name\" content=\"VISTO CANADA\" \/>\n<meta property=\"article:modified_time\" content=\"2022-05-17T18:49:19+00:00\" \/>\n<meta name=\"twitter:card\" content=\"summary_large_image\" \/>\n<meta name=\"twitter:label1\" content=\"Tempo di lettura stimato\" \/>\n\t<meta name=\"twitter:data1\" content=\"4 minuti\" \/>\n<script type=\"application\/ld+json\" class=\"yoast-schema-graph\">{\"@context\":\"https:\/\/schema.org\",\"@graph\":[{\"@type\":\"WebPage\",\"@id\":\"https:\/\/ave-eta-canada.com\/it\/cosa-fare-in-caso-di-errore-su-eta-canada\/\",\"url\":\"https:\/\/ave-eta-canada.com\/it\/cosa-fare-in-caso-di-errore-su-eta-canada\/\",\"name\":\"Cosa fare in caso di errore sull'ETA Canada?\",\"isPartOf\":{\"@id\":\"https:\/\/ave-eta-canada.com\/it\/#website\"},\"datePublished\":\"2020-04-25T08:45:29+00:00\",\"dateModified\":\"2022-05-17T18:49:19+00:00\",\"description\":\"a Canada eTA \u00e8 un documento essenziale per viaggiare in Canada. Al minimo errore durante la domanda online, l'autorizzazione potrebbe non essere valida.\",\"breadcrumb\":{\"@id\":\"https:\/\/ave-eta-canada.com\/it\/cosa-fare-in-caso-di-errore-su-eta-canada\/#breadcrumb\"},\"inLanguage\":\"it-IT\",\"potentialAction\":[{\"@type\":\"ReadAction\",\"target\":[\"https:\/\/ave-eta-canada.com\/it\/cosa-fare-in-caso-di-errore-su-eta-canada\/\"]}]},{\"@type\":\"BreadcrumbList\",\"@id\":\"https:\/\/ave-eta-canada.com\/it\/cosa-fare-in-caso-di-errore-su-eta-canada\/#breadcrumb\",\"itemListElement\":[{\"@type\":\"ListItem\",\"position\":1,\"name\":\"Home\",\"item\":\"https:\/\/ave-eta-canada.com\/it\/\"},{\"@type\":\"ListItem\",\"position\":2,\"name\":\"Cosa fare in caso di errore sull&#8217;ETA Canada?\"}]},{\"@type\":\"WebSite\",\"@id\":\"https:\/\/ave-eta-canada.com\/it\/#website\",\"url\":\"https:\/\/ave-eta-canada.com\/it\/\",\"name\":\"VISTO CANADA\",\"description\":\"Autorisation Voyage Electronique\",\"potentialAction\":[{\"@type\":\"SearchAction\",\"target\":{\"@type\":\"EntryPoint\",\"urlTemplate\":\"https:\/\/ave-eta-canada.com\/it\/?s={search_term_string}\"},\"query-input\":{\"@type\":\"PropertyValueSpecification\",\"valueRequired\":true,\"valueName\":\"search_term_string\"}}],\"inLanguage\":\"it-IT\"}]}<\/script>\n<!-- \/ Yoast SEO plugin. -->","yoast_head_json":{"title":"Cosa fare in caso di errore sull'ETA Canada?","description":"a Canada eTA \u00e8 un documento essenziale per viaggiare in Canada. Al minimo errore durante la domanda online, l'autorizzazione potrebbe non essere valida.","robots":{"index":"index","follow":"follow","max-snippet":"max-snippet:-1","max-image-preview":"max-image-preview:large","max-video-preview":"max-video-preview:-1"},"canonical":"https:\/\/ave-eta-canada.com\/it\/cosa-fare-in-caso-di-errore-su-eta-canada\/","og_locale":"it_IT","og_type":"article","og_title":"Cosa fare in caso di errore sull'ETA Canada?","og_description":"a Canada eTA \u00e8 un documento essenziale per viaggiare in Canada. Al minimo errore durante la domanda online, l'autorizzazione potrebbe non essere valida.","og_url":"https:\/\/ave-eta-canada.com\/it\/cosa-fare-in-caso-di-errore-su-eta-canada\/","og_site_name":"VISTO CANADA","article_modified_time":"2022-05-17T18:49:19+00:00","twitter_card":"summary_large_image","twitter_misc":{"Tempo di lettura stimato":"4 minuti"},"schema":{"@context":"https:\/\/schema.org","@graph":[{"@type":"WebPage","@id":"https:\/\/ave-eta-canada.com\/it\/cosa-fare-in-caso-di-errore-su-eta-canada\/","url":"https:\/\/ave-eta-canada.com\/it\/cosa-fare-in-caso-di-errore-su-eta-canada\/","name":"Cosa fare in caso di errore sull'ETA Canada?","isPartOf":{"@id":"https:\/\/ave-eta-canada.com\/it\/#website"},"datePublished":"2020-04-25T08:45:29+00:00","dateModified":"2022-05-17T18:49:19+00:00","description":"a Canada eTA \u00e8 un documento essenziale per viaggiare in Canada. Al minimo errore durante la domanda online, l'autorizzazione potrebbe non essere valida.","breadcrumb":{"@id":"https:\/\/ave-eta-canada.com\/it\/cosa-fare-in-caso-di-errore-su-eta-canada\/#breadcrumb"},"inLanguage":"it-IT","potentialAction":[{"@type":"ReadAction","target":["https:\/\/ave-eta-canada.com\/it\/cosa-fare-in-caso-di-errore-su-eta-canada\/"]}]},{"@type":"BreadcrumbList","@id":"https:\/\/ave-eta-canada.com\/it\/cosa-fare-in-caso-di-errore-su-eta-canada\/#breadcrumb","itemListElement":[{"@type":"ListItem","position":1,"name":"Home","item":"https:\/\/ave-eta-canada.com\/it\/"},{"@type":"ListItem","position":2,"name":"Cosa fare in caso di errore sull&#8217;ETA Canada?"}]},{"@type":"WebSite","@id":"https:\/\/ave-eta-canada.com\/it\/#website","url":"https:\/\/ave-eta-canada.com\/it\/","name":"VISTO CANADA","description":"Autorisation Voyage Electronique","potentialAction":[{"@type":"SearchAction","target":{"@type":"EntryPoint","urlTemplate":"https:\/\/ave-eta-canada.com\/it\/?s={search_term_string}"},"query-input":{"@type":"PropertyValueSpecification","valueRequired":true,"valueName":"search_term_string"}}],"inLanguage":"it-IT"}]}},"_links":{"self":[{"href":"https:\/\/ave-eta-canada.com\/it\/wp-json\/wp\/v2\/pages\/892","targetHints":{"allow":["GET"]}}],"collection":[{"href":"https:\/\/ave-eta-canada.com\/it\/wp-json\/wp\/v2\/pages"}],"about":[{"href":"https:\/\/ave-eta-canada.com\/it\/wp-json\/wp\/v2\/types\/page"}],"author":[{"embeddable":true,"href":"https:\/\/ave-eta-canada.com\/it\/wp-json\/wp\/v2\/users\/1"}],"replies":[{"embeddable":true,"href":"https:\/\/ave-eta-canada.com\/it\/wp-json\/wp\/v2\/comments?post=892"}],"version-history":[{"count":0,"href":"https:\/\/ave-eta-canada.com\/it\/wp-json\/wp\/v2\/pages\/892\/revisions"}],"wp:attachment":[{"href":"https:\/\/ave-eta-canada.com\/it\/wp-json\/wp\/v2\/media?parent=892"}],"curies":[{"name":"wp","href":"https:\/\/api.w.org\/{rel}","templated":true}]}}