{"id":894,"date":"2020-04-25T08:59:00","date_gmt":"2020-04-25T08:59:00","guid":{"rendered":"https:\/\/ave-eta-canada.com\/cosa-fare-in-caso-di-perdita-del-numero-eta-canada\/"},"modified":"2022-05-17T18:52:05","modified_gmt":"2022-05-17T18:52:05","slug":"cosa-fare-in-caso-di-perdita-del-numero-eta-canada","status":"publish","type":"page","link":"https:\/\/ave-eta-canada.com\/it\/cosa-fare-in-caso-di-perdita-del-numero-eta-canada\/","title":{"rendered":"Cosa fare in caso di smarrimento del numero eTA Canada?"},"content":{"rendered":"\n<h1 class=\"wp-block-heading\">Numero eTA smarrito: come fare?<\/h1>\n\n<p>L&#8217;Autorizzazione al Viaggio Elettronica (eTA) \u00e8 un documento che consente di recarsi in Canada per un massimo di 6 mesi nell&#8217;ambito di un viaggio turistico o di un viaggio di lavoro. <strong>Per ottenere questa autorizzazione al viaggio, \u00e8 necessario compilare il<\/strong> <a href=\"https:\/\/ave-eta-canada.com\/it\/modulo-online-eta-canada\/\">modulo online<\/a>. Questo verr\u00e0 quindi inviato alle autorit\u00e0 canadesi per giudicare l&#8217;ammissibilit\u00e0 del tuo file. Se la tua domanda eTA viene approvata, riceverai un numero eTA via e-mail. Ma allora a cosa serve questo numero e cosa fare se non riesci pi\u00f9 a metterci le mani sopra? Rispondiamo a tutte le tue domande in questo articolo.<br\/><\/p>\n\n<h2 class=\"wp-block-heading\">Quando viene trasmesso il numero eTA?<\/h2>\n\n<p>Qualsiasi richiesta di eTA per viaggiare in Canada richiede una richiesta online. Questo documento di viaggio non \u00e8 accessibile a tutti. Per assicurarti di soddisfare i <a href=\"https:\/\/ave-eta-canada.com\/it\/tutto-sulle-condizioni-eta-per-viaggiare-in-canada\/\">requisiti di idoneit\u00e0<\/a> del Visa Waiver Program, il governo del Canada ti richiede di completare un questionario online.<\/p>\n\n<p>Le risposte alle domande poste sul modulo determineranno quindi lo <a href=\"https:\/\/ave-eta-canada.com\/it\/come-verificare-lo-stato-della-richiesta-di-eta-canada\/\">stato della tua domanda eTA<\/a> . Se il governo canadese d\u00e0 una risposta favorevole alla tua richiesta di autorizzazione al soggiorno, sarai informato tramite un&#8217;e-mail di riepilogo con il numero eTA. Questo numero di identificazione \u00e8 unico ed \u00e8 associato direttamente al passaporto con cui \u00e8 stata effettuata la richiesta.<\/p>\n\n<p>Il numero eTA ti permette di consultare la tua pratica per verificare se il tuo certificato di soggiorno in Canada \u00e8 ancora valido. Per essere sicuri di avere <a href=\"https:\/\/ave-eta-canada.com\/it\/validita-eta-canada\/\">un&#8217;eTA ancora valida<\/a> , il governo canadese fornisce ai cittadini stranieri uno strumento per verificare lo stato dell&#8217;eTA. Per usarlo, tutto ci\u00f2 che serve \u00e8 quanto segue:<\/p>\n\n<ul class=\"wp-block-list\"><li>numero della domanda eTA;<\/li><li>numero di passaporto ;<\/li><li>paese di rilascio del documento di identit\u00e0;<\/li><li>data di rilascio e data di scadenza del passaporto.<\/li><\/ul>\n\n<p>Nota che se hai gi\u00e0 un <a href=\"https:\/\/ave-eta-canada.com\/it\/whp-canada-come-ottenere-un-permesso-di-vacanza-di-lavoro\/\">PVT Canada<\/a> (Working Holiday Program), non dovrai richiedere un&#8217;eTA. Questo vale anche se sei in possesso di una carta di soggiorno permanente.<br\/><br\/><\/p>\n\n<h2 class=\"wp-block-heading\">Come trovare il tuo numero eTA?<\/h2>\n\n<p>Come detto in precedenza, l&#8217;ammissione eTA comporta necessariamente la generazione di un numero eTA. Si noti che questo identificatore viene comunicato tramite l&#8217;indirizzo e-mail fornito durante la compilazione del questionario. Se hai pi\u00f9 indirizzi e-mail, assicurati di cercare quello che corrisponde alla tua richiesta eTA. Inoltre, capita che l&#8217;email che ti informa del numero eTA finisca nello spam, quindi \u00e8 consigliabile controllare anche questa parte.<\/p>\n\n<p>Se non hai ricevuto una conferma di ricezione entro 72 ore dalla tua richiesta, devi compilare un modulo sul sito web ufficiale del governo canadese. La tua richiesta verr\u00e0 elaborata entro pochi giorni. Inutile dire che per fare ci\u00f2, devi assicurarti di aver fornito l&#8217;indirizzo corretto e di aver controllato lo spam.<br\/><br\/><\/p>\n\n<h2 class=\"wp-block-heading\">Perdita numero eTA Canada: \u00e8 grave?<\/h2>\n\n<p>Se dopo una ricerca approfondita non riesci ancora a mettere le mani sull&#8217;e-mail dell&#8217;IRCC (Immigration, Refugees and Citizenship Canada), possiamo rassicurarti, questo non mette necessariamente a rischio il tuo viaggio in Canada. L&#8217;eTA infatti \u00e8 un&#8217;autorizzazione elettronica, non esiste una versione cartacea ufficiale. Quando ricevi l&#8217;approvazione per la tua domanda, il numero eTA \u00e8 collegato tramite computer al tuo passaporto elettronico o biometrico. Di conseguenza, il personale della compagnia aerea e la Canada Border Services Agency potranno accedere alla tua eTA elettronicamente semplicemente scansionando il tuo passaporto. Non c&#8217;\u00e8 bisogno di fornire loro il tuo numero eTA Canada. <\/p>\n\n<p>Il periodo di validit\u00e0 di un&#8217;eTA \u00e8 di 5 anni, se hai fatto domanda di recente, ma hai <a href=\"https:\/\/ave-eta-canada.com\/it\/come-trovare-un-eta-perduto-in-canada\/\">perso il tuo numero eTA canadese<\/a> , questo non \u00e8 quindi un problema. Fai attenzione, per\u00f2, a controllare che il tuo passaporto sia valido per l&#8217;intero soggiorno. Se applicabile, l&#8217;eTA scadr\u00e0 il giorno in cui scadr\u00e0 l&#8217;ID. La procedura da seguire sar\u00e0 quella di ordinare un nuovo passaporto biometrico presso il proprio municipio, quindi fare nuovamente domanda online.<\/p>\n\n<h3 class=\"wp-block-heading\">Invia una nuova richiesta per ottenere un altro numero eTA<\/h3>\n\n<p>Se invece la tua domanda risale a diversi anni fa, ma non abbiamo pi\u00f9 un ricordo preciso della data di emissione, ti consigliamo semplicemente di richiedere nuovamente un&#8217;eTA. Sarebbe davvero un peccato organizzare il viaggio nei minimi dettagli solo per finire per vedersi negato l&#8217;accesso all&#8217;aeroporto a causa di un&#8217;eTA scaduta.<\/p>\n\n<p>Per fare una nuova richiesta, puoi andare sul sito ufficiale del governo canadese o sul nostro sito partner. Scegliendo questa seconda opzione, beneficerai di un supporto personalizzato nel tuo processo di ottenimento dell&#8217;AVE. Se dovessi perdere il tuo numero eTA Canada dopo aver ordinato la tua autorizzazione tramite il nostro sito partner, l&#8217;e-mail di conferma viene salvata nella tua area clienti. Se necessario, anche il servizio clienti \u00e8 a tua disposizione.<\/p>\n\n<p>Nonostante fare una nuova richiesta generi costi eTA, il processo \u00e8 comunque vantaggioso rispetto all&#8217;acquisizione di un visto canadese o di un <a href=\"https:\/\/ave-eta-canada.com\/it\/whp-canada-come-ottenere-un-permesso-di-vacanza-di-lavoro\/\">programma vacanze-lavoro PVT<\/a>, il cui prezzo si aggira intorno ai cento dollari canadesi.<\/p>\n\n<p>Fai attenzione, se alla fine del tuo soggiorno sul suolo canadese prevedi di recarti negli Stati Uniti, probabilmente avrai bisogno di un&#8217;autorizzazione ESTA, che funziona esattamente secondo lo stesso principio dell&#8217;eTA.<\/p>\n","protected":false},"excerpt":{"rendered":"<p>Numero eTA smarrito: come fare? L&#8217;Autorizzazione al Viaggio Elettronica (eTA) \u00e8 un documento che consente di recarsi in Canada per un massimo di 6 mesi nell&#8217;ambito di un viaggio turistico o di un viaggio di lavoro. Per ottenere questa autorizzazione al viaggio, \u00e8 necessario compilare il modulo online. Questo verr\u00e0 quindi inviato alle autorit\u00e0 canadesi [&hellip;]<\/p>\n","protected":false},"author":1,"featured_media":0,"parent":0,"menu_order":0,"comment_status":"closed","ping_status":"closed","template":"","meta":{"footnotes":""},"class_list":["post-894","page","type-page","status-publish","hentry"],"yoast_head":"<!-- This site is optimized with the Yoast SEO plugin v26.9 - https:\/\/yoast.com\/product\/yoast-seo-wordpress\/ -->\n<title>Cosa fare in caso di smarrimento del numero eTA Canada?<\/title>\n<meta name=\"description\" content=\"Ogni autorizzazione di viaggio temporanea in Canada \u00e8 associata a un numero eTA. Scopri come recuperare un numero di domanda eTA perso.\" \/>\n<meta name=\"robots\" content=\"index, follow, max-snippet:-1, max-image-preview:large, max-video-preview:-1\" \/>\n<link rel=\"canonical\" href=\"https:\/\/ave-eta-canada.com\/it\/cosa-fare-in-caso-di-perdita-del-numero-eta-canada\/\" \/>\n<meta property=\"og:locale\" content=\"it_IT\" \/>\n<meta property=\"og:type\" content=\"article\" \/>\n<meta property=\"og:title\" content=\"Cosa fare in caso di smarrimento del numero eTA Canada?\" \/>\n<meta property=\"og:description\" content=\"Ogni autorizzazione di viaggio temporanea in Canada \u00e8 associata a un numero eTA. Scopri come recuperare un numero di domanda eTA perso.\" \/>\n<meta property=\"og:url\" content=\"https:\/\/ave-eta-canada.com\/it\/cosa-fare-in-caso-di-perdita-del-numero-eta-canada\/\" \/>\n<meta property=\"og:site_name\" content=\"VISTO CANADA\" \/>\n<meta property=\"article:modified_time\" content=\"2022-05-17T18:52:05+00:00\" \/>\n<meta name=\"twitter:card\" content=\"summary_large_image\" \/>\n<meta name=\"twitter:label1\" content=\"Tempo di lettura stimato\" \/>\n\t<meta name=\"twitter:data1\" content=\"4 minuti\" \/>\n<script type=\"application\/ld+json\" class=\"yoast-schema-graph\">{\"@context\":\"https:\/\/schema.org\",\"@graph\":[{\"@type\":\"WebPage\",\"@id\":\"https:\/\/ave-eta-canada.com\/it\/cosa-fare-in-caso-di-perdita-del-numero-eta-canada\/\",\"url\":\"https:\/\/ave-eta-canada.com\/it\/cosa-fare-in-caso-di-perdita-del-numero-eta-canada\/\",\"name\":\"Cosa fare in caso di smarrimento del numero eTA Canada?\",\"isPartOf\":{\"@id\":\"https:\/\/ave-eta-canada.com\/it\/#website\"},\"datePublished\":\"2020-04-25T08:59:00+00:00\",\"dateModified\":\"2022-05-17T18:52:05+00:00\",\"description\":\"Ogni autorizzazione di viaggio temporanea in Canada \u00e8 associata a un numero eTA. Scopri come recuperare un numero di domanda eTA perso.\",\"breadcrumb\":{\"@id\":\"https:\/\/ave-eta-canada.com\/it\/cosa-fare-in-caso-di-perdita-del-numero-eta-canada\/#breadcrumb\"},\"inLanguage\":\"it-IT\",\"potentialAction\":[{\"@type\":\"ReadAction\",\"target\":[\"https:\/\/ave-eta-canada.com\/it\/cosa-fare-in-caso-di-perdita-del-numero-eta-canada\/\"]}]},{\"@type\":\"BreadcrumbList\",\"@id\":\"https:\/\/ave-eta-canada.com\/it\/cosa-fare-in-caso-di-perdita-del-numero-eta-canada\/#breadcrumb\",\"itemListElement\":[{\"@type\":\"ListItem\",\"position\":1,\"name\":\"Home\",\"item\":\"https:\/\/ave-eta-canada.com\/it\/\"},{\"@type\":\"ListItem\",\"position\":2,\"name\":\"Cosa fare in caso di smarrimento del numero eTA Canada?\"}]},{\"@type\":\"WebSite\",\"@id\":\"https:\/\/ave-eta-canada.com\/it\/#website\",\"url\":\"https:\/\/ave-eta-canada.com\/it\/\",\"name\":\"VISTO CANADA\",\"description\":\"Autorisation Voyage Electronique\",\"potentialAction\":[{\"@type\":\"SearchAction\",\"target\":{\"@type\":\"EntryPoint\",\"urlTemplate\":\"https:\/\/ave-eta-canada.com\/it\/?s={search_term_string}\"},\"query-input\":{\"@type\":\"PropertyValueSpecification\",\"valueRequired\":true,\"valueName\":\"search_term_string\"}}],\"inLanguage\":\"it-IT\"}]}<\/script>\n<!-- \/ Yoast SEO plugin. -->","yoast_head_json":{"title":"Cosa fare in caso di smarrimento del numero eTA Canada?","description":"Ogni autorizzazione di viaggio temporanea in Canada \u00e8 associata a un numero eTA. Scopri come recuperare un numero di domanda eTA perso.","robots":{"index":"index","follow":"follow","max-snippet":"max-snippet:-1","max-image-preview":"max-image-preview:large","max-video-preview":"max-video-preview:-1"},"canonical":"https:\/\/ave-eta-canada.com\/it\/cosa-fare-in-caso-di-perdita-del-numero-eta-canada\/","og_locale":"it_IT","og_type":"article","og_title":"Cosa fare in caso di smarrimento del numero eTA Canada?","og_description":"Ogni autorizzazione di viaggio temporanea in Canada \u00e8 associata a un numero eTA. Scopri come recuperare un numero di domanda eTA perso.","og_url":"https:\/\/ave-eta-canada.com\/it\/cosa-fare-in-caso-di-perdita-del-numero-eta-canada\/","og_site_name":"VISTO CANADA","article_modified_time":"2022-05-17T18:52:05+00:00","twitter_card":"summary_large_image","twitter_misc":{"Tempo di lettura stimato":"4 minuti"},"schema":{"@context":"https:\/\/schema.org","@graph":[{"@type":"WebPage","@id":"https:\/\/ave-eta-canada.com\/it\/cosa-fare-in-caso-di-perdita-del-numero-eta-canada\/","url":"https:\/\/ave-eta-canada.com\/it\/cosa-fare-in-caso-di-perdita-del-numero-eta-canada\/","name":"Cosa fare in caso di smarrimento del numero eTA Canada?","isPartOf":{"@id":"https:\/\/ave-eta-canada.com\/it\/#website"},"datePublished":"2020-04-25T08:59:00+00:00","dateModified":"2022-05-17T18:52:05+00:00","description":"Ogni autorizzazione di viaggio temporanea in Canada \u00e8 associata a un numero eTA. Scopri come recuperare un numero di domanda eTA perso.","breadcrumb":{"@id":"https:\/\/ave-eta-canada.com\/it\/cosa-fare-in-caso-di-perdita-del-numero-eta-canada\/#breadcrumb"},"inLanguage":"it-IT","potentialAction":[{"@type":"ReadAction","target":["https:\/\/ave-eta-canada.com\/it\/cosa-fare-in-caso-di-perdita-del-numero-eta-canada\/"]}]},{"@type":"BreadcrumbList","@id":"https:\/\/ave-eta-canada.com\/it\/cosa-fare-in-caso-di-perdita-del-numero-eta-canada\/#breadcrumb","itemListElement":[{"@type":"ListItem","position":1,"name":"Home","item":"https:\/\/ave-eta-canada.com\/it\/"},{"@type":"ListItem","position":2,"name":"Cosa fare in caso di smarrimento del numero eTA Canada?"}]},{"@type":"WebSite","@id":"https:\/\/ave-eta-canada.com\/it\/#website","url":"https:\/\/ave-eta-canada.com\/it\/","name":"VISTO CANADA","description":"Autorisation Voyage Electronique","potentialAction":[{"@type":"SearchAction","target":{"@type":"EntryPoint","urlTemplate":"https:\/\/ave-eta-canada.com\/it\/?s={search_term_string}"},"query-input":{"@type":"PropertyValueSpecification","valueRequired":true,"valueName":"search_term_string"}}],"inLanguage":"it-IT"}]}},"_links":{"self":[{"href":"https:\/\/ave-eta-canada.com\/it\/wp-json\/wp\/v2\/pages\/894","targetHints":{"allow":["GET"]}}],"collection":[{"href":"https:\/\/ave-eta-canada.com\/it\/wp-json\/wp\/v2\/pages"}],"about":[{"href":"https:\/\/ave-eta-canada.com\/it\/wp-json\/wp\/v2\/types\/page"}],"author":[{"embeddable":true,"href":"https:\/\/ave-eta-canada.com\/it\/wp-json\/wp\/v2\/users\/1"}],"replies":[{"embeddable":true,"href":"https:\/\/ave-eta-canada.com\/it\/wp-json\/wp\/v2\/comments?post=894"}],"version-history":[{"count":0,"href":"https:\/\/ave-eta-canada.com\/it\/wp-json\/wp\/v2\/pages\/894\/revisions"}],"wp:attachment":[{"href":"https:\/\/ave-eta-canada.com\/it\/wp-json\/wp\/v2\/media?parent=894"}],"curies":[{"name":"wp","href":"https:\/\/api.w.org\/{rel}","templated":true}]}}