{"id":896,"date":"2020-04-25T09:08:46","date_gmt":"2020-04-25T09:08:46","guid":{"rendered":"https:\/\/ave-eta-canada.com\/qual-e-la-scadenza-per-ottenere-leta-canada\/"},"modified":"2022-05-17T18:55:17","modified_gmt":"2022-05-17T18:55:17","slug":"qual-e-la-scadenza-per-ottenere-leta-canada","status":"publish","type":"page","link":"https:\/\/ave-eta-canada.com\/it\/qual-e-la-scadenza-per-ottenere-leta-canada\/","title":{"rendered":"Qual \u00e8 la scadenza per ottenere l&#8217;ETA Canada?"},"content":{"rendered":"\n<h1 class=\"wp-block-heading\">Il tempo necessario per ottenere l&#8217;eTA Canada<\/h1>\n\n<p>Per diversi anni, i cittadini di alcuni paesi hanno beneficiato di un&#8217;esenzione dal visto che consente loro di recarsi in Canada molto pi\u00f9 facilmente. L&#8217;esenzione dal visto non esonera i viaggiatori dall&#8217;ottenere un&#8217;autorizzazione di viaggio elettronica. <\/p>\n\n<p><strong>Per un soggiorno inferiore a 6 mesi in Canada<\/strong> : Puoi espletare le formalit\u00e0 per entrare in Canada direttamente via Internet cliccando sul <a href=\"https:\/\/ave-eta-canada.com\/it\/modulo-online-eta-canada\/\">modulo online<\/a>. Non \u00e8 necessario ottenere un appuntamento presso l&#8217;ambasciata o il consolato canadese. Questa autorizzazione di viaggio si chiama AVE (French Electronic Travel Authorization), nota anche come eTA (Electronic Travel Authorization in English) che sono le lingue ufficiali del Canada.<\/p>\n\n<p>Quanto tempo ci vuole per ottenere l&#8217;Autorizzazione al Viaggio e quanto tempo prima del soggiorno in Canada dovrebbe essere richiesta? Quanto tempo \u00e8 valido? Tante domande a cui rispondiamo qui sotto.<br\/><\/p>\n\n<h2 class=\"wp-block-heading\">I principi dell&#8217;eTA<\/h2>\n\n<p>L&#8217;eTA, consente ai cittadini di determinati paesi di scoprire il Canada senza richiedere un visto canadese. Non dover andare all&#8217;ambasciata canadese per richiedere un visto \u00e8 un enorme risparmio di tempo, per non parlare di un grande risparmio di denaro. Il governo canadese ha implementato un&#8217;autorizzazione al viaggio, simile all&#8217;ESTA stabilita dagli Stati Uniti, per i soggiorni temporanei pi\u00f9 richiesti e che richiedono solo un rapido controllo dell&#8217;identit\u00e0: transiti in un aeroporto canadese, soggiorni turistici e viaggi di lavoro (senza pagamento in loco ).<\/p>\n\n<p>Per essere autorizzato a viaggiare in Canada con un&#8217;eTA, il viaggiatore deve soddisfare determinate <a href=\"https:\/\/ave-eta-canada.com\/it\/tutto-sulle-condizioni-eta-per-viaggiare-in-canada\/\">condizioni di ammissibilit\u00e0<\/a> . Come accennato in precedenza, il primo criterio imposto \u00e8 l&#8217;adesione al programma di esenzione dal visto. Va inoltre riconosciuta la natura del viaggio in Canada (scali, turismo e affari). Anche il soggiorno in questione non deve superare i 6 mesi ed essere effettuato per via aerea. Va da s\u00e9 che il viaggio non pu\u00f2 svolgersi senza un passaporto valido rilasciato da uno dei paesi firmatari. Il governo del Canada non richiede ai cittadini di nazionalit\u00e0 francese di avere un passaporto biometrico, il passaporto elettronico \u00e8 accettato. Consigli ai viaggiatori: \u00e8 preferibile che il passaporto abbia un periodo di validit\u00e0 superiore a 6 mesi. <br\/><br\/><\/p>\n\n<h2 class=\"wp-block-heading\">Quanto tempo ci vuole per ottenere l&#8217;ETA Canada?<\/h2>\n\n<p>Se sei idoneo, devi <a href=\"https:\/\/ave-eta-canada.com\/it\/come-completare-un-eta-per-viaggiare-in-canada\/\">completare l&#8217;eTA<\/a> utilizzando le tue informazioni personali. Una volta che il tuo file \u00e8 stato inviato alle autorit\u00e0 canadesi, non dovrai aspettare molto. In generale, ti viene data una risposta via e-mail in pochi minuti. A volte possono essere necessari alcuni giorni se il servizio di immigrazione canadese richiede maggiori informazioni da te.<\/p>\n\n<p>Assicurati di fornire un indirizzo e-mail valido poich\u00e9 in questo modo ti verr\u00e0 comunicato il tuo <a href=\"https:\/\/ave-eta-canada.com\/it\/come-verificare-lo-stato-della-richiesta-di-eta-canada\/\">stato eTA<\/a> .<br\/><br\/><\/p>\n\n<h2 class=\"wp-block-heading\">Quando richiedere un&#8217;eTA per tempi di consegna rapidi?<\/h2>\n\n<p>Anche se la compilazione del form e il tempo necessario per ottenere l&#8217; <a href=\"https:\/\/ave-eta-canada.com\/it\/che-cose-eta-canada\/\">eTA Canada<\/a> restano rapidissimi, per rispondere alla domanda &#8220;quando richiedere l&#8217;eTA?&#8221; si consiglia vivamente di procedere con l&#8217;ordine dell&#8217;autorizzazione non appena si prevede di trascorrere le vacanze in Canada. Pertanto, in caso di errore, ti dar\u00e0 il tempo di riprenderti.<\/p>\n\n<p>A seconda del motivo del rifiuto, puoi tentare nuovamente la fortuna (errore di immissione) o richiedere un visto ai servizi consolari dell&#8217;Ambasciata canadese (non ammissibilit\u00e0). Il tempo necessario quindi varia notevolmente, poich\u00e9 la domanda di visto canadese \u00e8 molto pi\u00f9 lunga della domanda online per un&#8217;eTA.<\/p>\n\n<p>Non cercare di ottenere l&#8217;eTA in loco, sia all&#8217;aeroporto francese che canadese. Questa autorizzazione deve essere ottenuta prima dell&#8217;imbarco sui voli internazionali.<\/p>\n\n<p>Tieni presente che la richiesta eTA pu\u00f2 essere effettuata dal sito Web ufficiale del governo canadese o tramite un intermediario specializzato, come il nostro partner. Il vantaggio di una piattaforma privata sta nell&#8217;assistenza che ti viene offerta per portare a termine questo processo. Il periodo di tempo per ricevere l&#8217;eTA rimane lo stesso da un sito all&#8217;altro. Allo stesso modo, al momento non sono possibili richieste di gruppo, vale a dire per tutti i membri della famiglia contemporaneamente. Ogni domanda eTA deve essere presentata individualmente.<br\/><br\/><\/p>\n\n<h2 class=\"wp-block-heading\">Per quanto tempo \u00e8 valido l&#8217;eTA?<\/h2>\n\n<p>Questo documento elettronico ha una <a href=\"https:\/\/ave-eta-canada.com\/it\/eta-canada-periodo-di-validita\/\">validit\u00e0 di cinque anni<\/a>, che ti permette di fare tanti bei viaggi in Canada: Vancouver, Toronto, Ottawa, Quebec, ecc. la scelta \u00e8 tua. Potrai viaggiare attraverso le diverse province e svolgere una moltitudine di attivit\u00e0 offerte da questo Paese nel rispetto del tempo concesso dall&#8217;eTA Canada.<\/p>\n\n<p>Tieni presente che la tua autorizzazione eTA \u00e8 collegata al tuo passaporto. Ci\u00f2 significa che se il tuo documento di identit\u00e0 scade o se il tuo passaporto viene smarrito, l&#8217;eTA perde la sua validit\u00e0. Dovrai richiedere una nuova eTA per visitare il Canada, dandoti un nuovo periodo di grazia di cinque anni. Allo stesso modo, la validit\u00e0 del passaporto francese, dall&#8217;altro, determina il periodo di validit\u00e0 dell&#8217;eTA: se il passaporto utilizzato per la domanda scade in meno di 5 anni, la data di scadenza dell&#8217;eTA copia la data di scadenza del passaporto.<br\/><br\/><\/p>\n\n<h2 class=\"wp-block-heading\">Quanto tempo possiamo partire con l&#8217;eTA?<\/h2>\n\n<p>Se hai ricevuto la tua autorizzazione eTA, sappi che puoi richiedere un soggiorno di 6 mesi sul suolo canadese. Per tutto il periodo di validit\u00e0 del documento eTA, hai diritto a partire pi\u00f9 volte per il Canada rispettando un periodo massimo di 6 mesi per ogni viaggio.<\/p>\n\n<p>Tuttavia, non tentare la sorte e non superare la scadenza concessa da eTA Canada, questo potrebbe metterti nei guai. Lo stesso vale per la natura del viaggio in Canada: l&#8217;eTA non ti permette di <a href=\"https:\/\/ave-eta-canada.com\/it\/canada-il-governo-accoglie-piu-studenti-internazionali\/\">studiare in un&#8217;universit\u00e0 canadese<\/a>, fare uno stage o lavorare in Canada. Ovviamente non \u00e8 nemmeno possibile espatriare e immigrare in Canada. Per questi motivi di viaggio, \u00e8 necessario richiedere un visto turistico, permesso di lavoro, PVT (Working Holiday Permit), residenza permanente. Vi invitiamo a visitare il sito web del governo per maggiori informazioni su questo argomento e per conoscere l&#8217;elenco dei documenti necessari. <\/p>\n\n<p>Ultima precisazione, l&#8217;eTA non \u00e8 l&#8217;unico documento di viaggio da presentare. I funzionari dell&#8217;immigrazione canadese, al passaggio della dogana, chiederanno di vedere il passaporto, un biglietto di uscita sotto forma di biglietto di andata e ritorno o un biglietto per la destinazione finale. Potrebbero essere richiesti altri documenti a seconda della situazione, soprattutto quando si viaggia con bambini minorenni. Noterai che l&#8217;ufficiale dell&#8217;immigrazione non ti chieder\u00e0 l&#8217;eTA, poich\u00e9 \u00e8 collegata elettronicamente al numero del tuo passaporto. <\/p>\n","protected":false},"excerpt":{"rendered":"<p>Il tempo necessario per ottenere l&#8217;eTA Canada Per diversi anni, i cittadini di alcuni paesi hanno beneficiato di un&#8217;esenzione dal visto che consente loro di recarsi in Canada molto pi\u00f9 facilmente. L&#8217;esenzione dal visto non esonera i viaggiatori dall&#8217;ottenere un&#8217;autorizzazione di viaggio elettronica. Per un soggiorno inferiore a 6 mesi in Canada : Puoi espletare [&hellip;]<\/p>\n","protected":false},"author":1,"featured_media":0,"parent":0,"menu_order":0,"comment_status":"closed","ping_status":"closed","template":"","meta":{"footnotes":""},"class_list":["post-896","page","type-page","status-publish","hentry"],"yoast_head":"<!-- This site is optimized with the Yoast SEO plugin v26.9 - https:\/\/yoast.com\/product\/yoast-seo-wordpress\/ -->\n<title>Qual \u00e8 la scadenza per ottenere l&#039;ETA Canada?<\/title>\n<meta name=\"description\" content=\"Vuoi visitare il Canada e vuoi conoscere la scadenza per ricevere l&#039;AVE per organizzare il tuo soggiorno? La nostra risposta qui!\" \/>\n<meta name=\"robots\" content=\"index, follow, max-snippet:-1, max-image-preview:large, max-video-preview:-1\" \/>\n<link rel=\"canonical\" href=\"https:\/\/ave-eta-canada.com\/it\/qual-e-la-scadenza-per-ottenere-leta-canada\/\" \/>\n<meta property=\"og:locale\" content=\"it_IT\" \/>\n<meta property=\"og:type\" content=\"article\" \/>\n<meta property=\"og:title\" content=\"Qual \u00e8 la scadenza per ottenere l&#039;ETA Canada?\" \/>\n<meta property=\"og:description\" content=\"Vuoi visitare il Canada e vuoi conoscere la scadenza per ricevere l&#039;AVE per organizzare il tuo soggiorno? La nostra risposta qui!\" \/>\n<meta property=\"og:url\" content=\"https:\/\/ave-eta-canada.com\/it\/qual-e-la-scadenza-per-ottenere-leta-canada\/\" \/>\n<meta property=\"og:site_name\" content=\"VISTO CANADA\" \/>\n<meta property=\"article:modified_time\" content=\"2022-05-17T18:55:17+00:00\" \/>\n<meta name=\"twitter:card\" content=\"summary_large_image\" \/>\n<meta name=\"twitter:label1\" content=\"Tempo di lettura stimato\" \/>\n\t<meta name=\"twitter:data1\" content=\"5 minuti\" \/>\n<script type=\"application\/ld+json\" class=\"yoast-schema-graph\">{\"@context\":\"https:\/\/schema.org\",\"@graph\":[{\"@type\":\"WebPage\",\"@id\":\"https:\/\/ave-eta-canada.com\/it\/qual-e-la-scadenza-per-ottenere-leta-canada\/\",\"url\":\"https:\/\/ave-eta-canada.com\/it\/qual-e-la-scadenza-per-ottenere-leta-canada\/\",\"name\":\"Qual \u00e8 la scadenza per ottenere l'ETA Canada?\",\"isPartOf\":{\"@id\":\"https:\/\/ave-eta-canada.com\/it\/#website\"},\"datePublished\":\"2020-04-25T09:08:46+00:00\",\"dateModified\":\"2022-05-17T18:55:17+00:00\",\"description\":\"Vuoi visitare il Canada e vuoi conoscere la scadenza per ricevere l'AVE per organizzare il tuo soggiorno? La nostra risposta qui!\",\"breadcrumb\":{\"@id\":\"https:\/\/ave-eta-canada.com\/it\/qual-e-la-scadenza-per-ottenere-leta-canada\/#breadcrumb\"},\"inLanguage\":\"it-IT\",\"potentialAction\":[{\"@type\":\"ReadAction\",\"target\":[\"https:\/\/ave-eta-canada.com\/it\/qual-e-la-scadenza-per-ottenere-leta-canada\/\"]}]},{\"@type\":\"BreadcrumbList\",\"@id\":\"https:\/\/ave-eta-canada.com\/it\/qual-e-la-scadenza-per-ottenere-leta-canada\/#breadcrumb\",\"itemListElement\":[{\"@type\":\"ListItem\",\"position\":1,\"name\":\"Home\",\"item\":\"https:\/\/ave-eta-canada.com\/it\/\"},{\"@type\":\"ListItem\",\"position\":2,\"name\":\"Qual \u00e8 la scadenza per ottenere l&#8217;ETA Canada?\"}]},{\"@type\":\"WebSite\",\"@id\":\"https:\/\/ave-eta-canada.com\/it\/#website\",\"url\":\"https:\/\/ave-eta-canada.com\/it\/\",\"name\":\"VISTO CANADA\",\"description\":\"Autorisation Voyage Electronique\",\"potentialAction\":[{\"@type\":\"SearchAction\",\"target\":{\"@type\":\"EntryPoint\",\"urlTemplate\":\"https:\/\/ave-eta-canada.com\/it\/?s={search_term_string}\"},\"query-input\":{\"@type\":\"PropertyValueSpecification\",\"valueRequired\":true,\"valueName\":\"search_term_string\"}}],\"inLanguage\":\"it-IT\"}]}<\/script>\n<!-- \/ Yoast SEO plugin. -->","yoast_head_json":{"title":"Qual \u00e8 la scadenza per ottenere l'ETA Canada?","description":"Vuoi visitare il Canada e vuoi conoscere la scadenza per ricevere l'AVE per organizzare il tuo soggiorno? La nostra risposta qui!","robots":{"index":"index","follow":"follow","max-snippet":"max-snippet:-1","max-image-preview":"max-image-preview:large","max-video-preview":"max-video-preview:-1"},"canonical":"https:\/\/ave-eta-canada.com\/it\/qual-e-la-scadenza-per-ottenere-leta-canada\/","og_locale":"it_IT","og_type":"article","og_title":"Qual \u00e8 la scadenza per ottenere l'ETA Canada?","og_description":"Vuoi visitare il Canada e vuoi conoscere la scadenza per ricevere l'AVE per organizzare il tuo soggiorno? La nostra risposta qui!","og_url":"https:\/\/ave-eta-canada.com\/it\/qual-e-la-scadenza-per-ottenere-leta-canada\/","og_site_name":"VISTO CANADA","article_modified_time":"2022-05-17T18:55:17+00:00","twitter_card":"summary_large_image","twitter_misc":{"Tempo di lettura stimato":"5 minuti"},"schema":{"@context":"https:\/\/schema.org","@graph":[{"@type":"WebPage","@id":"https:\/\/ave-eta-canada.com\/it\/qual-e-la-scadenza-per-ottenere-leta-canada\/","url":"https:\/\/ave-eta-canada.com\/it\/qual-e-la-scadenza-per-ottenere-leta-canada\/","name":"Qual \u00e8 la scadenza per ottenere l'ETA Canada?","isPartOf":{"@id":"https:\/\/ave-eta-canada.com\/it\/#website"},"datePublished":"2020-04-25T09:08:46+00:00","dateModified":"2022-05-17T18:55:17+00:00","description":"Vuoi visitare il Canada e vuoi conoscere la scadenza per ricevere l'AVE per organizzare il tuo soggiorno? La nostra risposta qui!","breadcrumb":{"@id":"https:\/\/ave-eta-canada.com\/it\/qual-e-la-scadenza-per-ottenere-leta-canada\/#breadcrumb"},"inLanguage":"it-IT","potentialAction":[{"@type":"ReadAction","target":["https:\/\/ave-eta-canada.com\/it\/qual-e-la-scadenza-per-ottenere-leta-canada\/"]}]},{"@type":"BreadcrumbList","@id":"https:\/\/ave-eta-canada.com\/it\/qual-e-la-scadenza-per-ottenere-leta-canada\/#breadcrumb","itemListElement":[{"@type":"ListItem","position":1,"name":"Home","item":"https:\/\/ave-eta-canada.com\/it\/"},{"@type":"ListItem","position":2,"name":"Qual \u00e8 la scadenza per ottenere l&#8217;ETA Canada?"}]},{"@type":"WebSite","@id":"https:\/\/ave-eta-canada.com\/it\/#website","url":"https:\/\/ave-eta-canada.com\/it\/","name":"VISTO CANADA","description":"Autorisation Voyage Electronique","potentialAction":[{"@type":"SearchAction","target":{"@type":"EntryPoint","urlTemplate":"https:\/\/ave-eta-canada.com\/it\/?s={search_term_string}"},"query-input":{"@type":"PropertyValueSpecification","valueRequired":true,"valueName":"search_term_string"}}],"inLanguage":"it-IT"}]}},"_links":{"self":[{"href":"https:\/\/ave-eta-canada.com\/it\/wp-json\/wp\/v2\/pages\/896","targetHints":{"allow":["GET"]}}],"collection":[{"href":"https:\/\/ave-eta-canada.com\/it\/wp-json\/wp\/v2\/pages"}],"about":[{"href":"https:\/\/ave-eta-canada.com\/it\/wp-json\/wp\/v2\/types\/page"}],"author":[{"embeddable":true,"href":"https:\/\/ave-eta-canada.com\/it\/wp-json\/wp\/v2\/users\/1"}],"replies":[{"embeddable":true,"href":"https:\/\/ave-eta-canada.com\/it\/wp-json\/wp\/v2\/comments?post=896"}],"version-history":[{"count":0,"href":"https:\/\/ave-eta-canada.com\/it\/wp-json\/wp\/v2\/pages\/896\/revisions"}],"wp:attachment":[{"href":"https:\/\/ave-eta-canada.com\/it\/wp-json\/wp\/v2\/media?parent=896"}],"curies":[{"name":"wp","href":"https:\/\/api.w.org\/{rel}","templated":true}]}}