{"id":898,"date":"2020-04-25T09:26:44","date_gmt":"2020-04-25T09:26:44","guid":{"rendered":"https:\/\/ave-eta-canada.com\/completa-il-modulo-eta-per-il-canada\/"},"modified":"2022-05-17T19:01:17","modified_gmt":"2022-05-17T19:01:17","slug":"completa-il-modulo-eta-per-il-canada","status":"publish","type":"page","link":"https:\/\/ave-eta-canada.com\/it\/completa-il-modulo-eta-per-il-canada\/","title":{"rendered":"Completa il modulo eTA per il Canada"},"content":{"rendered":"\n<h1 class=\"wp-block-heading\">Come compilare il modulo eTA per il Canada?<\/h1>\n\n<p>Per viaggiare in Canada non \u00e8 pi\u00f9 necessario ottenere un visto canadese. Tutto quello che devi fare \u00e8 ottenere un&#8217;Autorizzazione Elettronica di Viaggio (eTA) via Internet. <\/p>\n\n<p><strong>Per un soggiorno inferiore a 6 mesi in Canada<\/strong> : Puoi espletare le formalit\u00e0 per entrare in Canada direttamente via Internet cliccando sul <a href=\"https:\/\/ave-eta-canada.com\/it\/modulo-online-eta-canada\/\">modulo online<\/a>. Non \u00e8 necessario ottenere un appuntamento presso l&#8217;ambasciata o il consolato canadese.<\/p>\n\n<p>Per fare domanda, \u00e8 necessario compilare correttamente il modulo eTA per il Canada. \u00c8 importante, prima di tutto, determinare se puoi beneficiare di questo dispositivo e, in secondo luogo, sapere come compilare il modulo di richiesta eTA per il tuo viaggio in Canada.<br\/><\/p>\n\n<h2 class=\"wp-block-heading\">Puoi completare il modulo elettronico di autorizzazione al viaggio per il Canada?<\/h2>\n\n<p>Il governo canadese ha implementato un <a href=\"https:\/\/ave-eta-canada.com\/it\/il-visto-e-essenziale-per-viaggiare-in-canada\/\">programma di esenzione dal visto<\/a> . Questo \u00e8 un modulo elettronico di autorizzazione al viaggio che mira a facilitare le procedure amministrative per i viaggiatori che desiderano visitare il Canada. Questo pass non consente l&#8217;espatrio in Canada, n\u00e9 di studiare o lavorare l\u00ec, ti permette semplicemente di soggiornarci senza dover richiedere un visto per un soggiorno turistico o un viaggio di lavoro. Per scoprire la vita in Canada con l&#8217;eTA, devi soddisfare determinati criteri:<\/p>\n\n<ul class=\"wp-block-list\"><li>sono ammessi solo i cittadini dei paesi membri di questo sistema (puoi trovare facilmente l&#8217;elenco dei paesi interessati su Internet);<\/li><li>il soggiorno deve essere temporaneo, cio\u00e8 inferiore a 6 mesi;<\/li><li>l&#8217;arrivo in territorio canadese deve avvenire in aereo;<\/li><li>il tuo passaporto deve essere valido, con un periodo di validit\u00e0 residuo raccomandato di 6 mesi.<br\/><br\/><\/li><\/ul>\n\n<h2 class=\"wp-block-heading\">Completa il modulo di richiesta eTA per il Canada<\/h2>\n\n<p>Il modulo di domanda eTA <a href=\"https:\/\/ave-eta-canada.com\/it\/notizie-novita-sulleta-visa-canada\/\">per il Canada<\/a> non esiste in formato cartaceo. Pertanto, i viaggiatori devono compilare il modulo online che \u00e8 diviso in pi\u00f9 parti.<\/p>\n\n<p>Ti vengono chieste molte informazioni personali sul tuo lavoro, indirizzo, date del tuo viaggio (informazioni facoltative), stato di salute e precedenti penali. Assicurati di rispondere alle domande sul modulo <a href=\"https:\/\/ave-eta-canada.com\/it\/fai-una-domanda-ufficiale-di-eta-canada\/\">di richiesta eTA Canada in<\/a> modo onesto, corretto e soprattutto con molta attenzione, perch\u00e9 se commetti un errore, potresti non ricevere l&#8217;autorizzazione.<\/p>\n\n<p>Ti viene chiesto di firmare elettronicamente il modulo digitando il tuo nome. Per finalizzare il modulo di richiesta eTA per il Canada, devi pagare la somma di 7 dollari canadesi.<\/p>\n\n<p>La richiesta pu\u00f2 essere effettuata sul sito Web ufficiale del governo canadese o su uno dei siti privati che offrono di completare questa richiesta per te. La richiesta \u00e8 semplificata e quindi pi\u00f9 veloce.<br\/><br\/><\/p>\n\n<h2 class=\"wp-block-heading\">Ricevi la tua eTA Canada dopo aver completato il modulo<\/h2>\n\n<p>Per quanto riguarda l&#8217;<a href=\"https:\/\/ave-eta-canada.com\/it\/qual-e-la-scadenza-per-ottenere-leta-canada\/\">ottenimento dell&#8217;eTA<\/a>, si riceve un reso direttamente per via telematica all&#8217;indirizzo e-mail fornito in fase di richiesta. Le autorit\u00e0 canadesi ti invieranno 2 e-mail: la prima \u00e8 un avviso di ricevimento della tua richiesta, la seconda la risposta ad essa.<\/p>\n\n<p>Tieni presente che l&#8217;autorizzazione di viaggio elettronica per il Canada \u00e8 valida per cinque anni (a meno che tu non cambi nel frattempo il passaporto), che ti consente di rinnovare il tuo viaggio per scoprire altre regioni o riscoprire luoghi che hai apprezzato.<\/p>\n\n<p>Ci auguriamo che i nostri suggerimenti per la compilazione del <a href=\"https:\/\/ave-eta-canada.com\/it\/\">modulo di domanda eTA<\/a> per il Canada ti siano stati d&#8217;aiuto.<\/p>\n","protected":false},"excerpt":{"rendered":"<p>Come compilare il modulo eTA per il Canada? Per viaggiare in Canada non \u00e8 pi\u00f9 necessario ottenere un visto canadese. Tutto quello che devi fare \u00e8 ottenere un&#8217;Autorizzazione Elettronica di Viaggio (eTA) via Internet. Per un soggiorno inferiore a 6 mesi in Canada : Puoi espletare le formalit\u00e0 per entrare in Canada direttamente via Internet [&hellip;]<\/p>\n","protected":false},"author":1,"featured_media":0,"parent":0,"menu_order":0,"comment_status":"closed","ping_status":"closed","template":"","meta":{"footnotes":""},"class_list":["post-898","page","type-page","status-publish","hentry"],"yoast_head":"<!-- This site is optimized with the Yoast SEO plugin v26.9 - https:\/\/yoast.com\/product\/yoast-seo-wordpress\/ -->\n<title>Completa il modulo eTA per il Canada<\/title>\n<meta name=\"description\" content=\"Vuoi andare in Canada? Il nostro team di esperti spiega come presentare domanda e compilare correttamente il modulo Canada eTA!\" \/>\n<meta name=\"robots\" content=\"index, follow, max-snippet:-1, max-image-preview:large, max-video-preview:-1\" \/>\n<link rel=\"canonical\" href=\"https:\/\/ave-eta-canada.com\/it\/completa-il-modulo-eta-per-il-canada\/\" \/>\n<meta property=\"og:locale\" content=\"it_IT\" \/>\n<meta property=\"og:type\" content=\"article\" \/>\n<meta property=\"og:title\" content=\"Completa il modulo eTA per il Canada\" \/>\n<meta property=\"og:description\" content=\"Vuoi andare in Canada? Il nostro team di esperti spiega come presentare domanda e compilare correttamente il modulo Canada eTA!\" \/>\n<meta property=\"og:url\" content=\"https:\/\/ave-eta-canada.com\/it\/completa-il-modulo-eta-per-il-canada\/\" \/>\n<meta property=\"og:site_name\" content=\"VISTO CANADA\" \/>\n<meta property=\"article:modified_time\" content=\"2022-05-17T19:01:17+00:00\" \/>\n<meta name=\"twitter:card\" content=\"summary_large_image\" \/>\n<meta name=\"twitter:label1\" content=\"Tempo di lettura stimato\" \/>\n\t<meta name=\"twitter:data1\" content=\"3 minuti\" \/>\n<script type=\"application\/ld+json\" class=\"yoast-schema-graph\">{\"@context\":\"https:\/\/schema.org\",\"@graph\":[{\"@type\":\"WebPage\",\"@id\":\"https:\/\/ave-eta-canada.com\/it\/completa-il-modulo-eta-per-il-canada\/\",\"url\":\"https:\/\/ave-eta-canada.com\/it\/completa-il-modulo-eta-per-il-canada\/\",\"name\":\"Completa il modulo eTA per il Canada\",\"isPartOf\":{\"@id\":\"https:\/\/ave-eta-canada.com\/it\/#website\"},\"datePublished\":\"2020-04-25T09:26:44+00:00\",\"dateModified\":\"2022-05-17T19:01:17+00:00\",\"description\":\"Vuoi andare in Canada? Il nostro team di esperti spiega come presentare domanda e compilare correttamente il modulo Canada eTA!\",\"breadcrumb\":{\"@id\":\"https:\/\/ave-eta-canada.com\/it\/completa-il-modulo-eta-per-il-canada\/#breadcrumb\"},\"inLanguage\":\"it-IT\",\"potentialAction\":[{\"@type\":\"ReadAction\",\"target\":[\"https:\/\/ave-eta-canada.com\/it\/completa-il-modulo-eta-per-il-canada\/\"]}]},{\"@type\":\"BreadcrumbList\",\"@id\":\"https:\/\/ave-eta-canada.com\/it\/completa-il-modulo-eta-per-il-canada\/#breadcrumb\",\"itemListElement\":[{\"@type\":\"ListItem\",\"position\":1,\"name\":\"Home\",\"item\":\"https:\/\/ave-eta-canada.com\/it\/\"},{\"@type\":\"ListItem\",\"position\":2,\"name\":\"Completa il modulo eTA per il Canada\"}]},{\"@type\":\"WebSite\",\"@id\":\"https:\/\/ave-eta-canada.com\/it\/#website\",\"url\":\"https:\/\/ave-eta-canada.com\/it\/\",\"name\":\"VISTO CANADA\",\"description\":\"Autorisation Voyage Electronique\",\"potentialAction\":[{\"@type\":\"SearchAction\",\"target\":{\"@type\":\"EntryPoint\",\"urlTemplate\":\"https:\/\/ave-eta-canada.com\/it\/?s={search_term_string}\"},\"query-input\":{\"@type\":\"PropertyValueSpecification\",\"valueRequired\":true,\"valueName\":\"search_term_string\"}}],\"inLanguage\":\"it-IT\"}]}<\/script>\n<!-- \/ Yoast SEO plugin. -->","yoast_head_json":{"title":"Completa il modulo eTA per il Canada","description":"Vuoi andare in Canada? Il nostro team di esperti spiega come presentare domanda e compilare correttamente il modulo Canada eTA!","robots":{"index":"index","follow":"follow","max-snippet":"max-snippet:-1","max-image-preview":"max-image-preview:large","max-video-preview":"max-video-preview:-1"},"canonical":"https:\/\/ave-eta-canada.com\/it\/completa-il-modulo-eta-per-il-canada\/","og_locale":"it_IT","og_type":"article","og_title":"Completa il modulo eTA per il Canada","og_description":"Vuoi andare in Canada? Il nostro team di esperti spiega come presentare domanda e compilare correttamente il modulo Canada eTA!","og_url":"https:\/\/ave-eta-canada.com\/it\/completa-il-modulo-eta-per-il-canada\/","og_site_name":"VISTO CANADA","article_modified_time":"2022-05-17T19:01:17+00:00","twitter_card":"summary_large_image","twitter_misc":{"Tempo di lettura stimato":"3 minuti"},"schema":{"@context":"https:\/\/schema.org","@graph":[{"@type":"WebPage","@id":"https:\/\/ave-eta-canada.com\/it\/completa-il-modulo-eta-per-il-canada\/","url":"https:\/\/ave-eta-canada.com\/it\/completa-il-modulo-eta-per-il-canada\/","name":"Completa il modulo eTA per il Canada","isPartOf":{"@id":"https:\/\/ave-eta-canada.com\/it\/#website"},"datePublished":"2020-04-25T09:26:44+00:00","dateModified":"2022-05-17T19:01:17+00:00","description":"Vuoi andare in Canada? Il nostro team di esperti spiega come presentare domanda e compilare correttamente il modulo Canada eTA!","breadcrumb":{"@id":"https:\/\/ave-eta-canada.com\/it\/completa-il-modulo-eta-per-il-canada\/#breadcrumb"},"inLanguage":"it-IT","potentialAction":[{"@type":"ReadAction","target":["https:\/\/ave-eta-canada.com\/it\/completa-il-modulo-eta-per-il-canada\/"]}]},{"@type":"BreadcrumbList","@id":"https:\/\/ave-eta-canada.com\/it\/completa-il-modulo-eta-per-il-canada\/#breadcrumb","itemListElement":[{"@type":"ListItem","position":1,"name":"Home","item":"https:\/\/ave-eta-canada.com\/it\/"},{"@type":"ListItem","position":2,"name":"Completa il modulo eTA per il Canada"}]},{"@type":"WebSite","@id":"https:\/\/ave-eta-canada.com\/it\/#website","url":"https:\/\/ave-eta-canada.com\/it\/","name":"VISTO CANADA","description":"Autorisation Voyage Electronique","potentialAction":[{"@type":"SearchAction","target":{"@type":"EntryPoint","urlTemplate":"https:\/\/ave-eta-canada.com\/it\/?s={search_term_string}"},"query-input":{"@type":"PropertyValueSpecification","valueRequired":true,"valueName":"search_term_string"}}],"inLanguage":"it-IT"}]}},"_links":{"self":[{"href":"https:\/\/ave-eta-canada.com\/it\/wp-json\/wp\/v2\/pages\/898","targetHints":{"allow":["GET"]}}],"collection":[{"href":"https:\/\/ave-eta-canada.com\/it\/wp-json\/wp\/v2\/pages"}],"about":[{"href":"https:\/\/ave-eta-canada.com\/it\/wp-json\/wp\/v2\/types\/page"}],"author":[{"embeddable":true,"href":"https:\/\/ave-eta-canada.com\/it\/wp-json\/wp\/v2\/users\/1"}],"replies":[{"embeddable":true,"href":"https:\/\/ave-eta-canada.com\/it\/wp-json\/wp\/v2\/comments?post=898"}],"version-history":[{"count":0,"href":"https:\/\/ave-eta-canada.com\/it\/wp-json\/wp\/v2\/pages\/898\/revisions"}],"wp:attachment":[{"href":"https:\/\/ave-eta-canada.com\/it\/wp-json\/wp\/v2\/media?parent=898"}],"curies":[{"name":"wp","href":"https:\/\/api.w.org\/{rel}","templated":true}]}}