{"id":900,"date":"2020-04-25T09:36:50","date_gmt":"2020-04-25T09:36:50","guid":{"rendered":"https:\/\/ave-eta-canada.com\/sito-ufficiale-di-eta-canada\/"},"modified":"2022-05-17T20:24:46","modified_gmt":"2022-05-17T20:24:46","slug":"sito-ufficiale-di-eta-canada","status":"publish","type":"page","link":"https:\/\/ave-eta-canada.com\/it\/sito-ufficiale-di-eta-canada\/","title":{"rendered":"Sito ufficiale dell&#8217;eTA Canada"},"content":{"rendered":"\n<h1 class=\"wp-block-heading\">Presentazione del sito ufficiale dell&#8217;eTA Canada<\/h1>\n\n<p>Per recarsi in Canada \u00e8 necessario un permesso di soggiorno. A seconda della natura del soggiorno e del paese di origine, la richiesta deve riguardare un visto canadese o un&#8217;autorizzazione elettronica di viaggio eTA. <\/p>\n\n<p><strong>Per un soggiorno inferiore a 6 mesi in Canada<\/strong> : Puoi espletare le formalit\u00e0 per entrare in Canada direttamente via Internet cliccando sul <a href=\"https:\/\/ave-eta-canada.com\/it\/modulo-online-eta-canada\/\">modulo online<\/a>. Non \u00e8 necessario ottenere un appuntamento presso l&#8217;ambasciata o il consolato canadese. <\/p>\n\n<p>La domanda di autorizzazione elettronica al viaggio pu\u00f2 essere presentata solo su Internet sul sito ufficiale di eTA Canada. Vi presentiamo il sito web eTA Canada creato dal governo canadese.<\/p>\n\n<h2 class=\"wp-block-heading\">Le informazioni contenute nel sito ufficiale dell&#8217;eTA Canada<\/h2>\n\n<p>Il sito web ufficiale dell&#8217;eTA Canada \u00e8 facile da usare e chiaro. Sfortunatamente, non tutte le informazioni sono facili da trovare.<\/p>\n\n<p>Per trovare la pagina della <a href=\"https:\/\/ave-eta-canada.com\/it\/\">domanda di eTA Canada<\/a> , vai al sito web del governo del Canada e seleziona la sezione immigrazione e cittadinanza; l&#8217;applicazione eTA \u00e8 sotto la responsabilit\u00e0 dell&#8217;IRCC (Immigration, Refugees and Citizenship Canada). Il sito ti offre di verificare se hai bisogno di un visto o di un&#8217;eTA rispondendo a una semplice domanda riguardante la tua nazionalit\u00e0.<\/p>\n\n<p>Prima di accedere al <a href=\"https:\/\/ave-eta-canada.com\/it\/fai-una-domanda-ufficiale-di-eta-canada\/\">Modulo di richiesta eTA<\/a> Canada, ti viene presentata una panoramica del processo in 5 passaggi: i documenti da preparare prima di completare il modulo, il modulo da compilare, il pagamento della quota di iscrizione di CAN$7, la risposta via e-mail ed eventualmente gli ulteriori documenti giustificativi. E&#8217; possibile consultare anche un aiuto, in forma di PDF, in 18 lingue. Questa guida spiega come completare il modulo online. In caso di domande, fare clic sul collegamento <a href=\"https:\/\/ave-eta-canada.com\/it\/faq-eta-canada\/\">FAQ<\/a><\/p>\n\n<p>Il sito web ufficiale di eTA Canada presenta brevemente cos&#8217;\u00e8 l&#8217;eTA nella pagina &#8220;sapere cos&#8217;\u00e8 un&#8217;autorizzazione di viaggio elettronica&#8221;. Vi si legge che l&#8217;autorizzazione eTA \u00e8 un obbligo di ingresso destinato ai cittadini di Paesi esenti dall&#8217;obbligo del visto (l&#8217;elenco dei Paesi beneficiari dell&#8217;esenzione dal visto \u00e8 disponibile alla pagina \u201crequisiti di ammissione per Paese o territorio\u201d, un link \u00e8 presente nella pagina). Si noti che i cittadini francesi sono ammissibili. L&#8217;eTA \u00e8 richiesta solo per gli arrivi con voli internazionali, incluso il transito attraverso il territorio canadese. \u00c8 legato elettronicamente al passaporto (quindi attenzione in caso di nuovo passaporto o modifica delle informazioni contenute) e ha una validit\u00e0 massima di 5 anni. Durante i 5 anni di validit\u00e0 il numero dei soggiorni non \u00e8 limitato, ma non pu\u00f2 superare i 6 mesi. L&#8217;eTA non garantisce l&#8217;ingresso nel territorio canadese, questa decisione spetta all&#8217;ufficiale dei servizi di frontiera. L&#8217;agente esamina i documenti di viaggio (passaporto, AVE, biglietto di uscita, prova per minori, ecc.) per prendere la sua decisione. Potrebbero anche essere poste alcune domande.<br\/><\/p>\n\n<h2 class=\"wp-block-heading\">Candidati sul sito web dell&#8217;eTA Canada<\/h2>\n\n<p>La domanda eTA pu\u00f2 essere presentata solo sul sito Web eTA Canada del governo. Tuttavia, sei libero di fare la richiesta tu stesso o di passare attraverso una piattaforma privata, in modo che un team di professionisti faccia la richiesta per tuo conto. Non c&#8217;\u00e8 bisogno di andare all&#8217;Ambasciata canadese, quest&#8217;ultima non \u00e8 in grado di aiutarti in questo processo.<\/p>\n\n<p>Il modulo di domanda sul sito web di eTA Canada pu\u00f2 essere compilato dal viaggiatore stesso o da terzi, questa \u00e8 la prima domanda posta. Non \u00e8 possibile fare una richiesta di gruppo, quindi ogni richiesta va inserita e pagata singolarmente.<\/p>\n\n<p>Se una persona compila il modulo per conto di terzi, deve presentarsi, indicare la propria relazione con il viaggiatore e inserire le proprie informazioni personali.<\/p>\n\n<p>Per compilare il modulo \u00e8 importante portare con s\u00e9 il proprio passaporto (o quello del richiedente) e una carta di pagamento. \u00c8 richiesto un passaporto valido, si consiglia un <a href=\"https:\/\/ave-eta-canada.com\/it\/eta-canada-periodo-di-validita\/\">periodo di validit\u00e0<\/a> di 6 mesi. Il modulo \u00e8 diviso in 3 parti:<\/p>\n\n<ul class=\"wp-block-list\"><li>i dati presenti sul passaporto: numero del passaporto (da inserire due volte per evitare errori di battitura), cognomi e nomi del titolare, data e luogo di nascita, sesso, data di rilascio e scadenza;<\/li><li>dati personali: qualsiasi doppia nazionalit\u00e0, stato civile, eventuali precedenti richieste di visto o eTA, impiego (professione, nome del datore di lavoro e indirizzo), indirizzo postale e indirizzo e-mail (da inserire due volte);<\/li><li>lo sfondo: eventuali divieti di ingresso sul territorio canadese (o qualsiasi altro paese), storia legale e medica.<\/li><\/ul>\n\n<p>Una sezione del modulo \u00e8 riservata alla data di arrivo in Canada. Tuttavia, questa domanda \u00e8 facoltativa, perch\u00e9 \u00e8 del tutto possibile ordinare un AVE senza un progetto specifico.<\/p>\n\n<p>Per convalidare il modulo di domanda eTA, il richiedente deve firmare un consenso e pagare la <a href=\"https:\/\/ave-eta-canada.com\/it\/eta-canada-il-suo-prezzo\/\">quota eTA<\/a> .<br\/><\/p>\n\n<h2 class=\"wp-block-heading\">Elaborazione della domanda eTA Canada<\/h2>\n\n<p>Una volta effettuata la richiesta sul sito ufficiale di eTA Canada, riceverai una conferma di ricezione via e-mail. \u00c8 del tutto possibile che riceverai la tua risposta finale allo stesso tempo. La risposta pu\u00f2 quindi essere positiva (approvazione della richiesta eTA) o negativa. In caso di rifiuto dell&#8217;autorizzazione, \u00e8 sempre possibile fare una richiesta di visto o <a href=\"https:\/\/pvtistes.net\/le-pvt\/canada\/\">PVT<\/a> presso l&#8217;ambasciata canadese. Fai attenzione ad avere un passaporto biometrico (o elettronico) per questa richiesta.<\/p>\n\n<p>Pu\u00f2 capitare che la richiesta sia pendente, ovvero che ti venga data una risposta definitiva entro pochi giorni o che le autorit\u00e0 canadesi ti contattino via e-mail per avere maggiori informazioni. In tal caso, la procedura da seguire \u00e8 dettagliata nell&#8217;e-mail di contatto.<\/p>\n\n<p>L&#8217;autorizzazione al viaggio deve essere ottenuta, sul sito ufficiale dell&#8217;AVE Canada o su un sito privato, prima di partire, perch\u00e9 senza di essa non si \u00e8 ammissibili sul suolo canadese. Non puoi nemmeno imbarcarti per il tuo soggiorno in Canada, le compagnie aeree hanno l&#8217;obbligo di verificare i tuoi dati.<\/p>\n","protected":false},"excerpt":{"rendered":"<p>Presentazione del sito ufficiale dell&#8217;eTA Canada Per recarsi in Canada \u00e8 necessario un permesso di soggiorno. A seconda della natura del soggiorno e del paese di origine, la richiesta deve riguardare un visto canadese o un&#8217;autorizzazione elettronica di viaggio eTA. Per un soggiorno inferiore a 6 mesi in Canada : Puoi espletare le formalit\u00e0 per [&hellip;]<\/p>\n","protected":false},"author":1,"featured_media":0,"parent":0,"menu_order":0,"comment_status":"closed","ping_status":"closed","template":"","meta":{"footnotes":""},"class_list":["post-900","page","type-page","status-publish","hentry"],"yoast_head":"<!-- This site is optimized with the Yoast SEO plugin v26.9 - https:\/\/yoast.com\/product\/yoast-seo-wordpress\/ -->\n<title>Sito ufficiale dell&#039;eTA Canada<\/title>\n<meta name=\"description\" content=\"Presentazione del sito web ufficiale dell&#039;eTA del governo canadese per ottenere l&#039;autorizzazione di viaggio elettronica essenziale per viaggiare in Canada.\" \/>\n<meta name=\"robots\" content=\"index, follow, max-snippet:-1, max-image-preview:large, max-video-preview:-1\" \/>\n<link rel=\"canonical\" href=\"https:\/\/ave-eta-canada.com\/it\/sito-ufficiale-di-eta-canada\/\" \/>\n<meta property=\"og:locale\" content=\"it_IT\" \/>\n<meta property=\"og:type\" content=\"article\" \/>\n<meta property=\"og:title\" content=\"Sito ufficiale dell&#039;eTA Canada\" \/>\n<meta property=\"og:description\" content=\"Presentazione del sito web ufficiale dell&#039;eTA del governo canadese per ottenere l&#039;autorizzazione di viaggio elettronica essenziale per viaggiare in Canada.\" \/>\n<meta property=\"og:url\" content=\"https:\/\/ave-eta-canada.com\/it\/sito-ufficiale-di-eta-canada\/\" \/>\n<meta property=\"og:site_name\" content=\"VISTO CANADA\" \/>\n<meta property=\"article:modified_time\" content=\"2022-05-17T20:24:46+00:00\" \/>\n<meta name=\"twitter:card\" content=\"summary_large_image\" \/>\n<meta name=\"twitter:label1\" content=\"Tempo di lettura stimato\" \/>\n\t<meta name=\"twitter:data1\" content=\"4 minuti\" \/>\n<script type=\"application\/ld+json\" class=\"yoast-schema-graph\">{\"@context\":\"https:\/\/schema.org\",\"@graph\":[{\"@type\":\"WebPage\",\"@id\":\"https:\/\/ave-eta-canada.com\/it\/sito-ufficiale-di-eta-canada\/\",\"url\":\"https:\/\/ave-eta-canada.com\/it\/sito-ufficiale-di-eta-canada\/\",\"name\":\"Sito ufficiale dell'eTA Canada\",\"isPartOf\":{\"@id\":\"https:\/\/ave-eta-canada.com\/it\/#website\"},\"datePublished\":\"2020-04-25T09:36:50+00:00\",\"dateModified\":\"2022-05-17T20:24:46+00:00\",\"description\":\"Presentazione del sito web ufficiale dell'eTA del governo canadese per ottenere l'autorizzazione di viaggio elettronica essenziale per viaggiare in Canada.\",\"breadcrumb\":{\"@id\":\"https:\/\/ave-eta-canada.com\/it\/sito-ufficiale-di-eta-canada\/#breadcrumb\"},\"inLanguage\":\"it-IT\",\"potentialAction\":[{\"@type\":\"ReadAction\",\"target\":[\"https:\/\/ave-eta-canada.com\/it\/sito-ufficiale-di-eta-canada\/\"]}]},{\"@type\":\"BreadcrumbList\",\"@id\":\"https:\/\/ave-eta-canada.com\/it\/sito-ufficiale-di-eta-canada\/#breadcrumb\",\"itemListElement\":[{\"@type\":\"ListItem\",\"position\":1,\"name\":\"Home\",\"item\":\"https:\/\/ave-eta-canada.com\/it\/\"},{\"@type\":\"ListItem\",\"position\":2,\"name\":\"Sito ufficiale dell&#8217;eTA Canada\"}]},{\"@type\":\"WebSite\",\"@id\":\"https:\/\/ave-eta-canada.com\/it\/#website\",\"url\":\"https:\/\/ave-eta-canada.com\/it\/\",\"name\":\"VISTO CANADA\",\"description\":\"Autorisation Voyage Electronique\",\"potentialAction\":[{\"@type\":\"SearchAction\",\"target\":{\"@type\":\"EntryPoint\",\"urlTemplate\":\"https:\/\/ave-eta-canada.com\/it\/?s={search_term_string}\"},\"query-input\":{\"@type\":\"PropertyValueSpecification\",\"valueRequired\":true,\"valueName\":\"search_term_string\"}}],\"inLanguage\":\"it-IT\"}]}<\/script>\n<!-- \/ Yoast SEO plugin. -->","yoast_head_json":{"title":"Sito ufficiale dell'eTA Canada","description":"Presentazione del sito web ufficiale dell'eTA del governo canadese per ottenere l'autorizzazione di viaggio elettronica essenziale per viaggiare in Canada.","robots":{"index":"index","follow":"follow","max-snippet":"max-snippet:-1","max-image-preview":"max-image-preview:large","max-video-preview":"max-video-preview:-1"},"canonical":"https:\/\/ave-eta-canada.com\/it\/sito-ufficiale-di-eta-canada\/","og_locale":"it_IT","og_type":"article","og_title":"Sito ufficiale dell'eTA Canada","og_description":"Presentazione del sito web ufficiale dell'eTA del governo canadese per ottenere l'autorizzazione di viaggio elettronica essenziale per viaggiare in Canada.","og_url":"https:\/\/ave-eta-canada.com\/it\/sito-ufficiale-di-eta-canada\/","og_site_name":"VISTO CANADA","article_modified_time":"2022-05-17T20:24:46+00:00","twitter_card":"summary_large_image","twitter_misc":{"Tempo di lettura stimato":"4 minuti"},"schema":{"@context":"https:\/\/schema.org","@graph":[{"@type":"WebPage","@id":"https:\/\/ave-eta-canada.com\/it\/sito-ufficiale-di-eta-canada\/","url":"https:\/\/ave-eta-canada.com\/it\/sito-ufficiale-di-eta-canada\/","name":"Sito ufficiale dell'eTA Canada","isPartOf":{"@id":"https:\/\/ave-eta-canada.com\/it\/#website"},"datePublished":"2020-04-25T09:36:50+00:00","dateModified":"2022-05-17T20:24:46+00:00","description":"Presentazione del sito web ufficiale dell'eTA del governo canadese per ottenere l'autorizzazione di viaggio elettronica essenziale per viaggiare in Canada.","breadcrumb":{"@id":"https:\/\/ave-eta-canada.com\/it\/sito-ufficiale-di-eta-canada\/#breadcrumb"},"inLanguage":"it-IT","potentialAction":[{"@type":"ReadAction","target":["https:\/\/ave-eta-canada.com\/it\/sito-ufficiale-di-eta-canada\/"]}]},{"@type":"BreadcrumbList","@id":"https:\/\/ave-eta-canada.com\/it\/sito-ufficiale-di-eta-canada\/#breadcrumb","itemListElement":[{"@type":"ListItem","position":1,"name":"Home","item":"https:\/\/ave-eta-canada.com\/it\/"},{"@type":"ListItem","position":2,"name":"Sito ufficiale dell&#8217;eTA Canada"}]},{"@type":"WebSite","@id":"https:\/\/ave-eta-canada.com\/it\/#website","url":"https:\/\/ave-eta-canada.com\/it\/","name":"VISTO CANADA","description":"Autorisation Voyage Electronique","potentialAction":[{"@type":"SearchAction","target":{"@type":"EntryPoint","urlTemplate":"https:\/\/ave-eta-canada.com\/it\/?s={search_term_string}"},"query-input":{"@type":"PropertyValueSpecification","valueRequired":true,"valueName":"search_term_string"}}],"inLanguage":"it-IT"}]}},"_links":{"self":[{"href":"https:\/\/ave-eta-canada.com\/it\/wp-json\/wp\/v2\/pages\/900","targetHints":{"allow":["GET"]}}],"collection":[{"href":"https:\/\/ave-eta-canada.com\/it\/wp-json\/wp\/v2\/pages"}],"about":[{"href":"https:\/\/ave-eta-canada.com\/it\/wp-json\/wp\/v2\/types\/page"}],"author":[{"embeddable":true,"href":"https:\/\/ave-eta-canada.com\/it\/wp-json\/wp\/v2\/users\/1"}],"replies":[{"embeddable":true,"href":"https:\/\/ave-eta-canada.com\/it\/wp-json\/wp\/v2\/comments?post=900"}],"version-history":[{"count":0,"href":"https:\/\/ave-eta-canada.com\/it\/wp-json\/wp\/v2\/pages\/900\/revisions"}],"wp:attachment":[{"href":"https:\/\/ave-eta-canada.com\/it\/wp-json\/wp\/v2\/media?parent=900"}],"curies":[{"name":"wp","href":"https:\/\/api.w.org\/{rel}","templated":true}]}}