{"id":902,"date":"2020-04-25T09:57:53","date_gmt":"2020-04-25T09:57:53","guid":{"rendered":"https:\/\/ave-eta-canada.com\/tutto-quello-che-devi-sapere-sullapplicazione-eta-per-il-canada\/"},"modified":"2022-05-17T20:28:08","modified_gmt":"2022-05-17T20:28:08","slug":"tutto-quello-che-devi-sapere-sullapplicazione-eta-per-il-canada","status":"publish","type":"page","link":"https:\/\/ave-eta-canada.com\/it\/tutto-quello-che-devi-sapere-sullapplicazione-eta-per-il-canada\/","title":{"rendered":"Tutto sulla richiesta di un&#8217;eTA per il Canada"},"content":{"rendered":"\n<h1 class=\"wp-block-heading\">L&#8217;applicazione Canada eTA<\/h1>\n\n<p>L&#8217;autorizzazione di viaggio elettronica eTA ricorda l&#8217;ESTA americana. Qualsiasi soggiorno in Canada \u00e8 soggetto a un&#8217;autorizzazione di viaggio (eTA) oa un visto canadese. <\/p>\n\n<p><strong>Per un soggiorno inferiore a 6 mesi in Canada<\/strong> : Puoi espletare le formalit\u00e0 per entrare in Canada direttamente via Internet cliccando sul <a href=\"https:\/\/ave-eta-canada.com\/it\/modulo-online-eta-canada\/\">modulo online<\/a>. Non \u00e8 necessario ottenere un appuntamento presso l&#8217;ambasciata o il consolato canadese.<\/p>\n\n<p>Di seguito spieghiamo chi ha diritto a richiedere un&#8217;eTA Canada e come procedere per ottenerla.<br\/><\/p>\n\n<h2 class=\"wp-block-heading\">Chi pu\u00f2 richiedere un&#8217;eTA Canada?<\/h2>\n\n<p>Per poter <a href=\"https:\/\/ave-eta-canada.com\/it\/\">richiedere un&#8217;eTA Canada<\/a> , il viaggiatore deve essere cittadino di uno dei paesi esenti dall&#8217;obbligo del visto. I paesi interessati da questa esenzione sono:<\/p>\n\n<p>Germania, Andorra, Australia, Austria, Bahamas, Barbados, Belgio, Brasile*, Brunei Darussalam, Bulgaria*, Cile, Cipro, Croazia, Danimarca, Emirati Arabi Uniti, Spagna, Estonia, Finlandia, Francia, Gran Bretagna, Grecia, Ungheria, Hong Kong, Isole Salomone, Irlanda, Islanda, Israele, Italia, Giappone, Lettonia, Liechtenstein, Lituania, Lussemburgo, Malta, Messico, Monaco, Norvegia, Nuova Zelanda, Papua Nuova Guinea, Paesi Bassi, Polonia, Portogallo, Repubblica di Corea, Repubblica Ceca Repubblica, Romania, San Marino, Samoa, Singapore, Slovacchia, Slovenia, Svezia, Svizzera, Taiwan e Vaticano. (*a determinate condizioni)<\/p>\n\n<p>Solo i viaggi in Canada in aereo sono soggetti <a href=\"https:\/\/ave-eta-canada.com\/it\/eta-canada-e-obbligatorio\/\">all&#8217;ottenimento obbligatorio di un&#8217;eTA<\/a> , che include i transiti. Il Canada eTA non \u00e8 riconosciuto per i viaggi via terra e via mare. <\/p>\n\n<p>Anche i titolari di visto canadesi non sono tenuti a richiedere un&#8217;eTA canadese. Questo vale anche per i cittadini francesi che vivono a Saint-Pierre-et-Miquelon, se entrano nel territorio canadese, per via aerea, direttamente da Saint-Pierre-et-Miquelon.<\/p>\n\n<p>Per poter richiedere un&#8217;eTA Canada, il viaggiatore deve avere un passaporto valido. Il Canada non richiede un passaporto biometrico per una domanda eTA Canada (almeno per i cittadini francesi), ma si consiglia di avere un periodo di validit\u00e0 residuo di almeno 6 mesi.<\/p>\n\n<p>Per entrare nel quadro dell&#8217;eTA Canada, il soggiorno deve essere per un periodo inferiore a 6 mesi massimo e pu\u00f2 essere solo turistico o d&#8217;affari. Un biglietto di trasporto pu\u00f2 essere richiesto al momento del passaggio in dogana. Per il figlio minorenne \u00e8 richiesta la presentazione dell&#8217;atto di nascita e di ogni altro documento che illustri la situazione familiare del minore (lettera di autorizzazione del genitore che non viaggia con il figlio, fotocopia dell&#8217;ordinanza di affidamento in caso di divorzio, ecc. ).<br\/><br\/><\/p>\n\n<h2 class=\"wp-block-heading\">Come richiedere un&#8217;eTA Canada?<\/h2>\n\n<p>La domanda eTA per il Canada viene presentata tramite un modulo online disponibile sul sito Web ufficiale del governo canadese o tramite un sito privato. Al momento non \u00e8 possibile effettuare richieste di gruppo.<\/p>\n\n<p><a href=\"https:\/\/ave-eta-canada.com\/it\/quando-richiedere-lautorizzazione-eta-per-il-canada\/\">Quando richiedere un&#8217;eTA<\/a> ? \u00c8 importante richiedere l&#8217;autorizzazione diversi giorni prima della partenza (ti consigliamo di leggere la nostra pagina sui tempi necessari per ottenere l&#8217;eTA Canada). Si consiglia, tuttavia, di procedere con questo processo il prima possibile per evitare delusioni. Non c&#8217;\u00e8 bisogno di presentarsi in aeroporto senza questa autorizzazione al viaggio, perch\u00e9 le compagnie hanno l&#8217;obbligo di vietare l&#8217;imbarco. Anche se ti \u00e8 consentito l&#8217;accesso all&#8217;aereo, gli ufficiali dell&#8217;immigrazione al confine canadese non ti permetteranno di rimanere sul suolo canadese senza un&#8217;autorizzazione valida (eTA o visto).<\/p>\n\n<p>Per <a href=\"https:\/\/ave-eta-canada.com\/it\/completa-il-modulo-eta-per-il-canada\/\">completare il modulo di richiesta eTA Canada<\/a> , \u00e8 necessario disporre del passaporto e di una carta di pagamento. L&#8217;eTA paga CAN$7. Il modulo inizia determinando se la richiesta \u00e8 fatta dal viaggiatore stesso o se \u00e8 fatta per un&#8217;altra persona.<\/p>\n\n<p>Le informazioni da fornire riguardano, in primis, il passaporto: numero di passaporto, cognomi e nomi riportati sul documento, data di nascita, sesso, luogo di nascita, data di rilascio e scadenza. La seconda sezione del modulo si riferisce alle informazioni personali: doppia nazionalit\u00e0, situazione familiare, precedente domanda di autorizzazione al viaggio per il Canada, situazione professionale, indirizzo postale, indirizzo e-mail valido. Seguono le informazioni relative al tuo soggiorno in Canada e in particolare le date. L&#8217;ultima parte del modulo si riferisce al tuo background: divieto d&#8217;ingresso, reato penale, anamnesi con enfasi sulla tubercolosi, ecc.<\/p>\n\n<p>Il tuo modulo online \u00e8 convalidato dall&#8217;accettazione dei termini e condizioni e dal pagamento delle spese di amministrazione.<\/p>\n\n<p>A seguito di una richiesta eTA Canada, l&#8217;IRCC (Immigration, Refugees and Citizenship Canada) invia una ricevuta di ritorno elettronicamente. Nella stragrande maggioranza dei casi, l&#8217;approvazione (o il rifiuto) viene inviata quasi contemporaneamente. Tuttavia, \u00e8 possibile che una richiesta possa richiedere pi\u00f9 tempo e che le autorit\u00e0 canadesi possano richiedere ulteriori documenti giustificativi. In caso di rifiuto, \u00e8 necessario rivolgersi a una domanda di visto presso l&#8217;ambasciata canadese. Le procedure per ottenere il visto sono pi\u00f9 complesse, pi\u00f9 lunghe e pi\u00f9 costose.<\/p>\n\n<p>L&#8217;autorizzazione eTA ha validit\u00e0 5 anni dalla data di rilascio o fino alla scadenza del passaporto se quest&#8217;ultimo scade prima. L&#8217;eTA \u00e8 quindi intrinsecamente legato al passaporto; qualsiasi modifica (nuovo passaporto o modifica dei dati contenuti) comporta una nuova richiesta. \u00c8 possibile <a href=\"https:\/\/ave-eta-canada.com\/it\/come-verificare-lo-stato-della-richiesta-di-eta-canada\/\">verificare lo stato della sua autorizzazione<\/a> direttamente sul sito web del governo canadese.<\/p>\n","protected":false},"excerpt":{"rendered":"<p>L&#8217;applicazione Canada eTA L&#8217;autorizzazione di viaggio elettronica eTA ricorda l&#8217;ESTA americana. Qualsiasi soggiorno in Canada \u00e8 soggetto a un&#8217;autorizzazione di viaggio (eTA) oa un visto canadese. Per un soggiorno inferiore a 6 mesi in Canada : Puoi espletare le formalit\u00e0 per entrare in Canada direttamente via Internet cliccando sul modulo online. Non \u00e8 necessario ottenere [&hellip;]<\/p>\n","protected":false},"author":1,"featured_media":0,"parent":0,"menu_order":0,"comment_status":"closed","ping_status":"closed","template":"","meta":{"footnotes":""},"class_list":["post-902","page","type-page","status-publish","hentry"],"yoast_head":"<!-- This site is optimized with the Yoast SEO plugin v26.9 - https:\/\/yoast.com\/product\/yoast-seo-wordpress\/ -->\n<title>Tutto sulla richiesta di un&#039;eTA per il Canada<\/title>\n<meta name=\"description\" content=\"Trovi qui tutte le informazioni relative alla domanda eTA Canada: chi ha diritto a richiedere un&#039;eTA, quando fare domanda e come procedere.\" \/>\n<meta name=\"robots\" content=\"index, follow, max-snippet:-1, max-image-preview:large, max-video-preview:-1\" \/>\n<link rel=\"canonical\" href=\"https:\/\/ave-eta-canada.com\/it\/tutto-quello-che-devi-sapere-sullapplicazione-eta-per-il-canada\/\" \/>\n<meta property=\"og:locale\" content=\"it_IT\" \/>\n<meta property=\"og:type\" content=\"article\" \/>\n<meta property=\"og:title\" content=\"Tutto sulla richiesta di un&#039;eTA per il Canada\" \/>\n<meta property=\"og:description\" content=\"Trovi qui tutte le informazioni relative alla domanda eTA Canada: chi ha diritto a richiedere un&#039;eTA, quando fare domanda e come procedere.\" \/>\n<meta property=\"og:url\" content=\"https:\/\/ave-eta-canada.com\/it\/tutto-quello-che-devi-sapere-sullapplicazione-eta-per-il-canada\/\" \/>\n<meta property=\"og:site_name\" content=\"VISTO CANADA\" \/>\n<meta property=\"article:modified_time\" content=\"2022-05-17T20:28:08+00:00\" \/>\n<meta name=\"twitter:card\" content=\"summary_large_image\" \/>\n<meta name=\"twitter:label1\" content=\"Tempo di lettura stimato\" \/>\n\t<meta name=\"twitter:data1\" content=\"4 minuti\" \/>\n<script type=\"application\/ld+json\" class=\"yoast-schema-graph\">{\"@context\":\"https:\/\/schema.org\",\"@graph\":[{\"@type\":\"WebPage\",\"@id\":\"https:\/\/ave-eta-canada.com\/it\/tutto-quello-che-devi-sapere-sullapplicazione-eta-per-il-canada\/\",\"url\":\"https:\/\/ave-eta-canada.com\/it\/tutto-quello-che-devi-sapere-sullapplicazione-eta-per-il-canada\/\",\"name\":\"Tutto sulla richiesta di un'eTA per il Canada\",\"isPartOf\":{\"@id\":\"https:\/\/ave-eta-canada.com\/it\/#website\"},\"datePublished\":\"2020-04-25T09:57:53+00:00\",\"dateModified\":\"2022-05-17T20:28:08+00:00\",\"description\":\"Trovi qui tutte le informazioni relative alla domanda eTA Canada: chi ha diritto a richiedere un'eTA, quando fare domanda e come procedere.\",\"breadcrumb\":{\"@id\":\"https:\/\/ave-eta-canada.com\/it\/tutto-quello-che-devi-sapere-sullapplicazione-eta-per-il-canada\/#breadcrumb\"},\"inLanguage\":\"it-IT\",\"potentialAction\":[{\"@type\":\"ReadAction\",\"target\":[\"https:\/\/ave-eta-canada.com\/it\/tutto-quello-che-devi-sapere-sullapplicazione-eta-per-il-canada\/\"]}]},{\"@type\":\"BreadcrumbList\",\"@id\":\"https:\/\/ave-eta-canada.com\/it\/tutto-quello-che-devi-sapere-sullapplicazione-eta-per-il-canada\/#breadcrumb\",\"itemListElement\":[{\"@type\":\"ListItem\",\"position\":1,\"name\":\"Home\",\"item\":\"https:\/\/ave-eta-canada.com\/it\/\"},{\"@type\":\"ListItem\",\"position\":2,\"name\":\"Tutto sulla richiesta di un&#8217;eTA per il Canada\"}]},{\"@type\":\"WebSite\",\"@id\":\"https:\/\/ave-eta-canada.com\/it\/#website\",\"url\":\"https:\/\/ave-eta-canada.com\/it\/\",\"name\":\"VISTO CANADA\",\"description\":\"Autorisation Voyage Electronique\",\"potentialAction\":[{\"@type\":\"SearchAction\",\"target\":{\"@type\":\"EntryPoint\",\"urlTemplate\":\"https:\/\/ave-eta-canada.com\/it\/?s={search_term_string}\"},\"query-input\":{\"@type\":\"PropertyValueSpecification\",\"valueRequired\":true,\"valueName\":\"search_term_string\"}}],\"inLanguage\":\"it-IT\"}]}<\/script>\n<!-- \/ Yoast SEO plugin. -->","yoast_head_json":{"title":"Tutto sulla richiesta di un'eTA per il Canada","description":"Trovi qui tutte le informazioni relative alla domanda eTA Canada: chi ha diritto a richiedere un'eTA, quando fare domanda e come procedere.","robots":{"index":"index","follow":"follow","max-snippet":"max-snippet:-1","max-image-preview":"max-image-preview:large","max-video-preview":"max-video-preview:-1"},"canonical":"https:\/\/ave-eta-canada.com\/it\/tutto-quello-che-devi-sapere-sullapplicazione-eta-per-il-canada\/","og_locale":"it_IT","og_type":"article","og_title":"Tutto sulla richiesta di un'eTA per il Canada","og_description":"Trovi qui tutte le informazioni relative alla domanda eTA Canada: chi ha diritto a richiedere un'eTA, quando fare domanda e come procedere.","og_url":"https:\/\/ave-eta-canada.com\/it\/tutto-quello-che-devi-sapere-sullapplicazione-eta-per-il-canada\/","og_site_name":"VISTO CANADA","article_modified_time":"2022-05-17T20:28:08+00:00","twitter_card":"summary_large_image","twitter_misc":{"Tempo di lettura stimato":"4 minuti"},"schema":{"@context":"https:\/\/schema.org","@graph":[{"@type":"WebPage","@id":"https:\/\/ave-eta-canada.com\/it\/tutto-quello-che-devi-sapere-sullapplicazione-eta-per-il-canada\/","url":"https:\/\/ave-eta-canada.com\/it\/tutto-quello-che-devi-sapere-sullapplicazione-eta-per-il-canada\/","name":"Tutto sulla richiesta di un'eTA per il Canada","isPartOf":{"@id":"https:\/\/ave-eta-canada.com\/it\/#website"},"datePublished":"2020-04-25T09:57:53+00:00","dateModified":"2022-05-17T20:28:08+00:00","description":"Trovi qui tutte le informazioni relative alla domanda eTA Canada: chi ha diritto a richiedere un'eTA, quando fare domanda e come procedere.","breadcrumb":{"@id":"https:\/\/ave-eta-canada.com\/it\/tutto-quello-che-devi-sapere-sullapplicazione-eta-per-il-canada\/#breadcrumb"},"inLanguage":"it-IT","potentialAction":[{"@type":"ReadAction","target":["https:\/\/ave-eta-canada.com\/it\/tutto-quello-che-devi-sapere-sullapplicazione-eta-per-il-canada\/"]}]},{"@type":"BreadcrumbList","@id":"https:\/\/ave-eta-canada.com\/it\/tutto-quello-che-devi-sapere-sullapplicazione-eta-per-il-canada\/#breadcrumb","itemListElement":[{"@type":"ListItem","position":1,"name":"Home","item":"https:\/\/ave-eta-canada.com\/it\/"},{"@type":"ListItem","position":2,"name":"Tutto sulla richiesta di un&#8217;eTA per il Canada"}]},{"@type":"WebSite","@id":"https:\/\/ave-eta-canada.com\/it\/#website","url":"https:\/\/ave-eta-canada.com\/it\/","name":"VISTO CANADA","description":"Autorisation Voyage Electronique","potentialAction":[{"@type":"SearchAction","target":{"@type":"EntryPoint","urlTemplate":"https:\/\/ave-eta-canada.com\/it\/?s={search_term_string}"},"query-input":{"@type":"PropertyValueSpecification","valueRequired":true,"valueName":"search_term_string"}}],"inLanguage":"it-IT"}]}},"_links":{"self":[{"href":"https:\/\/ave-eta-canada.com\/it\/wp-json\/wp\/v2\/pages\/902","targetHints":{"allow":["GET"]}}],"collection":[{"href":"https:\/\/ave-eta-canada.com\/it\/wp-json\/wp\/v2\/pages"}],"about":[{"href":"https:\/\/ave-eta-canada.com\/it\/wp-json\/wp\/v2\/types\/page"}],"author":[{"embeddable":true,"href":"https:\/\/ave-eta-canada.com\/it\/wp-json\/wp\/v2\/users\/1"}],"replies":[{"embeddable":true,"href":"https:\/\/ave-eta-canada.com\/it\/wp-json\/wp\/v2\/comments?post=902"}],"version-history":[{"count":0,"href":"https:\/\/ave-eta-canada.com\/it\/wp-json\/wp\/v2\/pages\/902\/revisions"}],"wp:attachment":[{"href":"https:\/\/ave-eta-canada.com\/it\/wp-json\/wp\/v2\/media?parent=902"}],"curies":[{"name":"wp","href":"https:\/\/api.w.org\/{rel}","templated":true}]}}