{"id":904,"date":"2020-04-25T10:15:44","date_gmt":"2020-04-25T10:15:44","guid":{"rendered":"https:\/\/ave-eta-canada.com\/tutto-sulle-condizioni-eta-per-viaggiare-in-canada\/"},"modified":"2022-05-17T17:12:53","modified_gmt":"2022-05-17T17:12:53","slug":"tutto-sulle-condizioni-eta-per-viaggiare-in-canada","status":"publish","type":"page","link":"https:\/\/ave-eta-canada.com\/it\/tutto-sulle-condizioni-eta-per-viaggiare-in-canada\/","title":{"rendered":"Le condizioni dell&#8217;eTA per viaggiare in Canada"},"content":{"rendered":"\n<h1 class=\"wp-block-heading\">Quali sono le condizioni dell&#8217;eTA per andare in Canada?<\/h1>\n\n<p>Per molti viaggiatori non \u00e8 pi\u00f9 necessaria una domanda di visto per recarsi in Canada. Tutto quello che devi fare \u00e8 ottenere un&#8217;Autorizzazione di Viaggio Elettronica eTA via Internet.<\/p>\n\n<p><strong>Per un soggiorno inferiore a 6 mesi in Canada<\/strong> : Puoi espletare le formalit\u00e0 per entrare in Canada direttamente via Internet cliccando sul <a href=\"https:\/\/ave-eta-canada.com\/it\/modulo-online-eta-canada\/\">modulo online<\/a>. Non \u00e8 necessario ottenere un appuntamento presso l&#8217;ambasciata o il consolato canadese.<\/p>\n\n<p>L&#8217;AVE \u00e8 molto pi\u00f9 comodo e veloce da ottenere, ma devi essere una delle persone idonee. Ti spieghiamo tutto sulle condizioni dell&#8217;eTA, per permetterti di andare in Canada in tutta tranquillit\u00e0.<\/p>\n\n<h2 class=\"wp-block-heading\">Condizioni eTA per soggiornare in Canada<\/h2>\n\n<p>Potresti aver sentito il termine <a href=\"https:\/\/ave-eta-canada.com\/it\/che-cose-eta-canada\/\">autorizzazione eTA durante la<\/a> ricerca. Si noti che i termini AVE ed eTA si riferiscono alla stessa autorizzazione di viaggio. ETA \u00e8 l&#8217;acronimo inglese di Electronic Travel Authorization. <\/p>\n\n<p>Un&#8217;autorizzazione di viaggio elettronica eTA \u00e8 richiesta solo se stai transitando o viaggiando attraverso il Canada in aereo. A differenza della sua controparte americana, ESTA, che \u00e8 necessaria anche quando si arriva via mare.<\/p>\n\n<p>Un&#8217;altra condizione eTA prevede che il tuo viaggio faccia parte di un soggiorno turistico o di un viaggio di lavoro, della durata massima di 6 mesi.<\/p>\n\n<p>Anche se stai transitando solo attraverso il Canada verso la tua destinazione finale, <a href=\"https:\/\/ave-eta-canada.com\/it\/eta-canada-e-obbligatorio\/\">un&#8217;eTA \u00e8 obbligatoria<\/a>.<\/p>\n\n<p>Devi essere cittadino di un paese membro del programma di esenzione dal visto istituito dal governo canadese. Questo programma \u00e8 aperto a viaggiatori di 58 nazionalit\u00e0.<\/p>\n\n<p>Un&#8217;eccezione alle condizioni eTA riguarda i cittadini francesi residenti a St Pierre et Miquelon. Non hanno bisogno di fare domanda se stanno viaggiando dalla loro isola al Canada. Dovranno comunque fare domanda, come tutti i titolari di passaporto francese, se viaggiano in aereo verso il Canada, dalla Francia continentale o dai DOM-TOM.<\/p>\n\n<p>Se hai gi\u00e0 un visto rilasciato dal governo del Canada, non \u00e8 necessario <a href=\"https:\/\/ave-eta-canada.com\/it\/\">richiedere un&#8217;eTA<\/a> .<\/p>\n\n<p>Un&#8217;eTA non \u00e8 un permesso di lavoro e non d\u00e0 diritto a lavorare in Canada, a fare uno stage oa studiare l\u00ec. Se vuoi immigrare in Canada, devi contattare il consolato canadese per scoprire quali passi intraprendere.<\/p>\n\n<h2 class=\"wp-block-heading\">Il passaporto biometrico: un requisito per l&#8217;eTA<\/h2>\n\n<p>Un altro requisito per l&#8217;eTA \u00e8 avere un passaporto biometrico o elettronico.<\/p>\n\n<p>Infatti, una volta approvata, l&#8217;autorizzazione \u00e8 legata al passaporto del richiedente. Non \u00e8 quindi un documento che devi portare con te. Affinch\u00e9 l&#8217;eTA sia collegata, il viaggiatore deve disporre di un passaporto che soddisfi gli standard tecnologici necessari.<\/p>\n\n<p>Un&#8217;eTA ha una validit\u00e0 di 5 anni, ma uno dei requisiti dell&#8217;eTA \u00e8 quello di essere collegato a un passaporto valido. Ci\u00f2 significa che se il tuo passaporto scade prima di questo periodo di 5 anni, sar\u00e0 necessaria una nuova domanda per ottenere il tuo nuovo passaporto.<\/p>\n\n<p>Si noti che <a href=\"https:\/\/ave-eta-canada.com\/it\/validita-eta-canada\/\">un&#8217;eTA \u00e8 valida per pi\u00f9 viaggi<\/a> . Puoi tornare pi\u00f9 volte durante il periodo di validit\u00e0, se lo scopo del tuo soggiorno in Canada soddisfa ancora i criteri sopra indicati.<\/p>\n\n<h2 class=\"wp-block-heading\">Avere un indirizzo email e una carta di credito<\/h2>\n\n<p>Per poter richiedere un&#8217;eTA, non \u00e8 necessario recarsi all&#8217;Ambasciata canadese pi\u00f9 vicina a te. L&#8217;unica possibilit\u00e0 \u00e8 candidarsi online, tramite il sito web del governo o tramite i servizi di un fornitore di servizi privato, come il nostro partner.<\/p>\n\n<p>Dovrai compilare un modulo online riguardante le tue informazioni personali, nonch\u00e9 il tuo stato di salute e la tua precedenti penali. Tutte queste domande vengono poste al fine di controllare meglio gli ingressi nel territorio canadese.<\/p>\n\n<p>Una delle condizioni eTA per poter finalizzare la tua richiesta \u00e8 avere un indirizzo e-mail valido, nonch\u00e9 una carta di credito per pagare i costi di gestione della tua pratica. Il <a href=\"https:\/\/ave-eta-canada.com\/it\/eta-canada-il-suo-prezzo\/\">prezzo dell&#8217;eTA<\/a> varia a seconda del metodo utilizzato.<\/p>\n\n<p>Come puoi vedere, le condizioni eTA non sono le pi\u00f9 restrittive, ma devi fare attenzione quando compili il modulo e assicurati di non commettere errori.<\/p>\n\n<p>\u00c8 anche importante fare una chiara distinzione tra l&#8217;eTA e il Working Holiday Program (PVT). I requisiti dell&#8217;eTA e del PVT Canada sono due cose completamente diverse e non si rivolgono allo stesso pubblico. Prenditi cura dei tuoi passi con largo anticipo per non essere colto alla sprovvista all&#8217;avvicinarsi della partenza.<\/p>\n","protected":false},"excerpt":{"rendered":"<p>Quali sono le condizioni dell&#8217;eTA per andare in Canada? Per molti viaggiatori non \u00e8 pi\u00f9 necessaria una domanda di visto per recarsi in Canada. Tutto quello che devi fare \u00e8 ottenere un&#8217;Autorizzazione di Viaggio Elettronica eTA via Internet. Per un soggiorno inferiore a 6 mesi in Canada : Puoi espletare le formalit\u00e0 per entrare in [&hellip;]<\/p>\n","protected":false},"author":1,"featured_media":0,"parent":0,"menu_order":0,"comment_status":"closed","ping_status":"closed","template":"","meta":{"footnotes":""},"class_list":["post-904","page","type-page","status-publish","hentry"],"yoast_head":"<!-- This site is optimized with the Yoast SEO plugin v26.9 - https:\/\/yoast.com\/product\/yoast-seo-wordpress\/ -->\n<title>Le condizioni dell&#039;eTA per viaggiare in Canada<\/title>\n<meta name=\"description\" content=\"Andrai presto in Canada, ma non conosci le condizioni di ammissibilit\u00e0 eTA? Spieghiamo tutto in dettaglio in questo articolo.\" \/>\n<meta name=\"robots\" content=\"index, follow, max-snippet:-1, max-image-preview:large, max-video-preview:-1\" \/>\n<link rel=\"canonical\" href=\"https:\/\/ave-eta-canada.com\/it\/tutto-sulle-condizioni-eta-per-viaggiare-in-canada\/\" \/>\n<meta property=\"og:locale\" content=\"it_IT\" \/>\n<meta property=\"og:type\" content=\"article\" \/>\n<meta property=\"og:title\" content=\"Le condizioni dell&#039;eTA per viaggiare in Canada\" \/>\n<meta property=\"og:description\" content=\"Andrai presto in Canada, ma non conosci le condizioni di ammissibilit\u00e0 eTA? Spieghiamo tutto in dettaglio in questo articolo.\" \/>\n<meta property=\"og:url\" content=\"https:\/\/ave-eta-canada.com\/it\/tutto-sulle-condizioni-eta-per-viaggiare-in-canada\/\" \/>\n<meta property=\"og:site_name\" content=\"VISTO CANADA\" \/>\n<meta property=\"article:modified_time\" content=\"2022-05-17T17:12:53+00:00\" \/>\n<meta name=\"twitter:card\" content=\"summary_large_image\" \/>\n<meta name=\"twitter:label1\" content=\"Tempo di lettura stimato\" \/>\n\t<meta name=\"twitter:data1\" content=\"3 minuti\" \/>\n<script type=\"application\/ld+json\" class=\"yoast-schema-graph\">{\"@context\":\"https:\/\/schema.org\",\"@graph\":[{\"@type\":\"WebPage\",\"@id\":\"https:\/\/ave-eta-canada.com\/it\/tutto-sulle-condizioni-eta-per-viaggiare-in-canada\/\",\"url\":\"https:\/\/ave-eta-canada.com\/it\/tutto-sulle-condizioni-eta-per-viaggiare-in-canada\/\",\"name\":\"Le condizioni dell'eTA per viaggiare in Canada\",\"isPartOf\":{\"@id\":\"https:\/\/ave-eta-canada.com\/it\/#website\"},\"datePublished\":\"2020-04-25T10:15:44+00:00\",\"dateModified\":\"2022-05-17T17:12:53+00:00\",\"description\":\"Andrai presto in Canada, ma non conosci le condizioni di ammissibilit\u00e0 eTA? Spieghiamo tutto in dettaglio in questo articolo.\",\"breadcrumb\":{\"@id\":\"https:\/\/ave-eta-canada.com\/it\/tutto-sulle-condizioni-eta-per-viaggiare-in-canada\/#breadcrumb\"},\"inLanguage\":\"it-IT\",\"potentialAction\":[{\"@type\":\"ReadAction\",\"target\":[\"https:\/\/ave-eta-canada.com\/it\/tutto-sulle-condizioni-eta-per-viaggiare-in-canada\/\"]}]},{\"@type\":\"BreadcrumbList\",\"@id\":\"https:\/\/ave-eta-canada.com\/it\/tutto-sulle-condizioni-eta-per-viaggiare-in-canada\/#breadcrumb\",\"itemListElement\":[{\"@type\":\"ListItem\",\"position\":1,\"name\":\"Home\",\"item\":\"https:\/\/ave-eta-canada.com\/it\/\"},{\"@type\":\"ListItem\",\"position\":2,\"name\":\"Le condizioni dell&#8217;eTA per viaggiare in Canada\"}]},{\"@type\":\"WebSite\",\"@id\":\"https:\/\/ave-eta-canada.com\/it\/#website\",\"url\":\"https:\/\/ave-eta-canada.com\/it\/\",\"name\":\"VISTO CANADA\",\"description\":\"Autorisation Voyage Electronique\",\"potentialAction\":[{\"@type\":\"SearchAction\",\"target\":{\"@type\":\"EntryPoint\",\"urlTemplate\":\"https:\/\/ave-eta-canada.com\/it\/?s={search_term_string}\"},\"query-input\":{\"@type\":\"PropertyValueSpecification\",\"valueRequired\":true,\"valueName\":\"search_term_string\"}}],\"inLanguage\":\"it-IT\"}]}<\/script>\n<!-- \/ Yoast SEO plugin. -->","yoast_head_json":{"title":"Le condizioni dell'eTA per viaggiare in Canada","description":"Andrai presto in Canada, ma non conosci le condizioni di ammissibilit\u00e0 eTA? Spieghiamo tutto in dettaglio in questo articolo.","robots":{"index":"index","follow":"follow","max-snippet":"max-snippet:-1","max-image-preview":"max-image-preview:large","max-video-preview":"max-video-preview:-1"},"canonical":"https:\/\/ave-eta-canada.com\/it\/tutto-sulle-condizioni-eta-per-viaggiare-in-canada\/","og_locale":"it_IT","og_type":"article","og_title":"Le condizioni dell'eTA per viaggiare in Canada","og_description":"Andrai presto in Canada, ma non conosci le condizioni di ammissibilit\u00e0 eTA? Spieghiamo tutto in dettaglio in questo articolo.","og_url":"https:\/\/ave-eta-canada.com\/it\/tutto-sulle-condizioni-eta-per-viaggiare-in-canada\/","og_site_name":"VISTO CANADA","article_modified_time":"2022-05-17T17:12:53+00:00","twitter_card":"summary_large_image","twitter_misc":{"Tempo di lettura stimato":"3 minuti"},"schema":{"@context":"https:\/\/schema.org","@graph":[{"@type":"WebPage","@id":"https:\/\/ave-eta-canada.com\/it\/tutto-sulle-condizioni-eta-per-viaggiare-in-canada\/","url":"https:\/\/ave-eta-canada.com\/it\/tutto-sulle-condizioni-eta-per-viaggiare-in-canada\/","name":"Le condizioni dell'eTA per viaggiare in Canada","isPartOf":{"@id":"https:\/\/ave-eta-canada.com\/it\/#website"},"datePublished":"2020-04-25T10:15:44+00:00","dateModified":"2022-05-17T17:12:53+00:00","description":"Andrai presto in Canada, ma non conosci le condizioni di ammissibilit\u00e0 eTA? Spieghiamo tutto in dettaglio in questo articolo.","breadcrumb":{"@id":"https:\/\/ave-eta-canada.com\/it\/tutto-sulle-condizioni-eta-per-viaggiare-in-canada\/#breadcrumb"},"inLanguage":"it-IT","potentialAction":[{"@type":"ReadAction","target":["https:\/\/ave-eta-canada.com\/it\/tutto-sulle-condizioni-eta-per-viaggiare-in-canada\/"]}]},{"@type":"BreadcrumbList","@id":"https:\/\/ave-eta-canada.com\/it\/tutto-sulle-condizioni-eta-per-viaggiare-in-canada\/#breadcrumb","itemListElement":[{"@type":"ListItem","position":1,"name":"Home","item":"https:\/\/ave-eta-canada.com\/it\/"},{"@type":"ListItem","position":2,"name":"Le condizioni dell&#8217;eTA per viaggiare in Canada"}]},{"@type":"WebSite","@id":"https:\/\/ave-eta-canada.com\/it\/#website","url":"https:\/\/ave-eta-canada.com\/it\/","name":"VISTO CANADA","description":"Autorisation Voyage Electronique","potentialAction":[{"@type":"SearchAction","target":{"@type":"EntryPoint","urlTemplate":"https:\/\/ave-eta-canada.com\/it\/?s={search_term_string}"},"query-input":{"@type":"PropertyValueSpecification","valueRequired":true,"valueName":"search_term_string"}}],"inLanguage":"it-IT"}]}},"_links":{"self":[{"href":"https:\/\/ave-eta-canada.com\/it\/wp-json\/wp\/v2\/pages\/904","targetHints":{"allow":["GET"]}}],"collection":[{"href":"https:\/\/ave-eta-canada.com\/it\/wp-json\/wp\/v2\/pages"}],"about":[{"href":"https:\/\/ave-eta-canada.com\/it\/wp-json\/wp\/v2\/types\/page"}],"author":[{"embeddable":true,"href":"https:\/\/ave-eta-canada.com\/it\/wp-json\/wp\/v2\/users\/1"}],"replies":[{"embeddable":true,"href":"https:\/\/ave-eta-canada.com\/it\/wp-json\/wp\/v2\/comments?post=904"}],"version-history":[{"count":0,"href":"https:\/\/ave-eta-canada.com\/it\/wp-json\/wp\/v2\/pages\/904\/revisions"}],"wp:attachment":[{"href":"https:\/\/ave-eta-canada.com\/it\/wp-json\/wp\/v2\/media?parent=904"}],"curies":[{"name":"wp","href":"https:\/\/api.w.org\/{rel}","templated":true}]}}