{"id":906,"date":"2020-04-25T11:07:44","date_gmt":"2020-04-25T11:07:44","guid":{"rendered":"https:\/\/ave-eta-canada.com\/il-visto-e-essenziale-per-viaggiare-in-canada\/"},"modified":"2022-05-17T20:31:45","modified_gmt":"2022-05-17T20:31:45","slug":"il-visto-e-essenziale-per-viaggiare-in-canada","status":"publish","type":"page","link":"https:\/\/ave-eta-canada.com\/it\/il-visto-e-essenziale-per-viaggiare-in-canada\/","title":{"rendered":"Il visto \u00e8 essenziale per viaggiare in Canada?"},"content":{"rendered":"\n<h1 class=\"wp-block-heading\">\u00c8 necessario un visto per entrare in Canada?<\/h1>\n\n<p>Che si tratti di un soggiorno in Canada per turismo, motivi professionali o anche di transito, il governo canadese impone sistematicamente un&#8217;autorizzazione al viaggio per entrare nel territorio nazionale. <\/p>\n\n<p><strong>Per un soggiorno inferiore a 6 mesi in Canada<\/strong> : Puoi espletare le formalit\u00e0 per entrare in Canada direttamente via Internet cliccando sul <a href=\"https:\/\/ave-eta-canada.com\/it\/modulo-online-eta-canada\/\">modulo online<\/a>. Non \u00e8 necessario ottenere un appuntamento presso l&#8217;ambasciata o il consolato canadese.<\/p>\n\n<p>Non \u00e8 quindi necessario richiedere un visto per il Canada, \u00e8 sufficiente un&#8217;Autorizzazione al Viaggio: l&#8217;Autorizzazione al Viaggio Elettronica (eTA). Scopri in questo articolo in quali situazioni sarai liberato dalle lunghe e costose formalit\u00e0 per ottenere un visto per il Canada. <\/p>\n\n<h2 class=\"wp-block-heading\"><br\/>Il Canada eTA: un&#8217;alternativa al visto<\/h2>\n\n<p>L&#8217; <a href=\"https:\/\/ave-eta-canada.com\/it\/\">Autorizzazione di Viaggio Elettronica<\/a> o <a href=\"https:\/\/ave-eta-canada.com\/it\/che-cose-eta-canada\/\">eTA<\/a> in inglese \u00e8 entrata in vigore nel 2016. La sua modalit\u00e0 di funzionamento \u00e8 simile a quella dell&#8217;ESTA per gli USA, cio\u00e8 si ottiene solo online e permette di viaggiare senza visto.<\/p>\n\n<h3 class=\"wp-block-heading\">Quali sono le differenze tra il visto canadese e l&#8217;eTA?<\/h3>\n\n<p>L&#8217;eTA non intende sostituire il visto canadese, questi due documenti di viaggio non sono destinati alle stesse persone e sono rilasciati in condizioni di soggiorno diverse. Concretamente, l&#8217;eTA si applica solo in caso di un breve soggiorno sul suolo canadese. Pertanto, la <a href=\"https:\/\/ave-eta-canada.com\/it\/eta-o-esta-quale-autorizzazione-di-viaggio-scegliere-per-il-tuo-soggiorno\/\">durata massima di un viaggio in Canada<\/a> con un&#8217;eTA \u00e8 di 6 mesi. Se il soggiorno supera un giorno in pi\u00f9, \u00e8 essenziale la domanda di visto presso l&#8217;Ambasciata canadese.<\/p>\n\n<p>Oltre alla durata del viaggio, il motivo del soggiorno \u00e8 importante per determinare se viaggiare con un visto o eTA Canada. L&#8217;IRCC (Immigration, Refugees and Citizenship Canada), l&#8217;autorit\u00e0 canadese responsabile del rilascio delle eTA, ha definito casi molto specifici per ottenere questa autorizzazione di viaggio. Pertanto, l&#8217;eTA si applica solo nei seguenti casi:<\/p>\n\n<ul class=\"wp-block-list\"><li>viaggio turistico;<\/li><li>viaggio di lavoro (partecipare a una conferenza, visitare un cliente, firmare un contratto, ecc.). Se il tuo obiettivo \u00e8 studiare in Canada, lavorare o anche fare uno stage, dovrai ottenere un visto;<\/li><li>transito in un altro paese.<\/li><\/ul>\n\n<p>Anche la modalit\u00e0 di ingresso in Canada \u00e8 molto importante. L&#8217;eTA autorizza solo i viaggi in Canada per via aerea. In caso di arrivo via terra o via mare, sar\u00e0 autorizzato solo il visto.<\/p>\n\n<p>Infine, la nazionalit\u00e0 del cittadino determina anche la scelta dell&#8217;autorizzazione al viaggio. Tutti gli stranieri provenienti da un paese esente dal visto possono ottenere un permesso di soggiorno temporaneo. Tutti i cittadini dell&#8217;UE cos\u00ec come l&#8217;Australia, la Nuova Zelanda o il Giappone sono interessati da questa esenzione dal visto per il Canada. Se non sei cittadino di un paese esente dal visto, ti verr\u00e0 richiesto di richiedere un visto TRV per il Canada (Visto per residenti temporanei) all&#8217;Ambasciata canadese.<\/p>\n\n<h3 class=\"wp-block-heading\">La richiesta di un&#8217;eTA<\/h3>\n\n<p>Se hai la certezza di soddisfare le condizioni di idoneit\u00e0 sopra menzionate, puoi passare al passaggio successivo: la compilazione del modulo online.<\/p>\n\n<p>Lo scopo di questo modulo \u00e8 verificare che non rappresenti alcun pericolo per la sicurezza interna del Paese e che non desideri immigrare in Canada.<\/p>\n\n<p>La domanda eTA si effettua esclusivamente online. Puoi accedere al modulo sul sito Web ufficiale del governo federale canadese o tramite il nostro sito partner. Se scegli questa seconda opzione, beneficerai di un supporto personalizzato per aiutarti in questo processo.<\/p>\n\n<p>La richiesta di eTA sta sistematicamente pagando, tuttavia il suo prezzo \u00e8 molto inferiore a quello del visto.<\/p>\n\n<h2 class=\"wp-block-heading\">Lavorare in Canada: impossibile senza un permesso di lavoro<\/h2>\n\n<p>Se il tuo piano prevede di lavorare temporaneamente in Canada, dovrai richiedere un permesso di lavoro.<\/p>\n\n<p>Fai attenzione, se hai intenzione di fare uno stage in Canada, sappi che dovrai anche richiedere un permesso di lavoro. In effetti, il governo del Canada non fa distinzione tra lavori tradizionali e tirocini. Questi ultimi sono considerati lavori a pieno titolo, indipendentemente dalla durata del tirocinio e dalla retribuzione.<\/p>\n\n<p><a href=\"https:\/\/ave-eta-canada.com\/it\/whp-canada-come-ottenere-un-permesso-di-vacanza-di-lavoro\/\">La richiesta di permesso di lavoro<\/a> pu\u00f2 essere effettuata tramite modulo cartaceo o semplicemente online. Se scegli la seconda opzione, tutto ci\u00f2 che devi fare \u00e8 visitare il sito Web ufficiale del governo canadese e fornire le seguenti informazioni:<\/p>\n\n<ul class=\"wp-block-list\"><li>informazioni personali sullo stato civile;<\/li><li>un&#8217;offerta di lavoro dal tuo datore di lavoro;<\/li><li>i documenti giustificativi comprovanti le tue capacit\u00e0 sono sufficienti per soddisfare i requisiti della posizione (diploma, certificato del tuo ex datore di lavoro, ecc.).<\/li><\/ul>\n\n<p>Ti verr\u00e0 inoltre chiesto di fornire i tuoi dati biometrici (impronte digitali e documento d&#8217;identit\u00e0 con foto). Per espletare questa formalit\u00e0, porta con te la tua carta di credito. Dovrai pagare alcune spese di elaborazione.<\/p>\n\n<p>Tieni presente che se non vieni da un paese esente dal visto, dovrai anche richiedere un visto di soggiorno temporaneo.<\/p>\n\n<h2 class=\"wp-block-heading\"><br\/>Visto Canada: il PVT<\/h2>\n\n<p>Il Working Holiday Permit (WHV) Canada, chiamato anche Working Holiday Visa, \u00e8 stato istituito nell&#8217;ambito del programma International Experience Canada (IEC). Il suo obiettivo \u00e8 incoraggiare gli scambi di giovani tra il Canada e 32 paesi partner (i francesi possono beneficiare di questo programma).<\/p>\n\n<p>Il PVT Canada \u00e8 un permesso di lavoro che ti permette di rimanere in Canada per un massimo di 24 mesi. Il suo principale vantaggio \u00e8 la libert\u00e0 e la flessibilit\u00e0 che offre. Infatti, non impone di trovare un datore di lavoro prima della partenza e autorizza a cambiare azienda tutte le volte che lo desidera durante tutto il suo periodo di validit\u00e0 e su tutto il territorio (Toronto, Ottawa, Vancouver, Quebec\u2026). Inoltre, come suggerisce il nome, ti permette anche di soggiornare per motivi turistici: sei libero di lavorare e visitare il Canada come meglio credi.<\/p>\n\n<p>Come ogni autorizzazione al viaggio, il PVT \u00e8 soggetto ad alcuni prerequisiti. Ecco i punti principali da rispettare per poter beneficiare del PVT Canada:<\/p>\n\n<ul class=\"wp-block-list\"><li>avere un passaporto valido (passaporto biometrico o elettronico);<\/li><li>avere un&#8217;et\u00e0 compresa tra i 18 ei 35 anni compresi;<\/li><li>avere almeno CA $ 2.500 per coprire le spese iniziali;<\/li><li>stipulare un&#8217;assicurazione di viaggio;<\/li><li>essere in possesso di un biglietto aereo di andata e ritorno o dimostrare di disporre di risorse economiche sufficienti per acquistare un biglietto di andata e ritorno al termine del soggiorno;<\/li><li>essere ammissibile in Canada, ovvero non rappresentare un rischio per la sicurezza interna (o sanitaria) del Canada.<\/li><\/ul>\n\n<p>Come l&#8217;eTA, la richiesta online di un PVT Canada viene effettuata sul sito Web del governo canadese tramite il servizio Immigration Canada.<\/p>\n\n<p>Si prega di notare che, a causa della crescente popolarit\u00e0 del PVT, il <a href=\"https:\/\/www.canada.ca\/\">governo canadese<\/a> ha istituito un sistema di quote per ogni paese. Pertanto, la tua domanda di ammissione al PVT sar\u00e0 soggetta a sorteggio. L&#8217;ottenimento del PVT dipende quindi principalmente dal fattore fortuna.<\/p>\n\n<p>Tieni presente che i vari documenti di viaggio sopra menzionati non sono in alcun modo documenti di immigrazione. Se il tuo obiettivo \u00e8 immigrare e vivere in Canada a lungo termine, dovrai <a href=\"https:\/\/ave-eta-canada.com\/it\/visto-o-eta-canada\/\">richiedere una carta di residenza permanente<\/a> , che \u00e8 molto pi\u00f9 difficile da ottenere.<\/p>\n","protected":false},"excerpt":{"rendered":"<p>\u00c8 necessario un visto per entrare in Canada? Che si tratti di un soggiorno in Canada per turismo, motivi professionali o anche di transito, il governo canadese impone sistematicamente un&#8217;autorizzazione al viaggio per entrare nel territorio nazionale. Per un soggiorno inferiore a 6 mesi in Canada : Puoi espletare le formalit\u00e0 per entrare in Canada [&hellip;]<\/p>\n","protected":false},"author":1,"featured_media":0,"parent":0,"menu_order":0,"comment_status":"closed","ping_status":"closed","template":"","meta":{"footnotes":""},"class_list":["post-906","page","type-page","status-publish","hentry"],"yoast_head":"<!-- This site is optimized with the Yoast SEO plugin v26.9 - https:\/\/yoast.com\/product\/yoast-seo-wordpress\/ -->\n<title>Il visto \u00e8 essenziale per viaggiare in Canada?<\/title>\n<meta name=\"description\" content=\"a volte \u00e8 possibile essere esenti dal visto per viaggiare in Canada. Scopri in questo articolo come soggiornare nel paese dell&#039;acero senza visto.\" \/>\n<meta name=\"robots\" content=\"index, follow, max-snippet:-1, max-image-preview:large, max-video-preview:-1\" \/>\n<link rel=\"canonical\" href=\"https:\/\/ave-eta-canada.com\/it\/il-visto-e-essenziale-per-viaggiare-in-canada\/\" \/>\n<meta property=\"og:locale\" content=\"it_IT\" \/>\n<meta property=\"og:type\" content=\"article\" \/>\n<meta property=\"og:title\" content=\"Il visto \u00e8 essenziale per viaggiare in Canada?\" \/>\n<meta property=\"og:description\" content=\"a volte \u00e8 possibile essere esenti dal visto per viaggiare in Canada. Scopri in questo articolo come soggiornare nel paese dell&#039;acero senza visto.\" \/>\n<meta property=\"og:url\" content=\"https:\/\/ave-eta-canada.com\/it\/il-visto-e-essenziale-per-viaggiare-in-canada\/\" \/>\n<meta property=\"og:site_name\" content=\"VISTO CANADA\" \/>\n<meta property=\"article:modified_time\" content=\"2022-05-17T20:31:45+00:00\" \/>\n<meta name=\"twitter:card\" content=\"summary_large_image\" \/>\n<meta name=\"twitter:label1\" content=\"Tempo di lettura stimato\" \/>\n\t<meta name=\"twitter:data1\" content=\"5 minuti\" \/>\n<script type=\"application\/ld+json\" class=\"yoast-schema-graph\">{\"@context\":\"https:\/\/schema.org\",\"@graph\":[{\"@type\":\"WebPage\",\"@id\":\"https:\/\/ave-eta-canada.com\/it\/il-visto-e-essenziale-per-viaggiare-in-canada\/\",\"url\":\"https:\/\/ave-eta-canada.com\/it\/il-visto-e-essenziale-per-viaggiare-in-canada\/\",\"name\":\"Il visto \u00e8 essenziale per viaggiare in Canada?\",\"isPartOf\":{\"@id\":\"https:\/\/ave-eta-canada.com\/it\/#website\"},\"datePublished\":\"2020-04-25T11:07:44+00:00\",\"dateModified\":\"2022-05-17T20:31:45+00:00\",\"description\":\"a volte \u00e8 possibile essere esenti dal visto per viaggiare in Canada. Scopri in questo articolo come soggiornare nel paese dell'acero senza visto.\",\"breadcrumb\":{\"@id\":\"https:\/\/ave-eta-canada.com\/it\/il-visto-e-essenziale-per-viaggiare-in-canada\/#breadcrumb\"},\"inLanguage\":\"it-IT\",\"potentialAction\":[{\"@type\":\"ReadAction\",\"target\":[\"https:\/\/ave-eta-canada.com\/it\/il-visto-e-essenziale-per-viaggiare-in-canada\/\"]}]},{\"@type\":\"BreadcrumbList\",\"@id\":\"https:\/\/ave-eta-canada.com\/it\/il-visto-e-essenziale-per-viaggiare-in-canada\/#breadcrumb\",\"itemListElement\":[{\"@type\":\"ListItem\",\"position\":1,\"name\":\"Home\",\"item\":\"https:\/\/ave-eta-canada.com\/it\/\"},{\"@type\":\"ListItem\",\"position\":2,\"name\":\"Il visto \u00e8 essenziale per viaggiare in Canada?\"}]},{\"@type\":\"WebSite\",\"@id\":\"https:\/\/ave-eta-canada.com\/it\/#website\",\"url\":\"https:\/\/ave-eta-canada.com\/it\/\",\"name\":\"VISTO CANADA\",\"description\":\"Autorisation Voyage Electronique\",\"potentialAction\":[{\"@type\":\"SearchAction\",\"target\":{\"@type\":\"EntryPoint\",\"urlTemplate\":\"https:\/\/ave-eta-canada.com\/it\/?s={search_term_string}\"},\"query-input\":{\"@type\":\"PropertyValueSpecification\",\"valueRequired\":true,\"valueName\":\"search_term_string\"}}],\"inLanguage\":\"it-IT\"}]}<\/script>\n<!-- \/ Yoast SEO plugin. -->","yoast_head_json":{"title":"Il visto \u00e8 essenziale per viaggiare in Canada?","description":"a volte \u00e8 possibile essere esenti dal visto per viaggiare in Canada. Scopri in questo articolo come soggiornare nel paese dell'acero senza visto.","robots":{"index":"index","follow":"follow","max-snippet":"max-snippet:-1","max-image-preview":"max-image-preview:large","max-video-preview":"max-video-preview:-1"},"canonical":"https:\/\/ave-eta-canada.com\/it\/il-visto-e-essenziale-per-viaggiare-in-canada\/","og_locale":"it_IT","og_type":"article","og_title":"Il visto \u00e8 essenziale per viaggiare in Canada?","og_description":"a volte \u00e8 possibile essere esenti dal visto per viaggiare in Canada. Scopri in questo articolo come soggiornare nel paese dell'acero senza visto.","og_url":"https:\/\/ave-eta-canada.com\/it\/il-visto-e-essenziale-per-viaggiare-in-canada\/","og_site_name":"VISTO CANADA","article_modified_time":"2022-05-17T20:31:45+00:00","twitter_card":"summary_large_image","twitter_misc":{"Tempo di lettura stimato":"5 minuti"},"schema":{"@context":"https:\/\/schema.org","@graph":[{"@type":"WebPage","@id":"https:\/\/ave-eta-canada.com\/it\/il-visto-e-essenziale-per-viaggiare-in-canada\/","url":"https:\/\/ave-eta-canada.com\/it\/il-visto-e-essenziale-per-viaggiare-in-canada\/","name":"Il visto \u00e8 essenziale per viaggiare in Canada?","isPartOf":{"@id":"https:\/\/ave-eta-canada.com\/it\/#website"},"datePublished":"2020-04-25T11:07:44+00:00","dateModified":"2022-05-17T20:31:45+00:00","description":"a volte \u00e8 possibile essere esenti dal visto per viaggiare in Canada. Scopri in questo articolo come soggiornare nel paese dell'acero senza visto.","breadcrumb":{"@id":"https:\/\/ave-eta-canada.com\/it\/il-visto-e-essenziale-per-viaggiare-in-canada\/#breadcrumb"},"inLanguage":"it-IT","potentialAction":[{"@type":"ReadAction","target":["https:\/\/ave-eta-canada.com\/it\/il-visto-e-essenziale-per-viaggiare-in-canada\/"]}]},{"@type":"BreadcrumbList","@id":"https:\/\/ave-eta-canada.com\/it\/il-visto-e-essenziale-per-viaggiare-in-canada\/#breadcrumb","itemListElement":[{"@type":"ListItem","position":1,"name":"Home","item":"https:\/\/ave-eta-canada.com\/it\/"},{"@type":"ListItem","position":2,"name":"Il visto \u00e8 essenziale per viaggiare in Canada?"}]},{"@type":"WebSite","@id":"https:\/\/ave-eta-canada.com\/it\/#website","url":"https:\/\/ave-eta-canada.com\/it\/","name":"VISTO CANADA","description":"Autorisation Voyage Electronique","potentialAction":[{"@type":"SearchAction","target":{"@type":"EntryPoint","urlTemplate":"https:\/\/ave-eta-canada.com\/it\/?s={search_term_string}"},"query-input":{"@type":"PropertyValueSpecification","valueRequired":true,"valueName":"search_term_string"}}],"inLanguage":"it-IT"}]}},"_links":{"self":[{"href":"https:\/\/ave-eta-canada.com\/it\/wp-json\/wp\/v2\/pages\/906","targetHints":{"allow":["GET"]}}],"collection":[{"href":"https:\/\/ave-eta-canada.com\/it\/wp-json\/wp\/v2\/pages"}],"about":[{"href":"https:\/\/ave-eta-canada.com\/it\/wp-json\/wp\/v2\/types\/page"}],"author":[{"embeddable":true,"href":"https:\/\/ave-eta-canada.com\/it\/wp-json\/wp\/v2\/users\/1"}],"replies":[{"embeddable":true,"href":"https:\/\/ave-eta-canada.com\/it\/wp-json\/wp\/v2\/comments?post=906"}],"version-history":[{"count":0,"href":"https:\/\/ave-eta-canada.com\/it\/wp-json\/wp\/v2\/pages\/906\/revisions"}],"wp:attachment":[{"href":"https:\/\/ave-eta-canada.com\/it\/wp-json\/wp\/v2\/media?parent=906"}],"curies":[{"name":"wp","href":"https:\/\/api.w.org\/{rel}","templated":true}]}}