{"id":910,"date":"2020-04-25T11:37:49","date_gmt":"2020-04-25T11:37:49","guid":{"rendered":"https:\/\/ave-eta-canada.com\/privacy-e-protezione-dei-dati\/"},"modified":"2022-09-09T16:27:40","modified_gmt":"2022-09-09T16:27:40","slug":"privacy-e-protezione-dei-dati","status":"publish","type":"page","link":"https:\/\/ave-eta-canada.com\/it\/privacy-e-protezione-dei-dati\/","title":{"rendered":"Privacy e protezione dei dati"},"content":{"rendered":"\n<h1 class=\"wp-block-heading\">La nostra politica sulla privacy<\/h1>\n\n<p>Siamo un sito informativo sulle formalit\u00e0 necessarie per viaggiare in Canada. Prendiamo molto sul serio la privacy dei nostri visitatori. Di seguito riportiamo la nostra politica completa sulla protezione dei dati personali.<\/p>\n\n<h2 class=\"wp-block-heading\">La raccolta di informazioni sul sito<\/h2>\n\n<p>Di seguito \u00e8 riportato un elenco completo delle informazioni personali che possono essere raccolte sul nostro sito, memorizzate e utilizzate:<\/p>\n\n<ul class=\"wp-block-list\"><li>Informazioni sul vostro computer: il vostro indirizzo IP, la vostra posizione, il vostro browser, il vostro sistema operativo;<\/li><li>Per quanto riguarda la vostra navigazione sul sito: la durata della vostra visita, le pagine visualizzate, il vostro percorso di navigazione;<\/li><\/ul>\n\n<h2 class=\"wp-block-heading\">Utilizzo dei dati raccolti<\/h2>\n\n<p>Non forniamo i vostri dati personali a terzi. Non utilizziamo i dati raccolti per scopi commerciali o di marketing diretto.<\/p>\n\n<h2 class=\"wp-block-heading\">Durata della conservazione dei dati<\/h2>\n\n<p>I dati raccolti vengono regolarmente cancellati, il che significa che non conserviamo i contenuti delle e-mail che ci sono state inviate per pi\u00f9 di un mese. Non facciamo alcun uso commerciale dei dati di navigazione.<\/p>\n\n<p>Aggiornamento delle informazioni conservate: Vi preghiamo di comunicarci se desiderate che le informazioni personali in nostro possesso siano corrette o aggiornate durante la loro conservazione.<\/p>\n\n<h2 class=\"wp-block-heading\">Sicurezza dei dati personali<\/h2>\n\n<p>Adottiamo precauzioni tecniche per evitare il furto delle informazioni personali contenute nel nostro database durante il tempo di conservazione, anche se limitato. Tutte le informazioni personali inviate saranno memorizzate sui nostri server sicuri.<\/p>\n\n<h2 class=\"wp-block-heading\">I vostri diritti in materia di dati personali<\/h2>\n\n<p>Avete il diritto di chiederci di trasmettervi qualsiasi informazione personale in nostro possesso; ci\u00f2 pu\u00f2 avvenire dietro presentazione di una prova della vostra identit\u00e0 (fotocopia autenticata del passaporto + fattura che attesti il vostro indirizzo di residenza).<\/p>\n\n<h2 class=\"wp-block-heading\">Aggiornamento della presente informativa sulla privacy<\/h2>\n\n<p>Aggiorniamo regolarmente questa politica. \u00c8 necessario controllare questa pagina durante l&#8217;utilizzo del sito per verificare eventuali modifiche all&#8217;informativa sulla privacy.<\/p>\n\n<h2 class=\"wp-block-heading\">Link contestuali a siti web di terzi<\/h2>\n\n<p>Il nostro sito web contiene una serie di collegamenti ipertestuali a siti web di terzi e informazioni su di essi. Non abbiamo alcun controllo su questi siti e non siamo responsabili delle loro politiche sulla privacy o delle loro pratiche commerciali o di marketing.<\/p>\n\n<h2 class=\"wp-block-heading\">Biscotti<\/h2>\n\n<p>Il nostro sito web utilizza i cookie. Un cookie \u00e8 un file contenente un identificatore (una stringa di lettere e numeri) inviato da un server Web a un browser Web e memorizzato da quest&#8217;ultimo. L&#8217;identificatore viene quindi rinviato al server ogni volta che il browser richiede una pagina dal server. I cookie possono essere &#8220;persistenti&#8221; o &#8220;di sessione&#8221;: un cookie persistente viene memorizzato dal browser e rimane valido fino alla data di scadenza, a meno che non venga cancellato dall&#8217;utente prima di tale data; un cookie di sessione scade al termine della sessione dell&#8217;utente, quando il browser viene chiuso. I cookie non contengono in genere informazioni di identificazione personale sull&#8217;utente, ma le informazioni personali che memorizziamo sull&#8217;utente possono essere collegate alle informazioni memorizzate e ottenute dai cookie. Sul nostro sito web utilizziamo solo cookie di sessione e nessun cookie persistente.<\/p>\n","protected":false},"excerpt":{"rendered":"<p>La nostra politica sulla privacy Siamo un sito informativo sulle formalit\u00e0 necessarie per viaggiare in Canada. Prendiamo molto sul serio la privacy dei nostri visitatori. Di seguito riportiamo la nostra politica completa sulla protezione dei dati personali. La raccolta di informazioni sul sito Di seguito \u00e8 riportato un elenco completo delle informazioni personali che possono [&hellip;]<\/p>\n","protected":false},"author":1,"featured_media":0,"parent":0,"menu_order":0,"comment_status":"closed","ping_status":"closed","template":"","meta":{"footnotes":""},"class_list":["post-910","page","type-page","status-publish","hentry"],"yoast_head":"<!-- This site is optimized with the Yoast SEO plugin v26.9 - https:\/\/yoast.com\/product\/yoast-seo-wordpress\/ -->\n<title>Privacy e protezione dei dati<\/title>\n<meta name=\"description\" content=\"La presente carta \u00e8 parte integrante delle condizioni generali, trovate in questa pagina tutte le informazioni sulla raccolta dei dati.\" \/>\n<meta name=\"robots\" content=\"index, follow, max-snippet:-1, max-image-preview:large, max-video-preview:-1\" \/>\n<link rel=\"canonical\" href=\"https:\/\/ave-eta-canada.com\/it\/privacy-e-protezione-dei-dati\/\" \/>\n<meta property=\"og:locale\" content=\"it_IT\" \/>\n<meta property=\"og:type\" content=\"article\" \/>\n<meta property=\"og:title\" content=\"Privacy e protezione dei dati\" \/>\n<meta property=\"og:description\" content=\"La presente carta \u00e8 parte integrante delle condizioni generali, trovate in questa pagina tutte le informazioni sulla raccolta dei dati.\" \/>\n<meta property=\"og:url\" content=\"https:\/\/ave-eta-canada.com\/it\/privacy-e-protezione-dei-dati\/\" \/>\n<meta property=\"og:site_name\" content=\"VISTO CANADA\" \/>\n<meta property=\"article:modified_time\" content=\"2022-09-09T16:27:40+00:00\" \/>\n<meta name=\"twitter:card\" content=\"summary_large_image\" \/>\n<meta name=\"twitter:label1\" content=\"Tempo di lettura stimato\" \/>\n\t<meta name=\"twitter:data1\" content=\"2 minuti\" \/>\n<script type=\"application\/ld+json\" class=\"yoast-schema-graph\">{\"@context\":\"https:\/\/schema.org\",\"@graph\":[{\"@type\":\"WebPage\",\"@id\":\"https:\/\/ave-eta-canada.com\/it\/privacy-e-protezione-dei-dati\/\",\"url\":\"https:\/\/ave-eta-canada.com\/it\/privacy-e-protezione-dei-dati\/\",\"name\":\"Privacy e protezione dei dati\",\"isPartOf\":{\"@id\":\"https:\/\/ave-eta-canada.com\/it\/#website\"},\"datePublished\":\"2020-04-25T11:37:49+00:00\",\"dateModified\":\"2022-09-09T16:27:40+00:00\",\"description\":\"La presente carta \u00e8 parte integrante delle condizioni generali, trovate in questa pagina tutte le informazioni sulla raccolta dei dati.\",\"breadcrumb\":{\"@id\":\"https:\/\/ave-eta-canada.com\/it\/privacy-e-protezione-dei-dati\/#breadcrumb\"},\"inLanguage\":\"it-IT\",\"potentialAction\":[{\"@type\":\"ReadAction\",\"target\":[\"https:\/\/ave-eta-canada.com\/it\/privacy-e-protezione-dei-dati\/\"]}]},{\"@type\":\"BreadcrumbList\",\"@id\":\"https:\/\/ave-eta-canada.com\/it\/privacy-e-protezione-dei-dati\/#breadcrumb\",\"itemListElement\":[{\"@type\":\"ListItem\",\"position\":1,\"name\":\"Home\",\"item\":\"https:\/\/ave-eta-canada.com\/it\/\"},{\"@type\":\"ListItem\",\"position\":2,\"name\":\"Privacy e protezione dei dati\"}]},{\"@type\":\"WebSite\",\"@id\":\"https:\/\/ave-eta-canada.com\/it\/#website\",\"url\":\"https:\/\/ave-eta-canada.com\/it\/\",\"name\":\"VISTO CANADA\",\"description\":\"Autorisation Voyage Electronique\",\"potentialAction\":[{\"@type\":\"SearchAction\",\"target\":{\"@type\":\"EntryPoint\",\"urlTemplate\":\"https:\/\/ave-eta-canada.com\/it\/?s={search_term_string}\"},\"query-input\":{\"@type\":\"PropertyValueSpecification\",\"valueRequired\":true,\"valueName\":\"search_term_string\"}}],\"inLanguage\":\"it-IT\"}]}<\/script>\n<!-- \/ Yoast SEO plugin. -->","yoast_head_json":{"title":"Privacy e protezione dei dati","description":"La presente carta \u00e8 parte integrante delle condizioni generali, trovate in questa pagina tutte le informazioni sulla raccolta dei dati.","robots":{"index":"index","follow":"follow","max-snippet":"max-snippet:-1","max-image-preview":"max-image-preview:large","max-video-preview":"max-video-preview:-1"},"canonical":"https:\/\/ave-eta-canada.com\/it\/privacy-e-protezione-dei-dati\/","og_locale":"it_IT","og_type":"article","og_title":"Privacy e protezione dei dati","og_description":"La presente carta \u00e8 parte integrante delle condizioni generali, trovate in questa pagina tutte le informazioni sulla raccolta dei dati.","og_url":"https:\/\/ave-eta-canada.com\/it\/privacy-e-protezione-dei-dati\/","og_site_name":"VISTO CANADA","article_modified_time":"2022-09-09T16:27:40+00:00","twitter_card":"summary_large_image","twitter_misc":{"Tempo di lettura stimato":"2 minuti"},"schema":{"@context":"https:\/\/schema.org","@graph":[{"@type":"WebPage","@id":"https:\/\/ave-eta-canada.com\/it\/privacy-e-protezione-dei-dati\/","url":"https:\/\/ave-eta-canada.com\/it\/privacy-e-protezione-dei-dati\/","name":"Privacy e protezione dei dati","isPartOf":{"@id":"https:\/\/ave-eta-canada.com\/it\/#website"},"datePublished":"2020-04-25T11:37:49+00:00","dateModified":"2022-09-09T16:27:40+00:00","description":"La presente carta \u00e8 parte integrante delle condizioni generali, trovate in questa pagina tutte le informazioni sulla raccolta dei dati.","breadcrumb":{"@id":"https:\/\/ave-eta-canada.com\/it\/privacy-e-protezione-dei-dati\/#breadcrumb"},"inLanguage":"it-IT","potentialAction":[{"@type":"ReadAction","target":["https:\/\/ave-eta-canada.com\/it\/privacy-e-protezione-dei-dati\/"]}]},{"@type":"BreadcrumbList","@id":"https:\/\/ave-eta-canada.com\/it\/privacy-e-protezione-dei-dati\/#breadcrumb","itemListElement":[{"@type":"ListItem","position":1,"name":"Home","item":"https:\/\/ave-eta-canada.com\/it\/"},{"@type":"ListItem","position":2,"name":"Privacy e protezione dei dati"}]},{"@type":"WebSite","@id":"https:\/\/ave-eta-canada.com\/it\/#website","url":"https:\/\/ave-eta-canada.com\/it\/","name":"VISTO CANADA","description":"Autorisation Voyage Electronique","potentialAction":[{"@type":"SearchAction","target":{"@type":"EntryPoint","urlTemplate":"https:\/\/ave-eta-canada.com\/it\/?s={search_term_string}"},"query-input":{"@type":"PropertyValueSpecification","valueRequired":true,"valueName":"search_term_string"}}],"inLanguage":"it-IT"}]}},"_links":{"self":[{"href":"https:\/\/ave-eta-canada.com\/it\/wp-json\/wp\/v2\/pages\/910","targetHints":{"allow":["GET"]}}],"collection":[{"href":"https:\/\/ave-eta-canada.com\/it\/wp-json\/wp\/v2\/pages"}],"about":[{"href":"https:\/\/ave-eta-canada.com\/it\/wp-json\/wp\/v2\/types\/page"}],"author":[{"embeddable":true,"href":"https:\/\/ave-eta-canada.com\/it\/wp-json\/wp\/v2\/users\/1"}],"replies":[{"embeddable":true,"href":"https:\/\/ave-eta-canada.com\/it\/wp-json\/wp\/v2\/comments?post=910"}],"version-history":[{"count":0,"href":"https:\/\/ave-eta-canada.com\/it\/wp-json\/wp\/v2\/pages\/910\/revisions"}],"wp:attachment":[{"href":"https:\/\/ave-eta-canada.com\/it\/wp-json\/wp\/v2\/media?parent=910"}],"curies":[{"name":"wp","href":"https:\/\/api.w.org\/{rel}","templated":true}]}}