{"id":925,"date":"2020-04-25T12:08:03","date_gmt":"2020-04-25T12:08:03","guid":{"rendered":"https:\/\/ave-eta-canada.com\/visa-ou-eta-canada\/"},"modified":"2022-05-16T13:04:42","modified_gmt":"2022-05-16T13:04:42","slug":"visto-o-eta-canada","status":"publish","type":"page","link":"https:\/\/ave-eta-canada.com\/it\/visto-o-eta-canada\/","title":{"rendered":"Visto o eTA Canada?"},"content":{"rendered":"\n<h1 class=\"wp-block-heading\">Devo richiedere un visto per il Canada o eTA?<\/h1>\n\n<p>Devi richiedere un visto o un eTA Canada quando vuoi andare in Canada? Optare per la giusta autorizzazione di viaggio \u00e8 un passo importante nella preparazione del tuo viaggio in Canada, poich\u00e9 determiner\u00e0 se puoi entrare o meno nel territorio canadese.<\/p>\n\n<p><strong>Per un soggiorno inferiore a 6 mesi in Canada<\/strong> : Puoi espletare le formalit\u00e0 per entrare in Canada direttamente via Internet cliccando sul <a href=\"https:\/\/ave-eta-canada.com\/it\/modulo-online-eta-canada\/\">modulo online<\/a> . Non \u00e8 necessario ottenere un appuntamento presso l&#8217;ambasciata o il consolato canadese.<\/p>\n\n<p>Tra il passaporto valido da acquisire, l&#8217;assicurazione di viaggio da ordinare, l&#8217;alloggio e il trasporto, ci sono molte pratiche amministrative da svolgere prima di partire. In questo articolo, differenzieremo le condizioni per ottenere una domanda di visto canadese e l&#8217;ETA canadese al fine di determinare quale documento \u00e8 il pi\u00f9 appropriato per il tuo soggiorno.<br\/><\/p>\n\n<h2 class=\"wp-block-heading\">Domanda eTA o domanda di visto?<\/h2>\n\n<p>Prima <a href=\"https:\/\/ave-eta-canada.com\/it\/il-visto-e-essenziale-per-viaggiare-in-canada\/\">di richiedere un visto per il Canada o eTA<\/a> , \u00e8 meglio informarsi sull&#8217;argomento.<\/p>\n\n<h3 class=\"wp-block-heading\">Presentazione dell&#8217;eTA<\/h3>\n\n<p>La Canada eTA \u00e8 un&#8217;autorizzazione di viaggio elettronica che pu\u00f2 essere ottenuta per le persone idonee che desiderano effettuare un soggiorno turistico, d&#8217;affari (senza remunerazione) o un transito in Canada per un periodo massimo di sei mesi. L&#8217;eTA Canada \u00e8 richiesta solo per i viaggi aerei e ha un <a href=\"https:\/\/ave-eta-canada.com\/it\/eta-canada-periodo-di-validita\/\">periodo di validit\u00e0 massimo<\/a> di 5 anni.<\/p>\n\n<p>Il <a href=\"https:\/\/ave-eta-canada.com\/it\/\">Canada eTA<\/a> \u00e8 un documento disponibile solo online. Per fare una richiesta, \u00e8 necessario compilare il modulo sul sito web del governo o tramite una societ\u00e0 privata che si occuper\u00e0 delle procedure amministrative per te e verificher\u00e0 tutti i dati inseriti al fine di ridurre il rischio che la tua richiesta venga rifiutata. . L&#8217;autorizzazione eTA \u00e8 direttamente collegata al tuo passaporto, vale a dire che in caso di nuovo passaporto dovrai presentare una nuova domanda per un&#8217;eTA Canada.<\/p>\n\n<h3 class=\"wp-block-heading\">Presentazione del visto canadese<\/h3>\n\n<p>Per le persone che desiderano studiare in Canada, lavorare o fare uno stage, sar\u00e0 necessario richiedere un visto canadese. La domanda di visto viene presentata presso l&#8217;Ambasciata canadese e dipende dalla natura del soggiorno:<\/p>\n\n<ul class=\"wp-block-list\"><li>visto turistico (o visto turistico);<\/li><li>visto per studenti;<\/li><li>licenza di lavoro;<\/li><li>permesso di soggiorno temporaneo;<\/li><li><a href=\"https:\/\/ave-eta-canada.com\/it\/whp-canada-come-ottenere-un-permesso-di-vacanza-di-lavoro\/\">permesso per ferie-lavoro o PVT<\/a><\/li><\/ul>\n\n<p>\u00c8 quindi possibile lavorare in Canada o studiare l\u00ec grazie al visto. Tuttavia, questi tipi di visto non sono facili da ottenere e la loro domanda deve essere ben preparata (offerta di lavoro in Canada, lettera di iscrizione e accettazione della scuola, ecc.).<\/p>\n\n<p>Un visto turistico sostituisce l&#8217;eTA per i cittadini di paesi non aventi diritto a quest&#8217;ultimo. ma anche per alcuni cittadini che desiderano recarsi in Canada via terra o via mare. Tieni presente che se desideri viaggiare in Canada via terra, non \u00e8 necessario richiedere un visto turistico o richiedere un&#8217;eTA se sei cittadino di un paese dell&#8217;Unione Europea.<\/p>\n\n<p>C&#8217;\u00e8 anche un visto di residenza permanente, ma \u00e8 difficile da ottenere, perch\u00e9 il governo canadese filtra e accetta solo i profili che ritiene interessanti.<br\/><br\/><\/p>\n\n<h2 class=\"wp-block-heading\">Pagare un&#8217;eTA canadese o una domanda di visto<\/h2>\n\n<p>La richiesta di visto per il Canada o eTA non \u00e8 gratuita. <a href=\"https:\/\/ave-eta-canada.com\/it\/eta-canada-il-suo-prezzo\/\">Il prezzo di un&#8217;eTA Canada<\/a> \u00e8 fissato a 7$ CAN, un visto costa tra 100 e 150 $ CAN.<\/p>\n\n<p>Ora hai tutte le carte in mano per sapere se devi richiedere un visto o un eTA Canada. Quindi, pensi di aver bisogno di un visto canadese o di un eTA? Pronto a visitare la terra del carib\u00f9<\/p>\n","protected":false},"excerpt":{"rendered":"<p>Devo richiedere un visto per il Canada o eTA? Devi richiedere un visto o un eTA Canada quando vuoi andare in Canada? Optare per la giusta autorizzazione di viaggio \u00e8 un passo importante nella preparazione del tuo viaggio in Canada, poich\u00e9 determiner\u00e0 se puoi entrare o meno nel territorio canadese. Per un soggiorno inferiore a [&hellip;]<\/p>\n","protected":false},"author":1,"featured_media":0,"parent":0,"menu_order":0,"comment_status":"closed","ping_status":"closed","template":"","meta":{"footnotes":""},"class_list":["post-925","page","type-page","status-publish","hentry"],"yoast_head":"<!-- This site is optimized with the Yoast SEO plugin v26.9 - https:\/\/yoast.com\/product\/yoast-seo-wordpress\/ -->\n<title>Visto o eTA Canada?<\/title>\n<meta name=\"description\" content=\"Se prevedi di andare presto in Canada, avrai bisogno di un&#039;autorizzazione per entrare nel territorio. Quindi, visto o eTA Canada?\" \/>\n<meta name=\"robots\" content=\"index, follow, max-snippet:-1, max-image-preview:large, max-video-preview:-1\" \/>\n<link rel=\"canonical\" href=\"https:\/\/ave-eta-canada.com\/it\/visto-o-eta-canada\/\" \/>\n<meta property=\"og:locale\" content=\"it_IT\" \/>\n<meta property=\"og:type\" content=\"article\" \/>\n<meta property=\"og:title\" content=\"Visto o eTA Canada?\" \/>\n<meta property=\"og:description\" content=\"Se prevedi di andare presto in Canada, avrai bisogno di un&#039;autorizzazione per entrare nel territorio. Quindi, visto o eTA Canada?\" \/>\n<meta property=\"og:url\" content=\"https:\/\/ave-eta-canada.com\/it\/visto-o-eta-canada\/\" \/>\n<meta property=\"og:site_name\" content=\"VISTO CANADA\" \/>\n<meta property=\"article:modified_time\" content=\"2022-05-16T13:04:42+00:00\" \/>\n<meta name=\"twitter:card\" content=\"summary_large_image\" \/>\n<meta name=\"twitter:label1\" content=\"Tempo di lettura stimato\" \/>\n\t<meta name=\"twitter:data1\" content=\"3 minuti\" \/>\n<script type=\"application\/ld+json\" class=\"yoast-schema-graph\">{\"@context\":\"https:\/\/schema.org\",\"@graph\":[{\"@type\":\"WebPage\",\"@id\":\"https:\/\/ave-eta-canada.com\/it\/visto-o-eta-canada\/\",\"url\":\"https:\/\/ave-eta-canada.com\/it\/visto-o-eta-canada\/\",\"name\":\"Visto o eTA Canada?\",\"isPartOf\":{\"@id\":\"https:\/\/ave-eta-canada.com\/it\/#website\"},\"datePublished\":\"2020-04-25T12:08:03+00:00\",\"dateModified\":\"2022-05-16T13:04:42+00:00\",\"description\":\"Se prevedi di andare presto in Canada, avrai bisogno di un'autorizzazione per entrare nel territorio. Quindi, visto o eTA Canada?\",\"breadcrumb\":{\"@id\":\"https:\/\/ave-eta-canada.com\/it\/visto-o-eta-canada\/#breadcrumb\"},\"inLanguage\":\"it-IT\",\"potentialAction\":[{\"@type\":\"ReadAction\",\"target\":[\"https:\/\/ave-eta-canada.com\/it\/visto-o-eta-canada\/\"]}]},{\"@type\":\"BreadcrumbList\",\"@id\":\"https:\/\/ave-eta-canada.com\/it\/visto-o-eta-canada\/#breadcrumb\",\"itemListElement\":[{\"@type\":\"ListItem\",\"position\":1,\"name\":\"Home\",\"item\":\"https:\/\/ave-eta-canada.com\/it\/\"},{\"@type\":\"ListItem\",\"position\":2,\"name\":\"Visto o eTA Canada?\"}]},{\"@type\":\"WebSite\",\"@id\":\"https:\/\/ave-eta-canada.com\/it\/#website\",\"url\":\"https:\/\/ave-eta-canada.com\/it\/\",\"name\":\"VISTO CANADA\",\"description\":\"Autorisation Voyage Electronique\",\"potentialAction\":[{\"@type\":\"SearchAction\",\"target\":{\"@type\":\"EntryPoint\",\"urlTemplate\":\"https:\/\/ave-eta-canada.com\/it\/?s={search_term_string}\"},\"query-input\":{\"@type\":\"PropertyValueSpecification\",\"valueRequired\":true,\"valueName\":\"search_term_string\"}}],\"inLanguage\":\"it-IT\"}]}<\/script>\n<!-- \/ Yoast SEO plugin. -->","yoast_head_json":{"title":"Visto o eTA Canada?","description":"Se prevedi di andare presto in Canada, avrai bisogno di un'autorizzazione per entrare nel territorio. Quindi, visto o eTA Canada?","robots":{"index":"index","follow":"follow","max-snippet":"max-snippet:-1","max-image-preview":"max-image-preview:large","max-video-preview":"max-video-preview:-1"},"canonical":"https:\/\/ave-eta-canada.com\/it\/visto-o-eta-canada\/","og_locale":"it_IT","og_type":"article","og_title":"Visto o eTA Canada?","og_description":"Se prevedi di andare presto in Canada, avrai bisogno di un'autorizzazione per entrare nel territorio. Quindi, visto o eTA Canada?","og_url":"https:\/\/ave-eta-canada.com\/it\/visto-o-eta-canada\/","og_site_name":"VISTO CANADA","article_modified_time":"2022-05-16T13:04:42+00:00","twitter_card":"summary_large_image","twitter_misc":{"Tempo di lettura stimato":"3 minuti"},"schema":{"@context":"https:\/\/schema.org","@graph":[{"@type":"WebPage","@id":"https:\/\/ave-eta-canada.com\/it\/visto-o-eta-canada\/","url":"https:\/\/ave-eta-canada.com\/it\/visto-o-eta-canada\/","name":"Visto o eTA Canada?","isPartOf":{"@id":"https:\/\/ave-eta-canada.com\/it\/#website"},"datePublished":"2020-04-25T12:08:03+00:00","dateModified":"2022-05-16T13:04:42+00:00","description":"Se prevedi di andare presto in Canada, avrai bisogno di un'autorizzazione per entrare nel territorio. Quindi, visto o eTA Canada?","breadcrumb":{"@id":"https:\/\/ave-eta-canada.com\/it\/visto-o-eta-canada\/#breadcrumb"},"inLanguage":"it-IT","potentialAction":[{"@type":"ReadAction","target":["https:\/\/ave-eta-canada.com\/it\/visto-o-eta-canada\/"]}]},{"@type":"BreadcrumbList","@id":"https:\/\/ave-eta-canada.com\/it\/visto-o-eta-canada\/#breadcrumb","itemListElement":[{"@type":"ListItem","position":1,"name":"Home","item":"https:\/\/ave-eta-canada.com\/it\/"},{"@type":"ListItem","position":2,"name":"Visto o eTA Canada?"}]},{"@type":"WebSite","@id":"https:\/\/ave-eta-canada.com\/it\/#website","url":"https:\/\/ave-eta-canada.com\/it\/","name":"VISTO CANADA","description":"Autorisation Voyage Electronique","potentialAction":[{"@type":"SearchAction","target":{"@type":"EntryPoint","urlTemplate":"https:\/\/ave-eta-canada.com\/it\/?s={search_term_string}"},"query-input":{"@type":"PropertyValueSpecification","valueRequired":true,"valueName":"search_term_string"}}],"inLanguage":"it-IT"}]}},"_links":{"self":[{"href":"https:\/\/ave-eta-canada.com\/it\/wp-json\/wp\/v2\/pages\/925","targetHints":{"allow":["GET"]}}],"collection":[{"href":"https:\/\/ave-eta-canada.com\/it\/wp-json\/wp\/v2\/pages"}],"about":[{"href":"https:\/\/ave-eta-canada.com\/it\/wp-json\/wp\/v2\/types\/page"}],"author":[{"embeddable":true,"href":"https:\/\/ave-eta-canada.com\/it\/wp-json\/wp\/v2\/users\/1"}],"replies":[{"embeddable":true,"href":"https:\/\/ave-eta-canada.com\/it\/wp-json\/wp\/v2\/comments?post=925"}],"version-history":[{"count":0,"href":"https:\/\/ave-eta-canada.com\/it\/wp-json\/wp\/v2\/pages\/925\/revisions"}],"wp:attachment":[{"href":"https:\/\/ave-eta-canada.com\/it\/wp-json\/wp\/v2\/media?parent=925"}],"curies":[{"name":"wp","href":"https:\/\/api.w.org\/{rel}","templated":true}]}}