{"id":987,"date":"2020-04-27T08:19:50","date_gmt":"2020-04-27T08:19:50","guid":{"rendered":"https:\/\/ave-eta-canada.com\/fai-una-domanda-ufficiale-di-eta-canada\/"},"modified":"2023-04-27T22:08:20","modified_gmt":"2023-04-27T22:08:20","slug":"fai-una-domanda-ufficiale-di-eta-canada","status":"publish","type":"page","link":"https:\/\/ave-eta-canada.com\/it\/fai-una-domanda-ufficiale-di-eta-canada\/","title":{"rendered":"Fai una richiesta ufficiale di eTA per il Canada"},"content":{"rendered":"\n<h1 class=\"wp-block-heading\">Come fare una richiesta ufficiale di eTA per il Canada?<\/h1>\n\n<p>Se hai intenzione di fare un viaggio in Canada, dovrai assicurarti di avere i documenti giusti in mano: passaporto, assicurazione, biglietto di andata e ritorno, ma anche la tua autorizzazione al viaggio ufficiale. L&#8217;eTA ufficiale del Canada \u00e8 un documento molto importante per chiunque voglia viaggiare in Canada in aereo, senza richiedere un visto costoso all&#8217;Ambasciata canadese.<\/p>\n\n<p><strong>Per un soggiorno inferiore a 6 mesi in Canada<\/strong> : Puoi espletare le formalit\u00e0 per entrare in Canada direttamente via Internet cliccando sul <a href=\"https:\/\/ave-eta-canada.com\/it\/modulo-online-eta-canada\/\">modulo online<\/a>. Non \u00e8 necessario ottenere un appuntamento presso l&#8217;ambasciata o il consolato canadese.<\/p>\n\n<p>\u00c8 possibile per milioni di cittadini in tutto il mondo recarsi in Canada con un&#8217;<a href=\"https:\/\/ave-eta-canada.com\/it\/eta-o-esta-quale-autorizzazione-di-viaggio-scegliere-per-il-tuo-soggiorno\/\">autorizzazione di viaggio eTA<\/a> elettronica ottenuta direttamente online. Presentando una domanda ufficiale di eTA per il Canada, puoi rimanere in Canada per un massimo di sei mesi durante i cinque anni successivi.<\/p>\n\n<h3 class=\"wp-block-heading\">Elenco dei 61 territori eleggibili per l&#8217;eTA Canada ufficiale (aggiornato maggio 2023)<\/h3>\n\n<figure class=\"wp-block-table\"><table><tbody><tr><td class=\"has-text-align-center\" data-align=\"center\">Germania<\/td><td class=\"has-text-align-center\" data-align=\"center\">Spagna<\/td><td class=\"has-text-align-center\" data-align=\"center\">Islanda<\/td><td class=\"has-text-align-center\" data-align=\"center\">Polonia<\/td><td class=\"has-text-align-center\" data-align=\"center\">Vaticano<\/td><\/tr><tr><td class=\"has-text-align-center\" data-align=\"center\">Andorra<\/td><td class=\"has-text-align-center\" data-align=\"center\">Estonia<\/td><td class=\"has-text-align-center\" data-align=\"center\">Italia<\/td><td class=\"has-text-align-center\" data-align=\"center\">Portogallo<\/td><td class=\"has-text-align-center\" data-align=\"center\"><strong>Dal 2023 :<\/strong><\/td><\/tr><tr><td class=\"has-text-align-center\" data-align=\"center\">Anguilla<\/td><td class=\"has-text-align-center\" data-align=\"center\">Finlandia<\/td><td class=\"has-text-align-center\" data-align=\"center\">Giappone<\/td><td class=\"has-text-align-center\" data-align=\"center\">Repubblica Ceca<\/td><td class=\"has-text-align-center\" data-align=\"center\"><strong>Antigua e Barbuda<\/strong><\/td><\/tr><tr><td class=\"has-text-align-center\" data-align=\"center\">Australia<\/td><td class=\"has-text-align-center\" data-align=\"center\">Francia<\/td><td class=\"has-text-align-center\" data-align=\"center\">Lettonia<\/td><td class=\"has-text-align-center\" data-align=\"center\">Repubblica di Corea<\/td><td class=\"has-text-align-center\" data-align=\"center\"><strong>Argentina<\/strong><\/td><\/tr><tr><td class=\"has-text-align-center\" data-align=\"center\">Austria<\/td><td class=\"has-text-align-center\" data-align=\"center\">Gibilterra<\/td><td class=\"has-text-align-center\" data-align=\"center\">Liechtenstein<\/td><td class=\"has-text-align-center\" data-align=\"center\">Romania<\/td><td class=\"has-text-align-center\" data-align=\"center\"><strong>Costa Rica<\/strong><\/td><\/tr><tr><td class=\"has-text-align-center\" data-align=\"center\">Bahamas<\/td><td class=\"has-text-align-center\" data-align=\"center\">Grecia<\/td><td class=\"has-text-align-center\" data-align=\"center\">Lituania<\/td><td class=\"has-text-align-center\" data-align=\"center\">UK<\/td><td class=\"has-text-align-center\" data-align=\"center\"><strong>Marocco<\/strong><\/td><\/tr><tr><td class=\"has-text-align-center\" data-align=\"center\">Barbados<\/td><td class=\"has-text-align-center\" data-align=\"center\">Hong Kong<\/td><td class=\"has-text-align-center\" data-align=\"center\">Lussemburgo<\/td><td class=\"has-text-align-center\" data-align=\"center\">Sainte-H\u00e9l\u00e8ne<\/td><td class=\"has-text-align-center\" data-align=\"center\"><strong>Panama<\/strong><\/td><\/tr><tr><td class=\"has-text-align-center\" data-align=\"center\">Belgio<\/td><td class=\"has-text-align-center\" data-align=\"center\">Ungheria<\/td><td class=\"has-text-align-center\" data-align=\"center\">Malta<\/td><td class=\"has-text-align-center\" data-align=\"center\">San Marino<\/td><td class=\"has-text-align-center\" data-align=\"center\"><strong>Filippine<\/strong><\/td><\/tr><tr><td class=\"has-text-align-center\" data-align=\"center\">Bermuda<\/td><td class=\"has-text-align-center\" data-align=\"center\">Isole Cayman<\/td><td class=\"has-text-align-center\" data-align=\"center\">Messico<\/td><td class=\"has-text-align-center\" data-align=\"center\">Samoa<\/td><td class=\"has-text-align-center\" data-align=\"center\"><strong>Saint Kitts e Nevis<\/strong><\/td><\/tr><tr><td class=\"has-text-align-center\" data-align=\"center\">Brunei<\/td><td class=\"has-text-align-center\" data-align=\"center\">Isole Falkland<\/td><td class=\"has-text-align-center\" data-align=\"center\">monaco<\/td><td class=\"has-text-align-center\" data-align=\"center\">Singapore<\/td><td class=\"has-text-align-center\" data-align=\"center\"><strong>Santa Lucia<\/strong><\/td><\/tr><tr><td class=\"has-text-align-center\" data-align=\"center\">Bulgaria<\/td><td class=\"has-text-align-center\" data-align=\"center\">Isole Pitcairn<\/td><td class=\"has-text-align-center\" data-align=\"center\">Montserrat<\/td><td class=\"has-text-align-center\" data-align=\"center\">Slovacchia<\/td><td class=\"has-text-align-center\" data-align=\"center\"><strong>Saint Vincent e Grenadine<\/strong><\/td><\/tr><tr><td class=\"has-text-align-center\" data-align=\"center\">Chile<\/td><td class=\"has-text-align-center\" data-align=\"center\">Isole Salomone<\/td><td class=\"has-text-align-center\" data-align=\"center\">Norvegia<\/td><td class=\"has-text-align-center\" data-align=\"center\">Slovenia<\/td><td class=\"has-text-align-center\" data-align=\"center\"><strong>Seychelles<\/strong><\/td><\/tr><tr><td class=\"has-text-align-center\" data-align=\"center\">Cipro<\/td><td class=\"has-text-align-center\" data-align=\"center\">Isole Turks e Caicos<\/td><td class=\"has-text-align-center\" data-align=\"center\">Nuova Zelanda<\/td><td class=\"has-text-align-center\" data-align=\"center\">Svezia<\/td><td class=\"has-text-align-center\" data-align=\"center\"><strong>Thailandia<\/strong><\/td><\/tr><tr><td class=\"has-text-align-center\" data-align=\"center\">Croazia<\/td><td class=\"has-text-align-center\" data-align=\"center\">Isole Vergini britanniche<\/td><td class=\"has-text-align-center\" data-align=\"center\">Papua Nuova Guinea<\/td><td class=\"has-text-align-center\" data-align=\"center\">svizzero<\/td><td class=\"has-text-align-center\" data-align=\"center\"><strong>Trinidad e Tobago<\/strong><\/td><\/tr><tr><td class=\"has-text-align-center\" data-align=\"center\">Danimarca<\/td><td class=\"has-text-align-center\" data-align=\"center\">Irlanda<\/td><td class=\"has-text-align-center\" data-align=\"center\">Olanda<\/td><td class=\"has-text-align-center\" data-align=\"center\">Taiwan<\/td><td class=\"has-text-align-center\" data-align=\"center\"><strong>Uruguay<\/strong><\/td><\/tr><\/tbody><\/table><figcaption class=\"wp-element-caption\">Elenco dei paesi che beneficiano del programma canadese di esenzione dal visto<\/figcaption><\/figure>\n\n<h2 class=\"wp-block-heading\">Fai una richiesta ufficiale di eTA per il Canada<\/h2>\n\n<p>L&#8217;ETA ufficiale del Canada \u00e8 stata creata dal governo del Canada per semplificare le domande di visto e le richieste di soggiorni pi\u00f9 o meno lunghi di cittadini sul suolo canadese. La domanda eTA per il Canada si effettua solo online; non c&#8217;\u00e8 quindi bisogno di recarsi presso l&#8217;ambasciata o il consolato canadese per ottenerlo, perch\u00e9 non \u00e8 la stessa operazione della domanda di visto.<\/p>\n\n<p>In effetti, il governo canadese ha istituito un sistema di richiesta ed elaborazione solo online. \u00c8 possibile richiedere un&#8217;eTA canadese ufficiale tramite il sito Web di<a href=\"https:\/\/www.canada.ca\/\">  Governo del Canada<\/a> o attraverso siti web indipendenti che vi guideranno attraverso il processo amministrativo e controlleranno i dati forniti per assicurarsi che non vengano commessi errori che potrebbero portare al rifiuto del vostro eTA Canada ufficiale.<\/p>\n\n<p>Quando richiedi un&#8217;eTA canadese ufficiale, ti verr\u00e0 chiesto di completare il modulo eTA.<\/p>\n\n<p>Dovrai inserire varie informazioni e dati personali su di te, come nome, cognome, indirizzo, luogo e data di nascita, occupazione, ecc.<\/p>\n\n<p>In questo <a href=\"https:\/\/ave-eta-canada.com\/it\/completa-il-modulo-eta-per-il-canada\/\">eTA modulo online<\/a>, dovrai anche rispondere a domande sul tuo background: il tuo stato di salute, i tuoi problemi passati con la legge, se ti \u00e8 mai stato rifiutato l&#8217;ingresso in Canada o in un altro paese, ecc.<\/p>\n\n<p>\u00c8 molto importante avere un passaporto valido per richiedere un&#8217;eTA Canada ufficiale, perch\u00e9 l&#8217;eTA \u00e8 collegata al numero del tuo passaporto biometrico o elettronico. Se devi ottenere un nuovo passaporto, dovrai presentare <a href=\"https:\/\/ave-eta-canada.com\/it\/fai-una-domanda-ufficiale-di-eta-canada\/\">una nuova domanda eTA<\/a>.<\/p>\n","protected":false},"excerpt":{"rendered":"<p>Come fare una richiesta ufficiale di eTA per il Canada? Se hai intenzione di fare un viaggio in Canada, dovrai assicurarti di avere i documenti giusti in mano: passaporto, assicurazione, biglietto di andata e ritorno, ma anche la tua autorizzazione al viaggio ufficiale. L&#8217;eTA ufficiale del Canada \u00e8 un documento molto importante per chiunque voglia [&hellip;]<\/p>\n","protected":false},"author":1,"featured_media":0,"parent":0,"menu_order":0,"comment_status":"closed","ping_status":"closed","template":"","meta":{"footnotes":""},"class_list":["post-987","page","type-page","status-publish","hentry"],"yoast_head":"<!-- This site is optimized with the Yoast SEO plugin v26.9 - https:\/\/yoast.com\/product\/yoast-seo-wordpress\/ -->\n<title>Fai una richiesta ufficiale di eTA per il Canada<\/title>\n<meta name=\"description\" content=\"Richiedere un eTA Canada ufficiale sul sito web del governo canadese o su un sito web indipendente sicuro.\" \/>\n<meta name=\"robots\" content=\"index, follow, max-snippet:-1, max-image-preview:large, max-video-preview:-1\" \/>\n<link rel=\"canonical\" href=\"https:\/\/ave-eta-canada.com\/it\/fai-una-domanda-ufficiale-di-eta-canada\/\" \/>\n<meta property=\"og:locale\" content=\"it_IT\" \/>\n<meta property=\"og:type\" content=\"article\" \/>\n<meta property=\"og:title\" content=\"Fai una richiesta ufficiale di eTA per il Canada\" \/>\n<meta property=\"og:description\" content=\"Richiedere un eTA Canada ufficiale sul sito web del governo canadese o su un sito web indipendente sicuro.\" \/>\n<meta property=\"og:url\" content=\"https:\/\/ave-eta-canada.com\/it\/fai-una-domanda-ufficiale-di-eta-canada\/\" \/>\n<meta property=\"og:site_name\" content=\"VISTO CANADA\" \/>\n<meta property=\"article:modified_time\" content=\"2023-04-27T22:08:20+00:00\" \/>\n<meta name=\"twitter:card\" content=\"summary_large_image\" \/>\n<meta name=\"twitter:label1\" content=\"Tempo di lettura stimato\" \/>\n\t<meta name=\"twitter:data1\" content=\"2 minuti\" \/>\n<script type=\"application\/ld+json\" class=\"yoast-schema-graph\">{\"@context\":\"https:\/\/schema.org\",\"@graph\":[{\"@type\":\"WebPage\",\"@id\":\"https:\/\/ave-eta-canada.com\/it\/fai-una-domanda-ufficiale-di-eta-canada\/\",\"url\":\"https:\/\/ave-eta-canada.com\/it\/fai-una-domanda-ufficiale-di-eta-canada\/\",\"name\":\"Fai una richiesta ufficiale di eTA per il Canada\",\"isPartOf\":{\"@id\":\"https:\/\/ave-eta-canada.com\/it\/#website\"},\"datePublished\":\"2020-04-27T08:19:50+00:00\",\"dateModified\":\"2023-04-27T22:08:20+00:00\",\"description\":\"Richiedere un eTA Canada ufficiale sul sito web del governo canadese o su un sito web indipendente sicuro.\",\"breadcrumb\":{\"@id\":\"https:\/\/ave-eta-canada.com\/it\/fai-una-domanda-ufficiale-di-eta-canada\/#breadcrumb\"},\"inLanguage\":\"it-IT\",\"potentialAction\":[{\"@type\":\"ReadAction\",\"target\":[\"https:\/\/ave-eta-canada.com\/it\/fai-una-domanda-ufficiale-di-eta-canada\/\"]}]},{\"@type\":\"BreadcrumbList\",\"@id\":\"https:\/\/ave-eta-canada.com\/it\/fai-una-domanda-ufficiale-di-eta-canada\/#breadcrumb\",\"itemListElement\":[{\"@type\":\"ListItem\",\"position\":1,\"name\":\"Home\",\"item\":\"https:\/\/ave-eta-canada.com\/it\/\"},{\"@type\":\"ListItem\",\"position\":2,\"name\":\"Fai una richiesta ufficiale di eTA per il Canada\"}]},{\"@type\":\"WebSite\",\"@id\":\"https:\/\/ave-eta-canada.com\/it\/#website\",\"url\":\"https:\/\/ave-eta-canada.com\/it\/\",\"name\":\"VISTO CANADA\",\"description\":\"Autorisation Voyage Electronique\",\"potentialAction\":[{\"@type\":\"SearchAction\",\"target\":{\"@type\":\"EntryPoint\",\"urlTemplate\":\"https:\/\/ave-eta-canada.com\/it\/?s={search_term_string}\"},\"query-input\":{\"@type\":\"PropertyValueSpecification\",\"valueRequired\":true,\"valueName\":\"search_term_string\"}}],\"inLanguage\":\"it-IT\"}]}<\/script>\n<!-- \/ Yoast SEO plugin. -->","yoast_head_json":{"title":"Fai una richiesta ufficiale di eTA per il Canada","description":"Richiedere un eTA Canada ufficiale sul sito web del governo canadese o su un sito web indipendente sicuro.","robots":{"index":"index","follow":"follow","max-snippet":"max-snippet:-1","max-image-preview":"max-image-preview:large","max-video-preview":"max-video-preview:-1"},"canonical":"https:\/\/ave-eta-canada.com\/it\/fai-una-domanda-ufficiale-di-eta-canada\/","og_locale":"it_IT","og_type":"article","og_title":"Fai una richiesta ufficiale di eTA per il Canada","og_description":"Richiedere un eTA Canada ufficiale sul sito web del governo canadese o su un sito web indipendente sicuro.","og_url":"https:\/\/ave-eta-canada.com\/it\/fai-una-domanda-ufficiale-di-eta-canada\/","og_site_name":"VISTO CANADA","article_modified_time":"2023-04-27T22:08:20+00:00","twitter_card":"summary_large_image","twitter_misc":{"Tempo di lettura stimato":"2 minuti"},"schema":{"@context":"https:\/\/schema.org","@graph":[{"@type":"WebPage","@id":"https:\/\/ave-eta-canada.com\/it\/fai-una-domanda-ufficiale-di-eta-canada\/","url":"https:\/\/ave-eta-canada.com\/it\/fai-una-domanda-ufficiale-di-eta-canada\/","name":"Fai una richiesta ufficiale di eTA per il Canada","isPartOf":{"@id":"https:\/\/ave-eta-canada.com\/it\/#website"},"datePublished":"2020-04-27T08:19:50+00:00","dateModified":"2023-04-27T22:08:20+00:00","description":"Richiedere un eTA Canada ufficiale sul sito web del governo canadese o su un sito web indipendente sicuro.","breadcrumb":{"@id":"https:\/\/ave-eta-canada.com\/it\/fai-una-domanda-ufficiale-di-eta-canada\/#breadcrumb"},"inLanguage":"it-IT","potentialAction":[{"@type":"ReadAction","target":["https:\/\/ave-eta-canada.com\/it\/fai-una-domanda-ufficiale-di-eta-canada\/"]}]},{"@type":"BreadcrumbList","@id":"https:\/\/ave-eta-canada.com\/it\/fai-una-domanda-ufficiale-di-eta-canada\/#breadcrumb","itemListElement":[{"@type":"ListItem","position":1,"name":"Home","item":"https:\/\/ave-eta-canada.com\/it\/"},{"@type":"ListItem","position":2,"name":"Fai una richiesta ufficiale di eTA per il Canada"}]},{"@type":"WebSite","@id":"https:\/\/ave-eta-canada.com\/it\/#website","url":"https:\/\/ave-eta-canada.com\/it\/","name":"VISTO CANADA","description":"Autorisation Voyage Electronique","potentialAction":[{"@type":"SearchAction","target":{"@type":"EntryPoint","urlTemplate":"https:\/\/ave-eta-canada.com\/it\/?s={search_term_string}"},"query-input":{"@type":"PropertyValueSpecification","valueRequired":true,"valueName":"search_term_string"}}],"inLanguage":"it-IT"}]}},"_links":{"self":[{"href":"https:\/\/ave-eta-canada.com\/it\/wp-json\/wp\/v2\/pages\/987","targetHints":{"allow":["GET"]}}],"collection":[{"href":"https:\/\/ave-eta-canada.com\/it\/wp-json\/wp\/v2\/pages"}],"about":[{"href":"https:\/\/ave-eta-canada.com\/it\/wp-json\/wp\/v2\/types\/page"}],"author":[{"embeddable":true,"href":"https:\/\/ave-eta-canada.com\/it\/wp-json\/wp\/v2\/users\/1"}],"replies":[{"embeddable":true,"href":"https:\/\/ave-eta-canada.com\/it\/wp-json\/wp\/v2\/comments?post=987"}],"version-history":[{"count":0,"href":"https:\/\/ave-eta-canada.com\/it\/wp-json\/wp\/v2\/pages\/987\/revisions"}],"wp:attachment":[{"href":"https:\/\/ave-eta-canada.com\/it\/wp-json\/wp\/v2\/media?parent=987"}],"curies":[{"name":"wp","href":"https:\/\/api.w.org\/{rel}","templated":true}]}}