{"id":991,"date":"2020-04-27T09:19:22","date_gmt":"2020-04-27T09:19:22","guid":{"rendered":"https:\/\/ave-eta-canada.com\/che-cose-eta-canada-2\/"},"modified":"2022-05-17T20:33:10","modified_gmt":"2022-05-17T20:33:10","slug":"che-cose-eta-canada-2","status":"publish","type":"page","link":"https:\/\/ave-eta-canada.com\/it\/che-cose-eta-canada-2\/","title":{"rendered":"Che cos&#8217;\u00e8 l&#8217;ETA canadese?"},"content":{"rendered":"\n<h1 class=\"wp-block-heading\">Cos&#8217;\u00e8 l&#8217;eTA Canada?<\/h1>\n\n<p>La Canada eTA \u00e8 un&#8217;autorizzazione di viaggio elettronica che consente ai cittadini di determinati paesi di viaggiare in Canada in aereo senza richiedere un visto presso l&#8217;ambasciata canadese. Un&#8217;eTA Canada \u00e8 valida per cinque anni e consente di effettuare diversi viaggi turistici fino a sei mesi durante questo periodo. Deve essere utilizzato anche per i transiti sul territorio canadese. <\/p>\n\n<p><strong>Puoi completare le formalit\u00e0 per entrare in Canada<\/strong> direttamente su Internet facendo clic sul <a href=\"https:\/\/ave-eta-canada.com\/it\/modulo-online-eta-canada\/\">modulo online<\/a> . Non \u00e8 necessario ottenere un appuntamento presso l&#8217;ambasciata o il consolato canadese.<\/p>\n\n<p>Si segnala inoltre che l&#8217;eTA Canada \u00e8 un documento legato al passaporto del richiedente, quindi non \u00e8 pi\u00f9 valido una volta scaduto il passaporto. Se ottieni un nuovo passaporto durante i 5 anni di validit\u00e0 dell&#8217;eTA, devi presentare una nuova richiesta di autorizzazione.<\/p>\n\n<h2 class=\"wp-block-heading\">Chi pu\u00f2 richiedere un&#8217;eTA Canada?<\/h2>\n\n<p>Una <a href=\"https:\/\/ave-eta-canada.com\/it\/\">domanda eTA per<\/a> il Canada pu\u00f2 essere presentata da cittadini di paesi aventi diritto all&#8217;esenzione dal visto e che desiderano viaggiare in Canada in aereo.<\/p>\n\n<h3 class=\"wp-block-heading\">Elenco dei paesi che possono richiedere un&#8217;eTA Canada<\/h3>\n\n<figure class=\"wp-block-table\"><table><tbody><tr><td class=\"has-text-align-center\" data-align=\"center\">Germania<\/td><td class=\"has-text-align-center\" data-align=\"center\">Spagna<\/td><td class=\"has-text-align-center\" data-align=\"center\">Islanda<\/td><td class=\"has-text-align-center\" data-align=\"center\">Polonia<\/td><td class=\"has-text-align-center\" data-align=\"center\">Vaticano<\/td><\/tr><tr><td class=\"has-text-align-center\" data-align=\"center\">Andorra<\/td><td class=\"has-text-align-center\" data-align=\"center\">Estonia<\/td><td class=\"has-text-align-center\" data-align=\"center\">Italia<\/td><td class=\"has-text-align-center\" data-align=\"center\">Portogallo<\/td><td class=\"has-text-align-center\" data-align=\"center\"><strong>Dal 2023 :<\/strong><\/td><\/tr><tr><td class=\"has-text-align-center\" data-align=\"center\">Anguilla<\/td><td class=\"has-text-align-center\" data-align=\"center\">Finlandia<\/td><td class=\"has-text-align-center\" data-align=\"center\">Giappone<\/td><td class=\"has-text-align-center\" data-align=\"center\">Repubblica Ceca<\/td><td class=\"has-text-align-center\" data-align=\"center\"><strong>Antigua e Barbuda<\/strong><\/td><\/tr><tr><td class=\"has-text-align-center\" data-align=\"center\">Australia<\/td><td class=\"has-text-align-center\" data-align=\"center\">Francia<\/td><td class=\"has-text-align-center\" data-align=\"center\">Lettonia<\/td><td class=\"has-text-align-center\" data-align=\"center\">Repubblica di Corea<\/td><td class=\"has-text-align-center\" data-align=\"center\"><strong>Argentina<\/strong><\/td><\/tr><tr><td class=\"has-text-align-center\" data-align=\"center\">Austria<\/td><td class=\"has-text-align-center\" data-align=\"center\">Gibilterra<\/td><td class=\"has-text-align-center\" data-align=\"center\">Liechtenstein<\/td><td class=\"has-text-align-center\" data-align=\"center\">Romania<\/td><td class=\"has-text-align-center\" data-align=\"center\"><strong>Costa Rica<\/strong><\/td><\/tr><tr><td class=\"has-text-align-center\" data-align=\"center\">Bahamas<\/td><td class=\"has-text-align-center\" data-align=\"center\">Grecia<\/td><td class=\"has-text-align-center\" data-align=\"center\">Lituania<\/td><td class=\"has-text-align-center\" data-align=\"center\">UK<\/td><td class=\"has-text-align-center\" data-align=\"center\"><strong>Marocco<\/strong><\/td><\/tr><tr><td class=\"has-text-align-center\" data-align=\"center\">Barbados<\/td><td class=\"has-text-align-center\" data-align=\"center\">Hong Kong<\/td><td class=\"has-text-align-center\" data-align=\"center\">Lussemburgo<\/td><td class=\"has-text-align-center\" data-align=\"center\">Sainte-H\u00e9l\u00e8ne<\/td><td class=\"has-text-align-center\" data-align=\"center\"><strong>Panama<\/strong><\/td><\/tr><tr><td class=\"has-text-align-center\" data-align=\"center\">Belgio<\/td><td class=\"has-text-align-center\" data-align=\"center\">Ungheria<\/td><td class=\"has-text-align-center\" data-align=\"center\">Malta<\/td><td class=\"has-text-align-center\" data-align=\"center\">San Marino<\/td><td class=\"has-text-align-center\" data-align=\"center\"><strong>Filippine<\/strong><\/td><\/tr><tr><td class=\"has-text-align-center\" data-align=\"center\">Bermuda<\/td><td class=\"has-text-align-center\" data-align=\"center\">Isole Cayman<\/td><td class=\"has-text-align-center\" data-align=\"center\">Messico<\/td><td class=\"has-text-align-center\" data-align=\"center\">Samoa<\/td><td class=\"has-text-align-center\" data-align=\"center\"><strong>Saint Kitts e Nevis<\/strong><\/td><\/tr><tr><td class=\"has-text-align-center\" data-align=\"center\">Brunei<\/td><td class=\"has-text-align-center\" data-align=\"center\">Isole Falkland<\/td><td class=\"has-text-align-center\" data-align=\"center\">monaco<\/td><td class=\"has-text-align-center\" data-align=\"center\">Singapore<\/td><td class=\"has-text-align-center\" data-align=\"center\"><strong>Santa Lucia<\/strong><\/td><\/tr><tr><td class=\"has-text-align-center\" data-align=\"center\">Bulgaria<\/td><td class=\"has-text-align-center\" data-align=\"center\">Isole Pitcairn<\/td><td class=\"has-text-align-center\" data-align=\"center\">Montserrat<\/td><td class=\"has-text-align-center\" data-align=\"center\">Slovacchia<\/td><td class=\"has-text-align-center\" data-align=\"center\"><strong>Saint Vincent e Grenadine<\/strong><\/td><\/tr><tr><td class=\"has-text-align-center\" data-align=\"center\">Chile<\/td><td class=\"has-text-align-center\" data-align=\"center\">Isole Salomone<\/td><td class=\"has-text-align-center\" data-align=\"center\">Norvegia<\/td><td class=\"has-text-align-center\" data-align=\"center\">Slovenia<\/td><td class=\"has-text-align-center\" data-align=\"center\"><strong>Seychelles<\/strong><\/td><\/tr><tr><td class=\"has-text-align-center\" data-align=\"center\">Cipro<\/td><td class=\"has-text-align-center\" data-align=\"center\">Isole Turks e Caicos<\/td><td class=\"has-text-align-center\" data-align=\"center\">Nuova Zelanda<\/td><td class=\"has-text-align-center\" data-align=\"center\">Svezia<\/td><td class=\"has-text-align-center\" data-align=\"center\"><strong>Thailandia<\/strong><\/td><\/tr><tr><td class=\"has-text-align-center\" data-align=\"center\">Croazia<\/td><td class=\"has-text-align-center\" data-align=\"center\">Isole Vergini britanniche<\/td><td class=\"has-text-align-center\" data-align=\"center\">Papua Nuova Guinea<\/td><td class=\"has-text-align-center\" data-align=\"center\">svizzero<\/td><td class=\"has-text-align-center\" data-align=\"center\"><strong>Trinidad e Tobago<\/strong><\/td><\/tr><tr><td class=\"has-text-align-center\" data-align=\"center\">Danimarca<\/td><td class=\"has-text-align-center\" data-align=\"center\">Irlanda<\/td><td class=\"has-text-align-center\" data-align=\"center\">Olanda<\/td><td class=\"has-text-align-center\" data-align=\"center\">Taiwan<\/td><td class=\"has-text-align-center\" data-align=\"center\"><strong>Uruguay<\/strong><\/td><\/tr><\/tbody><\/table><figcaption class=\"wp-element-caption\">Elenco dei paesi che beneficiano del programma canadese di esenzione dal visto<\/figcaption><\/figure>\n\n<p><strong>*a determinate condizioni<\/strong><\/p>\n\n<p>I cittadini di questi paesi possono richiedere un AVE per il loro soggiorno turistico fino a 6 mesi. Per ogni altro caso \u00e8 necessaria una <a href=\"https:\/\/www.canada.ca\/fr\/immigration-refugies-citoyennete\/services\/visiter-canada\/demande-visa-visiteur.html\">richiesta di visto canadese<\/a> (ad esempio per lavorare l\u00ec, per studiare o per svolgere uno stage in Canada).<\/p>\n\n<h2 class=\"wp-block-heading\">Dove richiedere l&#8217;eTA Canada?<\/h2>\n\n<p>Per completare la tua richiesta eTA per il Canada, vai semplicemente sul sito Web ufficiale del governo canadese o utilizza un sito indipendente, come quello del nostro partner, che completer\u00e0 la richiesta per te. L&#8217;applicazione eTA pu\u00f2 essere effettuata solo online. Quindi non devi andare all&#8217;ambasciata canadese per ottenerlo.<\/p>\n\n<p>Sul sito Web ufficiale del governo, devi inserire vari dati su di te, come nome e cognome, nazionalit\u00e0, luogo di nascita, dettagli di contatto, ecc. Verranno inoltre richiesti i dati del tuo passaporto: numero di passaporto, data di rilascio e paese di rilascio, data di scadenza, ecc.<\/p>\n\n<p>Devi anche rispondere a una serie di domande relative al tuo passato, ad esempio se il governo canadese ti ha mai negato un visto o un permesso di lavoro in passato o se ti \u00e8 stato ordinato di lasciare il paese, se ti \u00e8 stata diagnosticata la tubercolosi o se soffri di alcolismo.<\/p>\n\n<p>Nota: se hai <a href=\"https:\/\/ave-eta-canada.com\/it\/cosa-fare-in-caso-di-perdita-del-numero-eta-canada\/\">perso la tua eTA Canada<\/a> , \u00e8 possibile recuperarla sul sito ufficiale del governo canadese. Per maggiori informazioni, consultare l&#8217;articolo dedicato a questo argomento. <\/p>\n\n<p>Su un sito privato, il modulo di domanda \u00e8 semplificato e verr\u00e0 verificato da un team di professionisti prima della convalida. Ti assicuriamo che l&#8217;eTA ricevuta sar\u00e0 ufficiale quanto un&#8217;autorizzazione richiesta sul sito ufficiale. La differenza si basa semplicemente sull&#8217;assistenza che ti viene offerta per aiutarti in questo processo e ridurre il rischio di rifiuto. In effetti, la maggior parte dei rifiuti di autorizzazione al viaggio sono dovuti a un errore di battitura, un errore di battitura o un errore nel numero del passaporto.<\/p>\n","protected":false},"excerpt":{"rendered":"<p>Cos&#8217;\u00e8 l&#8217;eTA Canada? La Canada eTA \u00e8 un&#8217;autorizzazione di viaggio elettronica che consente ai cittadini di determinati paesi di viaggiare in Canada in aereo senza richiedere un visto presso l&#8217;ambasciata canadese. Un&#8217;eTA Canada \u00e8 valida per cinque anni e consente di effettuare diversi viaggi turistici fino a sei mesi durante questo periodo. Deve essere utilizzato [&hellip;]<\/p>\n","protected":false},"author":1,"featured_media":0,"parent":0,"menu_order":0,"comment_status":"closed","ping_status":"closed","template":"","meta":{"footnotes":""},"class_list":["post-991","page","type-page","status-publish","hentry"],"yoast_head":"<!-- This site is optimized with the Yoast SEO plugin v26.9 - https:\/\/yoast.com\/product\/yoast-seo-wordpress\/ -->\n<title>Che cos&#039;\u00e8 l&#039;ETA canadese?<\/title>\n<meta name=\"description\" content=\"La Canada eTA \u00e8 un&#039;autorizzazione di viaggio elettronica che consente a determinati viaggiatori di recarsi in Canada senza visto. Scopri il nostro articolo.\" \/>\n<meta name=\"robots\" content=\"index, follow, max-snippet:-1, max-image-preview:large, max-video-preview:-1\" \/>\n<link rel=\"canonical\" href=\"https:\/\/ave-eta-canada.com\/it\/che-cose-eta-canada-2\/\" \/>\n<meta property=\"og:locale\" content=\"it_IT\" \/>\n<meta property=\"og:type\" content=\"article\" \/>\n<meta property=\"og:title\" content=\"Che cos&#039;\u00e8 l&#039;ETA canadese?\" \/>\n<meta property=\"og:description\" content=\"La Canada eTA \u00e8 un&#039;autorizzazione di viaggio elettronica che consente a determinati viaggiatori di recarsi in Canada senza visto. Scopri il nostro articolo.\" \/>\n<meta property=\"og:url\" content=\"https:\/\/ave-eta-canada.com\/it\/che-cose-eta-canada-2\/\" \/>\n<meta property=\"og:site_name\" content=\"VISTO CANADA\" \/>\n<meta property=\"article:modified_time\" content=\"2022-05-17T20:33:10+00:00\" \/>\n<meta name=\"twitter:card\" content=\"summary_large_image\" \/>\n<meta name=\"twitter:label1\" content=\"Tempo di lettura stimato\" \/>\n\t<meta name=\"twitter:data1\" content=\"2 minuti\" \/>\n<script type=\"application\/ld+json\" class=\"yoast-schema-graph\">{\"@context\":\"https:\/\/schema.org\",\"@graph\":[{\"@type\":\"WebPage\",\"@id\":\"https:\/\/ave-eta-canada.com\/it\/che-cose-eta-canada-2\/\",\"url\":\"https:\/\/ave-eta-canada.com\/it\/che-cose-eta-canada-2\/\",\"name\":\"Che cos'\u00e8 l'ETA canadese?\",\"isPartOf\":{\"@id\":\"https:\/\/ave-eta-canada.com\/it\/#website\"},\"datePublished\":\"2020-04-27T09:19:22+00:00\",\"dateModified\":\"2022-05-17T20:33:10+00:00\",\"description\":\"La Canada eTA \u00e8 un'autorizzazione di viaggio elettronica che consente a determinati viaggiatori di recarsi in Canada senza visto. Scopri il nostro articolo.\",\"breadcrumb\":{\"@id\":\"https:\/\/ave-eta-canada.com\/it\/che-cose-eta-canada-2\/#breadcrumb\"},\"inLanguage\":\"it-IT\",\"potentialAction\":[{\"@type\":\"ReadAction\",\"target\":[\"https:\/\/ave-eta-canada.com\/it\/che-cose-eta-canada-2\/\"]}]},{\"@type\":\"BreadcrumbList\",\"@id\":\"https:\/\/ave-eta-canada.com\/it\/che-cose-eta-canada-2\/#breadcrumb\",\"itemListElement\":[{\"@type\":\"ListItem\",\"position\":1,\"name\":\"Home\",\"item\":\"https:\/\/ave-eta-canada.com\/it\/\"},{\"@type\":\"ListItem\",\"position\":2,\"name\":\"Che cos&#8217;\u00e8 l&#8217;ETA canadese?\"}]},{\"@type\":\"WebSite\",\"@id\":\"https:\/\/ave-eta-canada.com\/it\/#website\",\"url\":\"https:\/\/ave-eta-canada.com\/it\/\",\"name\":\"VISTO CANADA\",\"description\":\"Autorisation Voyage Electronique\",\"potentialAction\":[{\"@type\":\"SearchAction\",\"target\":{\"@type\":\"EntryPoint\",\"urlTemplate\":\"https:\/\/ave-eta-canada.com\/it\/?s={search_term_string}\"},\"query-input\":{\"@type\":\"PropertyValueSpecification\",\"valueRequired\":true,\"valueName\":\"search_term_string\"}}],\"inLanguage\":\"it-IT\"}]}<\/script>\n<!-- \/ Yoast SEO plugin. -->","yoast_head_json":{"title":"Che cos'\u00e8 l'ETA canadese?","description":"La Canada eTA \u00e8 un'autorizzazione di viaggio elettronica che consente a determinati viaggiatori di recarsi in Canada senza visto. Scopri il nostro articolo.","robots":{"index":"index","follow":"follow","max-snippet":"max-snippet:-1","max-image-preview":"max-image-preview:large","max-video-preview":"max-video-preview:-1"},"canonical":"https:\/\/ave-eta-canada.com\/it\/che-cose-eta-canada-2\/","og_locale":"it_IT","og_type":"article","og_title":"Che cos'\u00e8 l'ETA canadese?","og_description":"La Canada eTA \u00e8 un'autorizzazione di viaggio elettronica che consente a determinati viaggiatori di recarsi in Canada senza visto. Scopri il nostro articolo.","og_url":"https:\/\/ave-eta-canada.com\/it\/che-cose-eta-canada-2\/","og_site_name":"VISTO CANADA","article_modified_time":"2022-05-17T20:33:10+00:00","twitter_card":"summary_large_image","twitter_misc":{"Tempo di lettura stimato":"2 minuti"},"schema":{"@context":"https:\/\/schema.org","@graph":[{"@type":"WebPage","@id":"https:\/\/ave-eta-canada.com\/it\/che-cose-eta-canada-2\/","url":"https:\/\/ave-eta-canada.com\/it\/che-cose-eta-canada-2\/","name":"Che cos'\u00e8 l'ETA canadese?","isPartOf":{"@id":"https:\/\/ave-eta-canada.com\/it\/#website"},"datePublished":"2020-04-27T09:19:22+00:00","dateModified":"2022-05-17T20:33:10+00:00","description":"La Canada eTA \u00e8 un'autorizzazione di viaggio elettronica che consente a determinati viaggiatori di recarsi in Canada senza visto. Scopri il nostro articolo.","breadcrumb":{"@id":"https:\/\/ave-eta-canada.com\/it\/che-cose-eta-canada-2\/#breadcrumb"},"inLanguage":"it-IT","potentialAction":[{"@type":"ReadAction","target":["https:\/\/ave-eta-canada.com\/it\/che-cose-eta-canada-2\/"]}]},{"@type":"BreadcrumbList","@id":"https:\/\/ave-eta-canada.com\/it\/che-cose-eta-canada-2\/#breadcrumb","itemListElement":[{"@type":"ListItem","position":1,"name":"Home","item":"https:\/\/ave-eta-canada.com\/it\/"},{"@type":"ListItem","position":2,"name":"Che cos&#8217;\u00e8 l&#8217;ETA canadese?"}]},{"@type":"WebSite","@id":"https:\/\/ave-eta-canada.com\/it\/#website","url":"https:\/\/ave-eta-canada.com\/it\/","name":"VISTO CANADA","description":"Autorisation Voyage Electronique","potentialAction":[{"@type":"SearchAction","target":{"@type":"EntryPoint","urlTemplate":"https:\/\/ave-eta-canada.com\/it\/?s={search_term_string}"},"query-input":{"@type":"PropertyValueSpecification","valueRequired":true,"valueName":"search_term_string"}}],"inLanguage":"it-IT"}]}},"_links":{"self":[{"href":"https:\/\/ave-eta-canada.com\/it\/wp-json\/wp\/v2\/pages\/991","targetHints":{"allow":["GET"]}}],"collection":[{"href":"https:\/\/ave-eta-canada.com\/it\/wp-json\/wp\/v2\/pages"}],"about":[{"href":"https:\/\/ave-eta-canada.com\/it\/wp-json\/wp\/v2\/types\/page"}],"author":[{"embeddable":true,"href":"https:\/\/ave-eta-canada.com\/it\/wp-json\/wp\/v2\/users\/1"}],"replies":[{"embeddable":true,"href":"https:\/\/ave-eta-canada.com\/it\/wp-json\/wp\/v2\/comments?post=991"}],"version-history":[{"count":0,"href":"https:\/\/ave-eta-canada.com\/it\/wp-json\/wp\/v2\/pages\/991\/revisions"}],"wp:attachment":[{"href":"https:\/\/ave-eta-canada.com\/it\/wp-json\/wp\/v2\/media?parent=991"}],"curies":[{"name":"wp","href":"https:\/\/api.w.org\/{rel}","templated":true}]}}