{"id":3953,"date":"2023-04-18T14:38:20","date_gmt":"2023-04-18T14:38:20","guid":{"rendered":"https:\/\/ave-eta-canada.com\/hva-er-vaske-canada\/"},"modified":"2023-05-01T12:18:05","modified_gmt":"2023-05-01T12:18:05","slug":"hva-er-canada-eta","status":"publish","type":"page","link":"https:\/\/ave-eta-canada.com\/no\/hva-er-canada-eta\/","title":{"rendered":"Hva er Canada eTA?"},"content":{"rendered":"\n<h1 class=\"wp-block-heading\">Hva er eTA Canada?<\/h1>\n\n<p>Canada eTA er en elektronisk reiseautorisasjon som lar statsborgere fra visse land reise til Canada med fly uten \u00e5 s\u00f8ke om visum ved den kanadiske ambassaden. En eTA Canada er gyldig i fem \u00e5r og lar deg foreta flere turistreiser p\u00e5 opptil seks m\u00e5neder i l\u00f8pet av denne perioden. Den m\u00e5 ogs\u00e5 brukes til transitt p\u00e5 kanadisk territorium. <\/p>\n\n<p><strong>Du kan utf\u00f8re formalitetene for \u00e5 komme inn i Canada<\/strong> direkte p\u00e5 Internett ved \u00e5 klikke p\u00e5 <a href=\"https:\/\/ave-eta-canada.com\/no\/canada-eta-skjema-online\/\">nettskjemaet<\/a>. Det er ikke n\u00f8dvendig \u00e5 f\u00e5 time ved den kanadiske ambassaden eller konsulatet.<\/p>\n\n<p>Det b\u00f8r ogs\u00e5 bemerkes at Canada eTA er et dokument knyttet til s\u00f8kerens pass, s\u00e5 det er ikke lenger gyldig n\u00e5r passet har utl\u00f8pt. Hvis du skaffer deg et nytt pass i l\u00f8pet av eTA ens 5 \u00e5r, m\u00e5 du sende inn en ny autorisasjonsforesp\u00f8rsel.<\/p>\n\n<h2 class=\"wp-block-heading\">Hvem kan s\u00f8ke om en Canada eTA?<\/h2>\n\n<p>En Canada <a href=\"https:\/\/ave-eta-canada.com\/no\/\">eTA-s\u00f8knad<\/a> kan gj\u00f8res av statsborgere fra land som har rett til visumfritak og som \u00f8nsker \u00e5 reise til Canada med fly.<\/p>\n\n<h3 class=\"wp-block-heading\">Liste over land som kan s\u00f8ke om en eTA Canada<\/h3>\n\n<figure class=\"wp-block-table\"><table><tbody><tr><td class=\"has-text-align-center\" data-align=\"center\">Tyskland<\/td><td class=\"has-text-align-center\" data-align=\"center\">Spania<\/td><td class=\"has-text-align-center\" data-align=\"center\">Island<\/td><td class=\"has-text-align-center\" data-align=\"center\">Polen<\/td><td class=\"has-text-align-center\" data-align=\"center\">Vatikanet<\/td><\/tr><tr><td class=\"has-text-align-center\" data-align=\"center\">Andorra<\/td><td class=\"has-text-align-center\" data-align=\"center\">Estland<\/td><td class=\"has-text-align-center\" data-align=\"center\">Italia<\/td><td class=\"has-text-align-center\" data-align=\"center\">Portugal<\/td><td class=\"has-text-align-center\" data-align=\"center\"><strong>Siden 2023:<\/strong><\/td><\/tr><tr><td class=\"has-text-align-center\" data-align=\"center\">Anguilla<\/td><td class=\"has-text-align-center\" data-align=\"center\">Finland<\/td><td class=\"has-text-align-center\" data-align=\"center\">Japan<\/td><td class=\"has-text-align-center\" data-align=\"center\">Tsjekkisk Republikk<\/td><td class=\"has-text-align-center\" data-align=\"center\"><strong>Antigua og Barbuda<\/strong><\/td><\/tr><tr><td class=\"has-text-align-center\" data-align=\"center\">Australia<\/td><td class=\"has-text-align-center\" data-align=\"center\">Frankrike<\/td><td class=\"has-text-align-center\" data-align=\"center\">Latvia<\/td><td class=\"has-text-align-center\" data-align=\"center\">Republikken, Korea<\/td><td class=\"has-text-align-center\" data-align=\"center\"><strong>Argentina<\/strong><\/td><\/tr><tr><td class=\"has-text-align-center\" data-align=\"center\">\u00d8sterrike<\/td><td class=\"has-text-align-center\" data-align=\"center\">Gibraltar<\/td><td class=\"has-text-align-center\" data-align=\"center\">Liechtenstein<\/td><td class=\"has-text-align-center\" data-align=\"center\">Romania<\/td><td class=\"has-text-align-center\" data-align=\"center\"><strong>Costa Rica<\/strong><\/td><\/tr><tr><td class=\"has-text-align-center\" data-align=\"center\">bahamansk<\/td><td class=\"has-text-align-center\" data-align=\"center\">Hellas<\/td><td class=\"has-text-align-center\" data-align=\"center\">Litauen<\/td><td class=\"has-text-align-center\" data-align=\"center\">Storbritannia<\/td><td class=\"has-text-align-center\" data-align=\"center\"><strong>Marokko<\/strong><\/td><\/tr><tr><td class=\"has-text-align-center\" data-align=\"center\">Barbados<\/td><td class=\"has-text-align-center\" data-align=\"center\">hong kong<\/td><td class=\"has-text-align-center\" data-align=\"center\">Luxemburg<\/td><td class=\"has-text-align-center\" data-align=\"center\">Saint Helena<\/td><td class=\"has-text-align-center\" data-align=\"center\"><strong>Panama<\/strong><\/td><\/tr><tr><td class=\"has-text-align-center\" data-align=\"center\">Belgia<\/td><td class=\"has-text-align-center\" data-align=\"center\">Ungarn<\/td><td class=\"has-text-align-center\" data-align=\"center\">Malta<\/td><td class=\"has-text-align-center\" data-align=\"center\">San Marino<\/td><td class=\"has-text-align-center\" data-align=\"center\"><strong>Filippinene<\/strong><\/td><\/tr><tr><td class=\"has-text-align-center\" data-align=\"center\">Bermuda<\/td><td class=\"has-text-align-center\" data-align=\"center\">Cayman\u00f8yene<\/td><td class=\"has-text-align-center\" data-align=\"center\">Mexico<\/td><td class=\"has-text-align-center\" data-align=\"center\">Samoa<\/td><td class=\"has-text-align-center\" data-align=\"center\"><strong>Saint Kitts og Nevis<\/strong><\/td><\/tr><tr><td class=\"has-text-align-center\" data-align=\"center\">Brunei<\/td><td class=\"has-text-align-center\" data-align=\"center\">Falklands\u00f8yene<\/td><td class=\"has-text-align-center\" data-align=\"center\">monaco<\/td><td class=\"has-text-align-center\" data-align=\"center\">Singapore<\/td><td class=\"has-text-align-center\" data-align=\"center\"><strong>St. LUCIA<\/strong><\/td><\/tr><tr><td class=\"has-text-align-center\" data-align=\"center\">Bulgaria<\/td><td class=\"has-text-align-center\" data-align=\"center\">Pitcairn\u00f8yene<\/td><td class=\"has-text-align-center\" data-align=\"center\">Montserrat<\/td><td class=\"has-text-align-center\" data-align=\"center\">Slovakia<\/td><td class=\"has-text-align-center\" data-align=\"center\"><strong>Saint Vincent og Grenadinene<\/strong><\/td><\/tr><tr><td class=\"has-text-align-center\" data-align=\"center\">Chile<\/td><td class=\"has-text-align-center\" data-align=\"center\">Solomon \u00f8yene<\/td><td class=\"has-text-align-center\" data-align=\"center\">Norge<\/td><td class=\"has-text-align-center\" data-align=\"center\">Slovenia<\/td><td class=\"has-text-align-center\" data-align=\"center\"><strong>Seychellene<\/strong><\/td><\/tr><tr><td class=\"has-text-align-center\" data-align=\"center\">Kypros<\/td><td class=\"has-text-align-center\" data-align=\"center\">Turks- og Caicos\u00f8yene<\/td><td class=\"has-text-align-center\" data-align=\"center\">New Zealand<\/td><td class=\"has-text-align-center\" data-align=\"center\">Sverige<\/td><td class=\"has-text-align-center\" data-align=\"center\"><strong>Thailand<\/strong><\/td><\/tr><tr><td class=\"has-text-align-center\" data-align=\"center\">Kroatia<\/td><td class=\"has-text-align-center\" data-align=\"center\">De britiske jomfru\u00f8yene<\/td><td class=\"has-text-align-center\" data-align=\"center\">Papua Ny-Guinea<\/td><td class=\"has-text-align-center\" data-align=\"center\">sveitsisk<\/td><td class=\"has-text-align-center\" data-align=\"center\"><strong>Trinidad og Tobago<\/strong><\/td><\/tr><tr><td class=\"has-text-align-center\" data-align=\"center\">Danmark<\/td><td class=\"has-text-align-center\" data-align=\"center\">Irland<\/td><td class=\"has-text-align-center\" data-align=\"center\">Nederland<\/td><td class=\"has-text-align-center\" data-align=\"center\">Taiwan<\/td><td class=\"has-text-align-center\" data-align=\"center\"><strong>Uruguay<\/strong><\/td><\/tr><\/tbody><\/table><figcaption class=\"wp-element-caption\">Liste over land som drar nytte av det kanadiske visumfritaksprogrammet<\/figcaption><\/figure>\n\n<p><strong>*under visse betingelser<\/strong><\/p>\n\n<p>Statsborgere fra disse landene er kvalifisert til \u00e5 s\u00f8ke om en eTA for deres turistopphold p\u00e5 opptil 6 m\u00e5neder. For alle andre tilfeller kreves det en <a href=\"https:\/\/www.canada.ca\/en\/immigration-refugees-citizenship\/services\/visit-canada\/apply-visitor-visa.html\">s\u00f8knad om kanadisk visum<\/a> (for eksempel for \u00e5 jobbe der, studere eller gjennomf\u00f8re et internship i Canada).<\/p>\n\n<h2 class=\"wp-block-heading\">Hvor kan man s\u00f8ke om Canada eTA?<\/h2>\n\n<p>For \u00e5 fullf\u00f8re din Canada eTA-foresp\u00f8rsel, g\u00e5 ganske enkelt til den offisielle kanadiske regjeringens nettside eller bruk et uavhengig nettsted, for eksempel det til v\u00e5r partner, som vil fullf\u00f8re foresp\u00f8rselen for deg. eTA-s\u00f8knaden kan kun gj\u00f8res online. S\u00e5 du trenger ikke g\u00e5 til den kanadiske ambassaden for \u00e5 f\u00e5 den.<\/p>\n\n<p>P\u00e5 den offisielle nettsiden til myndighetene m\u00e5 du legge inn ulike data om deg selv, som for- og etternavn, nasjonalitet, f\u00f8dested, kontaktinformasjon osv. Passdataene dine vil ogs\u00e5 bli forespurt: passnummer, utstedelsesdato og utstedelsesland, utl\u00f8psdato osv.<\/p>\n\n<p>Du m\u00e5 ogs\u00e5 svare p\u00e5 en rekke sp\u00f8rsm\u00e5l knyttet til din bakgrunn, for eksempel om den kanadiske regjeringen noen gang har nektet deg visum eller arbeidstillatelse tidligere eller om du har blitt beordret til \u00e5 forlate landet, om du har f\u00e5tt diagnosen tuberkulose eller hvis du lider av alkoholisme.<\/p>\n\n<p>Merk: hvis du har <a href=\"https:\/\/ave-eta-canada.com\/no\/mistet-eta-nummer-canada\/\">mistet din Canada eTA<\/a>, er det mulig \u00e5 gjenopprette den p\u00e5 den offisielle nettsiden til den kanadiske regjeringen. For mer informasjon, se artikkelen dedikert til dette emnet. <\/p>\n\n<p>P\u00e5 et privat nettsted er s\u00f8knadsskjemaet forenklet og vil bli sjekket av et team av fagfolk f\u00f8r validering. V\u00e6r trygg p\u00e5 at eTA-en som mottas vil v\u00e6re like offisiell som en autorisasjon forespurt p\u00e5 den offisielle nettsiden. Forskjellen er ganske enkelt basert p\u00e5 den hjelpen som tilbys deg for \u00e5 hjelpe deg i denne prosessen og redusere risikoen for avslag. De fleste avslag p\u00e5 reiseautorisasjon skyldes faktisk en skrivefeil, en skrivefeil eller en feil i passnummeret.<\/p>\n","protected":false},"excerpt":{"rendered":"<p>Hva er eTA Canada? Canada eTA er en elektronisk reiseautorisasjon som lar statsborgere fra visse land reise til Canada med fly uten \u00e5 s\u00f8ke om visum ved den kanadiske ambassaden. En eTA Canada er gyldig i fem \u00e5r og lar deg foreta flere turistreiser p\u00e5 opptil seks m\u00e5neder i l\u00f8pet av denne perioden. Den m\u00e5 [&hellip;]<\/p>\n","protected":false},"author":1,"featured_media":0,"parent":0,"menu_order":0,"comment_status":"closed","ping_status":"closed","template":"","meta":{"footnotes":""},"class_list":["post-3953","page","type-page","status-publish","hentry"],"yoast_head":"<!-- This site is optimized with the Yoast SEO plugin v26.9 - https:\/\/yoast.com\/product\/yoast-seo-wordpress\/ -->\n<title>Hva er Canada eTA?<\/title>\n<meta name=\"description\" content=\"Canada eTA er en elektronisk reiseautorisasjon som lar enkelte reisende reise til Canada uten visum. Oppdag artikkelen v\u00e5r.\" \/>\n<meta name=\"robots\" content=\"index, follow, max-snippet:-1, max-image-preview:large, max-video-preview:-1\" \/>\n<link rel=\"canonical\" href=\"https:\/\/ave-eta-canada.com\/no\/hva-er-canada-eta\/\" \/>\n<meta property=\"og:locale\" content=\"nb_NO\" \/>\n<meta property=\"og:type\" content=\"article\" \/>\n<meta property=\"og:title\" content=\"Hva er Canada eTA?\" \/>\n<meta property=\"og:description\" content=\"Canada eTA er en elektronisk reiseautorisasjon som lar enkelte reisende reise til Canada uten visum. Oppdag artikkelen v\u00e5r.\" \/>\n<meta property=\"og:url\" content=\"https:\/\/ave-eta-canada.com\/no\/hva-er-canada-eta\/\" \/>\n<meta property=\"og:site_name\" content=\"VISA CANADA\" \/>\n<meta property=\"article:modified_time\" content=\"2023-05-01T12:18:05+00:00\" \/>\n<meta name=\"twitter:card\" content=\"summary_large_image\" \/>\n<meta name=\"twitter:label1\" content=\"Ansl. lesetid\" \/>\n\t<meta name=\"twitter:data1\" content=\"2 minutter\" \/>\n<script type=\"application\/ld+json\" class=\"yoast-schema-graph\">{\"@context\":\"https:\/\/schema.org\",\"@graph\":[{\"@type\":\"WebPage\",\"@id\":\"https:\/\/ave-eta-canada.com\/no\/hva-er-canada-eta\/\",\"url\":\"https:\/\/ave-eta-canada.com\/no\/hva-er-canada-eta\/\",\"name\":\"Hva er Canada eTA?\",\"isPartOf\":{\"@id\":\"https:\/\/ave-eta-canada.com\/no\/#website\"},\"datePublished\":\"2023-04-18T14:38:20+00:00\",\"dateModified\":\"2023-05-01T12:18:05+00:00\",\"description\":\"Canada eTA er en elektronisk reiseautorisasjon som lar enkelte reisende reise til Canada uten visum. Oppdag artikkelen v\u00e5r.\",\"breadcrumb\":{\"@id\":\"https:\/\/ave-eta-canada.com\/no\/hva-er-canada-eta\/#breadcrumb\"},\"inLanguage\":\"nb-NO\",\"potentialAction\":[{\"@type\":\"ReadAction\",\"target\":[\"https:\/\/ave-eta-canada.com\/no\/hva-er-canada-eta\/\"]}]},{\"@type\":\"BreadcrumbList\",\"@id\":\"https:\/\/ave-eta-canada.com\/no\/hva-er-canada-eta\/#breadcrumb\",\"itemListElement\":[{\"@type\":\"ListItem\",\"position\":1,\"name\":\"Home\",\"item\":\"https:\/\/ave-eta-canada.com\/no\/\"},{\"@type\":\"ListItem\",\"position\":2,\"name\":\"Hva er Canada eTA?\"}]},{\"@type\":\"WebSite\",\"@id\":\"https:\/\/ave-eta-canada.com\/no\/#website\",\"url\":\"https:\/\/ave-eta-canada.com\/no\/\",\"name\":\"VISA CANADA\",\"description\":\"Autorisation Voyage Electronique\",\"potentialAction\":[{\"@type\":\"SearchAction\",\"target\":{\"@type\":\"EntryPoint\",\"urlTemplate\":\"https:\/\/ave-eta-canada.com\/no\/?s={search_term_string}\"},\"query-input\":{\"@type\":\"PropertyValueSpecification\",\"valueRequired\":true,\"valueName\":\"search_term_string\"}}],\"inLanguage\":\"nb-NO\"}]}<\/script>\n<!-- \/ Yoast SEO plugin. -->","yoast_head_json":{"title":"Hva er Canada eTA?","description":"Canada eTA er en elektronisk reiseautorisasjon som lar enkelte reisende reise til Canada uten visum. Oppdag artikkelen v\u00e5r.","robots":{"index":"index","follow":"follow","max-snippet":"max-snippet:-1","max-image-preview":"max-image-preview:large","max-video-preview":"max-video-preview:-1"},"canonical":"https:\/\/ave-eta-canada.com\/no\/hva-er-canada-eta\/","og_locale":"nb_NO","og_type":"article","og_title":"Hva er Canada eTA?","og_description":"Canada eTA er en elektronisk reiseautorisasjon som lar enkelte reisende reise til Canada uten visum. Oppdag artikkelen v\u00e5r.","og_url":"https:\/\/ave-eta-canada.com\/no\/hva-er-canada-eta\/","og_site_name":"VISA CANADA","article_modified_time":"2023-05-01T12:18:05+00:00","twitter_card":"summary_large_image","twitter_misc":{"Ansl. lesetid":"2 minutter"},"schema":{"@context":"https:\/\/schema.org","@graph":[{"@type":"WebPage","@id":"https:\/\/ave-eta-canada.com\/no\/hva-er-canada-eta\/","url":"https:\/\/ave-eta-canada.com\/no\/hva-er-canada-eta\/","name":"Hva er Canada eTA?","isPartOf":{"@id":"https:\/\/ave-eta-canada.com\/no\/#website"},"datePublished":"2023-04-18T14:38:20+00:00","dateModified":"2023-05-01T12:18:05+00:00","description":"Canada eTA er en elektronisk reiseautorisasjon som lar enkelte reisende reise til Canada uten visum. Oppdag artikkelen v\u00e5r.","breadcrumb":{"@id":"https:\/\/ave-eta-canada.com\/no\/hva-er-canada-eta\/#breadcrumb"},"inLanguage":"nb-NO","potentialAction":[{"@type":"ReadAction","target":["https:\/\/ave-eta-canada.com\/no\/hva-er-canada-eta\/"]}]},{"@type":"BreadcrumbList","@id":"https:\/\/ave-eta-canada.com\/no\/hva-er-canada-eta\/#breadcrumb","itemListElement":[{"@type":"ListItem","position":1,"name":"Home","item":"https:\/\/ave-eta-canada.com\/no\/"},{"@type":"ListItem","position":2,"name":"Hva er Canada eTA?"}]},{"@type":"WebSite","@id":"https:\/\/ave-eta-canada.com\/no\/#website","url":"https:\/\/ave-eta-canada.com\/no\/","name":"VISA CANADA","description":"Autorisation Voyage Electronique","potentialAction":[{"@type":"SearchAction","target":{"@type":"EntryPoint","urlTemplate":"https:\/\/ave-eta-canada.com\/no\/?s={search_term_string}"},"query-input":{"@type":"PropertyValueSpecification","valueRequired":true,"valueName":"search_term_string"}}],"inLanguage":"nb-NO"}]}},"_links":{"self":[{"href":"https:\/\/ave-eta-canada.com\/no\/wp-json\/wp\/v2\/pages\/3953","targetHints":{"allow":["GET"]}}],"collection":[{"href":"https:\/\/ave-eta-canada.com\/no\/wp-json\/wp\/v2\/pages"}],"about":[{"href":"https:\/\/ave-eta-canada.com\/no\/wp-json\/wp\/v2\/types\/page"}],"author":[{"embeddable":true,"href":"https:\/\/ave-eta-canada.com\/no\/wp-json\/wp\/v2\/users\/1"}],"replies":[{"embeddable":true,"href":"https:\/\/ave-eta-canada.com\/no\/wp-json\/wp\/v2\/comments?post=3953"}],"version-history":[{"count":0,"href":"https:\/\/ave-eta-canada.com\/no\/wp-json\/wp\/v2\/pages\/3953\/revisions"}],"wp:attachment":[{"href":"https:\/\/ave-eta-canada.com\/no\/wp-json\/wp\/v2\/media?parent=3953"}],"curies":[{"name":"wp","href":"https:\/\/api.w.org\/{rel}","templated":true}]}}