{"id":3961,"date":"2023-04-18T14:38:21","date_gmt":"2023-04-18T14:38:21","guid":{"rendered":"https:\/\/ave-eta-canada.com\/fr\/"},"modified":"2025-06-06T09:06:02","modified_gmt":"2025-06-06T09:06:02","slug":"no","status":"publish","type":"page","link":"https:\/\/ave-eta-canada.com\/no\/","title":{"rendered":"CANADA: Elektronisk reiseautorisasjon"},"content":{"rendered":"\n<h1 class=\"wp-block-heading\">Formaliteter for \u00e5 komme inn i Canada<\/h1>\n\n<p>Electronic Travel Authorization Canada (eTA Canada) er et automatisert reiseautorisasjonssystem for reiser til Canada. Implementeringen av denne elektroniske enheten stammer fra september 2016. Dette obligatoriske sertifikatet, som m\u00e5 innhentes f\u00f8r ditt opphold i Canada, er avgiftsbelagt. Den lar deg reise inn i Canada uten \u00e5 s\u00f8ke om kanadisk visum. Foresp\u00f8rselen om en eTA m\u00e5 gj\u00f8res online og f\u00f8r utstedelse av boardingkortet for Canada.<\/p>\n\n<p><strong>For et opphold p\u00e5 mindre enn 6 m\u00e5neder i Canada<\/strong> : Du kan utf\u00f8re formalitetene for \u00e5 komme inn i Canada direkte via Internett ved \u00e5 klikke p\u00e5 <a href=\"https:\/\/ave-eta-canada.com\/no\/canada-eta-skjema-online\/\">nettskjemaet<\/a>. Det er ikke n\u00f8dvendig \u00e5 f\u00e5 time ved den kanadiske ambassaden eller konsulatet.<\/p>\n\n<div style=\"height:30px\" aria-hidden=\"true\" class=\"wp-block-spacer\"><\/div>\n\n<h2 class=\"wp-block-heading\">Hva brukes Canada eTA til?<\/h2>\n\n<p>Dette elektroniske f\u00f8rreisedokumentet bidrar til \u00e5 forbedre intern sikkerhet ang\u00e5ende flyreiser og sj\u00f8transport til Canada. Som en del av <a href=\"https:\/\/ave-eta-canada.com\/no\/hva-er-canada-eta\/\">ETA-s\u00f8knaden din til Canada<\/a> kan systemet sjekke at du oppfyller kriteriene for \u00e5 bli godkjent p\u00e5 kanadisk jord f\u00f8r du ankommer, ved \u00e5 oppgi opplysningene dine f\u00f8r flyreisen. Tidligere ble denne kontrollen gjort direkte ved grenseposten.<\/p>\n\n<p>Dette er et sp\u00f8rreskjema som skal fylles ut p\u00e5 Internett, og svarene p\u00e5 dette vil avgj\u00f8re om du godtar eTA eller ikke. Sp\u00f8rsm\u00e5lene er enkle og noen ganger overraskende; de er ment \u00e5 forsikre kanadiske myndigheter om at du ikke har noen forbindelse med en terrororganisasjon, at du ikke er kriminell, og s\u00e5 videre. Dette sp\u00f8rreskjemaet erstatter det gr\u00f8nne skjemaet som ble gitt til deg under flyturen.<\/p>\n\n<h2 class=\"wp-block-heading\">eTA enklere \u00e5 f\u00e5 enn visum<\/h2>\n\n<p><a href=\"https:\/\/ave-eta-canada.com\/no\/hva-er-eta-canada\/\">Nytten av eTA<\/a> er bekreftet for sv\u00e6rt spesifikke reiser: turisme, transitt eller en forretningsreise. N\u00e5r du drar til Canada av en av disse grunnene, og reisen er begrenset til maksimalt 6 m\u00e5neder, kan du dra nytte av et enklere system enn det <a href=\"https:\/\/usa-esta.net\/no\/turistvisum-canada\/\">kanadiske turistvisumet<\/a>, takket v\u00e6re eTA. Ikke bare krever reiseautorisasjonsprosessen bare noen f\u00e5 klikk p\u00e5 Internett, men det vil ikke kreve at du betaler hundrevis av dollar, slik det vanligvis er tilfellet med et Canada-visum. ETA er l\u00f8sningen for \u00e5 reise enkelt og billig til Canada.<\/p>\n\n<p>Nedenfor er en illustrasjon av et kanadisk innreisevisum.<\/p>\n\n<figure class=\"wp-block-image size-large\"><img decoding=\"async\" src=\"https:\/\/ave-eta-canada.com\/wp-content\/uploads\/2020\/04\/visa-canada-1-1024x734.png\" alt=\"\" class=\"wp-image-832\"\/><figcaption class=\"wp-element-caption\">Canada visum bilde<\/figcaption><\/figure>\n\n<h2 class=\"wp-block-heading\">Hvordan f\u00e5 tilgang til s\u00f8knadsskjemaet?<\/h2>\n\n<p>Det er enkelt \u00e5 f\u00e5 tilgang til skjemaet. Du fullf\u00f8rer <a href=\"https:\/\/ave-eta-canada.com\/no\/send-en-offisiell-canada-eta-foresporsel\/\">eTA-s\u00f8knaden<\/a> din direkte p\u00e5 Internett og behandlingen er automatisk. Svaret (aksept eller avslag) er nesten umiddelbart, men det anbefales \u00e5 gj\u00f8re foresp\u00f8rselen s\u00e5 snart turen er planlagt.<\/p>\n\n<p>Registreringssiden er p\u00e5 fransk og du vil ha st\u00f8tte og assistanse til enhver tid. I tillegg vil kontaktinformasjonen din og kvitteringen din lagres p\u00e5 siden, noe som kan vise seg nyttig ved tap.<\/p>\n\n<h2 class=\"wp-block-heading\">ETA-autorisasjon i korte trekk<\/h2>\n\n<p>ETA-autorisasjonen er ikke et h\u00e5ndgripelig dokument som et pass. Dette er et svar som finnes p\u00e5 Internett, via din konto opprettet ved s\u00f8knad om eTA. N\u00e5r du sender inn nettskjemaet, behandler datasystemene dine data samt svarene p\u00e5 sp\u00f8rsm\u00e5lene, for \u00e5 avgj\u00f8re om filen din validerer betingelsene for aksept. Derfor m\u00e5 du f\u00f8lge med og selv ta initiativ til \u00e5 bes\u00f8ke nettsiden for \u00e5 se resultatet av s\u00f8ket ditt. Hvis du mottar bekreftelse p\u00e5 reisen til Canada via en eTA, er det ingenting som hindrer deg i \u00e5 skrive ut meldingen, men det er ikke obligatorisk. Kanadiske myndigheter vil kunne se filen din direkte p\u00e5 sine IT-verkt\u00f8y.<\/p>\n\n<h2 class=\"wp-block-heading\">Er det noen fordeler for reisende?<\/h2>\n\n<p>Ja, reisende vinner ogs\u00e5 fordi n\u00e5r de reiser med en <a href=\"https:\/\/ave-eta-canada.com\/no\/visa-eller-eta-canada\/\">eTA trenger de ikke \u00e5 s\u00f8ke om visum<\/a>. Imidlertid m\u00e5 visse vilk\u00e5r v\u00e6re oppfylt. Faktisk m\u00e5 du v\u00e6re en del av et av landene som har signert anerkjennelsen av visumfritaket (som Europa er en del av). Du m\u00e5 bo maksimalt 6 m\u00e5neder p\u00e5 kanadisk territorium; i tillegg er \u00e5rsaken til reisen begrenset: transitt, turist- eller forretningsopphold. I tillegg, som mange land, krever Canada at bes\u00f8kende har et elektronisk eller biometrisk pass i ferd med \u00e5 bli validert. Hvis du oppfyller alle disse forpliktelsene, b\u00f8r turen til Canada g\u00e5 problemfritt takket v\u00e6re eTA. Prisen p\u00e5 eTA samt dens forenklede nettbaserte prosedyre er en reell fordel for reisende som \u00f8nsker \u00e5 reise til kanadisk territorium.<\/p>\n\n<h2 class=\"wp-block-heading\">Hvor lenge er denne foresp\u00f8rselen gyldig?<\/h2>\n\n<p>Etter at du har s\u00f8kt, <a href=\"https:\/\/ave-eta-canada.com\/no\/eta-canada-gyldig-varighet\/\">kan oppholdstillatelsen brukes i fem \u00e5r<\/a> eller til passet ditt utl\u00f8per. p\u00e5 den annen side m\u00e5 varigheten av oppholdet p\u00e5 kanadisk territorium ikke overstige 6 m\u00e5neder. Du kan komme og g\u00e5 p\u00e5 kanadisk territorium flere ganger til de 6 m\u00e5nedene g\u00e5r ut.<\/p>\n\n<h2 class=\"wp-block-heading\">Er det en risiko for \u00e5 bli nektet en eTA?<\/h2>\n\n<p>V\u00e6r trygg, nesten hver foresp\u00f8rsel resulterer i et positivt svar. Avslag p\u00e5 eTA-reiseautorisasjon er forklart med inntastingsfeil, og selvf\u00f8lgelig med manglende overholdelse av vilk\u00e5rene for autorisasjonen (overdreven opphold, utl\u00f8pt pass, etc.). Hvis du samsvarer godt med programmets f\u00e5 forpliktelser, er det ingen tvil om at ditt opphold i Canada kan gj\u00f8res via en eTA. Ta deg tid til \u00e5 sjekke dataene dine f\u00f8r du validerer sendingen av skjemaet, en skrivefeil kan lett skli inn. Ved avslag m\u00e5 du vente 10 dager f\u00f8r du kan sende inn en ny foresp\u00f8rsel.<\/p>\n\n<h2 class=\"wp-block-heading\">Hvordan f\u00e5 et turistvisum til Canada<\/h2>\n\n<p>S\u00f8knaden om et kanadisk turistvisum gj\u00f8res ved det kanadiske konsulatet i opprinnelseslandet ditt. Prosessen med \u00e5 f\u00e5 turistvisum til Canada foreg\u00e5r i flere stadier. i motsetning til prosessen med \u00e5 f\u00e5 et <a href=\"https:\/\/usa-esta.net\/no\/usa-visum\/\">amerikansk visum<\/a>, oppn\u00e5s det kanadiske visumet uten \u00e5 m\u00e5tte best\u00e5 et fysisk intervju ved den kanadiske ambassaden. Hovedtrinnene for det kanadiske turistvisumet er som f\u00f8lger:<\/p>\n\n<ol class=\"wp-block-list\">\n<li>F\u00f8rst av alt m\u00e5 du sjekke at du er kvalifisert for \u00e5 f\u00e5 et Canada turistvisum;<\/li>\n\n\n\n<li>Da m\u00e5 du opprette en bes\u00f8kstilgang p\u00e5 den administrative Internett-portalen til Canada: <a href=\"https:\/\/www.canada.ca\/en\/immigration-refugees-citizenship\/services\/visit-canada\/visitor-visa-application-start.html\">IRCC<\/a> ;<\/li>\n\n\n\n<li>N\u00e5r du er koblet til, m\u00e5 du fylle ut alle dokumentene som kreves for det kanadiske turistvisumet;<\/li>\n\n\n\n<li>N\u00e5r den er fullf\u00f8rt, kan du endelig validere din kanadiske visums\u00f8knad;<\/li>\n\n\n\n<li>Du m\u00e5 da ogs\u00e5 legge ved alle dokumentene som administrasjonen i Canada har bedt om for \u00e5 fullf\u00f8re s\u00f8knaden om turistvisum;<\/li>\n\n\n\n<li>N\u00e5r du har sendt dokumentene knyttet til s\u00f8knaden, er det bare \u00e5 vente p\u00e5 retur av turistvisumbehandlingstjenesten. Visumavdelingen kan kontakte deg for ytterligere informasjon.<\/li>\n\n\n\n<li>N\u00e5r s\u00f8knaden din er akseptert, er alt du trenger \u00e5 gj\u00f8re \u00e5 sende passet ditt for \u00e5 bli stemplet av den offisielle kanadiske visumtjenesten.<\/li>\n<\/ol>\n\n<div style=\"height:20px\" aria-hidden=\"true\" class=\"wp-block-spacer\"><\/div>\n\n<h2 class=\"wp-block-heading\">Kan jeg forlenge oppholdet mitt med en eTA Canada-tillatelse?<\/h2>\n\n<p>Selv om et eTA Canada gir rett til et f\u00f8rste opphold p\u00e5 opptil seks m\u00e5neder p\u00e5 kanadisk jord, er det noen ganger mulig \u00e5 f\u00e5 forlenget oppholdet. For \u00e5 gj\u00f8re dette m\u00e5 du sende inn en spesifikk s\u00f8knad til kanadiske myndigheter f\u00f8r det f\u00f8rste oppholdet ditt utl\u00f8per. Denne prosessen utf\u00f8res direkte p\u00e5 nettet p\u00e5 <a href=\"https:\/\/www.canada.ca\/en\/immigration-refugees-citizenship\/services\/application\/account.html\">IRCC-portalen<\/a> og krever at du oppgir gyldige grunner og bevis for \u00e5 rettferdiggj\u00f8re foresp\u00f8rselen din (familiemessige, profesjonelle, medisinske grunner osv.). Det er derfor viktig \u00e5 planlegge denne prosessen i god tid.   <\/p>\n\n<h2 class=\"wp-block-heading\">Hva gj\u00f8r du hvis passet ditt g\u00e5r ut f\u00f8r du har tillatelse til \u00e5 reise?<\/h2>\n\n<p>Hvis passet ditt utl\u00f8per f\u00f8r reisetillatelsens gyldighetstid (5 \u00e5r), m\u00e5 du s\u00f8ke om en ny tillatelse p\u00e5 nettet s\u00e5 snart du mottar det nye passet ditt. Dette skyldes at den elektroniske tillatelsen er direkte knyttet til passnummeret som ble brukt ved den f\u00f8rste s\u00f8knaden. Enhver endring eller bytte av pass krever derfor en ny autorisasjon for \u00e5 unng\u00e5 at du blir nektet ombordstigning eller f\u00e5r problemer ved grensen.  <\/p>\n\n<h2 class=\"wp-block-heading\">ETA Canada for mindre\u00e5rige<\/h2>\n\n<p>Hvis du reiser med mindre\u00e5rige barn, er det viktig \u00e5 vite at hvert barn m\u00e5 ha sin egen reisetillatelse. Det m\u00e5 fylles ut en individuell fullmakt p\u00e5 nettet for hvert barn, selv om de har med seg begge foreldrene eller foresatte. I tillegg anbefaler kanadiske myndigheter p\u00e5 det sterkeste at voksne som reiser alene med et mindre\u00e5rig barn, har et brev med foreldretillatelse som er signert av den andre forelderen eller den frav\u00e6rende vergen, for \u00e5 unng\u00e5 eventuelle blokkeringer ved grensen.  <\/p>\n\n<h2 class=\"wp-block-heading\">Ikke glem formalitetene for \u00e5 reise til Storbritannia<\/h2>\n\n<p>Hvis du ogs\u00e5 planlegger \u00e5 <a href=\"https:\/\/uk-gb.net\/en\/\">bes\u00f8ke Storbritannia<\/a>, b\u00f8r du vite at landet nylig har innf\u00f8rt sitt eget system for elektronisk reisetillatelse. I likhet med den kanadiske elektroniske reisetillatelsen er den britiske ETA-en en elektronisk forh\u00e5ndstillatelse f\u00f8r reisen. Systemet er innf\u00f8rt for \u00e5 forenkle <a href=\"https:\/\/uk-gb.net\/en\/visa-united-kingdom\/\">innreiseformalitetene til Storbritannia<\/a> og for \u00e5 styrke sikkerhetskontrollene. Dette sertifikatet vil v\u00e6re obligatorisk for visumfrie bes\u00f8kende som \u00f8nsker \u00e5 oppholde seg kort tid i Storbritannia. S\u00e5 husk \u00e5 fullf\u00f8re de britiske formalitetene p\u00e5 nettet f\u00f8r du reiser, slik at du unng\u00e5r ubehagelige overraskelser n\u00e5r du ankommer Storbritannia.    <\/p>\n","protected":false},"excerpt":{"rendered":"<p>Formaliteter for \u00e5 komme inn i Canada Electronic Travel Authorization Canada (eTA Canada) er et automatisert reiseautorisasjonssystem for reiser til Canada. Implementeringen av denne elektroniske enheten stammer fra september 2016. Dette obligatoriske sertifikatet, som m\u00e5 innhentes f\u00f8r ditt opphold i Canada, er avgiftsbelagt. Den lar deg reise inn i Canada uten \u00e5 s\u00f8ke om kanadisk [&hellip;]<\/p>\n","protected":false},"author":1,"featured_media":0,"parent":0,"menu_order":0,"comment_status":"closed","ping_status":"closed","template":"","meta":{"footnotes":""},"class_list":["post-3961","page","type-page","status-publish","hentry"],"yoast_head":"<!-- This site is optimized with the Yoast SEO plugin v26.9 - https:\/\/yoast.com\/product\/yoast-seo-wordpress\/ -->\n<title>CANADA: Elektronisk reiseautorisasjon<\/title>\n<meta name=\"description\" content=\"All informasjon om eTA Canada, det elektroniske sertifikatet for innreise til kanadisk territorium\" \/>\n<meta name=\"robots\" content=\"index, follow, max-snippet:-1, max-image-preview:large, max-video-preview:-1\" \/>\n<link rel=\"canonical\" href=\"https:\/\/ave-eta-canada.com\/no\/\" \/>\n<meta property=\"og:locale\" content=\"nb_NO\" \/>\n<meta property=\"og:type\" content=\"article\" \/>\n<meta property=\"og:title\" content=\"CANADA: Elektronisk reiseautorisasjon\" \/>\n<meta property=\"og:description\" content=\"All informasjon om eTA Canada, det elektroniske sertifikatet for innreise til kanadisk territorium\" \/>\n<meta property=\"og:url\" content=\"https:\/\/ave-eta-canada.com\/no\/\" \/>\n<meta property=\"og:site_name\" content=\"VISA CANADA\" \/>\n<meta property=\"article:modified_time\" content=\"2025-06-06T09:06:02+00:00\" \/>\n<meta property=\"og:image\" content=\"https:\/\/ave-eta-canada.com\/wp-content\/uploads\/2020\/04\/visa-canada-1.webp\" \/>\n\t<meta property=\"og:image:width\" content=\"1920\" \/>\n\t<meta property=\"og:image:height\" content=\"1376\" \/>\n\t<meta property=\"og:image:type\" content=\"image\/webp\" \/>\n<meta name=\"twitter:card\" content=\"summary_large_image\" \/>\n<meta name=\"twitter:label1\" content=\"Ansl. lesetid\" \/>\n\t<meta name=\"twitter:data1\" content=\"7 minutter\" \/>\n<script type=\"application\/ld+json\" class=\"yoast-schema-graph\">{\"@context\":\"https:\/\/schema.org\",\"@graph\":[{\"@type\":\"WebPage\",\"@id\":\"https:\/\/ave-eta-canada.com\/no\/\",\"url\":\"https:\/\/ave-eta-canada.com\/no\/\",\"name\":\"CANADA: Elektronisk reiseautorisasjon\",\"isPartOf\":{\"@id\":\"https:\/\/ave-eta-canada.com\/no\/#website\"},\"primaryImageOfPage\":{\"@id\":\"https:\/\/ave-eta-canada.com\/no\/#primaryimage\"},\"image\":{\"@id\":\"https:\/\/ave-eta-canada.com\/no\/#primaryimage\"},\"thumbnailUrl\":\"https:\/\/ave-eta-canada.com\/wp-content\/uploads\/2020\/04\/visa-canada-1-1024x734.png\",\"datePublished\":\"2023-04-18T14:38:21+00:00\",\"dateModified\":\"2025-06-06T09:06:02+00:00\",\"description\":\"All informasjon om eTA Canada, det elektroniske sertifikatet for innreise til kanadisk territorium\",\"breadcrumb\":{\"@id\":\"https:\/\/ave-eta-canada.com\/no\/#breadcrumb\"},\"inLanguage\":\"nb-NO\",\"potentialAction\":[{\"@type\":\"ReadAction\",\"target\":[\"https:\/\/ave-eta-canada.com\/no\/\"]}]},{\"@type\":\"ImageObject\",\"inLanguage\":\"nb-NO\",\"@id\":\"https:\/\/ave-eta-canada.com\/no\/#primaryimage\",\"url\":\"https:\/\/ave-eta-canada.com\/wp-content\/uploads\/2020\/04\/visa-canada-1-1024x734.png\",\"contentUrl\":\"https:\/\/ave-eta-canada.com\/wp-content\/uploads\/2020\/04\/visa-canada-1-1024x734.png\"},{\"@type\":\"BreadcrumbList\",\"@id\":\"https:\/\/ave-eta-canada.com\/no\/#breadcrumb\",\"itemListElement\":[{\"@type\":\"ListItem\",\"position\":1,\"name\":\"Home\",\"item\":\"https:\/\/ave-eta-canada.com\/no\/\"},{\"@type\":\"ListItem\",\"position\":2,\"name\":\"CANADA: Elektronisk reiseautorisasjon\"}]},{\"@type\":\"WebSite\",\"@id\":\"https:\/\/ave-eta-canada.com\/no\/#website\",\"url\":\"https:\/\/ave-eta-canada.com\/no\/\",\"name\":\"VISA CANADA\",\"description\":\"Autorisation Voyage Electronique\",\"potentialAction\":[{\"@type\":\"SearchAction\",\"target\":{\"@type\":\"EntryPoint\",\"urlTemplate\":\"https:\/\/ave-eta-canada.com\/no\/?s={search_term_string}\"},\"query-input\":{\"@type\":\"PropertyValueSpecification\",\"valueRequired\":true,\"valueName\":\"search_term_string\"}}],\"inLanguage\":\"nb-NO\"}]}<\/script>\n<!-- \/ Yoast SEO plugin. -->","yoast_head_json":{"title":"CANADA: Elektronisk reiseautorisasjon","description":"All informasjon om eTA Canada, det elektroniske sertifikatet for innreise til kanadisk territorium","robots":{"index":"index","follow":"follow","max-snippet":"max-snippet:-1","max-image-preview":"max-image-preview:large","max-video-preview":"max-video-preview:-1"},"canonical":"https:\/\/ave-eta-canada.com\/no\/","og_locale":"nb_NO","og_type":"article","og_title":"CANADA: Elektronisk reiseautorisasjon","og_description":"All informasjon om eTA Canada, det elektroniske sertifikatet for innreise til kanadisk territorium","og_url":"https:\/\/ave-eta-canada.com\/no\/","og_site_name":"VISA CANADA","article_modified_time":"2025-06-06T09:06:02+00:00","og_image":[{"width":1920,"height":1376,"url":"https:\/\/ave-eta-canada.com\/wp-content\/uploads\/2020\/04\/visa-canada-1.webp","type":"image\/webp"}],"twitter_card":"summary_large_image","twitter_misc":{"Ansl. lesetid":"7 minutter"},"schema":{"@context":"https:\/\/schema.org","@graph":[{"@type":"WebPage","@id":"https:\/\/ave-eta-canada.com\/no\/","url":"https:\/\/ave-eta-canada.com\/no\/","name":"CANADA: Elektronisk reiseautorisasjon","isPartOf":{"@id":"https:\/\/ave-eta-canada.com\/no\/#website"},"primaryImageOfPage":{"@id":"https:\/\/ave-eta-canada.com\/no\/#primaryimage"},"image":{"@id":"https:\/\/ave-eta-canada.com\/no\/#primaryimage"},"thumbnailUrl":"https:\/\/ave-eta-canada.com\/wp-content\/uploads\/2020\/04\/visa-canada-1-1024x734.png","datePublished":"2023-04-18T14:38:21+00:00","dateModified":"2025-06-06T09:06:02+00:00","description":"All informasjon om eTA Canada, det elektroniske sertifikatet for innreise til kanadisk territorium","breadcrumb":{"@id":"https:\/\/ave-eta-canada.com\/no\/#breadcrumb"},"inLanguage":"nb-NO","potentialAction":[{"@type":"ReadAction","target":["https:\/\/ave-eta-canada.com\/no\/"]}]},{"@type":"ImageObject","inLanguage":"nb-NO","@id":"https:\/\/ave-eta-canada.com\/no\/#primaryimage","url":"https:\/\/ave-eta-canada.com\/wp-content\/uploads\/2020\/04\/visa-canada-1-1024x734.png","contentUrl":"https:\/\/ave-eta-canada.com\/wp-content\/uploads\/2020\/04\/visa-canada-1-1024x734.png"},{"@type":"BreadcrumbList","@id":"https:\/\/ave-eta-canada.com\/no\/#breadcrumb","itemListElement":[{"@type":"ListItem","position":1,"name":"Home","item":"https:\/\/ave-eta-canada.com\/no\/"},{"@type":"ListItem","position":2,"name":"CANADA: Elektronisk reiseautorisasjon"}]},{"@type":"WebSite","@id":"https:\/\/ave-eta-canada.com\/no\/#website","url":"https:\/\/ave-eta-canada.com\/no\/","name":"VISA CANADA","description":"Autorisation Voyage Electronique","potentialAction":[{"@type":"SearchAction","target":{"@type":"EntryPoint","urlTemplate":"https:\/\/ave-eta-canada.com\/no\/?s={search_term_string}"},"query-input":{"@type":"PropertyValueSpecification","valueRequired":true,"valueName":"search_term_string"}}],"inLanguage":"nb-NO"}]}},"_links":{"self":[{"href":"https:\/\/ave-eta-canada.com\/no\/wp-json\/wp\/v2\/pages\/3961","targetHints":{"allow":["GET"]}}],"collection":[{"href":"https:\/\/ave-eta-canada.com\/no\/wp-json\/wp\/v2\/pages"}],"about":[{"href":"https:\/\/ave-eta-canada.com\/no\/wp-json\/wp\/v2\/types\/page"}],"author":[{"embeddable":true,"href":"https:\/\/ave-eta-canada.com\/no\/wp-json\/wp\/v2\/users\/1"}],"replies":[{"embeddable":true,"href":"https:\/\/ave-eta-canada.com\/no\/wp-json\/wp\/v2\/comments?post=3961"}],"version-history":[{"count":7,"href":"https:\/\/ave-eta-canada.com\/no\/wp-json\/wp\/v2\/pages\/3961\/revisions"}],"predecessor-version":[{"id":6136,"href":"https:\/\/ave-eta-canada.com\/no\/wp-json\/wp\/v2\/pages\/3961\/revisions\/6136"}],"wp:attachment":[{"href":"https:\/\/ave-eta-canada.com\/no\/wp-json\/wp\/v2\/media?parent=3961"}],"curies":[{"name":"wp","href":"https:\/\/api.w.org\/{rel}","templated":true}]}}