{"id":3964,"date":"2023-04-18T14:38:21","date_gmt":"2023-04-18T14:38:21","guid":{"rendered":"https:\/\/ave-eta-canada.com\/alt-vet-om-dave-applikasjonen-for-canada\/"},"modified":"2023-05-01T13:38:11","modified_gmt":"2023-05-01T13:38:11","slug":"alt-om-a-soke-om-en-eta-for-canada","status":"publish","type":"page","link":"https:\/\/ave-eta-canada.com\/no\/alt-om-a-soke-om-en-eta-for-canada\/","title":{"rendered":"Alt om \u00e5 s\u00f8ke om en eTA for Canada"},"content":{"rendered":"\n<h1 class=\"wp-block-heading\">Canadas eTA-applikasjon<\/h1>\n\n<p>eTA Electronic Travel Authorization minner om den amerikanske ESTA. Ethvert opphold i Canada er underlagt en reisetillatelse (eTA) eller et kanadisk visum. <\/p>\n\n<p><strong>For et opphold p\u00e5 mindre enn 6 m\u00e5neder i Canada<\/strong> : Du kan utf\u00f8re formalitetene for \u00e5 komme inn i Canada direkte via Internett ved \u00e5 klikke p\u00e5 <a href=\"https:\/\/ave-eta-canada.com\/no\/canada-eta-skjema-online\/\">nettskjemaet<\/a>. Det er ikke n\u00f8dvendig \u00e5 f\u00e5 time ved den kanadiske ambassaden eller konsulatet.<\/p>\n\n<p>Vi forklarer nedenfor hvem som har rett til \u00e5 s\u00f8ke om en eTA Canada og hvordan du g\u00e5r frem for \u00e5 f\u00e5 den.<br\/><\/p>\n\n<h2 class=\"wp-block-heading\">Hvem kan s\u00f8ke om en Canada eTA?<\/h2>\n\n<p>For \u00e5 kunne <a href=\"https:\/\/ave-eta-canada.com\/no\/\">s\u00f8ke om Canada eTA<\/a> m\u00e5 den reisende v\u00e6re statsborger i et av landene som er fritatt fra visumkravet. Landene som er ber\u00f8rt av dette unntaket er:<\/p>\n\n<p>Tyskland, Andorra, Australia, \u00d8sterrike, Bahamas, Barbados, Belgia, Brasil*, Brunei Darussalam, Bulgaria*, Chile, Kypros, Kroatia, Danmark, De forente arabiske emirater, Spania, Estland, Finland, Frankrike, Storbritannia, Hellas, Ungarn, Hong Kong, Salomon\u00f8yene, Irland, Island, Israel, Italia, Japan, Latvia, Liechtenstein, Litauen, Luxembourg, Malta, Mexico, Monaco, Norge, New Zealand, Papua Ny-Guinea, Nederland, Polen, Portugal, Republikken Korea, Tsjekkia Republikken, Romania, San Marino, Samoa, Singapore, Slovakia, Slovenia, Sverige, Sveits, Taiwan og Vatikanet. (*under visse betingelser)<\/p>\n\n<p>Bare reiser til Canada med fly er underlagt <a href=\"https:\/\/ave-eta-canada.com\/no\/er-canada-eta-obligatorisk\/\">obligatorisk innhenting av en eTA<\/a>, som inkluderer transitt. Canada eTA er ikke anerkjent for reiser til lands og til sj\u00f8s. <\/p>\n\n<p>Kanadiske visuminnehavere er heller ikke p\u00e5lagt \u00e5 s\u00f8ke om en Canada eTA. Dette er ogs\u00e5 tilfelle for franske statsborgere som bor i Saint-Pierre-et-Miquelon, hvis de kommer inn p\u00e5 kanadisk territorium, med fly, direkte fra Saint-Pierre-et-Miquelon.<\/p>\n\n<p>For \u00e5 kunne s\u00f8ke om Canada eTA m\u00e5 den reisende ha et gyldig pass. Canada krever ikke et biometrisk pass for en eTA Canada-s\u00f8knad, men det anbefales \u00e5 ha en gjenv\u00e6rende gyldighetsperiode p\u00e5 minst 6 m\u00e5neder.<\/p>\n\n<p>For \u00e5 g\u00e5 inn i rammen av eTA Canada, m\u00e5 oppholdet v\u00e6re for en periode p\u00e5 mindre enn 6 m\u00e5neder maksimalt og kan kun v\u00e6re turist eller forretningsreise. Transportbillett kan kreves n\u00e5r du g\u00e5r gjennom tollen. For et mindre\u00e5rig barn blir det bedt om \u00e5 fremvise en f\u00f8dselsattest og ethvert annet dokument som forklarer barnets familiesituasjon (fullmaktsbrev fra forelderen som ikke reiser med barnet, en kopi av forvaringsordren ved skilsmisse, etc. ).<br\/><br\/><\/p>\n\n<h2 class=\"wp-block-heading\">Hvordan s\u00f8ke om en eTA Canada?<\/h2>\n\n<p>Canada eTA-s\u00f8knaden gj\u00f8res gjennom et online skjema tilgjengelig p\u00e5 den offisielle kanadiske regjeringens nettsted eller via et privat nettsted. Det er forel\u00f8pig ikke mulig \u00e5 komme med gruppeforesp\u00f8rsler.<\/p>\n\n<p><a href=\"https:\/\/ave-eta-canada.com\/no\/nar-skal-man-soke-om-eta-autorisasjon-for-canada\/\">N\u00e5r skal man s\u00f8ke om eTA<\/a> ? Det er viktig \u00e5 s\u00f8ke om autorisasjon flere dager f\u00f8r avreise (vi anbefaler deg \u00e5 lese siden v\u00e5r om tiden som kreves for \u00e5 f\u00e5 Canada eTA). Det anbefales imidlertid \u00e5 fortsette med denne prosessen s\u00e5 snart som mulig for \u00e5 unng\u00e5 skuffelse. Ingen grunn til \u00e5 m\u00f8te opp p\u00e5 flyplassen uten denne reisetillatelsen, fordi selskapene har plikt til \u00e5 forby ombordstigning. Selv om du f\u00e5r tilgang til flyet, vil ikke immigrasjonsoffiserer ved den kanadiske grensen tillate deg \u00e5 bo p\u00e5 kanadisk jord uten gyldig autorisasjon, eTA eller visum.<\/p>\n\n<p>For \u00e5 <a href=\"https:\/\/ave-eta-canada.com\/no\/fyll-ut-av-skjemaet-for-canada\/\">fylle ut Canada eTA-s\u00f8knadsskjemaet<\/a> m\u00e5 du ha passet ditt og et betalingskort. eTA belastes CAN$7. Skjemaet begynner med \u00e5 avgj\u00f8re om foresp\u00f8rselen er gjort av den reisende selv eller om den er gjort for en annen person.<\/p>\n\n<p>Informasjonen som skal gis gjelder f\u00f8rst og fremst passet: passnummer, etternavn og fornavn som skrevet p\u00e5 dokumentet, f\u00f8dselsdato, kj\u00f8nn, f\u00f8dested, utstedelsesdato og utl\u00f8psdato. Den andre delen av skjemaet viser til personopplysninger: dobbelt nasjonalitet, familiesituasjon, tidligere s\u00f8knad om reisetillatelse for Canada, yrkessituasjon, postadresse, gyldig e-postadresse. Dette etterf\u00f8lges av informasjon om ditt opphold i Canada og spesielt datoene. Den siste delen av skjemaet viser til din bakgrunn: innreiseforbud, straffbart forhold, sykehistorie med vekt p\u00e5 tuberkulose mv.<\/p>\n\n<p>Ditt elektroniske skjema er validert ved \u00e5 godta vilk\u00e5rene og betalingen av administrasjonsgebyrene.<\/p>\n\n<p>Etter en eTA Canada-foresp\u00f8rsel sender IRCC (Immigration, Refugees and Citizenship Canada) en mottaksbekreftelse elektronisk. I de aller fleste tilfeller sendes godkjenningen (eller avslaget) nesten samtidig. Det er imidlertid mulig at en foresp\u00f8rsel kan ta lengre tid og at ytterligere st\u00f8ttedokumenter kan bli bedt om av kanadiske myndigheter. Ved avslag er det n\u00f8dvendig \u00e5 henvende seg til en visums\u00f8knad hos den kanadiske ambassaden. Prosedyrene for \u00e5 f\u00e5 visum er mer komplekse, lengre og dyrere.<\/p>\n\n<p>eTA-autorisasjonen er gyldig i 5 \u00e5r fra utstedelsesdatoen eller til passets utl\u00f8p dersom det siste utl\u00f8per tidligere. eTA er dermed iboende knyttet til passet; enhver endring (nytt pass eller endring av dataene) inneb\u00e6rer en ny foresp\u00f8rsel. Det er mulig \u00e5 <a href=\"https:\/\/ave-eta-canada.com\/no\/hvordan-sjekke-statusen-til-din-eta-canada-applikasjon\/\">sjekke statusen til autorisasjonen<\/a> direkte p\u00e5 den kanadiske regjeringens nettsted.<\/p>\n","protected":false},"excerpt":{"rendered":"<p>Canadas eTA-applikasjon eTA Electronic Travel Authorization minner om den amerikanske ESTA. Ethvert opphold i Canada er underlagt en reisetillatelse (eTA) eller et kanadisk visum. For et opphold p\u00e5 mindre enn 6 m\u00e5neder i Canada : Du kan utf\u00f8re formalitetene for \u00e5 komme inn i Canada direkte via Internett ved \u00e5 klikke p\u00e5 nettskjemaet. Det er [&hellip;]<\/p>\n","protected":false},"author":1,"featured_media":0,"parent":0,"menu_order":0,"comment_status":"closed","ping_status":"closed","template":"","meta":{"footnotes":""},"class_list":["post-3964","page","type-page","status-publish","hentry"],"yoast_head":"<!-- This site is optimized with the Yoast SEO plugin v26.9 - https:\/\/yoast.com\/product\/yoast-seo-wordpress\/ -->\n<title>Alt om \u00e5 s\u00f8ke om en eTA for Canada<\/title>\n<meta name=\"description\" content=\"Her finner du all informasjon knyttet til Canadas eTA-s\u00f8knad: hvem har rett til \u00e5 s\u00f8ke om eTA, n\u00e5r du skal s\u00f8ke og hvordan du g\u00e5r frem.\" \/>\n<meta name=\"robots\" content=\"index, follow, max-snippet:-1, max-image-preview:large, max-video-preview:-1\" \/>\n<link rel=\"canonical\" href=\"https:\/\/ave-eta-canada.com\/no\/alt-om-a-soke-om-en-eta-for-canada\/\" \/>\n<meta property=\"og:locale\" content=\"nb_NO\" \/>\n<meta property=\"og:type\" content=\"article\" \/>\n<meta property=\"og:title\" content=\"Alt om \u00e5 s\u00f8ke om en eTA for Canada\" \/>\n<meta property=\"og:description\" content=\"Her finner du all informasjon knyttet til Canadas eTA-s\u00f8knad: hvem har rett til \u00e5 s\u00f8ke om eTA, n\u00e5r du skal s\u00f8ke og hvordan du g\u00e5r frem.\" \/>\n<meta property=\"og:url\" content=\"https:\/\/ave-eta-canada.com\/no\/alt-om-a-soke-om-en-eta-for-canada\/\" \/>\n<meta property=\"og:site_name\" content=\"VISA CANADA\" \/>\n<meta property=\"article:modified_time\" content=\"2023-05-01T13:38:11+00:00\" \/>\n<meta name=\"twitter:card\" content=\"summary_large_image\" \/>\n<meta name=\"twitter:label1\" content=\"Ansl. lesetid\" \/>\n\t<meta name=\"twitter:data1\" content=\"4 minutter\" \/>\n<script type=\"application\/ld+json\" class=\"yoast-schema-graph\">{\"@context\":\"https:\/\/schema.org\",\"@graph\":[{\"@type\":\"WebPage\",\"@id\":\"https:\/\/ave-eta-canada.com\/no\/alt-om-a-soke-om-en-eta-for-canada\/\",\"url\":\"https:\/\/ave-eta-canada.com\/no\/alt-om-a-soke-om-en-eta-for-canada\/\",\"name\":\"Alt om \u00e5 s\u00f8ke om en eTA for Canada\",\"isPartOf\":{\"@id\":\"https:\/\/ave-eta-canada.com\/no\/#website\"},\"datePublished\":\"2023-04-18T14:38:21+00:00\",\"dateModified\":\"2023-05-01T13:38:11+00:00\",\"description\":\"Her finner du all informasjon knyttet til Canadas eTA-s\u00f8knad: hvem har rett til \u00e5 s\u00f8ke om eTA, n\u00e5r du skal s\u00f8ke og hvordan du g\u00e5r frem.\",\"breadcrumb\":{\"@id\":\"https:\/\/ave-eta-canada.com\/no\/alt-om-a-soke-om-en-eta-for-canada\/#breadcrumb\"},\"inLanguage\":\"nb-NO\",\"potentialAction\":[{\"@type\":\"ReadAction\",\"target\":[\"https:\/\/ave-eta-canada.com\/no\/alt-om-a-soke-om-en-eta-for-canada\/\"]}]},{\"@type\":\"BreadcrumbList\",\"@id\":\"https:\/\/ave-eta-canada.com\/no\/alt-om-a-soke-om-en-eta-for-canada\/#breadcrumb\",\"itemListElement\":[{\"@type\":\"ListItem\",\"position\":1,\"name\":\"Home\",\"item\":\"https:\/\/ave-eta-canada.com\/no\/\"},{\"@type\":\"ListItem\",\"position\":2,\"name\":\"Alt om \u00e5 s\u00f8ke om en eTA for Canada\"}]},{\"@type\":\"WebSite\",\"@id\":\"https:\/\/ave-eta-canada.com\/no\/#website\",\"url\":\"https:\/\/ave-eta-canada.com\/no\/\",\"name\":\"VISA CANADA\",\"description\":\"Autorisation Voyage Electronique\",\"potentialAction\":[{\"@type\":\"SearchAction\",\"target\":{\"@type\":\"EntryPoint\",\"urlTemplate\":\"https:\/\/ave-eta-canada.com\/no\/?s={search_term_string}\"},\"query-input\":{\"@type\":\"PropertyValueSpecification\",\"valueRequired\":true,\"valueName\":\"search_term_string\"}}],\"inLanguage\":\"nb-NO\"}]}<\/script>\n<!-- \/ Yoast SEO plugin. -->","yoast_head_json":{"title":"Alt om \u00e5 s\u00f8ke om en eTA for Canada","description":"Her finner du all informasjon knyttet til Canadas eTA-s\u00f8knad: hvem har rett til \u00e5 s\u00f8ke om eTA, n\u00e5r du skal s\u00f8ke og hvordan du g\u00e5r frem.","robots":{"index":"index","follow":"follow","max-snippet":"max-snippet:-1","max-image-preview":"max-image-preview:large","max-video-preview":"max-video-preview:-1"},"canonical":"https:\/\/ave-eta-canada.com\/no\/alt-om-a-soke-om-en-eta-for-canada\/","og_locale":"nb_NO","og_type":"article","og_title":"Alt om \u00e5 s\u00f8ke om en eTA for Canada","og_description":"Her finner du all informasjon knyttet til Canadas eTA-s\u00f8knad: hvem har rett til \u00e5 s\u00f8ke om eTA, n\u00e5r du skal s\u00f8ke og hvordan du g\u00e5r frem.","og_url":"https:\/\/ave-eta-canada.com\/no\/alt-om-a-soke-om-en-eta-for-canada\/","og_site_name":"VISA CANADA","article_modified_time":"2023-05-01T13:38:11+00:00","twitter_card":"summary_large_image","twitter_misc":{"Ansl. lesetid":"4 minutter"},"schema":{"@context":"https:\/\/schema.org","@graph":[{"@type":"WebPage","@id":"https:\/\/ave-eta-canada.com\/no\/alt-om-a-soke-om-en-eta-for-canada\/","url":"https:\/\/ave-eta-canada.com\/no\/alt-om-a-soke-om-en-eta-for-canada\/","name":"Alt om \u00e5 s\u00f8ke om en eTA for Canada","isPartOf":{"@id":"https:\/\/ave-eta-canada.com\/no\/#website"},"datePublished":"2023-04-18T14:38:21+00:00","dateModified":"2023-05-01T13:38:11+00:00","description":"Her finner du all informasjon knyttet til Canadas eTA-s\u00f8knad: hvem har rett til \u00e5 s\u00f8ke om eTA, n\u00e5r du skal s\u00f8ke og hvordan du g\u00e5r frem.","breadcrumb":{"@id":"https:\/\/ave-eta-canada.com\/no\/alt-om-a-soke-om-en-eta-for-canada\/#breadcrumb"},"inLanguage":"nb-NO","potentialAction":[{"@type":"ReadAction","target":["https:\/\/ave-eta-canada.com\/no\/alt-om-a-soke-om-en-eta-for-canada\/"]}]},{"@type":"BreadcrumbList","@id":"https:\/\/ave-eta-canada.com\/no\/alt-om-a-soke-om-en-eta-for-canada\/#breadcrumb","itemListElement":[{"@type":"ListItem","position":1,"name":"Home","item":"https:\/\/ave-eta-canada.com\/no\/"},{"@type":"ListItem","position":2,"name":"Alt om \u00e5 s\u00f8ke om en eTA for Canada"}]},{"@type":"WebSite","@id":"https:\/\/ave-eta-canada.com\/no\/#website","url":"https:\/\/ave-eta-canada.com\/no\/","name":"VISA CANADA","description":"Autorisation Voyage Electronique","potentialAction":[{"@type":"SearchAction","target":{"@type":"EntryPoint","urlTemplate":"https:\/\/ave-eta-canada.com\/no\/?s={search_term_string}"},"query-input":{"@type":"PropertyValueSpecification","valueRequired":true,"valueName":"search_term_string"}}],"inLanguage":"nb-NO"}]}},"_links":{"self":[{"href":"https:\/\/ave-eta-canada.com\/no\/wp-json\/wp\/v2\/pages\/3964","targetHints":{"allow":["GET"]}}],"collection":[{"href":"https:\/\/ave-eta-canada.com\/no\/wp-json\/wp\/v2\/pages"}],"about":[{"href":"https:\/\/ave-eta-canada.com\/no\/wp-json\/wp\/v2\/types\/page"}],"author":[{"embeddable":true,"href":"https:\/\/ave-eta-canada.com\/no\/wp-json\/wp\/v2\/users\/1"}],"replies":[{"embeddable":true,"href":"https:\/\/ave-eta-canada.com\/no\/wp-json\/wp\/v2\/comments?post=3964"}],"version-history":[{"count":0,"href":"https:\/\/ave-eta-canada.com\/no\/wp-json\/wp\/v2\/pages\/3964\/revisions"}],"wp:attachment":[{"href":"https:\/\/ave-eta-canada.com\/no\/wp-json\/wp\/v2\/media?parent=3964"}],"curies":[{"name":"wp","href":"https:\/\/api.w.org\/{rel}","templated":true}]}}