{"id":3980,"date":"2023-04-18T14:38:24","date_gmt":"2023-04-18T14:38:24","guid":{"rendered":"https:\/\/ave-eta-canada.com\/fyll-ut-av-skjemaet-for-canada\/"},"modified":"2023-05-01T13:25:12","modified_gmt":"2023-05-01T13:25:12","slug":"fyll-ut-av-skjemaet-for-canada","status":"publish","type":"page","link":"https:\/\/ave-eta-canada.com\/no\/fyll-ut-av-skjemaet-for-canada\/","title":{"rendered":"Fyll ut eTA-skjemaet for Canada"},"content":{"rendered":"\n<h1 class=\"wp-block-heading\">Hvordan fylle ut eTA-skjemaet for Canada?<\/h1>\n\n<p>For \u00e5 reise til Canada er det ikke lenger n\u00f8dvendig \u00e5 f\u00e5 et kanadisk visum. Alt du trenger \u00e5 gj\u00f8re er \u00e5 f\u00e5 en elektronisk reiseautorisasjon eTA via Internett. <\/p>\n\n<p><strong>For et opphold p\u00e5 mindre enn 6 m\u00e5neder i Canada<\/strong> : Du kan utf\u00f8re formalitetene for \u00e5 komme inn i Canada direkte via Internett ved \u00e5 klikke p\u00e5 <a href=\"https:\/\/ave-eta-canada.com\/no\/canada-eta-skjema-online\/\">nettskjemaet<\/a>. Det er ikke n\u00f8dvendig \u00e5 f\u00e5 time ved den kanadiske ambassaden eller konsulatet.<\/p>\n\n<p>For \u00e5 s\u00f8ke m\u00e5 du fylle ut eTA-skjemaet for Canada p\u00e5 riktig m\u00e5te. Det er f\u00f8rst og fremst viktig \u00e5 finne ut om du kan dra nytte av denne enheten, og for det andre \u00e5 vite hvordan du fyller ut eTA-s\u00f8knadsskjemaet for reisen til Canada.<br\/><\/p>\n\n<h2 class=\"wp-block-heading\">Kan du fylle ut det elektroniske reiseautorisasjonsskjemaet for Canada?<\/h2>\n\n<p>Den kanadiske regjeringen har implementert et <a href=\"https:\/\/ave-eta-canada.com\/no\/er-et-visum-nodvendig-for-a-ga-til-canada\/\">visumfritaksprogram<\/a>. Dette er et elektronisk reiseautorisasjonsskjema som tar sikte p\u00e5 \u00e5 lette de administrative prosedyrene for reisende som \u00f8nsker \u00e5 bes\u00f8ke Canada. Dette passet tillater ikke utvandring til Canada, heller ikke for \u00e5 studere eller jobbe der, det lar deg rett og slett bo der uten \u00e5 m\u00e5tte s\u00f8ke om visum for et turistopphold eller en forretningsreise. For \u00e5 oppdage livet i Canada med eTA, m\u00e5 du oppfylle visse kriterier:<\/p>\n\n<ul class=\"wp-block-list\"><li>bare statsborgere fra medlemslandene i dette systemet er kvalifisert (du kan enkelt finne listen over ber\u00f8rte land p\u00e5 Internett);<\/li><li>oppholdet m\u00e5 v\u00e6re midlertidig, det vil si mindre enn 6 m\u00e5neder;<\/li><li>ankomst p\u00e5 kanadisk territorium m\u00e5 v\u00e6re med fly;<\/li><li>passet ditt m\u00e5 v\u00e6re gyldig, med en anbefalt gjenst\u00e5ende gyldighetsperiode p\u00e5 6 m\u00e5neder.<br\/><br\/><\/li><\/ul>\n\n<h2 class=\"wp-block-heading\">Fyll ut eTA-s\u00f8knadsskjemaet for Canada<\/h2>\n\n<p><a href=\"https:\/\/ave-eta-canada.com\/no\/nyhetene-angaende-eta\/\">eTA-s\u00f8knadsskjemaet for Canada<\/a> finnes ikke i papirformat. Dermed m\u00e5 reisende fylle ut nettskjemaet som er delt inn i flere deler.<\/p>\n\n<p>Du blir bedt om mye personlig informasjon om jobben din, adresse, datoene for reisen (valgfri informasjon), helsetilstand og kriminell historie. S\u00f8rg for \u00e5 svare p\u00e5 sp\u00f8rsm\u00e5lene p\u00e5 <a href=\"https:\/\/ave-eta-canada.com\/no\/send-en-offisiell-canada-eta-foresporsel\/\">Canada eTA-s\u00f8knadsskjemaet<\/a> \u00e6rlig, riktig og fremfor alt veldig n\u00f8ye, for hvis du gj\u00f8r en feil, kan det hende du ikke mottar autorisasjonen.<\/p>\n\n<p>Du blir bedt om \u00e5 signere skjemaet elektronisk ved \u00e5 skrive inn navnet ditt. For \u00e5 fullf\u00f8re ditt eTA-s\u00f8knadsskjema for Canada, m\u00e5 du betale summen av 7 kanadiske dollar.<\/p>\n\n<p>Foresp\u00f8rselen kan gj\u00f8res p\u00e5 den offisielle nettsiden til den kanadiske regjeringen eller p\u00e5 en av de private nettstedene som tilbyr \u00e5 fullf\u00f8re denne foresp\u00f8rselen for deg. Foresp\u00f8rselen er forenklet og derfor raskere.<br\/><br\/><\/p>\n\n<h2 class=\"wp-block-heading\">Motta Canada eTA etter \u00e5 ha fylt ut skjemaet<\/h2>\n\n<p>N\u00e5r det gjelder <a href=\"https:\/\/ave-eta-canada.com\/no\/hva-er-fristen-for-a-fa-canada-eta\/\">innhenting av eTA<\/a>, mottar du en retur direkte elektronisk til e-postadressen oppgitt under foresp\u00f8rselen. De kanadiske myndighetene vil sende deg 2 e-poster: den f\u00f8rste er en bekreftelse p\u00e5 mottak av foresp\u00f8rselen din, den andre er svaret p\u00e5 den.<\/p>\n\n<p>Merk at den elektroniske reiseautorisasjonen for Canada er gyldig i fem \u00e5r (med mindre du endrer pass i mellomtiden), noe som lar deg fornye reisen for \u00e5 oppdage andre regioner eller gjenoppdage steder du har satt pris p\u00e5.<\/p>\n\n<p>Vi h\u00e5per at v\u00e5re tips for \u00e5 fylle ut <a href=\"https:\/\/ave-eta-canada.com\/no\/\">eTA-s\u00f8knadsskjemaet<\/a> for Canada har hjulpet deg.<\/p>\n","protected":false},"excerpt":{"rendered":"<p>Hvordan fylle ut eTA-skjemaet for Canada? For \u00e5 reise til Canada er det ikke lenger n\u00f8dvendig \u00e5 f\u00e5 et kanadisk visum. Alt du trenger \u00e5 gj\u00f8re er \u00e5 f\u00e5 en elektronisk reiseautorisasjon eTA via Internett. For et opphold p\u00e5 mindre enn 6 m\u00e5neder i Canada : Du kan utf\u00f8re formalitetene for \u00e5 komme inn i [&hellip;]<\/p>\n","protected":false},"author":1,"featured_media":0,"parent":0,"menu_order":0,"comment_status":"closed","ping_status":"closed","template":"","meta":{"footnotes":""},"class_list":["post-3980","page","type-page","status-publish","hentry"],"yoast_head":"<!-- This site is optimized with the Yoast SEO plugin v26.9 - https:\/\/yoast.com\/product\/yoast-seo-wordpress\/ -->\n<title>Fyll ut eTA-skjemaet for Canada<\/title>\n<meta name=\"description\" content=\"Vil du reise til Canada neste gang? V\u00e5rt team av eksperter forklarer hvordan du s\u00f8ker og fyller ut Canada eTA-skjemaet riktig!\" \/>\n<meta name=\"robots\" content=\"index, follow, max-snippet:-1, max-image-preview:large, max-video-preview:-1\" \/>\n<link rel=\"canonical\" href=\"https:\/\/ave-eta-canada.com\/no\/fyll-ut-av-skjemaet-for-canada\/\" \/>\n<meta property=\"og:locale\" content=\"nb_NO\" \/>\n<meta property=\"og:type\" content=\"article\" \/>\n<meta property=\"og:title\" content=\"Fyll ut eTA-skjemaet for Canada\" \/>\n<meta property=\"og:description\" content=\"Vil du reise til Canada neste gang? V\u00e5rt team av eksperter forklarer hvordan du s\u00f8ker og fyller ut Canada eTA-skjemaet riktig!\" \/>\n<meta property=\"og:url\" content=\"https:\/\/ave-eta-canada.com\/no\/fyll-ut-av-skjemaet-for-canada\/\" \/>\n<meta property=\"og:site_name\" content=\"VISA CANADA\" \/>\n<meta property=\"article:modified_time\" content=\"2023-05-01T13:25:12+00:00\" \/>\n<meta name=\"twitter:card\" content=\"summary_large_image\" \/>\n<meta name=\"twitter:label1\" content=\"Ansl. lesetid\" \/>\n\t<meta name=\"twitter:data1\" content=\"3 minutter\" \/>\n<script type=\"application\/ld+json\" class=\"yoast-schema-graph\">{\"@context\":\"https:\/\/schema.org\",\"@graph\":[{\"@type\":\"WebPage\",\"@id\":\"https:\/\/ave-eta-canada.com\/no\/fyll-ut-av-skjemaet-for-canada\/\",\"url\":\"https:\/\/ave-eta-canada.com\/no\/fyll-ut-av-skjemaet-for-canada\/\",\"name\":\"Fyll ut eTA-skjemaet for Canada\",\"isPartOf\":{\"@id\":\"https:\/\/ave-eta-canada.com\/no\/#website\"},\"datePublished\":\"2023-04-18T14:38:24+00:00\",\"dateModified\":\"2023-05-01T13:25:12+00:00\",\"description\":\"Vil du reise til Canada neste gang? V\u00e5rt team av eksperter forklarer hvordan du s\u00f8ker og fyller ut Canada eTA-skjemaet riktig!\",\"breadcrumb\":{\"@id\":\"https:\/\/ave-eta-canada.com\/no\/fyll-ut-av-skjemaet-for-canada\/#breadcrumb\"},\"inLanguage\":\"nb-NO\",\"potentialAction\":[{\"@type\":\"ReadAction\",\"target\":[\"https:\/\/ave-eta-canada.com\/no\/fyll-ut-av-skjemaet-for-canada\/\"]}]},{\"@type\":\"BreadcrumbList\",\"@id\":\"https:\/\/ave-eta-canada.com\/no\/fyll-ut-av-skjemaet-for-canada\/#breadcrumb\",\"itemListElement\":[{\"@type\":\"ListItem\",\"position\":1,\"name\":\"Home\",\"item\":\"https:\/\/ave-eta-canada.com\/no\/\"},{\"@type\":\"ListItem\",\"position\":2,\"name\":\"Fyll ut eTA-skjemaet for Canada\"}]},{\"@type\":\"WebSite\",\"@id\":\"https:\/\/ave-eta-canada.com\/no\/#website\",\"url\":\"https:\/\/ave-eta-canada.com\/no\/\",\"name\":\"VISA CANADA\",\"description\":\"Autorisation Voyage Electronique\",\"potentialAction\":[{\"@type\":\"SearchAction\",\"target\":{\"@type\":\"EntryPoint\",\"urlTemplate\":\"https:\/\/ave-eta-canada.com\/no\/?s={search_term_string}\"},\"query-input\":{\"@type\":\"PropertyValueSpecification\",\"valueRequired\":true,\"valueName\":\"search_term_string\"}}],\"inLanguage\":\"nb-NO\"}]}<\/script>\n<!-- \/ Yoast SEO plugin. -->","yoast_head_json":{"title":"Fyll ut eTA-skjemaet for Canada","description":"Vil du reise til Canada neste gang? V\u00e5rt team av eksperter forklarer hvordan du s\u00f8ker og fyller ut Canada eTA-skjemaet riktig!","robots":{"index":"index","follow":"follow","max-snippet":"max-snippet:-1","max-image-preview":"max-image-preview:large","max-video-preview":"max-video-preview:-1"},"canonical":"https:\/\/ave-eta-canada.com\/no\/fyll-ut-av-skjemaet-for-canada\/","og_locale":"nb_NO","og_type":"article","og_title":"Fyll ut eTA-skjemaet for Canada","og_description":"Vil du reise til Canada neste gang? V\u00e5rt team av eksperter forklarer hvordan du s\u00f8ker og fyller ut Canada eTA-skjemaet riktig!","og_url":"https:\/\/ave-eta-canada.com\/no\/fyll-ut-av-skjemaet-for-canada\/","og_site_name":"VISA CANADA","article_modified_time":"2023-05-01T13:25:12+00:00","twitter_card":"summary_large_image","twitter_misc":{"Ansl. lesetid":"3 minutter"},"schema":{"@context":"https:\/\/schema.org","@graph":[{"@type":"WebPage","@id":"https:\/\/ave-eta-canada.com\/no\/fyll-ut-av-skjemaet-for-canada\/","url":"https:\/\/ave-eta-canada.com\/no\/fyll-ut-av-skjemaet-for-canada\/","name":"Fyll ut eTA-skjemaet for Canada","isPartOf":{"@id":"https:\/\/ave-eta-canada.com\/no\/#website"},"datePublished":"2023-04-18T14:38:24+00:00","dateModified":"2023-05-01T13:25:12+00:00","description":"Vil du reise til Canada neste gang? V\u00e5rt team av eksperter forklarer hvordan du s\u00f8ker og fyller ut Canada eTA-skjemaet riktig!","breadcrumb":{"@id":"https:\/\/ave-eta-canada.com\/no\/fyll-ut-av-skjemaet-for-canada\/#breadcrumb"},"inLanguage":"nb-NO","potentialAction":[{"@type":"ReadAction","target":["https:\/\/ave-eta-canada.com\/no\/fyll-ut-av-skjemaet-for-canada\/"]}]},{"@type":"BreadcrumbList","@id":"https:\/\/ave-eta-canada.com\/no\/fyll-ut-av-skjemaet-for-canada\/#breadcrumb","itemListElement":[{"@type":"ListItem","position":1,"name":"Home","item":"https:\/\/ave-eta-canada.com\/no\/"},{"@type":"ListItem","position":2,"name":"Fyll ut eTA-skjemaet for Canada"}]},{"@type":"WebSite","@id":"https:\/\/ave-eta-canada.com\/no\/#website","url":"https:\/\/ave-eta-canada.com\/no\/","name":"VISA CANADA","description":"Autorisation Voyage Electronique","potentialAction":[{"@type":"SearchAction","target":{"@type":"EntryPoint","urlTemplate":"https:\/\/ave-eta-canada.com\/no\/?s={search_term_string}"},"query-input":{"@type":"PropertyValueSpecification","valueRequired":true,"valueName":"search_term_string"}}],"inLanguage":"nb-NO"}]}},"_links":{"self":[{"href":"https:\/\/ave-eta-canada.com\/no\/wp-json\/wp\/v2\/pages\/3980","targetHints":{"allow":["GET"]}}],"collection":[{"href":"https:\/\/ave-eta-canada.com\/no\/wp-json\/wp\/v2\/pages"}],"about":[{"href":"https:\/\/ave-eta-canada.com\/no\/wp-json\/wp\/v2\/types\/page"}],"author":[{"embeddable":true,"href":"https:\/\/ave-eta-canada.com\/no\/wp-json\/wp\/v2\/users\/1"}],"replies":[{"embeddable":true,"href":"https:\/\/ave-eta-canada.com\/no\/wp-json\/wp\/v2\/comments?post=3980"}],"version-history":[{"count":0,"href":"https:\/\/ave-eta-canada.com\/no\/wp-json\/wp\/v2\/pages\/3980\/revisions"}],"wp:attachment":[{"href":"https:\/\/ave-eta-canada.com\/no\/wp-json\/wp\/v2\/media?parent=3980"}],"curies":[{"name":"wp","href":"https:\/\/api.w.org\/{rel}","templated":true}]}}