{"id":3992,"date":"2023-04-18T14:38:27","date_gmt":"2023-04-18T14:38:27","guid":{"rendered":"https:\/\/ave-eta-canada.com\/offisiell-nettstedet-ave-canada\/"},"modified":"2023-05-01T13:32:38","modified_gmt":"2023-05-01T13:32:38","slug":"eta-canada-offisielle-nettsted","status":"publish","type":"page","link":"https:\/\/ave-eta-canada.com\/no\/eta-canada-offisielle-nettsted\/","title":{"rendered":"eTA Canada offisielle nettsted"},"content":{"rendered":"\n<h1 class=\"wp-block-heading\">Presentasjon av det offisielle nettstedet til eTA Canada<\/h1>\n\n<p>For \u00e5 reise til Canada kreves det oppholdstillatelse. Avhengig av arten av oppholdet og opprinnelseslandet, m\u00e5 foresp\u00f8rselen v\u00e6re om et kanadisk visum eller en eTA elektronisk reiseautorisasjon. <\/p>\n\n<p><strong>For et opphold p\u00e5 mindre enn 6 m\u00e5neder i Canada<\/strong> : Du kan utf\u00f8re formalitetene for \u00e5 komme inn i Canada direkte via Internett ved \u00e5 klikke p\u00e5 <a href=\"https:\/\/ave-eta-canada.com\/no\/canada-eta-skjema-online\/\">nettskjemaet<\/a> . Det er ikke n\u00f8dvendig \u00e5 f\u00e5 time ved den kanadiske ambassaden eller konsulatet. <\/p>\n\n<p>S\u00f8knaden om elektronisk reiseautorisasjon kan bare gj\u00f8res p\u00e5 Internett p\u00e5 den offisielle nettsiden til eTA Canada. Vi presenterer for deg eTA Canada-nettstedet satt opp av den kanadiske regjeringen.<\/p>\n\n<h2 class=\"wp-block-heading\">Informasjonen finnes p\u00e5 den offisielle nettsiden til eTA Canada<\/h2>\n\n<p>Den offisielle eTA Canada-nettsiden er enkel \u00e5 bruke og oversiktlig. Dessverre er ikke all informasjon lett \u00e5 finne.<\/p>\n\n<p>For \u00e5 finne <a href=\"https:\/\/ave-eta-canada.com\/no\/\">Canada eTA-s\u00f8knadssiden<\/a>, g\u00e5 til regjeringen i Canadas nettsted og velg delen for immigrasjon og statsborgerskap; eTA-s\u00f8knaden er under ansvar av IRCC (Immigration, Refugees and Citizenship Canada). Siden tilbyr deg \u00e5 sjekke om du trenger visum eller eTA ved \u00e5 svare p\u00e5 et enkelt sp\u00f8rsm\u00e5l ang\u00e5ende nasjonalitet.<\/p>\n\n<p>F\u00f8r du f\u00e5r tilgang til <a href=\"https:\/\/ave-eta-canada.com\/no\/send-en-offisiell-canada-eta-foresporsel\/\">eTA s\u00f8knadsskjema<\/a> Canada, en oversikt over prosessen presenteres for deg i 5 trinn: dokumentene som skal forberedes f\u00f8r du fyller ut skjemaet, skjemaet som skal fylles ut, betaling av s\u00f8knadsgebyret p\u00e5 CAN$7, svaret p\u00e5 e-post og muligens ytterligere st\u00f8tte. dokumenter. En hjelp, i form av PDF, kan ogs\u00e5 konsulteres, og dette, p\u00e5 18 spr\u00e5k. Denne hjelpen beskriver hvordan du fyller ut nettskjemaet. Ved sp\u00f8rsm\u00e5l, klikk p\u00e5 <a href=\"https:\/\/ave-eta-canada.com\/no\/faq-eta-canada-svarene-pa-dine-sporsmal\/\">FAQ<\/a> lenken<\/p>\n\n<p>Den offisielle eTA Canada-nettsiden introduserer kort hva eTA er p\u00e5 siden &laquo;vit hva en elektronisk reiseautorisasjon&raquo;. Vi leser der at eTA-autorisasjonen er et innreisekrav beregnet for statsborgere i land som er fritatt fra visumplikten (listen over land som drar nytte av visumfritaket er tilgjengelig p\u00e5 siden &laquo;opptakskrav i henhold til land eller territorium&raquo;, en lenke er tilstede p\u00e5 siden). Merk at norske statsborgere er kvalifisert. eTA kreves bare for ankomster med internasjonale flyvninger, inkludert transitt gjennom kanadisk territorium. Det er elektronisk knyttet til passet (v\u00e6r derfor forsiktig ved nytt pass eller endring av informasjonen som finnes) og har en maksimal gyldighetstid p\u00e5 5 \u00e5r. I l\u00f8pet av de 5 gyldighets\u00e5rene er antall opphold ikke begrenset, men de kan ikke overstige 6 m\u00e5neder. eTA garanterer ikke innreise til kanadisk territorium, denne avgj\u00f8relsen er opp til grensetjenestevakten. Agenten studerer reisedokumentene (pass, eTA, utreisebillett, bevis for mindre\u00e5rige osv.) for \u00e5 ta avgj\u00f8relsen. Du kan ogs\u00e5 bli stilt noen sp\u00f8rsm\u00e5l.<br\/><\/p>\n\n<h2 class=\"wp-block-heading\">S\u00f8k p\u00e5 nettstedet til eTA Canada<\/h2>\n\n<p>eTA-s\u00f8knaden kan bare gj\u00f8res p\u00e5 regjeringens eTA Canada-nettsted. Du st\u00e5r imidlertid fritt til \u00e5 gj\u00f8re foresp\u00f8rselen selv eller g\u00e5 gjennom en privat plattform, slik at et team av fagfolk gj\u00f8r foresp\u00f8rselen p\u00e5 dine vegne. Du trenger ikke \u00e5 g\u00e5 til den kanadiske ambassaden, sistnevnte er ikke i stand til \u00e5 hjelpe deg i denne prosessen.<\/p>\n\n<p>S\u00f8knadsskjemaet p\u00e5 nettsiden til eTA Canada kan fylles ut av den reisende selv eller av en tredjepart, dette er det f\u00f8rste sp\u00f8rsm\u00e5let som stilles. Det er ikke mulig \u00e5 lage en gruppeforesp\u00f8rsel, s\u00e5 hver foresp\u00f8rsel m\u00e5 legges inn og betales individuelt.<\/p>\n\n<p>Hvis en person fyller ut skjemaet p\u00e5 vegne av en tredjepart, m\u00e5 de presentere seg selv, angi sitt forhold til den reisende og oppgi sine personlige opplysninger.<\/p>\n\n<p>For \u00e5 fylle ut skjemaet er det viktig \u00e5 ta med passet (eller s\u00f8kerens) og betalingskort. Det kreves gyldig pass, en <a href=\"https:\/\/ave-eta-canada.com\/no\/eta-canada-gyldig-varighet\/\">gyldighetstid<\/a> p\u00e5 6 m\u00e5neder anbefales. Skjemaet er delt inn i 3 deler:<\/p>\n\n<ul class=\"wp-block-list\"><li>dataene p\u00e5 passet: passnummer (m\u00e5 angis to ganger for \u00e5 unng\u00e5 skrivefeil), etternavn og fornavn til innehaveren, f\u00f8dselsdato og f\u00f8dselssted, kj\u00f8nn, utstedelsesdato og utl\u00f8psdato;<\/li><li>personlig informasjon: all dobbelt nasjonalitet, sivilstatus, eventuelle tidligere visum eller eTA-s\u00f8knader, ansettelse (yrke, navn p\u00e5 arbeidsgiver og adresse), postadresse og e-postadresse (oppgis to ganger);<\/li><li>bakgrunnen: eventuelle innreiseforbud p\u00e5 kanadisk territorium (eller andre land), juridisk og medisinsk historie.<\/li><\/ul>\n\n<p>En del av skjemaet er reservert for din ankomstdato i Canada. Dette sp\u00f8rsm\u00e5let er imidlertid valgfritt, fordi det er fullt mulig \u00e5 bestille en eTA uten et spesifikt prosjekt.<\/p>\n\n<p>For \u00e5 validere eTA-s\u00f8knadsskjemaet m\u00e5 s\u00f8keren signere et samtykke og betale <a href=\"https:\/\/ave-eta-canada.com\/no\/eta-canada-dens-pris\/\">eTA-avgiften<\/a>.<br\/><\/p>\n\n<h2 class=\"wp-block-heading\">Behandling av Canadas eTA-s\u00f8knad<\/h2>\n\n<p>N\u00e5r foresp\u00f8rselen er gjort p\u00e5 den offisielle nettsiden til eTA Canada, vil du motta en mottaksbekreftelse p\u00e5 e-post. Det er godt mulig du f\u00e5r det endelige svaret samtidig. Svaret kan da v\u00e6re positivt (godkjenning av eTA-foresp\u00f8rselen) eller negativ. Ved avslag p\u00e5 autorisasjon er det alltid mulig for deg \u00e5 s\u00f8ke om visum eller <a href=\"https:\/\/pvtistes.net\/le-pvt\/canada\/\">WHP<\/a> i n\u00e6rheten av den kanadiske ambassaden. V\u00e6r n\u00f8ye med \u00e5 ha et biometrisk (eller elektronisk) pass for denne foresp\u00f8rselen.<\/p>\n\n<p>Det kan hende at foresp\u00f8rselen er under behandling, det vil si at du f\u00e5r et endelig svar innen f\u00e5 dager eller at kanadiske myndigheter kontakter deg p\u00e5 e-post for \u00e5 f\u00e5 mer informasjon. Hvis dette er tilfelle, er prosedyren som skal f\u00f8lges detaljert i kontakt-e-posten.<\/p>\n\n<p>Reisetillatelsen m\u00e5 innhentes, p\u00e5 den offisielle eTA Canada-siden eller en privat side, f\u00f8r du drar, for uten den er du ikke tillatt p\u00e5 kanadisk jord. Du kan ikke engang g\u00e5 ombord for ditt opphold i Canada, da flyselskapene er forpliktet til \u00e5 bekrefte dataene dine.<\/p>\n","protected":false},"excerpt":{"rendered":"<p>Presentasjon av det offisielle nettstedet til eTA Canada For \u00e5 reise til Canada kreves det oppholdstillatelse. Avhengig av arten av oppholdet og opprinnelseslandet, m\u00e5 foresp\u00f8rselen v\u00e6re om et kanadisk visum eller en eTA elektronisk reiseautorisasjon. For et opphold p\u00e5 mindre enn 6 m\u00e5neder i Canada : Du kan utf\u00f8re formalitetene for \u00e5 komme inn i [&hellip;]<\/p>\n","protected":false},"author":1,"featured_media":0,"parent":0,"menu_order":0,"comment_status":"closed","ping_status":"closed","template":"","meta":{"footnotes":""},"class_list":["post-3992","page","type-page","status-publish","hentry"],"yoast_head":"<!-- This site is optimized with the Yoast SEO plugin v26.9 - https:\/\/yoast.com\/product\/yoast-seo-wordpress\/ -->\n<title>eTA Canada offisielle nettsted<\/title>\n<meta name=\"description\" content=\"Presentasjon av den kanadiske regjeringens offisielle eTA-nettsted for \u00e5 f\u00e5 den elektroniske reiseautorisasjonen som er n\u00f8dvendig for \u00e5 reise til Canada.\" \/>\n<meta name=\"robots\" content=\"index, follow, max-snippet:-1, max-image-preview:large, max-video-preview:-1\" \/>\n<link rel=\"canonical\" href=\"https:\/\/ave-eta-canada.com\/no\/eta-canada-offisielle-nettsted\/\" \/>\n<meta property=\"og:locale\" content=\"nb_NO\" \/>\n<meta property=\"og:type\" content=\"article\" \/>\n<meta property=\"og:title\" content=\"eTA Canada offisielle nettsted\" \/>\n<meta property=\"og:description\" content=\"Presentasjon av den kanadiske regjeringens offisielle eTA-nettsted for \u00e5 f\u00e5 den elektroniske reiseautorisasjonen som er n\u00f8dvendig for \u00e5 reise til Canada.\" \/>\n<meta property=\"og:url\" content=\"https:\/\/ave-eta-canada.com\/no\/eta-canada-offisielle-nettsted\/\" \/>\n<meta property=\"og:site_name\" content=\"VISA CANADA\" \/>\n<meta property=\"article:modified_time\" content=\"2023-05-01T13:32:38+00:00\" \/>\n<meta name=\"twitter:card\" content=\"summary_large_image\" \/>\n<meta name=\"twitter:label1\" content=\"Ansl. lesetid\" \/>\n\t<meta name=\"twitter:data1\" content=\"4 minutter\" \/>\n<script type=\"application\/ld+json\" class=\"yoast-schema-graph\">{\"@context\":\"https:\/\/schema.org\",\"@graph\":[{\"@type\":\"WebPage\",\"@id\":\"https:\/\/ave-eta-canada.com\/no\/eta-canada-offisielle-nettsted\/\",\"url\":\"https:\/\/ave-eta-canada.com\/no\/eta-canada-offisielle-nettsted\/\",\"name\":\"eTA Canada offisielle nettsted\",\"isPartOf\":{\"@id\":\"https:\/\/ave-eta-canada.com\/no\/#website\"},\"datePublished\":\"2023-04-18T14:38:27+00:00\",\"dateModified\":\"2023-05-01T13:32:38+00:00\",\"description\":\"Presentasjon av den kanadiske regjeringens offisielle eTA-nettsted for \u00e5 f\u00e5 den elektroniske reiseautorisasjonen som er n\u00f8dvendig for \u00e5 reise til Canada.\",\"breadcrumb\":{\"@id\":\"https:\/\/ave-eta-canada.com\/no\/eta-canada-offisielle-nettsted\/#breadcrumb\"},\"inLanguage\":\"nb-NO\",\"potentialAction\":[{\"@type\":\"ReadAction\",\"target\":[\"https:\/\/ave-eta-canada.com\/no\/eta-canada-offisielle-nettsted\/\"]}]},{\"@type\":\"BreadcrumbList\",\"@id\":\"https:\/\/ave-eta-canada.com\/no\/eta-canada-offisielle-nettsted\/#breadcrumb\",\"itemListElement\":[{\"@type\":\"ListItem\",\"position\":1,\"name\":\"Home\",\"item\":\"https:\/\/ave-eta-canada.com\/no\/\"},{\"@type\":\"ListItem\",\"position\":2,\"name\":\"eTA Canada offisielle nettsted\"}]},{\"@type\":\"WebSite\",\"@id\":\"https:\/\/ave-eta-canada.com\/no\/#website\",\"url\":\"https:\/\/ave-eta-canada.com\/no\/\",\"name\":\"VISA CANADA\",\"description\":\"Autorisation Voyage Electronique\",\"potentialAction\":[{\"@type\":\"SearchAction\",\"target\":{\"@type\":\"EntryPoint\",\"urlTemplate\":\"https:\/\/ave-eta-canada.com\/no\/?s={search_term_string}\"},\"query-input\":{\"@type\":\"PropertyValueSpecification\",\"valueRequired\":true,\"valueName\":\"search_term_string\"}}],\"inLanguage\":\"nb-NO\"}]}<\/script>\n<!-- \/ Yoast SEO plugin. -->","yoast_head_json":{"title":"eTA Canada offisielle nettsted","description":"Presentasjon av den kanadiske regjeringens offisielle eTA-nettsted for \u00e5 f\u00e5 den elektroniske reiseautorisasjonen som er n\u00f8dvendig for \u00e5 reise til Canada.","robots":{"index":"index","follow":"follow","max-snippet":"max-snippet:-1","max-image-preview":"max-image-preview:large","max-video-preview":"max-video-preview:-1"},"canonical":"https:\/\/ave-eta-canada.com\/no\/eta-canada-offisielle-nettsted\/","og_locale":"nb_NO","og_type":"article","og_title":"eTA Canada offisielle nettsted","og_description":"Presentasjon av den kanadiske regjeringens offisielle eTA-nettsted for \u00e5 f\u00e5 den elektroniske reiseautorisasjonen som er n\u00f8dvendig for \u00e5 reise til Canada.","og_url":"https:\/\/ave-eta-canada.com\/no\/eta-canada-offisielle-nettsted\/","og_site_name":"VISA CANADA","article_modified_time":"2023-05-01T13:32:38+00:00","twitter_card":"summary_large_image","twitter_misc":{"Ansl. lesetid":"4 minutter"},"schema":{"@context":"https:\/\/schema.org","@graph":[{"@type":"WebPage","@id":"https:\/\/ave-eta-canada.com\/no\/eta-canada-offisielle-nettsted\/","url":"https:\/\/ave-eta-canada.com\/no\/eta-canada-offisielle-nettsted\/","name":"eTA Canada offisielle nettsted","isPartOf":{"@id":"https:\/\/ave-eta-canada.com\/no\/#website"},"datePublished":"2023-04-18T14:38:27+00:00","dateModified":"2023-05-01T13:32:38+00:00","description":"Presentasjon av den kanadiske regjeringens offisielle eTA-nettsted for \u00e5 f\u00e5 den elektroniske reiseautorisasjonen som er n\u00f8dvendig for \u00e5 reise til Canada.","breadcrumb":{"@id":"https:\/\/ave-eta-canada.com\/no\/eta-canada-offisielle-nettsted\/#breadcrumb"},"inLanguage":"nb-NO","potentialAction":[{"@type":"ReadAction","target":["https:\/\/ave-eta-canada.com\/no\/eta-canada-offisielle-nettsted\/"]}]},{"@type":"BreadcrumbList","@id":"https:\/\/ave-eta-canada.com\/no\/eta-canada-offisielle-nettsted\/#breadcrumb","itemListElement":[{"@type":"ListItem","position":1,"name":"Home","item":"https:\/\/ave-eta-canada.com\/no\/"},{"@type":"ListItem","position":2,"name":"eTA Canada offisielle nettsted"}]},{"@type":"WebSite","@id":"https:\/\/ave-eta-canada.com\/no\/#website","url":"https:\/\/ave-eta-canada.com\/no\/","name":"VISA CANADA","description":"Autorisation Voyage Electronique","potentialAction":[{"@type":"SearchAction","target":{"@type":"EntryPoint","urlTemplate":"https:\/\/ave-eta-canada.com\/no\/?s={search_term_string}"},"query-input":{"@type":"PropertyValueSpecification","valueRequired":true,"valueName":"search_term_string"}}],"inLanguage":"nb-NO"}]}},"_links":{"self":[{"href":"https:\/\/ave-eta-canada.com\/no\/wp-json\/wp\/v2\/pages\/3992","targetHints":{"allow":["GET"]}}],"collection":[{"href":"https:\/\/ave-eta-canada.com\/no\/wp-json\/wp\/v2\/pages"}],"about":[{"href":"https:\/\/ave-eta-canada.com\/no\/wp-json\/wp\/v2\/types\/page"}],"author":[{"embeddable":true,"href":"https:\/\/ave-eta-canada.com\/no\/wp-json\/wp\/v2\/users\/1"}],"replies":[{"embeddable":true,"href":"https:\/\/ave-eta-canada.com\/no\/wp-json\/wp\/v2\/comments?post=3992"}],"version-history":[{"count":0,"href":"https:\/\/ave-eta-canada.com\/no\/wp-json\/wp\/v2\/pages\/3992\/revisions"}],"wp:attachment":[{"href":"https:\/\/ave-eta-canada.com\/no\/wp-json\/wp\/v2\/media?parent=3992"}],"curies":[{"name":"wp","href":"https:\/\/api.w.org\/{rel}","templated":true}]}}